{"id":39325,"date":"2024-05-12T19:56:32","date_gmt":"2024-05-12T17:56:32","guid":{"rendered":"https:\/\/dutchmicrodosing.com\/shop\/non%20class\u00e9\/set-ampoule-culture-hawaienne\/"},"modified":"2025-09-02T10:09:22","modified_gmt":"2025-09-02T08:09:22","slug":"set-ampoule-culture-hawaienne","status":"publish","type":"product","link":"https:\/\/dutchmicrodosing.com\/fr\/magique-champignon-spores\/seringues-de-culture-liquide\/set-ampoule-culture-hawaienne\/","title":{"rendered":"Hawa\u00efen &#8211; Culture Ampoule Set"},"content":{"rendered":"<p>L&rsquo;<strong>ampoule de culture hawa\u00efenne<\/strong> est un outil qui vous permet d&rsquo;inoculer facilement votre propre substrat avec des cultures de champignons magiques \u00e0 la maison. Par rapport aux m\u00e9thodes traditionnelles telles que les empreintes et les seringues \u00e0 spores, l&rsquo;ampoule de culture offre moins de risques de contamination et plus de chances de r\u00e9colter des champignons avec succ\u00e8s. L&rsquo;ampoule contient d\u00e9j\u00e0 une culture de champignons pr\u00eate \u00e0 l&#8217;emploi, que vous pouvez injecter directement dans votre substrat. En suivant simplement les instructions fournies, vous pouvez vous attendre \u00e0 une bonne r\u00e9colte de champignons. Ce produit rend la culture des champignons \u00e0 domicile plus accessible et plus fiable.<\/p>\n<h2>Suivez les instructions pour une r\u00e9colte r\u00e9ussie !<\/h2>\n<ol>\n<li>Lavez-vous soigneusement les mains et nettoyez l&rsquo;ext\u00e9rieur de l&rsquo;ampoule de culture avec un chiffon propre et humide.<\/li>\n<li>Nous vous recommandons d&rsquo;utiliser un chiffon imbib\u00e9 d&rsquo;alcool pour \u00e9liminer les bact\u00e9ries.<\/li>\n<li>La seringue incluse est emball\u00e9e de fa\u00e7on st\u00e9rile. Veillez \u00e0 ce qu&rsquo;il ne soit pas contamin\u00e9 et ouvrez-le dans un environnement propre.<\/li>\n<li>Desserrez l\u00e9g\u00e8rement le bouchon de l&rsquo;ampoule de culture afin qu&rsquo;il n&rsquo;y ait pas de vide pendant le remplissage de la seringue.<\/li>\n<li>Ins\u00e9rez l&rsquo;aiguille dans le joint en caoutchouc et remplissez la seringue.<\/li>\n<li>L&rsquo;aiguille est maintenant pr\u00eate et la culture peut \u00eatre inject\u00e9e dans le substrat souhait\u00e9. Cultivez-les \u00e0 temp\u00e9rature ambiante. En quelques jours, le myc\u00e9lium devient visible.<\/li>\n<\/ol>\n<h2>Copelandia Champignons hawa\u00efens Champignons les plus forts :<\/h2>\n<p>Le champignon Copelandia (Panaeolus cyanescens ou Copelandia cyanescens) est beaucoup plus puissant que la plupart des Psilocybe, comme le c\u00e9l\u00e8bre Psilocybe cubensis. Voici une comparaison de leur puissance relative :<\/p>\n<h3>Comparaison de l&rsquo;activit\u00e9<\/h3>\n<ol>\n<li><strong>Champignons Copelandia (Panaeolus Cyanescens)<\/strong>\n<ul>\n<li><strong>Puissance :<\/strong> Les champignons Copelandia sont connus pour leur teneur \u00e9lev\u00e9e en psilocybine et en psilocine. Elles peuvent \u00eatre jusqu&rsquo;\u00e0<strong> 4-5 fois plus puissantes que Psilocybe cubensis<\/strong>. Cela signifie qu&rsquo;une plus petite quantit\u00e9 est n\u00e9cessaire pour obtenir une exp\u00e9rience psych\u00e9d\u00e9lique similaire.<\/li>\n<li><strong>Dosage :<\/strong> Une dose l\u00e9g\u00e8re peut commencer d\u00e8s 0,5 gramme de champignons s\u00e9ch\u00e9s, tandis qu&rsquo;une dose moyenne se situe autour de 1 \u00e0 2 grammes. Pour une exp\u00e9rience forte, 2 \u00e0 3 grammes de Copelandia s\u00e9ch\u00e9 peuvent suffire.<\/li>\n<\/ul>\n<\/li>\n<li><strong>Champignons Psilocybe (Psilocybe Cubensis)<\/strong>\n<ul>\n<li><strong>Puissance :<\/strong> Psilocybe cubensis est l&rsquo;une des esp\u00e8ces les plus connues et les plus r\u00e9pandues, mais elle est consid\u00e9rablement plus douce que les champignons Copelandia. Ils ont des niveaux plus faibles de psilocybine et de psilocine.<\/li>\n<li><strong>Dosage :<\/strong> une dose l\u00e9g\u00e8re commence g\u00e9n\u00e9ralement par 1 \u00e0 1,5 gramme de champignons s\u00e9ch\u00e9s, une dose moyenne est d&rsquo;environ 2,5 \u00e0 3,5 grammes, et une exp\u00e9rience forte peut n\u00e9cessiter 3,5 \u00e0 5 grammes de champignons s\u00e9ch\u00e9s.<\/li>\n<\/ul>\n<\/li>\n<\/ol>\n<h2>Contenu<\/h2>\n<p>Set d&rsquo;ampoules de culture hawa\u00efenne &#8211; 5 ml<\/p>\n","protected":false},"excerpt":{"rendered":"<p>L&rsquo;ampoule de culture hawa\u00efenne est un outil qui vous permet d&rsquo;inoculer facilement votre propre substrat avec des cultures de champignons magiques \u00e0 la maison. Par rapport aux m\u00e9thodes traditionnelles telles que les empreintes et les seringues \u00e0 spores, l&rsquo;ampoule de culture offre moins de risques de contamination et plus de chances de r\u00e9colter des champignons [&hellip;]<\/p>\n","protected":false},"featured_media":39320,"comment_status":"closed","ping_status":"closed","template":"","meta":[],"product_brand":[],"product_cat":[358],"product_tag":[],"class_list":{"0":"post-39325","1":"product","2":"type-product","3":"status-publish","4":"has-post-thumbnail","6":"product_cat-seringues-de-culture-liquide","8":"first","9":"instock","10":"taxable","11":"shipping-taxable","12":"purchasable","13":"product-type-simple"},"yoast_head":"<!-- This site is optimized with the Yoast SEO Premium plugin v26.4 (Yoast SEO v27.4) - https:\/\/yoast.com\/product\/yoast-seo-premium-wordpress\/ -->\n<title>Hawa\u00efen - Culture Ampoule Set - Dutchmicrodosing<\/title>\n<meta name=\"description\" content=\"D\u00e9couvrez les effets puissants des champignons hawa\u00efens gr\u00e2ce \u00e0 nos poudres de culte de haute qualit\u00e9. Qu&#039;attendez-vous pour commencer \u00e0 cultiver d\u00e8s maintenant ! Cliquez ici...\" \/>\n<meta name=\"robots\" content=\"index, follow, max-snippet:-1, max-image-preview:large, max-video-preview:-1\" \/>\n<link rel=\"canonical\" href=\"https:\/\/dutchmicrodosing.com\/fr\/magique-champignon-spores\/seringues-de-culture-liquide\/set-ampoule-culture-hawaienne\/\" \/>\n<meta property=\"og:locale\" content=\"fr_FR\" \/>\n<meta property=\"og:type\" content=\"article\" \/>\n<meta property=\"og:title\" content=\"Hawa\u00efen - Culture Ampoule Set\" \/>\n<meta property=\"og:description\" content=\"L&#039;ampoule de culture hawa\u00efenne est un outil qui vous permet d&#039;inoculer facilement votre propre substrat avec des cultures de champignons magiques \u00e0 la\" \/>\n<meta property=\"og:url\" content=\"https:\/\/dutchmicrodosing.com\/fr\/magique-champignon-spores\/seringues-de-culture-liquide\/set-ampoule-culture-hawaienne\/\" \/>\n<meta property=\"og:site_name\" content=\"Dutchmicrodosing\" \/>\n<meta property=\"article:publisher\" content=\"https:\/\/www.facebook.com\/Dutchmicrodosingxp\/\" \/>\n<meta property=\"article:modified_time\" content=\"2025-09-02T08:09:22+00:00\" \/>\n<meta property=\"og:image\" content=\"https:\/\/dutchmicrodosing.com\/wp-content\/uploads\/2024\/05\/Hawaiian-Mushroom-Spore.jpg\" \/>\n\t<meta property=\"og:image:width\" content=\"420\" \/>\n\t<meta property=\"og:image:height\" content=\"400\" \/>\n\t<meta property=\"og:image:type\" content=\"image\/jpeg\" \/>\n<meta name=\"twitter:card\" content=\"summary_large_image\" \/>\n<script type=\"application\/ld+json\" class=\"yoast-schema-graph\">{\"@context\":\"https:\\\/\\\/schema.org\",\"@graph\":[{\"@type\":\"WebPage\",\"@id\":\"https:\\\/\\\/dutchmicrodosing.com\\\/fr\\\/magique-champignon-spores\\\/seringues-de-culture-liquide\\\/set-ampoule-culture-hawaienne\\\/\",\"url\":\"https:\\\/\\\/dutchmicrodosing.com\\\/fr\\\/magique-champignon-spores\\\/seringues-de-culture-liquide\\\/set-ampoule-culture-hawaienne\\\/\",\"name\":\"Hawa\u00efen - Culture Ampoule Set - Dutchmicrodosing\",\"isPartOf\":{\"@id\":\"https:\\\/\\\/dutchmicrodosing.com\\\/fr\\\/#website\"},\"primaryImageOfPage\":{\"@id\":\"https:\\\/\\\/dutchmicrodosing.com\\\/fr\\\/magique-champignon-spores\\\/seringues-de-culture-liquide\\\/set-ampoule-culture-hawaienne\\\/#primaryimage\"},\"image\":{\"@id\":\"https:\\\/\\\/dutchmicrodosing.com\\\/fr\\\/magique-champignon-spores\\\/seringues-de-culture-liquide\\\/set-ampoule-culture-hawaienne\\\/#primaryimage\"},\"thumbnailUrl\":\"https:\\\/\\\/dutchmicrodosing.com\\\/wp-content\\\/uploads\\\/2024\\\/05\\\/Hawaiian-Mushroom-Spore.jpg\",\"datePublished\":\"2024-05-12T17:56:32+00:00\",\"dateModified\":\"2025-09-02T08:09:22+00:00\",\"description\":\"D\u00e9couvrez les effets puissants des champignons hawa\u00efens gr\u00e2ce \u00e0 nos poudres de culte de haute qualit\u00e9. Qu'attendez-vous pour commencer \u00e0 cultiver d\u00e8s maintenant ! Cliquez ici...\",\"breadcrumb\":{\"@id\":\"https:\\\/\\\/dutchmicrodosing.com\\\/fr\\\/magique-champignon-spores\\\/seringues-de-culture-liquide\\\/set-ampoule-culture-hawaienne\\\/#breadcrumb\"},\"inLanguage\":\"fr-FR\",\"potentialAction\":[{\"@type\":\"ReadAction\",\"target\":[\"https:\\\/\\\/dutchmicrodosing.com\\\/fr\\\/magique-champignon-spores\\\/seringues-de-culture-liquide\\\/set-ampoule-culture-hawaienne\\\/\"]}]},{\"@type\":\"ImageObject\",\"inLanguage\":\"fr-FR\",\"@id\":\"https:\\\/\\\/dutchmicrodosing.com\\\/fr\\\/magique-champignon-spores\\\/seringues-de-culture-liquide\\\/set-ampoule-culture-hawaienne\\\/#primaryimage\",\"url\":\"https:\\\/\\\/dutchmicrodosing.com\\\/wp-content\\\/uploads\\\/2024\\\/05\\\/Hawaiian-Mushroom-Spore.jpg\",\"contentUrl\":\"https:\\\/\\\/dutchmicrodosing.com\\\/wp-content\\\/uploads\\\/2024\\\/05\\\/Hawaiian-Mushroom-Spore.jpg\",\"width\":420,\"height\":400},{\"@type\":\"BreadcrumbList\",\"@id\":\"https:\\\/\\\/dutchmicrodosing.com\\\/fr\\\/magique-champignon-spores\\\/seringues-de-culture-liquide\\\/set-ampoule-culture-hawaienne\\\/#breadcrumb\",\"itemListElement\":[{\"@type\":\"ListItem\",\"position\":1,\"name\":\"Home\",\"item\":\"https:\\\/\\\/dutchmicrodosing.com\\\/fr\\\/\"},{\"@type\":\"ListItem\",\"position\":2,\"name\":\"Boutique\",\"item\":\"https:\\\/\\\/dutchmicrodosing.com\\\/fr\\\/boutique\\\/\"},{\"@type\":\"ListItem\",\"position\":3,\"name\":\"Hawa\u00efen &#8211; Culture Ampoule Set\"}]},{\"@type\":\"WebSite\",\"@id\":\"https:\\\/\\\/dutchmicrodosing.com\\\/fr\\\/#website\",\"url\":\"https:\\\/\\\/dutchmicrodosing.com\\\/fr\\\/\",\"name\":\"Dutchmicrodosing\",\"description\":\"\",\"publisher\":{\"@id\":\"https:\\\/\\\/dutchmicrodosing.com\\\/fr\\\/#organization\"},\"potentialAction\":[{\"@type\":\"SearchAction\",\"target\":{\"@type\":\"EntryPoint\",\"urlTemplate\":\"https:\\\/\\\/dutchmicrodosing.com\\\/fr\\\/?s={search_term_string}\"},\"query-input\":{\"@type\":\"PropertyValueSpecification\",\"valueRequired\":true,\"valueName\":\"search_term_string\"}}],\"inLanguage\":\"fr-FR\"},{\"@type\":\"Organization\",\"@id\":\"https:\\\/\\\/dutchmicrodosing.com\\\/fr\\\/#organization\",\"name\":\"Dutchmicrodosing\",\"url\":\"https:\\\/\\\/dutchmicrodosing.com\\\/fr\\\/\",\"logo\":{\"@type\":\"ImageObject\",\"inLanguage\":\"fr-FR\",\"@id\":\"https:\\\/\\\/dutchmicrodosing.com\\\/fr\\\/#\\\/schema\\\/logo\\\/image\\\/\",\"url\":\"https:\\\/\\\/dutchmicrodosing.com\\\/wp-content\\\/uploads\\\/2021\\\/01\\\/microdosing-categorie-pic-nieuw.jpg\",\"contentUrl\":\"https:\\\/\\\/dutchmicrodosing.com\\\/wp-content\\\/uploads\\\/2021\\\/01\\\/microdosing-categorie-pic-nieuw.jpg\",\"width\":500,\"height\":500,\"caption\":\"Dutchmicrodosing\"},\"image\":{\"@id\":\"https:\\\/\\\/dutchmicrodosing.com\\\/fr\\\/#\\\/schema\\\/logo\\\/image\\\/\"},\"sameAs\":[\"https:\\\/\\\/www.facebook.com\\\/Dutchmicrodosingxp\\\/\",\"https:\\\/\\\/www.instagram.com\\\/dutchmicrodosing\\\/\"]}]}<\/script>\n<meta property=\"product:price:amount\" content=\"16.95\" \/>\n<meta property=\"product:price:currency\" content=\"EUR\" \/>\n<meta property=\"og:availability\" content=\"instock\" \/>\n<meta property=\"product:availability\" content=\"instock\" \/>\n<meta property=\"product:retailer_item_id\" content=\"7112928\" \/>\n<meta property=\"product:condition\" content=\"new\" \/>\n<!-- \/ Yoast SEO Premium plugin. -->","yoast_head_json":{"title":"Hawa\u00efen - Culture Ampoule Set - Dutchmicrodosing","description":"D\u00e9couvrez les effets puissants des champignons hawa\u00efens gr\u00e2ce \u00e0 nos poudres de culte de haute qualit\u00e9. Qu'attendez-vous pour commencer \u00e0 cultiver d\u00e8s maintenant ! Cliquez ici...","robots":{"index":"index","follow":"follow","max-snippet":"max-snippet:-1","max-image-preview":"max-image-preview:large","max-video-preview":"max-video-preview:-1"},"canonical":"https:\/\/dutchmicrodosing.com\/fr\/magique-champignon-spores\/seringues-de-culture-liquide\/set-ampoule-culture-hawaienne\/","og_locale":"fr_FR","og_type":"article","og_title":"Hawa\u00efen - Culture Ampoule Set","og_description":"L'ampoule de culture hawa\u00efenne est un outil qui vous permet d'inoculer facilement votre propre substrat avec des cultures de champignons magiques \u00e0 la","og_url":"https:\/\/dutchmicrodosing.com\/fr\/magique-champignon-spores\/seringues-de-culture-liquide\/set-ampoule-culture-hawaienne\/","og_site_name":"Dutchmicrodosing","article_publisher":"https:\/\/www.facebook.com\/Dutchmicrodosingxp\/","article_modified_time":"2025-09-02T08:09:22+00:00","og_image":[{"width":420,"height":400,"url":"https:\/\/dutchmicrodosing.com\/wp-content\/uploads\/2024\/05\/Hawaiian-Mushroom-Spore.jpg","type":"image\/jpeg"}],"twitter_card":"summary_large_image","schema":{"@context":"https:\/\/schema.org","@graph":[{"@type":"WebPage","@id":"https:\/\/dutchmicrodosing.com\/fr\/magique-champignon-spores\/seringues-de-culture-liquide\/set-ampoule-culture-hawaienne\/","url":"https:\/\/dutchmicrodosing.com\/fr\/magique-champignon-spores\/seringues-de-culture-liquide\/set-ampoule-culture-hawaienne\/","name":"Hawa\u00efen - Culture Ampoule Set - Dutchmicrodosing","isPartOf":{"@id":"https:\/\/dutchmicrodosing.com\/fr\/#website"},"primaryImageOfPage":{"@id":"https:\/\/dutchmicrodosing.com\/fr\/magique-champignon-spores\/seringues-de-culture-liquide\/set-ampoule-culture-hawaienne\/#primaryimage"},"image":{"@id":"https:\/\/dutchmicrodosing.com\/fr\/magique-champignon-spores\/seringues-de-culture-liquide\/set-ampoule-culture-hawaienne\/#primaryimage"},"thumbnailUrl":"https:\/\/dutchmicrodosing.com\/wp-content\/uploads\/2024\/05\/Hawaiian-Mushroom-Spore.jpg","datePublished":"2024-05-12T17:56:32+00:00","dateModified":"2025-09-02T08:09:22+00:00","description":"D\u00e9couvrez les effets puissants des champignons hawa\u00efens gr\u00e2ce \u00e0 nos poudres de culte de haute qualit\u00e9. Qu'attendez-vous pour commencer \u00e0 cultiver d\u00e8s maintenant ! Cliquez ici...","breadcrumb":{"@id":"https:\/\/dutchmicrodosing.com\/fr\/magique-champignon-spores\/seringues-de-culture-liquide\/set-ampoule-culture-hawaienne\/#breadcrumb"},"inLanguage":"fr-FR","potentialAction":[{"@type":"ReadAction","target":["https:\/\/dutchmicrodosing.com\/fr\/magique-champignon-spores\/seringues-de-culture-liquide\/set-ampoule-culture-hawaienne\/"]}]},{"@type":"ImageObject","inLanguage":"fr-FR","@id":"https:\/\/dutchmicrodosing.com\/fr\/magique-champignon-spores\/seringues-de-culture-liquide\/set-ampoule-culture-hawaienne\/#primaryimage","url":"https:\/\/dutchmicrodosing.com\/wp-content\/uploads\/2024\/05\/Hawaiian-Mushroom-Spore.jpg","contentUrl":"https:\/\/dutchmicrodosing.com\/wp-content\/uploads\/2024\/05\/Hawaiian-Mushroom-Spore.jpg","width":420,"height":400},{"@type":"BreadcrumbList","@id":"https:\/\/dutchmicrodosing.com\/fr\/magique-champignon-spores\/seringues-de-culture-liquide\/set-ampoule-culture-hawaienne\/#breadcrumb","itemListElement":[{"@type":"ListItem","position":1,"name":"Home","item":"https:\/\/dutchmicrodosing.com\/fr\/"},{"@type":"ListItem","position":2,"name":"Boutique","item":"https:\/\/dutchmicrodosing.com\/fr\/boutique\/"},{"@type":"ListItem","position":3,"name":"Hawa\u00efen &#8211; Culture Ampoule Set"}]},{"@type":"WebSite","@id":"https:\/\/dutchmicrodosing.com\/fr\/#website","url":"https:\/\/dutchmicrodosing.com\/fr\/","name":"Dutchmicrodosing","description":"","publisher":{"@id":"https:\/\/dutchmicrodosing.com\/fr\/#organization"},"potentialAction":[{"@type":"SearchAction","target":{"@type":"EntryPoint","urlTemplate":"https:\/\/dutchmicrodosing.com\/fr\/?s={search_term_string}"},"query-input":{"@type":"PropertyValueSpecification","valueRequired":true,"valueName":"search_term_string"}}],"inLanguage":"fr-FR"},{"@type":"Organization","@id":"https:\/\/dutchmicrodosing.com\/fr\/#organization","name":"Dutchmicrodosing","url":"https:\/\/dutchmicrodosing.com\/fr\/","logo":{"@type":"ImageObject","inLanguage":"fr-FR","@id":"https:\/\/dutchmicrodosing.com\/fr\/#\/schema\/logo\/image\/","url":"https:\/\/dutchmicrodosing.com\/wp-content\/uploads\/2021\/01\/microdosing-categorie-pic-nieuw.jpg","contentUrl":"https:\/\/dutchmicrodosing.com\/wp-content\/uploads\/2021\/01\/microdosing-categorie-pic-nieuw.jpg","width":500,"height":500,"caption":"Dutchmicrodosing"},"image":{"@id":"https:\/\/dutchmicrodosing.com\/fr\/#\/schema\/logo\/image\/"},"sameAs":["https:\/\/www.facebook.com\/Dutchmicrodosingxp\/","https:\/\/www.instagram.com\/dutchmicrodosing\/"]}]},"product_price_amount":"16.95","product_price_currency":"EUR","og_availability":"instock","product_availability":"instock","product_retailer_item_id":"7112928","product_condition":"new"},"_links":{"self":[{"href":"https:\/\/dutchmicrodosing.com\/fr\/wp-json\/wp\/v2\/product\/39325","targetHints":{"allow":["GET"]}}],"collection":[{"href":"https:\/\/dutchmicrodosing.com\/fr\/wp-json\/wp\/v2\/product"}],"about":[{"href":"https:\/\/dutchmicrodosing.com\/fr\/wp-json\/wp\/v2\/types\/product"}],"replies":[{"embeddable":true,"href":"https:\/\/dutchmicrodosing.com\/fr\/wp-json\/wp\/v2\/comments?post=39325"}],"version-history":[{"count":0,"href":"https:\/\/dutchmicrodosing.com\/fr\/wp-json\/wp\/v2\/product\/39325\/revisions"}],"wp:featuredmedia":[{"embeddable":true,"href":"https:\/\/dutchmicrodosing.com\/fr\/wp-json\/wp\/v2\/media\/39320"}],"wp:attachment":[{"href":"https:\/\/dutchmicrodosing.com\/fr\/wp-json\/wp\/v2\/media?parent=39325"}],"wp:term":[{"taxonomy":"product_brand","embeddable":true,"href":"https:\/\/dutchmicrodosing.com\/fr\/wp-json\/wp\/v2\/product_brand?post=39325"},{"taxonomy":"product_cat","embeddable":true,"href":"https:\/\/dutchmicrodosing.com\/fr\/wp-json\/wp\/v2\/product_cat?post=39325"},{"taxonomy":"product_tag","embeddable":true,"href":"https:\/\/dutchmicrodosing.com\/fr\/wp-json\/wp\/v2\/product_tag?post=39325"}],"curies":[{"name":"wp","href":"https:\/\/api.w.org\/{rel}","templated":true}]}}