{"id":39387,"date":"2024-05-13T08:48:50","date_gmt":"2024-05-13T06:48:50","guid":{"rendered":"https:\/\/dutchmicrodosing.com\/shop\/non%20class\u00e9\/b-culture-ampoule-set\/"},"modified":"2025-10-01T22:43:44","modified_gmt":"2025-10-01T20:43:44","slug":"b-culture-ampoule-set","status":"publish","type":"product","link":"https:\/\/dutchmicrodosing.com\/fr\/magique-champignon-spores\/seringues-de-culture-liquide\/b-culture-ampoule-set\/","title":{"rendered":"B+ &#8211; Kit d&rsquo;ampoules de culture"},"content":{"rendered":"<p>Le <strong>B+ &#8211; Culture Ampoule Set<\/strong> est un moyen efficace de cultiver des champignons magiques \u00e0 la maison, con\u00e7u pour r\u00e9duire les risques de contamination qui se produisent souvent avec les m\u00e9thodes traditionnelles telles que les empreintes de spores et les seringues. Cette ampoule contient une culture de champignons \u00ab\u00a0B+\u00a0\u00bb qui peut \u00eatre inject\u00e9e directement dans le substrat. Cela facilite grandement le processus de greffe et augmente les chances d&rsquo;une r\u00e9colte r\u00e9ussie et saine. Cette m\u00e9thode d&rsquo;inoculation directe et contr\u00f4l\u00e9e r\u00e9duit les difficult\u00e9s et les incertitudes des m\u00e9thodes de s\u00e9lection traditionnelles, ce qui permet d&rsquo;obtenir de meilleurs r\u00e9sultats dans la culture domestique.<\/p>\n<h2>Suivez les instructions pour une r\u00e9colte r\u00e9ussie !<\/h2>\n<div>\n<ol>\n<li>Lavez-vous soigneusement les mains et nettoyez l&rsquo;ext\u00e9rieur de l&rsquo;ampoule de culture avec un chiffon propre et humide.<\/li>\n<li>Nous vous recommandons d&rsquo;utiliser un chiffon imbib\u00e9 d&rsquo;alcool pour \u00e9liminer les bact\u00e9ries.<\/li>\n<li>La seringue incluse est emball\u00e9e de fa\u00e7on st\u00e9rile. Veillez \u00e0 ce qu&rsquo;il ne soit pas contamin\u00e9 et ouvrez-le dans un environnement propre.<\/li>\n<li>Desserrez l\u00e9g\u00e8rement le bouchon de l&rsquo;ampoule de culture afin qu&rsquo;il n&rsquo;y ait pas de vide pendant le remplissage de la seringue.<\/li>\n<li>Ins\u00e9rez l&rsquo;aiguille dans le joint en caoutchouc et remplissez la seringue.<\/li>\n<li>L&rsquo;aiguille est maintenant pr\u00eate et la culture peut \u00eatre inject\u00e9e dans le substrat souhait\u00e9. Cultivez-les \u00e0 temp\u00e9rature ambiante. En quelques jours, le myc\u00e9lium devient visible.<\/li>\n<\/ol>\n<div>\n<h2>Effets B+ Champignons Psilocybe :<\/h2>\n<\/div>\n<p>Le Psilocybe Amplus B+ produit les effets suivants lorsqu&rsquo;il est correctement dos\u00e9 :<\/p>\n<ul>\n<li>visuel l\u00e9ger\/moyen<\/li>\n<li>cr\u00e9ativit\u00e9<\/li>\n<li>rires coups de pied<\/li>\n<li>sentiment de bonheur et de joie<\/li>\n<li>satisfaction<\/li>\n<li>l&rsquo;abandon de la notion de temps et d&rsquo;espace<\/li>\n<li>des couleurs intenses<\/li>\n<li>Augmentez vos sens<\/li>\n<\/ul>\n<h2>Contenu<\/h2>\n<p>B+ &#8211; Culture Ampoule Set &#8211; 5 ml<\/p>\n<\/div>\n","protected":false},"excerpt":{"rendered":"<p>Le B+ &#8211; Culture Ampoule Set est un moyen efficace de cultiver des champignons magiques \u00e0 la maison, con\u00e7u pour r\u00e9duire les risques de contamination qui se produisent souvent avec les m\u00e9thodes traditionnelles telles que les empreintes de spores et les seringues. Cette ampoule contient une culture de champignons \u00ab\u00a0B+\u00a0\u00bb qui peut \u00eatre inject\u00e9e directement [&hellip;]<\/p>\n","protected":false},"featured_media":39341,"comment_status":"closed","ping_status":"closed","template":"","meta":[],"product_brand":[],"product_cat":[358],"product_tag":[],"class_list":{"0":"post-39387","1":"product","2":"type-product","3":"status-publish","4":"has-post-thumbnail","6":"product_cat-seringues-de-culture-liquide","8":"first","9":"instock","10":"taxable","11":"shipping-taxable","12":"purchasable","13":"product-type-simple"},"yoast_head":"<!-- This site is optimized with the Yoast SEO Premium plugin v26.4 (Yoast SEO v27.2) - https:\/\/yoast.com\/product\/yoast-seo-premium-wordpress\/ -->\n<title>B+ - Kit d&#039;ampoules de culture - Dutchmicrodosing<\/title>\n<meta name=\"description\" content=\"D\u00e9couvrez le set d&#039;ampoules de culture B+ pour un d\u00e9marrage puissant et fiable de votre projet de culture. Soren B+ de haute qualit\u00e9 dans une ampoule pratique ! cliquez vite\" \/>\n<meta name=\"robots\" content=\"index, follow, max-snippet:-1, max-image-preview:large, max-video-preview:-1\" \/>\n<link rel=\"canonical\" href=\"https:\/\/dutchmicrodosing.com\/fr\/magique-champignon-spores\/seringues-de-culture-liquide\/b-culture-ampoule-set\/\" \/>\n<meta property=\"og:locale\" content=\"fr_FR\" \/>\n<meta property=\"og:type\" content=\"article\" \/>\n<meta property=\"og:title\" content=\"B+ - Kit d&#039;ampoules de culture\" \/>\n<meta property=\"og:description\" content=\"Le B+ - Culture Ampoule Set est un moyen efficace de cultiver des champignons magiques \u00e0 la maison, con\u00e7u pour r\u00e9duire les risques de contamination qui se\" \/>\n<meta property=\"og:url\" content=\"https:\/\/dutchmicrodosing.com\/fr\/magique-champignon-spores\/seringues-de-culture-liquide\/b-culture-ampoule-set\/\" \/>\n<meta property=\"og:site_name\" content=\"Dutchmicrodosing\" \/>\n<meta property=\"article:publisher\" content=\"https:\/\/www.facebook.com\/Dutchmicrodosingxp\/\" \/>\n<meta property=\"article:modified_time\" content=\"2025-10-01T20:43:44+00:00\" \/>\n<meta property=\"og:image\" content=\"https:\/\/dutchmicrodosing.com\/wp-content\/uploads\/2024\/05\/B-Mushroom-Spore.jpg\" \/>\n\t<meta property=\"og:image:width\" content=\"420\" \/>\n\t<meta property=\"og:image:height\" content=\"400\" \/>\n\t<meta property=\"og:image:type\" content=\"image\/jpeg\" \/>\n<meta name=\"twitter:card\" content=\"summary_large_image\" \/>\n<script type=\"application\/ld+json\" class=\"yoast-schema-graph\">{\"@context\":\"https:\/\/schema.org\",\"@graph\":[{\"@type\":\"WebPage\",\"@id\":\"https:\/\/dutchmicrodosing.com\/fr\/magique-champignon-spores\/seringues-de-culture-liquide\/b-culture-ampoule-set\/\",\"url\":\"https:\/\/dutchmicrodosing.com\/fr\/magique-champignon-spores\/seringues-de-culture-liquide\/b-culture-ampoule-set\/\",\"name\":\"B+ - Kit d'ampoules de culture - Dutchmicrodosing\",\"isPartOf\":{\"@id\":\"https:\/\/dutchmicrodosing.com\/fr\/#website\"},\"primaryImageOfPage\":{\"@id\":\"https:\/\/dutchmicrodosing.com\/fr\/magique-champignon-spores\/seringues-de-culture-liquide\/b-culture-ampoule-set\/#primaryimage\"},\"image\":{\"@id\":\"https:\/\/dutchmicrodosing.com\/fr\/magique-champignon-spores\/seringues-de-culture-liquide\/b-culture-ampoule-set\/#primaryimage\"},\"thumbnailUrl\":\"https:\/\/dutchmicrodosing.com\/wp-content\/uploads\/2024\/05\/B-Mushroom-Spore.jpg\",\"datePublished\":\"2024-05-13T06:48:50+00:00\",\"dateModified\":\"2025-10-01T20:43:44+00:00\",\"description\":\"D\u00e9couvrez le set d'ampoules de culture B+ pour un d\u00e9marrage puissant et fiable de votre projet de culture. Soren B+ de haute qualit\u00e9 dans une ampoule pratique ! cliquez vite\",\"breadcrumb\":{\"@id\":\"https:\/\/dutchmicrodosing.com\/fr\/magique-champignon-spores\/seringues-de-culture-liquide\/b-culture-ampoule-set\/#breadcrumb\"},\"inLanguage\":\"fr-FR\",\"potentialAction\":[{\"@type\":\"ReadAction\",\"target\":[\"https:\/\/dutchmicrodosing.com\/fr\/magique-champignon-spores\/seringues-de-culture-liquide\/b-culture-ampoule-set\/\"]}]},{\"@type\":\"ImageObject\",\"inLanguage\":\"fr-FR\",\"@id\":\"https:\/\/dutchmicrodosing.com\/fr\/magique-champignon-spores\/seringues-de-culture-liquide\/b-culture-ampoule-set\/#primaryimage\",\"url\":\"https:\/\/dutchmicrodosing.com\/wp-content\/uploads\/2024\/05\/B-Mushroom-Spore.jpg\",\"contentUrl\":\"https:\/\/dutchmicrodosing.com\/wp-content\/uploads\/2024\/05\/B-Mushroom-Spore.jpg\",\"width\":420,\"height\":400},{\"@type\":\"BreadcrumbList\",\"@id\":\"https:\/\/dutchmicrodosing.com\/fr\/magique-champignon-spores\/seringues-de-culture-liquide\/b-culture-ampoule-set\/#breadcrumb\",\"itemListElement\":[{\"@type\":\"ListItem\",\"position\":1,\"name\":\"Home\",\"item\":\"https:\/\/dutchmicrodosing.com\/fr\/\"},{\"@type\":\"ListItem\",\"position\":2,\"name\":\"Boutique\",\"item\":\"https:\/\/dutchmicrodosing.com\/fr\/boutique\/\"},{\"@type\":\"ListItem\",\"position\":3,\"name\":\"B+ &#8211; Kit d&rsquo;ampoules de culture\"}]},{\"@type\":\"WebSite\",\"@id\":\"https:\/\/dutchmicrodosing.com\/fr\/#website\",\"url\":\"https:\/\/dutchmicrodosing.com\/fr\/\",\"name\":\"Dutchmicrodosing\",\"description\":\"\",\"publisher\":{\"@id\":\"https:\/\/dutchmicrodosing.com\/fr\/#organization\"},\"potentialAction\":[{\"@type\":\"SearchAction\",\"target\":{\"@type\":\"EntryPoint\",\"urlTemplate\":\"https:\/\/dutchmicrodosing.com\/fr\/?s={search_term_string}\"},\"query-input\":{\"@type\":\"PropertyValueSpecification\",\"valueRequired\":true,\"valueName\":\"search_term_string\"}}],\"inLanguage\":\"fr-FR\"},{\"@type\":\"Organization\",\"@id\":\"https:\/\/dutchmicrodosing.com\/fr\/#organization\",\"name\":\"Dutchmicrodosing\",\"url\":\"https:\/\/dutchmicrodosing.com\/fr\/\",\"logo\":{\"@type\":\"ImageObject\",\"inLanguage\":\"fr-FR\",\"@id\":\"https:\/\/dutchmicrodosing.com\/fr\/#\/schema\/logo\/image\/\",\"url\":\"https:\/\/dutchmicrodosing.com\/wp-content\/uploads\/2021\/01\/microdosing-categorie-pic-nieuw.jpg\",\"contentUrl\":\"https:\/\/dutchmicrodosing.com\/wp-content\/uploads\/2021\/01\/microdosing-categorie-pic-nieuw.jpg\",\"width\":500,\"height\":500,\"caption\":\"Dutchmicrodosing\"},\"image\":{\"@id\":\"https:\/\/dutchmicrodosing.com\/fr\/#\/schema\/logo\/image\/\"},\"sameAs\":[\"https:\/\/www.facebook.com\/Dutchmicrodosingxp\/\",\"https:\/\/www.instagram.com\/dutchmicrodosing\/\"]}]}<\/script>\n<meta property=\"product:price:amount\" content=\"16.95\" \/>\n<meta property=\"product:price:currency\" content=\"EUR\" \/>\n<meta property=\"og:availability\" content=\"instock\" \/>\n<meta property=\"product:availability\" content=\"instock\" \/>\n<meta property=\"product:retailer_item_id\" content=\"7112143\" \/>\n<meta property=\"product:condition\" content=\"new\" \/>\n<!-- \/ Yoast SEO Premium plugin. -->","yoast_head_json":{"title":"B+ - Kit d'ampoules de culture - Dutchmicrodosing","description":"D\u00e9couvrez le set d'ampoules de culture B+ pour un d\u00e9marrage puissant et fiable de votre projet de culture. Soren B+ de haute qualit\u00e9 dans une ampoule pratique ! cliquez vite","robots":{"index":"index","follow":"follow","max-snippet":"max-snippet:-1","max-image-preview":"max-image-preview:large","max-video-preview":"max-video-preview:-1"},"canonical":"https:\/\/dutchmicrodosing.com\/fr\/magique-champignon-spores\/seringues-de-culture-liquide\/b-culture-ampoule-set\/","og_locale":"fr_FR","og_type":"article","og_title":"B+ - Kit d'ampoules de culture","og_description":"Le B+ - Culture Ampoule Set est un moyen efficace de cultiver des champignons magiques \u00e0 la maison, con\u00e7u pour r\u00e9duire les risques de contamination qui se","og_url":"https:\/\/dutchmicrodosing.com\/fr\/magique-champignon-spores\/seringues-de-culture-liquide\/b-culture-ampoule-set\/","og_site_name":"Dutchmicrodosing","article_publisher":"https:\/\/www.facebook.com\/Dutchmicrodosingxp\/","article_modified_time":"2025-10-01T20:43:44+00:00","og_image":[{"width":420,"height":400,"url":"https:\/\/dutchmicrodosing.com\/wp-content\/uploads\/2024\/05\/B-Mushroom-Spore.jpg","type":"image\/jpeg"}],"twitter_card":"summary_large_image","schema":{"@context":"https:\/\/schema.org","@graph":[{"@type":"WebPage","@id":"https:\/\/dutchmicrodosing.com\/fr\/magique-champignon-spores\/seringues-de-culture-liquide\/b-culture-ampoule-set\/","url":"https:\/\/dutchmicrodosing.com\/fr\/magique-champignon-spores\/seringues-de-culture-liquide\/b-culture-ampoule-set\/","name":"B+ - Kit d'ampoules de culture - Dutchmicrodosing","isPartOf":{"@id":"https:\/\/dutchmicrodosing.com\/fr\/#website"},"primaryImageOfPage":{"@id":"https:\/\/dutchmicrodosing.com\/fr\/magique-champignon-spores\/seringues-de-culture-liquide\/b-culture-ampoule-set\/#primaryimage"},"image":{"@id":"https:\/\/dutchmicrodosing.com\/fr\/magique-champignon-spores\/seringues-de-culture-liquide\/b-culture-ampoule-set\/#primaryimage"},"thumbnailUrl":"https:\/\/dutchmicrodosing.com\/wp-content\/uploads\/2024\/05\/B-Mushroom-Spore.jpg","datePublished":"2024-05-13T06:48:50+00:00","dateModified":"2025-10-01T20:43:44+00:00","description":"D\u00e9couvrez le set d'ampoules de culture B+ pour un d\u00e9marrage puissant et fiable de votre projet de culture. Soren B+ de haute qualit\u00e9 dans une ampoule pratique ! cliquez vite","breadcrumb":{"@id":"https:\/\/dutchmicrodosing.com\/fr\/magique-champignon-spores\/seringues-de-culture-liquide\/b-culture-ampoule-set\/#breadcrumb"},"inLanguage":"fr-FR","potentialAction":[{"@type":"ReadAction","target":["https:\/\/dutchmicrodosing.com\/fr\/magique-champignon-spores\/seringues-de-culture-liquide\/b-culture-ampoule-set\/"]}]},{"@type":"ImageObject","inLanguage":"fr-FR","@id":"https:\/\/dutchmicrodosing.com\/fr\/magique-champignon-spores\/seringues-de-culture-liquide\/b-culture-ampoule-set\/#primaryimage","url":"https:\/\/dutchmicrodosing.com\/wp-content\/uploads\/2024\/05\/B-Mushroom-Spore.jpg","contentUrl":"https:\/\/dutchmicrodosing.com\/wp-content\/uploads\/2024\/05\/B-Mushroom-Spore.jpg","width":420,"height":400},{"@type":"BreadcrumbList","@id":"https:\/\/dutchmicrodosing.com\/fr\/magique-champignon-spores\/seringues-de-culture-liquide\/b-culture-ampoule-set\/#breadcrumb","itemListElement":[{"@type":"ListItem","position":1,"name":"Home","item":"https:\/\/dutchmicrodosing.com\/fr\/"},{"@type":"ListItem","position":2,"name":"Boutique","item":"https:\/\/dutchmicrodosing.com\/fr\/boutique\/"},{"@type":"ListItem","position":3,"name":"B+ &#8211; Kit d&rsquo;ampoules de culture"}]},{"@type":"WebSite","@id":"https:\/\/dutchmicrodosing.com\/fr\/#website","url":"https:\/\/dutchmicrodosing.com\/fr\/","name":"Dutchmicrodosing","description":"","publisher":{"@id":"https:\/\/dutchmicrodosing.com\/fr\/#organization"},"potentialAction":[{"@type":"SearchAction","target":{"@type":"EntryPoint","urlTemplate":"https:\/\/dutchmicrodosing.com\/fr\/?s={search_term_string}"},"query-input":{"@type":"PropertyValueSpecification","valueRequired":true,"valueName":"search_term_string"}}],"inLanguage":"fr-FR"},{"@type":"Organization","@id":"https:\/\/dutchmicrodosing.com\/fr\/#organization","name":"Dutchmicrodosing","url":"https:\/\/dutchmicrodosing.com\/fr\/","logo":{"@type":"ImageObject","inLanguage":"fr-FR","@id":"https:\/\/dutchmicrodosing.com\/fr\/#\/schema\/logo\/image\/","url":"https:\/\/dutchmicrodosing.com\/wp-content\/uploads\/2021\/01\/microdosing-categorie-pic-nieuw.jpg","contentUrl":"https:\/\/dutchmicrodosing.com\/wp-content\/uploads\/2021\/01\/microdosing-categorie-pic-nieuw.jpg","width":500,"height":500,"caption":"Dutchmicrodosing"},"image":{"@id":"https:\/\/dutchmicrodosing.com\/fr\/#\/schema\/logo\/image\/"},"sameAs":["https:\/\/www.facebook.com\/Dutchmicrodosingxp\/","https:\/\/www.instagram.com\/dutchmicrodosing\/"]}]},"product_price_amount":"16.95","product_price_currency":"EUR","og_availability":"instock","product_availability":"instock","product_retailer_item_id":"7112143","product_condition":"new"},"_links":{"self":[{"href":"https:\/\/dutchmicrodosing.com\/fr\/wp-json\/wp\/v2\/product\/39387","targetHints":{"allow":["GET"]}}],"collection":[{"href":"https:\/\/dutchmicrodosing.com\/fr\/wp-json\/wp\/v2\/product"}],"about":[{"href":"https:\/\/dutchmicrodosing.com\/fr\/wp-json\/wp\/v2\/types\/product"}],"replies":[{"embeddable":true,"href":"https:\/\/dutchmicrodosing.com\/fr\/wp-json\/wp\/v2\/comments?post=39387"}],"version-history":[{"count":0,"href":"https:\/\/dutchmicrodosing.com\/fr\/wp-json\/wp\/v2\/product\/39387\/revisions"}],"wp:featuredmedia":[{"embeddable":true,"href":"https:\/\/dutchmicrodosing.com\/fr\/wp-json\/wp\/v2\/media\/39341"}],"wp:attachment":[{"href":"https:\/\/dutchmicrodosing.com\/fr\/wp-json\/wp\/v2\/media?parent=39387"}],"wp:term":[{"taxonomy":"product_brand","embeddable":true,"href":"https:\/\/dutchmicrodosing.com\/fr\/wp-json\/wp\/v2\/product_brand?post=39387"},{"taxonomy":"product_cat","embeddable":true,"href":"https:\/\/dutchmicrodosing.com\/fr\/wp-json\/wp\/v2\/product_cat?post=39387"},{"taxonomy":"product_tag","embeddable":true,"href":"https:\/\/dutchmicrodosing.com\/fr\/wp-json\/wp\/v2\/product_tag?post=39387"}],"curies":[{"name":"wp","href":"https:\/\/api.w.org\/{rel}","templated":true}]}}