{"id":39804,"date":"2024-05-13T10:39:30","date_gmt":"2024-05-13T08:39:30","guid":{"rendered":"https:\/\/dutchmicrodosing.com\/shop\/non%20class\u00e9\/mckennaii-culture-ampoule-set\/"},"modified":"2025-08-27T18:44:22","modified_gmt":"2025-08-27T16:44:22","slug":"mckennaii-culture-ampoule-set","status":"publish","type":"product","link":"https:\/\/dutchmicrodosing.com\/fr\/magique-champignon-spores\/seringues-de-culture-liquide\/mckennaii-culture-ampoule-set\/","title":{"rendered":"McKennaii &#8211; Kit d&rsquo;ampoules de culture"},"content":{"rendered":"<div class=\"flex-1 overflow-hidden\">\n<div class=\"react-scroll-to-bottom--css-wkkyn-79elbk h-full\">\n<div class=\"react-scroll-to-bottom--css-wkkyn-1n7m0yu\">\n<div class=\"flex flex-col text-sm pb-9\">\n<div class=\"w-full text-token-text-primary\" dir=\"auto\" data-testid=\"conversation-turn-17\" data-scroll-anchor=\"true\">\n<div class=\"py-2 px-3 text-base md:px-4 m-auto md:px-5 lg:px-1 xl:px-5\">\n<div class=\"mx-auto flex flex-1 gap-3 text-base juice:gap-4 juice:md:gap-6 md:max-w-3xl lg:max-w-[40rem] xl:max-w-[48rem]\">\n<div class=\"relative flex w-full min-w-0 flex-col agent-turn\">\n<div class=\"flex-col gap-1 md:gap-3\">\n<div class=\"flex flex-grow flex-col max-w-full\">\n<div class=\"min-h-[20px] text-message flex flex-col items-start whitespace-pre-wrap break-words [.text-message+&amp;]:mt-5 juice:w-full juice:items-end overflow-x-auto gap-3\" dir=\"auto\" data-message-author-role=\"assistant\" data-message-id=\"e2ffd0a6-6103-47fd-84ac-88e1be5d75ac\">\n<div class=\"markdown prose w-full break-words dark:prose-invert light\">\n<p>L&rsquo;<strong> ampoule de culture McKennaii <\/strong> offre un moyen simple et plus fiable de cultiver vos propres champignons \u00e0 la maison. Par rapport aux m\u00e9thodes traditionnelles telles que les empreintes de spores et les pulv\u00e9risations, l&rsquo;ampoule de culture r\u00e9duit le risque de contamination et augmente les chances d&rsquo;une r\u00e9colte plus rapide et fructueuse. Cette ampoule contient une culture de champignons qui peut \u00eatre inject\u00e9e directement dans le substrat. En suivant les instructions fournies, vous pourrez r\u00e9colter efficacement vos propres champignons.<\/p>\n<\/div>\n<\/div>\n<\/div>\n<\/div>\n<\/div>\n<\/div>\n<\/div>\n<\/div>\n<\/div>\n<\/div>\n<\/div>\n<\/div>\n<h2>Suivez les instructions pour une r\u00e9colte r\u00e9ussie !<\/h2>\n<ol>\n<li>Lavez-vous soigneusement les mains et nettoyez l&rsquo;ext\u00e9rieur de l&rsquo;ampoule de culture avec un chiffon propre et humide.<\/li>\n<li>Nous vous recommandons d&rsquo;utiliser un chiffon imbib\u00e9 d&rsquo;alcool pour \u00e9liminer les bact\u00e9ries.<\/li>\n<li>La seringue incluse est emball\u00e9e de fa\u00e7on st\u00e9rile. Veillez \u00e0 ce qu&rsquo;il ne soit pas contamin\u00e9 et ouvrez-le dans un environnement propre.<\/li>\n<li>Desserrez l\u00e9g\u00e8rement le bouchon de l&rsquo;ampoule de culture afin qu&rsquo;il n&rsquo;y ait pas de vide pendant le remplissage de la seringue.<\/li>\n<li>Ins\u00e9rez l&rsquo;aiguille dans le joint en caoutchouc et remplissez la seringue.<\/li>\n<li>L&rsquo;aiguille est maintenant pr\u00eate et la culture peut \u00eatre inject\u00e9e dans le substrat souhait\u00e9. Cultivez-les \u00e0 temp\u00e9rature ambiante. En quelques jours, le myc\u00e9lium devient visible.<\/li>\n<\/ol>\n<div>\n<h2>Psilocyne McKennaii produit les effets suivants \u00e0 la dose correcte :<\/h2>\n<ul>\n<li>un visuel fort<\/li>\n<li>rires coups de pied<\/li>\n<li>sentiment de bonheur et de joie<\/li>\n<li>satisfaction<\/li>\n<li>l&rsquo;abandon de la notion de temps et d&rsquo;espace<\/li>\n<li>des couleurs intenses<\/li>\n<li>Augmentez vos sens<\/li>\n<\/ul>\n<h2>Contenu<\/h2>\n<p>Ampoule de culture McKennaii &#8211; 5 ml<\/p>\n<\/div>\n","protected":false},"excerpt":{"rendered":"<p>L&rsquo; ampoule de culture McKennaii offre un moyen simple et plus fiable de cultiver vos propres champignons \u00e0 la maison. Par rapport aux m\u00e9thodes traditionnelles telles que les empreintes de spores et les pulv\u00e9risations, l&rsquo;ampoule de culture r\u00e9duit le risque de contamination et augmente les chances d&rsquo;une r\u00e9colte plus rapide et fructueuse. Cette ampoule contient [&hellip;]<\/p>\n","protected":false},"featured_media":39407,"comment_status":"closed","ping_status":"closed","template":"","meta":[],"product_brand":[],"product_cat":[358],"product_tag":[],"class_list":{"0":"post-39804","1":"product","2":"type-product","3":"status-publish","4":"has-post-thumbnail","6":"product_cat-seringues-de-culture-liquide","8":"first","9":"instock","10":"taxable","11":"shipping-taxable","12":"purchasable","13":"product-type-simple"},"yoast_head":"<!-- This site is optimized with the Yoast SEO Premium plugin v26.4 (Yoast SEO v27.2) - https:\/\/yoast.com\/product\/yoast-seo-premium-wordpress\/ -->\n<title>McKennaii - Kit d&#039;ampoules de culture - Dutchmicrodosing<\/title>\n<meta name=\"description\" content=\"Ces ampoules de haute qualit\u00e9 contiennent des cultures de myc\u00e9lium puissantes pour une exp\u00e9rience de culture r\u00e9ussie. Pour plus d&#039;informations, cliquez ici...\" \/>\n<meta name=\"robots\" content=\"index, follow, max-snippet:-1, max-image-preview:large, max-video-preview:-1\" \/>\n<link rel=\"canonical\" href=\"https:\/\/dutchmicrodosing.com\/fr\/magique-champignon-spores\/seringues-de-culture-liquide\/mckennaii-culture-ampoule-set\/\" \/>\n<meta property=\"og:locale\" content=\"fr_FR\" \/>\n<meta property=\"og:type\" content=\"article\" \/>\n<meta property=\"og:title\" content=\"McKennaii - Kit d&#039;ampoules de culture\" \/>\n<meta property=\"og:description\" content=\"L&#039; ampoule de culture McKennaii offre un moyen simple et plus fiable de cultiver vos propres champignons \u00e0 la maison. Par rapport aux m\u00e9thodes\" \/>\n<meta property=\"og:url\" content=\"https:\/\/dutchmicrodosing.com\/fr\/magique-champignon-spores\/seringues-de-culture-liquide\/mckennaii-culture-ampoule-set\/\" \/>\n<meta property=\"og:site_name\" content=\"Dutchmicrodosing\" \/>\n<meta property=\"article:publisher\" content=\"https:\/\/www.facebook.com\/Dutchmicrodosingxp\/\" \/>\n<meta property=\"article:modified_time\" content=\"2025-08-27T16:44:22+00:00\" \/>\n<meta property=\"og:image\" content=\"https:\/\/dutchmicrodosing.com\/wp-content\/uploads\/2024\/05\/McKennaii-Mushroom-Spore.jpg\" \/>\n\t<meta property=\"og:image:width\" content=\"420\" \/>\n\t<meta property=\"og:image:height\" content=\"400\" \/>\n\t<meta property=\"og:image:type\" content=\"image\/jpeg\" \/>\n<meta name=\"twitter:card\" content=\"summary_large_image\" \/>\n<script type=\"application\/ld+json\" class=\"yoast-schema-graph\">{\"@context\":\"https:\/\/schema.org\",\"@graph\":[{\"@type\":\"WebPage\",\"@id\":\"https:\/\/dutchmicrodosing.com\/fr\/magique-champignon-spores\/seringues-de-culture-liquide\/mckennaii-culture-ampoule-set\/\",\"url\":\"https:\/\/dutchmicrodosing.com\/fr\/magique-champignon-spores\/seringues-de-culture-liquide\/mckennaii-culture-ampoule-set\/\",\"name\":\"McKennaii - Kit d'ampoules de culture - Dutchmicrodosing\",\"isPartOf\":{\"@id\":\"https:\/\/dutchmicrodosing.com\/fr\/#website\"},\"primaryImageOfPage\":{\"@id\":\"https:\/\/dutchmicrodosing.com\/fr\/magique-champignon-spores\/seringues-de-culture-liquide\/mckennaii-culture-ampoule-set\/#primaryimage\"},\"image\":{\"@id\":\"https:\/\/dutchmicrodosing.com\/fr\/magique-champignon-spores\/seringues-de-culture-liquide\/mckennaii-culture-ampoule-set\/#primaryimage\"},\"thumbnailUrl\":\"https:\/\/dutchmicrodosing.com\/wp-content\/uploads\/2024\/05\/McKennaii-Mushroom-Spore.jpg\",\"datePublished\":\"2024-05-13T08:39:30+00:00\",\"dateModified\":\"2025-08-27T16:44:22+00:00\",\"description\":\"Ces ampoules de haute qualit\u00e9 contiennent des cultures de myc\u00e9lium puissantes pour une exp\u00e9rience de culture r\u00e9ussie. Pour plus d'informations, cliquez ici...\",\"breadcrumb\":{\"@id\":\"https:\/\/dutchmicrodosing.com\/fr\/magique-champignon-spores\/seringues-de-culture-liquide\/mckennaii-culture-ampoule-set\/#breadcrumb\"},\"inLanguage\":\"fr-FR\",\"potentialAction\":[{\"@type\":\"ReadAction\",\"target\":[\"https:\/\/dutchmicrodosing.com\/fr\/magique-champignon-spores\/seringues-de-culture-liquide\/mckennaii-culture-ampoule-set\/\"]}]},{\"@type\":\"ImageObject\",\"inLanguage\":\"fr-FR\",\"@id\":\"https:\/\/dutchmicrodosing.com\/fr\/magique-champignon-spores\/seringues-de-culture-liquide\/mckennaii-culture-ampoule-set\/#primaryimage\",\"url\":\"https:\/\/dutchmicrodosing.com\/wp-content\/uploads\/2024\/05\/McKennaii-Mushroom-Spore.jpg\",\"contentUrl\":\"https:\/\/dutchmicrodosing.com\/wp-content\/uploads\/2024\/05\/McKennaii-Mushroom-Spore.jpg\",\"width\":420,\"height\":400},{\"@type\":\"BreadcrumbList\",\"@id\":\"https:\/\/dutchmicrodosing.com\/fr\/magique-champignon-spores\/seringues-de-culture-liquide\/mckennaii-culture-ampoule-set\/#breadcrumb\",\"itemListElement\":[{\"@type\":\"ListItem\",\"position\":1,\"name\":\"Home\",\"item\":\"https:\/\/dutchmicrodosing.com\/fr\/\"},{\"@type\":\"ListItem\",\"position\":2,\"name\":\"Boutique\",\"item\":\"https:\/\/dutchmicrodosing.com\/fr\/boutique\/\"},{\"@type\":\"ListItem\",\"position\":3,\"name\":\"McKennaii &#8211; Kit d&rsquo;ampoules de culture\"}]},{\"@type\":\"WebSite\",\"@id\":\"https:\/\/dutchmicrodosing.com\/fr\/#website\",\"url\":\"https:\/\/dutchmicrodosing.com\/fr\/\",\"name\":\"Dutchmicrodosing\",\"description\":\"\",\"publisher\":{\"@id\":\"https:\/\/dutchmicrodosing.com\/fr\/#organization\"},\"potentialAction\":[{\"@type\":\"SearchAction\",\"target\":{\"@type\":\"EntryPoint\",\"urlTemplate\":\"https:\/\/dutchmicrodosing.com\/fr\/?s={search_term_string}\"},\"query-input\":{\"@type\":\"PropertyValueSpecification\",\"valueRequired\":true,\"valueName\":\"search_term_string\"}}],\"inLanguage\":\"fr-FR\"},{\"@type\":\"Organization\",\"@id\":\"https:\/\/dutchmicrodosing.com\/fr\/#organization\",\"name\":\"Dutchmicrodosing\",\"url\":\"https:\/\/dutchmicrodosing.com\/fr\/\",\"logo\":{\"@type\":\"ImageObject\",\"inLanguage\":\"fr-FR\",\"@id\":\"https:\/\/dutchmicrodosing.com\/fr\/#\/schema\/logo\/image\/\",\"url\":\"https:\/\/dutchmicrodosing.com\/wp-content\/uploads\/2021\/01\/microdosing-categorie-pic-nieuw.jpg\",\"contentUrl\":\"https:\/\/dutchmicrodosing.com\/wp-content\/uploads\/2021\/01\/microdosing-categorie-pic-nieuw.jpg\",\"width\":500,\"height\":500,\"caption\":\"Dutchmicrodosing\"},\"image\":{\"@id\":\"https:\/\/dutchmicrodosing.com\/fr\/#\/schema\/logo\/image\/\"},\"sameAs\":[\"https:\/\/www.facebook.com\/Dutchmicrodosingxp\/\",\"https:\/\/www.instagram.com\/dutchmicrodosing\/\"]}]}<\/script>\n<meta property=\"product:price:amount\" content=\"16.95\" \/>\n<meta property=\"product:price:currency\" content=\"EUR\" \/>\n<meta property=\"og:availability\" content=\"instock\" \/>\n<meta property=\"product:availability\" content=\"instock\" \/>\n<meta property=\"product:retailer_item_id\" content=\"7112207\" \/>\n<meta property=\"product:condition\" content=\"new\" \/>\n<!-- \/ Yoast SEO Premium plugin. -->","yoast_head_json":{"title":"McKennaii - Kit d'ampoules de culture - Dutchmicrodosing","description":"Ces ampoules de haute qualit\u00e9 contiennent des cultures de myc\u00e9lium puissantes pour une exp\u00e9rience de culture r\u00e9ussie. Pour plus d'informations, cliquez ici...","robots":{"index":"index","follow":"follow","max-snippet":"max-snippet:-1","max-image-preview":"max-image-preview:large","max-video-preview":"max-video-preview:-1"},"canonical":"https:\/\/dutchmicrodosing.com\/fr\/magique-champignon-spores\/seringues-de-culture-liquide\/mckennaii-culture-ampoule-set\/","og_locale":"fr_FR","og_type":"article","og_title":"McKennaii - Kit d'ampoules de culture","og_description":"L' ampoule de culture McKennaii offre un moyen simple et plus fiable de cultiver vos propres champignons \u00e0 la maison. Par rapport aux m\u00e9thodes","og_url":"https:\/\/dutchmicrodosing.com\/fr\/magique-champignon-spores\/seringues-de-culture-liquide\/mckennaii-culture-ampoule-set\/","og_site_name":"Dutchmicrodosing","article_publisher":"https:\/\/www.facebook.com\/Dutchmicrodosingxp\/","article_modified_time":"2025-08-27T16:44:22+00:00","og_image":[{"width":420,"height":400,"url":"https:\/\/dutchmicrodosing.com\/wp-content\/uploads\/2024\/05\/McKennaii-Mushroom-Spore.jpg","type":"image\/jpeg"}],"twitter_card":"summary_large_image","schema":{"@context":"https:\/\/schema.org","@graph":[{"@type":"WebPage","@id":"https:\/\/dutchmicrodosing.com\/fr\/magique-champignon-spores\/seringues-de-culture-liquide\/mckennaii-culture-ampoule-set\/","url":"https:\/\/dutchmicrodosing.com\/fr\/magique-champignon-spores\/seringues-de-culture-liquide\/mckennaii-culture-ampoule-set\/","name":"McKennaii - Kit d'ampoules de culture - Dutchmicrodosing","isPartOf":{"@id":"https:\/\/dutchmicrodosing.com\/fr\/#website"},"primaryImageOfPage":{"@id":"https:\/\/dutchmicrodosing.com\/fr\/magique-champignon-spores\/seringues-de-culture-liquide\/mckennaii-culture-ampoule-set\/#primaryimage"},"image":{"@id":"https:\/\/dutchmicrodosing.com\/fr\/magique-champignon-spores\/seringues-de-culture-liquide\/mckennaii-culture-ampoule-set\/#primaryimage"},"thumbnailUrl":"https:\/\/dutchmicrodosing.com\/wp-content\/uploads\/2024\/05\/McKennaii-Mushroom-Spore.jpg","datePublished":"2024-05-13T08:39:30+00:00","dateModified":"2025-08-27T16:44:22+00:00","description":"Ces ampoules de haute qualit\u00e9 contiennent des cultures de myc\u00e9lium puissantes pour une exp\u00e9rience de culture r\u00e9ussie. Pour plus d'informations, cliquez ici...","breadcrumb":{"@id":"https:\/\/dutchmicrodosing.com\/fr\/magique-champignon-spores\/seringues-de-culture-liquide\/mckennaii-culture-ampoule-set\/#breadcrumb"},"inLanguage":"fr-FR","potentialAction":[{"@type":"ReadAction","target":["https:\/\/dutchmicrodosing.com\/fr\/magique-champignon-spores\/seringues-de-culture-liquide\/mckennaii-culture-ampoule-set\/"]}]},{"@type":"ImageObject","inLanguage":"fr-FR","@id":"https:\/\/dutchmicrodosing.com\/fr\/magique-champignon-spores\/seringues-de-culture-liquide\/mckennaii-culture-ampoule-set\/#primaryimage","url":"https:\/\/dutchmicrodosing.com\/wp-content\/uploads\/2024\/05\/McKennaii-Mushroom-Spore.jpg","contentUrl":"https:\/\/dutchmicrodosing.com\/wp-content\/uploads\/2024\/05\/McKennaii-Mushroom-Spore.jpg","width":420,"height":400},{"@type":"BreadcrumbList","@id":"https:\/\/dutchmicrodosing.com\/fr\/magique-champignon-spores\/seringues-de-culture-liquide\/mckennaii-culture-ampoule-set\/#breadcrumb","itemListElement":[{"@type":"ListItem","position":1,"name":"Home","item":"https:\/\/dutchmicrodosing.com\/fr\/"},{"@type":"ListItem","position":2,"name":"Boutique","item":"https:\/\/dutchmicrodosing.com\/fr\/boutique\/"},{"@type":"ListItem","position":3,"name":"McKennaii &#8211; Kit d&rsquo;ampoules de culture"}]},{"@type":"WebSite","@id":"https:\/\/dutchmicrodosing.com\/fr\/#website","url":"https:\/\/dutchmicrodosing.com\/fr\/","name":"Dutchmicrodosing","description":"","publisher":{"@id":"https:\/\/dutchmicrodosing.com\/fr\/#organization"},"potentialAction":[{"@type":"SearchAction","target":{"@type":"EntryPoint","urlTemplate":"https:\/\/dutchmicrodosing.com\/fr\/?s={search_term_string}"},"query-input":{"@type":"PropertyValueSpecification","valueRequired":true,"valueName":"search_term_string"}}],"inLanguage":"fr-FR"},{"@type":"Organization","@id":"https:\/\/dutchmicrodosing.com\/fr\/#organization","name":"Dutchmicrodosing","url":"https:\/\/dutchmicrodosing.com\/fr\/","logo":{"@type":"ImageObject","inLanguage":"fr-FR","@id":"https:\/\/dutchmicrodosing.com\/fr\/#\/schema\/logo\/image\/","url":"https:\/\/dutchmicrodosing.com\/wp-content\/uploads\/2021\/01\/microdosing-categorie-pic-nieuw.jpg","contentUrl":"https:\/\/dutchmicrodosing.com\/wp-content\/uploads\/2021\/01\/microdosing-categorie-pic-nieuw.jpg","width":500,"height":500,"caption":"Dutchmicrodosing"},"image":{"@id":"https:\/\/dutchmicrodosing.com\/fr\/#\/schema\/logo\/image\/"},"sameAs":["https:\/\/www.facebook.com\/Dutchmicrodosingxp\/","https:\/\/www.instagram.com\/dutchmicrodosing\/"]}]},"product_price_amount":"16.95","product_price_currency":"EUR","og_availability":"instock","product_availability":"instock","product_retailer_item_id":"7112207","product_condition":"new"},"_links":{"self":[{"href":"https:\/\/dutchmicrodosing.com\/fr\/wp-json\/wp\/v2\/product\/39804","targetHints":{"allow":["GET"]}}],"collection":[{"href":"https:\/\/dutchmicrodosing.com\/fr\/wp-json\/wp\/v2\/product"}],"about":[{"href":"https:\/\/dutchmicrodosing.com\/fr\/wp-json\/wp\/v2\/types\/product"}],"replies":[{"embeddable":true,"href":"https:\/\/dutchmicrodosing.com\/fr\/wp-json\/wp\/v2\/comments?post=39804"}],"version-history":[{"count":0,"href":"https:\/\/dutchmicrodosing.com\/fr\/wp-json\/wp\/v2\/product\/39804\/revisions"}],"wp:featuredmedia":[{"embeddable":true,"href":"https:\/\/dutchmicrodosing.com\/fr\/wp-json\/wp\/v2\/media\/39407"}],"wp:attachment":[{"href":"https:\/\/dutchmicrodosing.com\/fr\/wp-json\/wp\/v2\/media?parent=39804"}],"wp:term":[{"taxonomy":"product_brand","embeddable":true,"href":"https:\/\/dutchmicrodosing.com\/fr\/wp-json\/wp\/v2\/product_brand?post=39804"},{"taxonomy":"product_cat","embeddable":true,"href":"https:\/\/dutchmicrodosing.com\/fr\/wp-json\/wp\/v2\/product_cat?post=39804"},{"taxonomy":"product_tag","embeddable":true,"href":"https:\/\/dutchmicrodosing.com\/fr\/wp-json\/wp\/v2\/product_tag?post=39804"}],"curies":[{"name":"wp","href":"https:\/\/api.w.org\/{rel}","templated":true}]}}