{"id":40232,"date":"2024-05-31T13:35:20","date_gmt":"2024-05-31T11:35:20","guid":{"rendered":"https:\/\/dutchmicrodosing.com\/shop\/non%20class\u00e9\/propolis-extrait-sans-alcool-30ml-propolia\/"},"modified":"2025-11-04T09:15:44","modified_gmt":"2025-11-04T08:15:44","slug":"propolis-extrait-sans-alcool-30ml-propolia","status":"publish","type":"product","link":"https:\/\/dutchmicrodosing.com\/fr\/boutique-de-sante\/vitamines-et-supplements\/propolis-extrait-sans-alcool-30ml-propolia\/","title":{"rendered":"Extrait de Propolis sans alcool 30ml &#8211; Propolia"},"content":{"rendered":"<p><strong>Extrait de propolis sans alcool 30ml<\/strong> Produit de sant\u00e9 polyvalent et facile \u00e0 utiliser, la propolis regorge d&rsquo;ingr\u00e9dients actifs tels que des flavono\u00efdes b\u00e9n\u00e9fiques pour la sant\u00e9, des min\u00e9raux, des vitamines et des huiles essentielles, et offre toute une s\u00e9rie de bienfaits. Ces composants conf\u00e8rent \u00e0 la propolis ses propri\u00e9t\u00e9s antibact\u00e9riennes, antivirales et anti-inflammatoires, ce qui lui permet d&rsquo;\u00eatre utilis\u00e9e aussi bien en usage externe qu&rsquo;interne. Il peut aider \u00e0 favoriser la cicatrisation des plaies, \u00e0 combattre les infections et \u00e0 renforcer le syst\u00e8me immunitaire.<\/p>\n<p>Cette formule 100% naturelle est con\u00e7ue pour stimuler l&rsquo;organisme et le bien-\u00eatre. Il convient \u00e0 toute la famille et peut \u00eatre utilis\u00e9 en toute saison, ce qui en fait un excellent compl\u00e9ment \u00e0 la routine de sant\u00e9 quotidienne.<\/p>\n<h3>\u00c0 QUI S&rsquo;ADRESSE LA PROPOLIS ?<\/h3>\n<p>La propolis est id\u00e9ale pour les personnes \u00e0 la recherche d&rsquo;un produit de sant\u00e9 naturel et polyvalent. Il convient \u00e0 tous ceux qui souhaitent soutenir leur sant\u00e9 et leur bien-\u00eatre gr\u00e2ce \u00e0 un produit riche en principes actifs naturels.<\/p>\n<h3>Ingr\u00e9dients<\/h3>\n<ul>\n<li>Propolis fran\u00e7aise<\/li>\n<li>Extrait de propolis purifi\u00e9 \u00e0 100<\/li>\n<li>l&rsquo;eau<\/li>\n<li>glyc\u00e9rol v\u00e9g\u00e9tal (agent mouillant)<\/li>\n<li>Gomme xanthane (\u00e9paississant)<\/li>\n<\/ul>\n<h3>Utilisation<\/h3>\n<p>Agiter avant utilisation. Pendant 7 \u00e0 30 jours cons\u00e9cutifs, prendre selon les besoins &#8211; de pr\u00e9f\u00e9rence avant les repas. Placez la solution sous la langue.<\/p>\n<ul>\n<li>Dosage d&rsquo;entretien : 2 pipettes par jour (1 pour les enfants)<\/li>\n<li>Dosage intensif : 4 pipettes par jour (2 pour les enfants &#8211; \u00e0 partir de 3 ans).<\/li>\n<\/ul>\n<h3>Avertissement<\/h3>\n<p>Ne convient pas aux femmes enceintes et aux personnes allergiques aux produits de la ruche. Tenir hors de port\u00e9e des jeunes enfants. Ne d\u00e9passez pas la dose recommand\u00e9e. Contient des polyols, une consommation excessive peut avoir un effet laxatif. Ne peut remplacer une alimentation vari\u00e9e et \u00e9quilibr\u00e9e et un mode de vie sain. Conserver au frais et \u00e0 l&rsquo;abri de la lumi\u00e8re.<\/p>\n<h3>Contenu<\/h3>\n<p>Extrait de Propolis SANS alcool 30ml &#8211; Propolia<\/p>\n","protected":false},"excerpt":{"rendered":"<p>Extrait de propolis sans alcool 30ml Produit de sant\u00e9 polyvalent et facile \u00e0 utiliser, la propolis regorge d&rsquo;ingr\u00e9dients actifs tels que des flavono\u00efdes b\u00e9n\u00e9fiques pour la sant\u00e9, des min\u00e9raux, des vitamines et des huiles essentielles, et offre toute une s\u00e9rie de bienfaits. Ces composants conf\u00e8rent \u00e0 la propolis ses propri\u00e9t\u00e9s antibact\u00e9riennes, antivirales et anti-inflammatoires, ce [&hellip;]<\/p>\n","protected":false},"featured_media":40223,"comment_status":"closed","ping_status":"closed","template":"","meta":[],"product_brand":[],"product_cat":[291,131],"product_tag":[],"class_list":{"0":"post-40232","1":"product","2":"type-product","3":"status-publish","4":"has-post-thumbnail","6":"product_cat-supplements-pour-le-systeme-immunitaire","7":"product_cat-vitamines-et-supplements","9":"first","10":"outofstock","11":"taxable","12":"shipping-taxable","13":"purchasable","14":"product-type-simple"},"yoast_head":"<!-- This site is optimized with the Yoast SEO Premium plugin v26.4 (Yoast SEO v27.2) - https:\/\/yoast.com\/product\/yoast-seo-premium-wordpress\/ -->\n<title>Extrait de Propolis sans alcool 30ml - Propolia - Dutchmicrodosing<\/title>\n<meta name=\"description\" content=\"Profitez des bienfaits naturels de la propolis ! Id\u00e9al pour les utilisateurs sensibles ! Qualit\u00e9 et puret\u00e9 \u00e9lev\u00e9es pour des soins optimaux !\" \/>\n<meta name=\"robots\" content=\"index, follow, max-snippet:-1, max-image-preview:large, max-video-preview:-1\" \/>\n<link rel=\"canonical\" href=\"https:\/\/dutchmicrodosing.com\/fr\/boutique-de-sante\/vitamines-et-supplements\/propolis-extrait-sans-alcool-30ml-propolia\/\" \/>\n<meta property=\"og:locale\" content=\"fr_FR\" \/>\n<meta property=\"og:type\" content=\"article\" \/>\n<meta property=\"og:title\" content=\"Extrait de Propolis sans alcool 30ml - Propolia\" \/>\n<meta property=\"og:description\" content=\"Extrait de propolis sans alcool 30ml Produit de sant\u00e9 polyvalent et facile \u00e0 utiliser, la propolis regorge d&#039;ingr\u00e9dients actifs tels que des flavono\u00efdes\" \/>\n<meta property=\"og:url\" content=\"https:\/\/dutchmicrodosing.com\/fr\/boutique-de-sante\/vitamines-et-supplements\/propolis-extrait-sans-alcool-30ml-propolia\/\" \/>\n<meta property=\"og:site_name\" content=\"Dutchmicrodosing\" \/>\n<meta property=\"article:publisher\" content=\"https:\/\/www.facebook.com\/Dutchmicrodosingxp\/\" \/>\n<meta property=\"article:modified_time\" content=\"2025-11-04T08:15:44+00:00\" \/>\n<meta property=\"og:image\" content=\"https:\/\/dutchmicrodosing.com\/wp-content\/uploads\/2024\/05\/propolia.png\" \/>\n\t<meta property=\"og:image:width\" content=\"500\" \/>\n\t<meta property=\"og:image:height\" content=\"500\" \/>\n\t<meta property=\"og:image:type\" content=\"image\/png\" \/>\n<meta name=\"twitter:card\" content=\"summary_large_image\" \/>\n<script type=\"application\/ld+json\" class=\"yoast-schema-graph\">{\"@context\":\"https:\/\/schema.org\",\"@graph\":[{\"@type\":\"WebPage\",\"@id\":\"https:\/\/dutchmicrodosing.com\/fr\/boutique-de-sante\/vitamines-et-supplements\/propolis-extrait-sans-alcool-30ml-propolia\/\",\"url\":\"https:\/\/dutchmicrodosing.com\/fr\/boutique-de-sante\/vitamines-et-supplements\/propolis-extrait-sans-alcool-30ml-propolia\/\",\"name\":\"Extrait de Propolis sans alcool 30ml - Propolia - Dutchmicrodosing\",\"isPartOf\":{\"@id\":\"https:\/\/dutchmicrodosing.com\/fr\/#website\"},\"primaryImageOfPage\":{\"@id\":\"https:\/\/dutchmicrodosing.com\/fr\/boutique-de-sante\/vitamines-et-supplements\/propolis-extrait-sans-alcool-30ml-propolia\/#primaryimage\"},\"image\":{\"@id\":\"https:\/\/dutchmicrodosing.com\/fr\/boutique-de-sante\/vitamines-et-supplements\/propolis-extrait-sans-alcool-30ml-propolia\/#primaryimage\"},\"thumbnailUrl\":\"https:\/\/dutchmicrodosing.com\/wp-content\/uploads\/2024\/05\/propolia.png\",\"datePublished\":\"2024-05-31T11:35:20+00:00\",\"dateModified\":\"2025-11-04T08:15:44+00:00\",\"description\":\"Profitez des bienfaits naturels de la propolis ! Id\u00e9al pour les utilisateurs sensibles ! Qualit\u00e9 et puret\u00e9 \u00e9lev\u00e9es pour des soins optimaux !\",\"breadcrumb\":{\"@id\":\"https:\/\/dutchmicrodosing.com\/fr\/boutique-de-sante\/vitamines-et-supplements\/propolis-extrait-sans-alcool-30ml-propolia\/#breadcrumb\"},\"inLanguage\":\"fr-FR\",\"potentialAction\":[{\"@type\":\"ReadAction\",\"target\":[\"https:\/\/dutchmicrodosing.com\/fr\/boutique-de-sante\/vitamines-et-supplements\/propolis-extrait-sans-alcool-30ml-propolia\/\"]}]},{\"@type\":\"ImageObject\",\"inLanguage\":\"fr-FR\",\"@id\":\"https:\/\/dutchmicrodosing.com\/fr\/boutique-de-sante\/vitamines-et-supplements\/propolis-extrait-sans-alcool-30ml-propolia\/#primaryimage\",\"url\":\"https:\/\/dutchmicrodosing.com\/wp-content\/uploads\/2024\/05\/propolia.png\",\"contentUrl\":\"https:\/\/dutchmicrodosing.com\/wp-content\/uploads\/2024\/05\/propolia.png\",\"width\":500,\"height\":500},{\"@type\":\"BreadcrumbList\",\"@id\":\"https:\/\/dutchmicrodosing.com\/fr\/boutique-de-sante\/vitamines-et-supplements\/propolis-extrait-sans-alcool-30ml-propolia\/#breadcrumb\",\"itemListElement\":[{\"@type\":\"ListItem\",\"position\":1,\"name\":\"Home\",\"item\":\"https:\/\/dutchmicrodosing.com\/fr\/\"},{\"@type\":\"ListItem\",\"position\":2,\"name\":\"Boutique\",\"item\":\"https:\/\/dutchmicrodosing.com\/fr\/boutique\/\"},{\"@type\":\"ListItem\",\"position\":3,\"name\":\"Extrait de Propolis sans alcool 30ml &#8211; Propolia\"}]},{\"@type\":\"WebSite\",\"@id\":\"https:\/\/dutchmicrodosing.com\/fr\/#website\",\"url\":\"https:\/\/dutchmicrodosing.com\/fr\/\",\"name\":\"Dutchmicrodosing\",\"description\":\"\",\"publisher\":{\"@id\":\"https:\/\/dutchmicrodosing.com\/fr\/#organization\"},\"potentialAction\":[{\"@type\":\"SearchAction\",\"target\":{\"@type\":\"EntryPoint\",\"urlTemplate\":\"https:\/\/dutchmicrodosing.com\/fr\/?s={search_term_string}\"},\"query-input\":{\"@type\":\"PropertyValueSpecification\",\"valueRequired\":true,\"valueName\":\"search_term_string\"}}],\"inLanguage\":\"fr-FR\"},{\"@type\":\"Organization\",\"@id\":\"https:\/\/dutchmicrodosing.com\/fr\/#organization\",\"name\":\"Dutchmicrodosing\",\"url\":\"https:\/\/dutchmicrodosing.com\/fr\/\",\"logo\":{\"@type\":\"ImageObject\",\"inLanguage\":\"fr-FR\",\"@id\":\"https:\/\/dutchmicrodosing.com\/fr\/#\/schema\/logo\/image\/\",\"url\":\"https:\/\/dutchmicrodosing.com\/wp-content\/uploads\/2021\/01\/microdosing-categorie-pic-nieuw.jpg\",\"contentUrl\":\"https:\/\/dutchmicrodosing.com\/wp-content\/uploads\/2021\/01\/microdosing-categorie-pic-nieuw.jpg\",\"width\":500,\"height\":500,\"caption\":\"Dutchmicrodosing\"},\"image\":{\"@id\":\"https:\/\/dutchmicrodosing.com\/fr\/#\/schema\/logo\/image\/\"},\"sameAs\":[\"https:\/\/www.facebook.com\/Dutchmicrodosingxp\/\",\"https:\/\/www.instagram.com\/dutchmicrodosing\/\"]}]}<\/script>\n<meta property=\"product:price:amount\" content=\"15.95\" \/>\n<meta property=\"product:price:currency\" content=\"EUR\" \/>\n<meta property=\"og:availability\" content=\"out of stock\" \/>\n<meta property=\"product:availability\" content=\"out of stock\" \/>\n<meta property=\"product:retailer_item_id\" content=\"4205995\" \/>\n<meta property=\"product:condition\" content=\"new\" \/>\n<!-- \/ Yoast SEO Premium plugin. -->","yoast_head_json":{"title":"Extrait de Propolis sans alcool 30ml - Propolia - Dutchmicrodosing","description":"Profitez des bienfaits naturels de la propolis ! Id\u00e9al pour les utilisateurs sensibles ! Qualit\u00e9 et puret\u00e9 \u00e9lev\u00e9es pour des soins optimaux !","robots":{"index":"index","follow":"follow","max-snippet":"max-snippet:-1","max-image-preview":"max-image-preview:large","max-video-preview":"max-video-preview:-1"},"canonical":"https:\/\/dutchmicrodosing.com\/fr\/boutique-de-sante\/vitamines-et-supplements\/propolis-extrait-sans-alcool-30ml-propolia\/","og_locale":"fr_FR","og_type":"article","og_title":"Extrait de Propolis sans alcool 30ml - Propolia","og_description":"Extrait de propolis sans alcool 30ml Produit de sant\u00e9 polyvalent et facile \u00e0 utiliser, la propolis regorge d'ingr\u00e9dients actifs tels que des flavono\u00efdes","og_url":"https:\/\/dutchmicrodosing.com\/fr\/boutique-de-sante\/vitamines-et-supplements\/propolis-extrait-sans-alcool-30ml-propolia\/","og_site_name":"Dutchmicrodosing","article_publisher":"https:\/\/www.facebook.com\/Dutchmicrodosingxp\/","article_modified_time":"2025-11-04T08:15:44+00:00","og_image":[{"width":500,"height":500,"url":"https:\/\/dutchmicrodosing.com\/wp-content\/uploads\/2024\/05\/propolia.png","type":"image\/png"}],"twitter_card":"summary_large_image","schema":{"@context":"https:\/\/schema.org","@graph":[{"@type":"WebPage","@id":"https:\/\/dutchmicrodosing.com\/fr\/boutique-de-sante\/vitamines-et-supplements\/propolis-extrait-sans-alcool-30ml-propolia\/","url":"https:\/\/dutchmicrodosing.com\/fr\/boutique-de-sante\/vitamines-et-supplements\/propolis-extrait-sans-alcool-30ml-propolia\/","name":"Extrait de Propolis sans alcool 30ml - Propolia - Dutchmicrodosing","isPartOf":{"@id":"https:\/\/dutchmicrodosing.com\/fr\/#website"},"primaryImageOfPage":{"@id":"https:\/\/dutchmicrodosing.com\/fr\/boutique-de-sante\/vitamines-et-supplements\/propolis-extrait-sans-alcool-30ml-propolia\/#primaryimage"},"image":{"@id":"https:\/\/dutchmicrodosing.com\/fr\/boutique-de-sante\/vitamines-et-supplements\/propolis-extrait-sans-alcool-30ml-propolia\/#primaryimage"},"thumbnailUrl":"https:\/\/dutchmicrodosing.com\/wp-content\/uploads\/2024\/05\/propolia.png","datePublished":"2024-05-31T11:35:20+00:00","dateModified":"2025-11-04T08:15:44+00:00","description":"Profitez des bienfaits naturels de la propolis ! Id\u00e9al pour les utilisateurs sensibles ! Qualit\u00e9 et puret\u00e9 \u00e9lev\u00e9es pour des soins optimaux !","breadcrumb":{"@id":"https:\/\/dutchmicrodosing.com\/fr\/boutique-de-sante\/vitamines-et-supplements\/propolis-extrait-sans-alcool-30ml-propolia\/#breadcrumb"},"inLanguage":"fr-FR","potentialAction":[{"@type":"ReadAction","target":["https:\/\/dutchmicrodosing.com\/fr\/boutique-de-sante\/vitamines-et-supplements\/propolis-extrait-sans-alcool-30ml-propolia\/"]}]},{"@type":"ImageObject","inLanguage":"fr-FR","@id":"https:\/\/dutchmicrodosing.com\/fr\/boutique-de-sante\/vitamines-et-supplements\/propolis-extrait-sans-alcool-30ml-propolia\/#primaryimage","url":"https:\/\/dutchmicrodosing.com\/wp-content\/uploads\/2024\/05\/propolia.png","contentUrl":"https:\/\/dutchmicrodosing.com\/wp-content\/uploads\/2024\/05\/propolia.png","width":500,"height":500},{"@type":"BreadcrumbList","@id":"https:\/\/dutchmicrodosing.com\/fr\/boutique-de-sante\/vitamines-et-supplements\/propolis-extrait-sans-alcool-30ml-propolia\/#breadcrumb","itemListElement":[{"@type":"ListItem","position":1,"name":"Home","item":"https:\/\/dutchmicrodosing.com\/fr\/"},{"@type":"ListItem","position":2,"name":"Boutique","item":"https:\/\/dutchmicrodosing.com\/fr\/boutique\/"},{"@type":"ListItem","position":3,"name":"Extrait de Propolis sans alcool 30ml &#8211; Propolia"}]},{"@type":"WebSite","@id":"https:\/\/dutchmicrodosing.com\/fr\/#website","url":"https:\/\/dutchmicrodosing.com\/fr\/","name":"Dutchmicrodosing","description":"","publisher":{"@id":"https:\/\/dutchmicrodosing.com\/fr\/#organization"},"potentialAction":[{"@type":"SearchAction","target":{"@type":"EntryPoint","urlTemplate":"https:\/\/dutchmicrodosing.com\/fr\/?s={search_term_string}"},"query-input":{"@type":"PropertyValueSpecification","valueRequired":true,"valueName":"search_term_string"}}],"inLanguage":"fr-FR"},{"@type":"Organization","@id":"https:\/\/dutchmicrodosing.com\/fr\/#organization","name":"Dutchmicrodosing","url":"https:\/\/dutchmicrodosing.com\/fr\/","logo":{"@type":"ImageObject","inLanguage":"fr-FR","@id":"https:\/\/dutchmicrodosing.com\/fr\/#\/schema\/logo\/image\/","url":"https:\/\/dutchmicrodosing.com\/wp-content\/uploads\/2021\/01\/microdosing-categorie-pic-nieuw.jpg","contentUrl":"https:\/\/dutchmicrodosing.com\/wp-content\/uploads\/2021\/01\/microdosing-categorie-pic-nieuw.jpg","width":500,"height":500,"caption":"Dutchmicrodosing"},"image":{"@id":"https:\/\/dutchmicrodosing.com\/fr\/#\/schema\/logo\/image\/"},"sameAs":["https:\/\/www.facebook.com\/Dutchmicrodosingxp\/","https:\/\/www.instagram.com\/dutchmicrodosing\/"]}]},"product_price_amount":"15.95","product_price_currency":"EUR","og_availability":"out of stock","product_availability":"out of stock","product_retailer_item_id":"4205995","product_condition":"new"},"_links":{"self":[{"href":"https:\/\/dutchmicrodosing.com\/fr\/wp-json\/wp\/v2\/product\/40232","targetHints":{"allow":["GET"]}}],"collection":[{"href":"https:\/\/dutchmicrodosing.com\/fr\/wp-json\/wp\/v2\/product"}],"about":[{"href":"https:\/\/dutchmicrodosing.com\/fr\/wp-json\/wp\/v2\/types\/product"}],"replies":[{"embeddable":true,"href":"https:\/\/dutchmicrodosing.com\/fr\/wp-json\/wp\/v2\/comments?post=40232"}],"version-history":[{"count":1,"href":"https:\/\/dutchmicrodosing.com\/fr\/wp-json\/wp\/v2\/product\/40232\/revisions"}],"predecessor-version":[{"id":60898,"href":"https:\/\/dutchmicrodosing.com\/fr\/wp-json\/wp\/v2\/product\/40232\/revisions\/60898"}],"wp:featuredmedia":[{"embeddable":true,"href":"https:\/\/dutchmicrodosing.com\/fr\/wp-json\/wp\/v2\/media\/40223"}],"wp:attachment":[{"href":"https:\/\/dutchmicrodosing.com\/fr\/wp-json\/wp\/v2\/media?parent=40232"}],"wp:term":[{"taxonomy":"product_brand","embeddable":true,"href":"https:\/\/dutchmicrodosing.com\/fr\/wp-json\/wp\/v2\/product_brand?post=40232"},{"taxonomy":"product_cat","embeddable":true,"href":"https:\/\/dutchmicrodosing.com\/fr\/wp-json\/wp\/v2\/product_cat?post=40232"},{"taxonomy":"product_tag","embeddable":true,"href":"https:\/\/dutchmicrodosing.com\/fr\/wp-json\/wp\/v2\/product_tag?post=40232"}],"curies":[{"name":"wp","href":"https:\/\/api.w.org\/{rel}","templated":true}]}}