{"id":40235,"date":"2024-05-31T12:59:35","date_gmt":"2024-05-31T10:59:35","guid":{"rendered":"https:\/\/dutchmicrodosing.com\/shop\/non%20class\u00e9\/propolis-ultra-capsules-120-pieces-propolia\/"},"modified":"2025-11-11T20:32:30","modified_gmt":"2025-11-11T19:32:30","slug":"propolis-ultra-capsules-120-pieces-propolia","status":"publish","type":"product","link":"https:\/\/dutchmicrodosing.com\/fr\/boutique-de-sante\/supplements-pour-le-systeme-immunitaire\/propolis-ultra-capsules-120-pieces-propolia\/","title":{"rendered":"Propolis Ultra Capsules 120 pi\u00e8ces &#8211; Propolia"},"content":{"rendered":"<p>Les <strong>g\u00e9lules Propolis Ultra<\/strong> de Propolia sont des compl\u00e9ments sans gluten sp\u00e9cialement con\u00e7us pour soulager l&rsquo;inconfort abdominal et soutenir le syst\u00e8me immunitaire. Ils contiennent une tr\u00e8s forte concentration de propolis purifi\u00e9e \u00e0 99% provenant directement de la r\u00e9gion Occitanie \/ Pyr\u00e9n\u00e9es-M\u00e9diterran\u00e9e. En transformant la propolis en une poudre extr\u00eamement fine dont la taille des particules n&rsquo;est que de 30 PPM, l&rsquo;organisme peut absorber plus efficacement les principes actifs. Cette m\u00e9thode de traitement minutieuse renforce les propri\u00e9t\u00e9s nettoyantes de la propolis, am\u00e9liorant ainsi la capacit\u00e9 de l&rsquo;organisme \u00e0 r\u00e9sister aux agents pathog\u00e8nes.<\/p>\n<h3>Quelles sont les principales caract\u00e9ristiques de la propolis ?<\/h3>\n<ul>\n<li><strong>D\u00e9riv\u00e9e des abeilles mellif\u00e8res<\/strong>: la propolis est produite par les abeilles \u00e0 partir des r\u00e9sines de diverses plantes et arbres.<\/li>\n<li><strong>Protection dans la ru<\/strong>che : les abeilles utilisent la propolis pour prot\u00e9ger leur ruche des bact\u00e9ries et des champignons.<\/li>\n<li>Un <strong>produit de sant\u00e9 polyvalent<\/strong>: la propolis est largement utilis\u00e9e \u00e0 des fins sanitaires diverses gr\u00e2ce \u00e0 ses propri\u00e9t\u00e9s antibact\u00e9riennes et antifongiques.<\/li>\n<li><strong>Naturellement riche en nutriments<\/strong>: Contient une s\u00e9rie de min\u00e9raux et de vitamines essentiels \u00e0 la sant\u00e9.<\/li>\n<li><strong>Contient plus de 300 ingr\u00e9dients actifs<\/strong>: Sa composition complexe contribue \u00e0 ses multiples bienfaits pour la sant\u00e9.<\/li>\n<li><strong>Riche en compos\u00e9s bioactifs<\/strong>: Comprend un riche m\u00e9lange de flavono\u00efdes, d&rsquo;acides ph\u00e9noliques et d&rsquo;huiles essentielles, qui contribuent tous \u00e0 ses propri\u00e9t\u00e9s th\u00e9rapeutiques.<\/li>\n<\/ul>\n<h3>Mode d&#8217;emploi<\/h3>\n<p>Pour renforcer le syst\u00e8me immunitaire, une cure d&rsquo;un mois est recommand\u00e9e, en prenant 4 g\u00e9lules avant le petit-d\u00e9jeuner et 4 g\u00e9lules avant le d\u00eener chaque jour (8 g\u00e9lules par jour). Une cure d&rsquo;un mois n\u00e9cessite 240 g\u00e9lules, soit deux pots de 120 g\u00e9lules.<\/p>\n<h3>Recommandations<\/h3>\n<p>Ne convient pas aux personnes allergiques aux produits de la ruche, aux femmes enceintes et aux enfants de moins de 3 ans. Un compl\u00e9ment alimentaire ne peut se substituer \u00e0 une alimentation vari\u00e9e et \u00e9quilibr\u00e9e et \u00e0 un mode de vie sain. Tenir hors de port\u00e9e des jeunes enfants. Ne d\u00e9passez pas la dose recommand\u00e9e. Conserver au frais et au sec. Ce produit n&rsquo;est pas un m\u00e9dicament.<\/p>\n<h3>Ingr\u00e9dients<\/h3>\n<p>Pour 8 g\u00e9lules :<\/p>\n<ul>\n<li>Extrait de propolis 2.4g (excipient : amidon de ma\u00efs 1.8g)<\/li>\n<li>Enveloppe de la capsule : v\u00e9g\u00e9tale.<\/li>\n<\/ul>\n<h3>Contenu<\/h3>\n<p>Propolis Ultra Capsules de Propolia &#8211; 120 Capsules<\/p>\n","protected":false},"excerpt":{"rendered":"<p>Les g\u00e9lules Propolis Ultra de Propolia sont des compl\u00e9ments sans gluten sp\u00e9cialement con\u00e7us pour soulager l&rsquo;inconfort abdominal et soutenir le syst\u00e8me immunitaire. Ils contiennent une tr\u00e8s forte concentration de propolis purifi\u00e9e \u00e0 99% provenant directement de la r\u00e9gion Occitanie \/ Pyr\u00e9n\u00e9es-M\u00e9diterran\u00e9e. En transformant la propolis en une poudre extr\u00eamement fine dont la taille des particules [&hellip;]<\/p>\n","protected":false},"featured_media":40247,"comment_status":"closed","ping_status":"closed","template":"","meta":[],"product_brand":[],"product_cat":[291,131],"product_tag":[],"class_list":{"0":"post-40235","1":"product","2":"type-product","3":"status-publish","4":"has-post-thumbnail","6":"product_cat-supplements-pour-le-systeme-immunitaire","7":"product_cat-vitamines-et-supplements","9":"first","10":"instock","11":"taxable","12":"shipping-taxable","13":"purchasable","14":"product-type-simple"},"yoast_head":"<!-- This site is optimized with the Yoast SEO Premium plugin v26.4 (Yoast SEO v27.4) - https:\/\/yoast.com\/product\/yoast-seo-premium-wordpress\/ -->\n<title>Propolis Ultra Capsules 120 pi\u00e8ces - Propolia - Dutchmicrodosing<\/title>\n<meta name=\"description\" content=\"Sp\u00e9cialement con\u00e7u pour soulager l&#039;inconfort abdominal et soutenir le syst\u00e8me immunitaire. Contient 99% de propolis purifi\u00e9e d&#039;Occitanie ! Cliquez ici pour plus d&#039;informations\" \/>\n<meta name=\"robots\" content=\"index, follow, max-snippet:-1, max-image-preview:large, max-video-preview:-1\" \/>\n<link rel=\"canonical\" href=\"https:\/\/dutchmicrodosing.com\/fr\/boutique-de-sante\/supplements-pour-le-systeme-immunitaire\/propolis-ultra-capsules-120-pieces-propolia\/\" \/>\n<meta property=\"og:locale\" content=\"fr_FR\" \/>\n<meta property=\"og:type\" content=\"article\" \/>\n<meta property=\"og:title\" content=\"Propolis Ultra Capsules 120 pi\u00e8ces - Propolia\" \/>\n<meta property=\"og:description\" content=\"Les g\u00e9lules Propolis Ultra de Propolia sont des compl\u00e9ments sans gluten sp\u00e9cialement con\u00e7us pour soulager l&#039;inconfort abdominal et soutenir le syst\u00e8me\" \/>\n<meta property=\"og:url\" content=\"https:\/\/dutchmicrodosing.com\/fr\/boutique-de-sante\/supplements-pour-le-systeme-immunitaire\/propolis-ultra-capsules-120-pieces-propolia\/\" \/>\n<meta property=\"og:site_name\" content=\"Dutchmicrodosing\" \/>\n<meta property=\"article:publisher\" content=\"https:\/\/www.facebook.com\/Dutchmicrodosingxp\/\" \/>\n<meta property=\"article:modified_time\" content=\"2025-11-11T19:32:30+00:00\" \/>\n<meta property=\"og:image\" content=\"https:\/\/dutchmicrodosing.com\/wp-content\/uploads\/2024\/05\/capsules-propolia.png\" \/>\n\t<meta property=\"og:image:width\" content=\"500\" \/>\n\t<meta property=\"og:image:height\" content=\"500\" \/>\n\t<meta property=\"og:image:type\" content=\"image\/png\" \/>\n<meta name=\"twitter:card\" content=\"summary_large_image\" \/>\n<script type=\"application\/ld+json\" class=\"yoast-schema-graph\">{\"@context\":\"https:\\\/\\\/schema.org\",\"@graph\":[{\"@type\":\"WebPage\",\"@id\":\"https:\\\/\\\/dutchmicrodosing.com\\\/fr\\\/boutique-de-sante\\\/supplements-pour-le-systeme-immunitaire\\\/propolis-ultra-capsules-120-pieces-propolia\\\/\",\"url\":\"https:\\\/\\\/dutchmicrodosing.com\\\/fr\\\/boutique-de-sante\\\/supplements-pour-le-systeme-immunitaire\\\/propolis-ultra-capsules-120-pieces-propolia\\\/\",\"name\":\"Propolis Ultra Capsules 120 pi\u00e8ces - Propolia - Dutchmicrodosing\",\"isPartOf\":{\"@id\":\"https:\\\/\\\/dutchmicrodosing.com\\\/fr\\\/#website\"},\"primaryImageOfPage\":{\"@id\":\"https:\\\/\\\/dutchmicrodosing.com\\\/fr\\\/boutique-de-sante\\\/supplements-pour-le-systeme-immunitaire\\\/propolis-ultra-capsules-120-pieces-propolia\\\/#primaryimage\"},\"image\":{\"@id\":\"https:\\\/\\\/dutchmicrodosing.com\\\/fr\\\/boutique-de-sante\\\/supplements-pour-le-systeme-immunitaire\\\/propolis-ultra-capsules-120-pieces-propolia\\\/#primaryimage\"},\"thumbnailUrl\":\"https:\\\/\\\/dutchmicrodosing.com\\\/wp-content\\\/uploads\\\/2024\\\/05\\\/capsules-propolia.png\",\"datePublished\":\"2024-05-31T10:59:35+00:00\",\"dateModified\":\"2025-11-11T19:32:30+00:00\",\"description\":\"Sp\u00e9cialement con\u00e7u pour soulager l'inconfort abdominal et soutenir le syst\u00e8me immunitaire. Contient 99% de propolis purifi\u00e9e d'Occitanie ! Cliquez ici pour plus d'informations\",\"breadcrumb\":{\"@id\":\"https:\\\/\\\/dutchmicrodosing.com\\\/fr\\\/boutique-de-sante\\\/supplements-pour-le-systeme-immunitaire\\\/propolis-ultra-capsules-120-pieces-propolia\\\/#breadcrumb\"},\"inLanguage\":\"fr-FR\",\"potentialAction\":[{\"@type\":\"ReadAction\",\"target\":[\"https:\\\/\\\/dutchmicrodosing.com\\\/fr\\\/boutique-de-sante\\\/supplements-pour-le-systeme-immunitaire\\\/propolis-ultra-capsules-120-pieces-propolia\\\/\"]}]},{\"@type\":\"ImageObject\",\"inLanguage\":\"fr-FR\",\"@id\":\"https:\\\/\\\/dutchmicrodosing.com\\\/fr\\\/boutique-de-sante\\\/supplements-pour-le-systeme-immunitaire\\\/propolis-ultra-capsules-120-pieces-propolia\\\/#primaryimage\",\"url\":\"https:\\\/\\\/dutchmicrodosing.com\\\/wp-content\\\/uploads\\\/2024\\\/05\\\/capsules-propolia.png\",\"contentUrl\":\"https:\\\/\\\/dutchmicrodosing.com\\\/wp-content\\\/uploads\\\/2024\\\/05\\\/capsules-propolia.png\",\"width\":500,\"height\":500},{\"@type\":\"BreadcrumbList\",\"@id\":\"https:\\\/\\\/dutchmicrodosing.com\\\/fr\\\/boutique-de-sante\\\/supplements-pour-le-systeme-immunitaire\\\/propolis-ultra-capsules-120-pieces-propolia\\\/#breadcrumb\",\"itemListElement\":[{\"@type\":\"ListItem\",\"position\":1,\"name\":\"Home\",\"item\":\"https:\\\/\\\/dutchmicrodosing.com\\\/fr\\\/\"},{\"@type\":\"ListItem\",\"position\":2,\"name\":\"Boutique\",\"item\":\"https:\\\/\\\/dutchmicrodosing.com\\\/fr\\\/boutique\\\/\"},{\"@type\":\"ListItem\",\"position\":3,\"name\":\"Propolis Ultra Capsules 120 pi\u00e8ces &#8211; Propolia\"}]},{\"@type\":\"WebSite\",\"@id\":\"https:\\\/\\\/dutchmicrodosing.com\\\/fr\\\/#website\",\"url\":\"https:\\\/\\\/dutchmicrodosing.com\\\/fr\\\/\",\"name\":\"Dutchmicrodosing\",\"description\":\"\",\"publisher\":{\"@id\":\"https:\\\/\\\/dutchmicrodosing.com\\\/fr\\\/#organization\"},\"potentialAction\":[{\"@type\":\"SearchAction\",\"target\":{\"@type\":\"EntryPoint\",\"urlTemplate\":\"https:\\\/\\\/dutchmicrodosing.com\\\/fr\\\/?s={search_term_string}\"},\"query-input\":{\"@type\":\"PropertyValueSpecification\",\"valueRequired\":true,\"valueName\":\"search_term_string\"}}],\"inLanguage\":\"fr-FR\"},{\"@type\":\"Organization\",\"@id\":\"https:\\\/\\\/dutchmicrodosing.com\\\/fr\\\/#organization\",\"name\":\"Dutchmicrodosing\",\"url\":\"https:\\\/\\\/dutchmicrodosing.com\\\/fr\\\/\",\"logo\":{\"@type\":\"ImageObject\",\"inLanguage\":\"fr-FR\",\"@id\":\"https:\\\/\\\/dutchmicrodosing.com\\\/fr\\\/#\\\/schema\\\/logo\\\/image\\\/\",\"url\":\"https:\\\/\\\/dutchmicrodosing.com\\\/wp-content\\\/uploads\\\/2021\\\/01\\\/microdosing-categorie-pic-nieuw.jpg\",\"contentUrl\":\"https:\\\/\\\/dutchmicrodosing.com\\\/wp-content\\\/uploads\\\/2021\\\/01\\\/microdosing-categorie-pic-nieuw.jpg\",\"width\":500,\"height\":500,\"caption\":\"Dutchmicrodosing\"},\"image\":{\"@id\":\"https:\\\/\\\/dutchmicrodosing.com\\\/fr\\\/#\\\/schema\\\/logo\\\/image\\\/\"},\"sameAs\":[\"https:\\\/\\\/www.facebook.com\\\/Dutchmicrodosingxp\\\/\",\"https:\\\/\\\/www.instagram.com\\\/dutchmicrodosing\\\/\"]}]}<\/script>\n<meta property=\"product:price:amount\" content=\"23.95\" \/>\n<meta property=\"product:price:currency\" content=\"EUR\" \/>\n<meta property=\"og:availability\" content=\"instock\" \/>\n<meta property=\"product:availability\" content=\"instock\" \/>\n<meta property=\"product:retailer_item_id\" content=\"4205435\" \/>\n<meta property=\"product:condition\" content=\"new\" \/>\n<!-- \/ Yoast SEO Premium plugin. -->","yoast_head_json":{"title":"Propolis Ultra Capsules 120 pi\u00e8ces - Propolia - Dutchmicrodosing","description":"Sp\u00e9cialement con\u00e7u pour soulager l'inconfort abdominal et soutenir le syst\u00e8me immunitaire. Contient 99% de propolis purifi\u00e9e d'Occitanie ! Cliquez ici pour plus d'informations","robots":{"index":"index","follow":"follow","max-snippet":"max-snippet:-1","max-image-preview":"max-image-preview:large","max-video-preview":"max-video-preview:-1"},"canonical":"https:\/\/dutchmicrodosing.com\/fr\/boutique-de-sante\/supplements-pour-le-systeme-immunitaire\/propolis-ultra-capsules-120-pieces-propolia\/","og_locale":"fr_FR","og_type":"article","og_title":"Propolis Ultra Capsules 120 pi\u00e8ces - Propolia","og_description":"Les g\u00e9lules Propolis Ultra de Propolia sont des compl\u00e9ments sans gluten sp\u00e9cialement con\u00e7us pour soulager l'inconfort abdominal et soutenir le syst\u00e8me","og_url":"https:\/\/dutchmicrodosing.com\/fr\/boutique-de-sante\/supplements-pour-le-systeme-immunitaire\/propolis-ultra-capsules-120-pieces-propolia\/","og_site_name":"Dutchmicrodosing","article_publisher":"https:\/\/www.facebook.com\/Dutchmicrodosingxp\/","article_modified_time":"2025-11-11T19:32:30+00:00","og_image":[{"width":500,"height":500,"url":"https:\/\/dutchmicrodosing.com\/wp-content\/uploads\/2024\/05\/capsules-propolia.png","type":"image\/png"}],"twitter_card":"summary_large_image","schema":{"@context":"https:\/\/schema.org","@graph":[{"@type":"WebPage","@id":"https:\/\/dutchmicrodosing.com\/fr\/boutique-de-sante\/supplements-pour-le-systeme-immunitaire\/propolis-ultra-capsules-120-pieces-propolia\/","url":"https:\/\/dutchmicrodosing.com\/fr\/boutique-de-sante\/supplements-pour-le-systeme-immunitaire\/propolis-ultra-capsules-120-pieces-propolia\/","name":"Propolis Ultra Capsules 120 pi\u00e8ces - Propolia - Dutchmicrodosing","isPartOf":{"@id":"https:\/\/dutchmicrodosing.com\/fr\/#website"},"primaryImageOfPage":{"@id":"https:\/\/dutchmicrodosing.com\/fr\/boutique-de-sante\/supplements-pour-le-systeme-immunitaire\/propolis-ultra-capsules-120-pieces-propolia\/#primaryimage"},"image":{"@id":"https:\/\/dutchmicrodosing.com\/fr\/boutique-de-sante\/supplements-pour-le-systeme-immunitaire\/propolis-ultra-capsules-120-pieces-propolia\/#primaryimage"},"thumbnailUrl":"https:\/\/dutchmicrodosing.com\/wp-content\/uploads\/2024\/05\/capsules-propolia.png","datePublished":"2024-05-31T10:59:35+00:00","dateModified":"2025-11-11T19:32:30+00:00","description":"Sp\u00e9cialement con\u00e7u pour soulager l'inconfort abdominal et soutenir le syst\u00e8me immunitaire. Contient 99% de propolis purifi\u00e9e d'Occitanie ! Cliquez ici pour plus d'informations","breadcrumb":{"@id":"https:\/\/dutchmicrodosing.com\/fr\/boutique-de-sante\/supplements-pour-le-systeme-immunitaire\/propolis-ultra-capsules-120-pieces-propolia\/#breadcrumb"},"inLanguage":"fr-FR","potentialAction":[{"@type":"ReadAction","target":["https:\/\/dutchmicrodosing.com\/fr\/boutique-de-sante\/supplements-pour-le-systeme-immunitaire\/propolis-ultra-capsules-120-pieces-propolia\/"]}]},{"@type":"ImageObject","inLanguage":"fr-FR","@id":"https:\/\/dutchmicrodosing.com\/fr\/boutique-de-sante\/supplements-pour-le-systeme-immunitaire\/propolis-ultra-capsules-120-pieces-propolia\/#primaryimage","url":"https:\/\/dutchmicrodosing.com\/wp-content\/uploads\/2024\/05\/capsules-propolia.png","contentUrl":"https:\/\/dutchmicrodosing.com\/wp-content\/uploads\/2024\/05\/capsules-propolia.png","width":500,"height":500},{"@type":"BreadcrumbList","@id":"https:\/\/dutchmicrodosing.com\/fr\/boutique-de-sante\/supplements-pour-le-systeme-immunitaire\/propolis-ultra-capsules-120-pieces-propolia\/#breadcrumb","itemListElement":[{"@type":"ListItem","position":1,"name":"Home","item":"https:\/\/dutchmicrodosing.com\/fr\/"},{"@type":"ListItem","position":2,"name":"Boutique","item":"https:\/\/dutchmicrodosing.com\/fr\/boutique\/"},{"@type":"ListItem","position":3,"name":"Propolis Ultra Capsules 120 pi\u00e8ces &#8211; Propolia"}]},{"@type":"WebSite","@id":"https:\/\/dutchmicrodosing.com\/fr\/#website","url":"https:\/\/dutchmicrodosing.com\/fr\/","name":"Dutchmicrodosing","description":"","publisher":{"@id":"https:\/\/dutchmicrodosing.com\/fr\/#organization"},"potentialAction":[{"@type":"SearchAction","target":{"@type":"EntryPoint","urlTemplate":"https:\/\/dutchmicrodosing.com\/fr\/?s={search_term_string}"},"query-input":{"@type":"PropertyValueSpecification","valueRequired":true,"valueName":"search_term_string"}}],"inLanguage":"fr-FR"},{"@type":"Organization","@id":"https:\/\/dutchmicrodosing.com\/fr\/#organization","name":"Dutchmicrodosing","url":"https:\/\/dutchmicrodosing.com\/fr\/","logo":{"@type":"ImageObject","inLanguage":"fr-FR","@id":"https:\/\/dutchmicrodosing.com\/fr\/#\/schema\/logo\/image\/","url":"https:\/\/dutchmicrodosing.com\/wp-content\/uploads\/2021\/01\/microdosing-categorie-pic-nieuw.jpg","contentUrl":"https:\/\/dutchmicrodosing.com\/wp-content\/uploads\/2021\/01\/microdosing-categorie-pic-nieuw.jpg","width":500,"height":500,"caption":"Dutchmicrodosing"},"image":{"@id":"https:\/\/dutchmicrodosing.com\/fr\/#\/schema\/logo\/image\/"},"sameAs":["https:\/\/www.facebook.com\/Dutchmicrodosingxp\/","https:\/\/www.instagram.com\/dutchmicrodosing\/"]}]},"product_price_amount":"23.95","product_price_currency":"EUR","og_availability":"instock","product_availability":"instock","product_retailer_item_id":"4205435","product_condition":"new"},"_links":{"self":[{"href":"https:\/\/dutchmicrodosing.com\/fr\/wp-json\/wp\/v2\/product\/40235","targetHints":{"allow":["GET"]}}],"collection":[{"href":"https:\/\/dutchmicrodosing.com\/fr\/wp-json\/wp\/v2\/product"}],"about":[{"href":"https:\/\/dutchmicrodosing.com\/fr\/wp-json\/wp\/v2\/types\/product"}],"replies":[{"embeddable":true,"href":"https:\/\/dutchmicrodosing.com\/fr\/wp-json\/wp\/v2\/comments?post=40235"}],"version-history":[{"count":1,"href":"https:\/\/dutchmicrodosing.com\/fr\/wp-json\/wp\/v2\/product\/40235\/revisions"}],"predecessor-version":[{"id":61740,"href":"https:\/\/dutchmicrodosing.com\/fr\/wp-json\/wp\/v2\/product\/40235\/revisions\/61740"}],"wp:featuredmedia":[{"embeddable":true,"href":"https:\/\/dutchmicrodosing.com\/fr\/wp-json\/wp\/v2\/media\/40247"}],"wp:attachment":[{"href":"https:\/\/dutchmicrodosing.com\/fr\/wp-json\/wp\/v2\/media?parent=40235"}],"wp:term":[{"taxonomy":"product_brand","embeddable":true,"href":"https:\/\/dutchmicrodosing.com\/fr\/wp-json\/wp\/v2\/product_brand?post=40235"},{"taxonomy":"product_cat","embeddable":true,"href":"https:\/\/dutchmicrodosing.com\/fr\/wp-json\/wp\/v2\/product_cat?post=40235"},{"taxonomy":"product_tag","embeddable":true,"href":"https:\/\/dutchmicrodosing.com\/fr\/wp-json\/wp\/v2\/product_tag?post=40235"}],"curies":[{"name":"wp","href":"https:\/\/api.w.org\/{rel}","templated":true}]}}