{"id":4026,"date":"2021-02-02T15:56:28","date_gmt":"2021-02-02T14:56:28","guid":{"rendered":"https:\/\/dutchmicrodosing.com\/shop\/non%20class\u00e9\/microdosingxp-paquet-de-10\/"},"modified":"2025-11-20T11:54:16","modified_gmt":"2025-11-20T10:54:16","slug":"microdosingxp-10-pack","status":"publish","type":"product","link":"https:\/\/dutchmicrodosing.com\/fr\/microdosage\/microdosingxp-10-pack\/","title":{"rendered":"MicrodosingXP &#8211; paquet de 10"},"content":{"rendered":"<p>Les truffes <strong>XP Microdosing<\/strong> sont fabriqu\u00e9es par des experts ayant plusieurs d\u00e9cennies d&rsquo;exp\u00e9rience dans la culture des truffes \u00e0 la psilocybine. La qualit\u00e9 des produits de XP Microdosing truffes peut \u00eatre qualifi\u00e9e d&rsquo;excellente. Ces truffes magiques sont 100% biologiques et exemptes de pesticides et de produits chimiques.<\/p>\n<h3>Ingr\u00e9dients<\/h3>\n<p>6 x 1 gramme de truffe \u00e0 la psilocybine. Chaque dose de 1 gramme contient +\/- 1mg de psilocybine.<\/p>\n<h3>Contenu<\/h3>\n<p>10 x truffes Microdosing XP contenant 6 truffes de 1 gramme de psilocybine. Le poids total des truffes \u00e9tait de 6 grammes. Ce paquet de 10 est bon pour 120 jours, convient pour une cure de 60 jours pour 2 personnes, peut \u00eatre conserv\u00e9 au r\u00e9frig\u00e9rateur pendant 9 \u00e0 12 semaines.<\/p>\n<h3>Utilisation<\/h3>\n<p>Le microdosage consiste \u00e0 ing\u00e9rer p\u00e9riodiquement de petites quantit\u00e9s de psilcybine. Comme les doses de truffes sont faibles, il n&rsquo;y aura pas d&rsquo;effets lourds ressentis ou per\u00e7us. Pour un effet optimal, nous recommandons de consommer la microdose de truffes le matin \u00e0 jeun.<\/p>\n<ul>\n<li>Jour 1 : 1 dose de 1 gr.<\/li>\n<li>Jour 2 : Pas de dose, repos<\/li>\n<li>Jour 3 : 1 dose de 1gr<\/li>\n<li>Jour 4 : Pas de dose, repos<\/li>\n<li>Jour 5 : 1 dose de 1gr<\/li>\n<li>Jour 6 : Pas de dose, repos<\/li>\n<li>Jour 7 : 1 dose de 1gr<\/li>\n<li>Jour 8 : Reprendre au jour 1<\/li>\n<\/ul>\n<p>Le <a href=\"https:\/\/dutchmicrodosing.fr\/routine-de-microdosage\/\">programme de dosage<\/a> est un cycle qui est r\u00e9p\u00e9t\u00e9 continuellement jusqu&rsquo;\u00e0 ce que le nombre de semaines souhait\u00e9 de la cure soit atteint. Vous prenez les truffes XP microdosing 1 \u00e0 2 mois. Ensuite, vous faites une pause de 2 \u00e0 4 semaines. Une micro-dose ne vous fera pas tripper ou halluciner. On peut toutefois observer des effets subtils.<\/p>\n<h3>Conseils de stockage<\/h3>\n<p>Conservez vos truffes Microdosing XP dans un r\u00e9frig\u00e9rateur \u00e0 une temp\u00e9rature comprise entre 2 et 4 degr\u00e9s Celsius. Veillez \u00e0 v\u00e9rifier la date de p\u00e9remption indiqu\u00e9e sur l&#8217;emballage pour savoir combien de temps ils se conservent.<\/p>\n<h3>IMPORTANT<\/h3>\n<p>Ne pas utiliser les truffes XP Microdosing :<\/p>\n<ul>\n<li>En combinaison avec l&rsquo;alcool ou d&rsquo;autres drogues<\/li>\n<li>En cas de grossesse ou d&rsquo;allaitement<\/li>\n<li>En association avec le carbonate de lithium<\/li>\n<li>Dans le cas d&rsquo;un trouble et\/ou d&rsquo;une maladie mentale ou physique<\/li>\n<li>En cas de daltonisme<\/li>\n<\/ul>\n","protected":false},"excerpt":{"rendered":"<p>Les truffes XP Microdosing sont fabriqu\u00e9es par des experts ayant plusieurs d\u00e9cennies d&rsquo;exp\u00e9rience dans la culture des truffes \u00e0 la psilocybine. La qualit\u00e9 des produits de XP Microdosing truffes peut \u00eatre qualifi\u00e9e d&rsquo;excellente. Ces truffes magiques sont 100% biologiques et exemptes de pesticides et de produits chimiques. Ingr\u00e9dients 6 x 1 gramme de truffe \u00e0 [&hellip;]<\/p>\n","protected":false},"featured_media":3630,"comment_status":"open","ping_status":"closed","template":"","meta":[],"product_brand":[],"product_cat":[100,316],"product_tag":[],"class_list":{"0":"post-4026","1":"product","2":"type-product","3":"status-publish","4":"has-post-thumbnail","6":"product_cat-microdosage","7":"product_cat-supplements-pour-la-creativite","9":"first","10":"instock","11":"taxable","12":"shipping-taxable","13":"purchasable","14":"product-type-simple"},"yoast_head":"<!-- This site is optimized with the Yoast SEO Premium plugin v26.4 (Yoast SEO v27.2) - https:\/\/yoast.com\/product\/yoast-seo-premium-wordpress\/ -->\n<title>Microdosing XP Acheter 10-pack | Command\u00e9 avant 16:00 Aujourd&#039;hui Exp\u00e9di\u00e9<\/title>\n<meta name=\"description\" content=\"Acheter des truffes XP microdos\u00e9es ? Distributeur officiel de MicrodosingXP 60 truffes fra\u00eeches de microdosage de 1 gramme exp\u00e9di\u00e9es discr\u00e8tement.\" \/>\n<meta name=\"robots\" content=\"index, follow, max-snippet:-1, max-image-preview:large, max-video-preview:-1\" \/>\n<link rel=\"canonical\" href=\"https:\/\/dutchmicrodosing.com\/fr\/microdosage\/microdosingxp-10-pack\/\" \/>\n<meta property=\"og:locale\" content=\"fr_FR\" \/>\n<meta property=\"og:type\" content=\"article\" \/>\n<meta property=\"og:title\" content=\"MicrodosingXP - paquet de 10\" \/>\n<meta property=\"og:description\" content=\"Les truffes XP Microdosing sont fabriqu\u00e9es par des experts ayant plusieurs d\u00e9cennies d&#039;exp\u00e9rience dans la culture des truffes \u00e0 la psilocybine. La qualit\u00e9\" \/>\n<meta property=\"og:url\" content=\"https:\/\/dutchmicrodosing.com\/fr\/microdosage\/microdosingxp-10-pack\/\" \/>\n<meta property=\"og:site_name\" content=\"Dutchmicrodosing\" \/>\n<meta property=\"article:publisher\" content=\"https:\/\/www.facebook.com\/Dutchmicrodosingxp\/\" \/>\n<meta property=\"article:modified_time\" content=\"2025-11-20T10:54:16+00:00\" \/>\n<meta property=\"og:image\" content=\"https:\/\/dutchmicrodosing.com\/wp-content\/uploads\/2021\/02\/MicrodosingXP_mockups_102pack.jpg\" \/>\n\t<meta property=\"og:image:width\" content=\"500\" \/>\n\t<meta property=\"og:image:height\" content=\"500\" \/>\n\t<meta property=\"og:image:type\" content=\"image\/jpeg\" \/>\n<meta name=\"twitter:card\" content=\"summary_large_image\" \/>\n<script type=\"application\/ld+json\" class=\"yoast-schema-graph\">{\"@context\":\"https:\/\/schema.org\",\"@graph\":[{\"@type\":\"WebPage\",\"@id\":\"https:\/\/dutchmicrodosing.com\/fr\/microdosage\/microdosingxp-10-pack\/\",\"url\":\"https:\/\/dutchmicrodosing.com\/fr\/microdosage\/microdosingxp-10-pack\/\",\"name\":\"Microdosing XP Acheter 10-pack | Command\u00e9 avant 16:00 Aujourd'hui Exp\u00e9di\u00e9\",\"isPartOf\":{\"@id\":\"https:\/\/dutchmicrodosing.com\/fr\/#website\"},\"primaryImageOfPage\":{\"@id\":\"https:\/\/dutchmicrodosing.com\/fr\/microdosage\/microdosingxp-10-pack\/#primaryimage\"},\"image\":{\"@id\":\"https:\/\/dutchmicrodosing.com\/fr\/microdosage\/microdosingxp-10-pack\/#primaryimage\"},\"thumbnailUrl\":\"https:\/\/dutchmicrodosing.com\/wp-content\/uploads\/2021\/02\/MicrodosingXP_mockups_102pack.jpg\",\"datePublished\":\"2021-02-02T14:56:28+00:00\",\"dateModified\":\"2025-11-20T10:54:16+00:00\",\"description\":\"Acheter des truffes XP microdos\u00e9es ? Distributeur officiel de MicrodosingXP 60 truffes fra\u00eeches de microdosage de 1 gramme exp\u00e9di\u00e9es discr\u00e8tement.\",\"breadcrumb\":{\"@id\":\"https:\/\/dutchmicrodosing.com\/fr\/microdosage\/microdosingxp-10-pack\/#breadcrumb\"},\"inLanguage\":\"fr-FR\",\"potentialAction\":[{\"@type\":\"ReadAction\",\"target\":[\"https:\/\/dutchmicrodosing.com\/fr\/microdosage\/microdosingxp-10-pack\/\"]}]},{\"@type\":\"ImageObject\",\"inLanguage\":\"fr-FR\",\"@id\":\"https:\/\/dutchmicrodosing.com\/fr\/microdosage\/microdosingxp-10-pack\/#primaryimage\",\"url\":\"https:\/\/dutchmicrodosing.com\/wp-content\/uploads\/2021\/02\/MicrodosingXP_mockups_102pack.jpg\",\"contentUrl\":\"https:\/\/dutchmicrodosing.com\/wp-content\/uploads\/2021\/02\/MicrodosingXP_mockups_102pack.jpg\",\"width\":500,\"height\":500},{\"@type\":\"BreadcrumbList\",\"@id\":\"https:\/\/dutchmicrodosing.com\/fr\/microdosage\/microdosingxp-10-pack\/#breadcrumb\",\"itemListElement\":[{\"@type\":\"ListItem\",\"position\":1,\"name\":\"Home\",\"item\":\"https:\/\/dutchmicrodosing.com\/fr\/\"},{\"@type\":\"ListItem\",\"position\":2,\"name\":\"Boutique\",\"item\":\"https:\/\/dutchmicrodosing.com\/fr\/boutique\/\"},{\"@type\":\"ListItem\",\"position\":3,\"name\":\"MicrodosingXP &#8211; paquet de 10\"}]},{\"@type\":\"WebSite\",\"@id\":\"https:\/\/dutchmicrodosing.com\/fr\/#website\",\"url\":\"https:\/\/dutchmicrodosing.com\/fr\/\",\"name\":\"Dutchmicrodosing\",\"description\":\"\",\"publisher\":{\"@id\":\"https:\/\/dutchmicrodosing.com\/fr\/#organization\"},\"potentialAction\":[{\"@type\":\"SearchAction\",\"target\":{\"@type\":\"EntryPoint\",\"urlTemplate\":\"https:\/\/dutchmicrodosing.com\/fr\/?s={search_term_string}\"},\"query-input\":{\"@type\":\"PropertyValueSpecification\",\"valueRequired\":true,\"valueName\":\"search_term_string\"}}],\"inLanguage\":\"fr-FR\"},{\"@type\":\"Organization\",\"@id\":\"https:\/\/dutchmicrodosing.com\/fr\/#organization\",\"name\":\"Dutchmicrodosing\",\"url\":\"https:\/\/dutchmicrodosing.com\/fr\/\",\"logo\":{\"@type\":\"ImageObject\",\"inLanguage\":\"fr-FR\",\"@id\":\"https:\/\/dutchmicrodosing.com\/fr\/#\/schema\/logo\/image\/\",\"url\":\"https:\/\/dutchmicrodosing.com\/wp-content\/uploads\/2021\/01\/microdosing-categorie-pic-nieuw.jpg\",\"contentUrl\":\"https:\/\/dutchmicrodosing.com\/wp-content\/uploads\/2021\/01\/microdosing-categorie-pic-nieuw.jpg\",\"width\":500,\"height\":500,\"caption\":\"Dutchmicrodosing\"},\"image\":{\"@id\":\"https:\/\/dutchmicrodosing.com\/fr\/#\/schema\/logo\/image\/\"},\"sameAs\":[\"https:\/\/www.facebook.com\/Dutchmicrodosingxp\/\",\"https:\/\/www.instagram.com\/dutchmicrodosing\/\"]}]}<\/script>\n<meta property=\"product:price:amount\" content=\"54.95\" \/>\n<meta property=\"product:price:currency\" content=\"EUR\" \/>\n<meta property=\"og:availability\" content=\"instock\" \/>\n<meta property=\"product:availability\" content=\"instock\" \/>\n<meta property=\"product:retailer_item_id\" content=\"0210633\" \/>\n<meta property=\"product:condition\" content=\"new\" \/>\n<!-- \/ Yoast SEO Premium plugin. -->","yoast_head_json":{"title":"Microdosing XP Acheter 10-pack | Command\u00e9 avant 16:00 Aujourd'hui Exp\u00e9di\u00e9","description":"Acheter des truffes XP microdos\u00e9es ? Distributeur officiel de MicrodosingXP 60 truffes fra\u00eeches de microdosage de 1 gramme exp\u00e9di\u00e9es discr\u00e8tement.","robots":{"index":"index","follow":"follow","max-snippet":"max-snippet:-1","max-image-preview":"max-image-preview:large","max-video-preview":"max-video-preview:-1"},"canonical":"https:\/\/dutchmicrodosing.com\/fr\/microdosage\/microdosingxp-10-pack\/","og_locale":"fr_FR","og_type":"article","og_title":"MicrodosingXP - paquet de 10","og_description":"Les truffes XP Microdosing sont fabriqu\u00e9es par des experts ayant plusieurs d\u00e9cennies d'exp\u00e9rience dans la culture des truffes \u00e0 la psilocybine. La qualit\u00e9","og_url":"https:\/\/dutchmicrodosing.com\/fr\/microdosage\/microdosingxp-10-pack\/","og_site_name":"Dutchmicrodosing","article_publisher":"https:\/\/www.facebook.com\/Dutchmicrodosingxp\/","article_modified_time":"2025-11-20T10:54:16+00:00","og_image":[{"width":500,"height":500,"url":"https:\/\/dutchmicrodosing.com\/wp-content\/uploads\/2021\/02\/MicrodosingXP_mockups_102pack.jpg","type":"image\/jpeg"}],"twitter_card":"summary_large_image","schema":{"@context":"https:\/\/schema.org","@graph":[{"@type":"WebPage","@id":"https:\/\/dutchmicrodosing.com\/fr\/microdosage\/microdosingxp-10-pack\/","url":"https:\/\/dutchmicrodosing.com\/fr\/microdosage\/microdosingxp-10-pack\/","name":"Microdosing XP Acheter 10-pack | Command\u00e9 avant 16:00 Aujourd'hui Exp\u00e9di\u00e9","isPartOf":{"@id":"https:\/\/dutchmicrodosing.com\/fr\/#website"},"primaryImageOfPage":{"@id":"https:\/\/dutchmicrodosing.com\/fr\/microdosage\/microdosingxp-10-pack\/#primaryimage"},"image":{"@id":"https:\/\/dutchmicrodosing.com\/fr\/microdosage\/microdosingxp-10-pack\/#primaryimage"},"thumbnailUrl":"https:\/\/dutchmicrodosing.com\/wp-content\/uploads\/2021\/02\/MicrodosingXP_mockups_102pack.jpg","datePublished":"2021-02-02T14:56:28+00:00","dateModified":"2025-11-20T10:54:16+00:00","description":"Acheter des truffes XP microdos\u00e9es ? Distributeur officiel de MicrodosingXP 60 truffes fra\u00eeches de microdosage de 1 gramme exp\u00e9di\u00e9es discr\u00e8tement.","breadcrumb":{"@id":"https:\/\/dutchmicrodosing.com\/fr\/microdosage\/microdosingxp-10-pack\/#breadcrumb"},"inLanguage":"fr-FR","potentialAction":[{"@type":"ReadAction","target":["https:\/\/dutchmicrodosing.com\/fr\/microdosage\/microdosingxp-10-pack\/"]}]},{"@type":"ImageObject","inLanguage":"fr-FR","@id":"https:\/\/dutchmicrodosing.com\/fr\/microdosage\/microdosingxp-10-pack\/#primaryimage","url":"https:\/\/dutchmicrodosing.com\/wp-content\/uploads\/2021\/02\/MicrodosingXP_mockups_102pack.jpg","contentUrl":"https:\/\/dutchmicrodosing.com\/wp-content\/uploads\/2021\/02\/MicrodosingXP_mockups_102pack.jpg","width":500,"height":500},{"@type":"BreadcrumbList","@id":"https:\/\/dutchmicrodosing.com\/fr\/microdosage\/microdosingxp-10-pack\/#breadcrumb","itemListElement":[{"@type":"ListItem","position":1,"name":"Home","item":"https:\/\/dutchmicrodosing.com\/fr\/"},{"@type":"ListItem","position":2,"name":"Boutique","item":"https:\/\/dutchmicrodosing.com\/fr\/boutique\/"},{"@type":"ListItem","position":3,"name":"MicrodosingXP &#8211; paquet de 10"}]},{"@type":"WebSite","@id":"https:\/\/dutchmicrodosing.com\/fr\/#website","url":"https:\/\/dutchmicrodosing.com\/fr\/","name":"Dutchmicrodosing","description":"","publisher":{"@id":"https:\/\/dutchmicrodosing.com\/fr\/#organization"},"potentialAction":[{"@type":"SearchAction","target":{"@type":"EntryPoint","urlTemplate":"https:\/\/dutchmicrodosing.com\/fr\/?s={search_term_string}"},"query-input":{"@type":"PropertyValueSpecification","valueRequired":true,"valueName":"search_term_string"}}],"inLanguage":"fr-FR"},{"@type":"Organization","@id":"https:\/\/dutchmicrodosing.com\/fr\/#organization","name":"Dutchmicrodosing","url":"https:\/\/dutchmicrodosing.com\/fr\/","logo":{"@type":"ImageObject","inLanguage":"fr-FR","@id":"https:\/\/dutchmicrodosing.com\/fr\/#\/schema\/logo\/image\/","url":"https:\/\/dutchmicrodosing.com\/wp-content\/uploads\/2021\/01\/microdosing-categorie-pic-nieuw.jpg","contentUrl":"https:\/\/dutchmicrodosing.com\/wp-content\/uploads\/2021\/01\/microdosing-categorie-pic-nieuw.jpg","width":500,"height":500,"caption":"Dutchmicrodosing"},"image":{"@id":"https:\/\/dutchmicrodosing.com\/fr\/#\/schema\/logo\/image\/"},"sameAs":["https:\/\/www.facebook.com\/Dutchmicrodosingxp\/","https:\/\/www.instagram.com\/dutchmicrodosing\/"]}]},"product_price_amount":"54.95","product_price_currency":"EUR","og_availability":"instock","product_availability":"instock","product_retailer_item_id":"0210633","product_condition":"new"},"_links":{"self":[{"href":"https:\/\/dutchmicrodosing.com\/fr\/wp-json\/wp\/v2\/product\/4026","targetHints":{"allow":["GET"]}}],"collection":[{"href":"https:\/\/dutchmicrodosing.com\/fr\/wp-json\/wp\/v2\/product"}],"about":[{"href":"https:\/\/dutchmicrodosing.com\/fr\/wp-json\/wp\/v2\/types\/product"}],"replies":[{"embeddable":true,"href":"https:\/\/dutchmicrodosing.com\/fr\/wp-json\/wp\/v2\/comments?post=4026"}],"version-history":[{"count":1,"href":"https:\/\/dutchmicrodosing.com\/fr\/wp-json\/wp\/v2\/product\/4026\/revisions"}],"predecessor-version":[{"id":62642,"href":"https:\/\/dutchmicrodosing.com\/fr\/wp-json\/wp\/v2\/product\/4026\/revisions\/62642"}],"wp:featuredmedia":[{"embeddable":true,"href":"https:\/\/dutchmicrodosing.com\/fr\/wp-json\/wp\/v2\/media\/3630"}],"wp:attachment":[{"href":"https:\/\/dutchmicrodosing.com\/fr\/wp-json\/wp\/v2\/media?parent=4026"}],"wp:term":[{"taxonomy":"product_brand","embeddable":true,"href":"https:\/\/dutchmicrodosing.com\/fr\/wp-json\/wp\/v2\/product_brand?post=4026"},{"taxonomy":"product_cat","embeddable":true,"href":"https:\/\/dutchmicrodosing.com\/fr\/wp-json\/wp\/v2\/product_cat?post=4026"},{"taxonomy":"product_tag","embeddable":true,"href":"https:\/\/dutchmicrodosing.com\/fr\/wp-json\/wp\/v2\/product_tag?post=4026"}],"curies":[{"name":"wp","href":"https:\/\/api.w.org\/{rel}","templated":true}]}}