{"id":40521,"date":"2024-06-21T14:30:26","date_gmt":"2024-06-21T12:30:26","guid":{"rendered":"https:\/\/dutchmicrodosing.com\/shop\/non%20class\u00e9\/cibdol-sommeil-complet-10-ml\/"},"modified":"2025-08-19T13:06:33","modified_gmt":"2025-08-19T11:06:33","slug":"cibdol-sommeil-complet-10-ml","status":"publish","type":"product","link":"https:\/\/dutchmicrodosing.com\/fr\/boutique-de-sante\/cbd-et-supplements\/cibdol-sommeil-complet-10-ml\/","title":{"rendered":"Cibdol Sommeil Complet &#8211; 10 ML"},"content":{"rendered":"<p><strong>Cibdol Complete Sleep &#8211; 10 ML<\/strong> est un m\u00e9lange innovant de cannabino\u00efdes, CBD, CBN et d&rsquo;herbes telles que la lavande et la camomille, con\u00e7u pour favoriser un sommeil r\u00e9parateur et relaxant &#8211; sans besoin de m\u00e9latonine. Vous en avez assez de vous endormir ? Vous en avez assez de rester \u00e9veill\u00e9 la nuit, de lutter pour vous endormir et de rester endormi ? Vous comptez sur les suppl\u00e9ments de m\u00e9latonine mais vous vous sentez \u00e9tourdi et l\u00e9thargique au r\u00e9veil ? Il est temps de repenser votre approche du sommeil et d&rsquo;explorer une solution plus douce et plus durable.<\/p>\n<h3>Notre m\u00e9lange unique d&rsquo;ingr\u00e9dients comprend<\/h3>\n<ul>\n<li>Huile MCT 92,3<\/li>\n<li>Extrait de chanvre 7,5% (Cannabinol et Cannabidiol)<\/li>\n<li>Extrait de camomille et de matricaire<\/li>\n<li>Extrait de lavande<\/li>\n<\/ul>\n<h4>Lavande :<\/h4>\n<p>La lavande, une plante connue pour ses propri\u00e9t\u00e9s calmantes et relaxantes, joue un r\u00f4le crucial dans Cibdol Complete Sleep 10% CBD. En favorisant une bonne nuit de sommeil, la lavande aide \u00e0 r\u00e9duire le stress et l&rsquo;anxi\u00e9t\u00e9, cr\u00e9ant ainsi un environnement id\u00e9al pour une bonne nuit de sommeil.<\/p>\n<h4>Camomille :<\/h4>\n<p>La camomille, un autre ingr\u00e9dient cl\u00e9 de Cibdol Complete Sleep 10% CBD, est utilis\u00e9e depuis des si\u00e8cles pour favoriser la relaxation et le calme. En favorisant la relaxation, la camomille aide \u00e0 calmer l&rsquo;esprit et le corps, ce qui facilite l&rsquo;endormissement et le maintien du sommeil.<\/p>\n<h3>Comment l&rsquo;utiliser ?<\/h3>\n<p>Prenez un compte-gouttes enti\u00e8rement rempli (1 ml) environ 30 minutes avant le coucher. R\u00e9p\u00e9tez cette op\u00e9ration tous les soirs pour am\u00e9liorer structurellement la qualit\u00e9 de votre sommeil.<\/p>\n<h3>Conseils de stockage<\/h3>\n<p>Pour pr\u00e9server l&rsquo;efficacit\u00e9 du Sommeil Complet, conservez-le dans un endroit sec et sombre, \u00e0 temp\u00e9rature ambiante, hors de port\u00e9e des enfants !<\/p>\n<h3>Contenu<\/h3>\n<p>Cibdol Sommeil Complet 10% &#8211; 10 ML<\/p>\n","protected":false},"excerpt":{"rendered":"<p>Cibdol Complete Sleep &#8211; 10 ML est un m\u00e9lange innovant de cannabino\u00efdes, CBD, CBN et d&rsquo;herbes telles que la lavande et la camomille, con\u00e7u pour favoriser un sommeil r\u00e9parateur et relaxant &#8211; sans besoin de m\u00e9latonine. Vous en avez assez de vous endormir ? Vous en avez assez de rester \u00e9veill\u00e9 la nuit, de lutter [&hellip;]<\/p>\n","protected":false},"featured_media":40444,"comment_status":"closed","ping_status":"closed","template":"","meta":[],"product_brand":[],"product_cat":[284,307,131],"product_tag":[],"class_list":{"0":"post-40521","1":"product","2":"type-product","3":"status-publish","4":"has-post-thumbnail","6":"product_cat-cbd-et-supplements","7":"product_cat-supplements-pour-le-sommeil","8":"product_cat-vitamines-et-supplements","10":"first","11":"instock","12":"taxable","13":"shipping-taxable","14":"purchasable","15":"product-type-simple"},"yoast_head":"<!-- This site is optimized with the Yoast SEO Premium plugin v26.4 (Yoast SEO v27.4) - https:\/\/yoast.com\/product\/yoast-seo-premium-wordpress\/ -->\n<title>Cibdol Sommeil Complet - 10 ML - Dutchmicrodosing<\/title>\n<meta name=\"description\" content=\"Vous en avez assez de rester \u00e9veill\u00e9 la nuit, de lutter pour vous endormir et de rester endormi ? Essayez Cibdol Complete Sleep maintenant ! Cliquez ici...\" \/>\n<meta name=\"robots\" content=\"index, follow, max-snippet:-1, max-image-preview:large, max-video-preview:-1\" \/>\n<link rel=\"canonical\" href=\"https:\/\/dutchmicrodosing.com\/fr\/boutique-de-sante\/cbd-et-supplements\/cibdol-sommeil-complet-10-ml\/\" \/>\n<meta property=\"og:locale\" content=\"fr_FR\" \/>\n<meta property=\"og:type\" content=\"article\" \/>\n<meta property=\"og:title\" content=\"Cibdol Sommeil Complet - 10 ML\" \/>\n<meta property=\"og:description\" content=\"Cibdol Complete Sleep - 10 ML est un m\u00e9lange innovant de cannabino\u00efdes, CBD, CBN et d&#039;herbes telles que la lavande et la camomille, con\u00e7u pour favoriser\" \/>\n<meta property=\"og:url\" content=\"https:\/\/dutchmicrodosing.com\/fr\/boutique-de-sante\/cbd-et-supplements\/cibdol-sommeil-complet-10-ml\/\" \/>\n<meta property=\"og:site_name\" content=\"Dutchmicrodosing\" \/>\n<meta property=\"article:publisher\" content=\"https:\/\/www.facebook.com\/Dutchmicrodosingxp\/\" \/>\n<meta property=\"article:modified_time\" content=\"2025-08-19T11:06:33+00:00\" \/>\n<meta property=\"og:image\" content=\"https:\/\/dutchmicrodosing.com\/wp-content\/uploads\/2024\/06\/Complete-sleep.jpg\" \/>\n\t<meta property=\"og:image:width\" content=\"600\" \/>\n\t<meta property=\"og:image:height\" content=\"792\" \/>\n\t<meta property=\"og:image:type\" content=\"image\/jpeg\" \/>\n<meta name=\"twitter:card\" content=\"summary_large_image\" \/>\n<script type=\"application\/ld+json\" class=\"yoast-schema-graph\">{\"@context\":\"https:\\\/\\\/schema.org\",\"@graph\":[{\"@type\":\"WebPage\",\"@id\":\"https:\\\/\\\/dutchmicrodosing.com\\\/fr\\\/boutique-de-sante\\\/cbd-et-supplements\\\/cibdol-sommeil-complet-10-ml\\\/\",\"url\":\"https:\\\/\\\/dutchmicrodosing.com\\\/fr\\\/boutique-de-sante\\\/cbd-et-supplements\\\/cibdol-sommeil-complet-10-ml\\\/\",\"name\":\"Cibdol Sommeil Complet - 10 ML - Dutchmicrodosing\",\"isPartOf\":{\"@id\":\"https:\\\/\\\/dutchmicrodosing.com\\\/fr\\\/#website\"},\"primaryImageOfPage\":{\"@id\":\"https:\\\/\\\/dutchmicrodosing.com\\\/fr\\\/boutique-de-sante\\\/cbd-et-supplements\\\/cibdol-sommeil-complet-10-ml\\\/#primaryimage\"},\"image\":{\"@id\":\"https:\\\/\\\/dutchmicrodosing.com\\\/fr\\\/boutique-de-sante\\\/cbd-et-supplements\\\/cibdol-sommeil-complet-10-ml\\\/#primaryimage\"},\"thumbnailUrl\":\"https:\\\/\\\/dutchmicrodosing.com\\\/wp-content\\\/uploads\\\/2024\\\/06\\\/Complete-sleep.jpg\",\"datePublished\":\"2024-06-21T12:30:26+00:00\",\"dateModified\":\"2025-08-19T11:06:33+00:00\",\"description\":\"Vous en avez assez de rester \u00e9veill\u00e9 la nuit, de lutter pour vous endormir et de rester endormi ? Essayez Cibdol Complete Sleep maintenant ! Cliquez ici...\",\"breadcrumb\":{\"@id\":\"https:\\\/\\\/dutchmicrodosing.com\\\/fr\\\/boutique-de-sante\\\/cbd-et-supplements\\\/cibdol-sommeil-complet-10-ml\\\/#breadcrumb\"},\"inLanguage\":\"fr-FR\",\"potentialAction\":[{\"@type\":\"ReadAction\",\"target\":[\"https:\\\/\\\/dutchmicrodosing.com\\\/fr\\\/boutique-de-sante\\\/cbd-et-supplements\\\/cibdol-sommeil-complet-10-ml\\\/\"]}]},{\"@type\":\"ImageObject\",\"inLanguage\":\"fr-FR\",\"@id\":\"https:\\\/\\\/dutchmicrodosing.com\\\/fr\\\/boutique-de-sante\\\/cbd-et-supplements\\\/cibdol-sommeil-complet-10-ml\\\/#primaryimage\",\"url\":\"https:\\\/\\\/dutchmicrodosing.com\\\/wp-content\\\/uploads\\\/2024\\\/06\\\/Complete-sleep.jpg\",\"contentUrl\":\"https:\\\/\\\/dutchmicrodosing.com\\\/wp-content\\\/uploads\\\/2024\\\/06\\\/Complete-sleep.jpg\",\"width\":600,\"height\":792},{\"@type\":\"BreadcrumbList\",\"@id\":\"https:\\\/\\\/dutchmicrodosing.com\\\/fr\\\/boutique-de-sante\\\/cbd-et-supplements\\\/cibdol-sommeil-complet-10-ml\\\/#breadcrumb\",\"itemListElement\":[{\"@type\":\"ListItem\",\"position\":1,\"name\":\"Home\",\"item\":\"https:\\\/\\\/dutchmicrodosing.com\\\/fr\\\/\"},{\"@type\":\"ListItem\",\"position\":2,\"name\":\"Boutique\",\"item\":\"https:\\\/\\\/dutchmicrodosing.com\\\/fr\\\/boutique\\\/\"},{\"@type\":\"ListItem\",\"position\":3,\"name\":\"Cibdol Sommeil Complet &#8211; 10 ML\"}]},{\"@type\":\"WebSite\",\"@id\":\"https:\\\/\\\/dutchmicrodosing.com\\\/fr\\\/#website\",\"url\":\"https:\\\/\\\/dutchmicrodosing.com\\\/fr\\\/\",\"name\":\"Dutchmicrodosing\",\"description\":\"\",\"publisher\":{\"@id\":\"https:\\\/\\\/dutchmicrodosing.com\\\/fr\\\/#organization\"},\"potentialAction\":[{\"@type\":\"SearchAction\",\"target\":{\"@type\":\"EntryPoint\",\"urlTemplate\":\"https:\\\/\\\/dutchmicrodosing.com\\\/fr\\\/?s={search_term_string}\"},\"query-input\":{\"@type\":\"PropertyValueSpecification\",\"valueRequired\":true,\"valueName\":\"search_term_string\"}}],\"inLanguage\":\"fr-FR\"},{\"@type\":\"Organization\",\"@id\":\"https:\\\/\\\/dutchmicrodosing.com\\\/fr\\\/#organization\",\"name\":\"Dutchmicrodosing\",\"url\":\"https:\\\/\\\/dutchmicrodosing.com\\\/fr\\\/\",\"logo\":{\"@type\":\"ImageObject\",\"inLanguage\":\"fr-FR\",\"@id\":\"https:\\\/\\\/dutchmicrodosing.com\\\/fr\\\/#\\\/schema\\\/logo\\\/image\\\/\",\"url\":\"https:\\\/\\\/dutchmicrodosing.com\\\/wp-content\\\/uploads\\\/2021\\\/01\\\/microdosing-categorie-pic-nieuw.jpg\",\"contentUrl\":\"https:\\\/\\\/dutchmicrodosing.com\\\/wp-content\\\/uploads\\\/2021\\\/01\\\/microdosing-categorie-pic-nieuw.jpg\",\"width\":500,\"height\":500,\"caption\":\"Dutchmicrodosing\"},\"image\":{\"@id\":\"https:\\\/\\\/dutchmicrodosing.com\\\/fr\\\/#\\\/schema\\\/logo\\\/image\\\/\"},\"sameAs\":[\"https:\\\/\\\/www.facebook.com\\\/Dutchmicrodosingxp\\\/\",\"https:\\\/\\\/www.instagram.com\\\/dutchmicrodosing\\\/\"]}]}<\/script>\n<meta property=\"product:price:amount\" content=\"37.95\" \/>\n<meta property=\"product:price:currency\" content=\"EUR\" \/>\n<meta property=\"og:availability\" content=\"instock\" \/>\n<meta property=\"product:availability\" content=\"instock\" \/>\n<meta property=\"product:retailer_item_id\" content=\"4206847\" \/>\n<meta property=\"product:condition\" content=\"new\" \/>\n<!-- \/ Yoast SEO Premium plugin. -->","yoast_head_json":{"title":"Cibdol Sommeil Complet - 10 ML - Dutchmicrodosing","description":"Vous en avez assez de rester \u00e9veill\u00e9 la nuit, de lutter pour vous endormir et de rester endormi ? Essayez Cibdol Complete Sleep maintenant ! Cliquez ici...","robots":{"index":"index","follow":"follow","max-snippet":"max-snippet:-1","max-image-preview":"max-image-preview:large","max-video-preview":"max-video-preview:-1"},"canonical":"https:\/\/dutchmicrodosing.com\/fr\/boutique-de-sante\/cbd-et-supplements\/cibdol-sommeil-complet-10-ml\/","og_locale":"fr_FR","og_type":"article","og_title":"Cibdol Sommeil Complet - 10 ML","og_description":"Cibdol Complete Sleep - 10 ML est un m\u00e9lange innovant de cannabino\u00efdes, CBD, CBN et d'herbes telles que la lavande et la camomille, con\u00e7u pour favoriser","og_url":"https:\/\/dutchmicrodosing.com\/fr\/boutique-de-sante\/cbd-et-supplements\/cibdol-sommeil-complet-10-ml\/","og_site_name":"Dutchmicrodosing","article_publisher":"https:\/\/www.facebook.com\/Dutchmicrodosingxp\/","article_modified_time":"2025-08-19T11:06:33+00:00","og_image":[{"width":600,"height":792,"url":"https:\/\/dutchmicrodosing.com\/wp-content\/uploads\/2024\/06\/Complete-sleep.jpg","type":"image\/jpeg"}],"twitter_card":"summary_large_image","schema":{"@context":"https:\/\/schema.org","@graph":[{"@type":"WebPage","@id":"https:\/\/dutchmicrodosing.com\/fr\/boutique-de-sante\/cbd-et-supplements\/cibdol-sommeil-complet-10-ml\/","url":"https:\/\/dutchmicrodosing.com\/fr\/boutique-de-sante\/cbd-et-supplements\/cibdol-sommeil-complet-10-ml\/","name":"Cibdol Sommeil Complet - 10 ML - Dutchmicrodosing","isPartOf":{"@id":"https:\/\/dutchmicrodosing.com\/fr\/#website"},"primaryImageOfPage":{"@id":"https:\/\/dutchmicrodosing.com\/fr\/boutique-de-sante\/cbd-et-supplements\/cibdol-sommeil-complet-10-ml\/#primaryimage"},"image":{"@id":"https:\/\/dutchmicrodosing.com\/fr\/boutique-de-sante\/cbd-et-supplements\/cibdol-sommeil-complet-10-ml\/#primaryimage"},"thumbnailUrl":"https:\/\/dutchmicrodosing.com\/wp-content\/uploads\/2024\/06\/Complete-sleep.jpg","datePublished":"2024-06-21T12:30:26+00:00","dateModified":"2025-08-19T11:06:33+00:00","description":"Vous en avez assez de rester \u00e9veill\u00e9 la nuit, de lutter pour vous endormir et de rester endormi ? Essayez Cibdol Complete Sleep maintenant ! Cliquez ici...","breadcrumb":{"@id":"https:\/\/dutchmicrodosing.com\/fr\/boutique-de-sante\/cbd-et-supplements\/cibdol-sommeil-complet-10-ml\/#breadcrumb"},"inLanguage":"fr-FR","potentialAction":[{"@type":"ReadAction","target":["https:\/\/dutchmicrodosing.com\/fr\/boutique-de-sante\/cbd-et-supplements\/cibdol-sommeil-complet-10-ml\/"]}]},{"@type":"ImageObject","inLanguage":"fr-FR","@id":"https:\/\/dutchmicrodosing.com\/fr\/boutique-de-sante\/cbd-et-supplements\/cibdol-sommeil-complet-10-ml\/#primaryimage","url":"https:\/\/dutchmicrodosing.com\/wp-content\/uploads\/2024\/06\/Complete-sleep.jpg","contentUrl":"https:\/\/dutchmicrodosing.com\/wp-content\/uploads\/2024\/06\/Complete-sleep.jpg","width":600,"height":792},{"@type":"BreadcrumbList","@id":"https:\/\/dutchmicrodosing.com\/fr\/boutique-de-sante\/cbd-et-supplements\/cibdol-sommeil-complet-10-ml\/#breadcrumb","itemListElement":[{"@type":"ListItem","position":1,"name":"Home","item":"https:\/\/dutchmicrodosing.com\/fr\/"},{"@type":"ListItem","position":2,"name":"Boutique","item":"https:\/\/dutchmicrodosing.com\/fr\/boutique\/"},{"@type":"ListItem","position":3,"name":"Cibdol Sommeil Complet &#8211; 10 ML"}]},{"@type":"WebSite","@id":"https:\/\/dutchmicrodosing.com\/fr\/#website","url":"https:\/\/dutchmicrodosing.com\/fr\/","name":"Dutchmicrodosing","description":"","publisher":{"@id":"https:\/\/dutchmicrodosing.com\/fr\/#organization"},"potentialAction":[{"@type":"SearchAction","target":{"@type":"EntryPoint","urlTemplate":"https:\/\/dutchmicrodosing.com\/fr\/?s={search_term_string}"},"query-input":{"@type":"PropertyValueSpecification","valueRequired":true,"valueName":"search_term_string"}}],"inLanguage":"fr-FR"},{"@type":"Organization","@id":"https:\/\/dutchmicrodosing.com\/fr\/#organization","name":"Dutchmicrodosing","url":"https:\/\/dutchmicrodosing.com\/fr\/","logo":{"@type":"ImageObject","inLanguage":"fr-FR","@id":"https:\/\/dutchmicrodosing.com\/fr\/#\/schema\/logo\/image\/","url":"https:\/\/dutchmicrodosing.com\/wp-content\/uploads\/2021\/01\/microdosing-categorie-pic-nieuw.jpg","contentUrl":"https:\/\/dutchmicrodosing.com\/wp-content\/uploads\/2021\/01\/microdosing-categorie-pic-nieuw.jpg","width":500,"height":500,"caption":"Dutchmicrodosing"},"image":{"@id":"https:\/\/dutchmicrodosing.com\/fr\/#\/schema\/logo\/image\/"},"sameAs":["https:\/\/www.facebook.com\/Dutchmicrodosingxp\/","https:\/\/www.instagram.com\/dutchmicrodosing\/"]}]},"product_price_amount":"37.95","product_price_currency":"EUR","og_availability":"instock","product_availability":"instock","product_retailer_item_id":"4206847","product_condition":"new"},"_links":{"self":[{"href":"https:\/\/dutchmicrodosing.com\/fr\/wp-json\/wp\/v2\/product\/40521","targetHints":{"allow":["GET"]}}],"collection":[{"href":"https:\/\/dutchmicrodosing.com\/fr\/wp-json\/wp\/v2\/product"}],"about":[{"href":"https:\/\/dutchmicrodosing.com\/fr\/wp-json\/wp\/v2\/types\/product"}],"replies":[{"embeddable":true,"href":"https:\/\/dutchmicrodosing.com\/fr\/wp-json\/wp\/v2\/comments?post=40521"}],"version-history":[{"count":0,"href":"https:\/\/dutchmicrodosing.com\/fr\/wp-json\/wp\/v2\/product\/40521\/revisions"}],"wp:featuredmedia":[{"embeddable":true,"href":"https:\/\/dutchmicrodosing.com\/fr\/wp-json\/wp\/v2\/media\/40444"}],"wp:attachment":[{"href":"https:\/\/dutchmicrodosing.com\/fr\/wp-json\/wp\/v2\/media?parent=40521"}],"wp:term":[{"taxonomy":"product_brand","embeddable":true,"href":"https:\/\/dutchmicrodosing.com\/fr\/wp-json\/wp\/v2\/product_brand?post=40521"},{"taxonomy":"product_cat","embeddable":true,"href":"https:\/\/dutchmicrodosing.com\/fr\/wp-json\/wp\/v2\/product_cat?post=40521"},{"taxonomy":"product_tag","embeddable":true,"href":"https:\/\/dutchmicrodosing.com\/fr\/wp-json\/wp\/v2\/product_tag?post=40521"}],"curies":[{"name":"wp","href":"https:\/\/api.w.org\/{rel}","templated":true}]}}