{"id":40527,"date":"2024-06-21T09:24:02","date_gmt":"2024-06-21T07:24:02","guid":{"rendered":"https:\/\/dutchmicrodosing.com\/shop\/non%20class\u00e9\/cibdol-fall-asleep-liquid-meladol-formula-30ml\/"},"modified":"2025-08-19T13:06:47","modified_gmt":"2025-08-19T11:06:47","slug":"cibdol-fall-asleep-liquid-meladol-formula-30ml","status":"publish","type":"product","link":"https:\/\/dutchmicrodosing.com\/fr\/boutique-de-sante\/supplements-pour-le-sommeil\/cibdol-fall-asleep-liquid-meladol-formula-30ml\/","title":{"rendered":"Cibdol Liquide d&rsquo;endormissement &#8211; Formule Meladol &#8211; 30ml"},"content":{"rendered":"<p><strong>Cibdol Fall Asleep Liquid<\/strong> <strong>&#8211; Meladol formula<\/strong> in a 30ml pack combine le CBD et la m\u00e9latonine pour optimiser votre cycle de sommeil. Cette formule liposomale favorise l&rsquo;absorption rapide des ingr\u00e9dients actifs, le CBD et la m\u00e9latonine. La pr\u00e9sence de liposomes dans la formule assure une absorption efficace des ingr\u00e9dients actifs.<\/p>\n<p>La m\u00e9latonine est une hormone produite par la glande pin\u00e9ale, une petite glande endocrine situ\u00e9e dans le cerveau. Elle joue un r\u00f4le crucial dans la r\u00e9gulation de notre cycle veille-sommeil, \u00e9galement connu sous le nom de rythme circadien. Les niveaux de m\u00e9latonine augmentent g\u00e9n\u00e9ralement le soir, ce qui favorise l&rsquo;endormissement, et diminuent le matin, ce qui nous donne l&rsquo;impression d&rsquo;\u00eatre alertes et \u00e9veill\u00e9s.<\/p>\n<h3>Caract\u00e9ristiques<\/h3>\n<ul>\n<li>Contient +\/- 600 gouttes (2.5mg CBD \/ 1ml, 1.5mg m\u00e9latonine \/ 1ml)<\/li>\n<li>30 doses de 1ml<\/li>\n<li>Sans gluten et v\u00e9g\u00e9talien<\/li>\n<li>Soluble dans l&rsquo;eau<\/li>\n<\/ul>\n<h3>Ingr\u00e9dients<\/h3>\n<ul>\n<li>L&rsquo;eau<\/li>\n<li>L\u00e9cithine SOY<\/li>\n<li>Glyc\u00e9rol<\/li>\n<li>\u00c9thanol (2,3 % en volume)<\/li>\n<li>Extrait de chanvre (2,5 mg\/ 1ml)<\/li>\n<li>Sorbate de potassium<\/li>\n<li>M\u00e9latonine (1,5 mg\/ 1ml)<\/li>\n<li>Vitamine B6<\/li>\n<li>terp\u00e8nes<\/li>\n<li>Vitamine E<\/li>\n<\/ul>\n<h3>Utilisation<\/h3>\n<p>Prendre 1 x 1 ml 15 minutes avant le coucher. Distribuer directement dans la bouche ou dans un verre d&rsquo;eau ou de jus.<\/p>\n<h3>Conseils de stockage<\/h3>\n<p>Pour pr\u00e9server l&rsquo;efficacit\u00e9 du Sommeil Complet, conservez-le dans un endroit sec et sombre, \u00e0 temp\u00e9rature ambiante et hors de port\u00e9e des enfants !<\/p>\n<h3>Contenu<\/h3>\n<p>Cibdol Liquide d&rsquo;endormissement &#8211; Formule Meladol &#8211; 30ml<\/p>\n","protected":false},"excerpt":{"rendered":"<p>Cibdol Fall Asleep Liquid &#8211; Meladol formula in a 30ml pack combine le CBD et la m\u00e9latonine pour optimiser votre cycle de sommeil. Cette formule liposomale favorise l&rsquo;absorption rapide des ingr\u00e9dients actifs, le CBD et la m\u00e9latonine. La pr\u00e9sence de liposomes dans la formule assure une absorption efficace des ingr\u00e9dients actifs. La m\u00e9latonine est une [&hellip;]<\/p>\n","protected":false},"featured_media":40430,"comment_status":"closed","ping_status":"closed","template":"","meta":[],"product_brand":[],"product_cat":[284,307],"product_tag":[],"class_list":{"0":"post-40527","1":"product","2":"type-product","3":"status-publish","4":"has-post-thumbnail","6":"product_cat-cbd-et-supplements","7":"product_cat-supplements-pour-le-sommeil","9":"first","10":"instock","11":"taxable","12":"shipping-taxable","13":"purchasable","14":"product-type-simple"},"yoast_head":"<!-- This site is optimized with the Yoast SEO Premium plugin v26.4 (Yoast SEO v27.2) - https:\/\/yoast.com\/product\/yoast-seo-premium-wordpress\/ -->\n<title>Cibdol Liquide d&#039;endormissement - Formule Meladol - 30ml - Dutchmicrodosing<\/title>\n<meta name=\"description\" content=\"Cette formule liposomale favorise l&#039;absorption rapide des ingr\u00e9dients actifs, le CBD et la m\u00e9latonine. Optimisez votre cycle de sommeil ici...\" \/>\n<meta name=\"robots\" content=\"index, follow, max-snippet:-1, max-image-preview:large, max-video-preview:-1\" \/>\n<link rel=\"canonical\" href=\"https:\/\/dutchmicrodosing.com\/fr\/boutique-de-sante\/supplements-pour-le-sommeil\/cibdol-fall-asleep-liquid-meladol-formula-30ml\/\" \/>\n<meta property=\"og:locale\" content=\"fr_FR\" \/>\n<meta property=\"og:type\" content=\"article\" \/>\n<meta property=\"og:title\" content=\"Cibdol Liquide d&#039;endormissement - Formule Meladol - 30ml\" \/>\n<meta property=\"og:description\" content=\"Cibdol Fall Asleep Liquid - Meladol formula in a 30ml pack combine le CBD et la m\u00e9latonine pour optimiser votre cycle de sommeil. Cette formule liposomale\" \/>\n<meta property=\"og:url\" content=\"https:\/\/dutchmicrodosing.com\/fr\/boutique-de-sante\/supplements-pour-le-sommeil\/cibdol-fall-asleep-liquid-meladol-formula-30ml\/\" \/>\n<meta property=\"og:site_name\" content=\"Dutchmicrodosing\" \/>\n<meta property=\"article:publisher\" content=\"https:\/\/www.facebook.com\/Dutchmicrodosingxp\/\" \/>\n<meta property=\"article:modified_time\" content=\"2025-08-19T11:06:47+00:00\" \/>\n<meta property=\"og:image\" content=\"https:\/\/dutchmicrodosing.com\/wp-content\/uploads\/2024\/06\/meladol-melatonine-cbd.jpg\" \/>\n\t<meta property=\"og:image:width\" content=\"528\" \/>\n\t<meta property=\"og:image:height\" content=\"528\" \/>\n\t<meta property=\"og:image:type\" content=\"image\/jpeg\" \/>\n<meta name=\"twitter:card\" content=\"summary_large_image\" \/>\n<script type=\"application\/ld+json\" class=\"yoast-schema-graph\">{\"@context\":\"https:\/\/schema.org\",\"@graph\":[{\"@type\":\"WebPage\",\"@id\":\"https:\/\/dutchmicrodosing.com\/fr\/boutique-de-sante\/supplements-pour-le-sommeil\/cibdol-fall-asleep-liquid-meladol-formula-30ml\/\",\"url\":\"https:\/\/dutchmicrodosing.com\/fr\/boutique-de-sante\/supplements-pour-le-sommeil\/cibdol-fall-asleep-liquid-meladol-formula-30ml\/\",\"name\":\"Cibdol Liquide d'endormissement - Formule Meladol - 30ml - Dutchmicrodosing\",\"isPartOf\":{\"@id\":\"https:\/\/dutchmicrodosing.com\/fr\/#website\"},\"primaryImageOfPage\":{\"@id\":\"https:\/\/dutchmicrodosing.com\/fr\/boutique-de-sante\/supplements-pour-le-sommeil\/cibdol-fall-asleep-liquid-meladol-formula-30ml\/#primaryimage\"},\"image\":{\"@id\":\"https:\/\/dutchmicrodosing.com\/fr\/boutique-de-sante\/supplements-pour-le-sommeil\/cibdol-fall-asleep-liquid-meladol-formula-30ml\/#primaryimage\"},\"thumbnailUrl\":\"https:\/\/dutchmicrodosing.com\/wp-content\/uploads\/2024\/06\/meladol-melatonine-cbd.jpg\",\"datePublished\":\"2024-06-21T07:24:02+00:00\",\"dateModified\":\"2025-08-19T11:06:47+00:00\",\"description\":\"Cette formule liposomale favorise l'absorption rapide des ingr\u00e9dients actifs, le CBD et la m\u00e9latonine. Optimisez votre cycle de sommeil ici...\",\"breadcrumb\":{\"@id\":\"https:\/\/dutchmicrodosing.com\/fr\/boutique-de-sante\/supplements-pour-le-sommeil\/cibdol-fall-asleep-liquid-meladol-formula-30ml\/#breadcrumb\"},\"inLanguage\":\"fr-FR\",\"potentialAction\":[{\"@type\":\"ReadAction\",\"target\":[\"https:\/\/dutchmicrodosing.com\/fr\/boutique-de-sante\/supplements-pour-le-sommeil\/cibdol-fall-asleep-liquid-meladol-formula-30ml\/\"]}]},{\"@type\":\"ImageObject\",\"inLanguage\":\"fr-FR\",\"@id\":\"https:\/\/dutchmicrodosing.com\/fr\/boutique-de-sante\/supplements-pour-le-sommeil\/cibdol-fall-asleep-liquid-meladol-formula-30ml\/#primaryimage\",\"url\":\"https:\/\/dutchmicrodosing.com\/wp-content\/uploads\/2024\/06\/meladol-melatonine-cbd.jpg\",\"contentUrl\":\"https:\/\/dutchmicrodosing.com\/wp-content\/uploads\/2024\/06\/meladol-melatonine-cbd.jpg\",\"width\":528,\"height\":528},{\"@type\":\"BreadcrumbList\",\"@id\":\"https:\/\/dutchmicrodosing.com\/fr\/boutique-de-sante\/supplements-pour-le-sommeil\/cibdol-fall-asleep-liquid-meladol-formula-30ml\/#breadcrumb\",\"itemListElement\":[{\"@type\":\"ListItem\",\"position\":1,\"name\":\"Home\",\"item\":\"https:\/\/dutchmicrodosing.com\/fr\/\"},{\"@type\":\"ListItem\",\"position\":2,\"name\":\"Boutique\",\"item\":\"https:\/\/dutchmicrodosing.com\/fr\/boutique\/\"},{\"@type\":\"ListItem\",\"position\":3,\"name\":\"Cibdol Liquide d&rsquo;endormissement &#8211; Formule Meladol &#8211; 30ml\"}]},{\"@type\":\"WebSite\",\"@id\":\"https:\/\/dutchmicrodosing.com\/fr\/#website\",\"url\":\"https:\/\/dutchmicrodosing.com\/fr\/\",\"name\":\"Dutchmicrodosing\",\"description\":\"\",\"publisher\":{\"@id\":\"https:\/\/dutchmicrodosing.com\/fr\/#organization\"},\"potentialAction\":[{\"@type\":\"SearchAction\",\"target\":{\"@type\":\"EntryPoint\",\"urlTemplate\":\"https:\/\/dutchmicrodosing.com\/fr\/?s={search_term_string}\"},\"query-input\":{\"@type\":\"PropertyValueSpecification\",\"valueRequired\":true,\"valueName\":\"search_term_string\"}}],\"inLanguage\":\"fr-FR\"},{\"@type\":\"Organization\",\"@id\":\"https:\/\/dutchmicrodosing.com\/fr\/#organization\",\"name\":\"Dutchmicrodosing\",\"url\":\"https:\/\/dutchmicrodosing.com\/fr\/\",\"logo\":{\"@type\":\"ImageObject\",\"inLanguage\":\"fr-FR\",\"@id\":\"https:\/\/dutchmicrodosing.com\/fr\/#\/schema\/logo\/image\/\",\"url\":\"https:\/\/dutchmicrodosing.com\/wp-content\/uploads\/2021\/01\/microdosing-categorie-pic-nieuw.jpg\",\"contentUrl\":\"https:\/\/dutchmicrodosing.com\/wp-content\/uploads\/2021\/01\/microdosing-categorie-pic-nieuw.jpg\",\"width\":500,\"height\":500,\"caption\":\"Dutchmicrodosing\"},\"image\":{\"@id\":\"https:\/\/dutchmicrodosing.com\/fr\/#\/schema\/logo\/image\/\"},\"sameAs\":[\"https:\/\/www.facebook.com\/Dutchmicrodosingxp\/\",\"https:\/\/www.instagram.com\/dutchmicrodosing\/\"]}]}<\/script>\n<meta property=\"product:price:amount\" content=\"24.95\" \/>\n<meta property=\"product:price:currency\" content=\"EUR\" \/>\n<meta property=\"og:availability\" content=\"instock\" \/>\n<meta property=\"product:availability\" content=\"instock\" \/>\n<meta property=\"product:retailer_item_id\" content=\"4206900\" \/>\n<meta property=\"product:condition\" content=\"new\" \/>\n<!-- \/ Yoast SEO Premium plugin. -->","yoast_head_json":{"title":"Cibdol Liquide d'endormissement - Formule Meladol - 30ml - Dutchmicrodosing","description":"Cette formule liposomale favorise l'absorption rapide des ingr\u00e9dients actifs, le CBD et la m\u00e9latonine. Optimisez votre cycle de sommeil ici...","robots":{"index":"index","follow":"follow","max-snippet":"max-snippet:-1","max-image-preview":"max-image-preview:large","max-video-preview":"max-video-preview:-1"},"canonical":"https:\/\/dutchmicrodosing.com\/fr\/boutique-de-sante\/supplements-pour-le-sommeil\/cibdol-fall-asleep-liquid-meladol-formula-30ml\/","og_locale":"fr_FR","og_type":"article","og_title":"Cibdol Liquide d'endormissement - Formule Meladol - 30ml","og_description":"Cibdol Fall Asleep Liquid - Meladol formula in a 30ml pack combine le CBD et la m\u00e9latonine pour optimiser votre cycle de sommeil. Cette formule liposomale","og_url":"https:\/\/dutchmicrodosing.com\/fr\/boutique-de-sante\/supplements-pour-le-sommeil\/cibdol-fall-asleep-liquid-meladol-formula-30ml\/","og_site_name":"Dutchmicrodosing","article_publisher":"https:\/\/www.facebook.com\/Dutchmicrodosingxp\/","article_modified_time":"2025-08-19T11:06:47+00:00","og_image":[{"width":528,"height":528,"url":"https:\/\/dutchmicrodosing.com\/wp-content\/uploads\/2024\/06\/meladol-melatonine-cbd.jpg","type":"image\/jpeg"}],"twitter_card":"summary_large_image","schema":{"@context":"https:\/\/schema.org","@graph":[{"@type":"WebPage","@id":"https:\/\/dutchmicrodosing.com\/fr\/boutique-de-sante\/supplements-pour-le-sommeil\/cibdol-fall-asleep-liquid-meladol-formula-30ml\/","url":"https:\/\/dutchmicrodosing.com\/fr\/boutique-de-sante\/supplements-pour-le-sommeil\/cibdol-fall-asleep-liquid-meladol-formula-30ml\/","name":"Cibdol Liquide d'endormissement - Formule Meladol - 30ml - Dutchmicrodosing","isPartOf":{"@id":"https:\/\/dutchmicrodosing.com\/fr\/#website"},"primaryImageOfPage":{"@id":"https:\/\/dutchmicrodosing.com\/fr\/boutique-de-sante\/supplements-pour-le-sommeil\/cibdol-fall-asleep-liquid-meladol-formula-30ml\/#primaryimage"},"image":{"@id":"https:\/\/dutchmicrodosing.com\/fr\/boutique-de-sante\/supplements-pour-le-sommeil\/cibdol-fall-asleep-liquid-meladol-formula-30ml\/#primaryimage"},"thumbnailUrl":"https:\/\/dutchmicrodosing.com\/wp-content\/uploads\/2024\/06\/meladol-melatonine-cbd.jpg","datePublished":"2024-06-21T07:24:02+00:00","dateModified":"2025-08-19T11:06:47+00:00","description":"Cette formule liposomale favorise l'absorption rapide des ingr\u00e9dients actifs, le CBD et la m\u00e9latonine. Optimisez votre cycle de sommeil ici...","breadcrumb":{"@id":"https:\/\/dutchmicrodosing.com\/fr\/boutique-de-sante\/supplements-pour-le-sommeil\/cibdol-fall-asleep-liquid-meladol-formula-30ml\/#breadcrumb"},"inLanguage":"fr-FR","potentialAction":[{"@type":"ReadAction","target":["https:\/\/dutchmicrodosing.com\/fr\/boutique-de-sante\/supplements-pour-le-sommeil\/cibdol-fall-asleep-liquid-meladol-formula-30ml\/"]}]},{"@type":"ImageObject","inLanguage":"fr-FR","@id":"https:\/\/dutchmicrodosing.com\/fr\/boutique-de-sante\/supplements-pour-le-sommeil\/cibdol-fall-asleep-liquid-meladol-formula-30ml\/#primaryimage","url":"https:\/\/dutchmicrodosing.com\/wp-content\/uploads\/2024\/06\/meladol-melatonine-cbd.jpg","contentUrl":"https:\/\/dutchmicrodosing.com\/wp-content\/uploads\/2024\/06\/meladol-melatonine-cbd.jpg","width":528,"height":528},{"@type":"BreadcrumbList","@id":"https:\/\/dutchmicrodosing.com\/fr\/boutique-de-sante\/supplements-pour-le-sommeil\/cibdol-fall-asleep-liquid-meladol-formula-30ml\/#breadcrumb","itemListElement":[{"@type":"ListItem","position":1,"name":"Home","item":"https:\/\/dutchmicrodosing.com\/fr\/"},{"@type":"ListItem","position":2,"name":"Boutique","item":"https:\/\/dutchmicrodosing.com\/fr\/boutique\/"},{"@type":"ListItem","position":3,"name":"Cibdol Liquide d&rsquo;endormissement &#8211; Formule Meladol &#8211; 30ml"}]},{"@type":"WebSite","@id":"https:\/\/dutchmicrodosing.com\/fr\/#website","url":"https:\/\/dutchmicrodosing.com\/fr\/","name":"Dutchmicrodosing","description":"","publisher":{"@id":"https:\/\/dutchmicrodosing.com\/fr\/#organization"},"potentialAction":[{"@type":"SearchAction","target":{"@type":"EntryPoint","urlTemplate":"https:\/\/dutchmicrodosing.com\/fr\/?s={search_term_string}"},"query-input":{"@type":"PropertyValueSpecification","valueRequired":true,"valueName":"search_term_string"}}],"inLanguage":"fr-FR"},{"@type":"Organization","@id":"https:\/\/dutchmicrodosing.com\/fr\/#organization","name":"Dutchmicrodosing","url":"https:\/\/dutchmicrodosing.com\/fr\/","logo":{"@type":"ImageObject","inLanguage":"fr-FR","@id":"https:\/\/dutchmicrodosing.com\/fr\/#\/schema\/logo\/image\/","url":"https:\/\/dutchmicrodosing.com\/wp-content\/uploads\/2021\/01\/microdosing-categorie-pic-nieuw.jpg","contentUrl":"https:\/\/dutchmicrodosing.com\/wp-content\/uploads\/2021\/01\/microdosing-categorie-pic-nieuw.jpg","width":500,"height":500,"caption":"Dutchmicrodosing"},"image":{"@id":"https:\/\/dutchmicrodosing.com\/fr\/#\/schema\/logo\/image\/"},"sameAs":["https:\/\/www.facebook.com\/Dutchmicrodosingxp\/","https:\/\/www.instagram.com\/dutchmicrodosing\/"]}]},"product_price_amount":"24.95","product_price_currency":"EUR","og_availability":"instock","product_availability":"instock","product_retailer_item_id":"4206900","product_condition":"new"},"_links":{"self":[{"href":"https:\/\/dutchmicrodosing.com\/fr\/wp-json\/wp\/v2\/product\/40527","targetHints":{"allow":["GET"]}}],"collection":[{"href":"https:\/\/dutchmicrodosing.com\/fr\/wp-json\/wp\/v2\/product"}],"about":[{"href":"https:\/\/dutchmicrodosing.com\/fr\/wp-json\/wp\/v2\/types\/product"}],"replies":[{"embeddable":true,"href":"https:\/\/dutchmicrodosing.com\/fr\/wp-json\/wp\/v2\/comments?post=40527"}],"version-history":[{"count":0,"href":"https:\/\/dutchmicrodosing.com\/fr\/wp-json\/wp\/v2\/product\/40527\/revisions"}],"wp:featuredmedia":[{"embeddable":true,"href":"https:\/\/dutchmicrodosing.com\/fr\/wp-json\/wp\/v2\/media\/40430"}],"wp:attachment":[{"href":"https:\/\/dutchmicrodosing.com\/fr\/wp-json\/wp\/v2\/media?parent=40527"}],"wp:term":[{"taxonomy":"product_brand","embeddable":true,"href":"https:\/\/dutchmicrodosing.com\/fr\/wp-json\/wp\/v2\/product_brand?post=40527"},{"taxonomy":"product_cat","embeddable":true,"href":"https:\/\/dutchmicrodosing.com\/fr\/wp-json\/wp\/v2\/product_cat?post=40527"},{"taxonomy":"product_tag","embeddable":true,"href":"https:\/\/dutchmicrodosing.com\/fr\/wp-json\/wp\/v2\/product_tag?post=40527"}],"curies":[{"name":"wp","href":"https:\/\/api.w.org\/{rel}","templated":true}]}}