{"id":40757,"date":"2024-07-13T08:17:13","date_gmt":"2024-07-13T06:17:13","guid":{"rendered":"https:\/\/dutchmicrodosing.com\/?post_type=product&#038;p=40757"},"modified":"2025-09-15T14:59:53","modified_gmt":"2025-09-15T12:59:53","slug":"turkey-tail-trametes-versicolor-liquid-culture-spray-20-ml","status":"publish","type":"product","link":"https:\/\/dutchmicrodosing.com\/fr\/magique-champignon-spores\/seringues-de-culture-liquide\/turkey-tail-trametes-versicolor-liquid-culture-spray-20-ml\/","title":{"rendered":"Seringue de culture liquide de queue de dinde (Trametes versicolor) &#8211; 20 ML"},"content":{"rendered":"<p>La <strong>seringue de culture liquide de la queue de dinde<\/strong> rend la culture des champignons de la queue de dinde \u00e0 la maison facile et rapide. Cette seringue contient du myc\u00e9lium d\u00e9j\u00e0 d\u00e9velopp\u00e9, ce qui favorise une croissance plus rapide et plus r\u00e9guli\u00e8re que les solutions de spores traditionnelles. Le contenu de la seringue est sp\u00e9cifiquement con\u00e7u pour coloniser les substrats et n&rsquo;est pas destin\u00e9 \u00e0 la consommation directe. L&rsquo;un des principaux avantages de la culture en milieu liquide est que le myc\u00e9lium se r\u00e9pand uniform\u00e9ment dans un substrat tel que le grain, ce qui acc\u00e9l\u00e8re la colonisation du milieu.<\/p>\n<p>La queue de dinde, scientifiquement connue sous le nom de Trametes versicolor ou Coriolus versicolor, est un champignon color\u00e9 qui ressemble \u00e0 la queue de plume d&rsquo;une dinde, ce qui explique son nom anglais. Aux Pays-Bas, il est connu sous le nom de Elfenbankje, probablement en raison de son aspect stratifi\u00e9 et multicolore. Ce mod\u00e8le n&rsquo;est pas seulement beau. Traditionnellement, la queue de dinde est appr\u00e9ci\u00e9e depuis des si\u00e8cles en Asie, notamment en Chine et au Japon, o\u00f9 elle \u00e9tait utilis\u00e9e dans la m\u00e9decine traditionnelle. Les anciennes croyances en son pouvoir sont aujourd&rsquo;hui \u00e9tay\u00e9es par la recherche scientifique moderne en Asie, ce qui fait que le champignon y est toujours aussi populaire. Les ph\u00e9nols pr\u00e9sents, tels que les flavono\u00efdes, ne sont que quelques-uns des ingr\u00e9dients utiles de la queue de dinde. Cependant, il est surtout connu pour la pr\u00e9sence de polysaccharides-k (PSK) et de peptides polysaccharides (PSP), des substances qui ont fait l&rsquo;objet d&rsquo;une attention particuli\u00e8re dans le cadre de la recherche sur leurs effets b\u00e9n\u00e9fiques potentiels sur la sant\u00e9.<\/p>\n<h3><strong>Contenu<\/strong><\/h3>\n<p>Ces articles sont ensuite emball\u00e9s dans un sac \u00e0 fermeture \u00e0 glissi\u00e8re pour les prot\u00e9ger davantage contre la contamination.<\/p>\n<ul>\n<li>1x 20ml de culture liquide dans une seringue<\/li>\n<li>1x lingette alcoolis\u00e9e<\/li>\n<li>1x aiguille st\u00e9rile<\/li>\n<\/ul>\n<h3><strong>Utilisation<\/strong><\/h3>\n<ul>\n<li>Ajoutez 1 \u00e0 2 ml par pot de 1 litre de c\u00e9r\u00e9ales st\u00e9rilis\u00e9es.<\/li>\n<li>Bien agiter la culture liquide avant de l&rsquo;utiliser ; le myc\u00e9lium de la queue de dinde peut s&rsquo;agglutiner.<\/li>\n<\/ul>\n<h4><strong>Apr\u00e8s utilisation<\/strong><\/h4>\n<ul>\n<li>Conservez-la \u00e0 nouveau au r\u00e9frig\u00e9rateur.<\/li>\n<li>S\u00e9chez soigneusement l&rsquo;aiguille \u00e0 l&rsquo;aide d&rsquo;une nouvelle lingette imbib\u00e9e d&rsquo;alcool avant de remettre le capuchon de protection en place pour \u00e9viter la rouille.<\/li>\n<li>Facultatif : utiliser un briquet pour chauffer l&rsquo;aiguille et faire \u00e9vaporer l&rsquo;eau restante. Laissez-le ensuite refroidir avant de remettre le bouchon en place.<\/li>\n<li>Mettez la culture liquide dans un sac \u00e0 fermeture \u00e9clair pour une protection suppl\u00e9mentaire et remettez-le au r\u00e9frig\u00e9rateur.<\/li>\n<\/ul>\n<p>Ces instructions garantissent que la culture liquide reste efficace et utilisable le plus longtemps possible.<\/p>\n<h3>Sur quel substrat nous d\u00e9veloppons-nous ?<\/h3>\n<p>Feuillus (h\u00eatres, ch\u00eanes, ch\u00eanes jaunes, aulnes, peupliers, ormes, bois de fer, pommiers, cerisiers et autres arbres fruitiers)<\/p>\n<h4>Conditions de croissance<\/h4>\n<ul>\n<li>Phase 1 : Croissance myc\u00e9lienne<\/li>\n<li>Temp\u00e9rature : 24 &#8211; 29\u00b0C<\/li>\n<li>Humidit\u00e9 : 90 &#8211; 100%<\/li>\n<li>Dur\u00e9e : 14 &#8211; 21 jours<\/li>\n<li>Lumi\u00e8re : n\/a<\/li>\n<\/ul>\n<h4>Stade 2 : Formation de la primitive\/fructification<\/h4>\n<ul>\n<li>Temp\u00e9rature : 10 &#8211; 24 (jusqu&rsquo;\u00e0 27) \u00b0C<\/li>\n<li>Humidit\u00e9 : 95 &#8211; 100<\/li>\n<li>Dur\u00e9e : 7 \u00e0 14 jours<\/li>\n<li>Lumi\u00e8re : 500 &#8211; 2 000 lux<\/li>\n<\/ul>\n<h4>\u00c9tape 3 : fructification et r\u00e9colte<\/h4>\n<ul>\n<li>Temp\u00e9rature : 18 &#8211; 24\u00b0C<\/li>\n<li>Humidit\u00e9 : 85 &#8211; 90 (95) %.<\/li>\n<li>Dur\u00e9e : 45 \u00e0 70 jours<\/li>\n<li>Lumi\u00e8re : 500 &#8211; 2 000 lux<\/li>\n<li>Cycle de culture : deux \u00e0 trois vols\/r\u00e9coltes sur trois mois<\/li>\n<\/ul>\n<h3><strong>Conseils de stockage<\/strong><\/h3>\n<ul>\n<li>Utiliser la culture liquide dans les 2 mois.<\/li>\n<li>Conservez-la au r\u00e9frig\u00e9rateur ou dans un autre endroit frais et sombre.<\/li>\n<li>\u00c9viter l&rsquo;exposition \u00e0 la lumi\u00e8re UV.<\/li>\n<\/ul>\n","protected":false},"excerpt":{"rendered":"<p>La seringue de culture liquide de la queue de dinde rend la culture des champignons de la queue de dinde \u00e0 la maison facile et rapide. Cette seringue contient du myc\u00e9lium d\u00e9j\u00e0 d\u00e9velopp\u00e9, ce qui favorise une croissance plus rapide et plus r\u00e9guli\u00e8re que les solutions de spores traditionnelles. Le contenu de la seringue est [&hellip;]<\/p>\n","protected":false},"featured_media":27916,"comment_status":"closed","ping_status":"closed","template":"","meta":[],"product_brand":[],"product_cat":[129,358],"product_tag":[],"class_list":{"0":"post-40757","1":"product","2":"type-product","3":"status-publish","4":"has-post-thumbnail","6":"product_cat-champignons-medicinaux","7":"product_cat-seringues-de-culture-liquide","9":"first","10":"outofstock","11":"taxable","12":"shipping-taxable","13":"purchasable","14":"product-type-simple"},"yoast_head":"<!-- This site is optimized with the Yoast SEO Premium plugin v26.4 (Yoast SEO v27.2) - https:\/\/yoast.com\/product\/yoast-seo-premium-wordpress\/ -->\n<title>Seringue de culture liquide de queue de dinde (Trametes versicolor) - 20 ML - Dutchmicrodosing<\/title>\n<meta name=\"robots\" content=\"index, follow, max-snippet:-1, max-image-preview:large, max-video-preview:-1\" \/>\n<link rel=\"canonical\" href=\"https:\/\/dutchmicrodosing.com\/fr\/magique-champignon-spores\/seringues-de-culture-liquide\/turkey-tail-trametes-versicolor-liquid-culture-spray-20-ml\/\" \/>\n<meta property=\"og:locale\" content=\"fr_FR\" \/>\n<meta property=\"og:type\" content=\"article\" \/>\n<meta property=\"og:title\" content=\"Seringue de culture liquide de queue de dinde (Trametes versicolor) - 20 ML\" \/>\n<meta property=\"og:description\" content=\"La seringue de culture liquide de la queue de dinde rend la culture des champignons de la queue de dinde \u00e0 la maison facile et rapide. Cette seringue\" \/>\n<meta property=\"og:url\" content=\"https:\/\/dutchmicrodosing.com\/fr\/magique-champignon-spores\/seringues-de-culture-liquide\/turkey-tail-trametes-versicolor-liquid-culture-spray-20-ml\/\" \/>\n<meta property=\"og:site_name\" content=\"Dutchmicrodosing\" \/>\n<meta property=\"article:publisher\" content=\"https:\/\/www.facebook.com\/Dutchmicrodosingxp\/\" \/>\n<meta property=\"article:modified_time\" content=\"2025-09-15T12:59:53+00:00\" \/>\n<meta property=\"og:image\" content=\"https:\/\/dutchmicrodosing.com\/wp-content\/uploads\/2023\/09\/turkey-tail-hoekpolder-002.jpg\" \/>\n\t<meta property=\"og:image:width\" content=\"1000\" \/>\n\t<meta property=\"og:image:height\" content=\"1000\" \/>\n\t<meta property=\"og:image:type\" content=\"image\/jpeg\" \/>\n<meta name=\"twitter:card\" content=\"summary_large_image\" \/>\n<script type=\"application\/ld+json\" class=\"yoast-schema-graph\">{\"@context\":\"https:\/\/schema.org\",\"@graph\":[{\"@type\":\"WebPage\",\"@id\":\"https:\/\/dutchmicrodosing.com\/fr\/magique-champignon-spores\/seringues-de-culture-liquide\/turkey-tail-trametes-versicolor-liquid-culture-spray-20-ml\/\",\"url\":\"https:\/\/dutchmicrodosing.com\/fr\/magique-champignon-spores\/seringues-de-culture-liquide\/turkey-tail-trametes-versicolor-liquid-culture-spray-20-ml\/\",\"name\":\"Seringue de culture liquide de queue de dinde (Trametes versicolor) - 20 ML - Dutchmicrodosing\",\"isPartOf\":{\"@id\":\"https:\/\/dutchmicrodosing.com\/fr\/#website\"},\"primaryImageOfPage\":{\"@id\":\"https:\/\/dutchmicrodosing.com\/fr\/magique-champignon-spores\/seringues-de-culture-liquide\/turkey-tail-trametes-versicolor-liquid-culture-spray-20-ml\/#primaryimage\"},\"image\":{\"@id\":\"https:\/\/dutchmicrodosing.com\/fr\/magique-champignon-spores\/seringues-de-culture-liquide\/turkey-tail-trametes-versicolor-liquid-culture-spray-20-ml\/#primaryimage\"},\"thumbnailUrl\":\"https:\/\/dutchmicrodosing.com\/wp-content\/uploads\/2023\/09\/turkey-tail-hoekpolder-002.jpg\",\"datePublished\":\"2024-07-13T06:17:13+00:00\",\"dateModified\":\"2025-09-15T12:59:53+00:00\",\"breadcrumb\":{\"@id\":\"https:\/\/dutchmicrodosing.com\/fr\/magique-champignon-spores\/seringues-de-culture-liquide\/turkey-tail-trametes-versicolor-liquid-culture-spray-20-ml\/#breadcrumb\"},\"inLanguage\":\"fr-FR\",\"potentialAction\":[{\"@type\":\"ReadAction\",\"target\":[\"https:\/\/dutchmicrodosing.com\/fr\/magique-champignon-spores\/seringues-de-culture-liquide\/turkey-tail-trametes-versicolor-liquid-culture-spray-20-ml\/\"]}]},{\"@type\":\"ImageObject\",\"inLanguage\":\"fr-FR\",\"@id\":\"https:\/\/dutchmicrodosing.com\/fr\/magique-champignon-spores\/seringues-de-culture-liquide\/turkey-tail-trametes-versicolor-liquid-culture-spray-20-ml\/#primaryimage\",\"url\":\"https:\/\/dutchmicrodosing.com\/wp-content\/uploads\/2023\/09\/turkey-tail-hoekpolder-002.jpg\",\"contentUrl\":\"https:\/\/dutchmicrodosing.com\/wp-content\/uploads\/2023\/09\/turkey-tail-hoekpolder-002.jpg\",\"width\":1000,\"height\":1000},{\"@type\":\"BreadcrumbList\",\"@id\":\"https:\/\/dutchmicrodosing.com\/fr\/magique-champignon-spores\/seringues-de-culture-liquide\/turkey-tail-trametes-versicolor-liquid-culture-spray-20-ml\/#breadcrumb\",\"itemListElement\":[{\"@type\":\"ListItem\",\"position\":1,\"name\":\"Home\",\"item\":\"https:\/\/dutchmicrodosing.com\/fr\/\"},{\"@type\":\"ListItem\",\"position\":2,\"name\":\"Boutique\",\"item\":\"https:\/\/dutchmicrodosing.com\/fr\/boutique\/\"},{\"@type\":\"ListItem\",\"position\":3,\"name\":\"Seringue de culture liquide de queue de dinde (Trametes versicolor) &#8211; 20 ML\"}]},{\"@type\":\"WebSite\",\"@id\":\"https:\/\/dutchmicrodosing.com\/fr\/#website\",\"url\":\"https:\/\/dutchmicrodosing.com\/fr\/\",\"name\":\"Dutchmicrodosing\",\"description\":\"\",\"publisher\":{\"@id\":\"https:\/\/dutchmicrodosing.com\/fr\/#organization\"},\"potentialAction\":[{\"@type\":\"SearchAction\",\"target\":{\"@type\":\"EntryPoint\",\"urlTemplate\":\"https:\/\/dutchmicrodosing.com\/fr\/?s={search_term_string}\"},\"query-input\":{\"@type\":\"PropertyValueSpecification\",\"valueRequired\":true,\"valueName\":\"search_term_string\"}}],\"inLanguage\":\"fr-FR\"},{\"@type\":\"Organization\",\"@id\":\"https:\/\/dutchmicrodosing.com\/fr\/#organization\",\"name\":\"Dutchmicrodosing\",\"url\":\"https:\/\/dutchmicrodosing.com\/fr\/\",\"logo\":{\"@type\":\"ImageObject\",\"inLanguage\":\"fr-FR\",\"@id\":\"https:\/\/dutchmicrodosing.com\/fr\/#\/schema\/logo\/image\/\",\"url\":\"https:\/\/dutchmicrodosing.com\/wp-content\/uploads\/2021\/01\/microdosing-categorie-pic-nieuw.jpg\",\"contentUrl\":\"https:\/\/dutchmicrodosing.com\/wp-content\/uploads\/2021\/01\/microdosing-categorie-pic-nieuw.jpg\",\"width\":500,\"height\":500,\"caption\":\"Dutchmicrodosing\"},\"image\":{\"@id\":\"https:\/\/dutchmicrodosing.com\/fr\/#\/schema\/logo\/image\/\"},\"sameAs\":[\"https:\/\/www.facebook.com\/Dutchmicrodosingxp\/\",\"https:\/\/www.instagram.com\/dutchmicrodosing\/\"]}]}<\/script>\n<meta property=\"product:price:amount\" content=\"15.95\" \/>\n<meta property=\"product:price:currency\" content=\"EUR\" \/>\n<meta property=\"og:availability\" content=\"out of stock\" \/>\n<meta property=\"product:availability\" content=\"out of stock\" \/>\n<meta property=\"product:retailer_item_id\" content=\"4206687\" \/>\n<meta property=\"product:condition\" content=\"new\" \/>\n<!-- \/ Yoast SEO Premium plugin. -->","yoast_head_json":{"title":"Seringue de culture liquide de queue de dinde (Trametes versicolor) - 20 ML - Dutchmicrodosing","robots":{"index":"index","follow":"follow","max-snippet":"max-snippet:-1","max-image-preview":"max-image-preview:large","max-video-preview":"max-video-preview:-1"},"canonical":"https:\/\/dutchmicrodosing.com\/fr\/magique-champignon-spores\/seringues-de-culture-liquide\/turkey-tail-trametes-versicolor-liquid-culture-spray-20-ml\/","og_locale":"fr_FR","og_type":"article","og_title":"Seringue de culture liquide de queue de dinde (Trametes versicolor) - 20 ML","og_description":"La seringue de culture liquide de la queue de dinde rend la culture des champignons de la queue de dinde \u00e0 la maison facile et rapide. Cette seringue","og_url":"https:\/\/dutchmicrodosing.com\/fr\/magique-champignon-spores\/seringues-de-culture-liquide\/turkey-tail-trametes-versicolor-liquid-culture-spray-20-ml\/","og_site_name":"Dutchmicrodosing","article_publisher":"https:\/\/www.facebook.com\/Dutchmicrodosingxp\/","article_modified_time":"2025-09-15T12:59:53+00:00","og_image":[{"width":1000,"height":1000,"url":"https:\/\/dutchmicrodosing.com\/wp-content\/uploads\/2023\/09\/turkey-tail-hoekpolder-002.jpg","type":"image\/jpeg"}],"twitter_card":"summary_large_image","schema":{"@context":"https:\/\/schema.org","@graph":[{"@type":"WebPage","@id":"https:\/\/dutchmicrodosing.com\/fr\/magique-champignon-spores\/seringues-de-culture-liquide\/turkey-tail-trametes-versicolor-liquid-culture-spray-20-ml\/","url":"https:\/\/dutchmicrodosing.com\/fr\/magique-champignon-spores\/seringues-de-culture-liquide\/turkey-tail-trametes-versicolor-liquid-culture-spray-20-ml\/","name":"Seringue de culture liquide de queue de dinde (Trametes versicolor) - 20 ML - Dutchmicrodosing","isPartOf":{"@id":"https:\/\/dutchmicrodosing.com\/fr\/#website"},"primaryImageOfPage":{"@id":"https:\/\/dutchmicrodosing.com\/fr\/magique-champignon-spores\/seringues-de-culture-liquide\/turkey-tail-trametes-versicolor-liquid-culture-spray-20-ml\/#primaryimage"},"image":{"@id":"https:\/\/dutchmicrodosing.com\/fr\/magique-champignon-spores\/seringues-de-culture-liquide\/turkey-tail-trametes-versicolor-liquid-culture-spray-20-ml\/#primaryimage"},"thumbnailUrl":"https:\/\/dutchmicrodosing.com\/wp-content\/uploads\/2023\/09\/turkey-tail-hoekpolder-002.jpg","datePublished":"2024-07-13T06:17:13+00:00","dateModified":"2025-09-15T12:59:53+00:00","breadcrumb":{"@id":"https:\/\/dutchmicrodosing.com\/fr\/magique-champignon-spores\/seringues-de-culture-liquide\/turkey-tail-trametes-versicolor-liquid-culture-spray-20-ml\/#breadcrumb"},"inLanguage":"fr-FR","potentialAction":[{"@type":"ReadAction","target":["https:\/\/dutchmicrodosing.com\/fr\/magique-champignon-spores\/seringues-de-culture-liquide\/turkey-tail-trametes-versicolor-liquid-culture-spray-20-ml\/"]}]},{"@type":"ImageObject","inLanguage":"fr-FR","@id":"https:\/\/dutchmicrodosing.com\/fr\/magique-champignon-spores\/seringues-de-culture-liquide\/turkey-tail-trametes-versicolor-liquid-culture-spray-20-ml\/#primaryimage","url":"https:\/\/dutchmicrodosing.com\/wp-content\/uploads\/2023\/09\/turkey-tail-hoekpolder-002.jpg","contentUrl":"https:\/\/dutchmicrodosing.com\/wp-content\/uploads\/2023\/09\/turkey-tail-hoekpolder-002.jpg","width":1000,"height":1000},{"@type":"BreadcrumbList","@id":"https:\/\/dutchmicrodosing.com\/fr\/magique-champignon-spores\/seringues-de-culture-liquide\/turkey-tail-trametes-versicolor-liquid-culture-spray-20-ml\/#breadcrumb","itemListElement":[{"@type":"ListItem","position":1,"name":"Home","item":"https:\/\/dutchmicrodosing.com\/fr\/"},{"@type":"ListItem","position":2,"name":"Boutique","item":"https:\/\/dutchmicrodosing.com\/fr\/boutique\/"},{"@type":"ListItem","position":3,"name":"Seringue de culture liquide de queue de dinde (Trametes versicolor) &#8211; 20 ML"}]},{"@type":"WebSite","@id":"https:\/\/dutchmicrodosing.com\/fr\/#website","url":"https:\/\/dutchmicrodosing.com\/fr\/","name":"Dutchmicrodosing","description":"","publisher":{"@id":"https:\/\/dutchmicrodosing.com\/fr\/#organization"},"potentialAction":[{"@type":"SearchAction","target":{"@type":"EntryPoint","urlTemplate":"https:\/\/dutchmicrodosing.com\/fr\/?s={search_term_string}"},"query-input":{"@type":"PropertyValueSpecification","valueRequired":true,"valueName":"search_term_string"}}],"inLanguage":"fr-FR"},{"@type":"Organization","@id":"https:\/\/dutchmicrodosing.com\/fr\/#organization","name":"Dutchmicrodosing","url":"https:\/\/dutchmicrodosing.com\/fr\/","logo":{"@type":"ImageObject","inLanguage":"fr-FR","@id":"https:\/\/dutchmicrodosing.com\/fr\/#\/schema\/logo\/image\/","url":"https:\/\/dutchmicrodosing.com\/wp-content\/uploads\/2021\/01\/microdosing-categorie-pic-nieuw.jpg","contentUrl":"https:\/\/dutchmicrodosing.com\/wp-content\/uploads\/2021\/01\/microdosing-categorie-pic-nieuw.jpg","width":500,"height":500,"caption":"Dutchmicrodosing"},"image":{"@id":"https:\/\/dutchmicrodosing.com\/fr\/#\/schema\/logo\/image\/"},"sameAs":["https:\/\/www.facebook.com\/Dutchmicrodosingxp\/","https:\/\/www.instagram.com\/dutchmicrodosing\/"]}]},"product_price_amount":"15.95","product_price_currency":"EUR","og_availability":"out of stock","product_availability":"out of stock","product_retailer_item_id":"4206687","product_condition":"new"},"_links":{"self":[{"href":"https:\/\/dutchmicrodosing.com\/fr\/wp-json\/wp\/v2\/product\/40757","targetHints":{"allow":["GET"]}}],"collection":[{"href":"https:\/\/dutchmicrodosing.com\/fr\/wp-json\/wp\/v2\/product"}],"about":[{"href":"https:\/\/dutchmicrodosing.com\/fr\/wp-json\/wp\/v2\/types\/product"}],"replies":[{"embeddable":true,"href":"https:\/\/dutchmicrodosing.com\/fr\/wp-json\/wp\/v2\/comments?post=40757"}],"version-history":[{"count":0,"href":"https:\/\/dutchmicrodosing.com\/fr\/wp-json\/wp\/v2\/product\/40757\/revisions"}],"wp:featuredmedia":[{"embeddable":true,"href":"https:\/\/dutchmicrodosing.com\/fr\/wp-json\/wp\/v2\/media\/27916"}],"wp:attachment":[{"href":"https:\/\/dutchmicrodosing.com\/fr\/wp-json\/wp\/v2\/media?parent=40757"}],"wp:term":[{"taxonomy":"product_brand","embeddable":true,"href":"https:\/\/dutchmicrodosing.com\/fr\/wp-json\/wp\/v2\/product_brand?post=40757"},{"taxonomy":"product_cat","embeddable":true,"href":"https:\/\/dutchmicrodosing.com\/fr\/wp-json\/wp\/v2\/product_cat?post=40757"},{"taxonomy":"product_tag","embeddable":true,"href":"https:\/\/dutchmicrodosing.com\/fr\/wp-json\/wp\/v2\/product_tag?post=40757"}],"curies":[{"name":"wp","href":"https:\/\/api.w.org\/{rel}","templated":true}]}}