{"id":40789,"date":"2024-07-13T08:45:25","date_gmt":"2024-07-13T06:45:25","guid":{"rendered":"https:\/\/dutchmicrodosing.com\/shop\/non%20class\u00e9\/red-reishi-ganoderma-lucidum-liquide-culture-spray-20-ml\/"},"modified":"2025-09-22T13:49:20","modified_gmt":"2025-09-22T11:49:20","slug":"red-reishi-ganoderma-lucidum-liquide-culture-spray-20-ml","status":"publish","type":"product","link":"https:\/\/dutchmicrodosing.com\/fr\/magique-champignon-spores\/seringues-de-culture-liquide\/red-reishi-ganoderma-lucidum-liquide-culture-spray-20-ml\/","title":{"rendered":"Seringue de culture liquide de Reishi rouge (Ganoderma lucidum) &#8211; 20 ML"},"content":{"rendered":"<p>La <strong>culture liquide Red Reishi<\/strong> est pr\u00e9par\u00e9e \u00e0 partir d&rsquo;une culture de champignon pure et est fabriqu\u00e9e \u00e0 partir d&rsquo;extraits de malt et de levure de la plus haute qualit\u00e9. Le myc\u00e9lium liquide obtenu \u00e0 partir de cultures pures de champignons est beaucoup plus efficace que les cultures liquides obtenues \u00e0 partir de spores. L&rsquo;avantage de la culture liquide est qu&rsquo;elle se r\u00e9pand beaucoup plus uniform\u00e9ment dans un pot de c\u00e9r\u00e9ales et que vous observerez une colonisation plus rapide des c\u00e9r\u00e9ales. Le contenu de la seringue est destin\u00e9 uniquement \u00e0 la colonisation des substrats et non \u00e0 la consommation directe. Faites l&rsquo;exp\u00e9rience d&rsquo;une sensation royale avec le champignon Reishi rouge, \u00e9galement appel\u00e9 \u00ab\u00a0champignon de l&rsquo;immortalit\u00e9\u00a0\u00bb dans la m\u00e9decine traditionnelle chinoise. Depuis plus de 2 000 ans, ce champignon est tenu en haute estime par la m\u00e9decine chinoise. Cette appr\u00e9ciation est due \u00e0 sa riche pr\u00e9sence de vitamines naturelles, de nutriments et d&rsquo;adaptog\u00e8nes.<\/p>\n<h3>Contenu<\/h3>\n<p>Ces articles sont ensuite emball\u00e9s dans un sac \u00e0 fermeture \u00e0 glissi\u00e8re pour les prot\u00e9ger davantage contre la contamination.<\/p>\n<ul>\n<li>1x 20ml de culture liquide dans une seringue<\/li>\n<li>1x lingette alcoolis\u00e9e<\/li>\n<li>1x aiguille st\u00e9rile<\/li>\n<\/ul>\n<h3><strong>Utilisation<\/strong><\/h3>\n<ul>\n<li>Ajoutez 1 \u00e0 2 ml par pot de 1 litre de c\u00e9r\u00e9ales st\u00e9rilis\u00e9es.<\/li>\n<li>Agitez bien la culture liquide avant de l&rsquo;utiliser. Le Reishi rouge a une croissance lente et parfois irr\u00e9guli\u00e8re. On peut avoir l&rsquo;impression qu&rsquo;il n&rsquo;y a pas de croissance, mais le processus a probablement d\u00e9j\u00e0 commenc\u00e9.<\/li>\n<\/ul>\n<h4><strong>Apr\u00e8s<\/strong> utilisation<\/h4>\n<ul>\n<li>Conservez-la \u00e0 nouveau au r\u00e9frig\u00e9rateur.<\/li>\n<li>S\u00e9chez soigneusement l&rsquo;aiguille avec une nouvelle lingette imbib\u00e9e d&rsquo;alcool avant de remettre le capuchon de protection en place pour \u00e9viter la rouille.<\/li>\n<li>Facultatif : utiliser un briquet pour chauffer l&rsquo;aiguille et faire \u00e9vaporer l&rsquo;eau restante. Laissez-le ensuite refroidir avant de remettre le bouchon en place.<\/li>\n<li>Mettez la culture liquide dans un sac \u00e0 fermeture \u00e9clair pour une protection suppl\u00e9mentaire et remettez-le au r\u00e9frig\u00e9rateur.<\/li>\n<\/ul>\n<p>Ces instructions garantissent que la culture liquide reste efficace et utilisable le plus longtemps possible.<\/p>\n<h3>Sur quel substrat cultivons-nous<\/h3>\n<p>La r\u00e9ponse est le bois dur (le plus appropri\u00e9 est le ch\u00eane, le h\u00eatre, le bouleau, l&rsquo;aulne). Si vous pr\u00e9f\u00e9rez une approche plus naturelle, il est \u00e9galement possible de cultiver le Reishi rouge \u00e0 l&rsquo;ext\u00e9rieur, directement sur des b\u00fbches de bois dur.<\/p>\n<h3>Phase 1 : Conditions de croissance<\/h3>\n<p>Phase 1 : Croissance myc\u00e9lienne<br \/>\nTemp\u00e9rature : 21 &#8211; 27\u00b0C<br \/>\nHumidit\u00e9 : 95 &#8211; 100<br \/>\nDur\u00e9e : 10 \u00e0 20 jours<br \/>\nLumi\u00e8re : n\/a<\/p>\n<h3>Stade 2 : Formation de la primitive\/fructification<\/h3>\n<p>(Pour l&rsquo;uniformit\u00e9 des bois de croissance dans un sac scell\u00e9).<br \/>\nTemp\u00e9rature : 18 &#8211; 24\u00b0C<br \/>\nHumidit\u00e9 : 95 &#8211; 100<br \/>\nDur\u00e9e : 14 &#8211; 28 jours<br \/>\nLumi\u00e8re : 200 &#8211; 500 lux pendant 4 &#8211; 8 heures par jour<\/p>\n<h3>Phase 3 : Initiation de la formation des fruits<\/h3>\n<p>(Pour la formation de c\u00f4nes de croissance dans des sacs ouverts).<br \/>\nTemp\u00e9rature : 21 &#8211; 27 \u00b0C<br \/>\nHumidit\u00e9 : 95 &#8211; 100<br \/>\nDur\u00e9e : 14 &#8211; 28 jours<br \/>\nLumi\u00e8re : 750 &#8211; 1 500 lux pendant 12 heures par jour<\/p>\n<h3>\u00c9tape 4 : fructification et r\u00e9colte<\/h3>\n<p>Temp\u00e9rature : 21 &#8211; 27 \u00b0C<br \/>\nHumidit\u00e9 : 80 &#8211; 85%<br \/>\nDur\u00e9e : 60 jours<br \/>\nLumi\u00e8re : 750 &#8211; 1 500 lux<br \/>\nCycle de culture : 1 \u00e0 2 r\u00e9coltes en 90 \u00e0 120 jours<\/p>\n<h3>Conseils de stockage<\/h3>\n<ul>\n<li>Utiliser la culture liquide dans les 2 mois.<\/li>\n<li>Conservez-la au r\u00e9frig\u00e9rateur ou dans un autre endroit frais et sombre.<\/li>\n<li>\u00c9viter l&rsquo;exposition \u00e0 la lumi\u00e8re UV.<\/li>\n<\/ul>\n","protected":false},"excerpt":{"rendered":"<p>La culture liquide Red Reishi est pr\u00e9par\u00e9e \u00e0 partir d&rsquo;une culture de champignon pure et est fabriqu\u00e9e \u00e0 partir d&rsquo;extraits de malt et de levure de la plus haute qualit\u00e9. Le myc\u00e9lium liquide obtenu \u00e0 partir de cultures pures de champignons est beaucoup plus efficace que les cultures liquides obtenues \u00e0 partir de spores. L&rsquo;avantage [&hellip;]<\/p>\n","protected":false},"featured_media":27910,"comment_status":"closed","ping_status":"closed","template":"","meta":[],"product_brand":[],"product_cat":[358,129],"product_tag":[],"class_list":{"0":"post-40789","1":"product","2":"type-product","3":"status-publish","4":"has-post-thumbnail","6":"product_cat-seringues-de-culture-liquide","7":"product_cat-champignons-medicinaux","9":"first","10":"outofstock","11":"taxable","12":"shipping-taxable","13":"purchasable","14":"product-type-simple"},"yoast_head":"<!-- This site is optimized with the Yoast SEO Premium plugin v26.4 (Yoast SEO v27.4) - https:\/\/yoast.com\/product\/yoast-seo-premium-wordpress\/ -->\n<title>Seringue de culture liquide de Reishi rouge (Ganoderma lucidum) - 20 ML - Dutchmicrodosing<\/title>\n<meta name=\"robots\" content=\"index, follow, max-snippet:-1, max-image-preview:large, max-video-preview:-1\" \/>\n<link rel=\"canonical\" href=\"https:\/\/dutchmicrodosing.com\/fr\/magique-champignon-spores\/seringues-de-culture-liquide\/red-reishi-ganoderma-lucidum-liquide-culture-spray-20-ml\/\" \/>\n<meta property=\"og:locale\" content=\"fr_FR\" \/>\n<meta property=\"og:type\" content=\"article\" \/>\n<meta property=\"og:title\" content=\"Seringue de culture liquide de Reishi rouge (Ganoderma lucidum) - 20 ML\" \/>\n<meta property=\"og:description\" content=\"La culture liquide Red Reishi est pr\u00e9par\u00e9e \u00e0 partir d&#039;une culture de champignon pure et est fabriqu\u00e9e \u00e0 partir d&#039;extraits de malt et de levure de la plus\" \/>\n<meta property=\"og:url\" content=\"https:\/\/dutchmicrodosing.com\/fr\/magique-champignon-spores\/seringues-de-culture-liquide\/red-reishi-ganoderma-lucidum-liquide-culture-spray-20-ml\/\" \/>\n<meta property=\"og:site_name\" content=\"Dutchmicrodosing\" \/>\n<meta property=\"article:publisher\" content=\"https:\/\/www.facebook.com\/Dutchmicrodosingxp\/\" \/>\n<meta property=\"article:modified_time\" content=\"2025-09-22T11:49:20+00:00\" \/>\n<meta property=\"og:image\" content=\"https:\/\/dutchmicrodosing.com\/wp-content\/uploads\/2023\/09\/red-reishi-hoekpolder-002.jpg\" \/>\n\t<meta property=\"og:image:width\" content=\"1000\" \/>\n\t<meta property=\"og:image:height\" content=\"1000\" \/>\n\t<meta property=\"og:image:type\" content=\"image\/jpeg\" \/>\n<meta name=\"twitter:card\" content=\"summary_large_image\" \/>\n<script type=\"application\/ld+json\" class=\"yoast-schema-graph\">{\"@context\":\"https:\\\/\\\/schema.org\",\"@graph\":[{\"@type\":\"WebPage\",\"@id\":\"https:\\\/\\\/dutchmicrodosing.com\\\/fr\\\/magique-champignon-spores\\\/seringues-de-culture-liquide\\\/red-reishi-ganoderma-lucidum-liquide-culture-spray-20-ml\\\/\",\"url\":\"https:\\\/\\\/dutchmicrodosing.com\\\/fr\\\/magique-champignon-spores\\\/seringues-de-culture-liquide\\\/red-reishi-ganoderma-lucidum-liquide-culture-spray-20-ml\\\/\",\"name\":\"Seringue de culture liquide de Reishi rouge (Ganoderma lucidum) - 20 ML - Dutchmicrodosing\",\"isPartOf\":{\"@id\":\"https:\\\/\\\/dutchmicrodosing.com\\\/fr\\\/#website\"},\"primaryImageOfPage\":{\"@id\":\"https:\\\/\\\/dutchmicrodosing.com\\\/fr\\\/magique-champignon-spores\\\/seringues-de-culture-liquide\\\/red-reishi-ganoderma-lucidum-liquide-culture-spray-20-ml\\\/#primaryimage\"},\"image\":{\"@id\":\"https:\\\/\\\/dutchmicrodosing.com\\\/fr\\\/magique-champignon-spores\\\/seringues-de-culture-liquide\\\/red-reishi-ganoderma-lucidum-liquide-culture-spray-20-ml\\\/#primaryimage\"},\"thumbnailUrl\":\"https:\\\/\\\/dutchmicrodosing.com\\\/wp-content\\\/uploads\\\/2023\\\/09\\\/red-reishi-hoekpolder-002.jpg\",\"datePublished\":\"2024-07-13T06:45:25+00:00\",\"dateModified\":\"2025-09-22T11:49:20+00:00\",\"breadcrumb\":{\"@id\":\"https:\\\/\\\/dutchmicrodosing.com\\\/fr\\\/magique-champignon-spores\\\/seringues-de-culture-liquide\\\/red-reishi-ganoderma-lucidum-liquide-culture-spray-20-ml\\\/#breadcrumb\"},\"inLanguage\":\"fr-FR\",\"potentialAction\":[{\"@type\":\"ReadAction\",\"target\":[\"https:\\\/\\\/dutchmicrodosing.com\\\/fr\\\/magique-champignon-spores\\\/seringues-de-culture-liquide\\\/red-reishi-ganoderma-lucidum-liquide-culture-spray-20-ml\\\/\"]}]},{\"@type\":\"ImageObject\",\"inLanguage\":\"fr-FR\",\"@id\":\"https:\\\/\\\/dutchmicrodosing.com\\\/fr\\\/magique-champignon-spores\\\/seringues-de-culture-liquide\\\/red-reishi-ganoderma-lucidum-liquide-culture-spray-20-ml\\\/#primaryimage\",\"url\":\"https:\\\/\\\/dutchmicrodosing.com\\\/wp-content\\\/uploads\\\/2023\\\/09\\\/red-reishi-hoekpolder-002.jpg\",\"contentUrl\":\"https:\\\/\\\/dutchmicrodosing.com\\\/wp-content\\\/uploads\\\/2023\\\/09\\\/red-reishi-hoekpolder-002.jpg\",\"width\":1000,\"height\":1000},{\"@type\":\"BreadcrumbList\",\"@id\":\"https:\\\/\\\/dutchmicrodosing.com\\\/fr\\\/magique-champignon-spores\\\/seringues-de-culture-liquide\\\/red-reishi-ganoderma-lucidum-liquide-culture-spray-20-ml\\\/#breadcrumb\",\"itemListElement\":[{\"@type\":\"ListItem\",\"position\":1,\"name\":\"Home\",\"item\":\"https:\\\/\\\/dutchmicrodosing.com\\\/fr\\\/\"},{\"@type\":\"ListItem\",\"position\":2,\"name\":\"Boutique\",\"item\":\"https:\\\/\\\/dutchmicrodosing.com\\\/fr\\\/boutique\\\/\"},{\"@type\":\"ListItem\",\"position\":3,\"name\":\"Seringue de culture liquide de Reishi rouge (Ganoderma lucidum) &#8211; 20 ML\"}]},{\"@type\":\"WebSite\",\"@id\":\"https:\\\/\\\/dutchmicrodosing.com\\\/fr\\\/#website\",\"url\":\"https:\\\/\\\/dutchmicrodosing.com\\\/fr\\\/\",\"name\":\"Dutchmicrodosing\",\"description\":\"\",\"publisher\":{\"@id\":\"https:\\\/\\\/dutchmicrodosing.com\\\/fr\\\/#organization\"},\"potentialAction\":[{\"@type\":\"SearchAction\",\"target\":{\"@type\":\"EntryPoint\",\"urlTemplate\":\"https:\\\/\\\/dutchmicrodosing.com\\\/fr\\\/?s={search_term_string}\"},\"query-input\":{\"@type\":\"PropertyValueSpecification\",\"valueRequired\":true,\"valueName\":\"search_term_string\"}}],\"inLanguage\":\"fr-FR\"},{\"@type\":\"Organization\",\"@id\":\"https:\\\/\\\/dutchmicrodosing.com\\\/fr\\\/#organization\",\"name\":\"Dutchmicrodosing\",\"url\":\"https:\\\/\\\/dutchmicrodosing.com\\\/fr\\\/\",\"logo\":{\"@type\":\"ImageObject\",\"inLanguage\":\"fr-FR\",\"@id\":\"https:\\\/\\\/dutchmicrodosing.com\\\/fr\\\/#\\\/schema\\\/logo\\\/image\\\/\",\"url\":\"https:\\\/\\\/dutchmicrodosing.com\\\/wp-content\\\/uploads\\\/2021\\\/01\\\/microdosing-categorie-pic-nieuw.jpg\",\"contentUrl\":\"https:\\\/\\\/dutchmicrodosing.com\\\/wp-content\\\/uploads\\\/2021\\\/01\\\/microdosing-categorie-pic-nieuw.jpg\",\"width\":500,\"height\":500,\"caption\":\"Dutchmicrodosing\"},\"image\":{\"@id\":\"https:\\\/\\\/dutchmicrodosing.com\\\/fr\\\/#\\\/schema\\\/logo\\\/image\\\/\"},\"sameAs\":[\"https:\\\/\\\/www.facebook.com\\\/Dutchmicrodosingxp\\\/\",\"https:\\\/\\\/www.instagram.com\\\/dutchmicrodosing\\\/\"]}]}<\/script>\n<meta property=\"product:price:amount\" content=\"15.95\" \/>\n<meta property=\"product:price:currency\" content=\"EUR\" \/>\n<meta property=\"og:availability\" content=\"out of stock\" \/>\n<meta property=\"product:availability\" content=\"out of stock\" \/>\n<meta property=\"product:retailer_item_id\" content=\"4206922\" \/>\n<meta property=\"product:condition\" content=\"new\" \/>\n<!-- \/ Yoast SEO Premium plugin. -->","yoast_head_json":{"title":"Seringue de culture liquide de Reishi rouge (Ganoderma lucidum) - 20 ML - Dutchmicrodosing","robots":{"index":"index","follow":"follow","max-snippet":"max-snippet:-1","max-image-preview":"max-image-preview:large","max-video-preview":"max-video-preview:-1"},"canonical":"https:\/\/dutchmicrodosing.com\/fr\/magique-champignon-spores\/seringues-de-culture-liquide\/red-reishi-ganoderma-lucidum-liquide-culture-spray-20-ml\/","og_locale":"fr_FR","og_type":"article","og_title":"Seringue de culture liquide de Reishi rouge (Ganoderma lucidum) - 20 ML","og_description":"La culture liquide Red Reishi est pr\u00e9par\u00e9e \u00e0 partir d'une culture de champignon pure et est fabriqu\u00e9e \u00e0 partir d'extraits de malt et de levure de la plus","og_url":"https:\/\/dutchmicrodosing.com\/fr\/magique-champignon-spores\/seringues-de-culture-liquide\/red-reishi-ganoderma-lucidum-liquide-culture-spray-20-ml\/","og_site_name":"Dutchmicrodosing","article_publisher":"https:\/\/www.facebook.com\/Dutchmicrodosingxp\/","article_modified_time":"2025-09-22T11:49:20+00:00","og_image":[{"width":1000,"height":1000,"url":"https:\/\/dutchmicrodosing.com\/wp-content\/uploads\/2023\/09\/red-reishi-hoekpolder-002.jpg","type":"image\/jpeg"}],"twitter_card":"summary_large_image","schema":{"@context":"https:\/\/schema.org","@graph":[{"@type":"WebPage","@id":"https:\/\/dutchmicrodosing.com\/fr\/magique-champignon-spores\/seringues-de-culture-liquide\/red-reishi-ganoderma-lucidum-liquide-culture-spray-20-ml\/","url":"https:\/\/dutchmicrodosing.com\/fr\/magique-champignon-spores\/seringues-de-culture-liquide\/red-reishi-ganoderma-lucidum-liquide-culture-spray-20-ml\/","name":"Seringue de culture liquide de Reishi rouge (Ganoderma lucidum) - 20 ML - Dutchmicrodosing","isPartOf":{"@id":"https:\/\/dutchmicrodosing.com\/fr\/#website"},"primaryImageOfPage":{"@id":"https:\/\/dutchmicrodosing.com\/fr\/magique-champignon-spores\/seringues-de-culture-liquide\/red-reishi-ganoderma-lucidum-liquide-culture-spray-20-ml\/#primaryimage"},"image":{"@id":"https:\/\/dutchmicrodosing.com\/fr\/magique-champignon-spores\/seringues-de-culture-liquide\/red-reishi-ganoderma-lucidum-liquide-culture-spray-20-ml\/#primaryimage"},"thumbnailUrl":"https:\/\/dutchmicrodosing.com\/wp-content\/uploads\/2023\/09\/red-reishi-hoekpolder-002.jpg","datePublished":"2024-07-13T06:45:25+00:00","dateModified":"2025-09-22T11:49:20+00:00","breadcrumb":{"@id":"https:\/\/dutchmicrodosing.com\/fr\/magique-champignon-spores\/seringues-de-culture-liquide\/red-reishi-ganoderma-lucidum-liquide-culture-spray-20-ml\/#breadcrumb"},"inLanguage":"fr-FR","potentialAction":[{"@type":"ReadAction","target":["https:\/\/dutchmicrodosing.com\/fr\/magique-champignon-spores\/seringues-de-culture-liquide\/red-reishi-ganoderma-lucidum-liquide-culture-spray-20-ml\/"]}]},{"@type":"ImageObject","inLanguage":"fr-FR","@id":"https:\/\/dutchmicrodosing.com\/fr\/magique-champignon-spores\/seringues-de-culture-liquide\/red-reishi-ganoderma-lucidum-liquide-culture-spray-20-ml\/#primaryimage","url":"https:\/\/dutchmicrodosing.com\/wp-content\/uploads\/2023\/09\/red-reishi-hoekpolder-002.jpg","contentUrl":"https:\/\/dutchmicrodosing.com\/wp-content\/uploads\/2023\/09\/red-reishi-hoekpolder-002.jpg","width":1000,"height":1000},{"@type":"BreadcrumbList","@id":"https:\/\/dutchmicrodosing.com\/fr\/magique-champignon-spores\/seringues-de-culture-liquide\/red-reishi-ganoderma-lucidum-liquide-culture-spray-20-ml\/#breadcrumb","itemListElement":[{"@type":"ListItem","position":1,"name":"Home","item":"https:\/\/dutchmicrodosing.com\/fr\/"},{"@type":"ListItem","position":2,"name":"Boutique","item":"https:\/\/dutchmicrodosing.com\/fr\/boutique\/"},{"@type":"ListItem","position":3,"name":"Seringue de culture liquide de Reishi rouge (Ganoderma lucidum) &#8211; 20 ML"}]},{"@type":"WebSite","@id":"https:\/\/dutchmicrodosing.com\/fr\/#website","url":"https:\/\/dutchmicrodosing.com\/fr\/","name":"Dutchmicrodosing","description":"","publisher":{"@id":"https:\/\/dutchmicrodosing.com\/fr\/#organization"},"potentialAction":[{"@type":"SearchAction","target":{"@type":"EntryPoint","urlTemplate":"https:\/\/dutchmicrodosing.com\/fr\/?s={search_term_string}"},"query-input":{"@type":"PropertyValueSpecification","valueRequired":true,"valueName":"search_term_string"}}],"inLanguage":"fr-FR"},{"@type":"Organization","@id":"https:\/\/dutchmicrodosing.com\/fr\/#organization","name":"Dutchmicrodosing","url":"https:\/\/dutchmicrodosing.com\/fr\/","logo":{"@type":"ImageObject","inLanguage":"fr-FR","@id":"https:\/\/dutchmicrodosing.com\/fr\/#\/schema\/logo\/image\/","url":"https:\/\/dutchmicrodosing.com\/wp-content\/uploads\/2021\/01\/microdosing-categorie-pic-nieuw.jpg","contentUrl":"https:\/\/dutchmicrodosing.com\/wp-content\/uploads\/2021\/01\/microdosing-categorie-pic-nieuw.jpg","width":500,"height":500,"caption":"Dutchmicrodosing"},"image":{"@id":"https:\/\/dutchmicrodosing.com\/fr\/#\/schema\/logo\/image\/"},"sameAs":["https:\/\/www.facebook.com\/Dutchmicrodosingxp\/","https:\/\/www.instagram.com\/dutchmicrodosing\/"]}]},"product_price_amount":"15.95","product_price_currency":"EUR","og_availability":"out of stock","product_availability":"out of stock","product_retailer_item_id":"4206922","product_condition":"new"},"_links":{"self":[{"href":"https:\/\/dutchmicrodosing.com\/fr\/wp-json\/wp\/v2\/product\/40789","targetHints":{"allow":["GET"]}}],"collection":[{"href":"https:\/\/dutchmicrodosing.com\/fr\/wp-json\/wp\/v2\/product"}],"about":[{"href":"https:\/\/dutchmicrodosing.com\/fr\/wp-json\/wp\/v2\/types\/product"}],"replies":[{"embeddable":true,"href":"https:\/\/dutchmicrodosing.com\/fr\/wp-json\/wp\/v2\/comments?post=40789"}],"version-history":[{"count":0,"href":"https:\/\/dutchmicrodosing.com\/fr\/wp-json\/wp\/v2\/product\/40789\/revisions"}],"wp:featuredmedia":[{"embeddable":true,"href":"https:\/\/dutchmicrodosing.com\/fr\/wp-json\/wp\/v2\/media\/27910"}],"wp:attachment":[{"href":"https:\/\/dutchmicrodosing.com\/fr\/wp-json\/wp\/v2\/media?parent=40789"}],"wp:term":[{"taxonomy":"product_brand","embeddable":true,"href":"https:\/\/dutchmicrodosing.com\/fr\/wp-json\/wp\/v2\/product_brand?post=40789"},{"taxonomy":"product_cat","embeddable":true,"href":"https:\/\/dutchmicrodosing.com\/fr\/wp-json\/wp\/v2\/product_cat?post=40789"},{"taxonomy":"product_tag","embeddable":true,"href":"https:\/\/dutchmicrodosing.com\/fr\/wp-json\/wp\/v2\/product_tag?post=40789"}],"curies":[{"name":"wp","href":"https:\/\/api.w.org\/{rel}","templated":true}]}}