{"id":41214,"date":"2024-05-31T17:10:53","date_gmt":"2024-05-31T15:10:53","guid":{"rendered":"https:\/\/dutchmicrodosing.com\/shop\/non%20class\u00e9\/shilajit-resin-shilafit-30-grammes\/"},"modified":"2025-12-09T09:28:54","modified_gmt":"2025-12-09T08:28:54","slug":"shilajit-resin-shilafit-30-grammes","status":"publish","type":"product","link":"https:\/\/dutchmicrodosing.com\/fr\/boutique-de-sante\/supplements-pour-le-systeme-immunitaire\/shilajit-resin-shilafit-30-grammes\/","title":{"rendered":"Shilajit R\u00e9sine (Shilafit) -30 Grammes"},"content":{"rendered":"<p>Le <strong>shilajit<\/strong> peut \u00eatre d\u00e9crit comme une sorte de panac\u00e9e, en particulier dans les cercles de m\u00e9decine traditionnelle tels que l&rsquo;Ayurveda. Cette mati\u00e8re r\u00e9sineuse unique, qui provient des profondeurs de r\u00e9gions montagneuses telles que l&rsquo;Himalaya, est le r\u00e9sultat d&rsquo;un processus de d\u00e9composition v\u00e9g\u00e9tale et organique qui dure depuis des si\u00e8cles. La richesse en acide fulvinique, en acide humique, en antioxydants et en une large gamme de min\u00e9raux fait du shilajit un produit particuli\u00e8rement nutritif et th\u00e9rapeutique.<\/p>\n<h3>Caract\u00e9ristiques :<\/h3>\n<ul>\n<li>R\u00e9sine de Shilajit de haute qualit\u00e9 provenant de l&rsquo;Himalaya<\/li>\n<li>Riche en acide fulvique, en antioxydants et en min\u00e9raux<\/li>\n<li>100% naturel, sans additifs<\/li>\n<li>Test de puret\u00e9 exhaustif<\/li>\n<li>Cuill\u00e8re de distribution en m\u00e9tal incluse<\/li>\n<li>Nombre de portions par paquet : 60<\/li>\n<\/ul>\n<h3>Dosage :<\/h3>\n<p>Prenez 0,5 gramme de Shilajit \u00e0 l&rsquo;aide de la cuill\u00e8re doseuse fournie. Dissolvez-le dans une tasse d&rsquo;eau chaude et buvez-le sous forme de th\u00e9. Il est recommand\u00e9 de le prendre une fois par jour, le matin, \u00e0 jeun. Si vous avez un estomac sensible, il est recommand\u00e9 de prendre ce produit pendant les repas. La dur\u00e9e de conservation est d&rsquo;au moins 36 mois apr\u00e8s la date de production.<\/p>\n<h3>Ingr\u00e9dients :<\/h3>\n<p>R\u00e9sine de Shilajit purifi\u00e9e \u00e0 100 %, sans additif ni agent de remplissage.<\/p>\n<h3>Contenu<\/h3>\n<p>30 grammes<\/p>\n","protected":false},"excerpt":{"rendered":"<p>Le shilajit peut \u00eatre d\u00e9crit comme une sorte de panac\u00e9e, en particulier dans les cercles de m\u00e9decine traditionnelle tels que l&rsquo;Ayurveda. Cette mati\u00e8re r\u00e9sineuse unique, qui provient des profondeurs de r\u00e9gions montagneuses telles que l&rsquo;Himalaya, est le r\u00e9sultat d&rsquo;un processus de d\u00e9composition v\u00e9g\u00e9tale et organique qui dure depuis des si\u00e8cles. La richesse en acide fulvinique, [&hellip;]<\/p>\n","protected":false},"featured_media":39914,"comment_status":"closed","ping_status":"closed","template":"","meta":[],"product_brand":[],"product_cat":[290,291,321,131],"product_tag":[],"class_list":{"0":"post-41214","1":"product","2":"type-product","3":"status-publish","4":"has-post-thumbnail","6":"product_cat-supplements-energetiques","7":"product_cat-supplements-pour-le-systeme-immunitaire","8":"product_cat-supplements-pour-la-concentration","9":"product_cat-vitamines-et-supplements","11":"first","12":"instock","13":"taxable","14":"shipping-taxable","15":"purchasable","16":"product-type-simple"},"yoast_head":"<!-- This site is optimized with the Yoast SEO Premium plugin v26.4 (Yoast SEO v27.2) - https:\/\/yoast.com\/product\/yoast-seo-premium-wordpress\/ -->\n<title>Shilajit R\u00e9sine (Shilafit) -30 Grammes - Dutchmicrodosing<\/title>\n<meta name=\"robots\" content=\"index, follow, max-snippet:-1, max-image-preview:large, max-video-preview:-1\" \/>\n<link rel=\"canonical\" href=\"https:\/\/dutchmicrodosing.com\/fr\/boutique-de-sante\/supplements-pour-le-systeme-immunitaire\/shilajit-resin-shilafit-30-grammes\/\" \/>\n<meta property=\"og:locale\" content=\"fr_FR\" \/>\n<meta property=\"og:type\" content=\"article\" \/>\n<meta property=\"og:title\" content=\"Shilajit R\u00e9sine (Shilafit) -30 Grammes\" \/>\n<meta property=\"og:description\" content=\"Le shilajit peut \u00eatre d\u00e9crit comme une sorte de panac\u00e9e, en particulier dans les cercles de m\u00e9decine traditionnelle tels que l&#039;Ayurveda. Cette mati\u00e8re\" \/>\n<meta property=\"og:url\" content=\"https:\/\/dutchmicrodosing.com\/fr\/boutique-de-sante\/supplements-pour-le-systeme-immunitaire\/shilajit-resin-shilafit-30-grammes\/\" \/>\n<meta property=\"og:site_name\" content=\"Dutchmicrodosing\" \/>\n<meta property=\"article:publisher\" content=\"https:\/\/www.facebook.com\/Dutchmicrodosingxp\/\" \/>\n<meta property=\"article:modified_time\" content=\"2025-12-09T08:28:54+00:00\" \/>\n<meta property=\"og:image\" content=\"https:\/\/dutchmicrodosing.com\/wp-content\/uploads\/2024\/05\/3375_shilajit_resin_shilafit_30gr.jpg\" \/>\n\t<meta property=\"og:image:width\" content=\"700\" \/>\n\t<meta property=\"og:image:height\" content=\"700\" \/>\n\t<meta property=\"og:image:type\" content=\"image\/jpeg\" \/>\n<meta name=\"twitter:card\" content=\"summary_large_image\" \/>\n<script type=\"application\/ld+json\" class=\"yoast-schema-graph\">{\"@context\":\"https:\/\/schema.org\",\"@graph\":[{\"@type\":\"WebPage\",\"@id\":\"https:\/\/dutchmicrodosing.com\/fr\/boutique-de-sante\/supplements-pour-le-systeme-immunitaire\/shilajit-resin-shilafit-30-grammes\/\",\"url\":\"https:\/\/dutchmicrodosing.com\/fr\/boutique-de-sante\/supplements-pour-le-systeme-immunitaire\/shilajit-resin-shilafit-30-grammes\/\",\"name\":\"Shilajit R\u00e9sine (Shilafit) -30 Grammes - Dutchmicrodosing\",\"isPartOf\":{\"@id\":\"https:\/\/dutchmicrodosing.com\/fr\/#website\"},\"primaryImageOfPage\":{\"@id\":\"https:\/\/dutchmicrodosing.com\/fr\/boutique-de-sante\/supplements-pour-le-systeme-immunitaire\/shilajit-resin-shilafit-30-grammes\/#primaryimage\"},\"image\":{\"@id\":\"https:\/\/dutchmicrodosing.com\/fr\/boutique-de-sante\/supplements-pour-le-systeme-immunitaire\/shilajit-resin-shilafit-30-grammes\/#primaryimage\"},\"thumbnailUrl\":\"https:\/\/dutchmicrodosing.com\/wp-content\/uploads\/2024\/05\/3375_shilajit_resin_shilafit_30gr.jpg\",\"datePublished\":\"2024-05-31T15:10:53+00:00\",\"dateModified\":\"2025-12-09T08:28:54+00:00\",\"breadcrumb\":{\"@id\":\"https:\/\/dutchmicrodosing.com\/fr\/boutique-de-sante\/supplements-pour-le-systeme-immunitaire\/shilajit-resin-shilafit-30-grammes\/#breadcrumb\"},\"inLanguage\":\"fr-FR\",\"potentialAction\":[{\"@type\":\"ReadAction\",\"target\":[\"https:\/\/dutchmicrodosing.com\/fr\/boutique-de-sante\/supplements-pour-le-systeme-immunitaire\/shilajit-resin-shilafit-30-grammes\/\"]}]},{\"@type\":\"ImageObject\",\"inLanguage\":\"fr-FR\",\"@id\":\"https:\/\/dutchmicrodosing.com\/fr\/boutique-de-sante\/supplements-pour-le-systeme-immunitaire\/shilajit-resin-shilafit-30-grammes\/#primaryimage\",\"url\":\"https:\/\/dutchmicrodosing.com\/wp-content\/uploads\/2024\/05\/3375_shilajit_resin_shilafit_30gr.jpg\",\"contentUrl\":\"https:\/\/dutchmicrodosing.com\/wp-content\/uploads\/2024\/05\/3375_shilajit_resin_shilafit_30gr.jpg\",\"width\":700,\"height\":700},{\"@type\":\"BreadcrumbList\",\"@id\":\"https:\/\/dutchmicrodosing.com\/fr\/boutique-de-sante\/supplements-pour-le-systeme-immunitaire\/shilajit-resin-shilafit-30-grammes\/#breadcrumb\",\"itemListElement\":[{\"@type\":\"ListItem\",\"position\":1,\"name\":\"Home\",\"item\":\"https:\/\/dutchmicrodosing.com\/fr\/\"},{\"@type\":\"ListItem\",\"position\":2,\"name\":\"Boutique\",\"item\":\"https:\/\/dutchmicrodosing.com\/fr\/boutique\/\"},{\"@type\":\"ListItem\",\"position\":3,\"name\":\"Shilajit R\u00e9sine (Shilafit) -30 Grammes\"}]},{\"@type\":\"WebSite\",\"@id\":\"https:\/\/dutchmicrodosing.com\/fr\/#website\",\"url\":\"https:\/\/dutchmicrodosing.com\/fr\/\",\"name\":\"Dutchmicrodosing\",\"description\":\"\",\"publisher\":{\"@id\":\"https:\/\/dutchmicrodosing.com\/fr\/#organization\"},\"potentialAction\":[{\"@type\":\"SearchAction\",\"target\":{\"@type\":\"EntryPoint\",\"urlTemplate\":\"https:\/\/dutchmicrodosing.com\/fr\/?s={search_term_string}\"},\"query-input\":{\"@type\":\"PropertyValueSpecification\",\"valueRequired\":true,\"valueName\":\"search_term_string\"}}],\"inLanguage\":\"fr-FR\"},{\"@type\":\"Organization\",\"@id\":\"https:\/\/dutchmicrodosing.com\/fr\/#organization\",\"name\":\"Dutchmicrodosing\",\"url\":\"https:\/\/dutchmicrodosing.com\/fr\/\",\"logo\":{\"@type\":\"ImageObject\",\"inLanguage\":\"fr-FR\",\"@id\":\"https:\/\/dutchmicrodosing.com\/fr\/#\/schema\/logo\/image\/\",\"url\":\"https:\/\/dutchmicrodosing.com\/wp-content\/uploads\/2021\/01\/microdosing-categorie-pic-nieuw.jpg\",\"contentUrl\":\"https:\/\/dutchmicrodosing.com\/wp-content\/uploads\/2021\/01\/microdosing-categorie-pic-nieuw.jpg\",\"width\":500,\"height\":500,\"caption\":\"Dutchmicrodosing\"},\"image\":{\"@id\":\"https:\/\/dutchmicrodosing.com\/fr\/#\/schema\/logo\/image\/\"},\"sameAs\":[\"https:\/\/www.facebook.com\/Dutchmicrodosingxp\/\",\"https:\/\/www.instagram.com\/dutchmicrodosing\/\"]}]}<\/script>\n<meta property=\"product:price:amount\" content=\"39.95\" \/>\n<meta property=\"product:price:currency\" content=\"EUR\" \/>\n<meta property=\"og:availability\" content=\"instock\" \/>\n<meta property=\"product:availability\" content=\"instock\" \/>\n<meta property=\"product:retailer_item_id\" content=\"4205387\" \/>\n<meta property=\"product:condition\" content=\"new\" \/>\n<!-- \/ Yoast SEO Premium plugin. -->","yoast_head_json":{"title":"Shilajit R\u00e9sine (Shilafit) -30 Grammes - Dutchmicrodosing","robots":{"index":"index","follow":"follow","max-snippet":"max-snippet:-1","max-image-preview":"max-image-preview:large","max-video-preview":"max-video-preview:-1"},"canonical":"https:\/\/dutchmicrodosing.com\/fr\/boutique-de-sante\/supplements-pour-le-systeme-immunitaire\/shilajit-resin-shilafit-30-grammes\/","og_locale":"fr_FR","og_type":"article","og_title":"Shilajit R\u00e9sine (Shilafit) -30 Grammes","og_description":"Le shilajit peut \u00eatre d\u00e9crit comme une sorte de panac\u00e9e, en particulier dans les cercles de m\u00e9decine traditionnelle tels que l'Ayurveda. Cette mati\u00e8re","og_url":"https:\/\/dutchmicrodosing.com\/fr\/boutique-de-sante\/supplements-pour-le-systeme-immunitaire\/shilajit-resin-shilafit-30-grammes\/","og_site_name":"Dutchmicrodosing","article_publisher":"https:\/\/www.facebook.com\/Dutchmicrodosingxp\/","article_modified_time":"2025-12-09T08:28:54+00:00","og_image":[{"width":700,"height":700,"url":"https:\/\/dutchmicrodosing.com\/wp-content\/uploads\/2024\/05\/3375_shilajit_resin_shilafit_30gr.jpg","type":"image\/jpeg"}],"twitter_card":"summary_large_image","schema":{"@context":"https:\/\/schema.org","@graph":[{"@type":"WebPage","@id":"https:\/\/dutchmicrodosing.com\/fr\/boutique-de-sante\/supplements-pour-le-systeme-immunitaire\/shilajit-resin-shilafit-30-grammes\/","url":"https:\/\/dutchmicrodosing.com\/fr\/boutique-de-sante\/supplements-pour-le-systeme-immunitaire\/shilajit-resin-shilafit-30-grammes\/","name":"Shilajit R\u00e9sine (Shilafit) -30 Grammes - Dutchmicrodosing","isPartOf":{"@id":"https:\/\/dutchmicrodosing.com\/fr\/#website"},"primaryImageOfPage":{"@id":"https:\/\/dutchmicrodosing.com\/fr\/boutique-de-sante\/supplements-pour-le-systeme-immunitaire\/shilajit-resin-shilafit-30-grammes\/#primaryimage"},"image":{"@id":"https:\/\/dutchmicrodosing.com\/fr\/boutique-de-sante\/supplements-pour-le-systeme-immunitaire\/shilajit-resin-shilafit-30-grammes\/#primaryimage"},"thumbnailUrl":"https:\/\/dutchmicrodosing.com\/wp-content\/uploads\/2024\/05\/3375_shilajit_resin_shilafit_30gr.jpg","datePublished":"2024-05-31T15:10:53+00:00","dateModified":"2025-12-09T08:28:54+00:00","breadcrumb":{"@id":"https:\/\/dutchmicrodosing.com\/fr\/boutique-de-sante\/supplements-pour-le-systeme-immunitaire\/shilajit-resin-shilafit-30-grammes\/#breadcrumb"},"inLanguage":"fr-FR","potentialAction":[{"@type":"ReadAction","target":["https:\/\/dutchmicrodosing.com\/fr\/boutique-de-sante\/supplements-pour-le-systeme-immunitaire\/shilajit-resin-shilafit-30-grammes\/"]}]},{"@type":"ImageObject","inLanguage":"fr-FR","@id":"https:\/\/dutchmicrodosing.com\/fr\/boutique-de-sante\/supplements-pour-le-systeme-immunitaire\/shilajit-resin-shilafit-30-grammes\/#primaryimage","url":"https:\/\/dutchmicrodosing.com\/wp-content\/uploads\/2024\/05\/3375_shilajit_resin_shilafit_30gr.jpg","contentUrl":"https:\/\/dutchmicrodosing.com\/wp-content\/uploads\/2024\/05\/3375_shilajit_resin_shilafit_30gr.jpg","width":700,"height":700},{"@type":"BreadcrumbList","@id":"https:\/\/dutchmicrodosing.com\/fr\/boutique-de-sante\/supplements-pour-le-systeme-immunitaire\/shilajit-resin-shilafit-30-grammes\/#breadcrumb","itemListElement":[{"@type":"ListItem","position":1,"name":"Home","item":"https:\/\/dutchmicrodosing.com\/fr\/"},{"@type":"ListItem","position":2,"name":"Boutique","item":"https:\/\/dutchmicrodosing.com\/fr\/boutique\/"},{"@type":"ListItem","position":3,"name":"Shilajit R\u00e9sine (Shilafit) -30 Grammes"}]},{"@type":"WebSite","@id":"https:\/\/dutchmicrodosing.com\/fr\/#website","url":"https:\/\/dutchmicrodosing.com\/fr\/","name":"Dutchmicrodosing","description":"","publisher":{"@id":"https:\/\/dutchmicrodosing.com\/fr\/#organization"},"potentialAction":[{"@type":"SearchAction","target":{"@type":"EntryPoint","urlTemplate":"https:\/\/dutchmicrodosing.com\/fr\/?s={search_term_string}"},"query-input":{"@type":"PropertyValueSpecification","valueRequired":true,"valueName":"search_term_string"}}],"inLanguage":"fr-FR"},{"@type":"Organization","@id":"https:\/\/dutchmicrodosing.com\/fr\/#organization","name":"Dutchmicrodosing","url":"https:\/\/dutchmicrodosing.com\/fr\/","logo":{"@type":"ImageObject","inLanguage":"fr-FR","@id":"https:\/\/dutchmicrodosing.com\/fr\/#\/schema\/logo\/image\/","url":"https:\/\/dutchmicrodosing.com\/wp-content\/uploads\/2021\/01\/microdosing-categorie-pic-nieuw.jpg","contentUrl":"https:\/\/dutchmicrodosing.com\/wp-content\/uploads\/2021\/01\/microdosing-categorie-pic-nieuw.jpg","width":500,"height":500,"caption":"Dutchmicrodosing"},"image":{"@id":"https:\/\/dutchmicrodosing.com\/fr\/#\/schema\/logo\/image\/"},"sameAs":["https:\/\/www.facebook.com\/Dutchmicrodosingxp\/","https:\/\/www.instagram.com\/dutchmicrodosing\/"]}]},"product_price_amount":"39.95","product_price_currency":"EUR","og_availability":"instock","product_availability":"instock","product_retailer_item_id":"4205387","product_condition":"new"},"_links":{"self":[{"href":"https:\/\/dutchmicrodosing.com\/fr\/wp-json\/wp\/v2\/product\/41214","targetHints":{"allow":["GET"]}}],"collection":[{"href":"https:\/\/dutchmicrodosing.com\/fr\/wp-json\/wp\/v2\/product"}],"about":[{"href":"https:\/\/dutchmicrodosing.com\/fr\/wp-json\/wp\/v2\/types\/product"}],"replies":[{"embeddable":true,"href":"https:\/\/dutchmicrodosing.com\/fr\/wp-json\/wp\/v2\/comments?post=41214"}],"version-history":[{"count":0,"href":"https:\/\/dutchmicrodosing.com\/fr\/wp-json\/wp\/v2\/product\/41214\/revisions"}],"wp:featuredmedia":[{"embeddable":true,"href":"https:\/\/dutchmicrodosing.com\/fr\/wp-json\/wp\/v2\/media\/39914"}],"wp:attachment":[{"href":"https:\/\/dutchmicrodosing.com\/fr\/wp-json\/wp\/v2\/media?parent=41214"}],"wp:term":[{"taxonomy":"product_brand","embeddable":true,"href":"https:\/\/dutchmicrodosing.com\/fr\/wp-json\/wp\/v2\/product_brand?post=41214"},{"taxonomy":"product_cat","embeddable":true,"href":"https:\/\/dutchmicrodosing.com\/fr\/wp-json\/wp\/v2\/product_cat?post=41214"},{"taxonomy":"product_tag","embeddable":true,"href":"https:\/\/dutchmicrodosing.com\/fr\/wp-json\/wp\/v2\/product_tag?post=41214"}],"curies":[{"name":"wp","href":"https:\/\/api.w.org\/{rel}","templated":true}]}}