{"id":41225,"date":"2024-04-12T13:43:08","date_gmt":"2024-04-12T11:43:08","guid":{"rendered":"https:\/\/dutchmicrodosing.com\/shop\/non%20class\u00e9\/champignon-maitake-en-poudre-bio\/"},"modified":"2025-02-20T14:19:26","modified_gmt":"2025-02-20T13:19:26","slug":"champignon-maitake-en-poudre-bio","status":"publish","type":"product","link":"https:\/\/dutchmicrodosing.com\/fr\/champignons-medicinaux\/champignon-maitake-en-poudre-bio\/","title":{"rendered":"Ma\u00eftak\u00e9 (Grifola frondosa) &#8211; Soutien du cholest\u00e9rol"},"content":{"rendered":"<p>Le <strong>ma\u00eftak\u00e9<\/strong>, ou Grifola frondosa, est un champignon fascinant qui pousse principalement au pied des ch\u00eanes. Ce champignon, dont la couleur varie du blanc au gris brun\u00e2tre, est originaire de r\u00e9gions telles que la Chine, l&rsquo;Europe et l&rsquo;Am\u00e9rique du Nord. Le nom \u00ab\u00a0maitake\u00a0\u00bb vient des mots japonais pour \u00ab\u00a0danse\u00a0\u00bb (mai) et \u00ab\u00a0champignon\u00a0\u00bb (take), ce qui signifie \u00ab\u00a0champignon dansant\u00a0\u00bb. Il s&rsquo;agit d&rsquo;une r\u00e9f\u00e9rence \u00e0 l&rsquo;aspect unique et superpos\u00e9 des chapeaux, qui ressemblent \u00e0 une montagne de feuilles en mouvement, \u00e0 l&rsquo;instar des papillons qui dansent.<\/p>\n<p>Le Ma\u00eftak\u00e9 est \u00e9galement disponible sous forme de poudre, connue pour son parfum et sa saveur fra\u00eeche et douce qui en font un ajout appr\u00e9ci\u00e9 \u00e0 divers plats. Cette poudre est une source de min\u00e9raux et de fibres saines, ce qui en fait une option nutritive pour enrichir les repas. Dans la cuisine asiatique, le ma\u00eftak\u00e9 est consid\u00e9r\u00e9 comme l&rsquo;un des principaux champignons culinaires, souvent utilis\u00e9 pour sa saveur d\u00e9licieuse et ses bienfaits pour la sant\u00e9. Ces propri\u00e9t\u00e9s font du ma\u00eftak\u00e9 un ingr\u00e9dient polyvalent et appr\u00e9ci\u00e9 dans les plats traditionnels et modernes.<\/p>\n<h3>Conseils de stockage<\/h3>\n<p>Conservez ce produit dans un endroit sombre et frais, tel qu&rsquo;un placard de cuisine, et hors de port\u00e9e des enfants.<\/p>\n<h3>Contenu<\/h3>\n<p>Poudre de champignon Ma\u00eftak\u00e9 Bio &#8211; 100 grammes.<\/p>\n","protected":false},"excerpt":{"rendered":"<p>Le ma\u00eftak\u00e9, ou Grifola frondosa, est un champignon fascinant qui pousse principalement au pied des ch\u00eanes. Ce champignon, dont la couleur varie du blanc au gris brun\u00e2tre, est originaire de r\u00e9gions telles que la Chine, l&rsquo;Europe et l&rsquo;Am\u00e9rique du Nord. Le nom \u00ab\u00a0maitake\u00a0\u00bb vient des mots japonais pour \u00ab\u00a0danse\u00a0\u00bb (mai) et \u00ab\u00a0champignon\u00a0\u00bb (take), ce qui [&hellip;]<\/p>\n","protected":false},"featured_media":62990,"comment_status":"closed","ping_status":"closed","template":"","meta":[],"product_brand":[],"product_cat":[129,291,280],"product_tag":[],"class_list":{"0":"post-41225","1":"product","2":"type-product","3":"status-publish","4":"has-post-thumbnail","6":"product_cat-champignons-medicinaux","7":"product_cat-supplements-pour-le-systeme-immunitaire","8":"product_cat-super-aliments","10":"first","11":"instock","12":"taxable","13":"shipping-taxable","14":"purchasable","15":"product-type-simple"},"yoast_head":"<!-- This site is optimized with the Yoast SEO Premium plugin v26.4 (Yoast SEO v27.2) - https:\/\/yoast.com\/product\/yoast-seo-premium-wordpress\/ -->\n<title>Ma\u00eftak\u00e9 (Grifola frondosa) - Soutien du cholest\u00e9rol - Dutchmicrodosing<\/title>\n<meta name=\"robots\" content=\"index, follow, max-snippet:-1, max-image-preview:large, max-video-preview:-1\" \/>\n<link rel=\"canonical\" href=\"https:\/\/dutchmicrodosing.com\/fr\/champignons-medicinaux\/champignon-maitake-en-poudre-bio\/\" \/>\n<meta property=\"og:locale\" content=\"fr_FR\" \/>\n<meta property=\"og:type\" content=\"article\" \/>\n<meta property=\"og:title\" content=\"Ma\u00eftak\u00e9 (Grifola frondosa) - Soutien du cholest\u00e9rol\" \/>\n<meta property=\"og:description\" content=\"Le ma\u00eftak\u00e9, ou Grifola frondosa, est un champignon fascinant qui pousse principalement au pied des ch\u00eanes. Ce champignon, dont la couleur varie du blanc\" \/>\n<meta property=\"og:url\" content=\"https:\/\/dutchmicrodosing.com\/fr\/champignons-medicinaux\/champignon-maitake-en-poudre-bio\/\" \/>\n<meta property=\"og:site_name\" content=\"Dutchmicrodosing\" \/>\n<meta property=\"article:publisher\" content=\"https:\/\/www.facebook.com\/Dutchmicrodosingxp\/\" \/>\n<meta property=\"article:modified_time\" content=\"2025-02-20T13:19:26+00:00\" \/>\n<meta property=\"og:image\" content=\"https:\/\/dutchmicrodosing.com\/wp-content\/uploads\/2023\/10\/Maitake_1000x1000.jpg\" \/>\n\t<meta property=\"og:image:width\" content=\"1000\" \/>\n\t<meta property=\"og:image:height\" content=\"1000\" \/>\n\t<meta property=\"og:image:type\" content=\"image\/jpeg\" \/>\n<meta name=\"twitter:card\" content=\"summary_large_image\" \/>\n<script type=\"application\/ld+json\" class=\"yoast-schema-graph\">{\"@context\":\"https:\/\/schema.org\",\"@graph\":[{\"@type\":\"WebPage\",\"@id\":\"https:\/\/dutchmicrodosing.com\/fr\/champignons-medicinaux\/champignon-maitake-en-poudre-bio\/\",\"url\":\"https:\/\/dutchmicrodosing.com\/fr\/champignons-medicinaux\/champignon-maitake-en-poudre-bio\/\",\"name\":\"Ma\u00eftak\u00e9 (Grifola frondosa) - Soutien du cholest\u00e9rol - Dutchmicrodosing\",\"isPartOf\":{\"@id\":\"https:\/\/dutchmicrodosing.com\/fr\/#website\"},\"primaryImageOfPage\":{\"@id\":\"https:\/\/dutchmicrodosing.com\/fr\/champignons-medicinaux\/champignon-maitake-en-poudre-bio\/#primaryimage\"},\"image\":{\"@id\":\"https:\/\/dutchmicrodosing.com\/fr\/champignons-medicinaux\/champignon-maitake-en-poudre-bio\/#primaryimage\"},\"thumbnailUrl\":\"https:\/\/dutchmicrodosing.com\/wp-content\/uploads\/2025\/11\/Maitake_1.jpg\",\"datePublished\":\"2024-04-12T11:43:08+00:00\",\"dateModified\":\"2025-02-20T13:19:26+00:00\",\"breadcrumb\":{\"@id\":\"https:\/\/dutchmicrodosing.com\/fr\/champignons-medicinaux\/champignon-maitake-en-poudre-bio\/#breadcrumb\"},\"inLanguage\":\"fr-FR\",\"potentialAction\":[{\"@type\":\"ReadAction\",\"target\":[\"https:\/\/dutchmicrodosing.com\/fr\/champignons-medicinaux\/champignon-maitake-en-poudre-bio\/\"]}]},{\"@type\":\"ImageObject\",\"inLanguage\":\"fr-FR\",\"@id\":\"https:\/\/dutchmicrodosing.com\/fr\/champignons-medicinaux\/champignon-maitake-en-poudre-bio\/#primaryimage\",\"url\":\"https:\/\/dutchmicrodosing.com\/wp-content\/uploads\/2025\/11\/Maitake_1.jpg\",\"contentUrl\":\"https:\/\/dutchmicrodosing.com\/wp-content\/uploads\/2025\/11\/Maitake_1.jpg\",\"width\":1500,\"height\":1500,\"caption\":\"Maitake\"},{\"@type\":\"BreadcrumbList\",\"@id\":\"https:\/\/dutchmicrodosing.com\/fr\/champignons-medicinaux\/champignon-maitake-en-poudre-bio\/#breadcrumb\",\"itemListElement\":[{\"@type\":\"ListItem\",\"position\":1,\"name\":\"Home\",\"item\":\"https:\/\/dutchmicrodosing.com\/fr\/\"},{\"@type\":\"ListItem\",\"position\":2,\"name\":\"Boutique\",\"item\":\"https:\/\/dutchmicrodosing.com\/fr\/boutique\/\"},{\"@type\":\"ListItem\",\"position\":3,\"name\":\"Ma\u00eftak\u00e9 (Grifola frondosa) &#8211; Soutien du cholest\u00e9rol\"}]},{\"@type\":\"WebSite\",\"@id\":\"https:\/\/dutchmicrodosing.com\/fr\/#website\",\"url\":\"https:\/\/dutchmicrodosing.com\/fr\/\",\"name\":\"Dutchmicrodosing\",\"description\":\"\",\"publisher\":{\"@id\":\"https:\/\/dutchmicrodosing.com\/fr\/#organization\"},\"potentialAction\":[{\"@type\":\"SearchAction\",\"target\":{\"@type\":\"EntryPoint\",\"urlTemplate\":\"https:\/\/dutchmicrodosing.com\/fr\/?s={search_term_string}\"},\"query-input\":{\"@type\":\"PropertyValueSpecification\",\"valueRequired\":true,\"valueName\":\"search_term_string\"}}],\"inLanguage\":\"fr-FR\"},{\"@type\":\"Organization\",\"@id\":\"https:\/\/dutchmicrodosing.com\/fr\/#organization\",\"name\":\"Dutchmicrodosing\",\"url\":\"https:\/\/dutchmicrodosing.com\/fr\/\",\"logo\":{\"@type\":\"ImageObject\",\"inLanguage\":\"fr-FR\",\"@id\":\"https:\/\/dutchmicrodosing.com\/fr\/#\/schema\/logo\/image\/\",\"url\":\"https:\/\/dutchmicrodosing.com\/wp-content\/uploads\/2021\/01\/microdosing-categorie-pic-nieuw.jpg\",\"contentUrl\":\"https:\/\/dutchmicrodosing.com\/wp-content\/uploads\/2021\/01\/microdosing-categorie-pic-nieuw.jpg\",\"width\":500,\"height\":500,\"caption\":\"Dutchmicrodosing\"},\"image\":{\"@id\":\"https:\/\/dutchmicrodosing.com\/fr\/#\/schema\/logo\/image\/\"},\"sameAs\":[\"https:\/\/www.facebook.com\/Dutchmicrodosingxp\/\",\"https:\/\/www.instagram.com\/dutchmicrodosing\/\"]}]}<\/script>\n<meta property=\"product:price:amount\" content=\"19.95\" \/>\n<meta property=\"product:price:currency\" content=\"EUR\" \/>\n<meta property=\"og:availability\" content=\"instock\" \/>\n<meta property=\"product:availability\" content=\"instock\" \/>\n<meta property=\"product:retailer_item_id\" content=\"4204401\" \/>\n<meta property=\"product:condition\" content=\"new\" \/>\n<!-- \/ Yoast SEO Premium plugin. -->","yoast_head_json":{"title":"Ma\u00eftak\u00e9 (Grifola frondosa) - Soutien du cholest\u00e9rol - Dutchmicrodosing","robots":{"index":"index","follow":"follow","max-snippet":"max-snippet:-1","max-image-preview":"max-image-preview:large","max-video-preview":"max-video-preview:-1"},"canonical":"https:\/\/dutchmicrodosing.com\/fr\/champignons-medicinaux\/champignon-maitake-en-poudre-bio\/","og_locale":"fr_FR","og_type":"article","og_title":"Ma\u00eftak\u00e9 (Grifola frondosa) - Soutien du cholest\u00e9rol","og_description":"Le ma\u00eftak\u00e9, ou Grifola frondosa, est un champignon fascinant qui pousse principalement au pied des ch\u00eanes. Ce champignon, dont la couleur varie du blanc","og_url":"https:\/\/dutchmicrodosing.com\/fr\/champignons-medicinaux\/champignon-maitake-en-poudre-bio\/","og_site_name":"Dutchmicrodosing","article_publisher":"https:\/\/www.facebook.com\/Dutchmicrodosingxp\/","article_modified_time":"2025-02-20T13:19:26+00:00","og_image":[{"width":1000,"height":1000,"url":"https:\/\/dutchmicrodosing.com\/wp-content\/uploads\/2023\/10\/Maitake_1000x1000.jpg","type":"image\/jpeg"}],"twitter_card":"summary_large_image","schema":{"@context":"https:\/\/schema.org","@graph":[{"@type":"WebPage","@id":"https:\/\/dutchmicrodosing.com\/fr\/champignons-medicinaux\/champignon-maitake-en-poudre-bio\/","url":"https:\/\/dutchmicrodosing.com\/fr\/champignons-medicinaux\/champignon-maitake-en-poudre-bio\/","name":"Ma\u00eftak\u00e9 (Grifola frondosa) - Soutien du cholest\u00e9rol - Dutchmicrodosing","isPartOf":{"@id":"https:\/\/dutchmicrodosing.com\/fr\/#website"},"primaryImageOfPage":{"@id":"https:\/\/dutchmicrodosing.com\/fr\/champignons-medicinaux\/champignon-maitake-en-poudre-bio\/#primaryimage"},"image":{"@id":"https:\/\/dutchmicrodosing.com\/fr\/champignons-medicinaux\/champignon-maitake-en-poudre-bio\/#primaryimage"},"thumbnailUrl":"https:\/\/dutchmicrodosing.com\/wp-content\/uploads\/2025\/11\/Maitake_1.jpg","datePublished":"2024-04-12T11:43:08+00:00","dateModified":"2025-02-20T13:19:26+00:00","breadcrumb":{"@id":"https:\/\/dutchmicrodosing.com\/fr\/champignons-medicinaux\/champignon-maitake-en-poudre-bio\/#breadcrumb"},"inLanguage":"fr-FR","potentialAction":[{"@type":"ReadAction","target":["https:\/\/dutchmicrodosing.com\/fr\/champignons-medicinaux\/champignon-maitake-en-poudre-bio\/"]}]},{"@type":"ImageObject","inLanguage":"fr-FR","@id":"https:\/\/dutchmicrodosing.com\/fr\/champignons-medicinaux\/champignon-maitake-en-poudre-bio\/#primaryimage","url":"https:\/\/dutchmicrodosing.com\/wp-content\/uploads\/2025\/11\/Maitake_1.jpg","contentUrl":"https:\/\/dutchmicrodosing.com\/wp-content\/uploads\/2025\/11\/Maitake_1.jpg","width":1500,"height":1500,"caption":"Maitake"},{"@type":"BreadcrumbList","@id":"https:\/\/dutchmicrodosing.com\/fr\/champignons-medicinaux\/champignon-maitake-en-poudre-bio\/#breadcrumb","itemListElement":[{"@type":"ListItem","position":1,"name":"Home","item":"https:\/\/dutchmicrodosing.com\/fr\/"},{"@type":"ListItem","position":2,"name":"Boutique","item":"https:\/\/dutchmicrodosing.com\/fr\/boutique\/"},{"@type":"ListItem","position":3,"name":"Ma\u00eftak\u00e9 (Grifola frondosa) &#8211; Soutien du cholest\u00e9rol"}]},{"@type":"WebSite","@id":"https:\/\/dutchmicrodosing.com\/fr\/#website","url":"https:\/\/dutchmicrodosing.com\/fr\/","name":"Dutchmicrodosing","description":"","publisher":{"@id":"https:\/\/dutchmicrodosing.com\/fr\/#organization"},"potentialAction":[{"@type":"SearchAction","target":{"@type":"EntryPoint","urlTemplate":"https:\/\/dutchmicrodosing.com\/fr\/?s={search_term_string}"},"query-input":{"@type":"PropertyValueSpecification","valueRequired":true,"valueName":"search_term_string"}}],"inLanguage":"fr-FR"},{"@type":"Organization","@id":"https:\/\/dutchmicrodosing.com\/fr\/#organization","name":"Dutchmicrodosing","url":"https:\/\/dutchmicrodosing.com\/fr\/","logo":{"@type":"ImageObject","inLanguage":"fr-FR","@id":"https:\/\/dutchmicrodosing.com\/fr\/#\/schema\/logo\/image\/","url":"https:\/\/dutchmicrodosing.com\/wp-content\/uploads\/2021\/01\/microdosing-categorie-pic-nieuw.jpg","contentUrl":"https:\/\/dutchmicrodosing.com\/wp-content\/uploads\/2021\/01\/microdosing-categorie-pic-nieuw.jpg","width":500,"height":500,"caption":"Dutchmicrodosing"},"image":{"@id":"https:\/\/dutchmicrodosing.com\/fr\/#\/schema\/logo\/image\/"},"sameAs":["https:\/\/www.facebook.com\/Dutchmicrodosingxp\/","https:\/\/www.instagram.com\/dutchmicrodosing\/"]}]},"product_price_amount":"19.95","product_price_currency":"EUR","og_availability":"instock","product_availability":"instock","product_retailer_item_id":"4204401","product_condition":"new"},"_links":{"self":[{"href":"https:\/\/dutchmicrodosing.com\/fr\/wp-json\/wp\/v2\/product\/41225","targetHints":{"allow":["GET"]}}],"collection":[{"href":"https:\/\/dutchmicrodosing.com\/fr\/wp-json\/wp\/v2\/product"}],"about":[{"href":"https:\/\/dutchmicrodosing.com\/fr\/wp-json\/wp\/v2\/types\/product"}],"replies":[{"embeddable":true,"href":"https:\/\/dutchmicrodosing.com\/fr\/wp-json\/wp\/v2\/comments?post=41225"}],"version-history":[{"count":0,"href":"https:\/\/dutchmicrodosing.com\/fr\/wp-json\/wp\/v2\/product\/41225\/revisions"}],"wp:featuredmedia":[{"embeddable":true,"href":"https:\/\/dutchmicrodosing.com\/fr\/wp-json\/wp\/v2\/media\/62990"}],"wp:attachment":[{"href":"https:\/\/dutchmicrodosing.com\/fr\/wp-json\/wp\/v2\/media?parent=41225"}],"wp:term":[{"taxonomy":"product_brand","embeddable":true,"href":"https:\/\/dutchmicrodosing.com\/fr\/wp-json\/wp\/v2\/product_brand?post=41225"},{"taxonomy":"product_cat","embeddable":true,"href":"https:\/\/dutchmicrodosing.com\/fr\/wp-json\/wp\/v2\/product_cat?post=41225"},{"taxonomy":"product_tag","embeddable":true,"href":"https:\/\/dutchmicrodosing.com\/fr\/wp-json\/wp\/v2\/product_tag?post=41225"}],"curies":[{"name":"wp","href":"https:\/\/api.w.org\/{rel}","templated":true}]}}