{"id":41457,"date":"2024-08-17T10:44:57","date_gmt":"2024-08-17T08:44:57","guid":{"rendered":"https:\/\/dutchmicrodosing.com\/shop\/non%20class\u00e9\/shilajit-extract-ashwagandha-ayurvediq-60caps\/"},"modified":"2025-08-21T08:57:48","modified_gmt":"2025-08-21T06:57:48","slug":"shilajit-extract-ashwagandha-ayurvediq-60caps","status":"publish","type":"product","link":"https:\/\/dutchmicrodosing.com\/fr\/boutique-de-sante\/supplements-energetiques\/shilajit-extract-ashwagandha-ayurvediq-60caps\/","title":{"rendered":"Extrait de Shilajit &amp; Ashwagandha (Ayurvediq) &#8211; 60caps"},"content":{"rendered":"<p>D\u00e9couvrez le pouvoir des plantes ayurv\u00e9diques traditionnelles avec les <strong>g\u00e9lules Ayurvediq Shilajit &amp; Ashwagandha<\/strong>. Le shilajit, une r\u00e9sine naturelle provenant des montagnes de l&rsquo;Himalaya, est riche en min\u00e9raux et contient 60 % d&rsquo;acide fulvique. Ces g\u00e9lules sont \u00e9galement enrichies en Ashwagandha biologique, une plante adaptog\u00e8ne connue pour ses effets b\u00e9n\u00e9fiques sur l&rsquo;\u00e9quilibre de l&rsquo;organisme. La combinaison synergique de Shilajit et d&rsquo;Ashwagandha dans chaque capsule aide \u00e0 promouvoir l&rsquo;\u00e9quilibre int\u00e9rieur. Chaque g\u00e9lule apporte 500 mg de Shilajit et 50 mg d&rsquo;Ashwagandha biologique. Un paquet contient 60 g\u00e9lules v\u00e9g\u00e9tales.<\/p>\n<p>Le shilajit est une substance naturelle que l&rsquo;on trouve principalement dans l&rsquo;Himalaya et dans d&rsquo;autres r\u00e9gions montagneuses. Il s&rsquo;agit d&rsquo;une substance riche en min\u00e9raux, facile \u00e0 \u00e9taler, qui r\u00e9sulte de la digestion de mati\u00e8res v\u00e9g\u00e9tales et de min\u00e9raux au cours de milliers d&rsquo;ann\u00e9es. Dans la m\u00e9decine traditionnelle ayurv\u00e9dique, le shilajit est souvent utilis\u00e9 et il est connu pour ses pr\u00e9tendus bienfaits pour la sant\u00e9.<\/p>\n<p>Les principaux ingr\u00e9dients du shilajit sont l&rsquo;acide fulvinique, les acides humiques et divers min\u00e9raux. On pense que le shilajit peut contribuer \u00e0 augmenter l&rsquo;\u00e9nergie, \u00e0 soutenir le syst\u00e8me immunitaire et \u00e0 promouvoir la sant\u00e9 et la vitalit\u00e9 en g\u00e9n\u00e9ral.<\/p>\n<h3>Caract\u00e9ristiques principales :<\/h3>\n<ul>\n<li>Extrait de shilajit avec 60% d&rsquo;acide fulvique de l&rsquo;Himalaya<\/li>\n<li>Contient de l&rsquo;ashwagandha biologique<\/li>\n<li>Sans agent de remplissage, liant ou excipient<\/li>\n<li>Sans colorants, sans conservateurs, sans OGM, sans gluten, sans soja et sans lactose.<\/li>\n<\/ul>\n<h3>Dosage :<\/h3>\n<p>Prendre une ou deux g\u00e9lules par jour avec de l&rsquo;eau, de pr\u00e9f\u00e9rence au cours d&rsquo;un repas. Pour obtenir des r\u00e9sultats optimaux, il convient de l&rsquo;utiliser r\u00e9guli\u00e8rement et dans le cadre d&rsquo;un mode de vie sain.<\/p>\n<h3>Composition par g\u00e9lule :<\/h3>\n<ul>\n<li>500 mg d&rsquo;extrait de Shilajit<\/li>\n<li>50 mg d&rsquo;ashwagandha biologique<\/li>\n<\/ul>\n<h3>Ingr\u00e9dients :<\/h3>\n<p>Extrait de Shilajit, Ashwagandha* (bio), g\u00e9lule v\u00e9g\u00e9tale.<\/p>\n<h3>Contenu :<\/h3>\n<p>Ayurvediq Extrait de Shilajit &amp; Ashwagandha &#8211; 60 Caps<\/p>\n","protected":false},"excerpt":{"rendered":"<p>D\u00e9couvrez le pouvoir des plantes ayurv\u00e9diques traditionnelles avec les g\u00e9lules Ayurvediq Shilajit &amp; Ashwagandha. Le shilajit, une r\u00e9sine naturelle provenant des montagnes de l&rsquo;Himalaya, est riche en min\u00e9raux et contient 60 % d&rsquo;acide fulvique. Ces g\u00e9lules sont \u00e9galement enrichies en Ashwagandha biologique, une plante adaptog\u00e8ne connue pour ses effets b\u00e9n\u00e9fiques sur l&rsquo;\u00e9quilibre de l&rsquo;organisme. La [&hellip;]<\/p>\n","protected":false},"featured_media":41452,"comment_status":"closed","ping_status":"closed","template":"","meta":[],"product_brand":[],"product_cat":[290,291,321,131],"product_tag":[],"class_list":{"0":"post-41457","1":"product","2":"type-product","3":"status-publish","4":"has-post-thumbnail","6":"product_cat-supplements-energetiques","7":"product_cat-supplements-pour-le-systeme-immunitaire","8":"product_cat-supplements-pour-la-concentration","9":"product_cat-vitamines-et-supplements","11":"first","12":"instock","13":"taxable","14":"shipping-taxable","15":"purchasable","16":"product-type-simple"},"yoast_head":"<!-- This site is optimized with the Yoast SEO Premium plugin v26.4 (Yoast SEO v27.2) - https:\/\/yoast.com\/product\/yoast-seo-premium-wordpress\/ -->\n<title>Extrait de Shilajit &amp; Ashwagandha (Ayurvediq) - 60caps - Dutchmicrodosing<\/title>\n<meta name=\"description\" content=\"D\u00e9couvrez le Shilajit, une puissante substance naturelle cr\u00e9\u00e9e par des si\u00e8cles de digestion de mati\u00e8res v\u00e9g\u00e9tales et de min\u00e9raux. Plus d&#039;informations ici...\" \/>\n<meta name=\"robots\" content=\"index, follow, max-snippet:-1, max-image-preview:large, max-video-preview:-1\" \/>\n<link rel=\"canonical\" href=\"https:\/\/dutchmicrodosing.com\/fr\/boutique-de-sante\/supplements-energetiques\/shilajit-extract-ashwagandha-ayurvediq-60caps\/\" \/>\n<meta property=\"og:locale\" content=\"fr_FR\" \/>\n<meta property=\"og:type\" content=\"article\" \/>\n<meta property=\"og:title\" content=\"Extrait de Shilajit &amp; Ashwagandha (Ayurvediq) - 60caps\" \/>\n<meta property=\"og:description\" content=\"D\u00e9couvrez le pouvoir des plantes ayurv\u00e9diques traditionnelles avec les g\u00e9lules Ayurvediq Shilajit &amp; Ashwagandha. Le shilajit, une r\u00e9sine naturelle\" \/>\n<meta property=\"og:url\" content=\"https:\/\/dutchmicrodosing.com\/fr\/boutique-de-sante\/supplements-energetiques\/shilajit-extract-ashwagandha-ayurvediq-60caps\/\" \/>\n<meta property=\"og:site_name\" content=\"Dutchmicrodosing\" \/>\n<meta property=\"article:publisher\" content=\"https:\/\/www.facebook.com\/Dutchmicrodosingxp\/\" \/>\n<meta property=\"article:modified_time\" content=\"2025-08-21T06:57:48+00:00\" \/>\n<meta property=\"og:image\" content=\"https:\/\/dutchmicrodosing.com\/wp-content\/uploads\/2024\/08\/3395_organic_shilajit_ashwagandha_ayurvediq_60caps.jpg\" \/>\n\t<meta property=\"og:image:width\" content=\"700\" \/>\n\t<meta property=\"og:image:height\" content=\"700\" \/>\n\t<meta property=\"og:image:type\" content=\"image\/jpeg\" \/>\n<meta name=\"twitter:card\" content=\"summary_large_image\" \/>\n<script type=\"application\/ld+json\" class=\"yoast-schema-graph\">{\"@context\":\"https:\/\/schema.org\",\"@graph\":[{\"@type\":\"WebPage\",\"@id\":\"https:\/\/dutchmicrodosing.com\/fr\/boutique-de-sante\/supplements-energetiques\/shilajit-extract-ashwagandha-ayurvediq-60caps\/\",\"url\":\"https:\/\/dutchmicrodosing.com\/fr\/boutique-de-sante\/supplements-energetiques\/shilajit-extract-ashwagandha-ayurvediq-60caps\/\",\"name\":\"Extrait de Shilajit &amp; Ashwagandha (Ayurvediq) - 60caps - Dutchmicrodosing\",\"isPartOf\":{\"@id\":\"https:\/\/dutchmicrodosing.com\/fr\/#website\"},\"primaryImageOfPage\":{\"@id\":\"https:\/\/dutchmicrodosing.com\/fr\/boutique-de-sante\/supplements-energetiques\/shilajit-extract-ashwagandha-ayurvediq-60caps\/#primaryimage\"},\"image\":{\"@id\":\"https:\/\/dutchmicrodosing.com\/fr\/boutique-de-sante\/supplements-energetiques\/shilajit-extract-ashwagandha-ayurvediq-60caps\/#primaryimage\"},\"thumbnailUrl\":\"https:\/\/dutchmicrodosing.com\/wp-content\/uploads\/2024\/08\/3395_organic_shilajit_ashwagandha_ayurvediq_60caps.jpg\",\"datePublished\":\"2024-08-17T08:44:57+00:00\",\"dateModified\":\"2025-08-21T06:57:48+00:00\",\"description\":\"D\u00e9couvrez le Shilajit, une puissante substance naturelle cr\u00e9\u00e9e par des si\u00e8cles de digestion de mati\u00e8res v\u00e9g\u00e9tales et de min\u00e9raux. Plus d'informations ici...\",\"breadcrumb\":{\"@id\":\"https:\/\/dutchmicrodosing.com\/fr\/boutique-de-sante\/supplements-energetiques\/shilajit-extract-ashwagandha-ayurvediq-60caps\/#breadcrumb\"},\"inLanguage\":\"fr-FR\",\"potentialAction\":[{\"@type\":\"ReadAction\",\"target\":[\"https:\/\/dutchmicrodosing.com\/fr\/boutique-de-sante\/supplements-energetiques\/shilajit-extract-ashwagandha-ayurvediq-60caps\/\"]}]},{\"@type\":\"ImageObject\",\"inLanguage\":\"fr-FR\",\"@id\":\"https:\/\/dutchmicrodosing.com\/fr\/boutique-de-sante\/supplements-energetiques\/shilajit-extract-ashwagandha-ayurvediq-60caps\/#primaryimage\",\"url\":\"https:\/\/dutchmicrodosing.com\/wp-content\/uploads\/2024\/08\/3395_organic_shilajit_ashwagandha_ayurvediq_60caps.jpg\",\"contentUrl\":\"https:\/\/dutchmicrodosing.com\/wp-content\/uploads\/2024\/08\/3395_organic_shilajit_ashwagandha_ayurvediq_60caps.jpg\",\"width\":700,\"height\":700},{\"@type\":\"BreadcrumbList\",\"@id\":\"https:\/\/dutchmicrodosing.com\/fr\/boutique-de-sante\/supplements-energetiques\/shilajit-extract-ashwagandha-ayurvediq-60caps\/#breadcrumb\",\"itemListElement\":[{\"@type\":\"ListItem\",\"position\":1,\"name\":\"Home\",\"item\":\"https:\/\/dutchmicrodosing.com\/fr\/\"},{\"@type\":\"ListItem\",\"position\":2,\"name\":\"Boutique\",\"item\":\"https:\/\/dutchmicrodosing.com\/fr\/boutique\/\"},{\"@type\":\"ListItem\",\"position\":3,\"name\":\"Extrait de Shilajit &amp; Ashwagandha (Ayurvediq) &#8211; 60caps\"}]},{\"@type\":\"WebSite\",\"@id\":\"https:\/\/dutchmicrodosing.com\/fr\/#website\",\"url\":\"https:\/\/dutchmicrodosing.com\/fr\/\",\"name\":\"Dutchmicrodosing\",\"description\":\"\",\"publisher\":{\"@id\":\"https:\/\/dutchmicrodosing.com\/fr\/#organization\"},\"potentialAction\":[{\"@type\":\"SearchAction\",\"target\":{\"@type\":\"EntryPoint\",\"urlTemplate\":\"https:\/\/dutchmicrodosing.com\/fr\/?s={search_term_string}\"},\"query-input\":{\"@type\":\"PropertyValueSpecification\",\"valueRequired\":true,\"valueName\":\"search_term_string\"}}],\"inLanguage\":\"fr-FR\"},{\"@type\":\"Organization\",\"@id\":\"https:\/\/dutchmicrodosing.com\/fr\/#organization\",\"name\":\"Dutchmicrodosing\",\"url\":\"https:\/\/dutchmicrodosing.com\/fr\/\",\"logo\":{\"@type\":\"ImageObject\",\"inLanguage\":\"fr-FR\",\"@id\":\"https:\/\/dutchmicrodosing.com\/fr\/#\/schema\/logo\/image\/\",\"url\":\"https:\/\/dutchmicrodosing.com\/wp-content\/uploads\/2021\/01\/microdosing-categorie-pic-nieuw.jpg\",\"contentUrl\":\"https:\/\/dutchmicrodosing.com\/wp-content\/uploads\/2021\/01\/microdosing-categorie-pic-nieuw.jpg\",\"width\":500,\"height\":500,\"caption\":\"Dutchmicrodosing\"},\"image\":{\"@id\":\"https:\/\/dutchmicrodosing.com\/fr\/#\/schema\/logo\/image\/\"},\"sameAs\":[\"https:\/\/www.facebook.com\/Dutchmicrodosingxp\/\",\"https:\/\/www.instagram.com\/dutchmicrodosing\/\"]}]}<\/script>\n<meta property=\"product:price:amount\" content=\"28.95\" \/>\n<meta property=\"product:price:currency\" content=\"EUR\" \/>\n<meta property=\"og:availability\" content=\"instock\" \/>\n<meta property=\"product:availability\" content=\"instock\" \/>\n<meta property=\"product:retailer_item_id\" content=\"4208667\" \/>\n<meta property=\"product:condition\" content=\"new\" \/>\n<!-- \/ Yoast SEO Premium plugin. -->","yoast_head_json":{"title":"Extrait de Shilajit &amp; Ashwagandha (Ayurvediq) - 60caps - Dutchmicrodosing","description":"D\u00e9couvrez le Shilajit, une puissante substance naturelle cr\u00e9\u00e9e par des si\u00e8cles de digestion de mati\u00e8res v\u00e9g\u00e9tales et de min\u00e9raux. Plus d'informations ici...","robots":{"index":"index","follow":"follow","max-snippet":"max-snippet:-1","max-image-preview":"max-image-preview:large","max-video-preview":"max-video-preview:-1"},"canonical":"https:\/\/dutchmicrodosing.com\/fr\/boutique-de-sante\/supplements-energetiques\/shilajit-extract-ashwagandha-ayurvediq-60caps\/","og_locale":"fr_FR","og_type":"article","og_title":"Extrait de Shilajit &amp; Ashwagandha (Ayurvediq) - 60caps","og_description":"D\u00e9couvrez le pouvoir des plantes ayurv\u00e9diques traditionnelles avec les g\u00e9lules Ayurvediq Shilajit &amp; Ashwagandha. Le shilajit, une r\u00e9sine naturelle","og_url":"https:\/\/dutchmicrodosing.com\/fr\/boutique-de-sante\/supplements-energetiques\/shilajit-extract-ashwagandha-ayurvediq-60caps\/","og_site_name":"Dutchmicrodosing","article_publisher":"https:\/\/www.facebook.com\/Dutchmicrodosingxp\/","article_modified_time":"2025-08-21T06:57:48+00:00","og_image":[{"width":700,"height":700,"url":"https:\/\/dutchmicrodosing.com\/wp-content\/uploads\/2024\/08\/3395_organic_shilajit_ashwagandha_ayurvediq_60caps.jpg","type":"image\/jpeg"}],"twitter_card":"summary_large_image","schema":{"@context":"https:\/\/schema.org","@graph":[{"@type":"WebPage","@id":"https:\/\/dutchmicrodosing.com\/fr\/boutique-de-sante\/supplements-energetiques\/shilajit-extract-ashwagandha-ayurvediq-60caps\/","url":"https:\/\/dutchmicrodosing.com\/fr\/boutique-de-sante\/supplements-energetiques\/shilajit-extract-ashwagandha-ayurvediq-60caps\/","name":"Extrait de Shilajit &amp; Ashwagandha (Ayurvediq) - 60caps - Dutchmicrodosing","isPartOf":{"@id":"https:\/\/dutchmicrodosing.com\/fr\/#website"},"primaryImageOfPage":{"@id":"https:\/\/dutchmicrodosing.com\/fr\/boutique-de-sante\/supplements-energetiques\/shilajit-extract-ashwagandha-ayurvediq-60caps\/#primaryimage"},"image":{"@id":"https:\/\/dutchmicrodosing.com\/fr\/boutique-de-sante\/supplements-energetiques\/shilajit-extract-ashwagandha-ayurvediq-60caps\/#primaryimage"},"thumbnailUrl":"https:\/\/dutchmicrodosing.com\/wp-content\/uploads\/2024\/08\/3395_organic_shilajit_ashwagandha_ayurvediq_60caps.jpg","datePublished":"2024-08-17T08:44:57+00:00","dateModified":"2025-08-21T06:57:48+00:00","description":"D\u00e9couvrez le Shilajit, une puissante substance naturelle cr\u00e9\u00e9e par des si\u00e8cles de digestion de mati\u00e8res v\u00e9g\u00e9tales et de min\u00e9raux. Plus d'informations ici...","breadcrumb":{"@id":"https:\/\/dutchmicrodosing.com\/fr\/boutique-de-sante\/supplements-energetiques\/shilajit-extract-ashwagandha-ayurvediq-60caps\/#breadcrumb"},"inLanguage":"fr-FR","potentialAction":[{"@type":"ReadAction","target":["https:\/\/dutchmicrodosing.com\/fr\/boutique-de-sante\/supplements-energetiques\/shilajit-extract-ashwagandha-ayurvediq-60caps\/"]}]},{"@type":"ImageObject","inLanguage":"fr-FR","@id":"https:\/\/dutchmicrodosing.com\/fr\/boutique-de-sante\/supplements-energetiques\/shilajit-extract-ashwagandha-ayurvediq-60caps\/#primaryimage","url":"https:\/\/dutchmicrodosing.com\/wp-content\/uploads\/2024\/08\/3395_organic_shilajit_ashwagandha_ayurvediq_60caps.jpg","contentUrl":"https:\/\/dutchmicrodosing.com\/wp-content\/uploads\/2024\/08\/3395_organic_shilajit_ashwagandha_ayurvediq_60caps.jpg","width":700,"height":700},{"@type":"BreadcrumbList","@id":"https:\/\/dutchmicrodosing.com\/fr\/boutique-de-sante\/supplements-energetiques\/shilajit-extract-ashwagandha-ayurvediq-60caps\/#breadcrumb","itemListElement":[{"@type":"ListItem","position":1,"name":"Home","item":"https:\/\/dutchmicrodosing.com\/fr\/"},{"@type":"ListItem","position":2,"name":"Boutique","item":"https:\/\/dutchmicrodosing.com\/fr\/boutique\/"},{"@type":"ListItem","position":3,"name":"Extrait de Shilajit &amp; Ashwagandha (Ayurvediq) &#8211; 60caps"}]},{"@type":"WebSite","@id":"https:\/\/dutchmicrodosing.com\/fr\/#website","url":"https:\/\/dutchmicrodosing.com\/fr\/","name":"Dutchmicrodosing","description":"","publisher":{"@id":"https:\/\/dutchmicrodosing.com\/fr\/#organization"},"potentialAction":[{"@type":"SearchAction","target":{"@type":"EntryPoint","urlTemplate":"https:\/\/dutchmicrodosing.com\/fr\/?s={search_term_string}"},"query-input":{"@type":"PropertyValueSpecification","valueRequired":true,"valueName":"search_term_string"}}],"inLanguage":"fr-FR"},{"@type":"Organization","@id":"https:\/\/dutchmicrodosing.com\/fr\/#organization","name":"Dutchmicrodosing","url":"https:\/\/dutchmicrodosing.com\/fr\/","logo":{"@type":"ImageObject","inLanguage":"fr-FR","@id":"https:\/\/dutchmicrodosing.com\/fr\/#\/schema\/logo\/image\/","url":"https:\/\/dutchmicrodosing.com\/wp-content\/uploads\/2021\/01\/microdosing-categorie-pic-nieuw.jpg","contentUrl":"https:\/\/dutchmicrodosing.com\/wp-content\/uploads\/2021\/01\/microdosing-categorie-pic-nieuw.jpg","width":500,"height":500,"caption":"Dutchmicrodosing"},"image":{"@id":"https:\/\/dutchmicrodosing.com\/fr\/#\/schema\/logo\/image\/"},"sameAs":["https:\/\/www.facebook.com\/Dutchmicrodosingxp\/","https:\/\/www.instagram.com\/dutchmicrodosing\/"]}]},"product_price_amount":"28.95","product_price_currency":"EUR","og_availability":"instock","product_availability":"instock","product_retailer_item_id":"4208667","product_condition":"new"},"_links":{"self":[{"href":"https:\/\/dutchmicrodosing.com\/fr\/wp-json\/wp\/v2\/product\/41457","targetHints":{"allow":["GET"]}}],"collection":[{"href":"https:\/\/dutchmicrodosing.com\/fr\/wp-json\/wp\/v2\/product"}],"about":[{"href":"https:\/\/dutchmicrodosing.com\/fr\/wp-json\/wp\/v2\/types\/product"}],"replies":[{"embeddable":true,"href":"https:\/\/dutchmicrodosing.com\/fr\/wp-json\/wp\/v2\/comments?post=41457"}],"version-history":[{"count":0,"href":"https:\/\/dutchmicrodosing.com\/fr\/wp-json\/wp\/v2\/product\/41457\/revisions"}],"wp:featuredmedia":[{"embeddable":true,"href":"https:\/\/dutchmicrodosing.com\/fr\/wp-json\/wp\/v2\/media\/41452"}],"wp:attachment":[{"href":"https:\/\/dutchmicrodosing.com\/fr\/wp-json\/wp\/v2\/media?parent=41457"}],"wp:term":[{"taxonomy":"product_brand","embeddable":true,"href":"https:\/\/dutchmicrodosing.com\/fr\/wp-json\/wp\/v2\/product_brand?post=41457"},{"taxonomy":"product_cat","embeddable":true,"href":"https:\/\/dutchmicrodosing.com\/fr\/wp-json\/wp\/v2\/product_cat?post=41457"},{"taxonomy":"product_tag","embeddable":true,"href":"https:\/\/dutchmicrodosing.com\/fr\/wp-json\/wp\/v2\/product_tag?post=41457"}],"curies":[{"name":"wp","href":"https:\/\/api.w.org\/{rel}","templated":true}]}}