{"id":41478,"date":"2024-08-19T08:42:11","date_gmt":"2024-08-19T06:42:11","guid":{"rendered":"https:\/\/dutchmicrodosing.com\/shop\/non%20class\u00e9\/vrai-mad-honey-nepal-50-grammes\/"},"modified":"2025-08-19T07:38:03","modified_gmt":"2025-08-19T05:38:03","slug":"vrai-mad-honey-nepal-50-grammes","status":"publish","type":"product","link":"https:\/\/dutchmicrodosing.com\/fr\/boutique-de-sante\/vitamines-et-supplements\/vrai-mad-honey-nepal-50-grammes\/","title":{"rendered":"Real Mad Honey Nepal &#8211; 50 Grammes"},"content":{"rendered":"<p>Le Mad Honey, ou \u00ab miel fou \u00bb, est en effet un type unique de miel produit par des abeilles qui r\u00e9coltent le nectar de certaines esp\u00e8ces de fleurs de rhododendron, comme le Rhododendron ponticum et le Rhododendron luteum. Ces fleurs contiennent des grayanotoxines, des substances toxiques qui, lorsqu&rsquo;elles sont consomm\u00e9es en petites quantit\u00e9s, peuvent provoquer des effets psychoactifs tels que des hallucinations, des vertiges et de l&rsquo;euphorie.<\/p>\n<p>La variante du <strong>Mad Honey du N\u00e9pal<\/strong> est r\u00e9put\u00e9e \u00eatre plus puissante que la variante turque en raison d&rsquo;une plus forte concentration en grayanotoxines. Cette diff\u00e9rence de puissance peut \u00eatre due aux variations des esp\u00e8ces de rhododendrons, aux abeilles qui r\u00e9coltent le nectar, ou \u00e0 la concentration de grayanotoxines dans la r\u00e9gion o\u00f9 le miel est produit.<\/p>\n<p>Le fait que le Real Mad Honey soit test\u00e9 en laboratoire et dispose de rapports d&rsquo;analyse offre une garantie suppl\u00e9mentaire aux consommateurs \u00e0 la recherche d&rsquo;authentique Mad Honey avec les effets attendus. Ceci est important car tout le miel vendu comme Mad Honey ne contient pas n\u00e9cessairement les grayanotoxines psychoactives. Les tests en laboratoire aident \u00e0 confirmer que le miel contient les substances sp\u00e9cifiques responsables des propri\u00e9t\u00e9s uniques du Mad Honey.<\/p>\n<p>Lors de l&rsquo;\u00e9valuation de la consommation de Mad Honey, il est important de savoir que les effets peuvent varier selon la dose et la sensibilit\u00e9 individuelle. Une trop grande quantit\u00e9 de grayanotoxines peut \u00eatre dangereuse et entra\u00eener des sympt\u00f4mes tels que vomissements, diarrh\u00e9e, perte de conscience, voire des probl\u00e8mes cardiaques. Il est donc essentiel d&rsquo;\u00eatre prudent avec la consommation et, si possible, de discuter du dosage avec quelqu&rsquo;un qui conna\u00eet les effets de ce miel.<\/p>\n<h3>Caract\u00e9ristiques du v\u00e9ritable miel fou n\u00e9palais<\/h3>\n<ul>\n<li><strong>Origine :<\/strong> r\u00e9colt\u00e9 \u00e0 une altitude d&rsquo;au moins 3 500 m\u00e8tres.<\/li>\n<li><strong>Naturel :<\/strong> 100% naturel, non trait\u00e9, non filtr\u00e9 et sans additifs.<\/li>\n<li><strong>Effets :<\/strong> Contient des quantit\u00e9s d\u00e9tectables de grayanotoxines qui provoquent une agr\u00e9able intoxication.<\/li>\n<li><strong>Couleur et ar\u00f4me :<\/strong> couleur fonc\u00e9e avec un arri\u00e8re-go\u00fbt amer.<\/li>\n<\/ul>\n<h3>Effets<\/h3>\n<p>Le \u00ab Mad Honey \u00bb doit son nom au fait qu&rsquo;il vous rend un peu \u00ab fou \u00bb en raison des grayanotoxines qu&rsquo;il contient, \u00e9galement appel\u00e9es rhodotoxines. Traditionnellement, le mad honey est utilis\u00e9 comme aphrodisiaque, pour r\u00e9duire l&rsquo;hypertension et pour les probl\u00e8mes digestifs. Les grayanotoxines agissent sur les canaux sodiques et les r\u00e9cepteurs muscariniques, de mani\u00e8re similaire \u00e0 l&rsquo;amanite tue-mouches. \u00c0 des doses normales, les effets peuvent \u00eatre :<\/p>\n<h4>Effets <strong>positifs<\/strong>:<\/h4>\n<ul>\n<li>Sentiment de d\u00e9tente<\/li>\n<li>Sentiment d&rsquo;excitation<\/li>\n<li>Adoucir le champ de vision<\/li>\n<li>Hallucinations auditives et visuelles<\/li>\n<li>S&rsquo;endormir plus rapidement<\/li>\n<li>Soulagement de la toux<\/li>\n<\/ul>\n<h4>Effets physiques :<\/h4>\n<ul>\n<li>Baisse de la tension art\u00e9rielle<\/li>\n<li>Changements du rythme cardiaque<\/li>\n<li>Vertiges<\/li>\n<li>Naus\u00e9es<\/li>\n<li>Transpiration<\/li>\n<li>Maux de t\u00eate<\/li>\n<li>Difficult\u00e9 \u00e0 se tenir debout<\/li>\n<\/ul>\n<h3><strong>Utilisation<\/strong><\/h3>\n<p>Commencez par de petites quantit\u00e9s pour \u00e9valuer votre sensibilit\u00e9 au poison. Une demi ou une cuill\u00e8re \u00e0 caf\u00e9 de mad honey est une dose courante. Pour une exp\u00e9rience plus r\u00e9cr\u00e9ative, on peut prendre deux cuill\u00e8res \u00e0 caf\u00e9. Cependant, plus vous en prenez, plus les effets secondaires ind\u00e9sirables deviennent notables. En prendre trop peut provoquer une maladie grave.<\/p>\n<h3>Avertissement<\/h3>\n<p>Ce produit, le Mad Honey (Miel), peut \u00eatre dangereux pour la sant\u00e9 s&rsquo;il est combin\u00e9 avec certains m\u00e9dicaments, de l&rsquo;alcool ou des inhibiteurs de la MAO. Prenez-vous des m\u00e9dicaments ? Consultez toujours d&rsquo;abord votre m\u00e9decin et lisez la notice de votre m\u00e9dicament afin d&rsquo;\u00e9viter tout risque pour la sant\u00e9. N&rsquo;utilisez pas ce produit si vous \u00eates enceinte ou si vous allaitez. <strong>Tenez compte du risque de r\u00e9actions allergiques, particuli\u00e8rement si vous \u00eates allergique aux produits des abeilles<\/strong>. Utilisez ce miel unique de mani\u00e8re responsable et ne prenez pas le volant apr\u00e8s consommation. Ne conduisez donc pas de voiture ou d&rsquo;autres v\u00e9hicules.<\/p>\n<h3>Conseils de stockage<\/h3>\n<p>Conservez dans un endroit frais et sombre, hors de port\u00e9e des enfants !<\/p>\n<h3>Contenu<\/h3>\n<p>Real Mad Honey N\u00e9pal &#8211; 50 Grammes.<\/p>\n","protected":false},"excerpt":{"rendered":"<p>Le Mad Honey, ou \u00ab miel fou \u00bb, est en effet un type unique de miel produit par des abeilles qui r\u00e9coltent le nectar de certaines esp\u00e8ces de fleurs de rhododendron, comme le Rhododendron ponticum et le Rhododendron luteum. Ces fleurs contiennent des grayanotoxines, des substances toxiques qui, lorsqu&rsquo;elles sont consomm\u00e9es en petites quantit\u00e9s, peuvent [&hellip;]<\/p>\n","protected":false},"featured_media":41472,"comment_status":"closed","ping_status":"closed","template":"","meta":[],"product_brand":[],"product_cat":[131],"product_tag":[],"class_list":{"0":"post-41478","1":"product","2":"type-product","3":"status-publish","4":"has-post-thumbnail","6":"product_cat-vitamines-et-supplements","8":"first","9":"instock","10":"taxable","11":"shipping-taxable","12":"purchasable","13":"product-type-simple"},"yoast_head":"<!-- This site is optimized with the Yoast SEO Premium plugin v26.4 (Yoast SEO v27.4) - https:\/\/yoast.com\/product\/yoast-seo-premium-wordpress\/ -->\n<title>Real Mad Honey Nepal - 50 Grammes - Dutchmicrodosing<\/title>\n<meta name=\"robots\" content=\"index, follow, max-snippet:-1, max-image-preview:large, max-video-preview:-1\" \/>\n<link rel=\"canonical\" href=\"https:\/\/dutchmicrodosing.com\/fr\/boutique-de-sante\/vitamines-et-supplements\/vrai-mad-honey-nepal-50-grammes\/\" \/>\n<meta property=\"og:locale\" content=\"fr_FR\" \/>\n<meta property=\"og:type\" content=\"article\" \/>\n<meta property=\"og:title\" content=\"Real Mad Honey Nepal - 50 Grammes\" \/>\n<meta property=\"og:description\" content=\"Le Mad Honey, ou \u00ab miel fou \u00bb, est en effet un type unique de miel produit par des abeilles qui r\u00e9coltent le nectar de certaines esp\u00e8ces de fleurs de\" \/>\n<meta property=\"og:url\" content=\"https:\/\/dutchmicrodosing.com\/fr\/boutique-de-sante\/vitamines-et-supplements\/vrai-mad-honey-nepal-50-grammes\/\" \/>\n<meta property=\"og:site_name\" content=\"Dutchmicrodosing\" \/>\n<meta property=\"article:publisher\" content=\"https:\/\/www.facebook.com\/Dutchmicrodosingxp\/\" \/>\n<meta property=\"article:modified_time\" content=\"2025-08-19T05:38:03+00:00\" \/>\n<meta property=\"og:image\" content=\"https:\/\/dutchmicrodosing.com\/wp-content\/uploads\/2024\/08\/MadHoney.jpg\" \/>\n\t<meta property=\"og:image:width\" content=\"1000\" \/>\n\t<meta property=\"og:image:height\" content=\"1000\" \/>\n\t<meta property=\"og:image:type\" content=\"image\/jpeg\" \/>\n<meta name=\"twitter:card\" content=\"summary_large_image\" \/>\n<script type=\"application\/ld+json\" class=\"yoast-schema-graph\">{\"@context\":\"https:\\\/\\\/schema.org\",\"@graph\":[{\"@type\":\"WebPage\",\"@id\":\"https:\\\/\\\/dutchmicrodosing.com\\\/fr\\\/boutique-de-sante\\\/vitamines-et-supplements\\\/vrai-mad-honey-nepal-50-grammes\\\/\",\"url\":\"https:\\\/\\\/dutchmicrodosing.com\\\/fr\\\/boutique-de-sante\\\/vitamines-et-supplements\\\/vrai-mad-honey-nepal-50-grammes\\\/\",\"name\":\"Real Mad Honey Nepal - 50 Grammes - Dutchmicrodosing\",\"isPartOf\":{\"@id\":\"https:\\\/\\\/dutchmicrodosing.com\\\/fr\\\/#website\"},\"primaryImageOfPage\":{\"@id\":\"https:\\\/\\\/dutchmicrodosing.com\\\/fr\\\/boutique-de-sante\\\/vitamines-et-supplements\\\/vrai-mad-honey-nepal-50-grammes\\\/#primaryimage\"},\"image\":{\"@id\":\"https:\\\/\\\/dutchmicrodosing.com\\\/fr\\\/boutique-de-sante\\\/vitamines-et-supplements\\\/vrai-mad-honey-nepal-50-grammes\\\/#primaryimage\"},\"thumbnailUrl\":\"https:\\\/\\\/dutchmicrodosing.com\\\/wp-content\\\/uploads\\\/2024\\\/08\\\/MadHoney.jpg\",\"datePublished\":\"2024-08-19T06:42:11+00:00\",\"dateModified\":\"2025-08-19T05:38:03+00:00\",\"breadcrumb\":{\"@id\":\"https:\\\/\\\/dutchmicrodosing.com\\\/fr\\\/boutique-de-sante\\\/vitamines-et-supplements\\\/vrai-mad-honey-nepal-50-grammes\\\/#breadcrumb\"},\"inLanguage\":\"fr-FR\",\"potentialAction\":[{\"@type\":\"ReadAction\",\"target\":[\"https:\\\/\\\/dutchmicrodosing.com\\\/fr\\\/boutique-de-sante\\\/vitamines-et-supplements\\\/vrai-mad-honey-nepal-50-grammes\\\/\"]}]},{\"@type\":\"ImageObject\",\"inLanguage\":\"fr-FR\",\"@id\":\"https:\\\/\\\/dutchmicrodosing.com\\\/fr\\\/boutique-de-sante\\\/vitamines-et-supplements\\\/vrai-mad-honey-nepal-50-grammes\\\/#primaryimage\",\"url\":\"https:\\\/\\\/dutchmicrodosing.com\\\/wp-content\\\/uploads\\\/2024\\\/08\\\/MadHoney.jpg\",\"contentUrl\":\"https:\\\/\\\/dutchmicrodosing.com\\\/wp-content\\\/uploads\\\/2024\\\/08\\\/MadHoney.jpg\",\"width\":1000,\"height\":1000},{\"@type\":\"BreadcrumbList\",\"@id\":\"https:\\\/\\\/dutchmicrodosing.com\\\/fr\\\/boutique-de-sante\\\/vitamines-et-supplements\\\/vrai-mad-honey-nepal-50-grammes\\\/#breadcrumb\",\"itemListElement\":[{\"@type\":\"ListItem\",\"position\":1,\"name\":\"Home\",\"item\":\"https:\\\/\\\/dutchmicrodosing.com\\\/fr\\\/\"},{\"@type\":\"ListItem\",\"position\":2,\"name\":\"Boutique\",\"item\":\"https:\\\/\\\/dutchmicrodosing.com\\\/fr\\\/boutique\\\/\"},{\"@type\":\"ListItem\",\"position\":3,\"name\":\"Real Mad Honey Nepal &#8211; 50 Grammes\"}]},{\"@type\":\"WebSite\",\"@id\":\"https:\\\/\\\/dutchmicrodosing.com\\\/fr\\\/#website\",\"url\":\"https:\\\/\\\/dutchmicrodosing.com\\\/fr\\\/\",\"name\":\"Dutchmicrodosing\",\"description\":\"\",\"publisher\":{\"@id\":\"https:\\\/\\\/dutchmicrodosing.com\\\/fr\\\/#organization\"},\"potentialAction\":[{\"@type\":\"SearchAction\",\"target\":{\"@type\":\"EntryPoint\",\"urlTemplate\":\"https:\\\/\\\/dutchmicrodosing.com\\\/fr\\\/?s={search_term_string}\"},\"query-input\":{\"@type\":\"PropertyValueSpecification\",\"valueRequired\":true,\"valueName\":\"search_term_string\"}}],\"inLanguage\":\"fr-FR\"},{\"@type\":\"Organization\",\"@id\":\"https:\\\/\\\/dutchmicrodosing.com\\\/fr\\\/#organization\",\"name\":\"Dutchmicrodosing\",\"url\":\"https:\\\/\\\/dutchmicrodosing.com\\\/fr\\\/\",\"logo\":{\"@type\":\"ImageObject\",\"inLanguage\":\"fr-FR\",\"@id\":\"https:\\\/\\\/dutchmicrodosing.com\\\/fr\\\/#\\\/schema\\\/logo\\\/image\\\/\",\"url\":\"https:\\\/\\\/dutchmicrodosing.com\\\/wp-content\\\/uploads\\\/2021\\\/01\\\/microdosing-categorie-pic-nieuw.jpg\",\"contentUrl\":\"https:\\\/\\\/dutchmicrodosing.com\\\/wp-content\\\/uploads\\\/2021\\\/01\\\/microdosing-categorie-pic-nieuw.jpg\",\"width\":500,\"height\":500,\"caption\":\"Dutchmicrodosing\"},\"image\":{\"@id\":\"https:\\\/\\\/dutchmicrodosing.com\\\/fr\\\/#\\\/schema\\\/logo\\\/image\\\/\"},\"sameAs\":[\"https:\\\/\\\/www.facebook.com\\\/Dutchmicrodosingxp\\\/\",\"https:\\\/\\\/www.instagram.com\\\/dutchmicrodosing\\\/\"]}]}<\/script>\n<meta property=\"product:price:amount\" content=\"31.95\" \/>\n<meta property=\"product:price:currency\" content=\"EUR\" \/>\n<meta property=\"og:availability\" content=\"instock\" \/>\n<meta property=\"product:availability\" content=\"instock\" \/>\n<meta property=\"product:retailer_item_id\" content=\"4206602\" \/>\n<meta property=\"product:condition\" content=\"new\" \/>\n<!-- \/ Yoast SEO Premium plugin. -->","yoast_head_json":{"title":"Real Mad Honey Nepal - 50 Grammes - Dutchmicrodosing","robots":{"index":"index","follow":"follow","max-snippet":"max-snippet:-1","max-image-preview":"max-image-preview:large","max-video-preview":"max-video-preview:-1"},"canonical":"https:\/\/dutchmicrodosing.com\/fr\/boutique-de-sante\/vitamines-et-supplements\/vrai-mad-honey-nepal-50-grammes\/","og_locale":"fr_FR","og_type":"article","og_title":"Real Mad Honey Nepal - 50 Grammes","og_description":"Le Mad Honey, ou \u00ab miel fou \u00bb, est en effet un type unique de miel produit par des abeilles qui r\u00e9coltent le nectar de certaines esp\u00e8ces de fleurs de","og_url":"https:\/\/dutchmicrodosing.com\/fr\/boutique-de-sante\/vitamines-et-supplements\/vrai-mad-honey-nepal-50-grammes\/","og_site_name":"Dutchmicrodosing","article_publisher":"https:\/\/www.facebook.com\/Dutchmicrodosingxp\/","article_modified_time":"2025-08-19T05:38:03+00:00","og_image":[{"width":1000,"height":1000,"url":"https:\/\/dutchmicrodosing.com\/wp-content\/uploads\/2024\/08\/MadHoney.jpg","type":"image\/jpeg"}],"twitter_card":"summary_large_image","schema":{"@context":"https:\/\/schema.org","@graph":[{"@type":"WebPage","@id":"https:\/\/dutchmicrodosing.com\/fr\/boutique-de-sante\/vitamines-et-supplements\/vrai-mad-honey-nepal-50-grammes\/","url":"https:\/\/dutchmicrodosing.com\/fr\/boutique-de-sante\/vitamines-et-supplements\/vrai-mad-honey-nepal-50-grammes\/","name":"Real Mad Honey Nepal - 50 Grammes - Dutchmicrodosing","isPartOf":{"@id":"https:\/\/dutchmicrodosing.com\/fr\/#website"},"primaryImageOfPage":{"@id":"https:\/\/dutchmicrodosing.com\/fr\/boutique-de-sante\/vitamines-et-supplements\/vrai-mad-honey-nepal-50-grammes\/#primaryimage"},"image":{"@id":"https:\/\/dutchmicrodosing.com\/fr\/boutique-de-sante\/vitamines-et-supplements\/vrai-mad-honey-nepal-50-grammes\/#primaryimage"},"thumbnailUrl":"https:\/\/dutchmicrodosing.com\/wp-content\/uploads\/2024\/08\/MadHoney.jpg","datePublished":"2024-08-19T06:42:11+00:00","dateModified":"2025-08-19T05:38:03+00:00","breadcrumb":{"@id":"https:\/\/dutchmicrodosing.com\/fr\/boutique-de-sante\/vitamines-et-supplements\/vrai-mad-honey-nepal-50-grammes\/#breadcrumb"},"inLanguage":"fr-FR","potentialAction":[{"@type":"ReadAction","target":["https:\/\/dutchmicrodosing.com\/fr\/boutique-de-sante\/vitamines-et-supplements\/vrai-mad-honey-nepal-50-grammes\/"]}]},{"@type":"ImageObject","inLanguage":"fr-FR","@id":"https:\/\/dutchmicrodosing.com\/fr\/boutique-de-sante\/vitamines-et-supplements\/vrai-mad-honey-nepal-50-grammes\/#primaryimage","url":"https:\/\/dutchmicrodosing.com\/wp-content\/uploads\/2024\/08\/MadHoney.jpg","contentUrl":"https:\/\/dutchmicrodosing.com\/wp-content\/uploads\/2024\/08\/MadHoney.jpg","width":1000,"height":1000},{"@type":"BreadcrumbList","@id":"https:\/\/dutchmicrodosing.com\/fr\/boutique-de-sante\/vitamines-et-supplements\/vrai-mad-honey-nepal-50-grammes\/#breadcrumb","itemListElement":[{"@type":"ListItem","position":1,"name":"Home","item":"https:\/\/dutchmicrodosing.com\/fr\/"},{"@type":"ListItem","position":2,"name":"Boutique","item":"https:\/\/dutchmicrodosing.com\/fr\/boutique\/"},{"@type":"ListItem","position":3,"name":"Real Mad Honey Nepal &#8211; 50 Grammes"}]},{"@type":"WebSite","@id":"https:\/\/dutchmicrodosing.com\/fr\/#website","url":"https:\/\/dutchmicrodosing.com\/fr\/","name":"Dutchmicrodosing","description":"","publisher":{"@id":"https:\/\/dutchmicrodosing.com\/fr\/#organization"},"potentialAction":[{"@type":"SearchAction","target":{"@type":"EntryPoint","urlTemplate":"https:\/\/dutchmicrodosing.com\/fr\/?s={search_term_string}"},"query-input":{"@type":"PropertyValueSpecification","valueRequired":true,"valueName":"search_term_string"}}],"inLanguage":"fr-FR"},{"@type":"Organization","@id":"https:\/\/dutchmicrodosing.com\/fr\/#organization","name":"Dutchmicrodosing","url":"https:\/\/dutchmicrodosing.com\/fr\/","logo":{"@type":"ImageObject","inLanguage":"fr-FR","@id":"https:\/\/dutchmicrodosing.com\/fr\/#\/schema\/logo\/image\/","url":"https:\/\/dutchmicrodosing.com\/wp-content\/uploads\/2021\/01\/microdosing-categorie-pic-nieuw.jpg","contentUrl":"https:\/\/dutchmicrodosing.com\/wp-content\/uploads\/2021\/01\/microdosing-categorie-pic-nieuw.jpg","width":500,"height":500,"caption":"Dutchmicrodosing"},"image":{"@id":"https:\/\/dutchmicrodosing.com\/fr\/#\/schema\/logo\/image\/"},"sameAs":["https:\/\/www.facebook.com\/Dutchmicrodosingxp\/","https:\/\/www.instagram.com\/dutchmicrodosing\/"]}]},"product_price_amount":"31.95","product_price_currency":"EUR","og_availability":"instock","product_availability":"instock","product_retailer_item_id":"4206602","product_condition":"new"},"_links":{"self":[{"href":"https:\/\/dutchmicrodosing.com\/fr\/wp-json\/wp\/v2\/product\/41478","targetHints":{"allow":["GET"]}}],"collection":[{"href":"https:\/\/dutchmicrodosing.com\/fr\/wp-json\/wp\/v2\/product"}],"about":[{"href":"https:\/\/dutchmicrodosing.com\/fr\/wp-json\/wp\/v2\/types\/product"}],"replies":[{"embeddable":true,"href":"https:\/\/dutchmicrodosing.com\/fr\/wp-json\/wp\/v2\/comments?post=41478"}],"version-history":[{"count":0,"href":"https:\/\/dutchmicrodosing.com\/fr\/wp-json\/wp\/v2\/product\/41478\/revisions"}],"wp:featuredmedia":[{"embeddable":true,"href":"https:\/\/dutchmicrodosing.com\/fr\/wp-json\/wp\/v2\/media\/41472"}],"wp:attachment":[{"href":"https:\/\/dutchmicrodosing.com\/fr\/wp-json\/wp\/v2\/media?parent=41478"}],"wp:term":[{"taxonomy":"product_brand","embeddable":true,"href":"https:\/\/dutchmicrodosing.com\/fr\/wp-json\/wp\/v2\/product_brand?post=41478"},{"taxonomy":"product_cat","embeddable":true,"href":"https:\/\/dutchmicrodosing.com\/fr\/wp-json\/wp\/v2\/product_cat?post=41478"},{"taxonomy":"product_tag","embeddable":true,"href":"https:\/\/dutchmicrodosing.com\/fr\/wp-json\/wp\/v2\/product_tag?post=41478"}],"curies":[{"name":"wp","href":"https:\/\/api.w.org\/{rel}","templated":true}]}}