{"id":41701,"date":"2024-07-19T09:35:27","date_gmt":"2024-07-19T07:35:27","guid":{"rendered":"https:\/\/dutchmicrodosing.com\/shop\/non%20class\u00e9\/albino-tex-pe6-liquid-culture-syringe\/"},"modified":"2025-09-16T08:57:44","modified_gmt":"2025-09-16T06:57:44","slug":"albino-tex-pe6-liquid-culture-syringe","status":"publish","type":"product","link":"https:\/\/dutchmicrodosing.com\/fr\/magique-champignon-spores\/seringues-de-culture-liquide\/albino-tex-pe6-liquid-culture-syringe\/","title":{"rendered":"Seringue de culture liquide Albino Tex Pe6"},"content":{"rendered":"<p>La <strong>seringue de culture liquide<\/strong> Psilocybe <strong>Albino Tex Pe6<\/strong> est une solution pratique pour cultiver la c\u00e9l\u00e8bre souche Albino Tex PE6. Convenant aussi bien aux d\u00e9butants qu&rsquo;aux cultivateurs exp\u00e9riment\u00e9s, cet outil perfectionn\u00e9 fournit un environnement st\u00e9rile et riche en nutriments qui favorise la croissance du myc\u00e9lium. Appliquez la culture liquide de champignons \u00e0 votre substrat et observez ces remarquables champignons albinos pousser rapidement, pour une r\u00e9colte puissante et visuellement impressionnante. D\u00e9couvrez la facilit\u00e9 d&rsquo;utilisation et la pr\u00e9cision de la seringue de culture de champignons liquides Albino Tex PE6, qui rend la culture de ces esp\u00e8ces fascinantes \u00e0 la maison accessible \u00e0 tous.<\/p>\n<h3>Le Tex albinos<\/h3>\n<p>L&rsquo;Albino Tex est une vari\u00e9t\u00e9 de Psilocybe cubensis, une esp\u00e8ce bien connue de champignons psych\u00e9d\u00e9liques. Comme son nom l&rsquo;indique, l&rsquo;Albino Tex est une vari\u00e9t\u00e9 \u00ab\u00a0albinos\u00a0\u00bb, c&rsquo;est-\u00e0-dire que les champignons ont une couleur plus claire, souvent presque blanche, et parfois un aspect p\u00e2le qui les distingue des autres esp\u00e8ces.<\/p>\n<h4>Caract\u00e9ristiques de l&rsquo;Albino Tex<\/h4>\n<p>Ces champignons ont g\u00e9n\u00e9ralement des chapeaux et des tiges allant du blanc au gris clair. Le chapeau a une forme ronde qui peut s&rsquo;aplatir au fur et \u00e0 mesure que les champignons vieillissent. La puissance de l&rsquo;Albino Tex peut varier en fonction des conditions de culture, du substrat utilis\u00e9 et des variations g\u00e9n\u00e9tiques. En g\u00e9n\u00e9ral, les esp\u00e8ces de Psilocybe cubensis, y compris l&rsquo;Albino Tex, ont des effets mod\u00e9r\u00e9s \u00e0 forts.<\/p>\n<h3>Contenu<\/h3>\n<ul>\n<li>Seringue de 10 ml<\/li>\n<li>Culture isol\u00e9e<\/li>\n<li>Culture s\u00e9lective<\/li>\n<li>Conditionn\u00e9 dans un environnement st\u00e9rile<\/li>\n<\/ul>\n<h3>Utilisation<\/h3>\n<ol>\n<li>1. Stockage : Apr\u00e8s r\u00e9ception, conservez la seringue de culture liquide au r\u00e9frig\u00e9rateur entre 2 et 8 degr\u00e9s Celsius (36-46\u00b0F) si vous ne souhaitez pas l&rsquo;utiliser imm\u00e9diatement. Une bonne conservation permet de maintenir la viabilit\u00e9 des spores.2. Pr\u00e9paration : Laissez la seringue atteindre la temp\u00e9rature ambiante avant de l&rsquo;utiliser. Agitez vigoureusement la seringue pour assurer une distribution uniforme des spores dans la culture liquide.3. S\u00e9lection du substrat : choisissez votre milieu de culture pr\u00e9f\u00e9r\u00e9 : grains st\u00e9rilis\u00e9s ou sacs de culture de substrat tout-en-un. Assurez-vous que le milieu choisi est pr\u00e9par\u00e9 et pr\u00eat pour l&rsquo;inoculation.\n<p>4. Injection : d\u00e9terminez le volume d&rsquo;injection appropri\u00e9 en fonction de la taille de votre poche de culture :<\/p>\n<ul>\n<li>Petits sacs : 2 \u00e0 3 cc<\/li>\n<li>Sacs de taille moyenne : 3 \u00e0 4 cc<\/li>\n<li>Grands sacs : 4 \u00e0 5 cc<\/li>\n<\/ul>\n<p>5. Inoculation : Injectez la culture liquide dans le substrat choisi dans un environnement propre et st\u00e9rile. Visez une r\u00e9partition uniforme pour favoriser une croissance homog\u00e8ne.<\/p>\n<p>6. Incubation : Placez le substrat inocul\u00e9 dans un environnement chaud et sombre propice \u00e0 la croissance myc\u00e9lienne. La croissance devrait \u00eatre visible au bout d&rsquo;une \u00e0 deux semaines, et les progr\u00e8s les plus lents au bout d&rsquo;un mois.<\/p>\n<p>7. Surveillance : v\u00e9rifiez r\u00e9guli\u00e8rement les signes de croissance myc\u00e9lienne. Une fois que le substrat est enti\u00e8rement colonis\u00e9, vous pouvez passer \u00e0 l&rsquo;\u00e9tape suivante de votre processus de culture.<\/p>\n<p>8. Stockage (si la totalit\u00e9 n&rsquo;est pas utilis\u00e9e) : Si vous n&rsquo;utilisez pas toute la seringue, conservez le reste de la culture liquide au r\u00e9frig\u00e9rateur entre 2 et 8 degr\u00e9s Celsius. Un stockage ad\u00e9quat peut prolonger la viabilit\u00e9 des cultures liquides de 2 \u00e0 6 mois.<\/li>\n<\/ol>\n<h3>Commentaire<\/h3>\n<p>Veillez \u00e0 ce que l&rsquo;environnement soit propre et st\u00e9rile pendant le processus d&rsquo;inoculation afin d&rsquo;\u00e9viter toute contamination. La patience est essentielle ; les taux de croissance myc\u00e9lienne peuvent varier, mais des progr\u00e8s visibles doivent \u00eatre observ\u00e9s dans le d\u00e9lai imparti. Respectez les lois et r\u00e9glementations locales concernant la culture et l&rsquo;utilisation de Psilocybe Cubensis.<\/p>\n<h3>Conseils de stockage<\/h3>\n<ul>\n<li>Utiliser la culture liquide dans les 2 mois.<\/li>\n<li>Conservez-la au r\u00e9frig\u00e9rateur ou dans un autre endroit frais et sombre.<\/li>\n<li>\u00c9vitez l&rsquo;exposition \u00e0 la lumi\u00e8re UV.<\/li>\n<li>Tenir hors de port\u00e9e des enfants.<\/li>\n<\/ul>\n","protected":false},"excerpt":{"rendered":"<p>La seringue de culture liquide Psilocybe Albino Tex Pe6 est une solution pratique pour cultiver la c\u00e9l\u00e8bre souche Albino Tex PE6. Convenant aussi bien aux d\u00e9butants qu&rsquo;aux cultivateurs exp\u00e9riment\u00e9s, cet outil perfectionn\u00e9 fournit un environnement st\u00e9rile et riche en nutriments qui favorise la croissance du myc\u00e9lium. Appliquez la culture liquide de champignons \u00e0 votre substrat [&hellip;]<\/p>\n","protected":false},"featured_media":46272,"comment_status":"closed","ping_status":"closed","template":"","meta":[],"product_brand":[],"product_cat":[358],"product_tag":[],"class_list":{"0":"post-41701","1":"product","2":"type-product","3":"status-publish","4":"has-post-thumbnail","6":"product_cat-seringues-de-culture-liquide","8":"first","9":"instock","10":"taxable","11":"shipping-taxable","12":"purchasable","13":"product-type-simple"},"yoast_head":"<!-- This site is optimized with the Yoast SEO Premium plugin v26.4 (Yoast SEO v27.4) - https:\/\/yoast.com\/product\/yoast-seo-premium-wordpress\/ -->\n<title>Seringue de culture liquide Albino Tex Pe6 - Dutchmicrodosing<\/title>\n<meta name=\"description\" content=\"D\u00e9couvrez la seringue de culture liquide Albino Tex Pe6, une seringue de haute qualit\u00e9 remplie de culture liquide pour cultiver des champignons Albino Tex Pe6 uniques.....\" \/>\n<meta name=\"robots\" content=\"index, follow, max-snippet:-1, max-image-preview:large, max-video-preview:-1\" \/>\n<link rel=\"canonical\" href=\"https:\/\/dutchmicrodosing.com\/fr\/magique-champignon-spores\/seringues-de-culture-liquide\/albino-tex-pe6-liquid-culture-syringe\/\" \/>\n<meta property=\"og:locale\" content=\"fr_FR\" \/>\n<meta property=\"og:type\" content=\"article\" \/>\n<meta property=\"og:title\" content=\"Seringue de culture liquide Albino Tex Pe6\" \/>\n<meta property=\"og:description\" content=\"La seringue de culture liquide Psilocybe Albino Tex Pe6 est une solution pratique pour cultiver la c\u00e9l\u00e8bre souche Albino Tex PE6. Convenant aussi bien aux\" \/>\n<meta property=\"og:url\" content=\"https:\/\/dutchmicrodosing.com\/fr\/magique-champignon-spores\/seringues-de-culture-liquide\/albino-tex-pe6-liquid-culture-syringe\/\" \/>\n<meta property=\"og:site_name\" content=\"Dutchmicrodosing\" \/>\n<meta property=\"article:publisher\" content=\"https:\/\/www.facebook.com\/Dutchmicrodosingxp\/\" \/>\n<meta property=\"article:modified_time\" content=\"2025-09-16T06:57:44+00:00\" \/>\n<meta property=\"og:image\" content=\"https:\/\/dutchmicrodosing.com\/wp-content\/uploads\/2024\/07\/Philosophr-Liquid-culture-packaging-_2_.jpg\" \/>\n\t<meta property=\"og:image:width\" content=\"1512\" \/>\n\t<meta property=\"og:image:height\" content=\"1512\" \/>\n\t<meta property=\"og:image:type\" content=\"image\/jpeg\" \/>\n<meta name=\"twitter:card\" content=\"summary_large_image\" \/>\n<script type=\"application\/ld+json\" class=\"yoast-schema-graph\">{\"@context\":\"https:\\\/\\\/schema.org\",\"@graph\":[{\"@type\":\"WebPage\",\"@id\":\"https:\\\/\\\/dutchmicrodosing.com\\\/fr\\\/magique-champignon-spores\\\/seringues-de-culture-liquide\\\/albino-tex-pe6-liquid-culture-syringe\\\/\",\"url\":\"https:\\\/\\\/dutchmicrodosing.com\\\/fr\\\/magique-champignon-spores\\\/seringues-de-culture-liquide\\\/albino-tex-pe6-liquid-culture-syringe\\\/\",\"name\":\"Seringue de culture liquide Albino Tex Pe6 - Dutchmicrodosing\",\"isPartOf\":{\"@id\":\"https:\\\/\\\/dutchmicrodosing.com\\\/fr\\\/#website\"},\"primaryImageOfPage\":{\"@id\":\"https:\\\/\\\/dutchmicrodosing.com\\\/fr\\\/magique-champignon-spores\\\/seringues-de-culture-liquide\\\/albino-tex-pe6-liquid-culture-syringe\\\/#primaryimage\"},\"image\":{\"@id\":\"https:\\\/\\\/dutchmicrodosing.com\\\/fr\\\/magique-champignon-spores\\\/seringues-de-culture-liquide\\\/albino-tex-pe6-liquid-culture-syringe\\\/#primaryimage\"},\"thumbnailUrl\":\"https:\\\/\\\/dutchmicrodosing.com\\\/wp-content\\\/uploads\\\/2024\\\/07\\\/Philosophr-Liquid-culture-packaging-_2_.jpg\",\"datePublished\":\"2024-07-19T07:35:27+00:00\",\"dateModified\":\"2025-09-16T06:57:44+00:00\",\"description\":\"D\u00e9couvrez la seringue de culture liquide Albino Tex Pe6, une seringue de haute qualit\u00e9 remplie de culture liquide pour cultiver des champignons Albino Tex Pe6 uniques.....\",\"breadcrumb\":{\"@id\":\"https:\\\/\\\/dutchmicrodosing.com\\\/fr\\\/magique-champignon-spores\\\/seringues-de-culture-liquide\\\/albino-tex-pe6-liquid-culture-syringe\\\/#breadcrumb\"},\"inLanguage\":\"fr-FR\",\"potentialAction\":[{\"@type\":\"ReadAction\",\"target\":[\"https:\\\/\\\/dutchmicrodosing.com\\\/fr\\\/magique-champignon-spores\\\/seringues-de-culture-liquide\\\/albino-tex-pe6-liquid-culture-syringe\\\/\"]}]},{\"@type\":\"ImageObject\",\"inLanguage\":\"fr-FR\",\"@id\":\"https:\\\/\\\/dutchmicrodosing.com\\\/fr\\\/magique-champignon-spores\\\/seringues-de-culture-liquide\\\/albino-tex-pe6-liquid-culture-syringe\\\/#primaryimage\",\"url\":\"https:\\\/\\\/dutchmicrodosing.com\\\/wp-content\\\/uploads\\\/2024\\\/07\\\/Philosophr-Liquid-culture-packaging-_2_.jpg\",\"contentUrl\":\"https:\\\/\\\/dutchmicrodosing.com\\\/wp-content\\\/uploads\\\/2024\\\/07\\\/Philosophr-Liquid-culture-packaging-_2_.jpg\",\"width\":1512,\"height\":1512},{\"@type\":\"BreadcrumbList\",\"@id\":\"https:\\\/\\\/dutchmicrodosing.com\\\/fr\\\/magique-champignon-spores\\\/seringues-de-culture-liquide\\\/albino-tex-pe6-liquid-culture-syringe\\\/#breadcrumb\",\"itemListElement\":[{\"@type\":\"ListItem\",\"position\":1,\"name\":\"Home\",\"item\":\"https:\\\/\\\/dutchmicrodosing.com\\\/fr\\\/\"},{\"@type\":\"ListItem\",\"position\":2,\"name\":\"Boutique\",\"item\":\"https:\\\/\\\/dutchmicrodosing.com\\\/fr\\\/boutique\\\/\"},{\"@type\":\"ListItem\",\"position\":3,\"name\":\"Seringue de culture liquide Albino Tex Pe6\"}]},{\"@type\":\"WebSite\",\"@id\":\"https:\\\/\\\/dutchmicrodosing.com\\\/fr\\\/#website\",\"url\":\"https:\\\/\\\/dutchmicrodosing.com\\\/fr\\\/\",\"name\":\"Dutchmicrodosing\",\"description\":\"\",\"publisher\":{\"@id\":\"https:\\\/\\\/dutchmicrodosing.com\\\/fr\\\/#organization\"},\"potentialAction\":[{\"@type\":\"SearchAction\",\"target\":{\"@type\":\"EntryPoint\",\"urlTemplate\":\"https:\\\/\\\/dutchmicrodosing.com\\\/fr\\\/?s={search_term_string}\"},\"query-input\":{\"@type\":\"PropertyValueSpecification\",\"valueRequired\":true,\"valueName\":\"search_term_string\"}}],\"inLanguage\":\"fr-FR\"},{\"@type\":\"Organization\",\"@id\":\"https:\\\/\\\/dutchmicrodosing.com\\\/fr\\\/#organization\",\"name\":\"Dutchmicrodosing\",\"url\":\"https:\\\/\\\/dutchmicrodosing.com\\\/fr\\\/\",\"logo\":{\"@type\":\"ImageObject\",\"inLanguage\":\"fr-FR\",\"@id\":\"https:\\\/\\\/dutchmicrodosing.com\\\/fr\\\/#\\\/schema\\\/logo\\\/image\\\/\",\"url\":\"https:\\\/\\\/dutchmicrodosing.com\\\/wp-content\\\/uploads\\\/2021\\\/01\\\/microdosing-categorie-pic-nieuw.jpg\",\"contentUrl\":\"https:\\\/\\\/dutchmicrodosing.com\\\/wp-content\\\/uploads\\\/2021\\\/01\\\/microdosing-categorie-pic-nieuw.jpg\",\"width\":500,\"height\":500,\"caption\":\"Dutchmicrodosing\"},\"image\":{\"@id\":\"https:\\\/\\\/dutchmicrodosing.com\\\/fr\\\/#\\\/schema\\\/logo\\\/image\\\/\"},\"sameAs\":[\"https:\\\/\\\/www.facebook.com\\\/Dutchmicrodosingxp\\\/\",\"https:\\\/\\\/www.instagram.com\\\/dutchmicrodosing\\\/\"]}]}<\/script>\n<meta property=\"product:price:amount\" content=\"18.95\" \/>\n<meta property=\"product:price:currency\" content=\"EUR\" \/>\n<meta property=\"og:availability\" content=\"instock\" \/>\n<meta property=\"product:availability\" content=\"instock\" \/>\n<meta property=\"product:retailer_item_id\" content=\"4207448\" \/>\n<meta property=\"product:condition\" content=\"new\" \/>\n<!-- \/ Yoast SEO Premium plugin. -->","yoast_head_json":{"title":"Seringue de culture liquide Albino Tex Pe6 - Dutchmicrodosing","description":"D\u00e9couvrez la seringue de culture liquide Albino Tex Pe6, une seringue de haute qualit\u00e9 remplie de culture liquide pour cultiver des champignons Albino Tex Pe6 uniques.....","robots":{"index":"index","follow":"follow","max-snippet":"max-snippet:-1","max-image-preview":"max-image-preview:large","max-video-preview":"max-video-preview:-1"},"canonical":"https:\/\/dutchmicrodosing.com\/fr\/magique-champignon-spores\/seringues-de-culture-liquide\/albino-tex-pe6-liquid-culture-syringe\/","og_locale":"fr_FR","og_type":"article","og_title":"Seringue de culture liquide Albino Tex Pe6","og_description":"La seringue de culture liquide Psilocybe Albino Tex Pe6 est une solution pratique pour cultiver la c\u00e9l\u00e8bre souche Albino Tex PE6. Convenant aussi bien aux","og_url":"https:\/\/dutchmicrodosing.com\/fr\/magique-champignon-spores\/seringues-de-culture-liquide\/albino-tex-pe6-liquid-culture-syringe\/","og_site_name":"Dutchmicrodosing","article_publisher":"https:\/\/www.facebook.com\/Dutchmicrodosingxp\/","article_modified_time":"2025-09-16T06:57:44+00:00","og_image":[{"width":1512,"height":1512,"url":"https:\/\/dutchmicrodosing.com\/wp-content\/uploads\/2024\/07\/Philosophr-Liquid-culture-packaging-_2_.jpg","type":"image\/jpeg"}],"twitter_card":"summary_large_image","schema":{"@context":"https:\/\/schema.org","@graph":[{"@type":"WebPage","@id":"https:\/\/dutchmicrodosing.com\/fr\/magique-champignon-spores\/seringues-de-culture-liquide\/albino-tex-pe6-liquid-culture-syringe\/","url":"https:\/\/dutchmicrodosing.com\/fr\/magique-champignon-spores\/seringues-de-culture-liquide\/albino-tex-pe6-liquid-culture-syringe\/","name":"Seringue de culture liquide Albino Tex Pe6 - Dutchmicrodosing","isPartOf":{"@id":"https:\/\/dutchmicrodosing.com\/fr\/#website"},"primaryImageOfPage":{"@id":"https:\/\/dutchmicrodosing.com\/fr\/magique-champignon-spores\/seringues-de-culture-liquide\/albino-tex-pe6-liquid-culture-syringe\/#primaryimage"},"image":{"@id":"https:\/\/dutchmicrodosing.com\/fr\/magique-champignon-spores\/seringues-de-culture-liquide\/albino-tex-pe6-liquid-culture-syringe\/#primaryimage"},"thumbnailUrl":"https:\/\/dutchmicrodosing.com\/wp-content\/uploads\/2024\/07\/Philosophr-Liquid-culture-packaging-_2_.jpg","datePublished":"2024-07-19T07:35:27+00:00","dateModified":"2025-09-16T06:57:44+00:00","description":"D\u00e9couvrez la seringue de culture liquide Albino Tex Pe6, une seringue de haute qualit\u00e9 remplie de culture liquide pour cultiver des champignons Albino Tex Pe6 uniques.....","breadcrumb":{"@id":"https:\/\/dutchmicrodosing.com\/fr\/magique-champignon-spores\/seringues-de-culture-liquide\/albino-tex-pe6-liquid-culture-syringe\/#breadcrumb"},"inLanguage":"fr-FR","potentialAction":[{"@type":"ReadAction","target":["https:\/\/dutchmicrodosing.com\/fr\/magique-champignon-spores\/seringues-de-culture-liquide\/albino-tex-pe6-liquid-culture-syringe\/"]}]},{"@type":"ImageObject","inLanguage":"fr-FR","@id":"https:\/\/dutchmicrodosing.com\/fr\/magique-champignon-spores\/seringues-de-culture-liquide\/albino-tex-pe6-liquid-culture-syringe\/#primaryimage","url":"https:\/\/dutchmicrodosing.com\/wp-content\/uploads\/2024\/07\/Philosophr-Liquid-culture-packaging-_2_.jpg","contentUrl":"https:\/\/dutchmicrodosing.com\/wp-content\/uploads\/2024\/07\/Philosophr-Liquid-culture-packaging-_2_.jpg","width":1512,"height":1512},{"@type":"BreadcrumbList","@id":"https:\/\/dutchmicrodosing.com\/fr\/magique-champignon-spores\/seringues-de-culture-liquide\/albino-tex-pe6-liquid-culture-syringe\/#breadcrumb","itemListElement":[{"@type":"ListItem","position":1,"name":"Home","item":"https:\/\/dutchmicrodosing.com\/fr\/"},{"@type":"ListItem","position":2,"name":"Boutique","item":"https:\/\/dutchmicrodosing.com\/fr\/boutique\/"},{"@type":"ListItem","position":3,"name":"Seringue de culture liquide Albino Tex Pe6"}]},{"@type":"WebSite","@id":"https:\/\/dutchmicrodosing.com\/fr\/#website","url":"https:\/\/dutchmicrodosing.com\/fr\/","name":"Dutchmicrodosing","description":"","publisher":{"@id":"https:\/\/dutchmicrodosing.com\/fr\/#organization"},"potentialAction":[{"@type":"SearchAction","target":{"@type":"EntryPoint","urlTemplate":"https:\/\/dutchmicrodosing.com\/fr\/?s={search_term_string}"},"query-input":{"@type":"PropertyValueSpecification","valueRequired":true,"valueName":"search_term_string"}}],"inLanguage":"fr-FR"},{"@type":"Organization","@id":"https:\/\/dutchmicrodosing.com\/fr\/#organization","name":"Dutchmicrodosing","url":"https:\/\/dutchmicrodosing.com\/fr\/","logo":{"@type":"ImageObject","inLanguage":"fr-FR","@id":"https:\/\/dutchmicrodosing.com\/fr\/#\/schema\/logo\/image\/","url":"https:\/\/dutchmicrodosing.com\/wp-content\/uploads\/2021\/01\/microdosing-categorie-pic-nieuw.jpg","contentUrl":"https:\/\/dutchmicrodosing.com\/wp-content\/uploads\/2021\/01\/microdosing-categorie-pic-nieuw.jpg","width":500,"height":500,"caption":"Dutchmicrodosing"},"image":{"@id":"https:\/\/dutchmicrodosing.com\/fr\/#\/schema\/logo\/image\/"},"sameAs":["https:\/\/www.facebook.com\/Dutchmicrodosingxp\/","https:\/\/www.instagram.com\/dutchmicrodosing\/"]}]},"product_price_amount":"18.95","product_price_currency":"EUR","og_availability":"instock","product_availability":"instock","product_retailer_item_id":"4207448","product_condition":"new"},"_links":{"self":[{"href":"https:\/\/dutchmicrodosing.com\/fr\/wp-json\/wp\/v2\/product\/41701","targetHints":{"allow":["GET"]}}],"collection":[{"href":"https:\/\/dutchmicrodosing.com\/fr\/wp-json\/wp\/v2\/product"}],"about":[{"href":"https:\/\/dutchmicrodosing.com\/fr\/wp-json\/wp\/v2\/types\/product"}],"replies":[{"embeddable":true,"href":"https:\/\/dutchmicrodosing.com\/fr\/wp-json\/wp\/v2\/comments?post=41701"}],"version-history":[{"count":0,"href":"https:\/\/dutchmicrodosing.com\/fr\/wp-json\/wp\/v2\/product\/41701\/revisions"}],"wp:featuredmedia":[{"embeddable":true,"href":"https:\/\/dutchmicrodosing.com\/fr\/wp-json\/wp\/v2\/media\/46272"}],"wp:attachment":[{"href":"https:\/\/dutchmicrodosing.com\/fr\/wp-json\/wp\/v2\/media?parent=41701"}],"wp:term":[{"taxonomy":"product_brand","embeddable":true,"href":"https:\/\/dutchmicrodosing.com\/fr\/wp-json\/wp\/v2\/product_brand?post=41701"},{"taxonomy":"product_cat","embeddable":true,"href":"https:\/\/dutchmicrodosing.com\/fr\/wp-json\/wp\/v2\/product_cat?post=41701"},{"taxonomy":"product_tag","embeddable":true,"href":"https:\/\/dutchmicrodosing.com\/fr\/wp-json\/wp\/v2\/product_tag?post=41701"}],"curies":[{"name":"wp","href":"https:\/\/api.w.org\/{rel}","templated":true}]}}