{"id":41718,"date":"2024-09-03T09:40:42","date_gmt":"2024-09-03T07:40:42","guid":{"rendered":"https:\/\/dutchmicrodosing.com\/shop\/non%20class\u00e9\/le-trio-sain\/"},"modified":"2026-02-03T16:43:02","modified_gmt":"2026-02-03T15:43:02","slug":"le-trio-sain","status":"publish","type":"product","link":"https:\/\/dutchmicrodosing.com\/fr\/boutique-de-sante\/comestibles-aux-champignons\/le-trio-sain\/","title":{"rendered":"Le trio sain"},"content":{"rendered":"<p>Les gommes aux champignons <strong>Healthy Trio <\/strong>sont une d\u00e9licieuse friandise qui contribue \u00e0 votre bien-\u00eatre quotidien. Chaque bo\u00eete contient trois types de gommes, chacune enrichie d&rsquo;un champignon m\u00e9dicinal unique : Lion&rsquo;s Mane, Reishi et Chaga. Ces puissants champignons sont connus pour leurs effets b\u00e9n\u00e9fiques sur la sant\u00e9, tels que la clart\u00e9 mentale, le soutien du syst\u00e8me immunitaire et la vitalit\u00e9. Ces gommes associent la puissance d&rsquo;ingr\u00e9dients naturels \u00e0 un go\u00fbt agr\u00e9able, offrant un moyen simple et savoureux d&rsquo;am\u00e9liorer votre sant\u00e9.<\/p>\n<ul>\n<li>Les Reishi Mushroom Gummies offrent un moyen savoureux de profiter des bienfaits des champignons Reishi. Chaque gomme contient 250 mg d&rsquo;extrait de Reishi, ce qui en fait un moyen simple et agr\u00e9able de profiter des bienfaits de ce champignon. Le Reishi est connu pour ses propri\u00e9t\u00e9s stimulantes sur le plan cognitif et a une longue histoire dans la m\u00e9decine traditionnelle chinoise.  <\/li>\n<li>Les gommes au champignon crini\u00e8re de lion sont de d\u00e9licieuses friandises qui associent les bienfaits de l&rsquo;extrait de crini\u00e8re de lion \u00e0 une exp\u00e9rience savoureuse. Chaque gomme contient 250 mg d&rsquo;extrait de crini\u00e8re de lion, ce qui vous permet de profiter facilement et agr\u00e9ablement des bienfaits potentiels de ce champignon. Le crin de lion est connu pour ses propri\u00e9t\u00e9s d&rsquo;am\u00e9lioration cognitive et est utilis\u00e9 depuis des si\u00e8cles dans la m\u00e9decine traditionnelle chinoise. Gr\u00e2ce \u00e0 ces gommes, vous pouvez soutenir votre fonction c\u00e9r\u00e9brale et votre bien-\u00eatre g\u00e9n\u00e9ral de mani\u00e8re savoureuse.   <\/li>\n<li>Le concept des Mushroom Gummies Chaga est une approche innovante pour exploiter les bienfaits des champignons Chaga pour la sant\u00e9. Ces gommes, contenant chacune 250 mg d&rsquo;extrait de Chaga, offrent un moyen facile et agr\u00e9able de profiter des bienfaits de ce champignon. Le chaga est connu pour ses propri\u00e9t\u00e9s qui peuvent am\u00e9liorer la cognition et a une riche histoire au sein de la m\u00e9decine traditionnelle chinoise.  <\/li>\n<\/ul>\n<h3>Contenu<\/h3>\n<p>3 plateaux de gommes Dr Candy Mushroom (Reishi, Lion&rsquo;s Mane et Chaga)<\/p>\n","protected":false},"excerpt":{"rendered":"<p>Les gommes aux champignons Healthy Trio sont une d\u00e9licieuse friandise qui contribue \u00e0 votre bien-\u00eatre quotidien. Chaque bo\u00eete contient trois types de gommes, chacune enrichie d&rsquo;un champignon m\u00e9dicinal unique : Lion&rsquo;s Mane, Reishi et Chaga. Ces puissants champignons sont connus pour leurs effets b\u00e9n\u00e9fiques sur la sant\u00e9, tels que la clart\u00e9 mentale, le soutien du [&hellip;]<\/p>\n","protected":false},"featured_media":41713,"comment_status":"closed","ping_status":"closed","template":"","meta":[],"product_brand":[],"product_cat":[326],"product_tag":[],"class_list":{"0":"post-41718","1":"product","2":"type-product","3":"status-publish","4":"has-post-thumbnail","6":"product_cat-comestibles-aux-champignons","8":"first","9":"instock","10":"taxable","11":"shipping-taxable","12":"purchasable","13":"product-type-simple"},"yoast_head":"<!-- This site is optimized with the Yoast SEO Premium plugin v26.4 (Yoast SEO v27.2) - https:\/\/yoast.com\/product\/yoast-seo-premium-wordpress\/ -->\n<title>Le trio sain - Dutchmicrodosing<\/title>\n<meta name=\"description\" content=\"D\u00e9couvrez le trio Dr Candy The Healthy Trio - Gummies aux champignons, chacun enrichi d&#039;un champignon m\u00e9dicinal unique : Lion&#039;s Mane, Reishi et Chaga....\" \/>\n<meta name=\"robots\" content=\"index, follow, max-snippet:-1, max-image-preview:large, max-video-preview:-1\" \/>\n<link rel=\"canonical\" href=\"https:\/\/dutchmicrodosing.com\/fr\/boutique-de-sante\/comestibles-aux-champignons\/le-trio-sain\/\" \/>\n<meta property=\"og:locale\" content=\"fr_FR\" \/>\n<meta property=\"og:type\" content=\"article\" \/>\n<meta property=\"og:title\" content=\"Le trio sain\" \/>\n<meta property=\"og:description\" content=\"Les gommes aux champignons Healthy Trio sont une d\u00e9licieuse friandise qui contribue \u00e0 votre bien-\u00eatre quotidien. Chaque bo\u00eete contient trois types de\" \/>\n<meta property=\"og:url\" content=\"https:\/\/dutchmicrodosing.com\/fr\/boutique-de-sante\/comestibles-aux-champignons\/le-trio-sain\/\" \/>\n<meta property=\"og:site_name\" content=\"Dutchmicrodosing\" \/>\n<meta property=\"article:publisher\" content=\"https:\/\/www.facebook.com\/Dutchmicrodosingxp\/\" \/>\n<meta property=\"article:modified_time\" content=\"2026-02-03T15:43:02+00:00\" \/>\n<meta property=\"og:image\" content=\"https:\/\/dutchmicrodosing.com\/wp-content\/uploads\/2024\/09\/Mix_gummies_mushroom_1000x1000.jpg\" \/>\n\t<meta property=\"og:image:width\" content=\"1000\" \/>\n\t<meta property=\"og:image:height\" content=\"1000\" \/>\n\t<meta property=\"og:image:type\" content=\"image\/jpeg\" \/>\n<meta name=\"twitter:card\" content=\"summary_large_image\" \/>\n<script type=\"application\/ld+json\" class=\"yoast-schema-graph\">{\"@context\":\"https:\/\/schema.org\",\"@graph\":[{\"@type\":\"WebPage\",\"@id\":\"https:\/\/dutchmicrodosing.com\/fr\/boutique-de-sante\/comestibles-aux-champignons\/le-trio-sain\/\",\"url\":\"https:\/\/dutchmicrodosing.com\/fr\/boutique-de-sante\/comestibles-aux-champignons\/le-trio-sain\/\",\"name\":\"Le trio sain - Dutchmicrodosing\",\"isPartOf\":{\"@id\":\"https:\/\/dutchmicrodosing.com\/fr\/#website\"},\"primaryImageOfPage\":{\"@id\":\"https:\/\/dutchmicrodosing.com\/fr\/boutique-de-sante\/comestibles-aux-champignons\/le-trio-sain\/#primaryimage\"},\"image\":{\"@id\":\"https:\/\/dutchmicrodosing.com\/fr\/boutique-de-sante\/comestibles-aux-champignons\/le-trio-sain\/#primaryimage\"},\"thumbnailUrl\":\"https:\/\/dutchmicrodosing.com\/wp-content\/uploads\/2024\/09\/Mix_gummies_mushroom_1000x1000.jpg\",\"datePublished\":\"2024-09-03T07:40:42+00:00\",\"dateModified\":\"2026-02-03T15:43:02+00:00\",\"description\":\"D\u00e9couvrez le trio Dr Candy The Healthy Trio - Gummies aux champignons, chacun enrichi d'un champignon m\u00e9dicinal unique : Lion's Mane, Reishi et Chaga....\",\"breadcrumb\":{\"@id\":\"https:\/\/dutchmicrodosing.com\/fr\/boutique-de-sante\/comestibles-aux-champignons\/le-trio-sain\/#breadcrumb\"},\"inLanguage\":\"fr-FR\",\"potentialAction\":[{\"@type\":\"ReadAction\",\"target\":[\"https:\/\/dutchmicrodosing.com\/fr\/boutique-de-sante\/comestibles-aux-champignons\/le-trio-sain\/\"]}]},{\"@type\":\"ImageObject\",\"inLanguage\":\"fr-FR\",\"@id\":\"https:\/\/dutchmicrodosing.com\/fr\/boutique-de-sante\/comestibles-aux-champignons\/le-trio-sain\/#primaryimage\",\"url\":\"https:\/\/dutchmicrodosing.com\/wp-content\/uploads\/2024\/09\/Mix_gummies_mushroom_1000x1000.jpg\",\"contentUrl\":\"https:\/\/dutchmicrodosing.com\/wp-content\/uploads\/2024\/09\/Mix_gummies_mushroom_1000x1000.jpg\",\"width\":1000,\"height\":1000},{\"@type\":\"BreadcrumbList\",\"@id\":\"https:\/\/dutchmicrodosing.com\/fr\/boutique-de-sante\/comestibles-aux-champignons\/le-trio-sain\/#breadcrumb\",\"itemListElement\":[{\"@type\":\"ListItem\",\"position\":1,\"name\":\"Home\",\"item\":\"https:\/\/dutchmicrodosing.com\/fr\/\"},{\"@type\":\"ListItem\",\"position\":2,\"name\":\"Boutique\",\"item\":\"https:\/\/dutchmicrodosing.com\/fr\/boutique\/\"},{\"@type\":\"ListItem\",\"position\":3,\"name\":\"Le trio sain\"}]},{\"@type\":\"WebSite\",\"@id\":\"https:\/\/dutchmicrodosing.com\/fr\/#website\",\"url\":\"https:\/\/dutchmicrodosing.com\/fr\/\",\"name\":\"Dutchmicrodosing\",\"description\":\"\",\"publisher\":{\"@id\":\"https:\/\/dutchmicrodosing.com\/fr\/#organization\"},\"potentialAction\":[{\"@type\":\"SearchAction\",\"target\":{\"@type\":\"EntryPoint\",\"urlTemplate\":\"https:\/\/dutchmicrodosing.com\/fr\/?s={search_term_string}\"},\"query-input\":{\"@type\":\"PropertyValueSpecification\",\"valueRequired\":true,\"valueName\":\"search_term_string\"}}],\"inLanguage\":\"fr-FR\"},{\"@type\":\"Organization\",\"@id\":\"https:\/\/dutchmicrodosing.com\/fr\/#organization\",\"name\":\"Dutchmicrodosing\",\"url\":\"https:\/\/dutchmicrodosing.com\/fr\/\",\"logo\":{\"@type\":\"ImageObject\",\"inLanguage\":\"fr-FR\",\"@id\":\"https:\/\/dutchmicrodosing.com\/fr\/#\/schema\/logo\/image\/\",\"url\":\"https:\/\/dutchmicrodosing.com\/wp-content\/uploads\/2021\/01\/microdosing-categorie-pic-nieuw.jpg\",\"contentUrl\":\"https:\/\/dutchmicrodosing.com\/wp-content\/uploads\/2021\/01\/microdosing-categorie-pic-nieuw.jpg\",\"width\":500,\"height\":500,\"caption\":\"Dutchmicrodosing\"},\"image\":{\"@id\":\"https:\/\/dutchmicrodosing.com\/fr\/#\/schema\/logo\/image\/\"},\"sameAs\":[\"https:\/\/www.facebook.com\/Dutchmicrodosingxp\/\",\"https:\/\/www.instagram.com\/dutchmicrodosing\/\"]}]}<\/script>\n<meta property=\"product:price:amount\" content=\"24.95\" \/>\n<meta property=\"product:price:currency\" content=\"EUR\" \/>\n<meta property=\"og:availability\" content=\"instock\" \/>\n<meta property=\"product:availability\" content=\"instock\" \/>\n<meta property=\"product:retailer_item_id\" content=\"4209139\" \/>\n<meta property=\"product:condition\" content=\"new\" \/>\n<!-- \/ Yoast SEO Premium plugin. -->","yoast_head_json":{"title":"Le trio sain - Dutchmicrodosing","description":"D\u00e9couvrez le trio Dr Candy The Healthy Trio - Gummies aux champignons, chacun enrichi d'un champignon m\u00e9dicinal unique : Lion's Mane, Reishi et Chaga....","robots":{"index":"index","follow":"follow","max-snippet":"max-snippet:-1","max-image-preview":"max-image-preview:large","max-video-preview":"max-video-preview:-1"},"canonical":"https:\/\/dutchmicrodosing.com\/fr\/boutique-de-sante\/comestibles-aux-champignons\/le-trio-sain\/","og_locale":"fr_FR","og_type":"article","og_title":"Le trio sain","og_description":"Les gommes aux champignons Healthy Trio sont une d\u00e9licieuse friandise qui contribue \u00e0 votre bien-\u00eatre quotidien. Chaque bo\u00eete contient trois types de","og_url":"https:\/\/dutchmicrodosing.com\/fr\/boutique-de-sante\/comestibles-aux-champignons\/le-trio-sain\/","og_site_name":"Dutchmicrodosing","article_publisher":"https:\/\/www.facebook.com\/Dutchmicrodosingxp\/","article_modified_time":"2026-02-03T15:43:02+00:00","og_image":[{"width":1000,"height":1000,"url":"https:\/\/dutchmicrodosing.com\/wp-content\/uploads\/2024\/09\/Mix_gummies_mushroom_1000x1000.jpg","type":"image\/jpeg"}],"twitter_card":"summary_large_image","schema":{"@context":"https:\/\/schema.org","@graph":[{"@type":"WebPage","@id":"https:\/\/dutchmicrodosing.com\/fr\/boutique-de-sante\/comestibles-aux-champignons\/le-trio-sain\/","url":"https:\/\/dutchmicrodosing.com\/fr\/boutique-de-sante\/comestibles-aux-champignons\/le-trio-sain\/","name":"Le trio sain - Dutchmicrodosing","isPartOf":{"@id":"https:\/\/dutchmicrodosing.com\/fr\/#website"},"primaryImageOfPage":{"@id":"https:\/\/dutchmicrodosing.com\/fr\/boutique-de-sante\/comestibles-aux-champignons\/le-trio-sain\/#primaryimage"},"image":{"@id":"https:\/\/dutchmicrodosing.com\/fr\/boutique-de-sante\/comestibles-aux-champignons\/le-trio-sain\/#primaryimage"},"thumbnailUrl":"https:\/\/dutchmicrodosing.com\/wp-content\/uploads\/2024\/09\/Mix_gummies_mushroom_1000x1000.jpg","datePublished":"2024-09-03T07:40:42+00:00","dateModified":"2026-02-03T15:43:02+00:00","description":"D\u00e9couvrez le trio Dr Candy The Healthy Trio - Gummies aux champignons, chacun enrichi d'un champignon m\u00e9dicinal unique : Lion's Mane, Reishi et Chaga....","breadcrumb":{"@id":"https:\/\/dutchmicrodosing.com\/fr\/boutique-de-sante\/comestibles-aux-champignons\/le-trio-sain\/#breadcrumb"},"inLanguage":"fr-FR","potentialAction":[{"@type":"ReadAction","target":["https:\/\/dutchmicrodosing.com\/fr\/boutique-de-sante\/comestibles-aux-champignons\/le-trio-sain\/"]}]},{"@type":"ImageObject","inLanguage":"fr-FR","@id":"https:\/\/dutchmicrodosing.com\/fr\/boutique-de-sante\/comestibles-aux-champignons\/le-trio-sain\/#primaryimage","url":"https:\/\/dutchmicrodosing.com\/wp-content\/uploads\/2024\/09\/Mix_gummies_mushroom_1000x1000.jpg","contentUrl":"https:\/\/dutchmicrodosing.com\/wp-content\/uploads\/2024\/09\/Mix_gummies_mushroom_1000x1000.jpg","width":1000,"height":1000},{"@type":"BreadcrumbList","@id":"https:\/\/dutchmicrodosing.com\/fr\/boutique-de-sante\/comestibles-aux-champignons\/le-trio-sain\/#breadcrumb","itemListElement":[{"@type":"ListItem","position":1,"name":"Home","item":"https:\/\/dutchmicrodosing.com\/fr\/"},{"@type":"ListItem","position":2,"name":"Boutique","item":"https:\/\/dutchmicrodosing.com\/fr\/boutique\/"},{"@type":"ListItem","position":3,"name":"Le trio sain"}]},{"@type":"WebSite","@id":"https:\/\/dutchmicrodosing.com\/fr\/#website","url":"https:\/\/dutchmicrodosing.com\/fr\/","name":"Dutchmicrodosing","description":"","publisher":{"@id":"https:\/\/dutchmicrodosing.com\/fr\/#organization"},"potentialAction":[{"@type":"SearchAction","target":{"@type":"EntryPoint","urlTemplate":"https:\/\/dutchmicrodosing.com\/fr\/?s={search_term_string}"},"query-input":{"@type":"PropertyValueSpecification","valueRequired":true,"valueName":"search_term_string"}}],"inLanguage":"fr-FR"},{"@type":"Organization","@id":"https:\/\/dutchmicrodosing.com\/fr\/#organization","name":"Dutchmicrodosing","url":"https:\/\/dutchmicrodosing.com\/fr\/","logo":{"@type":"ImageObject","inLanguage":"fr-FR","@id":"https:\/\/dutchmicrodosing.com\/fr\/#\/schema\/logo\/image\/","url":"https:\/\/dutchmicrodosing.com\/wp-content\/uploads\/2021\/01\/microdosing-categorie-pic-nieuw.jpg","contentUrl":"https:\/\/dutchmicrodosing.com\/wp-content\/uploads\/2021\/01\/microdosing-categorie-pic-nieuw.jpg","width":500,"height":500,"caption":"Dutchmicrodosing"},"image":{"@id":"https:\/\/dutchmicrodosing.com\/fr\/#\/schema\/logo\/image\/"},"sameAs":["https:\/\/www.facebook.com\/Dutchmicrodosingxp\/","https:\/\/www.instagram.com\/dutchmicrodosing\/"]}]},"product_price_amount":"24.95","product_price_currency":"EUR","og_availability":"instock","product_availability":"instock","product_retailer_item_id":"4209139","product_condition":"new"},"_links":{"self":[{"href":"https:\/\/dutchmicrodosing.com\/fr\/wp-json\/wp\/v2\/product\/41718","targetHints":{"allow":["GET"]}}],"collection":[{"href":"https:\/\/dutchmicrodosing.com\/fr\/wp-json\/wp\/v2\/product"}],"about":[{"href":"https:\/\/dutchmicrodosing.com\/fr\/wp-json\/wp\/v2\/types\/product"}],"replies":[{"embeddable":true,"href":"https:\/\/dutchmicrodosing.com\/fr\/wp-json\/wp\/v2\/comments?post=41718"}],"version-history":[{"count":1,"href":"https:\/\/dutchmicrodosing.com\/fr\/wp-json\/wp\/v2\/product\/41718\/revisions"}],"predecessor-version":[{"id":64333,"href":"https:\/\/dutchmicrodosing.com\/fr\/wp-json\/wp\/v2\/product\/41718\/revisions\/64333"}],"wp:featuredmedia":[{"embeddable":true,"href":"https:\/\/dutchmicrodosing.com\/fr\/wp-json\/wp\/v2\/media\/41713"}],"wp:attachment":[{"href":"https:\/\/dutchmicrodosing.com\/fr\/wp-json\/wp\/v2\/media?parent=41718"}],"wp:term":[{"taxonomy":"product_brand","embeddable":true,"href":"https:\/\/dutchmicrodosing.com\/fr\/wp-json\/wp\/v2\/product_brand?post=41718"},{"taxonomy":"product_cat","embeddable":true,"href":"https:\/\/dutchmicrodosing.com\/fr\/wp-json\/wp\/v2\/product_cat?post=41718"},{"taxonomy":"product_tag","embeddable":true,"href":"https:\/\/dutchmicrodosing.com\/fr\/wp-json\/wp\/v2\/product_tag?post=41718"}],"curies":[{"name":"wp","href":"https:\/\/api.w.org\/{rel}","templated":true}]}}