{"id":43645,"date":"2024-11-11T10:46:02","date_gmt":"2024-11-11T09:46:02","guid":{"rendered":"https:\/\/dutchmicrodosing.com\/shop\/non%20class\u00e9\/cordyceps-sinensis-120-caps\/"},"modified":"2025-09-09T09:38:06","modified_gmt":"2025-09-09T07:38:06","slug":"cordyceps-sinensis-120-caps","status":"publish","type":"product","link":"https:\/\/dutchmicrodosing.com\/fr\/champignons-medicinaux\/cordyceps-sinensis-120-caps\/","title":{"rendered":"Cordyceps (Sinensis)- 120 Caps"},"content":{"rendered":"<p><strong>Cordyceps sinensis<\/strong>, aujourd&rsquo;hui souvent identifi\u00e9 comme <strong>Ophiocordyceps sinensis<\/strong>, est une esp\u00e8ce exceptionnelle dans le monde des champignons m\u00e9dicinaux, connue pour son mode de culture unique, en particulier au Tibet et en Chine. Ce champignon est utilis\u00e9 depuis longtemps dans la m\u00e9decine traditionnelle chinoise (MTC), principalement en raison de son potentiel d&rsquo;augmentation de l&rsquo;\u00e9nergie et de la vitalit\u00e9.<\/p>\n<h3>Ingr\u00e9dients<\/h3>\n<ul>\n<li>Par g\u00e9lule : 400mg d&rsquo;extrait de Cordyceps sinensis provenant \u00e0 100% de champignons \u00e0 corps fructifiant.<\/li>\n<li>Excipients : citrate de magn\u00e9sium et dioxyde de silicium.<\/li>\n<\/ul>\n<p>Il s&rsquo;agit d&rsquo;un extrait \u00e0 spectre complet obtenu \u00e0 partir de H2O et d&rsquo;\u00e9thanol. Il s&rsquo;agit de tirer le meilleur parti des organes de fructification. Il contient 30% de polysaccharides et de b\u00eata-glucanes.<\/p>\n<h3>Effets<\/h3>\n<p>Le Cordyceps donne de l&rsquo;\u00e9nergie et est bon pour le syst\u00e8me immunitaire ! Le Cordyceps favorise l&rsquo;endurance, l&rsquo;absorption d&rsquo;oxyg\u00e8ne et contribue \u00e0 un m\u00e9tabolisme sain. La formule parfaite pour les sportifs !<\/p>\n<h3>Utilisation<\/h3>\n<p>Ne pas prendre plus d&rsquo;une g\u00e9lule deux fois par jour avec de l&rsquo;eau au cours d&rsquo;un repas.<\/p>\n<h3>Conseils de stockage<\/h3>\n<p>Conservez ce produit dans un endroit sombre et frais, tel qu&rsquo;un placard de cuisine, et hors de port\u00e9e des enfants.<\/p>\n<h3>Contenu<\/h3>\n<p>Cordyceps sinensis Energetic McMyco &#8211; 120 g\u00e9lules.<\/p>\n<h3>Note !<\/h3>\n<p>Consultez votre m\u00e9decin avant toute utilisation en cas de grossesse, d&rsquo;allaitement ou de probl\u00e8mes de sant\u00e9.<\/p>\n","protected":false},"excerpt":{"rendered":"<p>Cordyceps sinensis, aujourd&rsquo;hui souvent identifi\u00e9 comme Ophiocordyceps sinensis, est une esp\u00e8ce exceptionnelle dans le monde des champignons m\u00e9dicinaux, connue pour son mode de culture unique, en particulier au Tibet et en Chine. Ce champignon est utilis\u00e9 depuis longtemps dans la m\u00e9decine traditionnelle chinoise (MTC), principalement en raison de son potentiel d&rsquo;augmentation de l&rsquo;\u00e9nergie et de [&hellip;]<\/p>\n","protected":false},"featured_media":43634,"comment_status":"closed","ping_status":"closed","template":"","meta":[],"product_brand":[],"product_cat":[129,290,291],"product_tag":[],"class_list":{"0":"post-43645","1":"product","2":"type-product","3":"status-publish","4":"has-post-thumbnail","6":"product_cat-champignons-medicinaux","7":"product_cat-supplements-energetiques","8":"product_cat-supplements-pour-le-systeme-immunitaire","10":"first","11":"instock","12":"taxable","13":"shipping-taxable","14":"purchasable","15":"product-type-simple"},"yoast_head":"<!-- This site is optimized with the Yoast SEO Premium plugin v26.4 (Yoast SEO v27.4) - https:\/\/yoast.com\/product\/yoast-seo-premium-wordpress\/ -->\n<title>Cordyceps (Sinensis)- 120 Caps - Dutchmicrodosing<\/title>\n<meta name=\"robots\" content=\"index, follow, max-snippet:-1, max-image-preview:large, max-video-preview:-1\" \/>\n<link rel=\"canonical\" href=\"https:\/\/dutchmicrodosing.com\/fr\/champignons-medicinaux\/cordyceps-sinensis-120-caps\/\" \/>\n<meta property=\"og:locale\" content=\"fr_FR\" \/>\n<meta property=\"og:type\" content=\"article\" \/>\n<meta property=\"og:title\" content=\"Cordyceps (Sinensis)- 120 Caps\" \/>\n<meta property=\"og:description\" content=\"Cordyceps sinensis, aujourd&#039;hui souvent identifi\u00e9 comme Ophiocordyceps sinensis, est une esp\u00e8ce exceptionnelle dans le monde des champignons m\u00e9dicinaux,\" \/>\n<meta property=\"og:url\" content=\"https:\/\/dutchmicrodosing.com\/fr\/champignons-medicinaux\/cordyceps-sinensis-120-caps\/\" \/>\n<meta property=\"og:site_name\" content=\"Dutchmicrodosing\" \/>\n<meta property=\"article:publisher\" content=\"https:\/\/www.facebook.com\/Dutchmicrodosingxp\/\" \/>\n<meta property=\"article:modified_time\" content=\"2025-09-09T07:38:06+00:00\" \/>\n<meta property=\"og:image\" content=\"https:\/\/dutchmicrodosing.com\/wp-content\/uploads\/2024\/11\/Cordyceps-1.jpg\" \/>\n\t<meta property=\"og:image:width\" content=\"1000\" \/>\n\t<meta property=\"og:image:height\" content=\"1000\" \/>\n\t<meta property=\"og:image:type\" content=\"image\/jpeg\" \/>\n<meta name=\"twitter:card\" content=\"summary_large_image\" \/>\n<script type=\"application\/ld+json\" class=\"yoast-schema-graph\">{\"@context\":\"https:\\\/\\\/schema.org\",\"@graph\":[{\"@type\":\"WebPage\",\"@id\":\"https:\\\/\\\/dutchmicrodosing.com\\\/fr\\\/champignons-medicinaux\\\/cordyceps-sinensis-120-caps\\\/\",\"url\":\"https:\\\/\\\/dutchmicrodosing.com\\\/fr\\\/champignons-medicinaux\\\/cordyceps-sinensis-120-caps\\\/\",\"name\":\"Cordyceps (Sinensis)- 120 Caps - Dutchmicrodosing\",\"isPartOf\":{\"@id\":\"https:\\\/\\\/dutchmicrodosing.com\\\/fr\\\/#website\"},\"primaryImageOfPage\":{\"@id\":\"https:\\\/\\\/dutchmicrodosing.com\\\/fr\\\/champignons-medicinaux\\\/cordyceps-sinensis-120-caps\\\/#primaryimage\"},\"image\":{\"@id\":\"https:\\\/\\\/dutchmicrodosing.com\\\/fr\\\/champignons-medicinaux\\\/cordyceps-sinensis-120-caps\\\/#primaryimage\"},\"thumbnailUrl\":\"https:\\\/\\\/dutchmicrodosing.com\\\/wp-content\\\/uploads\\\/2024\\\/11\\\/Cordyceps-1.jpg\",\"datePublished\":\"2024-11-11T09:46:02+00:00\",\"dateModified\":\"2025-09-09T07:38:06+00:00\",\"breadcrumb\":{\"@id\":\"https:\\\/\\\/dutchmicrodosing.com\\\/fr\\\/champignons-medicinaux\\\/cordyceps-sinensis-120-caps\\\/#breadcrumb\"},\"inLanguage\":\"fr-FR\",\"potentialAction\":[{\"@type\":\"ReadAction\",\"target\":[\"https:\\\/\\\/dutchmicrodosing.com\\\/fr\\\/champignons-medicinaux\\\/cordyceps-sinensis-120-caps\\\/\"]}]},{\"@type\":\"ImageObject\",\"inLanguage\":\"fr-FR\",\"@id\":\"https:\\\/\\\/dutchmicrodosing.com\\\/fr\\\/champignons-medicinaux\\\/cordyceps-sinensis-120-caps\\\/#primaryimage\",\"url\":\"https:\\\/\\\/dutchmicrodosing.com\\\/wp-content\\\/uploads\\\/2024\\\/11\\\/Cordyceps-1.jpg\",\"contentUrl\":\"https:\\\/\\\/dutchmicrodosing.com\\\/wp-content\\\/uploads\\\/2024\\\/11\\\/Cordyceps-1.jpg\",\"width\":1000,\"height\":1000},{\"@type\":\"BreadcrumbList\",\"@id\":\"https:\\\/\\\/dutchmicrodosing.com\\\/fr\\\/champignons-medicinaux\\\/cordyceps-sinensis-120-caps\\\/#breadcrumb\",\"itemListElement\":[{\"@type\":\"ListItem\",\"position\":1,\"name\":\"Home\",\"item\":\"https:\\\/\\\/dutchmicrodosing.com\\\/fr\\\/\"},{\"@type\":\"ListItem\",\"position\":2,\"name\":\"Boutique\",\"item\":\"https:\\\/\\\/dutchmicrodosing.com\\\/fr\\\/boutique\\\/\"},{\"@type\":\"ListItem\",\"position\":3,\"name\":\"Cordyceps (Sinensis)- 120 Caps\"}]},{\"@type\":\"WebSite\",\"@id\":\"https:\\\/\\\/dutchmicrodosing.com\\\/fr\\\/#website\",\"url\":\"https:\\\/\\\/dutchmicrodosing.com\\\/fr\\\/\",\"name\":\"Dutchmicrodosing\",\"description\":\"\",\"publisher\":{\"@id\":\"https:\\\/\\\/dutchmicrodosing.com\\\/fr\\\/#organization\"},\"potentialAction\":[{\"@type\":\"SearchAction\",\"target\":{\"@type\":\"EntryPoint\",\"urlTemplate\":\"https:\\\/\\\/dutchmicrodosing.com\\\/fr\\\/?s={search_term_string}\"},\"query-input\":{\"@type\":\"PropertyValueSpecification\",\"valueRequired\":true,\"valueName\":\"search_term_string\"}}],\"inLanguage\":\"fr-FR\"},{\"@type\":\"Organization\",\"@id\":\"https:\\\/\\\/dutchmicrodosing.com\\\/fr\\\/#organization\",\"name\":\"Dutchmicrodosing\",\"url\":\"https:\\\/\\\/dutchmicrodosing.com\\\/fr\\\/\",\"logo\":{\"@type\":\"ImageObject\",\"inLanguage\":\"fr-FR\",\"@id\":\"https:\\\/\\\/dutchmicrodosing.com\\\/fr\\\/#\\\/schema\\\/logo\\\/image\\\/\",\"url\":\"https:\\\/\\\/dutchmicrodosing.com\\\/wp-content\\\/uploads\\\/2021\\\/01\\\/microdosing-categorie-pic-nieuw.jpg\",\"contentUrl\":\"https:\\\/\\\/dutchmicrodosing.com\\\/wp-content\\\/uploads\\\/2021\\\/01\\\/microdosing-categorie-pic-nieuw.jpg\",\"width\":500,\"height\":500,\"caption\":\"Dutchmicrodosing\"},\"image\":{\"@id\":\"https:\\\/\\\/dutchmicrodosing.com\\\/fr\\\/#\\\/schema\\\/logo\\\/image\\\/\"},\"sameAs\":[\"https:\\\/\\\/www.facebook.com\\\/Dutchmicrodosingxp\\\/\",\"https:\\\/\\\/www.instagram.com\\\/dutchmicrodosing\\\/\"]}]}<\/script>\n<meta property=\"product:price:amount\" content=\"34.95\" \/>\n<meta property=\"product:price:currency\" content=\"EUR\" \/>\n<meta property=\"og:availability\" content=\"instock\" \/>\n<meta property=\"product:availability\" content=\"instock\" \/>\n<meta property=\"product:retailer_item_id\" content=\"1203442\" \/>\n<meta property=\"product:condition\" content=\"new\" \/>\n<!-- \/ Yoast SEO Premium plugin. -->","yoast_head_json":{"title":"Cordyceps (Sinensis)- 120 Caps - Dutchmicrodosing","robots":{"index":"index","follow":"follow","max-snippet":"max-snippet:-1","max-image-preview":"max-image-preview:large","max-video-preview":"max-video-preview:-1"},"canonical":"https:\/\/dutchmicrodosing.com\/fr\/champignons-medicinaux\/cordyceps-sinensis-120-caps\/","og_locale":"fr_FR","og_type":"article","og_title":"Cordyceps (Sinensis)- 120 Caps","og_description":"Cordyceps sinensis, aujourd'hui souvent identifi\u00e9 comme Ophiocordyceps sinensis, est une esp\u00e8ce exceptionnelle dans le monde des champignons m\u00e9dicinaux,","og_url":"https:\/\/dutchmicrodosing.com\/fr\/champignons-medicinaux\/cordyceps-sinensis-120-caps\/","og_site_name":"Dutchmicrodosing","article_publisher":"https:\/\/www.facebook.com\/Dutchmicrodosingxp\/","article_modified_time":"2025-09-09T07:38:06+00:00","og_image":[{"width":1000,"height":1000,"url":"https:\/\/dutchmicrodosing.com\/wp-content\/uploads\/2024\/11\/Cordyceps-1.jpg","type":"image\/jpeg"}],"twitter_card":"summary_large_image","schema":{"@context":"https:\/\/schema.org","@graph":[{"@type":"WebPage","@id":"https:\/\/dutchmicrodosing.com\/fr\/champignons-medicinaux\/cordyceps-sinensis-120-caps\/","url":"https:\/\/dutchmicrodosing.com\/fr\/champignons-medicinaux\/cordyceps-sinensis-120-caps\/","name":"Cordyceps (Sinensis)- 120 Caps - Dutchmicrodosing","isPartOf":{"@id":"https:\/\/dutchmicrodosing.com\/fr\/#website"},"primaryImageOfPage":{"@id":"https:\/\/dutchmicrodosing.com\/fr\/champignons-medicinaux\/cordyceps-sinensis-120-caps\/#primaryimage"},"image":{"@id":"https:\/\/dutchmicrodosing.com\/fr\/champignons-medicinaux\/cordyceps-sinensis-120-caps\/#primaryimage"},"thumbnailUrl":"https:\/\/dutchmicrodosing.com\/wp-content\/uploads\/2024\/11\/Cordyceps-1.jpg","datePublished":"2024-11-11T09:46:02+00:00","dateModified":"2025-09-09T07:38:06+00:00","breadcrumb":{"@id":"https:\/\/dutchmicrodosing.com\/fr\/champignons-medicinaux\/cordyceps-sinensis-120-caps\/#breadcrumb"},"inLanguage":"fr-FR","potentialAction":[{"@type":"ReadAction","target":["https:\/\/dutchmicrodosing.com\/fr\/champignons-medicinaux\/cordyceps-sinensis-120-caps\/"]}]},{"@type":"ImageObject","inLanguage":"fr-FR","@id":"https:\/\/dutchmicrodosing.com\/fr\/champignons-medicinaux\/cordyceps-sinensis-120-caps\/#primaryimage","url":"https:\/\/dutchmicrodosing.com\/wp-content\/uploads\/2024\/11\/Cordyceps-1.jpg","contentUrl":"https:\/\/dutchmicrodosing.com\/wp-content\/uploads\/2024\/11\/Cordyceps-1.jpg","width":1000,"height":1000},{"@type":"BreadcrumbList","@id":"https:\/\/dutchmicrodosing.com\/fr\/champignons-medicinaux\/cordyceps-sinensis-120-caps\/#breadcrumb","itemListElement":[{"@type":"ListItem","position":1,"name":"Home","item":"https:\/\/dutchmicrodosing.com\/fr\/"},{"@type":"ListItem","position":2,"name":"Boutique","item":"https:\/\/dutchmicrodosing.com\/fr\/boutique\/"},{"@type":"ListItem","position":3,"name":"Cordyceps (Sinensis)- 120 Caps"}]},{"@type":"WebSite","@id":"https:\/\/dutchmicrodosing.com\/fr\/#website","url":"https:\/\/dutchmicrodosing.com\/fr\/","name":"Dutchmicrodosing","description":"","publisher":{"@id":"https:\/\/dutchmicrodosing.com\/fr\/#organization"},"potentialAction":[{"@type":"SearchAction","target":{"@type":"EntryPoint","urlTemplate":"https:\/\/dutchmicrodosing.com\/fr\/?s={search_term_string}"},"query-input":{"@type":"PropertyValueSpecification","valueRequired":true,"valueName":"search_term_string"}}],"inLanguage":"fr-FR"},{"@type":"Organization","@id":"https:\/\/dutchmicrodosing.com\/fr\/#organization","name":"Dutchmicrodosing","url":"https:\/\/dutchmicrodosing.com\/fr\/","logo":{"@type":"ImageObject","inLanguage":"fr-FR","@id":"https:\/\/dutchmicrodosing.com\/fr\/#\/schema\/logo\/image\/","url":"https:\/\/dutchmicrodosing.com\/wp-content\/uploads\/2021\/01\/microdosing-categorie-pic-nieuw.jpg","contentUrl":"https:\/\/dutchmicrodosing.com\/wp-content\/uploads\/2021\/01\/microdosing-categorie-pic-nieuw.jpg","width":500,"height":500,"caption":"Dutchmicrodosing"},"image":{"@id":"https:\/\/dutchmicrodosing.com\/fr\/#\/schema\/logo\/image\/"},"sameAs":["https:\/\/www.facebook.com\/Dutchmicrodosingxp\/","https:\/\/www.instagram.com\/dutchmicrodosing\/"]}]},"product_price_amount":"34.95","product_price_currency":"EUR","og_availability":"instock","product_availability":"instock","product_retailer_item_id":"1203442","product_condition":"new"},"_links":{"self":[{"href":"https:\/\/dutchmicrodosing.com\/fr\/wp-json\/wp\/v2\/product\/43645","targetHints":{"allow":["GET"]}}],"collection":[{"href":"https:\/\/dutchmicrodosing.com\/fr\/wp-json\/wp\/v2\/product"}],"about":[{"href":"https:\/\/dutchmicrodosing.com\/fr\/wp-json\/wp\/v2\/types\/product"}],"replies":[{"embeddable":true,"href":"https:\/\/dutchmicrodosing.com\/fr\/wp-json\/wp\/v2\/comments?post=43645"}],"version-history":[{"count":0,"href":"https:\/\/dutchmicrodosing.com\/fr\/wp-json\/wp\/v2\/product\/43645\/revisions"}],"wp:featuredmedia":[{"embeddable":true,"href":"https:\/\/dutchmicrodosing.com\/fr\/wp-json\/wp\/v2\/media\/43634"}],"wp:attachment":[{"href":"https:\/\/dutchmicrodosing.com\/fr\/wp-json\/wp\/v2\/media?parent=43645"}],"wp:term":[{"taxonomy":"product_brand","embeddable":true,"href":"https:\/\/dutchmicrodosing.com\/fr\/wp-json\/wp\/v2\/product_brand?post=43645"},{"taxonomy":"product_cat","embeddable":true,"href":"https:\/\/dutchmicrodosing.com\/fr\/wp-json\/wp\/v2\/product_cat?post=43645"},{"taxonomy":"product_tag","embeddable":true,"href":"https:\/\/dutchmicrodosing.com\/fr\/wp-json\/wp\/v2\/product_tag?post=43645"}],"curies":[{"name":"wp","href":"https:\/\/api.w.org\/{rel}","templated":true}]}}