{"id":43653,"date":"2024-10-26T12:41:24","date_gmt":"2024-10-26T10:41:24","guid":{"rendered":"https:\/\/dutchmicrodosing.com\/shop\/non%20class\u00e9\/marshmallow-shrooms-growkit-xl\/"},"modified":"2026-03-29T19:11:41","modified_gmt":"2026-03-29T17:11:41","slug":"marshmallow-shrooms-growkit","status":"publish","type":"product","link":"https:\/\/dutchmicrodosing.com\/fr\/champignons-magiques\/kit-de-culture-all-in-one\/marshmallow-shrooms-growkit\/","title":{"rendered":"Kit de Culture Champignons Guimauve"},"content":{"rendered":"<p>Entrez dans le monde du <strong>kit de culture Marshmallow Shrooms<\/strong>! Cette vari\u00e9t\u00e9 particuli\u00e8re de champignon hybride offre une exp\u00e9rience de culture unique et n&rsquo;a rien d&rsquo;ordinaire. Le nom \u00ab\u00a0Marshmallow\u00a0\u00bb sugg\u00e8re d\u00e9j\u00e0 un caract\u00e8re plein et puissant. Ces champignons se distinguent par leur grande taille, leur structure robuste et leurs effets intenses. Elles ont un aspect distinctif avec une tige ferme, blanche \u00e0 jaune p\u00e2le, et un chapeau qui va du brun clair \u00e0 l&rsquo;or. En grandissant, le chapeau peut s&rsquo;aplatir et, lorsqu&rsquo;il est contamin\u00e9, une teinte bleu\u00e2tre appara\u00eet souvent, caract\u00e9ristique des champignons contenant de la psilocybine. Le kit de culture Marshmallow Shrooms contient tout ce dont vous avez besoin pour d\u00e9marrer \u00e0 la maison, rendant la culture accessible et facile. D\u00e9couvrez les effets puissants et les visuels \u00e9clatants de ces champignons exclusifs !<\/p>\n<h2>Quels sont les effets du Marshmallow Shrooms Growkit ?<\/h2>\n<p>Le Marshmallow Shrooms est un kit de culture populaire de l&rsquo;esp\u00e8ce Psilocybe cubensis, connu pour ses effets puissants et sa riche exp\u00e9rience visuelle. Le voyage peut varier d&rsquo;une personne \u00e0 l&rsquo;autre, en fonction du dosage, de l&rsquo;environnement et de la sensibilit\u00e9, mais voici quelques effets courants :<\/p>\n<h3>Effets globaux des champignons guimauve<\/h3>\n<ul>\n<li>Hallucinations visuelles<\/li>\n<li>Changement de perception<\/li>\n<li>Joie et am\u00e9lioration de l&rsquo;humeur<\/li>\n<li>R\u00e9flexion sur soi et intensit\u00e9 \u00e9motionnelle<\/li>\n<li>Sensations physiques<\/li>\n<\/ul>\n<h3>Conseils essentiels<\/h3>\n<ul>\n<li><strong>Dosage<\/strong>: Commencez par une petite dose si vous ne connaissez pas encore cette vari\u00e9t\u00e9, afin que votre corps et votre esprit puissent s&rsquo;habituer tranquillement \u00e0 ses effets.<\/li>\n<li><strong>Environnement s\u00fbr<\/strong>: consommez des champignons magiques dans un espace familier et s\u00fbr, avec des personnes famili\u00e8res autour de vous, pour une exp\u00e9rience agr\u00e9able.<\/li>\n<li><strong>Accompagnateur<\/strong>: Pour les doses plus \u00e9lev\u00e9es, il est recommand\u00e9 d&rsquo;\u00eatre accompagn\u00e9 d&rsquo;une personne sobre, surtout s&rsquo;il s&rsquo;agit de la premi\u00e8re fois.<\/li>\n<\/ul>\n<p>En respectant le bon dosage et l&rsquo;environnement, les champignons guimauve peuvent offrir une exp\u00e9rience unique et enrichissante.<\/p>\n<h2>Instructions pour l&rsquo;installation du kit de culture de champignons Marshmallow<\/h2>\n<p>Vous pouvez t\u00e9l\u00e9charger les instructions ci-dessous. Prenez le temps de les lire attentivement avant de commencer \u00e0 utiliser votre kit.<\/p>\n<p><strong>TELECHARGER ICI : <a href=\"https:\/\/dutchmicrodosing.fr\/growkit_manual\/\">Manuel du kit de culture tout-en-un<\/a><\/strong><\/p>\n<h2>Rendement moyen du kit de culture de champignons de guimauve<\/h2>\n<p>Lorsque la culture est r\u00e9ussie, ce kit peut produire un rendement total d&rsquo;environ 500 grammes de champignons, r\u00e9partis sur plusieurs pouss\u00e9es.<\/p>\n<h2>Conseils de stockage<\/h2>\n<p>Pour conserver le kit de culture dans des conditions optimales, placez-le d\u00e8s r\u00e9ception au r\u00e9frig\u00e9rateur pendant 24 heures \u00e0 une temp\u00e9rature comprise entre 4 et 6 degr\u00e9s. Le kit peut \u00eatre conserv\u00e9 dans un r\u00e9frig\u00e9rateur propre jusqu&rsquo;\u00e0 3 mois, mais cela n&rsquo;est pas recommand\u00e9 en raison du risque accru de contamination.<\/p>\n<h2>Important<\/h2>\n<p>Les compos\u00e9s actifs de la psilocybine et de la psilocine contenus dans ces champignons ont un puissant effet psychique qui affecte les niveaux de s\u00e9rotonine dans le cerveau. Utilisez ces champignons de mani\u00e8re responsable et conservez-les hors de port\u00e9e des enfants.<\/p>\n<h2>Contenu du kit de culture<\/h2>\n<ul>\n<li>Un bac de culture rempli de 1200 cc de substrat<\/li>\n<li>Un sac de culture avec des filtres \u00e0 air<\/li>\n<li>Deux trombones pour fermer le sac<\/li>\n<\/ul>\n","protected":false},"excerpt":{"rendered":"<p>Entrez dans le monde du kit de culture Marshmallow Shrooms! Cette vari\u00e9t\u00e9 particuli\u00e8re de champignon hybride offre une exp\u00e9rience de culture unique et n&rsquo;a rien d&rsquo;ordinaire. Le nom \u00ab\u00a0Marshmallow\u00a0\u00bb sugg\u00e8re d\u00e9j\u00e0 un caract\u00e8re plein et puissant. Ces champignons se distinguent par leur grande taille, leur structure robuste et leurs effets intenses. Elles ont un aspect [&hellip;]<\/p>\n","protected":false},"featured_media":43344,"comment_status":"closed","ping_status":"closed","template":"","meta":[],"product_brand":[],"product_cat":[211],"product_tag":[],"class_list":{"0":"post-43653","1":"product","2":"type-product","3":"status-publish","4":"has-post-thumbnail","6":"product_cat-kit-de-culture-all-in-one","8":"first","9":"instock","10":"taxable","11":"shipping-taxable","12":"purchasable","13":"product-type-simple"},"yoast_head":"<!-- This site is optimized with the Yoast SEO Premium plugin v26.4 (Yoast SEO v27.2) - https:\/\/yoast.com\/product\/yoast-seo-premium-wordpress\/ -->\n<title>Kit de Culture Champignons Guimauve - Dutchmicrodosing<\/title>\n<meta name=\"description\" content=\"Le Marshmallow Shrooms Growkit XL est un kit d&#039;une vari\u00e9t\u00e9 de champignons hybrides sp\u00e9ciaux et offre une exp\u00e9rience de culture unique. Pour plus d&#039;informations, cliquez ici\" \/>\n<meta name=\"robots\" content=\"index, follow, max-snippet:-1, max-image-preview:large, max-video-preview:-1\" \/>\n<link rel=\"canonical\" href=\"https:\/\/dutchmicrodosing.com\/fr\/champignons-magiques\/kit-de-culture-all-in-one\/marshmallow-shrooms-growkit\/\" \/>\n<meta property=\"og:locale\" content=\"fr_FR\" \/>\n<meta property=\"og:type\" content=\"article\" \/>\n<meta property=\"og:title\" content=\"Kit de Culture Champignons Guimauve\" \/>\n<meta property=\"og:description\" content=\"Entrez dans le monde du kit de culture Marshmallow Shrooms! Cette vari\u00e9t\u00e9 particuli\u00e8re de champignon hybride offre une exp\u00e9rience de culture unique et n&#039;a\" \/>\n<meta property=\"og:url\" content=\"https:\/\/dutchmicrodosing.com\/fr\/champignons-magiques\/kit-de-culture-all-in-one\/marshmallow-shrooms-growkit\/\" \/>\n<meta property=\"og:site_name\" content=\"Dutchmicrodosing\" \/>\n<meta property=\"article:publisher\" content=\"https:\/\/www.facebook.com\/Dutchmicrodosingxp\/\" \/>\n<meta property=\"article:modified_time\" content=\"2026-03-29T17:11:41+00:00\" \/>\n<meta property=\"og:image\" content=\"https:\/\/dutchmicrodosing.com\/wp-content\/uploads\/2024\/10\/PHOTO-2024-10-22-14-26-20.jpg\" \/>\n\t<meta property=\"og:image:width\" content=\"1000\" \/>\n\t<meta property=\"og:image:height\" content=\"1000\" \/>\n\t<meta property=\"og:image:type\" content=\"image\/jpeg\" \/>\n<meta name=\"twitter:card\" content=\"summary_large_image\" \/>\n<script type=\"application\/ld+json\" class=\"yoast-schema-graph\">{\"@context\":\"https:\/\/schema.org\",\"@graph\":[{\"@type\":\"WebPage\",\"@id\":\"https:\/\/dutchmicrodosing.com\/fr\/champignons-magiques\/kit-de-culture-all-in-one\/marshmallow-shrooms-growkit\/\",\"url\":\"https:\/\/dutchmicrodosing.com\/fr\/champignons-magiques\/kit-de-culture-all-in-one\/marshmallow-shrooms-growkit\/\",\"name\":\"Kit de Culture Champignons Guimauve - Dutchmicrodosing\",\"isPartOf\":{\"@id\":\"https:\/\/dutchmicrodosing.com\/fr\/#website\"},\"primaryImageOfPage\":{\"@id\":\"https:\/\/dutchmicrodosing.com\/fr\/champignons-magiques\/kit-de-culture-all-in-one\/marshmallow-shrooms-growkit\/#primaryimage\"},\"image\":{\"@id\":\"https:\/\/dutchmicrodosing.com\/fr\/champignons-magiques\/kit-de-culture-all-in-one\/marshmallow-shrooms-growkit\/#primaryimage\"},\"thumbnailUrl\":\"https:\/\/dutchmicrodosing.com\/wp-content\/uploads\/2024\/10\/PHOTO-2024-10-22-14-26-20.jpg\",\"datePublished\":\"2024-10-26T10:41:24+00:00\",\"dateModified\":\"2026-03-29T17:11:41+00:00\",\"description\":\"Le Marshmallow Shrooms Growkit XL est un kit d'une vari\u00e9t\u00e9 de champignons hybrides sp\u00e9ciaux et offre une exp\u00e9rience de culture unique. Pour plus d'informations, cliquez ici\",\"breadcrumb\":{\"@id\":\"https:\/\/dutchmicrodosing.com\/fr\/champignons-magiques\/kit-de-culture-all-in-one\/marshmallow-shrooms-growkit\/#breadcrumb\"},\"inLanguage\":\"fr-FR\",\"potentialAction\":[{\"@type\":\"ReadAction\",\"target\":[\"https:\/\/dutchmicrodosing.com\/fr\/champignons-magiques\/kit-de-culture-all-in-one\/marshmallow-shrooms-growkit\/\"]}]},{\"@type\":\"ImageObject\",\"inLanguage\":\"fr-FR\",\"@id\":\"https:\/\/dutchmicrodosing.com\/fr\/champignons-magiques\/kit-de-culture-all-in-one\/marshmallow-shrooms-growkit\/#primaryimage\",\"url\":\"https:\/\/dutchmicrodosing.com\/wp-content\/uploads\/2024\/10\/PHOTO-2024-10-22-14-26-20.jpg\",\"contentUrl\":\"https:\/\/dutchmicrodosing.com\/wp-content\/uploads\/2024\/10\/PHOTO-2024-10-22-14-26-20.jpg\",\"width\":1000,\"height\":1000},{\"@type\":\"BreadcrumbList\",\"@id\":\"https:\/\/dutchmicrodosing.com\/fr\/champignons-magiques\/kit-de-culture-all-in-one\/marshmallow-shrooms-growkit\/#breadcrumb\",\"itemListElement\":[{\"@type\":\"ListItem\",\"position\":1,\"name\":\"Home\",\"item\":\"https:\/\/dutchmicrodosing.com\/fr\/\"},{\"@type\":\"ListItem\",\"position\":2,\"name\":\"Boutique\",\"item\":\"https:\/\/dutchmicrodosing.com\/fr\/boutique\/\"},{\"@type\":\"ListItem\",\"position\":3,\"name\":\"Kit de Culture Champignons Guimauve\"}]},{\"@type\":\"WebSite\",\"@id\":\"https:\/\/dutchmicrodosing.com\/fr\/#website\",\"url\":\"https:\/\/dutchmicrodosing.com\/fr\/\",\"name\":\"Dutchmicrodosing\",\"description\":\"\",\"publisher\":{\"@id\":\"https:\/\/dutchmicrodosing.com\/fr\/#organization\"},\"potentialAction\":[{\"@type\":\"SearchAction\",\"target\":{\"@type\":\"EntryPoint\",\"urlTemplate\":\"https:\/\/dutchmicrodosing.com\/fr\/?s={search_term_string}\"},\"query-input\":{\"@type\":\"PropertyValueSpecification\",\"valueRequired\":true,\"valueName\":\"search_term_string\"}}],\"inLanguage\":\"fr-FR\"},{\"@type\":\"Organization\",\"@id\":\"https:\/\/dutchmicrodosing.com\/fr\/#organization\",\"name\":\"Dutchmicrodosing\",\"url\":\"https:\/\/dutchmicrodosing.com\/fr\/\",\"logo\":{\"@type\":\"ImageObject\",\"inLanguage\":\"fr-FR\",\"@id\":\"https:\/\/dutchmicrodosing.com\/fr\/#\/schema\/logo\/image\/\",\"url\":\"https:\/\/dutchmicrodosing.com\/wp-content\/uploads\/2021\/01\/microdosing-categorie-pic-nieuw.jpg\",\"contentUrl\":\"https:\/\/dutchmicrodosing.com\/wp-content\/uploads\/2021\/01\/microdosing-categorie-pic-nieuw.jpg\",\"width\":500,\"height\":500,\"caption\":\"Dutchmicrodosing\"},\"image\":{\"@id\":\"https:\/\/dutchmicrodosing.com\/fr\/#\/schema\/logo\/image\/\"},\"sameAs\":[\"https:\/\/www.facebook.com\/Dutchmicrodosingxp\/\",\"https:\/\/www.instagram.com\/dutchmicrodosing\/\"]}]}<\/script>\n<meta property=\"product:price:amount\" content=\"44.95\" \/>\n<meta property=\"product:price:currency\" content=\"EUR\" \/>\n<meta property=\"og:availability\" content=\"instock\" \/>\n<meta property=\"product:availability\" content=\"instock\" \/>\n<meta property=\"product:retailer_item_id\" content=\"4212194\" \/>\n<meta property=\"product:condition\" content=\"new\" \/>\n<!-- \/ Yoast SEO Premium plugin. -->","yoast_head_json":{"title":"Kit de Culture Champignons Guimauve - Dutchmicrodosing","description":"Le Marshmallow Shrooms Growkit XL est un kit d'une vari\u00e9t\u00e9 de champignons hybrides sp\u00e9ciaux et offre une exp\u00e9rience de culture unique. Pour plus d'informations, cliquez ici","robots":{"index":"index","follow":"follow","max-snippet":"max-snippet:-1","max-image-preview":"max-image-preview:large","max-video-preview":"max-video-preview:-1"},"canonical":"https:\/\/dutchmicrodosing.com\/fr\/champignons-magiques\/kit-de-culture-all-in-one\/marshmallow-shrooms-growkit\/","og_locale":"fr_FR","og_type":"article","og_title":"Kit de Culture Champignons Guimauve","og_description":"Entrez dans le monde du kit de culture Marshmallow Shrooms! Cette vari\u00e9t\u00e9 particuli\u00e8re de champignon hybride offre une exp\u00e9rience de culture unique et n'a","og_url":"https:\/\/dutchmicrodosing.com\/fr\/champignons-magiques\/kit-de-culture-all-in-one\/marshmallow-shrooms-growkit\/","og_site_name":"Dutchmicrodosing","article_publisher":"https:\/\/www.facebook.com\/Dutchmicrodosingxp\/","article_modified_time":"2026-03-29T17:11:41+00:00","og_image":[{"width":1000,"height":1000,"url":"https:\/\/dutchmicrodosing.com\/wp-content\/uploads\/2024\/10\/PHOTO-2024-10-22-14-26-20.jpg","type":"image\/jpeg"}],"twitter_card":"summary_large_image","schema":{"@context":"https:\/\/schema.org","@graph":[{"@type":"WebPage","@id":"https:\/\/dutchmicrodosing.com\/fr\/champignons-magiques\/kit-de-culture-all-in-one\/marshmallow-shrooms-growkit\/","url":"https:\/\/dutchmicrodosing.com\/fr\/champignons-magiques\/kit-de-culture-all-in-one\/marshmallow-shrooms-growkit\/","name":"Kit de Culture Champignons Guimauve - Dutchmicrodosing","isPartOf":{"@id":"https:\/\/dutchmicrodosing.com\/fr\/#website"},"primaryImageOfPage":{"@id":"https:\/\/dutchmicrodosing.com\/fr\/champignons-magiques\/kit-de-culture-all-in-one\/marshmallow-shrooms-growkit\/#primaryimage"},"image":{"@id":"https:\/\/dutchmicrodosing.com\/fr\/champignons-magiques\/kit-de-culture-all-in-one\/marshmallow-shrooms-growkit\/#primaryimage"},"thumbnailUrl":"https:\/\/dutchmicrodosing.com\/wp-content\/uploads\/2024\/10\/PHOTO-2024-10-22-14-26-20.jpg","datePublished":"2024-10-26T10:41:24+00:00","dateModified":"2026-03-29T17:11:41+00:00","description":"Le Marshmallow Shrooms Growkit XL est un kit d'une vari\u00e9t\u00e9 de champignons hybrides sp\u00e9ciaux et offre une exp\u00e9rience de culture unique. Pour plus d'informations, cliquez ici","breadcrumb":{"@id":"https:\/\/dutchmicrodosing.com\/fr\/champignons-magiques\/kit-de-culture-all-in-one\/marshmallow-shrooms-growkit\/#breadcrumb"},"inLanguage":"fr-FR","potentialAction":[{"@type":"ReadAction","target":["https:\/\/dutchmicrodosing.com\/fr\/champignons-magiques\/kit-de-culture-all-in-one\/marshmallow-shrooms-growkit\/"]}]},{"@type":"ImageObject","inLanguage":"fr-FR","@id":"https:\/\/dutchmicrodosing.com\/fr\/champignons-magiques\/kit-de-culture-all-in-one\/marshmallow-shrooms-growkit\/#primaryimage","url":"https:\/\/dutchmicrodosing.com\/wp-content\/uploads\/2024\/10\/PHOTO-2024-10-22-14-26-20.jpg","contentUrl":"https:\/\/dutchmicrodosing.com\/wp-content\/uploads\/2024\/10\/PHOTO-2024-10-22-14-26-20.jpg","width":1000,"height":1000},{"@type":"BreadcrumbList","@id":"https:\/\/dutchmicrodosing.com\/fr\/champignons-magiques\/kit-de-culture-all-in-one\/marshmallow-shrooms-growkit\/#breadcrumb","itemListElement":[{"@type":"ListItem","position":1,"name":"Home","item":"https:\/\/dutchmicrodosing.com\/fr\/"},{"@type":"ListItem","position":2,"name":"Boutique","item":"https:\/\/dutchmicrodosing.com\/fr\/boutique\/"},{"@type":"ListItem","position":3,"name":"Kit de Culture Champignons Guimauve"}]},{"@type":"WebSite","@id":"https:\/\/dutchmicrodosing.com\/fr\/#website","url":"https:\/\/dutchmicrodosing.com\/fr\/","name":"Dutchmicrodosing","description":"","publisher":{"@id":"https:\/\/dutchmicrodosing.com\/fr\/#organization"},"potentialAction":[{"@type":"SearchAction","target":{"@type":"EntryPoint","urlTemplate":"https:\/\/dutchmicrodosing.com\/fr\/?s={search_term_string}"},"query-input":{"@type":"PropertyValueSpecification","valueRequired":true,"valueName":"search_term_string"}}],"inLanguage":"fr-FR"},{"@type":"Organization","@id":"https:\/\/dutchmicrodosing.com\/fr\/#organization","name":"Dutchmicrodosing","url":"https:\/\/dutchmicrodosing.com\/fr\/","logo":{"@type":"ImageObject","inLanguage":"fr-FR","@id":"https:\/\/dutchmicrodosing.com\/fr\/#\/schema\/logo\/image\/","url":"https:\/\/dutchmicrodosing.com\/wp-content\/uploads\/2021\/01\/microdosing-categorie-pic-nieuw.jpg","contentUrl":"https:\/\/dutchmicrodosing.com\/wp-content\/uploads\/2021\/01\/microdosing-categorie-pic-nieuw.jpg","width":500,"height":500,"caption":"Dutchmicrodosing"},"image":{"@id":"https:\/\/dutchmicrodosing.com\/fr\/#\/schema\/logo\/image\/"},"sameAs":["https:\/\/www.facebook.com\/Dutchmicrodosingxp\/","https:\/\/www.instagram.com\/dutchmicrodosing\/"]}]},"product_price_amount":"44.95","product_price_currency":"EUR","og_availability":"instock","product_availability":"instock","product_retailer_item_id":"4212194","product_condition":"new"},"_links":{"self":[{"href":"https:\/\/dutchmicrodosing.com\/fr\/wp-json\/wp\/v2\/product\/43653","targetHints":{"allow":["GET"]}}],"collection":[{"href":"https:\/\/dutchmicrodosing.com\/fr\/wp-json\/wp\/v2\/product"}],"about":[{"href":"https:\/\/dutchmicrodosing.com\/fr\/wp-json\/wp\/v2\/types\/product"}],"replies":[{"embeddable":true,"href":"https:\/\/dutchmicrodosing.com\/fr\/wp-json\/wp\/v2\/comments?post=43653"}],"version-history":[{"count":0,"href":"https:\/\/dutchmicrodosing.com\/fr\/wp-json\/wp\/v2\/product\/43653\/revisions"}],"wp:featuredmedia":[{"embeddable":true,"href":"https:\/\/dutchmicrodosing.com\/fr\/wp-json\/wp\/v2\/media\/43344"}],"wp:attachment":[{"href":"https:\/\/dutchmicrodosing.com\/fr\/wp-json\/wp\/v2\/media?parent=43653"}],"wp:term":[{"taxonomy":"product_brand","embeddable":true,"href":"https:\/\/dutchmicrodosing.com\/fr\/wp-json\/wp\/v2\/product_brand?post=43653"},{"taxonomy":"product_cat","embeddable":true,"href":"https:\/\/dutchmicrodosing.com\/fr\/wp-json\/wp\/v2\/product_cat?post=43653"},{"taxonomy":"product_tag","embeddable":true,"href":"https:\/\/dutchmicrodosing.com\/fr\/wp-json\/wp\/v2\/product_tag?post=43653"}],"curies":[{"name":"wp","href":"https:\/\/api.w.org\/{rel}","templated":true}]}}