{"id":43660,"date":"2024-09-26T08:07:42","date_gmt":"2024-09-26T06:07:42","guid":{"rendered":"https:\/\/dutchmicrodosing.com\/shop\/non%20class\u00e9\/microdose-synergy-60-capsules\/"},"modified":"2026-04-14T17:56:37","modified_gmt":"2026-04-14T15:56:37","slug":"microdose-synergy-60-capsules","status":"publish","type":"product","link":"https:\/\/dutchmicrodosing.com\/fr\/microdosage\/microdose-synergy-60-capsules\/","title":{"rendered":"Microdose Synergy &#8211; 60 Capsules"},"content":{"rendered":"<p>D\u00e9couvrez le puissant m\u00e9lange de la nature et de la science avec <strong>Microdose Synergy Lion&rsquo;s Mane <\/strong>with Niacin, sp\u00e9cialement formul\u00e9 pour soutenir votre clart\u00e9 mentale, votre concentration et votre bien-\u00eatre g\u00e9n\u00e9ral. Cette formule unique associe les bienfaits cognitifs du crin de lion aux effets stimulants de la niacine pour vous aider \u00e0 tirer le meilleur parti de la neuroplasticit\u00e9 et des performances mentales.<\/p>\n<h3>Synergie microdose de crini\u00e8re de lion et de niacine<\/h3>\n<p><strong>Crini\u00e8re de lion<\/strong><br \/>\nLe crin de lion, champignon m\u00e9dicinal r\u00e9put\u00e9, est utilis\u00e9 depuis des si\u00e8cles dans la m\u00e9decine traditionnelle pour son potentiel \u00e0 stimuler la croissance des cellules nerveuses. Il est connu pour ses effets b\u00e9n\u00e9fiques sur le syst\u00e8me nerveux et les fonctions cognitives.<\/p>\n<p><strong>Niacine (Vitamine B3)<\/strong><br \/>\nLa niacine contribue \u00e0 am\u00e9liorer la microcirculation, ce qui optimise l&rsquo;absorption des nutriments et favorise le fonctionnement du cerveau et du syst\u00e8me nerveux.<\/p>\n<p><strong>Synergie des ingr\u00e9dients<\/strong><br \/>\nLa combinaison de crini\u00e8re de lion et de niacine dans Microdose Synergie McMyco offre une formule unique qui peut contribuer \u00e0.. :<\/p>\n<ul>\n<li>Am\u00e9lioration de la concentration et de la focalisation<\/li>\n<li>Plus de clart\u00e9 mentale<\/li>\n<li>Un soutien naturel pour votre productivit\u00e9 quotidienne<\/li>\n<\/ul>\n<h3>Ingr\u00e9dients par g\u00e9lule v\u00e9g\u00e9talienne<\/h3>\n<ul>\n<li>300 mg de crini\u00e8re de lion biologique<\/li>\n<li>50 mg de niacine<\/li>\n<li>25 mg d&rsquo;extrait de romarin<\/li>\n<li>25 mg d&rsquo;acide ascorbique<\/li>\n<\/ul>\n<h3>Utilisation<\/h3>\n<p>Prendre 1 g\u00e9lule jusqu&rsquo;\u00e0 2 fois par jour avec de l&rsquo;eau, de pr\u00e9f\u00e9rence au cours d&rsquo;un repas. Pour de meilleurs r\u00e9sultats, combinez cette m\u00e9thode avec le microdosage.<\/p>\n<h3>Conseils de stockage<\/h3>\n<p>Conservez le produit dans un endroit sec, frais et sombre, tel qu&rsquo;un placard de cuisine. Tenez-le hors de port\u00e9e des enfants.<\/p>\n<h3>Contenu<\/h3>\n<p>McMyco Microdose Synergy &#8211; 60 g\u00e9lules<\/p>\n","protected":false},"excerpt":{"rendered":"<p>D\u00e9couvrez le puissant m\u00e9lange de la nature et de la science avec Microdose Synergy Lion&rsquo;s Mane with Niacin, sp\u00e9cialement formul\u00e9 pour soutenir votre clart\u00e9 mentale, votre concentration et votre bien-\u00eatre g\u00e9n\u00e9ral. Cette formule unique associe les bienfaits cognitifs du crin de lion aux effets stimulants de la niacine pour vous aider \u00e0 tirer le meilleur [&hellip;]<\/p>\n","protected":false},"featured_media":42823,"comment_status":"closed","ping_status":"closed","template":"","meta":[],"product_brand":[],"product_cat":[129,100,321,316,291,131],"product_tag":[],"class_list":{"0":"post-43660","1":"product","2":"type-product","3":"status-publish","4":"has-post-thumbnail","6":"product_cat-champignons-medicinaux","7":"product_cat-microdosage","8":"product_cat-supplements-pour-la-concentration","9":"product_cat-supplements-pour-la-creativite","10":"product_cat-supplements-pour-le-systeme-immunitaire","11":"product_cat-vitamines-et-supplements","13":"first","14":"instock","15":"taxable","16":"shipping-taxable","17":"purchasable","18":"product-type-simple"},"yoast_head":"<!-- This site is optimized with the Yoast SEO Premium plugin v26.4 (Yoast SEO v27.2) - https:\/\/yoast.com\/product\/yoast-seo-premium-wordpress\/ -->\n<title>Microdose Synergy - 60 Capsules - Dutchmicrodosing<\/title>\n<meta name=\"description\" content=\"Microdose Synergie - 60 g\u00e9lules avec crini\u00e8re de lion et niacine maintenant disponible chez Dutchmicrodosing ! Peut \u00eatre combin\u00e9 avec des truffes microdos\u00e9es ou des champignons magiques !\" \/>\n<meta name=\"robots\" content=\"index, follow, max-snippet:-1, max-image-preview:large, max-video-preview:-1\" \/>\n<link rel=\"canonical\" href=\"https:\/\/dutchmicrodosing.com\/fr\/microdosage\/microdose-synergy-60-capsules\/\" \/>\n<meta property=\"og:locale\" content=\"fr_FR\" \/>\n<meta property=\"og:type\" content=\"article\" \/>\n<meta property=\"og:title\" content=\"Microdose Synergy - 60 Capsules\" \/>\n<meta property=\"og:description\" content=\"D\u00e9couvrez le puissant m\u00e9lange de la nature et de la science avec Microdose Synergy Lion&#039;s Mane with Niacin, sp\u00e9cialement formul\u00e9 pour soutenir votre\" \/>\n<meta property=\"og:url\" content=\"https:\/\/dutchmicrodosing.com\/fr\/microdosage\/microdose-synergy-60-capsules\/\" \/>\n<meta property=\"og:site_name\" content=\"Dutchmicrodosing\" \/>\n<meta property=\"article:publisher\" content=\"https:\/\/www.facebook.com\/Dutchmicrodosingxp\/\" \/>\n<meta property=\"article:modified_time\" content=\"2026-04-14T15:56:37+00:00\" \/>\n<meta property=\"og:image\" content=\"https:\/\/dutchmicrodosing.com\/wp-content\/uploads\/2024\/09\/Microdose_syn_01.jpg\" \/>\n\t<meta property=\"og:image:width\" content=\"1000\" \/>\n\t<meta property=\"og:image:height\" content=\"1000\" \/>\n\t<meta property=\"og:image:type\" content=\"image\/jpeg\" \/>\n<meta name=\"twitter:card\" content=\"summary_large_image\" \/>\n<script type=\"application\/ld+json\" class=\"yoast-schema-graph\">{\"@context\":\"https:\/\/schema.org\",\"@graph\":[{\"@type\":\"WebPage\",\"@id\":\"https:\/\/dutchmicrodosing.com\/fr\/microdosage\/microdose-synergy-60-capsules\/\",\"url\":\"https:\/\/dutchmicrodosing.com\/fr\/microdosage\/microdose-synergy-60-capsules\/\",\"name\":\"Microdose Synergy - 60 Capsules - Dutchmicrodosing\",\"isPartOf\":{\"@id\":\"https:\/\/dutchmicrodosing.com\/fr\/#website\"},\"primaryImageOfPage\":{\"@id\":\"https:\/\/dutchmicrodosing.com\/fr\/microdosage\/microdose-synergy-60-capsules\/#primaryimage\"},\"image\":{\"@id\":\"https:\/\/dutchmicrodosing.com\/fr\/microdosage\/microdose-synergy-60-capsules\/#primaryimage\"},\"thumbnailUrl\":\"https:\/\/dutchmicrodosing.com\/wp-content\/uploads\/2024\/09\/Microdose_syn_01.jpg\",\"datePublished\":\"2024-09-26T06:07:42+00:00\",\"dateModified\":\"2026-04-14T15:56:37+00:00\",\"description\":\"Microdose Synergie - 60 g\u00e9lules avec crini\u00e8re de lion et niacine maintenant disponible chez Dutchmicrodosing ! Peut \u00eatre combin\u00e9 avec des truffes microdos\u00e9es ou des champignons magiques !\",\"breadcrumb\":{\"@id\":\"https:\/\/dutchmicrodosing.com\/fr\/microdosage\/microdose-synergy-60-capsules\/#breadcrumb\"},\"inLanguage\":\"fr-FR\",\"potentialAction\":[{\"@type\":\"ReadAction\",\"target\":[\"https:\/\/dutchmicrodosing.com\/fr\/microdosage\/microdose-synergy-60-capsules\/\"]}]},{\"@type\":\"ImageObject\",\"inLanguage\":\"fr-FR\",\"@id\":\"https:\/\/dutchmicrodosing.com\/fr\/microdosage\/microdose-synergy-60-capsules\/#primaryimage\",\"url\":\"https:\/\/dutchmicrodosing.com\/wp-content\/uploads\/2024\/09\/Microdose_syn_01.jpg\",\"contentUrl\":\"https:\/\/dutchmicrodosing.com\/wp-content\/uploads\/2024\/09\/Microdose_syn_01.jpg\",\"width\":1000,\"height\":1000},{\"@type\":\"BreadcrumbList\",\"@id\":\"https:\/\/dutchmicrodosing.com\/fr\/microdosage\/microdose-synergy-60-capsules\/#breadcrumb\",\"itemListElement\":[{\"@type\":\"ListItem\",\"position\":1,\"name\":\"Home\",\"item\":\"https:\/\/dutchmicrodosing.com\/fr\/\"},{\"@type\":\"ListItem\",\"position\":2,\"name\":\"Boutique\",\"item\":\"https:\/\/dutchmicrodosing.com\/fr\/boutique\/\"},{\"@type\":\"ListItem\",\"position\":3,\"name\":\"Microdose Synergy &#8211; 60 Capsules\"}]},{\"@type\":\"WebSite\",\"@id\":\"https:\/\/dutchmicrodosing.com\/fr\/#website\",\"url\":\"https:\/\/dutchmicrodosing.com\/fr\/\",\"name\":\"Dutchmicrodosing\",\"description\":\"\",\"publisher\":{\"@id\":\"https:\/\/dutchmicrodosing.com\/fr\/#organization\"},\"potentialAction\":[{\"@type\":\"SearchAction\",\"target\":{\"@type\":\"EntryPoint\",\"urlTemplate\":\"https:\/\/dutchmicrodosing.com\/fr\/?s={search_term_string}\"},\"query-input\":{\"@type\":\"PropertyValueSpecification\",\"valueRequired\":true,\"valueName\":\"search_term_string\"}}],\"inLanguage\":\"fr-FR\"},{\"@type\":\"Organization\",\"@id\":\"https:\/\/dutchmicrodosing.com\/fr\/#organization\",\"name\":\"Dutchmicrodosing\",\"url\":\"https:\/\/dutchmicrodosing.com\/fr\/\",\"logo\":{\"@type\":\"ImageObject\",\"inLanguage\":\"fr-FR\",\"@id\":\"https:\/\/dutchmicrodosing.com\/fr\/#\/schema\/logo\/image\/\",\"url\":\"https:\/\/dutchmicrodosing.com\/wp-content\/uploads\/2021\/01\/microdosing-categorie-pic-nieuw.jpg\",\"contentUrl\":\"https:\/\/dutchmicrodosing.com\/wp-content\/uploads\/2021\/01\/microdosing-categorie-pic-nieuw.jpg\",\"width\":500,\"height\":500,\"caption\":\"Dutchmicrodosing\"},\"image\":{\"@id\":\"https:\/\/dutchmicrodosing.com\/fr\/#\/schema\/logo\/image\/\"},\"sameAs\":[\"https:\/\/www.facebook.com\/Dutchmicrodosingxp\/\",\"https:\/\/www.instagram.com\/dutchmicrodosing\/\"]}]}<\/script>\n<meta property=\"product:price:amount\" content=\"17.95\" \/>\n<meta property=\"product:price:currency\" content=\"EUR\" \/>\n<meta property=\"og:availability\" content=\"instock\" \/>\n<meta property=\"product:availability\" content=\"instock\" \/>\n<meta property=\"product:retailer_item_id\" content=\"4209769\" \/>\n<meta property=\"product:condition\" content=\"new\" \/>\n<!-- \/ Yoast SEO Premium plugin. -->","yoast_head_json":{"title":"Microdose Synergy - 60 Capsules - Dutchmicrodosing","description":"Microdose Synergie - 60 g\u00e9lules avec crini\u00e8re de lion et niacine maintenant disponible chez Dutchmicrodosing ! Peut \u00eatre combin\u00e9 avec des truffes microdos\u00e9es ou des champignons magiques !","robots":{"index":"index","follow":"follow","max-snippet":"max-snippet:-1","max-image-preview":"max-image-preview:large","max-video-preview":"max-video-preview:-1"},"canonical":"https:\/\/dutchmicrodosing.com\/fr\/microdosage\/microdose-synergy-60-capsules\/","og_locale":"fr_FR","og_type":"article","og_title":"Microdose Synergy - 60 Capsules","og_description":"D\u00e9couvrez le puissant m\u00e9lange de la nature et de la science avec Microdose Synergy Lion's Mane with Niacin, sp\u00e9cialement formul\u00e9 pour soutenir votre","og_url":"https:\/\/dutchmicrodosing.com\/fr\/microdosage\/microdose-synergy-60-capsules\/","og_site_name":"Dutchmicrodosing","article_publisher":"https:\/\/www.facebook.com\/Dutchmicrodosingxp\/","article_modified_time":"2026-04-14T15:56:37+00:00","og_image":[{"width":1000,"height":1000,"url":"https:\/\/dutchmicrodosing.com\/wp-content\/uploads\/2024\/09\/Microdose_syn_01.jpg","type":"image\/jpeg"}],"twitter_card":"summary_large_image","schema":{"@context":"https:\/\/schema.org","@graph":[{"@type":"WebPage","@id":"https:\/\/dutchmicrodosing.com\/fr\/microdosage\/microdose-synergy-60-capsules\/","url":"https:\/\/dutchmicrodosing.com\/fr\/microdosage\/microdose-synergy-60-capsules\/","name":"Microdose Synergy - 60 Capsules - Dutchmicrodosing","isPartOf":{"@id":"https:\/\/dutchmicrodosing.com\/fr\/#website"},"primaryImageOfPage":{"@id":"https:\/\/dutchmicrodosing.com\/fr\/microdosage\/microdose-synergy-60-capsules\/#primaryimage"},"image":{"@id":"https:\/\/dutchmicrodosing.com\/fr\/microdosage\/microdose-synergy-60-capsules\/#primaryimage"},"thumbnailUrl":"https:\/\/dutchmicrodosing.com\/wp-content\/uploads\/2024\/09\/Microdose_syn_01.jpg","datePublished":"2024-09-26T06:07:42+00:00","dateModified":"2026-04-14T15:56:37+00:00","description":"Microdose Synergie - 60 g\u00e9lules avec crini\u00e8re de lion et niacine maintenant disponible chez Dutchmicrodosing ! Peut \u00eatre combin\u00e9 avec des truffes microdos\u00e9es ou des champignons magiques !","breadcrumb":{"@id":"https:\/\/dutchmicrodosing.com\/fr\/microdosage\/microdose-synergy-60-capsules\/#breadcrumb"},"inLanguage":"fr-FR","potentialAction":[{"@type":"ReadAction","target":["https:\/\/dutchmicrodosing.com\/fr\/microdosage\/microdose-synergy-60-capsules\/"]}]},{"@type":"ImageObject","inLanguage":"fr-FR","@id":"https:\/\/dutchmicrodosing.com\/fr\/microdosage\/microdose-synergy-60-capsules\/#primaryimage","url":"https:\/\/dutchmicrodosing.com\/wp-content\/uploads\/2024\/09\/Microdose_syn_01.jpg","contentUrl":"https:\/\/dutchmicrodosing.com\/wp-content\/uploads\/2024\/09\/Microdose_syn_01.jpg","width":1000,"height":1000},{"@type":"BreadcrumbList","@id":"https:\/\/dutchmicrodosing.com\/fr\/microdosage\/microdose-synergy-60-capsules\/#breadcrumb","itemListElement":[{"@type":"ListItem","position":1,"name":"Home","item":"https:\/\/dutchmicrodosing.com\/fr\/"},{"@type":"ListItem","position":2,"name":"Boutique","item":"https:\/\/dutchmicrodosing.com\/fr\/boutique\/"},{"@type":"ListItem","position":3,"name":"Microdose Synergy &#8211; 60 Capsules"}]},{"@type":"WebSite","@id":"https:\/\/dutchmicrodosing.com\/fr\/#website","url":"https:\/\/dutchmicrodosing.com\/fr\/","name":"Dutchmicrodosing","description":"","publisher":{"@id":"https:\/\/dutchmicrodosing.com\/fr\/#organization"},"potentialAction":[{"@type":"SearchAction","target":{"@type":"EntryPoint","urlTemplate":"https:\/\/dutchmicrodosing.com\/fr\/?s={search_term_string}"},"query-input":{"@type":"PropertyValueSpecification","valueRequired":true,"valueName":"search_term_string"}}],"inLanguage":"fr-FR"},{"@type":"Organization","@id":"https:\/\/dutchmicrodosing.com\/fr\/#organization","name":"Dutchmicrodosing","url":"https:\/\/dutchmicrodosing.com\/fr\/","logo":{"@type":"ImageObject","inLanguage":"fr-FR","@id":"https:\/\/dutchmicrodosing.com\/fr\/#\/schema\/logo\/image\/","url":"https:\/\/dutchmicrodosing.com\/wp-content\/uploads\/2021\/01\/microdosing-categorie-pic-nieuw.jpg","contentUrl":"https:\/\/dutchmicrodosing.com\/wp-content\/uploads\/2021\/01\/microdosing-categorie-pic-nieuw.jpg","width":500,"height":500,"caption":"Dutchmicrodosing"},"image":{"@id":"https:\/\/dutchmicrodosing.com\/fr\/#\/schema\/logo\/image\/"},"sameAs":["https:\/\/www.facebook.com\/Dutchmicrodosingxp\/","https:\/\/www.instagram.com\/dutchmicrodosing\/"]}]},"product_price_amount":"17.95","product_price_currency":"EUR","og_availability":"instock","product_availability":"instock","product_retailer_item_id":"4209769","product_condition":"new"},"_links":{"self":[{"href":"https:\/\/dutchmicrodosing.com\/fr\/wp-json\/wp\/v2\/product\/43660","targetHints":{"allow":["GET"]}}],"collection":[{"href":"https:\/\/dutchmicrodosing.com\/fr\/wp-json\/wp\/v2\/product"}],"about":[{"href":"https:\/\/dutchmicrodosing.com\/fr\/wp-json\/wp\/v2\/types\/product"}],"replies":[{"embeddable":true,"href":"https:\/\/dutchmicrodosing.com\/fr\/wp-json\/wp\/v2\/comments?post=43660"}],"version-history":[{"count":0,"href":"https:\/\/dutchmicrodosing.com\/fr\/wp-json\/wp\/v2\/product\/43660\/revisions"}],"wp:featuredmedia":[{"embeddable":true,"href":"https:\/\/dutchmicrodosing.com\/fr\/wp-json\/wp\/v2\/media\/42823"}],"wp:attachment":[{"href":"https:\/\/dutchmicrodosing.com\/fr\/wp-json\/wp\/v2\/media?parent=43660"}],"wp:term":[{"taxonomy":"product_brand","embeddable":true,"href":"https:\/\/dutchmicrodosing.com\/fr\/wp-json\/wp\/v2\/product_brand?post=43660"},{"taxonomy":"product_cat","embeddable":true,"href":"https:\/\/dutchmicrodosing.com\/fr\/wp-json\/wp\/v2\/product_cat?post=43660"},{"taxonomy":"product_tag","embeddable":true,"href":"https:\/\/dutchmicrodosing.com\/fr\/wp-json\/wp\/v2\/product_tag?post=43660"}],"curies":[{"name":"wp","href":"https:\/\/api.w.org\/{rel}","templated":true}]}}