{"id":44188,"date":"2024-11-25T09:42:35","date_gmt":"2024-11-25T08:42:35","guid":{"rendered":"https:\/\/dutchmicrodosing.com\/shop\/non%20class\u00e9\/stress-aid-complex-30-caps\/"},"modified":"2025-08-29T12:20:37","modified_gmt":"2025-08-29T10:20:37","slug":"stress-aid-complex-30-caps","status":"publish","type":"product","link":"https:\/\/dutchmicrodosing.com\/fr\/boutique-de-sante\/vitamines-et-supplements\/stress-aid-complex-30-caps\/","title":{"rendered":"Stress Aid Complex &#8211; 30 Caps"},"content":{"rendered":"<p>Le <strong>compl\u00e9ment Together&rsquo;s Stress Aid <\/strong> est con\u00e7u pour apporter un soutien suppl\u00e9mentaire pendant les p\u00e9riodes de stress. Il associe 11 vitamines et min\u00e9raux issus d&rsquo;aliments complets \u00e0 du magn\u00e9sium naturel extrait de l&rsquo;oc\u00e9an. La formule contient \u00e9galement un puissant m\u00e9lange d&rsquo;herbes adaptog\u00e8nes : schisandra, ashwagandha et rhodiola, qui aident l&rsquo;organisme \u00e0 s&rsquo;adapter au stress et \u00e0 am\u00e9liorer le bien-\u00eatre g\u00e9n\u00e9ral.<\/p>\n<h3><strong>Valeurs nutritionnelles par capsule :<\/strong><\/h3>\n<ul>\n<li><strong>Vitamine E :<\/strong> 2,5 mg \u03b1-TE<\/li>\n<li><strong>Vitamine C :<\/strong> 25 mg<\/li>\n<li><strong>Thiamine (vitamine B1) :<\/strong> 2 mg<\/li>\n<li><strong>Riboflavine (vitamine B2) :<\/strong> 2 mg<\/li>\n<li><strong>Vitamine B6 :<\/strong> 2 mg<\/li>\n<li><strong>Vitamine B12 (sous forme de m\u00e9thylcobalamine) :<\/strong> 5 \u03bcg<\/li>\n<li><strong>Biotine :<\/strong> 75 \u03bcg<\/li>\n<li><strong>Zinc :<\/strong> 1,5 mg<\/li>\n<li><strong>Cuivre :<\/strong> 250 \u03bcg<\/li>\n<li><strong>Magn\u00e9sium :<\/strong> 55 mg<\/li>\n<li><strong>Mangan\u00e8se :<\/strong> 0,3 mg<\/li>\n<li><strong>S\u00e9l\u00e9nium :<\/strong> 30 \u03bcg<\/li>\n<li><strong>Schisandra :<\/strong> 100 mg<\/li>\n<li><strong>Ashwagandha KSM-66\u00ae extrait \u00e0 spectre complet (racine de Withania somnifera contenant 5% de withanolides et moins de 0,1% de withaferin A) :<\/strong> 100 mg<\/li>\n<li><strong>Rhodiola :<\/strong> 100 mg<\/li>\n<\/ul>\n<h3><strong>Ingr\u00e9dients :<\/strong><\/h3>\n<ul>\n<li>Concentr\u00e9 de levure* (apporte du s\u00e9l\u00e9nium, du zinc, du cuivre, de la riboflavine, de la vitamine B6, de la thiamine, de la vitamine B12 et du mangan\u00e8se)<\/li>\n<li>Algues Lithothamnion Calcareum (apporte du magn\u00e9sium)<\/li>\n<li>Pulpe d&rsquo;agrumes (fournit de la vitamine C)<\/li>\n<li>Vitamine E combin\u00e9e \u00e0 de l&rsquo;huile v\u00e9g\u00e9tale<\/li>\n<li>Farine de ma\u00efs (fournit de la biotine)<\/li>\n<li>Poudre de schisandra (baie de poivre)<\/li>\n<li>Extrait de racine d&rsquo;ashwagandha<\/li>\n<li>Poudre de rhodiola<\/li>\n<li>Vegecap (cellulose v\u00e9g\u00e9tale)<\/li>\n<li>*Levure inactive et non candidate, pas de r\u00e9actions allergiques connues.<\/li>\n<\/ul>\n<h3><strong>Avertissements :<\/strong><\/h3>\n<ul>\n<li>Ne pas utiliser pendant la grossesse ou l&rsquo;allaitement.<\/li>\n<li>La prudence est de mise chez les personnes souffrant d&rsquo;hyperthyro\u00efdie ou d&rsquo;une maladie h\u00e9patique grave lorsqu&rsquo;elles utilisent l&rsquo;ashwagandha.<\/li>\n<li>Avant toute utilisation, consultez votre m\u00e9decin ou votre pharmacien en cas de prise de m\u00e9dicaments (antid\u00e9presseurs), de maladie du foie, de maladie de la thyro\u00efde et\/ou d&rsquo;utilisation d&rsquo;hormones thyro\u00efdiennes.<\/li>\n<\/ul>\n<h3>contenu<\/h3>\n<p>30 Capsules<\/p>\n","protected":false},"excerpt":{"rendered":"<p>Le compl\u00e9ment Together&rsquo;s Stress Aid est con\u00e7u pour apporter un soutien suppl\u00e9mentaire pendant les p\u00e9riodes de stress. Il associe 11 vitamines et min\u00e9raux issus d&rsquo;aliments complets \u00e0 du magn\u00e9sium naturel extrait de l&rsquo;oc\u00e9an. La formule contient \u00e9galement un puissant m\u00e9lange d&rsquo;herbes adaptog\u00e8nes : schisandra, ashwagandha et rhodiola, qui aident l&rsquo;organisme \u00e0 s&rsquo;adapter au stress et [&hellip;]<\/p>\n","protected":false},"featured_media":43867,"comment_status":"closed","ping_status":"closed","template":"","meta":[],"product_brand":[],"product_cat":[308,131],"product_tag":[],"class_list":{"0":"post-44188","1":"product","2":"type-product","3":"status-publish","4":"has-post-thumbnail","6":"product_cat-supplements-relaxt","7":"product_cat-vitamines-et-supplements","9":"first","10":"instock","11":"taxable","12":"shipping-taxable","13":"purchasable","14":"product-type-simple"},"yoast_head":"<!-- This site is optimized with the Yoast SEO Premium plugin v26.4 (Yoast SEO v27.4) - https:\/\/yoast.com\/product\/yoast-seo-premium-wordpress\/ -->\n<title>Stress Aid Complex - 30 Caps - Dutchmicrodosing<\/title>\n<meta name=\"robots\" content=\"index, follow, max-snippet:-1, max-image-preview:large, max-video-preview:-1\" \/>\n<link rel=\"canonical\" href=\"https:\/\/dutchmicrodosing.com\/fr\/boutique-de-sante\/vitamines-et-supplements\/stress-aid-complex-30-caps\/\" \/>\n<meta property=\"og:locale\" content=\"fr_FR\" \/>\n<meta property=\"og:type\" content=\"article\" \/>\n<meta property=\"og:title\" content=\"Stress Aid Complex - 30 Caps\" \/>\n<meta property=\"og:description\" content=\"Le compl\u00e9ment Together&#039;s Stress Aid est con\u00e7u pour apporter un soutien suppl\u00e9mentaire pendant les p\u00e9riodes de stress. Il associe 11 vitamines et min\u00e9raux\" \/>\n<meta property=\"og:url\" content=\"https:\/\/dutchmicrodosing.com\/fr\/boutique-de-sante\/vitamines-et-supplements\/stress-aid-complex-30-caps\/\" \/>\n<meta property=\"og:site_name\" content=\"Dutchmicrodosing\" \/>\n<meta property=\"article:publisher\" content=\"https:\/\/www.facebook.com\/Dutchmicrodosingxp\/\" \/>\n<meta property=\"article:modified_time\" content=\"2025-08-29T10:20:37+00:00\" \/>\n<meta property=\"og:image\" content=\"https:\/\/dutchmicrodosing.com\/wp-content\/uploads\/2024\/11\/2428_stress-aid-complex-_together_-30caps-1-1.jpg\" \/>\n\t<meta property=\"og:image:width\" content=\"700\" \/>\n\t<meta property=\"og:image:height\" content=\"700\" \/>\n\t<meta property=\"og:image:type\" content=\"image\/jpeg\" \/>\n<meta name=\"twitter:card\" content=\"summary_large_image\" \/>\n<script type=\"application\/ld+json\" class=\"yoast-schema-graph\">{\"@context\":\"https:\\\/\\\/schema.org\",\"@graph\":[{\"@type\":\"WebPage\",\"@id\":\"https:\\\/\\\/dutchmicrodosing.com\\\/fr\\\/boutique-de-sante\\\/vitamines-et-supplements\\\/stress-aid-complex-30-caps\\\/\",\"url\":\"https:\\\/\\\/dutchmicrodosing.com\\\/fr\\\/boutique-de-sante\\\/vitamines-et-supplements\\\/stress-aid-complex-30-caps\\\/\",\"name\":\"Stress Aid Complex - 30 Caps - Dutchmicrodosing\",\"isPartOf\":{\"@id\":\"https:\\\/\\\/dutchmicrodosing.com\\\/fr\\\/#website\"},\"primaryImageOfPage\":{\"@id\":\"https:\\\/\\\/dutchmicrodosing.com\\\/fr\\\/boutique-de-sante\\\/vitamines-et-supplements\\\/stress-aid-complex-30-caps\\\/#primaryimage\"},\"image\":{\"@id\":\"https:\\\/\\\/dutchmicrodosing.com\\\/fr\\\/boutique-de-sante\\\/vitamines-et-supplements\\\/stress-aid-complex-30-caps\\\/#primaryimage\"},\"thumbnailUrl\":\"https:\\\/\\\/dutchmicrodosing.com\\\/wp-content\\\/uploads\\\/2024\\\/11\\\/2428_stress-aid-complex-_together_-30caps-1-1.jpg\",\"datePublished\":\"2024-11-25T08:42:35+00:00\",\"dateModified\":\"2025-08-29T10:20:37+00:00\",\"breadcrumb\":{\"@id\":\"https:\\\/\\\/dutchmicrodosing.com\\\/fr\\\/boutique-de-sante\\\/vitamines-et-supplements\\\/stress-aid-complex-30-caps\\\/#breadcrumb\"},\"inLanguage\":\"fr-FR\",\"potentialAction\":[{\"@type\":\"ReadAction\",\"target\":[\"https:\\\/\\\/dutchmicrodosing.com\\\/fr\\\/boutique-de-sante\\\/vitamines-et-supplements\\\/stress-aid-complex-30-caps\\\/\"]}]},{\"@type\":\"ImageObject\",\"inLanguage\":\"fr-FR\",\"@id\":\"https:\\\/\\\/dutchmicrodosing.com\\\/fr\\\/boutique-de-sante\\\/vitamines-et-supplements\\\/stress-aid-complex-30-caps\\\/#primaryimage\",\"url\":\"https:\\\/\\\/dutchmicrodosing.com\\\/wp-content\\\/uploads\\\/2024\\\/11\\\/2428_stress-aid-complex-_together_-30caps-1-1.jpg\",\"contentUrl\":\"https:\\\/\\\/dutchmicrodosing.com\\\/wp-content\\\/uploads\\\/2024\\\/11\\\/2428_stress-aid-complex-_together_-30caps-1-1.jpg\",\"width\":700,\"height\":700},{\"@type\":\"BreadcrumbList\",\"@id\":\"https:\\\/\\\/dutchmicrodosing.com\\\/fr\\\/boutique-de-sante\\\/vitamines-et-supplements\\\/stress-aid-complex-30-caps\\\/#breadcrumb\",\"itemListElement\":[{\"@type\":\"ListItem\",\"position\":1,\"name\":\"Home\",\"item\":\"https:\\\/\\\/dutchmicrodosing.com\\\/fr\\\/\"},{\"@type\":\"ListItem\",\"position\":2,\"name\":\"Boutique\",\"item\":\"https:\\\/\\\/dutchmicrodosing.com\\\/fr\\\/boutique\\\/\"},{\"@type\":\"ListItem\",\"position\":3,\"name\":\"Stress Aid Complex &#8211; 30 Caps\"}]},{\"@type\":\"WebSite\",\"@id\":\"https:\\\/\\\/dutchmicrodosing.com\\\/fr\\\/#website\",\"url\":\"https:\\\/\\\/dutchmicrodosing.com\\\/fr\\\/\",\"name\":\"Dutchmicrodosing\",\"description\":\"\",\"publisher\":{\"@id\":\"https:\\\/\\\/dutchmicrodosing.com\\\/fr\\\/#organization\"},\"potentialAction\":[{\"@type\":\"SearchAction\",\"target\":{\"@type\":\"EntryPoint\",\"urlTemplate\":\"https:\\\/\\\/dutchmicrodosing.com\\\/fr\\\/?s={search_term_string}\"},\"query-input\":{\"@type\":\"PropertyValueSpecification\",\"valueRequired\":true,\"valueName\":\"search_term_string\"}}],\"inLanguage\":\"fr-FR\"},{\"@type\":\"Organization\",\"@id\":\"https:\\\/\\\/dutchmicrodosing.com\\\/fr\\\/#organization\",\"name\":\"Dutchmicrodosing\",\"url\":\"https:\\\/\\\/dutchmicrodosing.com\\\/fr\\\/\",\"logo\":{\"@type\":\"ImageObject\",\"inLanguage\":\"fr-FR\",\"@id\":\"https:\\\/\\\/dutchmicrodosing.com\\\/fr\\\/#\\\/schema\\\/logo\\\/image\\\/\",\"url\":\"https:\\\/\\\/dutchmicrodosing.com\\\/wp-content\\\/uploads\\\/2021\\\/01\\\/microdosing-categorie-pic-nieuw.jpg\",\"contentUrl\":\"https:\\\/\\\/dutchmicrodosing.com\\\/wp-content\\\/uploads\\\/2021\\\/01\\\/microdosing-categorie-pic-nieuw.jpg\",\"width\":500,\"height\":500,\"caption\":\"Dutchmicrodosing\"},\"image\":{\"@id\":\"https:\\\/\\\/dutchmicrodosing.com\\\/fr\\\/#\\\/schema\\\/logo\\\/image\\\/\"},\"sameAs\":[\"https:\\\/\\\/www.facebook.com\\\/Dutchmicrodosingxp\\\/\",\"https:\\\/\\\/www.instagram.com\\\/dutchmicrodosing\\\/\"]}]}<\/script>\n<meta property=\"product:price:amount\" content=\"14.95\" \/>\n<meta property=\"product:price:currency\" content=\"EUR\" \/>\n<meta property=\"og:availability\" content=\"instock\" \/>\n<meta property=\"product:availability\" content=\"instock\" \/>\n<meta property=\"product:retailer_item_id\" content=\"4211242\" \/>\n<meta property=\"product:condition\" content=\"new\" \/>\n<!-- \/ Yoast SEO Premium plugin. -->","yoast_head_json":{"title":"Stress Aid Complex - 30 Caps - Dutchmicrodosing","robots":{"index":"index","follow":"follow","max-snippet":"max-snippet:-1","max-image-preview":"max-image-preview:large","max-video-preview":"max-video-preview:-1"},"canonical":"https:\/\/dutchmicrodosing.com\/fr\/boutique-de-sante\/vitamines-et-supplements\/stress-aid-complex-30-caps\/","og_locale":"fr_FR","og_type":"article","og_title":"Stress Aid Complex - 30 Caps","og_description":"Le compl\u00e9ment Together's Stress Aid est con\u00e7u pour apporter un soutien suppl\u00e9mentaire pendant les p\u00e9riodes de stress. Il associe 11 vitamines et min\u00e9raux","og_url":"https:\/\/dutchmicrodosing.com\/fr\/boutique-de-sante\/vitamines-et-supplements\/stress-aid-complex-30-caps\/","og_site_name":"Dutchmicrodosing","article_publisher":"https:\/\/www.facebook.com\/Dutchmicrodosingxp\/","article_modified_time":"2025-08-29T10:20:37+00:00","og_image":[{"width":700,"height":700,"url":"https:\/\/dutchmicrodosing.com\/wp-content\/uploads\/2024\/11\/2428_stress-aid-complex-_together_-30caps-1-1.jpg","type":"image\/jpeg"}],"twitter_card":"summary_large_image","schema":{"@context":"https:\/\/schema.org","@graph":[{"@type":"WebPage","@id":"https:\/\/dutchmicrodosing.com\/fr\/boutique-de-sante\/vitamines-et-supplements\/stress-aid-complex-30-caps\/","url":"https:\/\/dutchmicrodosing.com\/fr\/boutique-de-sante\/vitamines-et-supplements\/stress-aid-complex-30-caps\/","name":"Stress Aid Complex - 30 Caps - Dutchmicrodosing","isPartOf":{"@id":"https:\/\/dutchmicrodosing.com\/fr\/#website"},"primaryImageOfPage":{"@id":"https:\/\/dutchmicrodosing.com\/fr\/boutique-de-sante\/vitamines-et-supplements\/stress-aid-complex-30-caps\/#primaryimage"},"image":{"@id":"https:\/\/dutchmicrodosing.com\/fr\/boutique-de-sante\/vitamines-et-supplements\/stress-aid-complex-30-caps\/#primaryimage"},"thumbnailUrl":"https:\/\/dutchmicrodosing.com\/wp-content\/uploads\/2024\/11\/2428_stress-aid-complex-_together_-30caps-1-1.jpg","datePublished":"2024-11-25T08:42:35+00:00","dateModified":"2025-08-29T10:20:37+00:00","breadcrumb":{"@id":"https:\/\/dutchmicrodosing.com\/fr\/boutique-de-sante\/vitamines-et-supplements\/stress-aid-complex-30-caps\/#breadcrumb"},"inLanguage":"fr-FR","potentialAction":[{"@type":"ReadAction","target":["https:\/\/dutchmicrodosing.com\/fr\/boutique-de-sante\/vitamines-et-supplements\/stress-aid-complex-30-caps\/"]}]},{"@type":"ImageObject","inLanguage":"fr-FR","@id":"https:\/\/dutchmicrodosing.com\/fr\/boutique-de-sante\/vitamines-et-supplements\/stress-aid-complex-30-caps\/#primaryimage","url":"https:\/\/dutchmicrodosing.com\/wp-content\/uploads\/2024\/11\/2428_stress-aid-complex-_together_-30caps-1-1.jpg","contentUrl":"https:\/\/dutchmicrodosing.com\/wp-content\/uploads\/2024\/11\/2428_stress-aid-complex-_together_-30caps-1-1.jpg","width":700,"height":700},{"@type":"BreadcrumbList","@id":"https:\/\/dutchmicrodosing.com\/fr\/boutique-de-sante\/vitamines-et-supplements\/stress-aid-complex-30-caps\/#breadcrumb","itemListElement":[{"@type":"ListItem","position":1,"name":"Home","item":"https:\/\/dutchmicrodosing.com\/fr\/"},{"@type":"ListItem","position":2,"name":"Boutique","item":"https:\/\/dutchmicrodosing.com\/fr\/boutique\/"},{"@type":"ListItem","position":3,"name":"Stress Aid Complex &#8211; 30 Caps"}]},{"@type":"WebSite","@id":"https:\/\/dutchmicrodosing.com\/fr\/#website","url":"https:\/\/dutchmicrodosing.com\/fr\/","name":"Dutchmicrodosing","description":"","publisher":{"@id":"https:\/\/dutchmicrodosing.com\/fr\/#organization"},"potentialAction":[{"@type":"SearchAction","target":{"@type":"EntryPoint","urlTemplate":"https:\/\/dutchmicrodosing.com\/fr\/?s={search_term_string}"},"query-input":{"@type":"PropertyValueSpecification","valueRequired":true,"valueName":"search_term_string"}}],"inLanguage":"fr-FR"},{"@type":"Organization","@id":"https:\/\/dutchmicrodosing.com\/fr\/#organization","name":"Dutchmicrodosing","url":"https:\/\/dutchmicrodosing.com\/fr\/","logo":{"@type":"ImageObject","inLanguage":"fr-FR","@id":"https:\/\/dutchmicrodosing.com\/fr\/#\/schema\/logo\/image\/","url":"https:\/\/dutchmicrodosing.com\/wp-content\/uploads\/2021\/01\/microdosing-categorie-pic-nieuw.jpg","contentUrl":"https:\/\/dutchmicrodosing.com\/wp-content\/uploads\/2021\/01\/microdosing-categorie-pic-nieuw.jpg","width":500,"height":500,"caption":"Dutchmicrodosing"},"image":{"@id":"https:\/\/dutchmicrodosing.com\/fr\/#\/schema\/logo\/image\/"},"sameAs":["https:\/\/www.facebook.com\/Dutchmicrodosingxp\/","https:\/\/www.instagram.com\/dutchmicrodosing\/"]}]},"product_price_amount":"14.95","product_price_currency":"EUR","og_availability":"instock","product_availability":"instock","product_retailer_item_id":"4211242","product_condition":"new"},"_links":{"self":[{"href":"https:\/\/dutchmicrodosing.com\/fr\/wp-json\/wp\/v2\/product\/44188","targetHints":{"allow":["GET"]}}],"collection":[{"href":"https:\/\/dutchmicrodosing.com\/fr\/wp-json\/wp\/v2\/product"}],"about":[{"href":"https:\/\/dutchmicrodosing.com\/fr\/wp-json\/wp\/v2\/types\/product"}],"replies":[{"embeddable":true,"href":"https:\/\/dutchmicrodosing.com\/fr\/wp-json\/wp\/v2\/comments?post=44188"}],"version-history":[{"count":0,"href":"https:\/\/dutchmicrodosing.com\/fr\/wp-json\/wp\/v2\/product\/44188\/revisions"}],"wp:featuredmedia":[{"embeddable":true,"href":"https:\/\/dutchmicrodosing.com\/fr\/wp-json\/wp\/v2\/media\/43867"}],"wp:attachment":[{"href":"https:\/\/dutchmicrodosing.com\/fr\/wp-json\/wp\/v2\/media?parent=44188"}],"wp:term":[{"taxonomy":"product_brand","embeddable":true,"href":"https:\/\/dutchmicrodosing.com\/fr\/wp-json\/wp\/v2\/product_brand?post=44188"},{"taxonomy":"product_cat","embeddable":true,"href":"https:\/\/dutchmicrodosing.com\/fr\/wp-json\/wp\/v2\/product_cat?post=44188"},{"taxonomy":"product_tag","embeddable":true,"href":"https:\/\/dutchmicrodosing.com\/fr\/wp-json\/wp\/v2\/product_tag?post=44188"}],"curies":[{"name":"wp","href":"https:\/\/api.w.org\/{rel}","templated":true}]}}