{"id":44201,"date":"2024-12-15T09:15:04","date_gmt":"2024-12-15T08:15:04","guid":{"rendered":"https:\/\/dutchmicrodosing.com\/shop\/non%20class\u00e9\/kraid-passion-fruit-mitragynine-enhanced\/"},"modified":"2026-02-03T16:39:20","modified_gmt":"2026-02-03T15:39:20","slug":"kraid-passion-fruit-mitragynine-enhanced","status":"publish","type":"product","link":"https:\/\/dutchmicrodosing.com\/fr\/herbes-botaniques\/kratom\/kraid-passion-fruit-mitragynine-enhanced\/","title":{"rendered":"KRAID Fruit de la Passion &#8211; Enrichi en Mitragynine"},"content":{"rendered":"<p><strong>KRAID Passion Fruit &#8211; Mitragynine Enhanced<\/strong>: La puissance du Kratom avec la saveur du Fruit de la Passion ! Cet extrait de kratom innovant, soluble dans l&rsquo;eau, offre une dose fiable de mitragynine, combin\u00e9e \u00e0 l&rsquo;allure sucr\u00e9e du fruit de la passion, pour une exp\u00e9rience de kratom agr\u00e9able et efficace.<\/p>\n<h3><strong>Une touche innovante<\/strong> dans l&rsquo;<strong>utilisation du kratom<\/strong><\/h3>\n<ul>\n<li><strong>Solubilit\u00e9 compl\u00e8te :<\/strong> Fini les saveurs d\u00e9sagr\u00e9ables, KRAID Fruit de la Passion se dissout compl\u00e8tement dans l&rsquo;eau pour une consommation sans faille.<\/li>\n<li><strong>Forme innovante :<\/strong> offre la commodit\u00e9 et la garantie d&rsquo;un dosage constant \u00e0 chaque utilisation.<\/li>\n<\/ul>\n<h3><strong>Pourquoi choisir le<\/strong> <strong>fruit de la passion<\/strong> KRAID ?<\/h3>\n<ul>\n<li><strong>Savoureux et efficace :<\/strong> chaque paquet contient 50 mg de mitragynine pure.<\/li>\n<li><strong>Id\u00e9al pour l&rsquo;\u00e9nergie et la concentration :<\/strong> Un excellent choix pour ceux qui veulent augmenter leur \u00e9nergie et leur concentration d&rsquo;une mani\u00e8re agr\u00e9able.<\/li>\n<\/ul>\n<h3><strong>L&rsquo;exp\u00e9rience du<\/strong> <strong>fruit de la passion<\/strong> KRAID<\/h3>\n<ul>\n<li><strong>Facile \u00e0 utiliser :<\/strong> Dissolvez un sachet dans un demi-litre d&rsquo;eau et savourez une d\u00e9licieuse boisson que vous pouvez emporter partout.<\/li>\n<li><strong>Go\u00fbt subtil et agr\u00e9able :<\/strong> Le go\u00fbt du fruit de la passion est doux et rend la consommation agr\u00e9able sans fatigue gustative.<\/li>\n<li><strong>Discret et pratique :<\/strong> id\u00e9al pour une utilisation dans divers contextes sociaux ou professionnels.<\/li>\n<\/ul>\n<h3>Ingr\u00e9dients<\/h3>\n<p>Un sachet contient 50 mg de mitragynine, soit l&rsquo;\u00e9quivalent de 4 \u00e0 6 grammes de poudre de kratom traditionnelle, et est aromatis\u00e9 au fruit de la passion.<\/p>\n<h3>Utilisation<\/h3>\n<p>Dissoudre un sachet dans 0,5 litre d&rsquo;eau, agiter et d\u00e9guster.<\/p>\n<h3>Conseils de stockage<\/h3>\n<p>Conservez ce produit dans un endroit frais, sombre et sec, tel qu&rsquo;un placard de cuisine, et hors de port\u00e9e des enfants.<\/p>\n<h3>Avertissement<\/h3>\n<p>N&rsquo;utilisez pas un compl\u00e9ment alimentaire comme substitut \u00e0 un r\u00e9gime alimentaire vari\u00e9. Tenir hors de port\u00e9e des enfants. Ne pas utiliser en combinaison avec des m\u00e9dicaments ou d&rsquo;autres stimulants, en cas d&rsquo;hypertension ou d&rsquo;hypotension, de maladie cardiaque, de maladie thyro\u00efdienne, de maladie r\u00e9nale, de d\u00e9pression, de nervosit\u00e9, de troubles physiques et\/ou mentaux et d&rsquo;utilisation d&rsquo;IMAO. Attention \u00e0 la consommation excessive d&rsquo;alcool. En cas de doute, consultez votre m\u00e9decin.<\/p>\n<h3>Contenu<\/h3>\n<p>KRAID Fruit de la Passion &#8211; Enrichi en Mitragynine<\/p>\n","protected":false},"excerpt":{"rendered":"<p>KRAID Passion Fruit &#8211; Mitragynine Enhanced: La puissance du Kratom avec la saveur du Fruit de la Passion ! Cet extrait de kratom innovant, soluble dans l&rsquo;eau, offre une dose fiable de mitragynine, combin\u00e9e \u00e0 l&rsquo;allure sucr\u00e9e du fruit de la passion, pour une exp\u00e9rience de kratom agr\u00e9able et efficace. Une touche innovante dans l&rsquo;utilisation [&hellip;]<\/p>\n","protected":false},"featured_media":44195,"comment_status":"closed","ping_status":"closed","template":"","meta":[],"product_brand":[],"product_cat":[417],"product_tag":[],"class_list":{"0":"post-44201","1":"product","2":"type-product","3":"status-publish","4":"has-post-thumbnail","6":"product_cat-kratom","8":"first","9":"instock","10":"taxable","11":"shipping-taxable","12":"purchasable","13":"product-type-simple"},"yoast_head":"<!-- This site is optimized with the Yoast SEO Premium plugin v26.4 (Yoast SEO v27.2) - https:\/\/yoast.com\/product\/yoast-seo-premium-wordpress\/ -->\n<title>KRAID Fruit de la Passion - Enrichi en Mitragynine - Dutchmicrodosing<\/title>\n<meta name=\"description\" content=\"KRAID Fruit de la passion - enrichi en mitragynine. L&#039;ar\u00f4me de fruit de la passion est doux et rend l&#039;utilisation agr\u00e9able sans le go\u00fbt dominant du kratom !\" \/>\n<meta name=\"robots\" content=\"index, follow, max-snippet:-1, max-image-preview:large, max-video-preview:-1\" \/>\n<link rel=\"canonical\" href=\"https:\/\/dutchmicrodosing.com\/fr\/herbes-botaniques\/kratom\/kraid-passion-fruit-mitragynine-enhanced\/\" \/>\n<meta property=\"og:locale\" content=\"fr_FR\" \/>\n<meta property=\"og:type\" content=\"article\" \/>\n<meta property=\"og:title\" content=\"KRAID Fruit de la Passion - Enrichi en Mitragynine\" \/>\n<meta property=\"og:description\" content=\"KRAID Passion Fruit - Mitragynine Enhanced: La puissance du Kratom avec la saveur du Fruit de la Passion ! Cet extrait de kratom innovant, soluble dans\" \/>\n<meta property=\"og:url\" content=\"https:\/\/dutchmicrodosing.com\/fr\/herbes-botaniques\/kratom\/kraid-passion-fruit-mitragynine-enhanced\/\" \/>\n<meta property=\"og:site_name\" content=\"Dutchmicrodosing\" \/>\n<meta property=\"article:publisher\" content=\"https:\/\/www.facebook.com\/Dutchmicrodosingxp\/\" \/>\n<meta property=\"article:modified_time\" content=\"2026-02-03T15:39:20+00:00\" \/>\n<meta property=\"og:image\" content=\"https:\/\/dutchmicrodosing.com\/wp-content\/uploads\/2024\/12\/kraid-passion-fruit-mite-1.jpg\" \/>\n\t<meta property=\"og:image:width\" content=\"600\" \/>\n\t<meta property=\"og:image:height\" content=\"600\" \/>\n\t<meta property=\"og:image:type\" content=\"image\/jpeg\" \/>\n<meta name=\"twitter:card\" content=\"summary_large_image\" \/>\n<script type=\"application\/ld+json\" class=\"yoast-schema-graph\">{\"@context\":\"https:\/\/schema.org\",\"@graph\":[{\"@type\":\"WebPage\",\"@id\":\"https:\/\/dutchmicrodosing.com\/fr\/herbes-botaniques\/kratom\/kraid-passion-fruit-mitragynine-enhanced\/\",\"url\":\"https:\/\/dutchmicrodosing.com\/fr\/herbes-botaniques\/kratom\/kraid-passion-fruit-mitragynine-enhanced\/\",\"name\":\"KRAID Fruit de la Passion - Enrichi en Mitragynine - Dutchmicrodosing\",\"isPartOf\":{\"@id\":\"https:\/\/dutchmicrodosing.com\/fr\/#website\"},\"primaryImageOfPage\":{\"@id\":\"https:\/\/dutchmicrodosing.com\/fr\/herbes-botaniques\/kratom\/kraid-passion-fruit-mitragynine-enhanced\/#primaryimage\"},\"image\":{\"@id\":\"https:\/\/dutchmicrodosing.com\/fr\/herbes-botaniques\/kratom\/kraid-passion-fruit-mitragynine-enhanced\/#primaryimage\"},\"thumbnailUrl\":\"https:\/\/dutchmicrodosing.com\/wp-content\/uploads\/2024\/12\/kraid-passion-fruit-mite-1.jpg\",\"datePublished\":\"2024-12-15T08:15:04+00:00\",\"dateModified\":\"2026-02-03T15:39:20+00:00\",\"description\":\"KRAID Fruit de la passion - enrichi en mitragynine. L'ar\u00f4me de fruit de la passion est doux et rend l'utilisation agr\u00e9able sans le go\u00fbt dominant du kratom !\",\"breadcrumb\":{\"@id\":\"https:\/\/dutchmicrodosing.com\/fr\/herbes-botaniques\/kratom\/kraid-passion-fruit-mitragynine-enhanced\/#breadcrumb\"},\"inLanguage\":\"fr-FR\",\"potentialAction\":[{\"@type\":\"ReadAction\",\"target\":[\"https:\/\/dutchmicrodosing.com\/fr\/herbes-botaniques\/kratom\/kraid-passion-fruit-mitragynine-enhanced\/\"]}]},{\"@type\":\"ImageObject\",\"inLanguage\":\"fr-FR\",\"@id\":\"https:\/\/dutchmicrodosing.com\/fr\/herbes-botaniques\/kratom\/kraid-passion-fruit-mitragynine-enhanced\/#primaryimage\",\"url\":\"https:\/\/dutchmicrodosing.com\/wp-content\/uploads\/2024\/12\/kraid-passion-fruit-mite-1.jpg\",\"contentUrl\":\"https:\/\/dutchmicrodosing.com\/wp-content\/uploads\/2024\/12\/kraid-passion-fruit-mite-1.jpg\",\"width\":600,\"height\":600},{\"@type\":\"BreadcrumbList\",\"@id\":\"https:\/\/dutchmicrodosing.com\/fr\/herbes-botaniques\/kratom\/kraid-passion-fruit-mitragynine-enhanced\/#breadcrumb\",\"itemListElement\":[{\"@type\":\"ListItem\",\"position\":1,\"name\":\"Home\",\"item\":\"https:\/\/dutchmicrodosing.com\/fr\/\"},{\"@type\":\"ListItem\",\"position\":2,\"name\":\"Boutique\",\"item\":\"https:\/\/dutchmicrodosing.com\/fr\/boutique\/\"},{\"@type\":\"ListItem\",\"position\":3,\"name\":\"KRAID Fruit de la Passion &#8211; Enrichi en Mitragynine\"}]},{\"@type\":\"WebSite\",\"@id\":\"https:\/\/dutchmicrodosing.com\/fr\/#website\",\"url\":\"https:\/\/dutchmicrodosing.com\/fr\/\",\"name\":\"Dutchmicrodosing\",\"description\":\"\",\"publisher\":{\"@id\":\"https:\/\/dutchmicrodosing.com\/fr\/#organization\"},\"potentialAction\":[{\"@type\":\"SearchAction\",\"target\":{\"@type\":\"EntryPoint\",\"urlTemplate\":\"https:\/\/dutchmicrodosing.com\/fr\/?s={search_term_string}\"},\"query-input\":{\"@type\":\"PropertyValueSpecification\",\"valueRequired\":true,\"valueName\":\"search_term_string\"}}],\"inLanguage\":\"fr-FR\"},{\"@type\":\"Organization\",\"@id\":\"https:\/\/dutchmicrodosing.com\/fr\/#organization\",\"name\":\"Dutchmicrodosing\",\"url\":\"https:\/\/dutchmicrodosing.com\/fr\/\",\"logo\":{\"@type\":\"ImageObject\",\"inLanguage\":\"fr-FR\",\"@id\":\"https:\/\/dutchmicrodosing.com\/fr\/#\/schema\/logo\/image\/\",\"url\":\"https:\/\/dutchmicrodosing.com\/wp-content\/uploads\/2021\/01\/microdosing-categorie-pic-nieuw.jpg\",\"contentUrl\":\"https:\/\/dutchmicrodosing.com\/wp-content\/uploads\/2021\/01\/microdosing-categorie-pic-nieuw.jpg\",\"width\":500,\"height\":500,\"caption\":\"Dutchmicrodosing\"},\"image\":{\"@id\":\"https:\/\/dutchmicrodosing.com\/fr\/#\/schema\/logo\/image\/\"},\"sameAs\":[\"https:\/\/www.facebook.com\/Dutchmicrodosingxp\/\",\"https:\/\/www.instagram.com\/dutchmicrodosing\/\"]}]}<\/script>\n<meta property=\"product:price:amount\" content=\"5.95\" \/>\n<meta property=\"product:price:currency\" content=\"EUR\" \/>\n<meta property=\"og:availability\" content=\"instock\" \/>\n<meta property=\"product:availability\" content=\"instock\" \/>\n<meta property=\"product:retailer_item_id\" content=\"4212773\" \/>\n<meta property=\"product:condition\" content=\"new\" \/>\n<!-- \/ Yoast SEO Premium plugin. -->","yoast_head_json":{"title":"KRAID Fruit de la Passion - Enrichi en Mitragynine - Dutchmicrodosing","description":"KRAID Fruit de la passion - enrichi en mitragynine. L'ar\u00f4me de fruit de la passion est doux et rend l'utilisation agr\u00e9able sans le go\u00fbt dominant du kratom !","robots":{"index":"index","follow":"follow","max-snippet":"max-snippet:-1","max-image-preview":"max-image-preview:large","max-video-preview":"max-video-preview:-1"},"canonical":"https:\/\/dutchmicrodosing.com\/fr\/herbes-botaniques\/kratom\/kraid-passion-fruit-mitragynine-enhanced\/","og_locale":"fr_FR","og_type":"article","og_title":"KRAID Fruit de la Passion - Enrichi en Mitragynine","og_description":"KRAID Passion Fruit - Mitragynine Enhanced: La puissance du Kratom avec la saveur du Fruit de la Passion ! Cet extrait de kratom innovant, soluble dans","og_url":"https:\/\/dutchmicrodosing.com\/fr\/herbes-botaniques\/kratom\/kraid-passion-fruit-mitragynine-enhanced\/","og_site_name":"Dutchmicrodosing","article_publisher":"https:\/\/www.facebook.com\/Dutchmicrodosingxp\/","article_modified_time":"2026-02-03T15:39:20+00:00","og_image":[{"width":600,"height":600,"url":"https:\/\/dutchmicrodosing.com\/wp-content\/uploads\/2024\/12\/kraid-passion-fruit-mite-1.jpg","type":"image\/jpeg"}],"twitter_card":"summary_large_image","schema":{"@context":"https:\/\/schema.org","@graph":[{"@type":"WebPage","@id":"https:\/\/dutchmicrodosing.com\/fr\/herbes-botaniques\/kratom\/kraid-passion-fruit-mitragynine-enhanced\/","url":"https:\/\/dutchmicrodosing.com\/fr\/herbes-botaniques\/kratom\/kraid-passion-fruit-mitragynine-enhanced\/","name":"KRAID Fruit de la Passion - Enrichi en Mitragynine - Dutchmicrodosing","isPartOf":{"@id":"https:\/\/dutchmicrodosing.com\/fr\/#website"},"primaryImageOfPage":{"@id":"https:\/\/dutchmicrodosing.com\/fr\/herbes-botaniques\/kratom\/kraid-passion-fruit-mitragynine-enhanced\/#primaryimage"},"image":{"@id":"https:\/\/dutchmicrodosing.com\/fr\/herbes-botaniques\/kratom\/kraid-passion-fruit-mitragynine-enhanced\/#primaryimage"},"thumbnailUrl":"https:\/\/dutchmicrodosing.com\/wp-content\/uploads\/2024\/12\/kraid-passion-fruit-mite-1.jpg","datePublished":"2024-12-15T08:15:04+00:00","dateModified":"2026-02-03T15:39:20+00:00","description":"KRAID Fruit de la passion - enrichi en mitragynine. L'ar\u00f4me de fruit de la passion est doux et rend l'utilisation agr\u00e9able sans le go\u00fbt dominant du kratom !","breadcrumb":{"@id":"https:\/\/dutchmicrodosing.com\/fr\/herbes-botaniques\/kratom\/kraid-passion-fruit-mitragynine-enhanced\/#breadcrumb"},"inLanguage":"fr-FR","potentialAction":[{"@type":"ReadAction","target":["https:\/\/dutchmicrodosing.com\/fr\/herbes-botaniques\/kratom\/kraid-passion-fruit-mitragynine-enhanced\/"]}]},{"@type":"ImageObject","inLanguage":"fr-FR","@id":"https:\/\/dutchmicrodosing.com\/fr\/herbes-botaniques\/kratom\/kraid-passion-fruit-mitragynine-enhanced\/#primaryimage","url":"https:\/\/dutchmicrodosing.com\/wp-content\/uploads\/2024\/12\/kraid-passion-fruit-mite-1.jpg","contentUrl":"https:\/\/dutchmicrodosing.com\/wp-content\/uploads\/2024\/12\/kraid-passion-fruit-mite-1.jpg","width":600,"height":600},{"@type":"BreadcrumbList","@id":"https:\/\/dutchmicrodosing.com\/fr\/herbes-botaniques\/kratom\/kraid-passion-fruit-mitragynine-enhanced\/#breadcrumb","itemListElement":[{"@type":"ListItem","position":1,"name":"Home","item":"https:\/\/dutchmicrodosing.com\/fr\/"},{"@type":"ListItem","position":2,"name":"Boutique","item":"https:\/\/dutchmicrodosing.com\/fr\/boutique\/"},{"@type":"ListItem","position":3,"name":"KRAID Fruit de la Passion &#8211; Enrichi en Mitragynine"}]},{"@type":"WebSite","@id":"https:\/\/dutchmicrodosing.com\/fr\/#website","url":"https:\/\/dutchmicrodosing.com\/fr\/","name":"Dutchmicrodosing","description":"","publisher":{"@id":"https:\/\/dutchmicrodosing.com\/fr\/#organization"},"potentialAction":[{"@type":"SearchAction","target":{"@type":"EntryPoint","urlTemplate":"https:\/\/dutchmicrodosing.com\/fr\/?s={search_term_string}"},"query-input":{"@type":"PropertyValueSpecification","valueRequired":true,"valueName":"search_term_string"}}],"inLanguage":"fr-FR"},{"@type":"Organization","@id":"https:\/\/dutchmicrodosing.com\/fr\/#organization","name":"Dutchmicrodosing","url":"https:\/\/dutchmicrodosing.com\/fr\/","logo":{"@type":"ImageObject","inLanguage":"fr-FR","@id":"https:\/\/dutchmicrodosing.com\/fr\/#\/schema\/logo\/image\/","url":"https:\/\/dutchmicrodosing.com\/wp-content\/uploads\/2021\/01\/microdosing-categorie-pic-nieuw.jpg","contentUrl":"https:\/\/dutchmicrodosing.com\/wp-content\/uploads\/2021\/01\/microdosing-categorie-pic-nieuw.jpg","width":500,"height":500,"caption":"Dutchmicrodosing"},"image":{"@id":"https:\/\/dutchmicrodosing.com\/fr\/#\/schema\/logo\/image\/"},"sameAs":["https:\/\/www.facebook.com\/Dutchmicrodosingxp\/","https:\/\/www.instagram.com\/dutchmicrodosing\/"]}]},"product_price_amount":"5.95","product_price_currency":"EUR","og_availability":"instock","product_availability":"instock","product_retailer_item_id":"4212773","product_condition":"new"},"_links":{"self":[{"href":"https:\/\/dutchmicrodosing.com\/fr\/wp-json\/wp\/v2\/product\/44201","targetHints":{"allow":["GET"]}}],"collection":[{"href":"https:\/\/dutchmicrodosing.com\/fr\/wp-json\/wp\/v2\/product"}],"about":[{"href":"https:\/\/dutchmicrodosing.com\/fr\/wp-json\/wp\/v2\/types\/product"}],"replies":[{"embeddable":true,"href":"https:\/\/dutchmicrodosing.com\/fr\/wp-json\/wp\/v2\/comments?post=44201"}],"version-history":[{"count":1,"href":"https:\/\/dutchmicrodosing.com\/fr\/wp-json\/wp\/v2\/product\/44201\/revisions"}],"predecessor-version":[{"id":64258,"href":"https:\/\/dutchmicrodosing.com\/fr\/wp-json\/wp\/v2\/product\/44201\/revisions\/64258"}],"wp:featuredmedia":[{"embeddable":true,"href":"https:\/\/dutchmicrodosing.com\/fr\/wp-json\/wp\/v2\/media\/44195"}],"wp:attachment":[{"href":"https:\/\/dutchmicrodosing.com\/fr\/wp-json\/wp\/v2\/media?parent=44201"}],"wp:term":[{"taxonomy":"product_brand","embeddable":true,"href":"https:\/\/dutchmicrodosing.com\/fr\/wp-json\/wp\/v2\/product_brand?post=44201"},{"taxonomy":"product_cat","embeddable":true,"href":"https:\/\/dutchmicrodosing.com\/fr\/wp-json\/wp\/v2\/product_cat?post=44201"},{"taxonomy":"product_tag","embeddable":true,"href":"https:\/\/dutchmicrodosing.com\/fr\/wp-json\/wp\/v2\/product_tag?post=44201"}],"curies":[{"name":"wp","href":"https:\/\/api.w.org\/{rel}","templated":true}]}}