{"id":44643,"date":"2025-01-17T09:00:34","date_gmt":"2025-01-17T08:00:34","guid":{"rendered":"https:\/\/dutchmicrodosing.com\/shop\/non%20class\u00e9\/leucitic-jmf-jedi-mind-fuck-liquid-culture-spuit\/"},"modified":"2025-08-20T13:55:08","modified_gmt":"2025-08-20T11:55:08","slug":"leucitic-jmf-jedi-mind-fuck-liquid-culture-spuit","status":"publish","type":"product","link":"https:\/\/dutchmicrodosing.com\/fr\/magique-champignon-spores\/seringues-de-culture-liquide\/leucitic-jmf-jedi-mind-fuck-liquid-culture-spuit\/","title":{"rendered":"Seringue de culture liquide Leucitic JMF (Jedi Mind Fuck)"},"content":{"rendered":"<p>La <strong>seringue de culture liquide Leucitic JMF (Jedi Mind Fuck)<\/strong> est une variante leucitique sp\u00e9ciale de la populaire vari\u00e9t\u00e9 Jedi Mind Fuck. La perte partielle de pigments donne \u00e0 cette vari\u00e9t\u00e9 un aspect distinctif sans compromettre la vigueur ou l&rsquo;\u00e9lasticit\u00e9. Un choix de premier ordre pour tous ceux qui recherchent une vari\u00e9t\u00e9 fiable avec un caract\u00e8re distinctif.<\/p>\n<h3>Caract\u00e9ristiques<\/h3>\n<ul>\n<li>Souche : Psilocybe Cubensis Leucistic JMF<\/li>\n<li>Seringue st\u00e9rile de 10 ml contenant une culture liquide riche en nutriments<\/li>\n<li>Colonisation rapide et efficace de divers substrats<\/li>\n<li>Fabriqu\u00e9 dans des conditions st\u00e9riles pour une puret\u00e9 maximale<\/li>\n<li>Convient aussi bien aux d\u00e9butants qu&rsquo;aux cultivateurs exp\u00e9riment\u00e9s<\/li>\n<li>Une esth\u00e9tique attrayante et des performances robustes<\/li>\n<\/ul>\n<h3>Ingr\u00e9dients et\/ou composition<\/h3>\n<ul>\n<li>10 ml de culture liquide (myc\u00e9lium Leucistic JMF)<\/li>\n<li>1x aiguille st\u00e9rile 18G<\/li>\n<li>1x lingette alcoolis\u00e9e<\/li>\n<\/ul>\n<h3>Utilisation<\/h3>\n<ol>\n<li>Laissez la seringue revenir \u00e0 temp\u00e9rature ambiante.<\/li>\n<li>D\u00e9sinfectez votre zone de travail et l&rsquo;orifice d&rsquo;injection de votre sac de culture ou de votre pot.<\/li>\n<li>Utilisez l&rsquo;aiguille et le tampon d&rsquo;alcool fournis pour l&rsquo;inoculation st\u00e9rile.<\/li>\n<li>Injectez 1 \u00e0 2 ml de culture liquide dans le substrat.<\/li>\n<li>Conserver \u00e0 l&rsquo;abri de la lumi\u00e8re et \u00e0 une temp\u00e9rature stable comprise entre 20 et 25\u00b0C.<\/li>\n<\/ol>\n<h3>De quoi avez-vous besoin pour cultiver des champignons ?<\/h3>\n<ul>\n<li><strong>Alimentation :<\/strong> c\u00e9r\u00e9ales st\u00e9riles telles que le seigle ou le ma\u00efs<\/li>\n<li><strong>Substrat :<\/strong> par exemple, noix de coco, paille ou sciure de bois (bien trait\u00e9e)<\/li>\n<li><strong>Culture :<\/strong> Cette culture liquide ou les spores cultiv\u00e9es \u00e0 la maison.<\/li>\n<\/ul>\n<p>Veillez toujours \u00e0 ce que l&rsquo;humidit\u00e9 soit \u00e9lev\u00e9e (par exemple, au moyen d&rsquo;un sac de culture ou d&rsquo;un monotube) et travaillez de mani\u00e8re hygi\u00e9nique. Utilisez une aiguille propre pour \u00e9viter toute contamination.<\/p>\n<h3>Contenu<\/h3>\n<ul>\n<li>1x 10 ml de culture liquide Leucistic JMF<\/li>\n<li>1x aiguille st\u00e9rile (18G)<\/li>\n<li>1x lingette alcoolis\u00e9e<\/li>\n<\/ul>\n<h3>Conseils de stockage<\/h3>\n<p>Conserver \u00e0 2-8\u00b0C. S&rsquo;ils sont conserv\u00e9s correctement, ils peuvent \u00eatre utilis\u00e9s jusqu&rsquo;\u00e0 6 mois. Tenir hors de port\u00e9e des enfants.<\/p>\n","protected":false},"excerpt":{"rendered":"<p>La seringue de culture liquide Leucitic JMF (Jedi Mind Fuck) est une variante leucitique sp\u00e9ciale de la populaire vari\u00e9t\u00e9 Jedi Mind Fuck. La perte partielle de pigments donne \u00e0 cette vari\u00e9t\u00e9 un aspect distinctif sans compromettre la vigueur ou l&rsquo;\u00e9lasticit\u00e9. Un choix de premier ordre pour tous ceux qui recherchent une vari\u00e9t\u00e9 fiable avec un [&hellip;]<\/p>\n","protected":false},"featured_media":46260,"comment_status":"closed","ping_status":"closed","template":"","meta":[],"product_brand":[],"product_cat":[358],"product_tag":[],"class_list":{"0":"post-44643","1":"product","2":"type-product","3":"status-publish","4":"has-post-thumbnail","6":"product_cat-seringues-de-culture-liquide","8":"first","9":"instock","10":"taxable","11":"shipping-taxable","12":"purchasable","13":"product-type-simple"},"yoast_head":"<!-- This site is optimized with the Yoast SEO Premium plugin v26.4 (Yoast SEO v27.2) - https:\/\/yoast.com\/product\/yoast-seo-premium-wordpress\/ -->\n<title>Seringue de culture liquide Leucitic JMF (Jedi Mind Fuck) - Dutchmicrodosing<\/title>\n<meta name=\"description\" content=\"Seringue de culture liquide st\u00e9rile de 10 ml avec myc\u00e9lium Leucistic JMF. Une vari\u00e9t\u00e9 de Psilocybe cubensis puissante et visuellement frappante, id\u00e9ale pour la culture...\" \/>\n<meta name=\"robots\" content=\"index, follow, max-snippet:-1, max-image-preview:large, max-video-preview:-1\" \/>\n<link rel=\"canonical\" href=\"https:\/\/dutchmicrodosing.com\/fr\/magique-champignon-spores\/seringues-de-culture-liquide\/leucitic-jmf-jedi-mind-fuck-liquid-culture-spuit\/\" \/>\n<meta property=\"og:locale\" content=\"fr_FR\" \/>\n<meta property=\"og:type\" content=\"article\" \/>\n<meta property=\"og:title\" content=\"Seringue de culture liquide Leucitic JMF (Jedi Mind Fuck)\" \/>\n<meta property=\"og:description\" content=\"La seringue de culture liquide Leucitic JMF (Jedi Mind Fuck) est une variante leucitique sp\u00e9ciale de la populaire vari\u00e9t\u00e9 Jedi Mind Fuck. La perte\" \/>\n<meta property=\"og:url\" content=\"https:\/\/dutchmicrodosing.com\/fr\/magique-champignon-spores\/seringues-de-culture-liquide\/leucitic-jmf-jedi-mind-fuck-liquid-culture-spuit\/\" \/>\n<meta property=\"og:site_name\" content=\"Dutchmicrodosing\" \/>\n<meta property=\"article:publisher\" content=\"https:\/\/www.facebook.com\/Dutchmicrodosingxp\/\" \/>\n<meta property=\"article:modified_time\" content=\"2025-08-20T11:55:08+00:00\" \/>\n<meta property=\"og:image\" content=\"https:\/\/dutchmicrodosing.com\/wp-content\/uploads\/2025\/01\/Philosophr-Liquid-culture-packaging-_2_.jpg\" \/>\n\t<meta property=\"og:image:width\" content=\"1512\" \/>\n\t<meta property=\"og:image:height\" content=\"1512\" \/>\n\t<meta property=\"og:image:type\" content=\"image\/jpeg\" \/>\n<meta name=\"twitter:card\" content=\"summary_large_image\" \/>\n<script type=\"application\/ld+json\" class=\"yoast-schema-graph\">{\"@context\":\"https:\/\/schema.org\",\"@graph\":[{\"@type\":\"WebPage\",\"@id\":\"https:\/\/dutchmicrodosing.com\/fr\/magique-champignon-spores\/seringues-de-culture-liquide\/leucitic-jmf-jedi-mind-fuck-liquid-culture-spuit\/\",\"url\":\"https:\/\/dutchmicrodosing.com\/fr\/magique-champignon-spores\/seringues-de-culture-liquide\/leucitic-jmf-jedi-mind-fuck-liquid-culture-spuit\/\",\"name\":\"Seringue de culture liquide Leucitic JMF (Jedi Mind Fuck) - Dutchmicrodosing\",\"isPartOf\":{\"@id\":\"https:\/\/dutchmicrodosing.com\/fr\/#website\"},\"primaryImageOfPage\":{\"@id\":\"https:\/\/dutchmicrodosing.com\/fr\/magique-champignon-spores\/seringues-de-culture-liquide\/leucitic-jmf-jedi-mind-fuck-liquid-culture-spuit\/#primaryimage\"},\"image\":{\"@id\":\"https:\/\/dutchmicrodosing.com\/fr\/magique-champignon-spores\/seringues-de-culture-liquide\/leucitic-jmf-jedi-mind-fuck-liquid-culture-spuit\/#primaryimage\"},\"thumbnailUrl\":\"https:\/\/dutchmicrodosing.com\/wp-content\/uploads\/2025\/01\/Philosophr-Liquid-culture-packaging-_2_.jpg\",\"datePublished\":\"2025-01-17T08:00:34+00:00\",\"dateModified\":\"2025-08-20T11:55:08+00:00\",\"description\":\"Seringue de culture liquide st\u00e9rile de 10 ml avec myc\u00e9lium Leucistic JMF. Une vari\u00e9t\u00e9 de Psilocybe cubensis puissante et visuellement frappante, id\u00e9ale pour la culture...\",\"breadcrumb\":{\"@id\":\"https:\/\/dutchmicrodosing.com\/fr\/magique-champignon-spores\/seringues-de-culture-liquide\/leucitic-jmf-jedi-mind-fuck-liquid-culture-spuit\/#breadcrumb\"},\"inLanguage\":\"fr-FR\",\"potentialAction\":[{\"@type\":\"ReadAction\",\"target\":[\"https:\/\/dutchmicrodosing.com\/fr\/magique-champignon-spores\/seringues-de-culture-liquide\/leucitic-jmf-jedi-mind-fuck-liquid-culture-spuit\/\"]}]},{\"@type\":\"ImageObject\",\"inLanguage\":\"fr-FR\",\"@id\":\"https:\/\/dutchmicrodosing.com\/fr\/magique-champignon-spores\/seringues-de-culture-liquide\/leucitic-jmf-jedi-mind-fuck-liquid-culture-spuit\/#primaryimage\",\"url\":\"https:\/\/dutchmicrodosing.com\/wp-content\/uploads\/2025\/01\/Philosophr-Liquid-culture-packaging-_2_.jpg\",\"contentUrl\":\"https:\/\/dutchmicrodosing.com\/wp-content\/uploads\/2025\/01\/Philosophr-Liquid-culture-packaging-_2_.jpg\",\"width\":1512,\"height\":1512},{\"@type\":\"BreadcrumbList\",\"@id\":\"https:\/\/dutchmicrodosing.com\/fr\/magique-champignon-spores\/seringues-de-culture-liquide\/leucitic-jmf-jedi-mind-fuck-liquid-culture-spuit\/#breadcrumb\",\"itemListElement\":[{\"@type\":\"ListItem\",\"position\":1,\"name\":\"Home\",\"item\":\"https:\/\/dutchmicrodosing.com\/fr\/\"},{\"@type\":\"ListItem\",\"position\":2,\"name\":\"Boutique\",\"item\":\"https:\/\/dutchmicrodosing.com\/fr\/boutique\/\"},{\"@type\":\"ListItem\",\"position\":3,\"name\":\"Seringue de culture liquide Leucitic JMF (Jedi Mind Fuck)\"}]},{\"@type\":\"WebSite\",\"@id\":\"https:\/\/dutchmicrodosing.com\/fr\/#website\",\"url\":\"https:\/\/dutchmicrodosing.com\/fr\/\",\"name\":\"Dutchmicrodosing\",\"description\":\"\",\"publisher\":{\"@id\":\"https:\/\/dutchmicrodosing.com\/fr\/#organization\"},\"potentialAction\":[{\"@type\":\"SearchAction\",\"target\":{\"@type\":\"EntryPoint\",\"urlTemplate\":\"https:\/\/dutchmicrodosing.com\/fr\/?s={search_term_string}\"},\"query-input\":{\"@type\":\"PropertyValueSpecification\",\"valueRequired\":true,\"valueName\":\"search_term_string\"}}],\"inLanguage\":\"fr-FR\"},{\"@type\":\"Organization\",\"@id\":\"https:\/\/dutchmicrodosing.com\/fr\/#organization\",\"name\":\"Dutchmicrodosing\",\"url\":\"https:\/\/dutchmicrodosing.com\/fr\/\",\"logo\":{\"@type\":\"ImageObject\",\"inLanguage\":\"fr-FR\",\"@id\":\"https:\/\/dutchmicrodosing.com\/fr\/#\/schema\/logo\/image\/\",\"url\":\"https:\/\/dutchmicrodosing.com\/wp-content\/uploads\/2021\/01\/microdosing-categorie-pic-nieuw.jpg\",\"contentUrl\":\"https:\/\/dutchmicrodosing.com\/wp-content\/uploads\/2021\/01\/microdosing-categorie-pic-nieuw.jpg\",\"width\":500,\"height\":500,\"caption\":\"Dutchmicrodosing\"},\"image\":{\"@id\":\"https:\/\/dutchmicrodosing.com\/fr\/#\/schema\/logo\/image\/\"},\"sameAs\":[\"https:\/\/www.facebook.com\/Dutchmicrodosingxp\/\",\"https:\/\/www.instagram.com\/dutchmicrodosing\/\"]}]}<\/script>\n<meta property=\"product:price:amount\" content=\"18.95\" \/>\n<meta property=\"product:price:currency\" content=\"EUR\" \/>\n<meta property=\"og:availability\" content=\"instock\" \/>\n<meta property=\"product:availability\" content=\"instock\" \/>\n<meta property=\"product:retailer_item_id\" content=\"5201477\" \/>\n<meta property=\"product:condition\" content=\"new\" \/>\n<!-- \/ Yoast SEO Premium plugin. -->","yoast_head_json":{"title":"Seringue de culture liquide Leucitic JMF (Jedi Mind Fuck) - Dutchmicrodosing","description":"Seringue de culture liquide st\u00e9rile de 10 ml avec myc\u00e9lium Leucistic JMF. Une vari\u00e9t\u00e9 de Psilocybe cubensis puissante et visuellement frappante, id\u00e9ale pour la culture...","robots":{"index":"index","follow":"follow","max-snippet":"max-snippet:-1","max-image-preview":"max-image-preview:large","max-video-preview":"max-video-preview:-1"},"canonical":"https:\/\/dutchmicrodosing.com\/fr\/magique-champignon-spores\/seringues-de-culture-liquide\/leucitic-jmf-jedi-mind-fuck-liquid-culture-spuit\/","og_locale":"fr_FR","og_type":"article","og_title":"Seringue de culture liquide Leucitic JMF (Jedi Mind Fuck)","og_description":"La seringue de culture liquide Leucitic JMF (Jedi Mind Fuck) est une variante leucitique sp\u00e9ciale de la populaire vari\u00e9t\u00e9 Jedi Mind Fuck. La perte","og_url":"https:\/\/dutchmicrodosing.com\/fr\/magique-champignon-spores\/seringues-de-culture-liquide\/leucitic-jmf-jedi-mind-fuck-liquid-culture-spuit\/","og_site_name":"Dutchmicrodosing","article_publisher":"https:\/\/www.facebook.com\/Dutchmicrodosingxp\/","article_modified_time":"2025-08-20T11:55:08+00:00","og_image":[{"width":1512,"height":1512,"url":"https:\/\/dutchmicrodosing.com\/wp-content\/uploads\/2025\/01\/Philosophr-Liquid-culture-packaging-_2_.jpg","type":"image\/jpeg"}],"twitter_card":"summary_large_image","schema":{"@context":"https:\/\/schema.org","@graph":[{"@type":"WebPage","@id":"https:\/\/dutchmicrodosing.com\/fr\/magique-champignon-spores\/seringues-de-culture-liquide\/leucitic-jmf-jedi-mind-fuck-liquid-culture-spuit\/","url":"https:\/\/dutchmicrodosing.com\/fr\/magique-champignon-spores\/seringues-de-culture-liquide\/leucitic-jmf-jedi-mind-fuck-liquid-culture-spuit\/","name":"Seringue de culture liquide Leucitic JMF (Jedi Mind Fuck) - Dutchmicrodosing","isPartOf":{"@id":"https:\/\/dutchmicrodosing.com\/fr\/#website"},"primaryImageOfPage":{"@id":"https:\/\/dutchmicrodosing.com\/fr\/magique-champignon-spores\/seringues-de-culture-liquide\/leucitic-jmf-jedi-mind-fuck-liquid-culture-spuit\/#primaryimage"},"image":{"@id":"https:\/\/dutchmicrodosing.com\/fr\/magique-champignon-spores\/seringues-de-culture-liquide\/leucitic-jmf-jedi-mind-fuck-liquid-culture-spuit\/#primaryimage"},"thumbnailUrl":"https:\/\/dutchmicrodosing.com\/wp-content\/uploads\/2025\/01\/Philosophr-Liquid-culture-packaging-_2_.jpg","datePublished":"2025-01-17T08:00:34+00:00","dateModified":"2025-08-20T11:55:08+00:00","description":"Seringue de culture liquide st\u00e9rile de 10 ml avec myc\u00e9lium Leucistic JMF. Une vari\u00e9t\u00e9 de Psilocybe cubensis puissante et visuellement frappante, id\u00e9ale pour la culture...","breadcrumb":{"@id":"https:\/\/dutchmicrodosing.com\/fr\/magique-champignon-spores\/seringues-de-culture-liquide\/leucitic-jmf-jedi-mind-fuck-liquid-culture-spuit\/#breadcrumb"},"inLanguage":"fr-FR","potentialAction":[{"@type":"ReadAction","target":["https:\/\/dutchmicrodosing.com\/fr\/magique-champignon-spores\/seringues-de-culture-liquide\/leucitic-jmf-jedi-mind-fuck-liquid-culture-spuit\/"]}]},{"@type":"ImageObject","inLanguage":"fr-FR","@id":"https:\/\/dutchmicrodosing.com\/fr\/magique-champignon-spores\/seringues-de-culture-liquide\/leucitic-jmf-jedi-mind-fuck-liquid-culture-spuit\/#primaryimage","url":"https:\/\/dutchmicrodosing.com\/wp-content\/uploads\/2025\/01\/Philosophr-Liquid-culture-packaging-_2_.jpg","contentUrl":"https:\/\/dutchmicrodosing.com\/wp-content\/uploads\/2025\/01\/Philosophr-Liquid-culture-packaging-_2_.jpg","width":1512,"height":1512},{"@type":"BreadcrumbList","@id":"https:\/\/dutchmicrodosing.com\/fr\/magique-champignon-spores\/seringues-de-culture-liquide\/leucitic-jmf-jedi-mind-fuck-liquid-culture-spuit\/#breadcrumb","itemListElement":[{"@type":"ListItem","position":1,"name":"Home","item":"https:\/\/dutchmicrodosing.com\/fr\/"},{"@type":"ListItem","position":2,"name":"Boutique","item":"https:\/\/dutchmicrodosing.com\/fr\/boutique\/"},{"@type":"ListItem","position":3,"name":"Seringue de culture liquide Leucitic JMF (Jedi Mind Fuck)"}]},{"@type":"WebSite","@id":"https:\/\/dutchmicrodosing.com\/fr\/#website","url":"https:\/\/dutchmicrodosing.com\/fr\/","name":"Dutchmicrodosing","description":"","publisher":{"@id":"https:\/\/dutchmicrodosing.com\/fr\/#organization"},"potentialAction":[{"@type":"SearchAction","target":{"@type":"EntryPoint","urlTemplate":"https:\/\/dutchmicrodosing.com\/fr\/?s={search_term_string}"},"query-input":{"@type":"PropertyValueSpecification","valueRequired":true,"valueName":"search_term_string"}}],"inLanguage":"fr-FR"},{"@type":"Organization","@id":"https:\/\/dutchmicrodosing.com\/fr\/#organization","name":"Dutchmicrodosing","url":"https:\/\/dutchmicrodosing.com\/fr\/","logo":{"@type":"ImageObject","inLanguage":"fr-FR","@id":"https:\/\/dutchmicrodosing.com\/fr\/#\/schema\/logo\/image\/","url":"https:\/\/dutchmicrodosing.com\/wp-content\/uploads\/2021\/01\/microdosing-categorie-pic-nieuw.jpg","contentUrl":"https:\/\/dutchmicrodosing.com\/wp-content\/uploads\/2021\/01\/microdosing-categorie-pic-nieuw.jpg","width":500,"height":500,"caption":"Dutchmicrodosing"},"image":{"@id":"https:\/\/dutchmicrodosing.com\/fr\/#\/schema\/logo\/image\/"},"sameAs":["https:\/\/www.facebook.com\/Dutchmicrodosingxp\/","https:\/\/www.instagram.com\/dutchmicrodosing\/"]}]},"product_price_amount":"18.95","product_price_currency":"EUR","og_availability":"instock","product_availability":"instock","product_retailer_item_id":"5201477","product_condition":"new"},"_links":{"self":[{"href":"https:\/\/dutchmicrodosing.com\/fr\/wp-json\/wp\/v2\/product\/44643","targetHints":{"allow":["GET"]}}],"collection":[{"href":"https:\/\/dutchmicrodosing.com\/fr\/wp-json\/wp\/v2\/product"}],"about":[{"href":"https:\/\/dutchmicrodosing.com\/fr\/wp-json\/wp\/v2\/types\/product"}],"replies":[{"embeddable":true,"href":"https:\/\/dutchmicrodosing.com\/fr\/wp-json\/wp\/v2\/comments?post=44643"}],"version-history":[{"count":0,"href":"https:\/\/dutchmicrodosing.com\/fr\/wp-json\/wp\/v2\/product\/44643\/revisions"}],"wp:featuredmedia":[{"embeddable":true,"href":"https:\/\/dutchmicrodosing.com\/fr\/wp-json\/wp\/v2\/media\/46260"}],"wp:attachment":[{"href":"https:\/\/dutchmicrodosing.com\/fr\/wp-json\/wp\/v2\/media?parent=44643"}],"wp:term":[{"taxonomy":"product_brand","embeddable":true,"href":"https:\/\/dutchmicrodosing.com\/fr\/wp-json\/wp\/v2\/product_brand?post=44643"},{"taxonomy":"product_cat","embeddable":true,"href":"https:\/\/dutchmicrodosing.com\/fr\/wp-json\/wp\/v2\/product_cat?post=44643"},{"taxonomy":"product_tag","embeddable":true,"href":"https:\/\/dutchmicrodosing.com\/fr\/wp-json\/wp\/v2\/product_tag?post=44643"}],"curies":[{"name":"wp","href":"https:\/\/api.w.org\/{rel}","templated":true}]}}