{"id":44655,"date":"2025-01-17T08:42:46","date_gmt":"2025-01-17T07:42:46","guid":{"rendered":"https:\/\/dutchmicrodosing.com\/shop\/non%20class\u00e9\/cascadian-teacher-liquid-culture-spuit\/"},"modified":"2025-09-14T20:16:16","modified_gmt":"2025-09-14T18:16:16","slug":"cascadian-teacher-liquid-culture-spuit","status":"publish","type":"product","link":"https:\/\/dutchmicrodosing.com\/fr\/magique-champignon-spores\/seringues-de-culture-liquide\/cascadian-teacher-liquid-culture-spuit\/","title":{"rendered":"Seringue de culture liquide Cascadian Teacher"},"content":{"rendered":"<p><strong>Psilocybe Cubensis Cascadian Teacher<\/strong> est une vari\u00e9t\u00e9 de champignon puissante et fiable inspir\u00e9e de la populaire Golden Teacher. Cette vari\u00e9t\u00e9 est connue pour sa colonisation rapide et sa fructification remarquable, ce qui en fait un excellent choix pour les d\u00e9butants et les cultivateurs exp\u00e9riment\u00e9s.<\/p>\n<p>La <strong>seringue de culture liquide Cascadian Teacher de<\/strong> 10 ml est enti\u00e8rement st\u00e9rilis\u00e9e, ce qui garantit une puret\u00e9 optimale et un risque de contamination minimal. Avec une forte croissance et une polyvalence avec diff\u00e9rents substrats, cette vari\u00e9t\u00e9 offre des r\u00e9sultats coh\u00e9rents et fiables pour tout projet de culture.<\/p>\n<h3>Caract\u00e9ristiques principales<\/h3>\n<ul>\n<li>Vari\u00e9t\u00e9 : Psilocybe Cubensis Cascadian Teacher &#8211; une vari\u00e9t\u00e9 robuste et adaptable inspir\u00e9e par Golden Teacher.<\/li>\n<li>Volume : seringue st\u00e9rile de 10 ml avec culture liquide riche en nutriments.<\/li>\n<li>Puret\u00e9 : <strong>Isol\u00e9<\/strong> et st\u00e9rilis\u00e9 par <strong>des professionnels<\/strong> pour une croissance constante et fiable.<\/li>\n<\/ul>\n<h3>De quoi avez-vous besoin pour cultiver des champignons ?<\/h3>\n<ol>\n<li>C\u00e9r\u00e9ales (aliments) : Les champignons ont besoin d&rsquo;une source de nutriments pour se d\u00e9velopper. Des c\u00e9r\u00e9ales telles que le seigle ou le ma\u00efs sont souvent utilis\u00e9es, car elles sont riches en hydrates de carbone et autres nutriments essentiels \u00e0 la croissance du myc\u00e9lium (la structure racinaire du champignon).<\/li>\n<li>Substrat (sol) : Le substrat fournit un support physique au myc\u00e9lium et favorise la r\u00e9tention d&rsquo;eau. Il peut s&rsquo;agir de bois, de paille, de sciure de bois ou de tout autre mat\u00e9riau organique dans lequel le myc\u00e9lium peut se d\u00e9velopper. Le substrat doit \u00eatre st\u00e9rile ou bien trait\u00e9 pour \u00e9viter les bact\u00e9ries et les champignons ind\u00e9sirables.<\/li>\n<li>La culture (le myc\u00e9lium ou les spores) : C&rsquo;est la base biologique du champignon. Le myc\u00e9lium est la forme v\u00e9g\u00e9tative du champignon et se d\u00e9veloppe \u00e0 travers le substrat pour former le champignon. Il peut \u00eatre achet\u00e9 sous forme de \u00ab\u00a0culture liquide\u00a0\u00bb ou cultiv\u00e9 \u00e0 la maison \u00e0 partir de spores. (nous recommandons la culture en milieu liquide)<\/li>\n<li>Avec ces trois \u00e9l\u00e9ments, vous pouvez cultiver des champignons, en fonction de l&rsquo;esp\u00e8ce que vous souhaitez cultiver.<\/li>\n<\/ol>\n<h3>Humidit\u00e9 et hygi\u00e8ne<\/h3>\n<p>Le processus n\u00e9cessite un contr\u00f4le minutieux de facteurs tels que la temp\u00e9rature, l&rsquo;humidit\u00e9 et l&rsquo;hygi\u00e8ne afin d&rsquo;obtenir une r\u00e9colte r\u00e9ussie.<\/p>\n<p><strong>Humidit\u00e9 : <\/strong>vous maintenez l&rsquo;humidit\u00e9 en cultivant les champignons dans un sac ou un monotube. Le substrat reste ainsi humide, ce qui est important pour la croissance des champignons.<\/p>\n<p><strong>Hygi\u00e8ne : <\/strong>Pour \u00e9viter toute contamination, nous travaillons avec un port d&rsquo;injection sur les sacs. Cela permet d&rsquo;injecter facilement le myc\u00e9lium (les \u00ab\u00a0graines\u00a0\u00bb du champignon) dans le sac sans avoir besoin d&rsquo;une salle blanche sp\u00e9ciale. Les clients ne doivent utiliser qu&rsquo;une aiguille propre pour garantir l&rsquo;hygi\u00e8ne.<\/p>\n<h3>Contenu<\/h3>\n<ul>\n<li>1x seringue st\u00e9rile de 10ml contenant la culture liquide Cascadian Teacher.<\/li>\n<li>1x aiguille st\u00e9rile de calibre 18 pour faciliter l&rsquo;inoculation.<\/li>\n<li>1x tampon de pr\u00e9paration \u00e0 l&rsquo;alcool pour le traitement st\u00e9rile.<\/li>\n<\/ul>\n<h3>Conseils de stockage<\/h3>\n<p>Conserver au r\u00e9frig\u00e9rateur \u00e0 2-8\u00b0C pour garantir la viabilit\u00e9. S&rsquo;ils sont bien conserv\u00e9s, ils restent utilisables jusqu&rsquo;\u00e0 6 mois. Tenir hors de port\u00e9e des enfants.<\/p>\n","protected":false},"excerpt":{"rendered":"<p>Psilocybe Cubensis Cascadian Teacher est une vari\u00e9t\u00e9 de champignon puissante et fiable inspir\u00e9e de la populaire Golden Teacher. Cette vari\u00e9t\u00e9 est connue pour sa colonisation rapide et sa fructification remarquable, ce qui en fait un excellent choix pour les d\u00e9butants et les cultivateurs exp\u00e9riment\u00e9s. La seringue de culture liquide Cascadian Teacher de 10 ml est [&hellip;]<\/p>\n","protected":false},"featured_media":46260,"comment_status":"closed","ping_status":"closed","template":"","meta":[],"product_brand":[],"product_cat":[358],"product_tag":[],"class_list":{"0":"post-44655","1":"product","2":"type-product","3":"status-publish","4":"has-post-thumbnail","6":"product_cat-seringues-de-culture-liquide","8":"first","9":"instock","10":"taxable","11":"shipping-taxable","12":"purchasable","13":"product-type-simple"},"yoast_head":"<!-- This site is optimized with the Yoast SEO Premium plugin v26.4 (Yoast SEO v27.2) - https:\/\/yoast.com\/product\/yoast-seo-premium-wordpress\/ -->\n<title>Seringue de culture liquide Cascadian Teacher - Dutchmicrodosing<\/title>\n<meta name=\"robots\" content=\"index, follow, max-snippet:-1, max-image-preview:large, max-video-preview:-1\" \/>\n<link rel=\"canonical\" href=\"https:\/\/dutchmicrodosing.com\/fr\/magique-champignon-spores\/seringues-de-culture-liquide\/cascadian-teacher-liquid-culture-spuit\/\" \/>\n<meta property=\"og:locale\" content=\"fr_FR\" \/>\n<meta property=\"og:type\" content=\"article\" \/>\n<meta property=\"og:title\" content=\"Seringue de culture liquide Cascadian Teacher\" \/>\n<meta property=\"og:description\" content=\"Psilocybe Cubensis Cascadian Teacher est une vari\u00e9t\u00e9 de champignon puissante et fiable inspir\u00e9e de la populaire Golden Teacher. Cette vari\u00e9t\u00e9 est connue\" \/>\n<meta property=\"og:url\" content=\"https:\/\/dutchmicrodosing.com\/fr\/magique-champignon-spores\/seringues-de-culture-liquide\/cascadian-teacher-liquid-culture-spuit\/\" \/>\n<meta property=\"og:site_name\" content=\"Dutchmicrodosing\" \/>\n<meta property=\"article:publisher\" content=\"https:\/\/www.facebook.com\/Dutchmicrodosingxp\/\" \/>\n<meta property=\"article:modified_time\" content=\"2025-09-14T18:16:16+00:00\" \/>\n<meta property=\"og:image\" content=\"https:\/\/dutchmicrodosing.com\/wp-content\/uploads\/2025\/01\/Philosophr-Liquid-culture-packaging-_2_.jpg\" \/>\n\t<meta property=\"og:image:width\" content=\"1512\" \/>\n\t<meta property=\"og:image:height\" content=\"1512\" \/>\n\t<meta property=\"og:image:type\" content=\"image\/jpeg\" \/>\n<meta name=\"twitter:card\" content=\"summary_large_image\" \/>\n<script type=\"application\/ld+json\" class=\"yoast-schema-graph\">{\"@context\":\"https:\/\/schema.org\",\"@graph\":[{\"@type\":\"WebPage\",\"@id\":\"https:\/\/dutchmicrodosing.com\/fr\/magique-champignon-spores\/seringues-de-culture-liquide\/cascadian-teacher-liquid-culture-spuit\/\",\"url\":\"https:\/\/dutchmicrodosing.com\/fr\/magique-champignon-spores\/seringues-de-culture-liquide\/cascadian-teacher-liquid-culture-spuit\/\",\"name\":\"Seringue de culture liquide Cascadian Teacher - Dutchmicrodosing\",\"isPartOf\":{\"@id\":\"https:\/\/dutchmicrodosing.com\/fr\/#website\"},\"primaryImageOfPage\":{\"@id\":\"https:\/\/dutchmicrodosing.com\/fr\/magique-champignon-spores\/seringues-de-culture-liquide\/cascadian-teacher-liquid-culture-spuit\/#primaryimage\"},\"image\":{\"@id\":\"https:\/\/dutchmicrodosing.com\/fr\/magique-champignon-spores\/seringues-de-culture-liquide\/cascadian-teacher-liquid-culture-spuit\/#primaryimage\"},\"thumbnailUrl\":\"https:\/\/dutchmicrodosing.com\/wp-content\/uploads\/2025\/01\/Philosophr-Liquid-culture-packaging-_2_.jpg\",\"datePublished\":\"2025-01-17T07:42:46+00:00\",\"dateModified\":\"2025-09-14T18:16:16+00:00\",\"breadcrumb\":{\"@id\":\"https:\/\/dutchmicrodosing.com\/fr\/magique-champignon-spores\/seringues-de-culture-liquide\/cascadian-teacher-liquid-culture-spuit\/#breadcrumb\"},\"inLanguage\":\"fr-FR\",\"potentialAction\":[{\"@type\":\"ReadAction\",\"target\":[\"https:\/\/dutchmicrodosing.com\/fr\/magique-champignon-spores\/seringues-de-culture-liquide\/cascadian-teacher-liquid-culture-spuit\/\"]}]},{\"@type\":\"ImageObject\",\"inLanguage\":\"fr-FR\",\"@id\":\"https:\/\/dutchmicrodosing.com\/fr\/magique-champignon-spores\/seringues-de-culture-liquide\/cascadian-teacher-liquid-culture-spuit\/#primaryimage\",\"url\":\"https:\/\/dutchmicrodosing.com\/wp-content\/uploads\/2025\/01\/Philosophr-Liquid-culture-packaging-_2_.jpg\",\"contentUrl\":\"https:\/\/dutchmicrodosing.com\/wp-content\/uploads\/2025\/01\/Philosophr-Liquid-culture-packaging-_2_.jpg\",\"width\":1512,\"height\":1512},{\"@type\":\"BreadcrumbList\",\"@id\":\"https:\/\/dutchmicrodosing.com\/fr\/magique-champignon-spores\/seringues-de-culture-liquide\/cascadian-teacher-liquid-culture-spuit\/#breadcrumb\",\"itemListElement\":[{\"@type\":\"ListItem\",\"position\":1,\"name\":\"Home\",\"item\":\"https:\/\/dutchmicrodosing.com\/fr\/\"},{\"@type\":\"ListItem\",\"position\":2,\"name\":\"Boutique\",\"item\":\"https:\/\/dutchmicrodosing.com\/fr\/boutique\/\"},{\"@type\":\"ListItem\",\"position\":3,\"name\":\"Seringue de culture liquide Cascadian Teacher\"}]},{\"@type\":\"WebSite\",\"@id\":\"https:\/\/dutchmicrodosing.com\/fr\/#website\",\"url\":\"https:\/\/dutchmicrodosing.com\/fr\/\",\"name\":\"Dutchmicrodosing\",\"description\":\"\",\"publisher\":{\"@id\":\"https:\/\/dutchmicrodosing.com\/fr\/#organization\"},\"potentialAction\":[{\"@type\":\"SearchAction\",\"target\":{\"@type\":\"EntryPoint\",\"urlTemplate\":\"https:\/\/dutchmicrodosing.com\/fr\/?s={search_term_string}\"},\"query-input\":{\"@type\":\"PropertyValueSpecification\",\"valueRequired\":true,\"valueName\":\"search_term_string\"}}],\"inLanguage\":\"fr-FR\"},{\"@type\":\"Organization\",\"@id\":\"https:\/\/dutchmicrodosing.com\/fr\/#organization\",\"name\":\"Dutchmicrodosing\",\"url\":\"https:\/\/dutchmicrodosing.com\/fr\/\",\"logo\":{\"@type\":\"ImageObject\",\"inLanguage\":\"fr-FR\",\"@id\":\"https:\/\/dutchmicrodosing.com\/fr\/#\/schema\/logo\/image\/\",\"url\":\"https:\/\/dutchmicrodosing.com\/wp-content\/uploads\/2021\/01\/microdosing-categorie-pic-nieuw.jpg\",\"contentUrl\":\"https:\/\/dutchmicrodosing.com\/wp-content\/uploads\/2021\/01\/microdosing-categorie-pic-nieuw.jpg\",\"width\":500,\"height\":500,\"caption\":\"Dutchmicrodosing\"},\"image\":{\"@id\":\"https:\/\/dutchmicrodosing.com\/fr\/#\/schema\/logo\/image\/\"},\"sameAs\":[\"https:\/\/www.facebook.com\/Dutchmicrodosingxp\/\",\"https:\/\/www.instagram.com\/dutchmicrodosing\/\"]}]}<\/script>\n<meta property=\"product:price:amount\" content=\"18.95\" \/>\n<meta property=\"product:price:currency\" content=\"EUR\" \/>\n<meta property=\"og:availability\" content=\"instock\" \/>\n<meta property=\"product:availability\" content=\"instock\" \/>\n<meta property=\"product:retailer_item_id\" content=\"5201781\" \/>\n<meta property=\"product:condition\" content=\"new\" \/>\n<!-- \/ Yoast SEO Premium plugin. -->","yoast_head_json":{"title":"Seringue de culture liquide Cascadian Teacher - Dutchmicrodosing","robots":{"index":"index","follow":"follow","max-snippet":"max-snippet:-1","max-image-preview":"max-image-preview:large","max-video-preview":"max-video-preview:-1"},"canonical":"https:\/\/dutchmicrodosing.com\/fr\/magique-champignon-spores\/seringues-de-culture-liquide\/cascadian-teacher-liquid-culture-spuit\/","og_locale":"fr_FR","og_type":"article","og_title":"Seringue de culture liquide Cascadian Teacher","og_description":"Psilocybe Cubensis Cascadian Teacher est une vari\u00e9t\u00e9 de champignon puissante et fiable inspir\u00e9e de la populaire Golden Teacher. Cette vari\u00e9t\u00e9 est connue","og_url":"https:\/\/dutchmicrodosing.com\/fr\/magique-champignon-spores\/seringues-de-culture-liquide\/cascadian-teacher-liquid-culture-spuit\/","og_site_name":"Dutchmicrodosing","article_publisher":"https:\/\/www.facebook.com\/Dutchmicrodosingxp\/","article_modified_time":"2025-09-14T18:16:16+00:00","og_image":[{"width":1512,"height":1512,"url":"https:\/\/dutchmicrodosing.com\/wp-content\/uploads\/2025\/01\/Philosophr-Liquid-culture-packaging-_2_.jpg","type":"image\/jpeg"}],"twitter_card":"summary_large_image","schema":{"@context":"https:\/\/schema.org","@graph":[{"@type":"WebPage","@id":"https:\/\/dutchmicrodosing.com\/fr\/magique-champignon-spores\/seringues-de-culture-liquide\/cascadian-teacher-liquid-culture-spuit\/","url":"https:\/\/dutchmicrodosing.com\/fr\/magique-champignon-spores\/seringues-de-culture-liquide\/cascadian-teacher-liquid-culture-spuit\/","name":"Seringue de culture liquide Cascadian Teacher - Dutchmicrodosing","isPartOf":{"@id":"https:\/\/dutchmicrodosing.com\/fr\/#website"},"primaryImageOfPage":{"@id":"https:\/\/dutchmicrodosing.com\/fr\/magique-champignon-spores\/seringues-de-culture-liquide\/cascadian-teacher-liquid-culture-spuit\/#primaryimage"},"image":{"@id":"https:\/\/dutchmicrodosing.com\/fr\/magique-champignon-spores\/seringues-de-culture-liquide\/cascadian-teacher-liquid-culture-spuit\/#primaryimage"},"thumbnailUrl":"https:\/\/dutchmicrodosing.com\/wp-content\/uploads\/2025\/01\/Philosophr-Liquid-culture-packaging-_2_.jpg","datePublished":"2025-01-17T07:42:46+00:00","dateModified":"2025-09-14T18:16:16+00:00","breadcrumb":{"@id":"https:\/\/dutchmicrodosing.com\/fr\/magique-champignon-spores\/seringues-de-culture-liquide\/cascadian-teacher-liquid-culture-spuit\/#breadcrumb"},"inLanguage":"fr-FR","potentialAction":[{"@type":"ReadAction","target":["https:\/\/dutchmicrodosing.com\/fr\/magique-champignon-spores\/seringues-de-culture-liquide\/cascadian-teacher-liquid-culture-spuit\/"]}]},{"@type":"ImageObject","inLanguage":"fr-FR","@id":"https:\/\/dutchmicrodosing.com\/fr\/magique-champignon-spores\/seringues-de-culture-liquide\/cascadian-teacher-liquid-culture-spuit\/#primaryimage","url":"https:\/\/dutchmicrodosing.com\/wp-content\/uploads\/2025\/01\/Philosophr-Liquid-culture-packaging-_2_.jpg","contentUrl":"https:\/\/dutchmicrodosing.com\/wp-content\/uploads\/2025\/01\/Philosophr-Liquid-culture-packaging-_2_.jpg","width":1512,"height":1512},{"@type":"BreadcrumbList","@id":"https:\/\/dutchmicrodosing.com\/fr\/magique-champignon-spores\/seringues-de-culture-liquide\/cascadian-teacher-liquid-culture-spuit\/#breadcrumb","itemListElement":[{"@type":"ListItem","position":1,"name":"Home","item":"https:\/\/dutchmicrodosing.com\/fr\/"},{"@type":"ListItem","position":2,"name":"Boutique","item":"https:\/\/dutchmicrodosing.com\/fr\/boutique\/"},{"@type":"ListItem","position":3,"name":"Seringue de culture liquide Cascadian Teacher"}]},{"@type":"WebSite","@id":"https:\/\/dutchmicrodosing.com\/fr\/#website","url":"https:\/\/dutchmicrodosing.com\/fr\/","name":"Dutchmicrodosing","description":"","publisher":{"@id":"https:\/\/dutchmicrodosing.com\/fr\/#organization"},"potentialAction":[{"@type":"SearchAction","target":{"@type":"EntryPoint","urlTemplate":"https:\/\/dutchmicrodosing.com\/fr\/?s={search_term_string}"},"query-input":{"@type":"PropertyValueSpecification","valueRequired":true,"valueName":"search_term_string"}}],"inLanguage":"fr-FR"},{"@type":"Organization","@id":"https:\/\/dutchmicrodosing.com\/fr\/#organization","name":"Dutchmicrodosing","url":"https:\/\/dutchmicrodosing.com\/fr\/","logo":{"@type":"ImageObject","inLanguage":"fr-FR","@id":"https:\/\/dutchmicrodosing.com\/fr\/#\/schema\/logo\/image\/","url":"https:\/\/dutchmicrodosing.com\/wp-content\/uploads\/2021\/01\/microdosing-categorie-pic-nieuw.jpg","contentUrl":"https:\/\/dutchmicrodosing.com\/wp-content\/uploads\/2021\/01\/microdosing-categorie-pic-nieuw.jpg","width":500,"height":500,"caption":"Dutchmicrodosing"},"image":{"@id":"https:\/\/dutchmicrodosing.com\/fr\/#\/schema\/logo\/image\/"},"sameAs":["https:\/\/www.facebook.com\/Dutchmicrodosingxp\/","https:\/\/www.instagram.com\/dutchmicrodosing\/"]}]},"product_price_amount":"18.95","product_price_currency":"EUR","og_availability":"instock","product_availability":"instock","product_retailer_item_id":"5201781","product_condition":"new"},"_links":{"self":[{"href":"https:\/\/dutchmicrodosing.com\/fr\/wp-json\/wp\/v2\/product\/44655","targetHints":{"allow":["GET"]}}],"collection":[{"href":"https:\/\/dutchmicrodosing.com\/fr\/wp-json\/wp\/v2\/product"}],"about":[{"href":"https:\/\/dutchmicrodosing.com\/fr\/wp-json\/wp\/v2\/types\/product"}],"replies":[{"embeddable":true,"href":"https:\/\/dutchmicrodosing.com\/fr\/wp-json\/wp\/v2\/comments?post=44655"}],"version-history":[{"count":0,"href":"https:\/\/dutchmicrodosing.com\/fr\/wp-json\/wp\/v2\/product\/44655\/revisions"}],"wp:featuredmedia":[{"embeddable":true,"href":"https:\/\/dutchmicrodosing.com\/fr\/wp-json\/wp\/v2\/media\/46260"}],"wp:attachment":[{"href":"https:\/\/dutchmicrodosing.com\/fr\/wp-json\/wp\/v2\/media?parent=44655"}],"wp:term":[{"taxonomy":"product_brand","embeddable":true,"href":"https:\/\/dutchmicrodosing.com\/fr\/wp-json\/wp\/v2\/product_brand?post=44655"},{"taxonomy":"product_cat","embeddable":true,"href":"https:\/\/dutchmicrodosing.com\/fr\/wp-json\/wp\/v2\/product_cat?post=44655"},{"taxonomy":"product_tag","embeddable":true,"href":"https:\/\/dutchmicrodosing.com\/fr\/wp-json\/wp\/v2\/product_tag?post=44655"}],"curies":[{"name":"wp","href":"https:\/\/api.w.org\/{rel}","templated":true}]}}