{"id":44661,"date":"2025-01-17T09:12:36","date_gmt":"2025-01-17T08:12:36","guid":{"rendered":"https:\/\/dutchmicrodosing.com\/shop\/non%20class\u00e9\/mac-galactic-liquid-culture-spuit\/"},"modified":"2026-04-07T16:38:13","modified_gmt":"2026-04-07T14:38:13","slug":"mac-galactic-liquid-culture-spuit","status":"publish","type":"product","link":"https:\/\/dutchmicrodosing.com\/fr\/magique-champignon-spores\/seringues-de-culture-liquide\/mac-galactic-liquid-culture-spuit\/","title":{"rendered":"Seringue pour culture liquide Mac Galactic"},"content":{"rendered":"<p>Avec la <strong>seringue de culture liquide Mac Galactic<\/strong> de Mystic Fungi, vous apportez chez vous une souche de Psilocybe cubensis de haute qualit\u00e9. Cette culture liquide est parfaite pour le cultivateur passionn\u00e9 \u00e0 la recherche d&rsquo;une vari\u00e9t\u00e9 forte, fiable et visuellement impressionnante. Gr\u00e2ce \u00e0 une colonisation rapide et \u00e0 des champignons fermes, cette souche donne de bons r\u00e9sultats.<\/p>\n<h3>Caract\u00e9ristiques<\/h3>\n<ul>\n<li>Souche exotique et puissante : Psilocybe cubensis Mac Galactic<\/li>\n<li>Contient 10 ml de liquide st\u00e9rile avec du myc\u00e9lium actif<\/li>\n<li>S\u00e9lectionn\u00e9 et cultiv\u00e9 dans des conditions st\u00e9riles pour une puret\u00e9 optimale<\/li>\n<li>Id\u00e9al pour une utilisation dans des sacs, des pots ou d&rsquo;autres environnements de culture<\/li>\n<li>Pr\u00eat \u00e0 l&#8217;emploi, y compris l&rsquo;aiguille et le chiffon de nettoyage<\/li>\n<li>Convient aux techniques ou exp\u00e9riences avanc\u00e9es<\/li>\n<\/ul>\n<h3>Ingr\u00e9dients et\/ou composition<\/h3>\n<ul>\n<li>10 ml de culture de myc\u00e9lium liquide Mac Galactic<\/li>\n<li>1x aiguille hypodermique st\u00e9rile (18G)<\/li>\n<li>1x tampon d&rsquo;alcool pour la d\u00e9sinfection<\/li>\n<\/ul>\n<h3>Utilisation<\/h3>\n<p>Veillez \u00e0 ce que l&rsquo;environnement de travail soit propre et les mains d\u00e9sinfect\u00e9es.<\/p>\n<ol>\n<li>Laissez la seringue revenir \u00e0 temp\u00e9rature ambiante.<\/li>\n<li>Nettoyez l&rsquo;orifice d&rsquo;injection de votre substrat \u00e0 l&rsquo;aide du tampon imbib\u00e9 d&rsquo;alcool.<\/li>\n<li>Fixez l&rsquo;aiguille et injectez soigneusement 1 \u00e0 2 ml de liquide dans le substrat.<\/li>\n<li>Gardez le substrat inject\u00e9 au chaud et \u00e0 l&rsquo;obscurit\u00e9 (entre 20 et 25\u00b0C) et laissez le myc\u00e9lium faire son travail.<\/li>\n<\/ol>\n<h3>Ce dont vous avez besoin pour commencer<\/h3>\n<ul>\n<li><strong>Alimentation :<\/strong> c\u00e9r\u00e9ales st\u00e9rilis\u00e9es telles que le seigle ou le ma\u00efs<\/li>\n<li><strong>Substrat :<\/strong> Une base qui retient l&rsquo;humidit\u00e9, telle que la fibre de coco, la sciure de bois ou la paille.<\/li>\n<li><strong>Culture :<\/strong> culture liquide avec myc\u00e9lium actif.<\/li>\n<\/ul>\n<p>Pour une r\u00e9colte r\u00e9ussie, il est important de maintenir en permanence une temp\u00e9rature, une humidit\u00e9 et une hygi\u00e8ne ad\u00e9quates. Gr\u00e2ce au port d&rsquo;injection, vous pouvez travailler facilement et en toute s\u00e9curit\u00e9 sans salle blanche s\u00e9par\u00e9e.<\/p>\n<h3>Contenu<\/h3>\n<ul>\n<li>1x seringue de 10ml avec culture liquide (Mac Galactic)<\/li>\n<li>1x aiguille st\u00e9rile<\/li>\n<li>1x tampon alcoolis\u00e9<\/li>\n<\/ul>\n<h3>Conseils de stockage<\/h3>\n<p>Conserver au r\u00e9frig\u00e9rateur (2 \u00e0 8\u00b0C). La culture reste ainsi utilisable jusqu&rsquo;\u00e0 6 mois. Tenir hors de port\u00e9e des enfants.<\/p>\n","protected":false},"excerpt":{"rendered":"<p>Avec la seringue de culture liquide Mac Galactic de Mystic Fungi, vous apportez chez vous une souche de Psilocybe cubensis de haute qualit\u00e9. Cette culture liquide est parfaite pour le cultivateur passionn\u00e9 \u00e0 la recherche d&rsquo;une vari\u00e9t\u00e9 forte, fiable et visuellement impressionnante. Gr\u00e2ce \u00e0 une colonisation rapide et \u00e0 des champignons fermes, cette souche donne [&hellip;]<\/p>\n","protected":false},"featured_media":46260,"comment_status":"closed","ping_status":"closed","template":"","meta":[],"product_brand":[],"product_cat":[358],"product_tag":[],"class_list":{"0":"post-44661","1":"product","2":"type-product","3":"status-publish","4":"has-post-thumbnail","6":"product_cat-seringues-de-culture-liquide","8":"first","9":"instock","10":"taxable","11":"shipping-taxable","12":"purchasable","13":"product-type-simple"},"yoast_head":"<!-- This site is optimized with the Yoast SEO Premium plugin v26.4 (Yoast SEO v27.4) - https:\/\/yoast.com\/product\/yoast-seo-premium-wordpress\/ -->\n<title>Seringue pour culture liquide Mac Galactic - Dutchmicrodosing<\/title>\n<meta name=\"description\" content=\"Culture liquide de haute qualit\u00e9 de Mac Galactic pour la culture en enclos. Seringue st\u00e9rile de 10 ml avec aiguille et tampon d&#039;alcool - id\u00e9ale pour les cultivateurs exp\u00e9riment\u00e9s...\" \/>\n<meta name=\"robots\" content=\"index, follow, max-snippet:-1, max-image-preview:large, max-video-preview:-1\" \/>\n<link rel=\"canonical\" href=\"https:\/\/dutchmicrodosing.com\/fr\/magique-champignon-spores\/seringues-de-culture-liquide\/mac-galactic-liquid-culture-spuit\/\" \/>\n<meta property=\"og:locale\" content=\"fr_FR\" \/>\n<meta property=\"og:type\" content=\"article\" \/>\n<meta property=\"og:title\" content=\"Seringue pour culture liquide Mac Galactic\" \/>\n<meta property=\"og:description\" content=\"Avec la seringue de culture liquide Mac Galactic de Mystic Fungi, vous apportez chez vous une souche de Psilocybe cubensis de haute qualit\u00e9. Cette culture\" \/>\n<meta property=\"og:url\" content=\"https:\/\/dutchmicrodosing.com\/fr\/magique-champignon-spores\/seringues-de-culture-liquide\/mac-galactic-liquid-culture-spuit\/\" \/>\n<meta property=\"og:site_name\" content=\"Dutchmicrodosing\" \/>\n<meta property=\"article:publisher\" content=\"https:\/\/www.facebook.com\/Dutchmicrodosingxp\/\" \/>\n<meta property=\"article:modified_time\" content=\"2026-04-07T14:38:13+00:00\" \/>\n<meta property=\"og:image\" content=\"https:\/\/dutchmicrodosing.com\/wp-content\/uploads\/2025\/01\/Philosophr-Liquid-culture-packaging-_2_.jpg\" \/>\n\t<meta property=\"og:image:width\" content=\"1512\" \/>\n\t<meta property=\"og:image:height\" content=\"1512\" \/>\n\t<meta property=\"og:image:type\" content=\"image\/jpeg\" \/>\n<meta name=\"twitter:card\" content=\"summary_large_image\" \/>\n<script type=\"application\/ld+json\" class=\"yoast-schema-graph\">{\"@context\":\"https:\\\/\\\/schema.org\",\"@graph\":[{\"@type\":\"WebPage\",\"@id\":\"https:\\\/\\\/dutchmicrodosing.com\\\/fr\\\/magique-champignon-spores\\\/seringues-de-culture-liquide\\\/mac-galactic-liquid-culture-spuit\\\/\",\"url\":\"https:\\\/\\\/dutchmicrodosing.com\\\/fr\\\/magique-champignon-spores\\\/seringues-de-culture-liquide\\\/mac-galactic-liquid-culture-spuit\\\/\",\"name\":\"Seringue pour culture liquide Mac Galactic - Dutchmicrodosing\",\"isPartOf\":{\"@id\":\"https:\\\/\\\/dutchmicrodosing.com\\\/fr\\\/#website\"},\"primaryImageOfPage\":{\"@id\":\"https:\\\/\\\/dutchmicrodosing.com\\\/fr\\\/magique-champignon-spores\\\/seringues-de-culture-liquide\\\/mac-galactic-liquid-culture-spuit\\\/#primaryimage\"},\"image\":{\"@id\":\"https:\\\/\\\/dutchmicrodosing.com\\\/fr\\\/magique-champignon-spores\\\/seringues-de-culture-liquide\\\/mac-galactic-liquid-culture-spuit\\\/#primaryimage\"},\"thumbnailUrl\":\"https:\\\/\\\/dutchmicrodosing.com\\\/wp-content\\\/uploads\\\/2025\\\/01\\\/Philosophr-Liquid-culture-packaging-_2_.jpg\",\"datePublished\":\"2025-01-17T08:12:36+00:00\",\"dateModified\":\"2026-04-07T14:38:13+00:00\",\"description\":\"Culture liquide de haute qualit\u00e9 de Mac Galactic pour la culture en enclos. Seringue st\u00e9rile de 10 ml avec aiguille et tampon d'alcool - id\u00e9ale pour les cultivateurs exp\u00e9riment\u00e9s...\",\"breadcrumb\":{\"@id\":\"https:\\\/\\\/dutchmicrodosing.com\\\/fr\\\/magique-champignon-spores\\\/seringues-de-culture-liquide\\\/mac-galactic-liquid-culture-spuit\\\/#breadcrumb\"},\"inLanguage\":\"fr-FR\",\"potentialAction\":[{\"@type\":\"ReadAction\",\"target\":[\"https:\\\/\\\/dutchmicrodosing.com\\\/fr\\\/magique-champignon-spores\\\/seringues-de-culture-liquide\\\/mac-galactic-liquid-culture-spuit\\\/\"]}]},{\"@type\":\"ImageObject\",\"inLanguage\":\"fr-FR\",\"@id\":\"https:\\\/\\\/dutchmicrodosing.com\\\/fr\\\/magique-champignon-spores\\\/seringues-de-culture-liquide\\\/mac-galactic-liquid-culture-spuit\\\/#primaryimage\",\"url\":\"https:\\\/\\\/dutchmicrodosing.com\\\/wp-content\\\/uploads\\\/2025\\\/01\\\/Philosophr-Liquid-culture-packaging-_2_.jpg\",\"contentUrl\":\"https:\\\/\\\/dutchmicrodosing.com\\\/wp-content\\\/uploads\\\/2025\\\/01\\\/Philosophr-Liquid-culture-packaging-_2_.jpg\",\"width\":1512,\"height\":1512},{\"@type\":\"BreadcrumbList\",\"@id\":\"https:\\\/\\\/dutchmicrodosing.com\\\/fr\\\/magique-champignon-spores\\\/seringues-de-culture-liquide\\\/mac-galactic-liquid-culture-spuit\\\/#breadcrumb\",\"itemListElement\":[{\"@type\":\"ListItem\",\"position\":1,\"name\":\"Home\",\"item\":\"https:\\\/\\\/dutchmicrodosing.com\\\/fr\\\/\"},{\"@type\":\"ListItem\",\"position\":2,\"name\":\"Boutique\",\"item\":\"https:\\\/\\\/dutchmicrodosing.com\\\/fr\\\/boutique\\\/\"},{\"@type\":\"ListItem\",\"position\":3,\"name\":\"Seringue pour culture liquide Mac Galactic\"}]},{\"@type\":\"WebSite\",\"@id\":\"https:\\\/\\\/dutchmicrodosing.com\\\/fr\\\/#website\",\"url\":\"https:\\\/\\\/dutchmicrodosing.com\\\/fr\\\/\",\"name\":\"Dutchmicrodosing\",\"description\":\"\",\"publisher\":{\"@id\":\"https:\\\/\\\/dutchmicrodosing.com\\\/fr\\\/#organization\"},\"potentialAction\":[{\"@type\":\"SearchAction\",\"target\":{\"@type\":\"EntryPoint\",\"urlTemplate\":\"https:\\\/\\\/dutchmicrodosing.com\\\/fr\\\/?s={search_term_string}\"},\"query-input\":{\"@type\":\"PropertyValueSpecification\",\"valueRequired\":true,\"valueName\":\"search_term_string\"}}],\"inLanguage\":\"fr-FR\"},{\"@type\":\"Organization\",\"@id\":\"https:\\\/\\\/dutchmicrodosing.com\\\/fr\\\/#organization\",\"name\":\"Dutchmicrodosing\",\"url\":\"https:\\\/\\\/dutchmicrodosing.com\\\/fr\\\/\",\"logo\":{\"@type\":\"ImageObject\",\"inLanguage\":\"fr-FR\",\"@id\":\"https:\\\/\\\/dutchmicrodosing.com\\\/fr\\\/#\\\/schema\\\/logo\\\/image\\\/\",\"url\":\"https:\\\/\\\/dutchmicrodosing.com\\\/wp-content\\\/uploads\\\/2021\\\/01\\\/microdosing-categorie-pic-nieuw.jpg\",\"contentUrl\":\"https:\\\/\\\/dutchmicrodosing.com\\\/wp-content\\\/uploads\\\/2021\\\/01\\\/microdosing-categorie-pic-nieuw.jpg\",\"width\":500,\"height\":500,\"caption\":\"Dutchmicrodosing\"},\"image\":{\"@id\":\"https:\\\/\\\/dutchmicrodosing.com\\\/fr\\\/#\\\/schema\\\/logo\\\/image\\\/\"},\"sameAs\":[\"https:\\\/\\\/www.facebook.com\\\/Dutchmicrodosingxp\\\/\",\"https:\\\/\\\/www.instagram.com\\\/dutchmicrodosing\\\/\"]}]}<\/script>\n<meta property=\"product:price:amount\" content=\"18.95\" \/>\n<meta property=\"product:price:currency\" content=\"EUR\" \/>\n<meta property=\"og:availability\" content=\"instock\" \/>\n<meta property=\"product:availability\" content=\"instock\" \/>\n<meta property=\"product:retailer_item_id\" content=\"5201613\" \/>\n<meta property=\"product:condition\" content=\"new\" \/>\n<!-- \/ Yoast SEO Premium plugin. -->","yoast_head_json":{"title":"Seringue pour culture liquide Mac Galactic - Dutchmicrodosing","description":"Culture liquide de haute qualit\u00e9 de Mac Galactic pour la culture en enclos. Seringue st\u00e9rile de 10 ml avec aiguille et tampon d'alcool - id\u00e9ale pour les cultivateurs exp\u00e9riment\u00e9s...","robots":{"index":"index","follow":"follow","max-snippet":"max-snippet:-1","max-image-preview":"max-image-preview:large","max-video-preview":"max-video-preview:-1"},"canonical":"https:\/\/dutchmicrodosing.com\/fr\/magique-champignon-spores\/seringues-de-culture-liquide\/mac-galactic-liquid-culture-spuit\/","og_locale":"fr_FR","og_type":"article","og_title":"Seringue pour culture liquide Mac Galactic","og_description":"Avec la seringue de culture liquide Mac Galactic de Mystic Fungi, vous apportez chez vous une souche de Psilocybe cubensis de haute qualit\u00e9. Cette culture","og_url":"https:\/\/dutchmicrodosing.com\/fr\/magique-champignon-spores\/seringues-de-culture-liquide\/mac-galactic-liquid-culture-spuit\/","og_site_name":"Dutchmicrodosing","article_publisher":"https:\/\/www.facebook.com\/Dutchmicrodosingxp\/","article_modified_time":"2026-04-07T14:38:13+00:00","og_image":[{"width":1512,"height":1512,"url":"https:\/\/dutchmicrodosing.com\/wp-content\/uploads\/2025\/01\/Philosophr-Liquid-culture-packaging-_2_.jpg","type":"image\/jpeg"}],"twitter_card":"summary_large_image","schema":{"@context":"https:\/\/schema.org","@graph":[{"@type":"WebPage","@id":"https:\/\/dutchmicrodosing.com\/fr\/magique-champignon-spores\/seringues-de-culture-liquide\/mac-galactic-liquid-culture-spuit\/","url":"https:\/\/dutchmicrodosing.com\/fr\/magique-champignon-spores\/seringues-de-culture-liquide\/mac-galactic-liquid-culture-spuit\/","name":"Seringue pour culture liquide Mac Galactic - Dutchmicrodosing","isPartOf":{"@id":"https:\/\/dutchmicrodosing.com\/fr\/#website"},"primaryImageOfPage":{"@id":"https:\/\/dutchmicrodosing.com\/fr\/magique-champignon-spores\/seringues-de-culture-liquide\/mac-galactic-liquid-culture-spuit\/#primaryimage"},"image":{"@id":"https:\/\/dutchmicrodosing.com\/fr\/magique-champignon-spores\/seringues-de-culture-liquide\/mac-galactic-liquid-culture-spuit\/#primaryimage"},"thumbnailUrl":"https:\/\/dutchmicrodosing.com\/wp-content\/uploads\/2025\/01\/Philosophr-Liquid-culture-packaging-_2_.jpg","datePublished":"2025-01-17T08:12:36+00:00","dateModified":"2026-04-07T14:38:13+00:00","description":"Culture liquide de haute qualit\u00e9 de Mac Galactic pour la culture en enclos. Seringue st\u00e9rile de 10 ml avec aiguille et tampon d'alcool - id\u00e9ale pour les cultivateurs exp\u00e9riment\u00e9s...","breadcrumb":{"@id":"https:\/\/dutchmicrodosing.com\/fr\/magique-champignon-spores\/seringues-de-culture-liquide\/mac-galactic-liquid-culture-spuit\/#breadcrumb"},"inLanguage":"fr-FR","potentialAction":[{"@type":"ReadAction","target":["https:\/\/dutchmicrodosing.com\/fr\/magique-champignon-spores\/seringues-de-culture-liquide\/mac-galactic-liquid-culture-spuit\/"]}]},{"@type":"ImageObject","inLanguage":"fr-FR","@id":"https:\/\/dutchmicrodosing.com\/fr\/magique-champignon-spores\/seringues-de-culture-liquide\/mac-galactic-liquid-culture-spuit\/#primaryimage","url":"https:\/\/dutchmicrodosing.com\/wp-content\/uploads\/2025\/01\/Philosophr-Liquid-culture-packaging-_2_.jpg","contentUrl":"https:\/\/dutchmicrodosing.com\/wp-content\/uploads\/2025\/01\/Philosophr-Liquid-culture-packaging-_2_.jpg","width":1512,"height":1512},{"@type":"BreadcrumbList","@id":"https:\/\/dutchmicrodosing.com\/fr\/magique-champignon-spores\/seringues-de-culture-liquide\/mac-galactic-liquid-culture-spuit\/#breadcrumb","itemListElement":[{"@type":"ListItem","position":1,"name":"Home","item":"https:\/\/dutchmicrodosing.com\/fr\/"},{"@type":"ListItem","position":2,"name":"Boutique","item":"https:\/\/dutchmicrodosing.com\/fr\/boutique\/"},{"@type":"ListItem","position":3,"name":"Seringue pour culture liquide Mac Galactic"}]},{"@type":"WebSite","@id":"https:\/\/dutchmicrodosing.com\/fr\/#website","url":"https:\/\/dutchmicrodosing.com\/fr\/","name":"Dutchmicrodosing","description":"","publisher":{"@id":"https:\/\/dutchmicrodosing.com\/fr\/#organization"},"potentialAction":[{"@type":"SearchAction","target":{"@type":"EntryPoint","urlTemplate":"https:\/\/dutchmicrodosing.com\/fr\/?s={search_term_string}"},"query-input":{"@type":"PropertyValueSpecification","valueRequired":true,"valueName":"search_term_string"}}],"inLanguage":"fr-FR"},{"@type":"Organization","@id":"https:\/\/dutchmicrodosing.com\/fr\/#organization","name":"Dutchmicrodosing","url":"https:\/\/dutchmicrodosing.com\/fr\/","logo":{"@type":"ImageObject","inLanguage":"fr-FR","@id":"https:\/\/dutchmicrodosing.com\/fr\/#\/schema\/logo\/image\/","url":"https:\/\/dutchmicrodosing.com\/wp-content\/uploads\/2021\/01\/microdosing-categorie-pic-nieuw.jpg","contentUrl":"https:\/\/dutchmicrodosing.com\/wp-content\/uploads\/2021\/01\/microdosing-categorie-pic-nieuw.jpg","width":500,"height":500,"caption":"Dutchmicrodosing"},"image":{"@id":"https:\/\/dutchmicrodosing.com\/fr\/#\/schema\/logo\/image\/"},"sameAs":["https:\/\/www.facebook.com\/Dutchmicrodosingxp\/","https:\/\/www.instagram.com\/dutchmicrodosing\/"]}]},"product_price_amount":"18.95","product_price_currency":"EUR","og_availability":"instock","product_availability":"instock","product_retailer_item_id":"5201613","product_condition":"new"},"_links":{"self":[{"href":"https:\/\/dutchmicrodosing.com\/fr\/wp-json\/wp\/v2\/product\/44661","targetHints":{"allow":["GET"]}}],"collection":[{"href":"https:\/\/dutchmicrodosing.com\/fr\/wp-json\/wp\/v2\/product"}],"about":[{"href":"https:\/\/dutchmicrodosing.com\/fr\/wp-json\/wp\/v2\/types\/product"}],"replies":[{"embeddable":true,"href":"https:\/\/dutchmicrodosing.com\/fr\/wp-json\/wp\/v2\/comments?post=44661"}],"version-history":[{"count":0,"href":"https:\/\/dutchmicrodosing.com\/fr\/wp-json\/wp\/v2\/product\/44661\/revisions"}],"wp:featuredmedia":[{"embeddable":true,"href":"https:\/\/dutchmicrodosing.com\/fr\/wp-json\/wp\/v2\/media\/46260"}],"wp:attachment":[{"href":"https:\/\/dutchmicrodosing.com\/fr\/wp-json\/wp\/v2\/media?parent=44661"}],"wp:term":[{"taxonomy":"product_brand","embeddable":true,"href":"https:\/\/dutchmicrodosing.com\/fr\/wp-json\/wp\/v2\/product_brand?post=44661"},{"taxonomy":"product_cat","embeddable":true,"href":"https:\/\/dutchmicrodosing.com\/fr\/wp-json\/wp\/v2\/product_cat?post=44661"},{"taxonomy":"product_tag","embeddable":true,"href":"https:\/\/dutchmicrodosing.com\/fr\/wp-json\/wp\/v2\/product_tag?post=44661"}],"curies":[{"name":"wp","href":"https:\/\/api.w.org\/{rel}","templated":true}]}}