{"id":44849,"date":"2025-01-23T16:38:55","date_gmt":"2025-01-23T15:38:55","guid":{"rendered":"https:\/\/dutchmicrodosing.com\/shop\/non%20class\u00e9\/imicrodose\/"},"modified":"2025-09-09T09:33:05","modified_gmt":"2025-09-09T07:33:05","slug":"imicrodose","status":"publish","type":"product","link":"https:\/\/dutchmicrodosing.com\/fr\/microdosage\/imicrodose\/","title":{"rendered":"iMicrodose"},"content":{"rendered":"<p><strong>iMicrodose<\/strong> contient des truffes de psilocybine de haute qualit\u00e9 sp\u00e9cialement formul\u00e9es pour le microdosage. Les truffes sont 100% naturelles, sans additifs artificiels, et sont pr\u00e9sent\u00e9es dans un emballage refermable. Cela vous permet de doser avec pr\u00e9cision et de conserver le reste en toute s\u00e9curit\u00e9, en maintenant la fra\u00eecheur et la fonction \u00e0 des niveaux optimaux. Le microdosage consiste \u00e0 prendre une petite quantit\u00e9 de substance psychoactive &#8211; beaucoup moins que l&rsquo;usage r\u00e9cr\u00e9atif &#8211; dans le but de modifier subtilement la perception et la pens\u00e9e, sans effets excessifs.<\/p>\n<h3>Caract\u00e9ristiques<\/h3>\n<ul>\n<li>Contient des truffes naturelles \u00e0 la psilocybine soigneusement s\u00e9lectionn\u00e9es.<\/li>\n<li>Emballage refermable pour un dosage facile et la pr\u00e9servation de la fra\u00eecheur<\/li>\n<li>Id\u00e9al pour ceux qui souhaitent exp\u00e9rimenter d\u00e9lib\u00e9r\u00e9ment le microdosage.<\/li>\n<li>Con\u00e7u pour des prises de conscience personnelles subtiles et progressives<\/li>\n<\/ul>\n<h3>Types d&rsquo;iMicrodose<\/h3>\n<p><strong>Triniti :<\/strong><br \/>\nContient 3 types de truffes pour d\u00e9couvrir vous-m\u00eame votre pr\u00e9f\u00e9rence :<\/p>\n<ul>\n<li>5g Galindoi<\/li>\n<li>5g Mexicaine<\/li>\n<li>5g Tampanensis<\/li>\n<\/ul>\n<p><strong>Original :<\/strong><\/p>\n<ul>\n<li>3 truffes Galindoi de 5 g<\/li>\n<\/ul>\n<p><strong>Mindfuli :<\/strong><\/p>\n<ul>\n<li>3 truffes mexicaines de 5 g<\/li>\n<\/ul>\n<p><strong>Uniti :<\/strong><\/p>\n<ul>\n<li>3 truffes Tampanensis de 5 g<\/li>\n<\/ul>\n<p>Chaque kit offre une exp\u00e9rience diff\u00e9rente, adapt\u00e9e \u00e0 vos pr\u00e9f\u00e9rences ou besoins personnels.<\/p>\n<h3>Utilisation<\/h3>\n<p><strong>1. D\u00e9terminer le dosage<\/strong><br \/>\nCommencez par 1 gramme pour observer votre r\u00e9action. La microdose moyenne se situe entre 0,5 et 1,5 gramme.<\/p>\n<p><strong>2. Calendrier de dosage<\/strong><br \/>\nHabituellement : dose le jour 1, pause les jours 2 et 3, dose \u00e0 nouveau le jour 4. R\u00e9p\u00e9tez ce rythme.<\/p>\n<p><strong>3. Prise en charge<\/strong><\/p>\n<ul>\n<li>Droit : bien m\u00e2cher pour une absorption optimale.<\/li>\n<li>En tisane : hachez les truffes, faites-les infuser dans de l&rsquo;eau chaude pendant 10 \u00e0 15 minutes, puis filtrez et buvez \u00e0 jeun.<\/li>\n<\/ul>\n<p><strong>4. Suivi des effets<\/strong><br \/>\nTenez un journal de vos exp\u00e9riences et adaptez votre dosage si n\u00e9cessaire.<\/p>\n<p><strong>5. S\u00e9curit\u00e9 et responsabilit\u00e9<\/strong><br \/>\nCr\u00e9ez un environnement calme, soyez \u00e0 l&rsquo;\u00e9coute de votre corps et arr\u00eatez-vous en cas d&rsquo;effets ind\u00e9sirables. Respectez toujours les lois locales.<\/p>\n<h3>Contenu<\/h3>\n<ul>\n<li>3 x 5 grammes de truffes fra\u00eeches \u00e0 la psilocybine (selon la variante)<\/li>\n<li>Emballage refermable<\/li>\n<\/ul>\n<h3>Conseils de stockage<\/h3>\n<ul>\n<li>Conserver au frais entre 2 et 4 \u00b0C (de pr\u00e9f\u00e9rence au r\u00e9frig\u00e9rateur).<\/li>\n<li>A conserver \u00e0 l&rsquo;abri de la lumi\u00e8re et de l&rsquo;humidit\u00e9<\/li>\n<li>Tenir hors de port\u00e9e des enfants<\/li>\n<li>V\u00e9rifiez la date de p\u00e9remption sur l&#8217;emballage avant utilisation.<\/li>\n<\/ul>\n<h3>Avis de non-responsabilit\u00e9<\/h3>\n<p><em>Le contenu de ce texte est fourni \u00e0 titre d&rsquo;information uniquement et ne remplace pas les conseils d&rsquo;un professionnel. Ce produit n&rsquo;est pas destin\u00e9 \u00e0 diagnostiquer, traiter ou gu\u00e9rir une quelconque condition m\u00e9dicale. Consultez un sp\u00e9cialiste si vous avez des questions sur l&rsquo;utilisation. Utilisez ce produit de mani\u00e8re responsable et dans le respect des cadres juridiques applicables.<\/em><\/p>\n","protected":false},"excerpt":{"rendered":"<p>iMicrodose contient des truffes de psilocybine de haute qualit\u00e9 sp\u00e9cialement formul\u00e9es pour le microdosage. Les truffes sont 100% naturelles, sans additifs artificiels, et sont pr\u00e9sent\u00e9es dans un emballage refermable. Cela vous permet de doser avec pr\u00e9cision et de conserver le reste en toute s\u00e9curit\u00e9, en maintenant la fra\u00eecheur et la fonction \u00e0 des niveaux optimaux. [&hellip;]<\/p>\n","protected":false},"featured_media":44804,"comment_status":"closed","ping_status":"closed","template":"","meta":[],"product_brand":[],"product_cat":[100],"product_tag":[],"class_list":{"0":"post-44849","1":"product","2":"type-product","3":"status-publish","4":"has-post-thumbnail","6":"product_cat-microdosage","8":"first","9":"instock","10":"taxable","11":"shipping-taxable","12":"purchasable","13":"product-type-variable"},"yoast_head":"<!-- This site is optimized with the Yoast SEO Premium plugin v26.4 (Yoast SEO v27.2) - https:\/\/yoast.com\/product\/yoast-seo-premium-wordpress\/ -->\n<title>iMicrodose - Dutchmicrodosing<\/title>\n<meta name=\"description\" content=\"D\u00e9couvrez la puissance du microdosage avec le kit de truffes iMicrodose - 15 grammes. Truffes \u00e0 la psilocybine 100% naturelles, quatre vari\u00e9t\u00e9s, emballage refermable\" \/>\n<meta name=\"robots\" content=\"index, follow, max-snippet:-1, max-image-preview:large, max-video-preview:-1\" \/>\n<link rel=\"canonical\" href=\"https:\/\/dutchmicrodosing.com\/fr\/microdosage\/imicrodose\/\" \/>\n<meta property=\"og:locale\" content=\"fr_FR\" \/>\n<meta property=\"og:type\" content=\"article\" \/>\n<meta property=\"og:title\" content=\"iMicrodose\" \/>\n<meta property=\"og:description\" content=\"iMicrodose contient des truffes de psilocybine de haute qualit\u00e9 sp\u00e9cialement formul\u00e9es pour le microdosage. Les truffes sont 100% naturelles, sans\" \/>\n<meta property=\"og:url\" content=\"https:\/\/dutchmicrodosing.com\/fr\/microdosage\/imicrodose\/\" \/>\n<meta property=\"og:site_name\" content=\"Dutchmicrodosing\" \/>\n<meta property=\"article:publisher\" content=\"https:\/\/www.facebook.com\/Dutchmicrodosingxp\/\" \/>\n<meta property=\"article:modified_time\" content=\"2025-09-09T07:33:05+00:00\" \/>\n<meta property=\"og:image\" content=\"https:\/\/dutchmicrodosing.com\/wp-content\/uploads\/2025\/01\/Imicrodose_4pack.jpg\" \/>\n\t<meta property=\"og:image:width\" content=\"1000\" \/>\n\t<meta property=\"og:image:height\" content=\"1000\" \/>\n\t<meta property=\"og:image:type\" content=\"image\/jpeg\" \/>\n<meta name=\"twitter:card\" content=\"summary_large_image\" \/>\n<script type=\"application\/ld+json\" class=\"yoast-schema-graph\">{\"@context\":\"https:\/\/schema.org\",\"@graph\":[{\"@type\":\"WebPage\",\"@id\":\"https:\/\/dutchmicrodosing.com\/fr\/microdosage\/imicrodose\/\",\"url\":\"https:\/\/dutchmicrodosing.com\/fr\/microdosage\/imicrodose\/\",\"name\":\"iMicrodose - Dutchmicrodosing\",\"isPartOf\":{\"@id\":\"https:\/\/dutchmicrodosing.com\/fr\/#website\"},\"primaryImageOfPage\":{\"@id\":\"https:\/\/dutchmicrodosing.com\/fr\/microdosage\/imicrodose\/#primaryimage\"},\"image\":{\"@id\":\"https:\/\/dutchmicrodosing.com\/fr\/microdosage\/imicrodose\/#primaryimage\"},\"thumbnailUrl\":\"https:\/\/dutchmicrodosing.com\/wp-content\/uploads\/2025\/01\/Imicrodose_4pack.jpg\",\"datePublished\":\"2025-01-23T15:38:55+00:00\",\"dateModified\":\"2025-09-09T07:33:05+00:00\",\"description\":\"D\u00e9couvrez la puissance du microdosage avec le kit de truffes iMicrodose - 15 grammes. Truffes \u00e0 la psilocybine 100% naturelles, quatre vari\u00e9t\u00e9s, emballage refermable\",\"breadcrumb\":{\"@id\":\"https:\/\/dutchmicrodosing.com\/fr\/microdosage\/imicrodose\/#breadcrumb\"},\"inLanguage\":\"fr-FR\",\"potentialAction\":[{\"@type\":\"ReadAction\",\"target\":[\"https:\/\/dutchmicrodosing.com\/fr\/microdosage\/imicrodose\/\"]}]},{\"@type\":\"ImageObject\",\"inLanguage\":\"fr-FR\",\"@id\":\"https:\/\/dutchmicrodosing.com\/fr\/microdosage\/imicrodose\/#primaryimage\",\"url\":\"https:\/\/dutchmicrodosing.com\/wp-content\/uploads\/2025\/01\/Imicrodose_4pack.jpg\",\"contentUrl\":\"https:\/\/dutchmicrodosing.com\/wp-content\/uploads\/2025\/01\/Imicrodose_4pack.jpg\",\"width\":1000,\"height\":1000},{\"@type\":\"BreadcrumbList\",\"@id\":\"https:\/\/dutchmicrodosing.com\/fr\/microdosage\/imicrodose\/#breadcrumb\",\"itemListElement\":[{\"@type\":\"ListItem\",\"position\":1,\"name\":\"Home\",\"item\":\"https:\/\/dutchmicrodosing.com\/fr\/\"},{\"@type\":\"ListItem\",\"position\":2,\"name\":\"Boutique\",\"item\":\"https:\/\/dutchmicrodosing.com\/fr\/boutique\/\"},{\"@type\":\"ListItem\",\"position\":3,\"name\":\"iMicrodose\"}]},{\"@type\":\"WebSite\",\"@id\":\"https:\/\/dutchmicrodosing.com\/fr\/#website\",\"url\":\"https:\/\/dutchmicrodosing.com\/fr\/\",\"name\":\"Dutchmicrodosing\",\"description\":\"\",\"publisher\":{\"@id\":\"https:\/\/dutchmicrodosing.com\/fr\/#organization\"},\"potentialAction\":[{\"@type\":\"SearchAction\",\"target\":{\"@type\":\"EntryPoint\",\"urlTemplate\":\"https:\/\/dutchmicrodosing.com\/fr\/?s={search_term_string}\"},\"query-input\":{\"@type\":\"PropertyValueSpecification\",\"valueRequired\":true,\"valueName\":\"search_term_string\"}}],\"inLanguage\":\"fr-FR\"},{\"@type\":\"Organization\",\"@id\":\"https:\/\/dutchmicrodosing.com\/fr\/#organization\",\"name\":\"Dutchmicrodosing\",\"url\":\"https:\/\/dutchmicrodosing.com\/fr\/\",\"logo\":{\"@type\":\"ImageObject\",\"inLanguage\":\"fr-FR\",\"@id\":\"https:\/\/dutchmicrodosing.com\/fr\/#\/schema\/logo\/image\/\",\"url\":\"https:\/\/dutchmicrodosing.com\/wp-content\/uploads\/2021\/01\/microdosing-categorie-pic-nieuw.jpg\",\"contentUrl\":\"https:\/\/dutchmicrodosing.com\/wp-content\/uploads\/2021\/01\/microdosing-categorie-pic-nieuw.jpg\",\"width\":500,\"height\":500,\"caption\":\"Dutchmicrodosing\"},\"image\":{\"@id\":\"https:\/\/dutchmicrodosing.com\/fr\/#\/schema\/logo\/image\/\"},\"sameAs\":[\"https:\/\/www.facebook.com\/Dutchmicrodosingxp\/\",\"https:\/\/www.instagram.com\/dutchmicrodosing\/\"]}]}<\/script>\n<meta property=\"og:availability\" content=\"instock\" \/>\n<meta property=\"product:availability\" content=\"instock\" \/>\n<meta property=\"product:condition\" content=\"new\" \/>\n<!-- \/ Yoast SEO Premium plugin. -->","yoast_head_json":{"title":"iMicrodose - Dutchmicrodosing","description":"D\u00e9couvrez la puissance du microdosage avec le kit de truffes iMicrodose - 15 grammes. Truffes \u00e0 la psilocybine 100% naturelles, quatre vari\u00e9t\u00e9s, emballage refermable","robots":{"index":"index","follow":"follow","max-snippet":"max-snippet:-1","max-image-preview":"max-image-preview:large","max-video-preview":"max-video-preview:-1"},"canonical":"https:\/\/dutchmicrodosing.com\/fr\/microdosage\/imicrodose\/","og_locale":"fr_FR","og_type":"article","og_title":"iMicrodose","og_description":"iMicrodose contient des truffes de psilocybine de haute qualit\u00e9 sp\u00e9cialement formul\u00e9es pour le microdosage. Les truffes sont 100% naturelles, sans","og_url":"https:\/\/dutchmicrodosing.com\/fr\/microdosage\/imicrodose\/","og_site_name":"Dutchmicrodosing","article_publisher":"https:\/\/www.facebook.com\/Dutchmicrodosingxp\/","article_modified_time":"2025-09-09T07:33:05+00:00","og_image":[{"width":1000,"height":1000,"url":"https:\/\/dutchmicrodosing.com\/wp-content\/uploads\/2025\/01\/Imicrodose_4pack.jpg","type":"image\/jpeg"}],"twitter_card":"summary_large_image","schema":{"@context":"https:\/\/schema.org","@graph":[{"@type":"WebPage","@id":"https:\/\/dutchmicrodosing.com\/fr\/microdosage\/imicrodose\/","url":"https:\/\/dutchmicrodosing.com\/fr\/microdosage\/imicrodose\/","name":"iMicrodose - Dutchmicrodosing","isPartOf":{"@id":"https:\/\/dutchmicrodosing.com\/fr\/#website"},"primaryImageOfPage":{"@id":"https:\/\/dutchmicrodosing.com\/fr\/microdosage\/imicrodose\/#primaryimage"},"image":{"@id":"https:\/\/dutchmicrodosing.com\/fr\/microdosage\/imicrodose\/#primaryimage"},"thumbnailUrl":"https:\/\/dutchmicrodosing.com\/wp-content\/uploads\/2025\/01\/Imicrodose_4pack.jpg","datePublished":"2025-01-23T15:38:55+00:00","dateModified":"2025-09-09T07:33:05+00:00","description":"D\u00e9couvrez la puissance du microdosage avec le kit de truffes iMicrodose - 15 grammes. Truffes \u00e0 la psilocybine 100% naturelles, quatre vari\u00e9t\u00e9s, emballage refermable","breadcrumb":{"@id":"https:\/\/dutchmicrodosing.com\/fr\/microdosage\/imicrodose\/#breadcrumb"},"inLanguage":"fr-FR","potentialAction":[{"@type":"ReadAction","target":["https:\/\/dutchmicrodosing.com\/fr\/microdosage\/imicrodose\/"]}]},{"@type":"ImageObject","inLanguage":"fr-FR","@id":"https:\/\/dutchmicrodosing.com\/fr\/microdosage\/imicrodose\/#primaryimage","url":"https:\/\/dutchmicrodosing.com\/wp-content\/uploads\/2025\/01\/Imicrodose_4pack.jpg","contentUrl":"https:\/\/dutchmicrodosing.com\/wp-content\/uploads\/2025\/01\/Imicrodose_4pack.jpg","width":1000,"height":1000},{"@type":"BreadcrumbList","@id":"https:\/\/dutchmicrodosing.com\/fr\/microdosage\/imicrodose\/#breadcrumb","itemListElement":[{"@type":"ListItem","position":1,"name":"Home","item":"https:\/\/dutchmicrodosing.com\/fr\/"},{"@type":"ListItem","position":2,"name":"Boutique","item":"https:\/\/dutchmicrodosing.com\/fr\/boutique\/"},{"@type":"ListItem","position":3,"name":"iMicrodose"}]},{"@type":"WebSite","@id":"https:\/\/dutchmicrodosing.com\/fr\/#website","url":"https:\/\/dutchmicrodosing.com\/fr\/","name":"Dutchmicrodosing","description":"","publisher":{"@id":"https:\/\/dutchmicrodosing.com\/fr\/#organization"},"potentialAction":[{"@type":"SearchAction","target":{"@type":"EntryPoint","urlTemplate":"https:\/\/dutchmicrodosing.com\/fr\/?s={search_term_string}"},"query-input":{"@type":"PropertyValueSpecification","valueRequired":true,"valueName":"search_term_string"}}],"inLanguage":"fr-FR"},{"@type":"Organization","@id":"https:\/\/dutchmicrodosing.com\/fr\/#organization","name":"Dutchmicrodosing","url":"https:\/\/dutchmicrodosing.com\/fr\/","logo":{"@type":"ImageObject","inLanguage":"fr-FR","@id":"https:\/\/dutchmicrodosing.com\/fr\/#\/schema\/logo\/image\/","url":"https:\/\/dutchmicrodosing.com\/wp-content\/uploads\/2021\/01\/microdosing-categorie-pic-nieuw.jpg","contentUrl":"https:\/\/dutchmicrodosing.com\/wp-content\/uploads\/2021\/01\/microdosing-categorie-pic-nieuw.jpg","width":500,"height":500,"caption":"Dutchmicrodosing"},"image":{"@id":"https:\/\/dutchmicrodosing.com\/fr\/#\/schema\/logo\/image\/"},"sameAs":["https:\/\/www.facebook.com\/Dutchmicrodosingxp\/","https:\/\/www.instagram.com\/dutchmicrodosing\/"]}]},"og_availability":"instock","product_availability":"instock","product_condition":"new"},"_links":{"self":[{"href":"https:\/\/dutchmicrodosing.com\/fr\/wp-json\/wp\/v2\/product\/44849","targetHints":{"allow":["GET"]}}],"collection":[{"href":"https:\/\/dutchmicrodosing.com\/fr\/wp-json\/wp\/v2\/product"}],"about":[{"href":"https:\/\/dutchmicrodosing.com\/fr\/wp-json\/wp\/v2\/types\/product"}],"replies":[{"embeddable":true,"href":"https:\/\/dutchmicrodosing.com\/fr\/wp-json\/wp\/v2\/comments?post=44849"}],"version-history":[{"count":0,"href":"https:\/\/dutchmicrodosing.com\/fr\/wp-json\/wp\/v2\/product\/44849\/revisions"}],"wp:featuredmedia":[{"embeddable":true,"href":"https:\/\/dutchmicrodosing.com\/fr\/wp-json\/wp\/v2\/media\/44804"}],"wp:attachment":[{"href":"https:\/\/dutchmicrodosing.com\/fr\/wp-json\/wp\/v2\/media?parent=44849"}],"wp:term":[{"taxonomy":"product_brand","embeddable":true,"href":"https:\/\/dutchmicrodosing.com\/fr\/wp-json\/wp\/v2\/product_brand?post=44849"},{"taxonomy":"product_cat","embeddable":true,"href":"https:\/\/dutchmicrodosing.com\/fr\/wp-json\/wp\/v2\/product_cat?post=44849"},{"taxonomy":"product_tag","embeddable":true,"href":"https:\/\/dutchmicrodosing.com\/fr\/wp-json\/wp\/v2\/product_tag?post=44849"}],"curies":[{"name":"wp","href":"https:\/\/api.w.org\/{rel}","templated":true}]}}