{"id":44927,"date":"2025-02-01T15:34:04","date_gmt":"2025-02-01T14:34:04","guid":{"rendered":"https:\/\/dutchmicrodosing.com\/shop\/non%20class\u00e9\/absinth-60-caps\/"},"modified":"2025-08-21T01:55:31","modified_gmt":"2025-08-20T23:55:31","slug":"absinth-60-caps","status":"publish","type":"product","link":"https:\/\/dutchmicrodosing.com\/fr\/boutique-de-sante\/supplements-relaxt\/absinth-60-caps\/","title":{"rendered":"Absinthe &#8211; 60 g\u00e9lules"},"content":{"rendered":"<p>Les <strong>capsules d&rsquo;absinthe d&rsquo;Indian Elements<\/strong> contiennent des extraits d&rsquo;armoise (Artemisia Absinthium), qui a acquis un statut presque mythique au cours des si\u00e8cles. Cette plante est surtout connue pour la tristement c\u00e9l\u00e8bre boisson alcoolis\u00e9e Absinthe, tr\u00e8s appr\u00e9ci\u00e9e des peintres comme Van Gogh. En plus de stimuler la cr\u00e9ativit\u00e9 et \u00e9ventuellement les hallucinations, l&rsquo;absinthe est \u00e9galement utilis\u00e9e pour son effet calmant et pour favoriser la digestion et l&rsquo;app\u00e9tit.<\/p>\n<p>L&rsquo;absinthe est originaire d&rsquo;une grande partie de l&rsquo;Europe, y compris des Pays-Bas, bien qu&rsquo;elle y soit assez rare. Il peut atteindre 120 cm de haut et poss\u00e8de des feuilles gris\u00e2tres et des fleurs jaunes pendant la floraison. L&rsquo;absinthe a un go\u00fbt amer et est connue pour ses effets b\u00e9n\u00e9fiques sur le syst\u00e8me gastro-intestinal.<\/p>\n<p>L&rsquo;histoire de l&rsquo;absinthe remonte \u00e0 l&rsquo;Antiquit\u00e9, o\u00f9 elle \u00e9tait utilis\u00e9e comme rem\u00e8de de sant\u00e9 g\u00e9n\u00e9ral. Les Romains et les p\u00e8lerins utilisaient cette plante pour pr\u00e9venir les douleurs et les infections des pieds pendant les longues randonn\u00e9es. Dans l&rsquo;histoire moderne, l&rsquo;herbe est surtout connue comme ingr\u00e9dient de la boisson Absinthe, qui a \u00e9t\u00e9 interdite pendant un certain temps en raison de la toxicit\u00e9 pr\u00e9sum\u00e9e de la thuyone. Ces affirmations se sont r\u00e9v\u00e9l\u00e9es infond\u00e9es par la suite, mais les histoires persistent.<\/p>\n<p>Indian Elements propose une gamme d&rsquo;herbes et de m\u00e9langes d&rsquo;\u00e9pices, chacun poss\u00e9dant des propri\u00e9t\u00e9s uniques. Les capsules d&rsquo;absinthe sont 100% naturelles et v\u00e9g\u00e9taliennes. Elles sont destin\u00e9es \u00e0 \u00eatre utilis\u00e9es comme relaxant ou pour stimuler la cr\u00e9ativit\u00e9.<\/p>\n<h3>Attention :<\/h3>\n<ul>\n<li>R\u00e9serv\u00e9 aux adultes de plus de 18 ans.<\/li>\n<li>Tenir hors de port\u00e9e des enfants.<\/li>\n<li>N&rsquo;utilisez pas ce m\u00e9dicament r\u00e9guli\u00e8rement.<\/li>\n<li>Il est fortement d\u00e9conseill\u00e9 de conduire une voiture sous l&rsquo;influence de l&rsquo;absinthe.<\/li>\n<li>Il est d\u00e9conseill\u00e9 aux personnes souffrant de probl\u00e8mes r\u00e9naux ou cardiaques, de tension art\u00e9rielle \u00e9lev\u00e9e, de diab\u00e8te ou sous l&rsquo;influence de m\u00e9dicaments ou de drogues de l&rsquo;utiliser.<\/li>\n<li>L&rsquo;absinthe n&rsquo;est pas un m\u00e9dicament mais un compl\u00e9ment alimentaire.<\/li>\n<\/ul>\n<h3>Contenu<\/h3>\n<p>60 Caps<\/p>\n","protected":false},"excerpt":{"rendered":"<p>Les capsules d&rsquo;absinthe d&rsquo;Indian Elements contiennent des extraits d&rsquo;armoise (Artemisia Absinthium), qui a acquis un statut presque mythique au cours des si\u00e8cles. Cette plante est surtout connue pour la tristement c\u00e9l\u00e8bre boisson alcoolis\u00e9e Absinthe, tr\u00e8s appr\u00e9ci\u00e9e des peintres comme Van Gogh. En plus de stimuler la cr\u00e9ativit\u00e9 et \u00e9ventuellement les hallucinations, l&rsquo;absinthe est \u00e9galement utilis\u00e9e [&hellip;]<\/p>\n","protected":false},"featured_media":44920,"comment_status":"closed","ping_status":"closed","template":"","meta":[],"product_brand":[],"product_cat":[308],"product_tag":[],"class_list":{"0":"post-44927","1":"product","2":"type-product","3":"status-publish","4":"has-post-thumbnail","6":"product_cat-supplements-relaxt","8":"first","9":"instock","10":"taxable","11":"shipping-taxable","12":"purchasable","13":"product-type-simple"},"yoast_head":"<!-- This site is optimized with the Yoast SEO Premium plugin v26.4 (Yoast SEO v27.2) - https:\/\/yoast.com\/product\/yoast-seo-premium-wordpress\/ -->\n<title>Absinthe - 60 g\u00e9lules - Dutchmicrodosing<\/title>\n<meta name=\"robots\" content=\"index, follow, max-snippet:-1, max-image-preview:large, max-video-preview:-1\" \/>\n<link rel=\"canonical\" href=\"https:\/\/dutchmicrodosing.com\/fr\/boutique-de-sante\/supplements-relaxt\/absinth-60-caps\/\" \/>\n<meta property=\"og:locale\" content=\"fr_FR\" \/>\n<meta property=\"og:type\" content=\"article\" \/>\n<meta property=\"og:title\" content=\"Absinthe - 60 g\u00e9lules\" \/>\n<meta property=\"og:description\" content=\"Les capsules d&#039;absinthe d&#039;Indian Elements contiennent des extraits d&#039;armoise (Artemisia Absinthium), qui a acquis un statut presque mythique au cours des\" \/>\n<meta property=\"og:url\" content=\"https:\/\/dutchmicrodosing.com\/fr\/boutique-de-sante\/supplements-relaxt\/absinth-60-caps\/\" \/>\n<meta property=\"og:site_name\" content=\"Dutchmicrodosing\" \/>\n<meta property=\"article:publisher\" content=\"https:\/\/www.facebook.com\/Dutchmicrodosingxp\/\" \/>\n<meta property=\"article:modified_time\" content=\"2025-08-20T23:55:31+00:00\" \/>\n<meta property=\"og:image\" content=\"https:\/\/dutchmicrodosing.com\/wp-content\/uploads\/2025\/02\/package-absinth-1.png\" \/>\n\t<meta property=\"og:image:width\" content=\"1000\" \/>\n\t<meta property=\"og:image:height\" content=\"1000\" \/>\n\t<meta property=\"og:image:type\" content=\"image\/png\" \/>\n<meta name=\"twitter:card\" content=\"summary_large_image\" \/>\n<script type=\"application\/ld+json\" class=\"yoast-schema-graph\">{\"@context\":\"https:\/\/schema.org\",\"@graph\":[{\"@type\":\"WebPage\",\"@id\":\"https:\/\/dutchmicrodosing.com\/fr\/boutique-de-sante\/supplements-relaxt\/absinth-60-caps\/\",\"url\":\"https:\/\/dutchmicrodosing.com\/fr\/boutique-de-sante\/supplements-relaxt\/absinth-60-caps\/\",\"name\":\"Absinthe - 60 g\u00e9lules - Dutchmicrodosing\",\"isPartOf\":{\"@id\":\"https:\/\/dutchmicrodosing.com\/fr\/#website\"},\"primaryImageOfPage\":{\"@id\":\"https:\/\/dutchmicrodosing.com\/fr\/boutique-de-sante\/supplements-relaxt\/absinth-60-caps\/#primaryimage\"},\"image\":{\"@id\":\"https:\/\/dutchmicrodosing.com\/fr\/boutique-de-sante\/supplements-relaxt\/absinth-60-caps\/#primaryimage\"},\"thumbnailUrl\":\"https:\/\/dutchmicrodosing.com\/wp-content\/uploads\/2025\/02\/package-absinth-1.png\",\"datePublished\":\"2025-02-01T14:34:04+00:00\",\"dateModified\":\"2025-08-20T23:55:31+00:00\",\"breadcrumb\":{\"@id\":\"https:\/\/dutchmicrodosing.com\/fr\/boutique-de-sante\/supplements-relaxt\/absinth-60-caps\/#breadcrumb\"},\"inLanguage\":\"fr-FR\",\"potentialAction\":[{\"@type\":\"ReadAction\",\"target\":[\"https:\/\/dutchmicrodosing.com\/fr\/boutique-de-sante\/supplements-relaxt\/absinth-60-caps\/\"]}]},{\"@type\":\"ImageObject\",\"inLanguage\":\"fr-FR\",\"@id\":\"https:\/\/dutchmicrodosing.com\/fr\/boutique-de-sante\/supplements-relaxt\/absinth-60-caps\/#primaryimage\",\"url\":\"https:\/\/dutchmicrodosing.com\/wp-content\/uploads\/2025\/02\/package-absinth-1.png\",\"contentUrl\":\"https:\/\/dutchmicrodosing.com\/wp-content\/uploads\/2025\/02\/package-absinth-1.png\",\"width\":1000,\"height\":1000},{\"@type\":\"BreadcrumbList\",\"@id\":\"https:\/\/dutchmicrodosing.com\/fr\/boutique-de-sante\/supplements-relaxt\/absinth-60-caps\/#breadcrumb\",\"itemListElement\":[{\"@type\":\"ListItem\",\"position\":1,\"name\":\"Home\",\"item\":\"https:\/\/dutchmicrodosing.com\/fr\/\"},{\"@type\":\"ListItem\",\"position\":2,\"name\":\"Boutique\",\"item\":\"https:\/\/dutchmicrodosing.com\/fr\/boutique\/\"},{\"@type\":\"ListItem\",\"position\":3,\"name\":\"Absinthe &#8211; 60 g\u00e9lules\"}]},{\"@type\":\"WebSite\",\"@id\":\"https:\/\/dutchmicrodosing.com\/fr\/#website\",\"url\":\"https:\/\/dutchmicrodosing.com\/fr\/\",\"name\":\"Dutchmicrodosing\",\"description\":\"\",\"publisher\":{\"@id\":\"https:\/\/dutchmicrodosing.com\/fr\/#organization\"},\"potentialAction\":[{\"@type\":\"SearchAction\",\"target\":{\"@type\":\"EntryPoint\",\"urlTemplate\":\"https:\/\/dutchmicrodosing.com\/fr\/?s={search_term_string}\"},\"query-input\":{\"@type\":\"PropertyValueSpecification\",\"valueRequired\":true,\"valueName\":\"search_term_string\"}}],\"inLanguage\":\"fr-FR\"},{\"@type\":\"Organization\",\"@id\":\"https:\/\/dutchmicrodosing.com\/fr\/#organization\",\"name\":\"Dutchmicrodosing\",\"url\":\"https:\/\/dutchmicrodosing.com\/fr\/\",\"logo\":{\"@type\":\"ImageObject\",\"inLanguage\":\"fr-FR\",\"@id\":\"https:\/\/dutchmicrodosing.com\/fr\/#\/schema\/logo\/image\/\",\"url\":\"https:\/\/dutchmicrodosing.com\/wp-content\/uploads\/2021\/01\/microdosing-categorie-pic-nieuw.jpg\",\"contentUrl\":\"https:\/\/dutchmicrodosing.com\/wp-content\/uploads\/2021\/01\/microdosing-categorie-pic-nieuw.jpg\",\"width\":500,\"height\":500,\"caption\":\"Dutchmicrodosing\"},\"image\":{\"@id\":\"https:\/\/dutchmicrodosing.com\/fr\/#\/schema\/logo\/image\/\"},\"sameAs\":[\"https:\/\/www.facebook.com\/Dutchmicrodosingxp\/\",\"https:\/\/www.instagram.com\/dutchmicrodosing\/\"]}]}<\/script>\n<meta property=\"product:price:amount\" content=\"11.95\" \/>\n<meta property=\"product:price:currency\" content=\"EUR\" \/>\n<meta property=\"og:availability\" content=\"instock\" \/>\n<meta property=\"product:availability\" content=\"instock\" \/>\n<meta property=\"product:retailer_item_id\" content=\"9109534\" \/>\n<meta property=\"product:condition\" content=\"new\" \/>\n<!-- \/ Yoast SEO Premium plugin. -->","yoast_head_json":{"title":"Absinthe - 60 g\u00e9lules - Dutchmicrodosing","robots":{"index":"index","follow":"follow","max-snippet":"max-snippet:-1","max-image-preview":"max-image-preview:large","max-video-preview":"max-video-preview:-1"},"canonical":"https:\/\/dutchmicrodosing.com\/fr\/boutique-de-sante\/supplements-relaxt\/absinth-60-caps\/","og_locale":"fr_FR","og_type":"article","og_title":"Absinthe - 60 g\u00e9lules","og_description":"Les capsules d'absinthe d'Indian Elements contiennent des extraits d'armoise (Artemisia Absinthium), qui a acquis un statut presque mythique au cours des","og_url":"https:\/\/dutchmicrodosing.com\/fr\/boutique-de-sante\/supplements-relaxt\/absinth-60-caps\/","og_site_name":"Dutchmicrodosing","article_publisher":"https:\/\/www.facebook.com\/Dutchmicrodosingxp\/","article_modified_time":"2025-08-20T23:55:31+00:00","og_image":[{"width":1000,"height":1000,"url":"https:\/\/dutchmicrodosing.com\/wp-content\/uploads\/2025\/02\/package-absinth-1.png","type":"image\/png"}],"twitter_card":"summary_large_image","schema":{"@context":"https:\/\/schema.org","@graph":[{"@type":"WebPage","@id":"https:\/\/dutchmicrodosing.com\/fr\/boutique-de-sante\/supplements-relaxt\/absinth-60-caps\/","url":"https:\/\/dutchmicrodosing.com\/fr\/boutique-de-sante\/supplements-relaxt\/absinth-60-caps\/","name":"Absinthe - 60 g\u00e9lules - Dutchmicrodosing","isPartOf":{"@id":"https:\/\/dutchmicrodosing.com\/fr\/#website"},"primaryImageOfPage":{"@id":"https:\/\/dutchmicrodosing.com\/fr\/boutique-de-sante\/supplements-relaxt\/absinth-60-caps\/#primaryimage"},"image":{"@id":"https:\/\/dutchmicrodosing.com\/fr\/boutique-de-sante\/supplements-relaxt\/absinth-60-caps\/#primaryimage"},"thumbnailUrl":"https:\/\/dutchmicrodosing.com\/wp-content\/uploads\/2025\/02\/package-absinth-1.png","datePublished":"2025-02-01T14:34:04+00:00","dateModified":"2025-08-20T23:55:31+00:00","breadcrumb":{"@id":"https:\/\/dutchmicrodosing.com\/fr\/boutique-de-sante\/supplements-relaxt\/absinth-60-caps\/#breadcrumb"},"inLanguage":"fr-FR","potentialAction":[{"@type":"ReadAction","target":["https:\/\/dutchmicrodosing.com\/fr\/boutique-de-sante\/supplements-relaxt\/absinth-60-caps\/"]}]},{"@type":"ImageObject","inLanguage":"fr-FR","@id":"https:\/\/dutchmicrodosing.com\/fr\/boutique-de-sante\/supplements-relaxt\/absinth-60-caps\/#primaryimage","url":"https:\/\/dutchmicrodosing.com\/wp-content\/uploads\/2025\/02\/package-absinth-1.png","contentUrl":"https:\/\/dutchmicrodosing.com\/wp-content\/uploads\/2025\/02\/package-absinth-1.png","width":1000,"height":1000},{"@type":"BreadcrumbList","@id":"https:\/\/dutchmicrodosing.com\/fr\/boutique-de-sante\/supplements-relaxt\/absinth-60-caps\/#breadcrumb","itemListElement":[{"@type":"ListItem","position":1,"name":"Home","item":"https:\/\/dutchmicrodosing.com\/fr\/"},{"@type":"ListItem","position":2,"name":"Boutique","item":"https:\/\/dutchmicrodosing.com\/fr\/boutique\/"},{"@type":"ListItem","position":3,"name":"Absinthe &#8211; 60 g\u00e9lules"}]},{"@type":"WebSite","@id":"https:\/\/dutchmicrodosing.com\/fr\/#website","url":"https:\/\/dutchmicrodosing.com\/fr\/","name":"Dutchmicrodosing","description":"","publisher":{"@id":"https:\/\/dutchmicrodosing.com\/fr\/#organization"},"potentialAction":[{"@type":"SearchAction","target":{"@type":"EntryPoint","urlTemplate":"https:\/\/dutchmicrodosing.com\/fr\/?s={search_term_string}"},"query-input":{"@type":"PropertyValueSpecification","valueRequired":true,"valueName":"search_term_string"}}],"inLanguage":"fr-FR"},{"@type":"Organization","@id":"https:\/\/dutchmicrodosing.com\/fr\/#organization","name":"Dutchmicrodosing","url":"https:\/\/dutchmicrodosing.com\/fr\/","logo":{"@type":"ImageObject","inLanguage":"fr-FR","@id":"https:\/\/dutchmicrodosing.com\/fr\/#\/schema\/logo\/image\/","url":"https:\/\/dutchmicrodosing.com\/wp-content\/uploads\/2021\/01\/microdosing-categorie-pic-nieuw.jpg","contentUrl":"https:\/\/dutchmicrodosing.com\/wp-content\/uploads\/2021\/01\/microdosing-categorie-pic-nieuw.jpg","width":500,"height":500,"caption":"Dutchmicrodosing"},"image":{"@id":"https:\/\/dutchmicrodosing.com\/fr\/#\/schema\/logo\/image\/"},"sameAs":["https:\/\/www.facebook.com\/Dutchmicrodosingxp\/","https:\/\/www.instagram.com\/dutchmicrodosing\/"]}]},"product_price_amount":"11.95","product_price_currency":"EUR","og_availability":"instock","product_availability":"instock","product_retailer_item_id":"9109534","product_condition":"new"},"_links":{"self":[{"href":"https:\/\/dutchmicrodosing.com\/fr\/wp-json\/wp\/v2\/product\/44927","targetHints":{"allow":["GET"]}}],"collection":[{"href":"https:\/\/dutchmicrodosing.com\/fr\/wp-json\/wp\/v2\/product"}],"about":[{"href":"https:\/\/dutchmicrodosing.com\/fr\/wp-json\/wp\/v2\/types\/product"}],"replies":[{"embeddable":true,"href":"https:\/\/dutchmicrodosing.com\/fr\/wp-json\/wp\/v2\/comments?post=44927"}],"version-history":[{"count":0,"href":"https:\/\/dutchmicrodosing.com\/fr\/wp-json\/wp\/v2\/product\/44927\/revisions"}],"wp:featuredmedia":[{"embeddable":true,"href":"https:\/\/dutchmicrodosing.com\/fr\/wp-json\/wp\/v2\/media\/44920"}],"wp:attachment":[{"href":"https:\/\/dutchmicrodosing.com\/fr\/wp-json\/wp\/v2\/media?parent=44927"}],"wp:term":[{"taxonomy":"product_brand","embeddable":true,"href":"https:\/\/dutchmicrodosing.com\/fr\/wp-json\/wp\/v2\/product_brand?post=44927"},{"taxonomy":"product_cat","embeddable":true,"href":"https:\/\/dutchmicrodosing.com\/fr\/wp-json\/wp\/v2\/product_cat?post=44927"},{"taxonomy":"product_tag","embeddable":true,"href":"https:\/\/dutchmicrodosing.com\/fr\/wp-json\/wp\/v2\/product_tag?post=44927"}],"curies":[{"name":"wp","href":"https:\/\/api.w.org\/{rel}","templated":true}]}}