{"id":45225,"date":"2025-02-17T14:55:49","date_gmt":"2025-02-17T13:55:49","guid":{"rendered":"https:\/\/dutchmicrodosing.com\/?post_type=product&#038;p=45225"},"modified":"2025-09-29T20:23:52","modified_gmt":"2025-09-29T18:23:52","slug":"mountain-caviar-original-himalayan-shilajit-150-softgels","status":"publish","type":"product","link":"https:\/\/dutchmicrodosing.com\/fr\/boutique-de-sante\/vitamines-et-supplements\/mountain-caviar-original-himalayan-shilajit-150-softgels\/","title":{"rendered":"Mountain Caviar Original Himalayan Shilajit &#8211; 150 Softgels"},"content":{"rendered":"<p><strong>Mountain Caviar Original Himalayan Shilajit &#8211; 150 softgels<\/strong> apporte l&rsquo;authentique Shilajit du N\u00e9pal dans une softgel pratique. Pas de go\u00fbt fort ni de substance collante, juste la puissance pure de ce produit naturel de montagne dans une capsule que vous avalez en un rien de temps. Parfait pour ceux qui recherchent la simplicit\u00e9 sans faire de compromis sur la qualit\u00e9.<\/p>\n<h3>Caract\u00e9ristiques<\/h3>\n<ul>\n<li>Plus de 75 % d&rsquo;acides fulviques par g\u00e9lule<\/li>\n<li>Contient plus de 85 compos\u00e9s bioactifs d&rsquo;origine naturelle.<\/li>\n<li>Les g\u00e9lules garantissent une absorption rapide et sans effort<\/li>\n<li>Pas d&rsquo;odeur ni d&rsquo;arri\u00e8re-go\u00fbt &#8211; mais l&rsquo;amateur doit m\u00e2cher pour retrouver le go\u00fbt original.<\/li>\n<li>R\u00e9colte durable dans des lieux situ\u00e9s \u00e0 plus de 5 000 m\u00e8tres d&rsquo;altitude.<\/li>\n<li>La puret\u00e9 et l&rsquo;absence de substances nocives sont v\u00e9rifi\u00e9es dans chaque lot.<\/li>\n<li>Les communaut\u00e9s locales n\u00e9palaises sont directement impliqu\u00e9es dans la r\u00e9colte.<\/li>\n<\/ul>\n<h3>Ingr\u00e9dients et\/ou composition<\/h3>\n<p>R\u00e9sine de shilajit, g\u00e9lule v\u00e9g\u00e9tale (pullulan), complexe d&rsquo;acides humiques et fulvineux. Ne contient pas de substances artificielles, de conservateurs ou d&rsquo;allerg\u00e8nes connus.<\/p>\n<h3>Utilisation<\/h3>\n<p>Prenez 3 \u00e0 5 softgels par jour, de pr\u00e9f\u00e9rence le matin \u00e0 jeun. Si vous \u00eates sensible aux suppl\u00e9ments, prenez-les au cours d&rsquo;un repas. Vous pouvez \u00e9galement choisir de m\u00e2cher la g\u00e9lule pour b\u00e9n\u00e9ficier de la saveur terreuse caract\u00e9ristique du Shilajit.<\/p>\n<h3>Contenu<\/h3>\n<p>L<em>&lsquo;<\/em>emballage contient 150 g\u00e9lules de Shilajit de l&rsquo;Himalaya.<\/p>\n","protected":false},"excerpt":{"rendered":"<p>Mountain Caviar Original Himalayan Shilajit &#8211; 150 softgels apporte l&rsquo;authentique Shilajit du N\u00e9pal dans une softgel pratique. Pas de go\u00fbt fort ni de substance collante, juste la puissance pure de ce produit naturel de montagne dans une capsule que vous avalez en un rien de temps. Parfait pour ceux qui recherchent la simplicit\u00e9 sans faire [&hellip;]<\/p>\n","protected":false},"featured_media":45228,"comment_status":"closed","ping_status":"closed","template":"","meta":[],"product_brand":[],"product_cat":[290,291,321,131],"product_tag":[],"class_list":{"0":"post-45225","1":"product","2":"type-product","3":"status-publish","4":"has-post-thumbnail","6":"product_cat-supplements-energetiques","7":"product_cat-supplements-pour-le-systeme-immunitaire","8":"product_cat-supplements-pour-la-concentration","9":"product_cat-vitamines-et-supplements","11":"first","12":"instock","13":"taxable","14":"shipping-taxable","15":"purchasable","16":"product-type-simple"},"yoast_head":"<!-- This site is optimized with the Yoast SEO Premium plugin v26.4 (Yoast SEO v27.4) - https:\/\/yoast.com\/product\/yoast-seo-premium-wordpress\/ -->\n<title>Mountain Caviar Original Himalayan Shilajit - 150 Softgels - Dutchmicrodosing<\/title>\n<meta name=\"description\" content=\"D\u00e9couvrez Mountain Caviar Shilajit en softgels pratiques. 100% naturel, r\u00e9colt\u00e9 de mani\u00e8re durable et riche en compos\u00e9s bioactifs. Pas de go\u00fbt, mais une exp\u00e9rience compl\u00e8te\" \/>\n<meta name=\"robots\" content=\"index, follow, max-snippet:-1, max-image-preview:large, max-video-preview:-1\" \/>\n<link rel=\"canonical\" href=\"https:\/\/dutchmicrodosing.com\/fr\/boutique-de-sante\/vitamines-et-supplements\/mountain-caviar-original-himalayan-shilajit-150-softgels\/\" \/>\n<meta property=\"og:locale\" content=\"fr_FR\" \/>\n<meta property=\"og:type\" content=\"article\" \/>\n<meta property=\"og:title\" content=\"Mountain Caviar Original Himalayan Shilajit - 150 Softgels\" \/>\n<meta property=\"og:description\" content=\"Mountain Caviar Original Himalayan Shilajit - 150 softgels apporte l&#039;authentique Shilajit du N\u00e9pal dans une softgel pratique. Pas de go\u00fbt fort ni de\" \/>\n<meta property=\"og:url\" content=\"https:\/\/dutchmicrodosing.com\/fr\/boutique-de-sante\/vitamines-et-supplements\/mountain-caviar-original-himalayan-shilajit-150-softgels\/\" \/>\n<meta property=\"og:site_name\" content=\"Dutchmicrodosing\" \/>\n<meta property=\"article:publisher\" content=\"https:\/\/www.facebook.com\/Dutchmicrodosingxp\/\" \/>\n<meta property=\"article:modified_time\" content=\"2025-09-29T18:23:52+00:00\" \/>\n<meta property=\"og:image\" content=\"https:\/\/dutchmicrodosing.com\/wp-content\/uploads\/2025\/02\/Shilajit-Gold-Grade_8-002.jpg\" \/>\n\t<meta property=\"og:image:width\" content=\"1500\" \/>\n\t<meta property=\"og:image:height\" content=\"1500\" \/>\n\t<meta property=\"og:image:type\" content=\"image\/jpeg\" \/>\n<meta name=\"twitter:card\" content=\"summary_large_image\" \/>\n<script type=\"application\/ld+json\" class=\"yoast-schema-graph\">{\"@context\":\"https:\\\/\\\/schema.org\",\"@graph\":[{\"@type\":\"WebPage\",\"@id\":\"https:\\\/\\\/dutchmicrodosing.com\\\/fr\\\/boutique-de-sante\\\/vitamines-et-supplements\\\/mountain-caviar-original-himalayan-shilajit-150-softgels\\\/\",\"url\":\"https:\\\/\\\/dutchmicrodosing.com\\\/fr\\\/boutique-de-sante\\\/vitamines-et-supplements\\\/mountain-caviar-original-himalayan-shilajit-150-softgels\\\/\",\"name\":\"Mountain Caviar Original Himalayan Shilajit - 150 Softgels - Dutchmicrodosing\",\"isPartOf\":{\"@id\":\"https:\\\/\\\/dutchmicrodosing.com\\\/fr\\\/#website\"},\"primaryImageOfPage\":{\"@id\":\"https:\\\/\\\/dutchmicrodosing.com\\\/fr\\\/boutique-de-sante\\\/vitamines-et-supplements\\\/mountain-caviar-original-himalayan-shilajit-150-softgels\\\/#primaryimage\"},\"image\":{\"@id\":\"https:\\\/\\\/dutchmicrodosing.com\\\/fr\\\/boutique-de-sante\\\/vitamines-et-supplements\\\/mountain-caviar-original-himalayan-shilajit-150-softgels\\\/#primaryimage\"},\"thumbnailUrl\":\"https:\\\/\\\/dutchmicrodosing.com\\\/wp-content\\\/uploads\\\/2025\\\/02\\\/Shilajit-Gold-Grade_8-002.jpg\",\"datePublished\":\"2025-02-17T13:55:49+00:00\",\"dateModified\":\"2025-09-29T18:23:52+00:00\",\"description\":\"D\u00e9couvrez Mountain Caviar Shilajit en softgels pratiques. 100% naturel, r\u00e9colt\u00e9 de mani\u00e8re durable et riche en compos\u00e9s bioactifs. Pas de go\u00fbt, mais une exp\u00e9rience compl\u00e8te\",\"breadcrumb\":{\"@id\":\"https:\\\/\\\/dutchmicrodosing.com\\\/fr\\\/boutique-de-sante\\\/vitamines-et-supplements\\\/mountain-caviar-original-himalayan-shilajit-150-softgels\\\/#breadcrumb\"},\"inLanguage\":\"fr-FR\",\"potentialAction\":[{\"@type\":\"ReadAction\",\"target\":[\"https:\\\/\\\/dutchmicrodosing.com\\\/fr\\\/boutique-de-sante\\\/vitamines-et-supplements\\\/mountain-caviar-original-himalayan-shilajit-150-softgels\\\/\"]}]},{\"@type\":\"ImageObject\",\"inLanguage\":\"fr-FR\",\"@id\":\"https:\\\/\\\/dutchmicrodosing.com\\\/fr\\\/boutique-de-sante\\\/vitamines-et-supplements\\\/mountain-caviar-original-himalayan-shilajit-150-softgels\\\/#primaryimage\",\"url\":\"https:\\\/\\\/dutchmicrodosing.com\\\/wp-content\\\/uploads\\\/2025\\\/02\\\/Shilajit-Gold-Grade_8-002.jpg\",\"contentUrl\":\"https:\\\/\\\/dutchmicrodosing.com\\\/wp-content\\\/uploads\\\/2025\\\/02\\\/Shilajit-Gold-Grade_8-002.jpg\",\"width\":1500,\"height\":1500},{\"@type\":\"BreadcrumbList\",\"@id\":\"https:\\\/\\\/dutchmicrodosing.com\\\/fr\\\/boutique-de-sante\\\/vitamines-et-supplements\\\/mountain-caviar-original-himalayan-shilajit-150-softgels\\\/#breadcrumb\",\"itemListElement\":[{\"@type\":\"ListItem\",\"position\":1,\"name\":\"Home\",\"item\":\"https:\\\/\\\/dutchmicrodosing.com\\\/fr\\\/\"},{\"@type\":\"ListItem\",\"position\":2,\"name\":\"Boutique\",\"item\":\"https:\\\/\\\/dutchmicrodosing.com\\\/fr\\\/boutique\\\/\"},{\"@type\":\"ListItem\",\"position\":3,\"name\":\"Mountain Caviar Original Himalayan Shilajit &#8211; 150 Softgels\"}]},{\"@type\":\"WebSite\",\"@id\":\"https:\\\/\\\/dutchmicrodosing.com\\\/fr\\\/#website\",\"url\":\"https:\\\/\\\/dutchmicrodosing.com\\\/fr\\\/\",\"name\":\"Dutchmicrodosing\",\"description\":\"\",\"publisher\":{\"@id\":\"https:\\\/\\\/dutchmicrodosing.com\\\/fr\\\/#organization\"},\"potentialAction\":[{\"@type\":\"SearchAction\",\"target\":{\"@type\":\"EntryPoint\",\"urlTemplate\":\"https:\\\/\\\/dutchmicrodosing.com\\\/fr\\\/?s={search_term_string}\"},\"query-input\":{\"@type\":\"PropertyValueSpecification\",\"valueRequired\":true,\"valueName\":\"search_term_string\"}}],\"inLanguage\":\"fr-FR\"},{\"@type\":\"Organization\",\"@id\":\"https:\\\/\\\/dutchmicrodosing.com\\\/fr\\\/#organization\",\"name\":\"Dutchmicrodosing\",\"url\":\"https:\\\/\\\/dutchmicrodosing.com\\\/fr\\\/\",\"logo\":{\"@type\":\"ImageObject\",\"inLanguage\":\"fr-FR\",\"@id\":\"https:\\\/\\\/dutchmicrodosing.com\\\/fr\\\/#\\\/schema\\\/logo\\\/image\\\/\",\"url\":\"https:\\\/\\\/dutchmicrodosing.com\\\/wp-content\\\/uploads\\\/2021\\\/01\\\/microdosing-categorie-pic-nieuw.jpg\",\"contentUrl\":\"https:\\\/\\\/dutchmicrodosing.com\\\/wp-content\\\/uploads\\\/2021\\\/01\\\/microdosing-categorie-pic-nieuw.jpg\",\"width\":500,\"height\":500,\"caption\":\"Dutchmicrodosing\"},\"image\":{\"@id\":\"https:\\\/\\\/dutchmicrodosing.com\\\/fr\\\/#\\\/schema\\\/logo\\\/image\\\/\"},\"sameAs\":[\"https:\\\/\\\/www.facebook.com\\\/Dutchmicrodosingxp\\\/\",\"https:\\\/\\\/www.instagram.com\\\/dutchmicrodosing\\\/\"]}]}<\/script>\n<meta property=\"product:price:amount\" content=\"39.95\" \/>\n<meta property=\"product:price:currency\" content=\"EUR\" \/>\n<meta property=\"og:availability\" content=\"instock\" \/>\n<meta property=\"product:availability\" content=\"instock\" \/>\n<meta property=\"product:retailer_item_id\" content=\"5202240\" \/>\n<meta property=\"product:condition\" content=\"new\" \/>\n<!-- \/ Yoast SEO Premium plugin. -->","yoast_head_json":{"title":"Mountain Caviar Original Himalayan Shilajit - 150 Softgels - Dutchmicrodosing","description":"D\u00e9couvrez Mountain Caviar Shilajit en softgels pratiques. 100% naturel, r\u00e9colt\u00e9 de mani\u00e8re durable et riche en compos\u00e9s bioactifs. Pas de go\u00fbt, mais une exp\u00e9rience compl\u00e8te","robots":{"index":"index","follow":"follow","max-snippet":"max-snippet:-1","max-image-preview":"max-image-preview:large","max-video-preview":"max-video-preview:-1"},"canonical":"https:\/\/dutchmicrodosing.com\/fr\/boutique-de-sante\/vitamines-et-supplements\/mountain-caviar-original-himalayan-shilajit-150-softgels\/","og_locale":"fr_FR","og_type":"article","og_title":"Mountain Caviar Original Himalayan Shilajit - 150 Softgels","og_description":"Mountain Caviar Original Himalayan Shilajit - 150 softgels apporte l'authentique Shilajit du N\u00e9pal dans une softgel pratique. Pas de go\u00fbt fort ni de","og_url":"https:\/\/dutchmicrodosing.com\/fr\/boutique-de-sante\/vitamines-et-supplements\/mountain-caviar-original-himalayan-shilajit-150-softgels\/","og_site_name":"Dutchmicrodosing","article_publisher":"https:\/\/www.facebook.com\/Dutchmicrodosingxp\/","article_modified_time":"2025-09-29T18:23:52+00:00","og_image":[{"width":1500,"height":1500,"url":"https:\/\/dutchmicrodosing.com\/wp-content\/uploads\/2025\/02\/Shilajit-Gold-Grade_8-002.jpg","type":"image\/jpeg"}],"twitter_card":"summary_large_image","schema":{"@context":"https:\/\/schema.org","@graph":[{"@type":"WebPage","@id":"https:\/\/dutchmicrodosing.com\/fr\/boutique-de-sante\/vitamines-et-supplements\/mountain-caviar-original-himalayan-shilajit-150-softgels\/","url":"https:\/\/dutchmicrodosing.com\/fr\/boutique-de-sante\/vitamines-et-supplements\/mountain-caviar-original-himalayan-shilajit-150-softgels\/","name":"Mountain Caviar Original Himalayan Shilajit - 150 Softgels - Dutchmicrodosing","isPartOf":{"@id":"https:\/\/dutchmicrodosing.com\/fr\/#website"},"primaryImageOfPage":{"@id":"https:\/\/dutchmicrodosing.com\/fr\/boutique-de-sante\/vitamines-et-supplements\/mountain-caviar-original-himalayan-shilajit-150-softgels\/#primaryimage"},"image":{"@id":"https:\/\/dutchmicrodosing.com\/fr\/boutique-de-sante\/vitamines-et-supplements\/mountain-caviar-original-himalayan-shilajit-150-softgels\/#primaryimage"},"thumbnailUrl":"https:\/\/dutchmicrodosing.com\/wp-content\/uploads\/2025\/02\/Shilajit-Gold-Grade_8-002.jpg","datePublished":"2025-02-17T13:55:49+00:00","dateModified":"2025-09-29T18:23:52+00:00","description":"D\u00e9couvrez Mountain Caviar Shilajit en softgels pratiques. 100% naturel, r\u00e9colt\u00e9 de mani\u00e8re durable et riche en compos\u00e9s bioactifs. Pas de go\u00fbt, mais une exp\u00e9rience compl\u00e8te","breadcrumb":{"@id":"https:\/\/dutchmicrodosing.com\/fr\/boutique-de-sante\/vitamines-et-supplements\/mountain-caviar-original-himalayan-shilajit-150-softgels\/#breadcrumb"},"inLanguage":"fr-FR","potentialAction":[{"@type":"ReadAction","target":["https:\/\/dutchmicrodosing.com\/fr\/boutique-de-sante\/vitamines-et-supplements\/mountain-caviar-original-himalayan-shilajit-150-softgels\/"]}]},{"@type":"ImageObject","inLanguage":"fr-FR","@id":"https:\/\/dutchmicrodosing.com\/fr\/boutique-de-sante\/vitamines-et-supplements\/mountain-caviar-original-himalayan-shilajit-150-softgels\/#primaryimage","url":"https:\/\/dutchmicrodosing.com\/wp-content\/uploads\/2025\/02\/Shilajit-Gold-Grade_8-002.jpg","contentUrl":"https:\/\/dutchmicrodosing.com\/wp-content\/uploads\/2025\/02\/Shilajit-Gold-Grade_8-002.jpg","width":1500,"height":1500},{"@type":"BreadcrumbList","@id":"https:\/\/dutchmicrodosing.com\/fr\/boutique-de-sante\/vitamines-et-supplements\/mountain-caviar-original-himalayan-shilajit-150-softgels\/#breadcrumb","itemListElement":[{"@type":"ListItem","position":1,"name":"Home","item":"https:\/\/dutchmicrodosing.com\/fr\/"},{"@type":"ListItem","position":2,"name":"Boutique","item":"https:\/\/dutchmicrodosing.com\/fr\/boutique\/"},{"@type":"ListItem","position":3,"name":"Mountain Caviar Original Himalayan Shilajit &#8211; 150 Softgels"}]},{"@type":"WebSite","@id":"https:\/\/dutchmicrodosing.com\/fr\/#website","url":"https:\/\/dutchmicrodosing.com\/fr\/","name":"Dutchmicrodosing","description":"","publisher":{"@id":"https:\/\/dutchmicrodosing.com\/fr\/#organization"},"potentialAction":[{"@type":"SearchAction","target":{"@type":"EntryPoint","urlTemplate":"https:\/\/dutchmicrodosing.com\/fr\/?s={search_term_string}"},"query-input":{"@type":"PropertyValueSpecification","valueRequired":true,"valueName":"search_term_string"}}],"inLanguage":"fr-FR"},{"@type":"Organization","@id":"https:\/\/dutchmicrodosing.com\/fr\/#organization","name":"Dutchmicrodosing","url":"https:\/\/dutchmicrodosing.com\/fr\/","logo":{"@type":"ImageObject","inLanguage":"fr-FR","@id":"https:\/\/dutchmicrodosing.com\/fr\/#\/schema\/logo\/image\/","url":"https:\/\/dutchmicrodosing.com\/wp-content\/uploads\/2021\/01\/microdosing-categorie-pic-nieuw.jpg","contentUrl":"https:\/\/dutchmicrodosing.com\/wp-content\/uploads\/2021\/01\/microdosing-categorie-pic-nieuw.jpg","width":500,"height":500,"caption":"Dutchmicrodosing"},"image":{"@id":"https:\/\/dutchmicrodosing.com\/fr\/#\/schema\/logo\/image\/"},"sameAs":["https:\/\/www.facebook.com\/Dutchmicrodosingxp\/","https:\/\/www.instagram.com\/dutchmicrodosing\/"]}]},"product_price_amount":"39.95","product_price_currency":"EUR","og_availability":"instock","product_availability":"instock","product_retailer_item_id":"5202240","product_condition":"new"},"_links":{"self":[{"href":"https:\/\/dutchmicrodosing.com\/fr\/wp-json\/wp\/v2\/product\/45225","targetHints":{"allow":["GET"]}}],"collection":[{"href":"https:\/\/dutchmicrodosing.com\/fr\/wp-json\/wp\/v2\/product"}],"about":[{"href":"https:\/\/dutchmicrodosing.com\/fr\/wp-json\/wp\/v2\/types\/product"}],"replies":[{"embeddable":true,"href":"https:\/\/dutchmicrodosing.com\/fr\/wp-json\/wp\/v2\/comments?post=45225"}],"version-history":[{"count":0,"href":"https:\/\/dutchmicrodosing.com\/fr\/wp-json\/wp\/v2\/product\/45225\/revisions"}],"wp:featuredmedia":[{"embeddable":true,"href":"https:\/\/dutchmicrodosing.com\/fr\/wp-json\/wp\/v2\/media\/45228"}],"wp:attachment":[{"href":"https:\/\/dutchmicrodosing.com\/fr\/wp-json\/wp\/v2\/media?parent=45225"}],"wp:term":[{"taxonomy":"product_brand","embeddable":true,"href":"https:\/\/dutchmicrodosing.com\/fr\/wp-json\/wp\/v2\/product_brand?post=45225"},{"taxonomy":"product_cat","embeddable":true,"href":"https:\/\/dutchmicrodosing.com\/fr\/wp-json\/wp\/v2\/product_cat?post=45225"},{"taxonomy":"product_tag","embeddable":true,"href":"https:\/\/dutchmicrodosing.com\/fr\/wp-json\/wp\/v2\/product_tag?post=45225"}],"curies":[{"name":"wp","href":"https:\/\/api.w.org\/{rel}","templated":true}]}}