{"id":45998,"date":"2024-11-05T13:51:13","date_gmt":"2024-11-05T12:51:13","guid":{"rendered":"https:\/\/dutchmicrodosing.com\/shop\/non%20class\u00e9\/kg-2\/"},"modified":"2025-08-19T23:57:56","modified_gmt":"2025-08-19T21:57:56","slug":"kg-2","status":"publish","type":"product","link":"https:\/\/dutchmicrodosing.com\/fr\/boutique-de-sante\/vitamines-et-supplements\/kg-2\/","title":{"rendered":"KG-2"},"content":{"rendered":"<p>Le <strong>KG-2<\/strong> est votre arme secr\u00e8te contre la gueule de bois. Cette puissante pilule anti-gueule de bois acc\u00e9l\u00e8re la d\u00e9gradation de l&rsquo;alcool dans votre sang, de sorte que m\u00eame apr\u00e8s une nuit de plaisir, vous vous r\u00e9veillerez le lendemain plein d&rsquo;entrain et d&rsquo;\u00e9nergie. Id\u00e9al pour les jours o\u00f9, apr\u00e8s une soir\u00e9e agr\u00e9able, vous devez vous remettre au travail. Avec KG-2, vous pouvez profiter de votre soir\u00e9e en toute insouciance, avec la tranquillit\u00e9 d&rsquo;esprit de savoir que vous serez compl\u00e8tement vous-m\u00eame le lendemain.<\/p>\n<h3>Ingr\u00e9dients par g\u00e9lule<\/h3>\n<p>Asparagine (700 mg)<\/p>\n<h3><strong>Utilisation sugg\u00e9r\u00e9e<\/strong><\/h3>\n<p>Apr\u00e8s avoir consomm\u00e9 de l&rsquo;alcool, prenez 4 \u00e0 5 g\u00e9lules de KG-2 juste avant le coucher avec beaucoup d&rsquo;eau.<\/p>\n<h3><strong>Contenu<\/strong><\/h3>\n<p>KG-2 &#8211; bo\u00eete contenant 2 blisters de 10 g\u00e9lules<\/p>\n","protected":false},"excerpt":{"rendered":"<p>Le KG-2 est votre arme secr\u00e8te contre la gueule de bois. Cette puissante pilule anti-gueule de bois acc\u00e9l\u00e8re la d\u00e9gradation de l&rsquo;alcool dans votre sang, de sorte que m\u00eame apr\u00e8s une nuit de plaisir, vous vous r\u00e9veillerez le lendemain plein d&rsquo;entrain et d&rsquo;\u00e9nergie. Id\u00e9al pour les jours o\u00f9, apr\u00e8s une soir\u00e9e agr\u00e9able, vous devez vous [&hellip;]<\/p>\n","protected":false},"featured_media":43512,"comment_status":"closed","ping_status":"closed","template":"","meta":[],"product_brand":[],"product_cat":[131],"product_tag":[],"class_list":{"0":"post-45998","1":"product","2":"type-product","3":"status-publish","4":"has-post-thumbnail","6":"product_cat-vitamines-et-supplements","8":"first","9":"instock","10":"taxable","11":"shipping-taxable","12":"purchasable","13":"product-type-simple"},"yoast_head":"<!-- This site is optimized with the Yoast SEO Premium plugin v26.4 (Yoast SEO v27.2) - https:\/\/yoast.com\/product\/yoast-seo-premium-wordpress\/ -->\n<title>KG-2 - Dutchmicrodosing<\/title>\n<meta name=\"description\" content=\"KG-2 est votre arme secr\u00e8te contre la gueule de bois ! Cette pilule anti-gueule de bois peut vous permettre de faire toutes sortes de choses le lendemain !\" \/>\n<meta name=\"robots\" content=\"index, follow, max-snippet:-1, max-image-preview:large, max-video-preview:-1\" \/>\n<link rel=\"canonical\" href=\"https:\/\/dutchmicrodosing.com\/fr\/boutique-de-sante\/vitamines-et-supplements\/kg-2\/\" \/>\n<meta property=\"og:locale\" content=\"fr_FR\" \/>\n<meta property=\"og:type\" content=\"article\" \/>\n<meta property=\"og:title\" content=\"KG-2\" \/>\n<meta property=\"og:description\" content=\"Le KG-2 est votre arme secr\u00e8te contre la gueule de bois. Cette puissante pilule anti-gueule de bois acc\u00e9l\u00e8re la d\u00e9gradation de l&#039;alcool dans votre sang,\" \/>\n<meta property=\"og:url\" content=\"https:\/\/dutchmicrodosing.com\/fr\/boutique-de-sante\/vitamines-et-supplements\/kg-2\/\" \/>\n<meta property=\"og:site_name\" content=\"Dutchmicrodosing\" \/>\n<meta property=\"article:publisher\" content=\"https:\/\/www.facebook.com\/Dutchmicrodosingxp\/\" \/>\n<meta property=\"article:modified_time\" content=\"2025-08-19T21:57:56+00:00\" \/>\n<meta property=\"og:image\" content=\"https:\/\/dutchmicrodosing.com\/wp-content\/uploads\/2024\/11\/kg-2-anti-kater-pil-asparagine-1.jpg\" \/>\n\t<meta property=\"og:image:width\" content=\"1000\" \/>\n\t<meta property=\"og:image:height\" content=\"1000\" \/>\n\t<meta property=\"og:image:type\" content=\"image\/jpeg\" \/>\n<meta name=\"twitter:card\" content=\"summary_large_image\" \/>\n<script type=\"application\/ld+json\" class=\"yoast-schema-graph\">{\"@context\":\"https:\/\/schema.org\",\"@graph\":[{\"@type\":\"WebPage\",\"@id\":\"https:\/\/dutchmicrodosing.com\/fr\/boutique-de-sante\/vitamines-et-supplements\/kg-2\/\",\"url\":\"https:\/\/dutchmicrodosing.com\/fr\/boutique-de-sante\/vitamines-et-supplements\/kg-2\/\",\"name\":\"KG-2 - Dutchmicrodosing\",\"isPartOf\":{\"@id\":\"https:\/\/dutchmicrodosing.com\/fr\/#website\"},\"primaryImageOfPage\":{\"@id\":\"https:\/\/dutchmicrodosing.com\/fr\/boutique-de-sante\/vitamines-et-supplements\/kg-2\/#primaryimage\"},\"image\":{\"@id\":\"https:\/\/dutchmicrodosing.com\/fr\/boutique-de-sante\/vitamines-et-supplements\/kg-2\/#primaryimage\"},\"thumbnailUrl\":\"https:\/\/dutchmicrodosing.com\/wp-content\/uploads\/2024\/11\/kg-2-anti-kater-pil-asparagine-1.jpg\",\"datePublished\":\"2024-11-05T12:51:13+00:00\",\"dateModified\":\"2025-08-19T21:57:56+00:00\",\"description\":\"KG-2 est votre arme secr\u00e8te contre la gueule de bois ! Cette pilule anti-gueule de bois peut vous permettre de faire toutes sortes de choses le lendemain !\",\"breadcrumb\":{\"@id\":\"https:\/\/dutchmicrodosing.com\/fr\/boutique-de-sante\/vitamines-et-supplements\/kg-2\/#breadcrumb\"},\"inLanguage\":\"fr-FR\",\"potentialAction\":[{\"@type\":\"ReadAction\",\"target\":[\"https:\/\/dutchmicrodosing.com\/fr\/boutique-de-sante\/vitamines-et-supplements\/kg-2\/\"]}]},{\"@type\":\"ImageObject\",\"inLanguage\":\"fr-FR\",\"@id\":\"https:\/\/dutchmicrodosing.com\/fr\/boutique-de-sante\/vitamines-et-supplements\/kg-2\/#primaryimage\",\"url\":\"https:\/\/dutchmicrodosing.com\/wp-content\/uploads\/2024\/11\/kg-2-anti-kater-pil-asparagine-1.jpg\",\"contentUrl\":\"https:\/\/dutchmicrodosing.com\/wp-content\/uploads\/2024\/11\/kg-2-anti-kater-pil-asparagine-1.jpg\",\"width\":1000,\"height\":1000},{\"@type\":\"BreadcrumbList\",\"@id\":\"https:\/\/dutchmicrodosing.com\/fr\/boutique-de-sante\/vitamines-et-supplements\/kg-2\/#breadcrumb\",\"itemListElement\":[{\"@type\":\"ListItem\",\"position\":1,\"name\":\"Home\",\"item\":\"https:\/\/dutchmicrodosing.com\/fr\/\"},{\"@type\":\"ListItem\",\"position\":2,\"name\":\"Boutique\",\"item\":\"https:\/\/dutchmicrodosing.com\/fr\/boutique\/\"},{\"@type\":\"ListItem\",\"position\":3,\"name\":\"KG-2\"}]},{\"@type\":\"WebSite\",\"@id\":\"https:\/\/dutchmicrodosing.com\/fr\/#website\",\"url\":\"https:\/\/dutchmicrodosing.com\/fr\/\",\"name\":\"Dutchmicrodosing\",\"description\":\"\",\"publisher\":{\"@id\":\"https:\/\/dutchmicrodosing.com\/fr\/#organization\"},\"potentialAction\":[{\"@type\":\"SearchAction\",\"target\":{\"@type\":\"EntryPoint\",\"urlTemplate\":\"https:\/\/dutchmicrodosing.com\/fr\/?s={search_term_string}\"},\"query-input\":{\"@type\":\"PropertyValueSpecification\",\"valueRequired\":true,\"valueName\":\"search_term_string\"}}],\"inLanguage\":\"fr-FR\"},{\"@type\":\"Organization\",\"@id\":\"https:\/\/dutchmicrodosing.com\/fr\/#organization\",\"name\":\"Dutchmicrodosing\",\"url\":\"https:\/\/dutchmicrodosing.com\/fr\/\",\"logo\":{\"@type\":\"ImageObject\",\"inLanguage\":\"fr-FR\",\"@id\":\"https:\/\/dutchmicrodosing.com\/fr\/#\/schema\/logo\/image\/\",\"url\":\"https:\/\/dutchmicrodosing.com\/wp-content\/uploads\/2021\/01\/microdosing-categorie-pic-nieuw.jpg\",\"contentUrl\":\"https:\/\/dutchmicrodosing.com\/wp-content\/uploads\/2021\/01\/microdosing-categorie-pic-nieuw.jpg\",\"width\":500,\"height\":500,\"caption\":\"Dutchmicrodosing\"},\"image\":{\"@id\":\"https:\/\/dutchmicrodosing.com\/fr\/#\/schema\/logo\/image\/\"},\"sameAs\":[\"https:\/\/www.facebook.com\/Dutchmicrodosingxp\/\",\"https:\/\/www.instagram.com\/dutchmicrodosing\/\"]}]}<\/script>\n<meta property=\"product:price:amount\" content=\"9.95\" \/>\n<meta property=\"product:price:currency\" content=\"EUR\" \/>\n<meta property=\"og:availability\" content=\"instock\" \/>\n<meta property=\"product:availability\" content=\"instock\" \/>\n<meta property=\"product:retailer_item_id\" content=\"4211953\" \/>\n<meta property=\"product:condition\" content=\"new\" \/>\n<!-- \/ Yoast SEO Premium plugin. -->","yoast_head_json":{"title":"KG-2 - Dutchmicrodosing","description":"KG-2 est votre arme secr\u00e8te contre la gueule de bois ! Cette pilule anti-gueule de bois peut vous permettre de faire toutes sortes de choses le lendemain !","robots":{"index":"index","follow":"follow","max-snippet":"max-snippet:-1","max-image-preview":"max-image-preview:large","max-video-preview":"max-video-preview:-1"},"canonical":"https:\/\/dutchmicrodosing.com\/fr\/boutique-de-sante\/vitamines-et-supplements\/kg-2\/","og_locale":"fr_FR","og_type":"article","og_title":"KG-2","og_description":"Le KG-2 est votre arme secr\u00e8te contre la gueule de bois. Cette puissante pilule anti-gueule de bois acc\u00e9l\u00e8re la d\u00e9gradation de l'alcool dans votre sang,","og_url":"https:\/\/dutchmicrodosing.com\/fr\/boutique-de-sante\/vitamines-et-supplements\/kg-2\/","og_site_name":"Dutchmicrodosing","article_publisher":"https:\/\/www.facebook.com\/Dutchmicrodosingxp\/","article_modified_time":"2025-08-19T21:57:56+00:00","og_image":[{"width":1000,"height":1000,"url":"https:\/\/dutchmicrodosing.com\/wp-content\/uploads\/2024\/11\/kg-2-anti-kater-pil-asparagine-1.jpg","type":"image\/jpeg"}],"twitter_card":"summary_large_image","schema":{"@context":"https:\/\/schema.org","@graph":[{"@type":"WebPage","@id":"https:\/\/dutchmicrodosing.com\/fr\/boutique-de-sante\/vitamines-et-supplements\/kg-2\/","url":"https:\/\/dutchmicrodosing.com\/fr\/boutique-de-sante\/vitamines-et-supplements\/kg-2\/","name":"KG-2 - Dutchmicrodosing","isPartOf":{"@id":"https:\/\/dutchmicrodosing.com\/fr\/#website"},"primaryImageOfPage":{"@id":"https:\/\/dutchmicrodosing.com\/fr\/boutique-de-sante\/vitamines-et-supplements\/kg-2\/#primaryimage"},"image":{"@id":"https:\/\/dutchmicrodosing.com\/fr\/boutique-de-sante\/vitamines-et-supplements\/kg-2\/#primaryimage"},"thumbnailUrl":"https:\/\/dutchmicrodosing.com\/wp-content\/uploads\/2024\/11\/kg-2-anti-kater-pil-asparagine-1.jpg","datePublished":"2024-11-05T12:51:13+00:00","dateModified":"2025-08-19T21:57:56+00:00","description":"KG-2 est votre arme secr\u00e8te contre la gueule de bois ! Cette pilule anti-gueule de bois peut vous permettre de faire toutes sortes de choses le lendemain !","breadcrumb":{"@id":"https:\/\/dutchmicrodosing.com\/fr\/boutique-de-sante\/vitamines-et-supplements\/kg-2\/#breadcrumb"},"inLanguage":"fr-FR","potentialAction":[{"@type":"ReadAction","target":["https:\/\/dutchmicrodosing.com\/fr\/boutique-de-sante\/vitamines-et-supplements\/kg-2\/"]}]},{"@type":"ImageObject","inLanguage":"fr-FR","@id":"https:\/\/dutchmicrodosing.com\/fr\/boutique-de-sante\/vitamines-et-supplements\/kg-2\/#primaryimage","url":"https:\/\/dutchmicrodosing.com\/wp-content\/uploads\/2024\/11\/kg-2-anti-kater-pil-asparagine-1.jpg","contentUrl":"https:\/\/dutchmicrodosing.com\/wp-content\/uploads\/2024\/11\/kg-2-anti-kater-pil-asparagine-1.jpg","width":1000,"height":1000},{"@type":"BreadcrumbList","@id":"https:\/\/dutchmicrodosing.com\/fr\/boutique-de-sante\/vitamines-et-supplements\/kg-2\/#breadcrumb","itemListElement":[{"@type":"ListItem","position":1,"name":"Home","item":"https:\/\/dutchmicrodosing.com\/fr\/"},{"@type":"ListItem","position":2,"name":"Boutique","item":"https:\/\/dutchmicrodosing.com\/fr\/boutique\/"},{"@type":"ListItem","position":3,"name":"KG-2"}]},{"@type":"WebSite","@id":"https:\/\/dutchmicrodosing.com\/fr\/#website","url":"https:\/\/dutchmicrodosing.com\/fr\/","name":"Dutchmicrodosing","description":"","publisher":{"@id":"https:\/\/dutchmicrodosing.com\/fr\/#organization"},"potentialAction":[{"@type":"SearchAction","target":{"@type":"EntryPoint","urlTemplate":"https:\/\/dutchmicrodosing.com\/fr\/?s={search_term_string}"},"query-input":{"@type":"PropertyValueSpecification","valueRequired":true,"valueName":"search_term_string"}}],"inLanguage":"fr-FR"},{"@type":"Organization","@id":"https:\/\/dutchmicrodosing.com\/fr\/#organization","name":"Dutchmicrodosing","url":"https:\/\/dutchmicrodosing.com\/fr\/","logo":{"@type":"ImageObject","inLanguage":"fr-FR","@id":"https:\/\/dutchmicrodosing.com\/fr\/#\/schema\/logo\/image\/","url":"https:\/\/dutchmicrodosing.com\/wp-content\/uploads\/2021\/01\/microdosing-categorie-pic-nieuw.jpg","contentUrl":"https:\/\/dutchmicrodosing.com\/wp-content\/uploads\/2021\/01\/microdosing-categorie-pic-nieuw.jpg","width":500,"height":500,"caption":"Dutchmicrodosing"},"image":{"@id":"https:\/\/dutchmicrodosing.com\/fr\/#\/schema\/logo\/image\/"},"sameAs":["https:\/\/www.facebook.com\/Dutchmicrodosingxp\/","https:\/\/www.instagram.com\/dutchmicrodosing\/"]}]},"product_price_amount":"9.95","product_price_currency":"EUR","og_availability":"instock","product_availability":"instock","product_retailer_item_id":"4211953","product_condition":"new"},"_links":{"self":[{"href":"https:\/\/dutchmicrodosing.com\/fr\/wp-json\/wp\/v2\/product\/45998","targetHints":{"allow":["GET"]}}],"collection":[{"href":"https:\/\/dutchmicrodosing.com\/fr\/wp-json\/wp\/v2\/product"}],"about":[{"href":"https:\/\/dutchmicrodosing.com\/fr\/wp-json\/wp\/v2\/types\/product"}],"replies":[{"embeddable":true,"href":"https:\/\/dutchmicrodosing.com\/fr\/wp-json\/wp\/v2\/comments?post=45998"}],"version-history":[{"count":0,"href":"https:\/\/dutchmicrodosing.com\/fr\/wp-json\/wp\/v2\/product\/45998\/revisions"}],"wp:featuredmedia":[{"embeddable":true,"href":"https:\/\/dutchmicrodosing.com\/fr\/wp-json\/wp\/v2\/media\/43512"}],"wp:attachment":[{"href":"https:\/\/dutchmicrodosing.com\/fr\/wp-json\/wp\/v2\/media?parent=45998"}],"wp:term":[{"taxonomy":"product_brand","embeddable":true,"href":"https:\/\/dutchmicrodosing.com\/fr\/wp-json\/wp\/v2\/product_brand?post=45998"},{"taxonomy":"product_cat","embeddable":true,"href":"https:\/\/dutchmicrodosing.com\/fr\/wp-json\/wp\/v2\/product_cat?post=45998"},{"taxonomy":"product_tag","embeddable":true,"href":"https:\/\/dutchmicrodosing.com\/fr\/wp-json\/wp\/v2\/product_tag?post=45998"}],"curies":[{"name":"wp","href":"https:\/\/api.w.org\/{rel}","templated":true}]}}