{"id":46015,"date":"2024-09-03T09:49:53","date_gmt":"2024-09-03T07:49:53","guid":{"rendered":"https:\/\/dutchmicrodosing.com\/shop\/non%20class\u00e9\/mushroom-gummies-chaga-mixed\/"},"modified":"2025-08-19T16:28:50","modified_gmt":"2025-08-19T14:28:50","slug":"mushroom-gummies-chaga-mixed","status":"publish","type":"product","link":"https:\/\/dutchmicrodosing.com\/fr\/boutique-de-sante\/comestibles-aux-champignons\/mushroom-gummies-chaga-mixed\/","title":{"rendered":"Champignons Gummies Chaga &#8211; Mixte"},"content":{"rendered":"<p>Les <strong>Dr Candy&rsquo;s Mushroom Gummies Chaga Mixed<\/strong> offrent une mani\u00e8re innovante et savoureuse de profiter des bienfaits des champignons Chaga. Chaque gomme contient 250 mg d&rsquo;extrait de Chaga, ce qui en fait un moyen facile et agr\u00e9able d&rsquo;exp\u00e9rimenter le pouvoir de ce champignon. Le chaga est connu pour son soutien aux fonctions cognitives et a une riche tradition dans la m\u00e9decine chinoise. Les gommes sont propos\u00e9es dans un m\u00e9lange de saveurs d\u00e9licieuses, dont la myrtille, l&rsquo;ananas, l&rsquo;orange, la pomme et la cerise, pour une exp\u00e9rience des plus savoureuses.<\/p>\n<h3>Les bienfaits du champignon m\u00e9dicinal Chaga :<\/h3>\n<ul>\n<li>Soutien du syst\u00e8me immunitaire<\/li>\n<li>Propri\u00e9t\u00e9s antioxydantes<\/li>\n<li>Propri\u00e9t\u00e9s anti-inflammatoires<\/li>\n<li>Soutien digestif<\/li>\n<li>R\u00e9gulation de la glyc\u00e9mie<\/li>\n<li>Favoriser la sant\u00e9 du foie<\/li>\n<li>Sant\u00e9 de la peau<\/li>\n<\/ul>\n<h3>Ingr\u00e9dients<\/h3>\n<ul>\n<li>Glucose<\/li>\n<li>Chaque gomme contient 250 mg d&rsquo;extrait de Chaga.<\/li>\n<li>Sucre<\/li>\n<li>Ar\u00f4mes naturels (ananas, fruits des bois, orange, pomme, cerise)<\/li>\n<li>Teinture<\/li>\n<li>G\u00e9latine (b\u0153uf)<\/li>\n<li>Acide citrique<\/li>\n<\/ul>\n<h3>Utilisation<\/h3>\n<p>Ne prenez pas plus de 8 gommes aux champignons par jour.<\/p>\n<h3>Conseils de stockage<\/h3>\n<p>Conservez ce produit dans un endroit frais et sombre, tel qu&rsquo;un placard de cuisine, et hors de port\u00e9e des enfants.<\/p>\n<h3>Contenu<\/h3>\n<p>Dr Candy Chaga Mushroom gummies &#8211; 40 grammes.<\/p>\n","protected":false},"excerpt":{"rendered":"<p>Les Dr Candy&rsquo;s Mushroom Gummies Chaga Mixed offrent une mani\u00e8re innovante et savoureuse de profiter des bienfaits des champignons Chaga. Chaque gomme contient 250 mg d&rsquo;extrait de Chaga, ce qui en fait un moyen facile et agr\u00e9able d&rsquo;exp\u00e9rimenter le pouvoir de ce champignon. Le chaga est connu pour son soutien aux fonctions cognitives et a [&hellip;]<\/p>\n","protected":false},"featured_media":41725,"comment_status":"closed","ping_status":"closed","template":"","meta":[],"product_brand":[],"product_cat":[326],"product_tag":[],"class_list":{"0":"post-46015","1":"product","2":"type-product","3":"status-publish","4":"has-post-thumbnail","6":"product_cat-comestibles-aux-champignons","8":"first","9":"instock","10":"taxable","11":"shipping-taxable","12":"purchasable","13":"product-type-simple"},"yoast_head":"<!-- This site is optimized with the Yoast SEO Premium plugin v26.4 (Yoast SEO v27.2) - https:\/\/yoast.com\/product\/yoast-seo-premium-wordpress\/ -->\n<title>Champignons Gummies Chaga - Mixte - Dutchmicrodosing<\/title>\n<meta name=\"robots\" content=\"index, follow, max-snippet:-1, max-image-preview:large, max-video-preview:-1\" \/>\n<link rel=\"canonical\" href=\"https:\/\/dutchmicrodosing.com\/fr\/boutique-de-sante\/comestibles-aux-champignons\/mushroom-gummies-chaga-mixed\/\" \/>\n<meta property=\"og:locale\" content=\"fr_FR\" \/>\n<meta property=\"og:type\" content=\"article\" \/>\n<meta property=\"og:title\" content=\"Champignons Gummies Chaga - Mixte\" \/>\n<meta property=\"og:description\" content=\"Les Dr Candy&#039;s Mushroom Gummies Chaga Mixed offrent une mani\u00e8re innovante et savoureuse de profiter des bienfaits des champignons Chaga. Chaque gomme\" \/>\n<meta property=\"og:url\" content=\"https:\/\/dutchmicrodosing.com\/fr\/boutique-de-sante\/comestibles-aux-champignons\/mushroom-gummies-chaga-mixed\/\" \/>\n<meta property=\"og:site_name\" content=\"Dutchmicrodosing\" \/>\n<meta property=\"article:publisher\" content=\"https:\/\/www.facebook.com\/Dutchmicrodosingxp\/\" \/>\n<meta property=\"article:modified_time\" content=\"2025-08-19T14:28:50+00:00\" \/>\n<meta property=\"og:image\" content=\"https:\/\/dutchmicrodosing.com\/wp-content\/uploads\/2024\/09\/Chaga_gummies_1000x1000.jpg\" \/>\n\t<meta property=\"og:image:width\" content=\"1000\" \/>\n\t<meta property=\"og:image:height\" content=\"1000\" \/>\n\t<meta property=\"og:image:type\" content=\"image\/jpeg\" \/>\n<meta name=\"twitter:card\" content=\"summary_large_image\" \/>\n<script type=\"application\/ld+json\" class=\"yoast-schema-graph\">{\"@context\":\"https:\/\/schema.org\",\"@graph\":[{\"@type\":\"WebPage\",\"@id\":\"https:\/\/dutchmicrodosing.com\/fr\/boutique-de-sante\/comestibles-aux-champignons\/mushroom-gummies-chaga-mixed\/\",\"url\":\"https:\/\/dutchmicrodosing.com\/fr\/boutique-de-sante\/comestibles-aux-champignons\/mushroom-gummies-chaga-mixed\/\",\"name\":\"Champignons Gummies Chaga - Mixte - Dutchmicrodosing\",\"isPartOf\":{\"@id\":\"https:\/\/dutchmicrodosing.com\/fr\/#website\"},\"primaryImageOfPage\":{\"@id\":\"https:\/\/dutchmicrodosing.com\/fr\/boutique-de-sante\/comestibles-aux-champignons\/mushroom-gummies-chaga-mixed\/#primaryimage\"},\"image\":{\"@id\":\"https:\/\/dutchmicrodosing.com\/fr\/boutique-de-sante\/comestibles-aux-champignons\/mushroom-gummies-chaga-mixed\/#primaryimage\"},\"thumbnailUrl\":\"https:\/\/dutchmicrodosing.com\/wp-content\/uploads\/2024\/09\/Chaga_gummies_1000x1000.jpg\",\"datePublished\":\"2024-09-03T07:49:53+00:00\",\"dateModified\":\"2025-08-19T14:28:50+00:00\",\"breadcrumb\":{\"@id\":\"https:\/\/dutchmicrodosing.com\/fr\/boutique-de-sante\/comestibles-aux-champignons\/mushroom-gummies-chaga-mixed\/#breadcrumb\"},\"inLanguage\":\"fr-FR\",\"potentialAction\":[{\"@type\":\"ReadAction\",\"target\":[\"https:\/\/dutchmicrodosing.com\/fr\/boutique-de-sante\/comestibles-aux-champignons\/mushroom-gummies-chaga-mixed\/\"]}]},{\"@type\":\"ImageObject\",\"inLanguage\":\"fr-FR\",\"@id\":\"https:\/\/dutchmicrodosing.com\/fr\/boutique-de-sante\/comestibles-aux-champignons\/mushroom-gummies-chaga-mixed\/#primaryimage\",\"url\":\"https:\/\/dutchmicrodosing.com\/wp-content\/uploads\/2024\/09\/Chaga_gummies_1000x1000.jpg\",\"contentUrl\":\"https:\/\/dutchmicrodosing.com\/wp-content\/uploads\/2024\/09\/Chaga_gummies_1000x1000.jpg\",\"width\":1000,\"height\":1000},{\"@type\":\"BreadcrumbList\",\"@id\":\"https:\/\/dutchmicrodosing.com\/fr\/boutique-de-sante\/comestibles-aux-champignons\/mushroom-gummies-chaga-mixed\/#breadcrumb\",\"itemListElement\":[{\"@type\":\"ListItem\",\"position\":1,\"name\":\"Home\",\"item\":\"https:\/\/dutchmicrodosing.com\/fr\/\"},{\"@type\":\"ListItem\",\"position\":2,\"name\":\"Boutique\",\"item\":\"https:\/\/dutchmicrodosing.com\/fr\/boutique\/\"},{\"@type\":\"ListItem\",\"position\":3,\"name\":\"Champignons Gummies Chaga &#8211; Mixte\"}]},{\"@type\":\"WebSite\",\"@id\":\"https:\/\/dutchmicrodosing.com\/fr\/#website\",\"url\":\"https:\/\/dutchmicrodosing.com\/fr\/\",\"name\":\"Dutchmicrodosing\",\"description\":\"\",\"publisher\":{\"@id\":\"https:\/\/dutchmicrodosing.com\/fr\/#organization\"},\"potentialAction\":[{\"@type\":\"SearchAction\",\"target\":{\"@type\":\"EntryPoint\",\"urlTemplate\":\"https:\/\/dutchmicrodosing.com\/fr\/?s={search_term_string}\"},\"query-input\":{\"@type\":\"PropertyValueSpecification\",\"valueRequired\":true,\"valueName\":\"search_term_string\"}}],\"inLanguage\":\"fr-FR\"},{\"@type\":\"Organization\",\"@id\":\"https:\/\/dutchmicrodosing.com\/fr\/#organization\",\"name\":\"Dutchmicrodosing\",\"url\":\"https:\/\/dutchmicrodosing.com\/fr\/\",\"logo\":{\"@type\":\"ImageObject\",\"inLanguage\":\"fr-FR\",\"@id\":\"https:\/\/dutchmicrodosing.com\/fr\/#\/schema\/logo\/image\/\",\"url\":\"https:\/\/dutchmicrodosing.com\/wp-content\/uploads\/2021\/01\/microdosing-categorie-pic-nieuw.jpg\",\"contentUrl\":\"https:\/\/dutchmicrodosing.com\/wp-content\/uploads\/2021\/01\/microdosing-categorie-pic-nieuw.jpg\",\"width\":500,\"height\":500,\"caption\":\"Dutchmicrodosing\"},\"image\":{\"@id\":\"https:\/\/dutchmicrodosing.com\/fr\/#\/schema\/logo\/image\/\"},\"sameAs\":[\"https:\/\/www.facebook.com\/Dutchmicrodosingxp\/\",\"https:\/\/www.instagram.com\/dutchmicrodosing\/\"]}]}<\/script>\n<meta property=\"product:price:amount\" content=\"9.95\" \/>\n<meta property=\"product:price:currency\" content=\"EUR\" \/>\n<meta property=\"og:availability\" content=\"instock\" \/>\n<meta property=\"product:availability\" content=\"instock\" \/>\n<meta property=\"product:retailer_item_id\" content=\"4206244\" \/>\n<meta property=\"product:condition\" content=\"new\" \/>\n<!-- \/ Yoast SEO Premium plugin. -->","yoast_head_json":{"title":"Champignons Gummies Chaga - Mixte - Dutchmicrodosing","robots":{"index":"index","follow":"follow","max-snippet":"max-snippet:-1","max-image-preview":"max-image-preview:large","max-video-preview":"max-video-preview:-1"},"canonical":"https:\/\/dutchmicrodosing.com\/fr\/boutique-de-sante\/comestibles-aux-champignons\/mushroom-gummies-chaga-mixed\/","og_locale":"fr_FR","og_type":"article","og_title":"Champignons Gummies Chaga - Mixte","og_description":"Les Dr Candy's Mushroom Gummies Chaga Mixed offrent une mani\u00e8re innovante et savoureuse de profiter des bienfaits des champignons Chaga. Chaque gomme","og_url":"https:\/\/dutchmicrodosing.com\/fr\/boutique-de-sante\/comestibles-aux-champignons\/mushroom-gummies-chaga-mixed\/","og_site_name":"Dutchmicrodosing","article_publisher":"https:\/\/www.facebook.com\/Dutchmicrodosingxp\/","article_modified_time":"2025-08-19T14:28:50+00:00","og_image":[{"width":1000,"height":1000,"url":"https:\/\/dutchmicrodosing.com\/wp-content\/uploads\/2024\/09\/Chaga_gummies_1000x1000.jpg","type":"image\/jpeg"}],"twitter_card":"summary_large_image","schema":{"@context":"https:\/\/schema.org","@graph":[{"@type":"WebPage","@id":"https:\/\/dutchmicrodosing.com\/fr\/boutique-de-sante\/comestibles-aux-champignons\/mushroom-gummies-chaga-mixed\/","url":"https:\/\/dutchmicrodosing.com\/fr\/boutique-de-sante\/comestibles-aux-champignons\/mushroom-gummies-chaga-mixed\/","name":"Champignons Gummies Chaga - Mixte - Dutchmicrodosing","isPartOf":{"@id":"https:\/\/dutchmicrodosing.com\/fr\/#website"},"primaryImageOfPage":{"@id":"https:\/\/dutchmicrodosing.com\/fr\/boutique-de-sante\/comestibles-aux-champignons\/mushroom-gummies-chaga-mixed\/#primaryimage"},"image":{"@id":"https:\/\/dutchmicrodosing.com\/fr\/boutique-de-sante\/comestibles-aux-champignons\/mushroom-gummies-chaga-mixed\/#primaryimage"},"thumbnailUrl":"https:\/\/dutchmicrodosing.com\/wp-content\/uploads\/2024\/09\/Chaga_gummies_1000x1000.jpg","datePublished":"2024-09-03T07:49:53+00:00","dateModified":"2025-08-19T14:28:50+00:00","breadcrumb":{"@id":"https:\/\/dutchmicrodosing.com\/fr\/boutique-de-sante\/comestibles-aux-champignons\/mushroom-gummies-chaga-mixed\/#breadcrumb"},"inLanguage":"fr-FR","potentialAction":[{"@type":"ReadAction","target":["https:\/\/dutchmicrodosing.com\/fr\/boutique-de-sante\/comestibles-aux-champignons\/mushroom-gummies-chaga-mixed\/"]}]},{"@type":"ImageObject","inLanguage":"fr-FR","@id":"https:\/\/dutchmicrodosing.com\/fr\/boutique-de-sante\/comestibles-aux-champignons\/mushroom-gummies-chaga-mixed\/#primaryimage","url":"https:\/\/dutchmicrodosing.com\/wp-content\/uploads\/2024\/09\/Chaga_gummies_1000x1000.jpg","contentUrl":"https:\/\/dutchmicrodosing.com\/wp-content\/uploads\/2024\/09\/Chaga_gummies_1000x1000.jpg","width":1000,"height":1000},{"@type":"BreadcrumbList","@id":"https:\/\/dutchmicrodosing.com\/fr\/boutique-de-sante\/comestibles-aux-champignons\/mushroom-gummies-chaga-mixed\/#breadcrumb","itemListElement":[{"@type":"ListItem","position":1,"name":"Home","item":"https:\/\/dutchmicrodosing.com\/fr\/"},{"@type":"ListItem","position":2,"name":"Boutique","item":"https:\/\/dutchmicrodosing.com\/fr\/boutique\/"},{"@type":"ListItem","position":3,"name":"Champignons Gummies Chaga &#8211; Mixte"}]},{"@type":"WebSite","@id":"https:\/\/dutchmicrodosing.com\/fr\/#website","url":"https:\/\/dutchmicrodosing.com\/fr\/","name":"Dutchmicrodosing","description":"","publisher":{"@id":"https:\/\/dutchmicrodosing.com\/fr\/#organization"},"potentialAction":[{"@type":"SearchAction","target":{"@type":"EntryPoint","urlTemplate":"https:\/\/dutchmicrodosing.com\/fr\/?s={search_term_string}"},"query-input":{"@type":"PropertyValueSpecification","valueRequired":true,"valueName":"search_term_string"}}],"inLanguage":"fr-FR"},{"@type":"Organization","@id":"https:\/\/dutchmicrodosing.com\/fr\/#organization","name":"Dutchmicrodosing","url":"https:\/\/dutchmicrodosing.com\/fr\/","logo":{"@type":"ImageObject","inLanguage":"fr-FR","@id":"https:\/\/dutchmicrodosing.com\/fr\/#\/schema\/logo\/image\/","url":"https:\/\/dutchmicrodosing.com\/wp-content\/uploads\/2021\/01\/microdosing-categorie-pic-nieuw.jpg","contentUrl":"https:\/\/dutchmicrodosing.com\/wp-content\/uploads\/2021\/01\/microdosing-categorie-pic-nieuw.jpg","width":500,"height":500,"caption":"Dutchmicrodosing"},"image":{"@id":"https:\/\/dutchmicrodosing.com\/fr\/#\/schema\/logo\/image\/"},"sameAs":["https:\/\/www.facebook.com\/Dutchmicrodosingxp\/","https:\/\/www.instagram.com\/dutchmicrodosing\/"]}]},"product_price_amount":"9.95","product_price_currency":"EUR","og_availability":"instock","product_availability":"instock","product_retailer_item_id":"4206244","product_condition":"new"},"_links":{"self":[{"href":"https:\/\/dutchmicrodosing.com\/fr\/wp-json\/wp\/v2\/product\/46015","targetHints":{"allow":["GET"]}}],"collection":[{"href":"https:\/\/dutchmicrodosing.com\/fr\/wp-json\/wp\/v2\/product"}],"about":[{"href":"https:\/\/dutchmicrodosing.com\/fr\/wp-json\/wp\/v2\/types\/product"}],"replies":[{"embeddable":true,"href":"https:\/\/dutchmicrodosing.com\/fr\/wp-json\/wp\/v2\/comments?post=46015"}],"version-history":[{"count":0,"href":"https:\/\/dutchmicrodosing.com\/fr\/wp-json\/wp\/v2\/product\/46015\/revisions"}],"wp:featuredmedia":[{"embeddable":true,"href":"https:\/\/dutchmicrodosing.com\/fr\/wp-json\/wp\/v2\/media\/41725"}],"wp:attachment":[{"href":"https:\/\/dutchmicrodosing.com\/fr\/wp-json\/wp\/v2\/media?parent=46015"}],"wp:term":[{"taxonomy":"product_brand","embeddable":true,"href":"https:\/\/dutchmicrodosing.com\/fr\/wp-json\/wp\/v2\/product_brand?post=46015"},{"taxonomy":"product_cat","embeddable":true,"href":"https:\/\/dutchmicrodosing.com\/fr\/wp-json\/wp\/v2\/product_cat?post=46015"},{"taxonomy":"product_tag","embeddable":true,"href":"https:\/\/dutchmicrodosing.com\/fr\/wp-json\/wp\/v2\/product_tag?post=46015"}],"curies":[{"name":"wp","href":"https:\/\/api.w.org\/{rel}","templated":true}]}}