{"id":46030,"date":"2024-07-13T10:48:15","date_gmt":"2024-07-13T08:48:15","guid":{"rendered":"https:\/\/dutchmicrodosing.com\/shop\/non%20class\u00e9\/true-albino-teacher-paddo-kweekset\/"},"modified":"2026-03-02T16:14:34","modified_gmt":"2026-03-02T15:14:34","slug":"true-albino-teacher-paddo-kweekset","status":"publish","type":"product","link":"https:\/\/dutchmicrodosing.com\/fr\/champignons-magiques\/kits-de-culture-mystic-fungi\/true-albino-teacher-paddo-kweekset\/","title":{"rendered":"Kit de culture de champignons True Albino Teacher"},"content":{"rendered":"<p>Le <strong>kit de culture de champignons True Albino Teacher<\/strong> (TAT) est une variante fascinante dans le monde des champignons psych\u00e9d\u00e9liques. Cette vari\u00e9t\u00e9 est issue de Golden Teacher, une vari\u00e9t\u00e9 tr\u00e8s populaire de Psilocybe cubensis. Le TAT se distingue par son absence totale de pigmentation, ce qui signifie que cette variante est v\u00e9ritablement albinos, et pas seulement blanche.<\/p>\n<p>L&rsquo;appellation \u00ab\u00a0True Albino\u00a0\u00bb souligne cette caract\u00e9ristique unique. Malgr\u00e9 les diff\u00e9rences d&rsquo;apparence \u00e9videntes, le True Albino Teacher conserve certains traits caract\u00e9ristiques de son anc\u00eatre, le Golden Teacher, notamment la forme et la taille du chapeau et la structure g\u00e9n\u00e9rale du champignon.<\/p>\n<p>Le mythe veut que le professeur albinos soit n\u00e9 d&rsquo;une mutation spontan\u00e9e dans un \u00e9levage de professeurs dor\u00e9s. Un mycologue a ensuite stabilis\u00e9 cette mutation, donnant au True Albino Teacher une place permanente dans la collection des champignons psych\u00e9d\u00e9liques disponibles. Cette vari\u00e9t\u00e9 ne poussant pas \u00e0 l&rsquo;\u00e9tat sauvage, le seul moyen de la trouver est de s&rsquo;adresser \u00e0 des cultivateurs ou \u00e0 des distributeurs sp\u00e9cialis\u00e9s dans les champignons psych\u00e9d\u00e9liques.<\/p>\n<p>Contrairement \u00e0 l&rsquo;Albino Penis Envy, qui a une forme tr\u00e8s distincte et diff\u00e9rente, le True Albino Teacher conserve une forme de champignon plus traditionnelle, qui peut parfois pr\u00eater \u00e0 confusion avec d&rsquo;autres variantes albinos. La nature unique et rare du True Albino Teacher en fait un sujet particuli\u00e8rement int\u00e9ressant pour les mycologues et les amateurs de psych\u00e9d\u00e9lisme.<\/p>\n<h2>Cultivez votre propre professeur albinos<\/h2>\n<p>Ce kit promet des rendements plus importants (700 grammes) et plus de champignons, avec moins d&rsquo;efforts de gestion et moins de risques de contamination. Les instructions sont faciles \u00e0 suivre, ce qui vous permet de ne pas vous pr\u00e9occuper de la croissance de vos champignons. Convenant aussi bien aux d\u00e9butants qu&rsquo;aux cultivateurs avanc\u00e9s, le kit de culture garantit une exp\u00e9rience de culture sans effort. Suivez simplement nos instructions claires et, en quelques semaines, vous verrez appara\u00eetre ces magnifiques champignons albinos. Le substrat est d\u00e9j\u00e0 inocul\u00e9 avec des spores, ce qui signifie qu&rsquo;aucune \u00e9tape compliqu\u00e9e n&rsquo;est n\u00e9cessaire.<\/p>\n<h2>Effets des champignons magiques Enseignant albinos<\/h2>\n<ul>\n<li>La force du professeur True Albino varie de l\u00e9g\u00e8rement sup\u00e9rieure \u00e0 la moyenne \u00e0 tr\u00e8s forte. \u00c0 cet \u00e9gard, il est similaire au ma\u00eetre d&rsquo;or, mais plus puissant. Cependant, les effets du voyage sont similaires \u00e0 ceux d&rsquo;autres esp\u00e8ces de Psilocybe cubensis.<\/li>\n<li>\u00c0 des doses r\u00e9cr\u00e9atives mod\u00e9r\u00e9es, les hallucinations peuvent rester subtiles : les couleurs semblent plus vives, les murs semblent respirer, etc. Ce n&rsquo;est qu&rsquo;\u00e0 des doses tr\u00e8s \u00e9lev\u00e9es qu&rsquo;une personne voit des choses qui n&rsquo;existent pas du tout.<\/li>\n<li>Exp\u00e9riences spirituelles et mystiques : Des sentiments de connexion, de transcendance et d&rsquo;illumination spirituelle sont certainement possibles avec les champignons True Albino.<\/li>\n<\/ul>\n<h2>Instructions pour l&rsquo;installation du kit de culture True Albino Teacher<\/h2>\n<p>Veillez \u00e0 ce que votre espace de travail soit propre afin d&rsquo;\u00e9viter que d&rsquo;autres micro-organismes ne contaminent votre kit de culture. Il est important de travailler dans de bonnes conditions d&rsquo;hygi\u00e8ne. Utilisez toujours de l&rsquo;eau du robinet ou de l&rsquo;eau min\u00e9rale propre pour vaporiser et tremper votre kit de culture. N&rsquo;utilisez pas d&rsquo;eau distill\u00e9e ou d&rsquo;eau semi-distill\u00e9e, car elle ne convient pas.<\/p>\n<ol>\n<li>Retirez le sac de la bo\u00eete et d\u00e9roulez-le.<\/li>\n<li>Ouvrez le sac en retirant le clip herm\u00e9tique situ\u00e9 en haut. Donnez de l&rsquo;air frais au sac en l&rsquo;\u00e9tirant doucement, puis refermez-le \u00e0 l&rsquo;aide du clip. Pour \u00e9viter que les champignons ne poussent sur les c\u00f4t\u00e9s du substrat, vous pouvez placer un \u00e9lastique autour de l&rsquo;ext\u00e9rieur du sac au niveau du sommet de votre substrat afin de r\u00e9duire le risque d&rsquo;\u00e9pingles lat\u00e9rales. Placez l&rsquo;\u00e9lastique \u00e0 environ 1,5 cm sous le sommet du substrat.<\/li>\n<li>Surveillez la croissance : Surveillez attentivement le sac lorsque les champignons commencent \u00e0 pousser. Les deux premi\u00e8res fois, vous n&rsquo;avez pas besoin d&rsquo;arroser. Lorsque les chapeaux commencent \u00e0 s&rsquo;ouvrir, il est temps de r\u00e9colter. Notez que toutes les vari\u00e9t\u00e9s n&rsquo;ont pas de voile ou ne laissent pas tomber de spores.<\/li>\n<li>R\u00e9colte : avant la r\u00e9colte, veillez \u00e0 ce que l&rsquo;environnement soit propre en vous d\u00e9sinfectant les mains avec de l&rsquo;alcool et en portant de pr\u00e9f\u00e9rence des gants en latex. Pour r\u00e9colter, tournez les champignons dans le sens des aiguilles d&rsquo;une montre. R\u00e9coltez d\u00e8s que les chapeaux commencent \u00e0 s&rsquo;ouvrir pour une puissance optimale. Les fruits sont pr\u00eats \u00e0 \u00eatre r\u00e9colt\u00e9s au bout de deux \u00e0 quatre semaines, en fonction des conditions de croissance et de la vari\u00e9t\u00e9 de champignon.<\/li>\n<li>Entretien post-r\u00e9colte : Apr\u00e8s la r\u00e9colte de la deuxi\u00e8me pouss\u00e9e, ajoutez une petite quantit\u00e9 d&rsquo;eau (environ 1\/3 du niveau du substrat dans le sac). Refermez le sac \u00e0 l&rsquo;aide du clip et assurez-vous qu&rsquo;il est herm\u00e9tiquement ferm\u00e9. N&rsquo;oubliez pas d&rsquo;ajouter de l&rsquo;air frais en retirant et en remettant le clip en place. Versez l&rsquo;eau exc\u00e9dentaire si elle n&rsquo;a pas \u00e9t\u00e9 absorb\u00e9e dans les 12 heures.<\/li>\n<li>Contr\u00f4lez la temp\u00e9rature : assurez-vous que la temp\u00e9rature reste stable entre 20 et 25 degr\u00e9s Celsius (68-77\u00b0F) pour obtenir les meilleurs r\u00e9sultats de croissance. \u00c9vitez les fluctuations importantes de temp\u00e9rature.<\/li>\n<li>R\u00e9coltes ult\u00e9rieures : Attendez-vous \u00e0 obtenir au moins deux r\u00e9coltes par sac, mais il est \u00e9galement possible d&rsquo;obtenir trois, voire quatre r\u00e9coltes. Apr\u00e8s chaque r\u00e9colte, refermez le sac et ajoutez de l&rsquo;eau pour encourager d&rsquo;autres s\u00e9ances de floraison.<\/li>\n<\/ol>\n<h2>Contenu Kit d&rsquo;\u00e9levage Enseignant albinos v\u00e9ritable<\/h2>\n<ul>\n<li>Capacit\u00e9 : 2000cc<\/li>\n<li>Dimensions : 14 cm x 17 cm x 10 cm<\/li>\n<li>Variante : Variante albinos du ma\u00eetre d&rsquo;or<\/li>\n<li>Phase : enti\u00e8rement colonis\u00e9<\/li>\n<li>Rendement de la r\u00e9colte : jusqu&rsquo;\u00e0 700 grammes<\/li>\n<\/ul>\n<h2>Comment conserver le kit d&rsquo;\u00e9levage True Albino Teacher Breeding Kit ?<\/h2>\n<p>Il est judicieux de commencer le processus de culture d\u00e8s que vous recevez le kit de culture. Si vous choisissez de commencer plus tard, ce qui peut affecter la qualit\u00e9 du kit, vous pouvez conserver le kit de culture au r\u00e9frig\u00e9rateur pendant 2 semaines maximum (\u00e0 des temp\u00e9ratures comprises entre 2\u00b0C et 8\u00b0C). Vous pouvez laisser le sac de culture avec le myc\u00e9lium dans la bo\u00eete et le placer au r\u00e9frig\u00e9rateur. Veillez \u00e0 ce que votre r\u00e9frig\u00e9rateur soit propre et exempt de moisissures. Comme pr\u00e9caution suppl\u00e9mentaire, vous pouvez placer l&rsquo;ensemble dans un sac en plastique propre ou un sac de culture.<\/p>\n","protected":false},"excerpt":{"rendered":"<p>Le kit de culture de champignons True Albino Teacher (TAT) est une variante fascinante dans le monde des champignons psych\u00e9d\u00e9liques. Cette vari\u00e9t\u00e9 est issue de Golden Teacher, une vari\u00e9t\u00e9 tr\u00e8s populaire de Psilocybe cubensis. Le TAT se distingue par son absence totale de pigmentation, ce qui signifie que cette variante est v\u00e9ritablement albinos, et pas [&hellip;]<\/p>\n","protected":false},"featured_media":40805,"comment_status":"closed","ping_status":"closed","template":"","meta":[],"product_brand":[],"product_cat":[342],"product_tag":[],"class_list":{"0":"post-46030","1":"product","2":"type-product","3":"status-publish","4":"has-post-thumbnail","6":"product_cat-kits-de-culture-mystic-fungi","8":"first","9":"instock","10":"taxable","11":"shipping-taxable","12":"purchasable","13":"product-type-simple"},"yoast_head":"<!-- This site is optimized with the Yoast SEO Premium plugin v26.4 (Yoast SEO v27.4) - https:\/\/yoast.com\/product\/yoast-seo-premium-wordpress\/ -->\n<title>Kit de culture de champignons True Albino Teacher - Dutchmicrodosing<\/title>\n<meta name=\"description\" content=\"Kit de culture de champignons True Albino Teacher complet pour la maison. Facile \u00e0 utiliser, peu d&#039;entretien et r\u00e9sultat rapide.\" \/>\n<meta name=\"robots\" content=\"index, follow, max-snippet:-1, max-image-preview:large, max-video-preview:-1\" \/>\n<link rel=\"canonical\" href=\"https:\/\/dutchmicrodosing.com\/fr\/champignons-magiques\/kits-de-culture-mystic-fungi\/true-albino-teacher-paddo-kweekset\/\" \/>\n<meta property=\"og:locale\" content=\"fr_FR\" \/>\n<meta property=\"og:type\" content=\"article\" \/>\n<meta property=\"og:title\" content=\"Kit de culture de champignons True Albino Teacher\" \/>\n<meta property=\"og:description\" content=\"Le kit de culture de champignons True Albino Teacher (TAT) est une variante fascinante dans le monde des champignons psych\u00e9d\u00e9liques. Cette vari\u00e9t\u00e9 est\" \/>\n<meta property=\"og:url\" content=\"https:\/\/dutchmicrodosing.com\/fr\/champignons-magiques\/kits-de-culture-mystic-fungi\/true-albino-teacher-paddo-kweekset\/\" \/>\n<meta property=\"og:site_name\" content=\"Dutchmicrodosing\" \/>\n<meta property=\"article:publisher\" content=\"https:\/\/www.facebook.com\/Dutchmicrodosingxp\/\" \/>\n<meta property=\"article:modified_time\" content=\"2026-03-02T15:14:34+00:00\" \/>\n<meta property=\"og:image\" content=\"https:\/\/dutchmicrodosing.com\/wp-content\/uploads\/2024\/07\/True-Albino-Teacher1-002.png\" \/>\n\t<meta property=\"og:image:width\" content=\"1600\" \/>\n\t<meta property=\"og:image:height\" content=\"1600\" \/>\n\t<meta property=\"og:image:type\" content=\"image\/png\" \/>\n<meta name=\"twitter:card\" content=\"summary_large_image\" \/>\n<script type=\"application\/ld+json\" class=\"yoast-schema-graph\">{\"@context\":\"https:\\\/\\\/schema.org\",\"@graph\":[{\"@type\":\"WebPage\",\"@id\":\"https:\\\/\\\/dutchmicrodosing.com\\\/fr\\\/champignons-magiques\\\/kits-de-culture-mystic-fungi\\\/true-albino-teacher-paddo-kweekset\\\/\",\"url\":\"https:\\\/\\\/dutchmicrodosing.com\\\/fr\\\/champignons-magiques\\\/kits-de-culture-mystic-fungi\\\/true-albino-teacher-paddo-kweekset\\\/\",\"name\":\"Kit de culture de champignons True Albino Teacher - Dutchmicrodosing\",\"isPartOf\":{\"@id\":\"https:\\\/\\\/dutchmicrodosing.com\\\/fr\\\/#website\"},\"primaryImageOfPage\":{\"@id\":\"https:\\\/\\\/dutchmicrodosing.com\\\/fr\\\/champignons-magiques\\\/kits-de-culture-mystic-fungi\\\/true-albino-teacher-paddo-kweekset\\\/#primaryimage\"},\"image\":{\"@id\":\"https:\\\/\\\/dutchmicrodosing.com\\\/fr\\\/champignons-magiques\\\/kits-de-culture-mystic-fungi\\\/true-albino-teacher-paddo-kweekset\\\/#primaryimage\"},\"thumbnailUrl\":\"https:\\\/\\\/dutchmicrodosing.com\\\/wp-content\\\/uploads\\\/2024\\\/07\\\/True-Albino-Teacher1-002.png\",\"datePublished\":\"2024-07-13T08:48:15+00:00\",\"dateModified\":\"2026-03-02T15:14:34+00:00\",\"description\":\"Kit de culture de champignons True Albino Teacher complet pour la maison. Facile \u00e0 utiliser, peu d'entretien et r\u00e9sultat rapide.\",\"breadcrumb\":{\"@id\":\"https:\\\/\\\/dutchmicrodosing.com\\\/fr\\\/champignons-magiques\\\/kits-de-culture-mystic-fungi\\\/true-albino-teacher-paddo-kweekset\\\/#breadcrumb\"},\"inLanguage\":\"fr-FR\",\"potentialAction\":[{\"@type\":\"ReadAction\",\"target\":[\"https:\\\/\\\/dutchmicrodosing.com\\\/fr\\\/champignons-magiques\\\/kits-de-culture-mystic-fungi\\\/true-albino-teacher-paddo-kweekset\\\/\"]}]},{\"@type\":\"ImageObject\",\"inLanguage\":\"fr-FR\",\"@id\":\"https:\\\/\\\/dutchmicrodosing.com\\\/fr\\\/champignons-magiques\\\/kits-de-culture-mystic-fungi\\\/true-albino-teacher-paddo-kweekset\\\/#primaryimage\",\"url\":\"https:\\\/\\\/dutchmicrodosing.com\\\/wp-content\\\/uploads\\\/2024\\\/07\\\/True-Albino-Teacher1-002.png\",\"contentUrl\":\"https:\\\/\\\/dutchmicrodosing.com\\\/wp-content\\\/uploads\\\/2024\\\/07\\\/True-Albino-Teacher1-002.png\",\"width\":1600,\"height\":1600,\"caption\":\"Kit de culture de champignons True Albino Teacher\"},{\"@type\":\"BreadcrumbList\",\"@id\":\"https:\\\/\\\/dutchmicrodosing.com\\\/fr\\\/champignons-magiques\\\/kits-de-culture-mystic-fungi\\\/true-albino-teacher-paddo-kweekset\\\/#breadcrumb\",\"itemListElement\":[{\"@type\":\"ListItem\",\"position\":1,\"name\":\"Home\",\"item\":\"https:\\\/\\\/dutchmicrodosing.com\\\/fr\\\/\"},{\"@type\":\"ListItem\",\"position\":2,\"name\":\"Boutique\",\"item\":\"https:\\\/\\\/dutchmicrodosing.com\\\/fr\\\/boutique\\\/\"},{\"@type\":\"ListItem\",\"position\":3,\"name\":\"Kit de culture de champignons True Albino Teacher\"}]},{\"@type\":\"WebSite\",\"@id\":\"https:\\\/\\\/dutchmicrodosing.com\\\/fr\\\/#website\",\"url\":\"https:\\\/\\\/dutchmicrodosing.com\\\/fr\\\/\",\"name\":\"Dutchmicrodosing\",\"description\":\"\",\"publisher\":{\"@id\":\"https:\\\/\\\/dutchmicrodosing.com\\\/fr\\\/#organization\"},\"potentialAction\":[{\"@type\":\"SearchAction\",\"target\":{\"@type\":\"EntryPoint\",\"urlTemplate\":\"https:\\\/\\\/dutchmicrodosing.com\\\/fr\\\/?s={search_term_string}\"},\"query-input\":{\"@type\":\"PropertyValueSpecification\",\"valueRequired\":true,\"valueName\":\"search_term_string\"}}],\"inLanguage\":\"fr-FR\"},{\"@type\":\"Organization\",\"@id\":\"https:\\\/\\\/dutchmicrodosing.com\\\/fr\\\/#organization\",\"name\":\"Dutchmicrodosing\",\"url\":\"https:\\\/\\\/dutchmicrodosing.com\\\/fr\\\/\",\"logo\":{\"@type\":\"ImageObject\",\"inLanguage\":\"fr-FR\",\"@id\":\"https:\\\/\\\/dutchmicrodosing.com\\\/fr\\\/#\\\/schema\\\/logo\\\/image\\\/\",\"url\":\"https:\\\/\\\/dutchmicrodosing.com\\\/wp-content\\\/uploads\\\/2021\\\/01\\\/microdosing-categorie-pic-nieuw.jpg\",\"contentUrl\":\"https:\\\/\\\/dutchmicrodosing.com\\\/wp-content\\\/uploads\\\/2021\\\/01\\\/microdosing-categorie-pic-nieuw.jpg\",\"width\":500,\"height\":500,\"caption\":\"Dutchmicrodosing\"},\"image\":{\"@id\":\"https:\\\/\\\/dutchmicrodosing.com\\\/fr\\\/#\\\/schema\\\/logo\\\/image\\\/\"},\"sameAs\":[\"https:\\\/\\\/www.facebook.com\\\/Dutchmicrodosingxp\\\/\",\"https:\\\/\\\/www.instagram.com\\\/dutchmicrodosing\\\/\"]}]}<\/script>\n<meta property=\"product:price:amount\" content=\"44.95\" \/>\n<meta property=\"product:price:currency\" content=\"EUR\" \/>\n<meta property=\"og:availability\" content=\"instock\" \/>\n<meta property=\"product:availability\" content=\"instock\" \/>\n<meta property=\"product:retailer_item_id\" content=\"4207499\" \/>\n<meta property=\"product:condition\" content=\"new\" \/>\n<!-- \/ Yoast SEO Premium plugin. -->","yoast_head_json":{"title":"Kit de culture de champignons True Albino Teacher - Dutchmicrodosing","description":"Kit de culture de champignons True Albino Teacher complet pour la maison. Facile \u00e0 utiliser, peu d'entretien et r\u00e9sultat rapide.","robots":{"index":"index","follow":"follow","max-snippet":"max-snippet:-1","max-image-preview":"max-image-preview:large","max-video-preview":"max-video-preview:-1"},"canonical":"https:\/\/dutchmicrodosing.com\/fr\/champignons-magiques\/kits-de-culture-mystic-fungi\/true-albino-teacher-paddo-kweekset\/","og_locale":"fr_FR","og_type":"article","og_title":"Kit de culture de champignons True Albino Teacher","og_description":"Le kit de culture de champignons True Albino Teacher (TAT) est une variante fascinante dans le monde des champignons psych\u00e9d\u00e9liques. Cette vari\u00e9t\u00e9 est","og_url":"https:\/\/dutchmicrodosing.com\/fr\/champignons-magiques\/kits-de-culture-mystic-fungi\/true-albino-teacher-paddo-kweekset\/","og_site_name":"Dutchmicrodosing","article_publisher":"https:\/\/www.facebook.com\/Dutchmicrodosingxp\/","article_modified_time":"2026-03-02T15:14:34+00:00","og_image":[{"width":1600,"height":1600,"url":"https:\/\/dutchmicrodosing.com\/wp-content\/uploads\/2024\/07\/True-Albino-Teacher1-002.png","type":"image\/png"}],"twitter_card":"summary_large_image","schema":{"@context":"https:\/\/schema.org","@graph":[{"@type":"WebPage","@id":"https:\/\/dutchmicrodosing.com\/fr\/champignons-magiques\/kits-de-culture-mystic-fungi\/true-albino-teacher-paddo-kweekset\/","url":"https:\/\/dutchmicrodosing.com\/fr\/champignons-magiques\/kits-de-culture-mystic-fungi\/true-albino-teacher-paddo-kweekset\/","name":"Kit de culture de champignons True Albino Teacher - Dutchmicrodosing","isPartOf":{"@id":"https:\/\/dutchmicrodosing.com\/fr\/#website"},"primaryImageOfPage":{"@id":"https:\/\/dutchmicrodosing.com\/fr\/champignons-magiques\/kits-de-culture-mystic-fungi\/true-albino-teacher-paddo-kweekset\/#primaryimage"},"image":{"@id":"https:\/\/dutchmicrodosing.com\/fr\/champignons-magiques\/kits-de-culture-mystic-fungi\/true-albino-teacher-paddo-kweekset\/#primaryimage"},"thumbnailUrl":"https:\/\/dutchmicrodosing.com\/wp-content\/uploads\/2024\/07\/True-Albino-Teacher1-002.png","datePublished":"2024-07-13T08:48:15+00:00","dateModified":"2026-03-02T15:14:34+00:00","description":"Kit de culture de champignons True Albino Teacher complet pour la maison. Facile \u00e0 utiliser, peu d'entretien et r\u00e9sultat rapide.","breadcrumb":{"@id":"https:\/\/dutchmicrodosing.com\/fr\/champignons-magiques\/kits-de-culture-mystic-fungi\/true-albino-teacher-paddo-kweekset\/#breadcrumb"},"inLanguage":"fr-FR","potentialAction":[{"@type":"ReadAction","target":["https:\/\/dutchmicrodosing.com\/fr\/champignons-magiques\/kits-de-culture-mystic-fungi\/true-albino-teacher-paddo-kweekset\/"]}]},{"@type":"ImageObject","inLanguage":"fr-FR","@id":"https:\/\/dutchmicrodosing.com\/fr\/champignons-magiques\/kits-de-culture-mystic-fungi\/true-albino-teacher-paddo-kweekset\/#primaryimage","url":"https:\/\/dutchmicrodosing.com\/wp-content\/uploads\/2024\/07\/True-Albino-Teacher1-002.png","contentUrl":"https:\/\/dutchmicrodosing.com\/wp-content\/uploads\/2024\/07\/True-Albino-Teacher1-002.png","width":1600,"height":1600,"caption":"Kit de culture de champignons True Albino Teacher"},{"@type":"BreadcrumbList","@id":"https:\/\/dutchmicrodosing.com\/fr\/champignons-magiques\/kits-de-culture-mystic-fungi\/true-albino-teacher-paddo-kweekset\/#breadcrumb","itemListElement":[{"@type":"ListItem","position":1,"name":"Home","item":"https:\/\/dutchmicrodosing.com\/fr\/"},{"@type":"ListItem","position":2,"name":"Boutique","item":"https:\/\/dutchmicrodosing.com\/fr\/boutique\/"},{"@type":"ListItem","position":3,"name":"Kit de culture de champignons True Albino Teacher"}]},{"@type":"WebSite","@id":"https:\/\/dutchmicrodosing.com\/fr\/#website","url":"https:\/\/dutchmicrodosing.com\/fr\/","name":"Dutchmicrodosing","description":"","publisher":{"@id":"https:\/\/dutchmicrodosing.com\/fr\/#organization"},"potentialAction":[{"@type":"SearchAction","target":{"@type":"EntryPoint","urlTemplate":"https:\/\/dutchmicrodosing.com\/fr\/?s={search_term_string}"},"query-input":{"@type":"PropertyValueSpecification","valueRequired":true,"valueName":"search_term_string"}}],"inLanguage":"fr-FR"},{"@type":"Organization","@id":"https:\/\/dutchmicrodosing.com\/fr\/#organization","name":"Dutchmicrodosing","url":"https:\/\/dutchmicrodosing.com\/fr\/","logo":{"@type":"ImageObject","inLanguage":"fr-FR","@id":"https:\/\/dutchmicrodosing.com\/fr\/#\/schema\/logo\/image\/","url":"https:\/\/dutchmicrodosing.com\/wp-content\/uploads\/2021\/01\/microdosing-categorie-pic-nieuw.jpg","contentUrl":"https:\/\/dutchmicrodosing.com\/wp-content\/uploads\/2021\/01\/microdosing-categorie-pic-nieuw.jpg","width":500,"height":500,"caption":"Dutchmicrodosing"},"image":{"@id":"https:\/\/dutchmicrodosing.com\/fr\/#\/schema\/logo\/image\/"},"sameAs":["https:\/\/www.facebook.com\/Dutchmicrodosingxp\/","https:\/\/www.instagram.com\/dutchmicrodosing\/"]}]},"product_price_amount":"44.95","product_price_currency":"EUR","og_availability":"instock","product_availability":"instock","product_retailer_item_id":"4207499","product_condition":"new"},"_links":{"self":[{"href":"https:\/\/dutchmicrodosing.com\/fr\/wp-json\/wp\/v2\/product\/46030","targetHints":{"allow":["GET"]}}],"collection":[{"href":"https:\/\/dutchmicrodosing.com\/fr\/wp-json\/wp\/v2\/product"}],"about":[{"href":"https:\/\/dutchmicrodosing.com\/fr\/wp-json\/wp\/v2\/types\/product"}],"replies":[{"embeddable":true,"href":"https:\/\/dutchmicrodosing.com\/fr\/wp-json\/wp\/v2\/comments?post=46030"}],"version-history":[{"count":1,"href":"https:\/\/dutchmicrodosing.com\/fr\/wp-json\/wp\/v2\/product\/46030\/revisions"}],"predecessor-version":[{"id":64334,"href":"https:\/\/dutchmicrodosing.com\/fr\/wp-json\/wp\/v2\/product\/46030\/revisions\/64334"}],"wp:featuredmedia":[{"embeddable":true,"href":"https:\/\/dutchmicrodosing.com\/fr\/wp-json\/wp\/v2\/media\/40805"}],"wp:attachment":[{"href":"https:\/\/dutchmicrodosing.com\/fr\/wp-json\/wp\/v2\/media?parent=46030"}],"wp:term":[{"taxonomy":"product_brand","embeddable":true,"href":"https:\/\/dutchmicrodosing.com\/fr\/wp-json\/wp\/v2\/product_brand?post=46030"},{"taxonomy":"product_cat","embeddable":true,"href":"https:\/\/dutchmicrodosing.com\/fr\/wp-json\/wp\/v2\/product_cat?post=46030"},{"taxonomy":"product_tag","embeddable":true,"href":"https:\/\/dutchmicrodosing.com\/fr\/wp-json\/wp\/v2\/product_tag?post=46030"}],"curies":[{"name":"wp","href":"https:\/\/api.w.org\/{rel}","templated":true}]}}