{"id":46446,"date":"2025-03-12T09:30:05","date_gmt":"2025-03-12T08:30:05","guid":{"rendered":"https:\/\/dutchmicrodosing.com\/shop\/non%20class\u00e9\/golden-teacher-liquid-culture-spuit\/"},"modified":"2025-08-20T12:26:10","modified_gmt":"2025-08-20T10:26:10","slug":"golden-teacher-liquid-culture-spuit","status":"publish","type":"product","link":"https:\/\/dutchmicrodosing.com\/fr\/magique-champignon-spores\/seringues-de-culture-liquide\/golden-teacher-liquid-culture-spuit\/","title":{"rendered":"Seringue de culture liquide Golden Teacher"},"content":{"rendered":"<p><strong>Golden Teacher Liquid Culture Syringe<\/strong> &#8211; 10 ml est une culture liquide st\u00e9rile pr\u00eate \u00e0 l&#8217;emploi qui vous permet de d\u00e9marrer votre projet de culture rapidement et efficacement. Cette solution contient du myc\u00e9lium actif de la c\u00e9l\u00e8bre Enseignante d&rsquo;or, l&rsquo;une des esp\u00e8ces les plus populaires de Psilocybe cubensis. Gr\u00e2ce \u00e0 sa pr\u00e9paration st\u00e9rile et \u00e0 sa grande puret\u00e9, ce produit est id\u00e9al pour les cultivateurs novices et exp\u00e9riment\u00e9s qui recherchent des r\u00e9sultats stables et pr\u00e9visibles.<\/p>\n<h3>Caract\u00e9ristiques<\/h3>\n<ul>\n<li>Culture liquide st\u00e9rile pour une colonisation rapide et efficace<\/li>\n<li>Convient parfaitement \u00e0 l&rsquo;utilisation de substrats c\u00e9r\u00e9aliers<\/li>\n<li>G\u00e9n\u00e9tique de haute qualit\u00e9 s\u00e9lectionn\u00e9e<\/li>\n<li>Accessoires st\u00e9riles inclus pour une application s\u00fbre et hygi\u00e9nique<\/li>\n<li>Convient aux cultivateurs amateurs et avanc\u00e9s<\/li>\n<\/ul>\n<h3>Ingr\u00e9dients et\/ou composition<\/h3>\n<ul>\n<li>10 ml de culture Golden Teacher liquide dans de l&rsquo;eau st\u00e9rile avec des nutriments<\/li>\n<li>1 aiguille 18G st\u00e9rile<\/li>\n<li>1 chiffon imbib\u00e9 d&rsquo;alcool pour un travail propre<\/li>\n<\/ul>\n<h3>Utilisation<\/h3>\n<p>Pour obtenir les meilleurs r\u00e9sultats, il est essentiel de travailler dans de bonnes conditions d&rsquo;hygi\u00e8ne.<\/p>\n<p><strong>Voici comment utiliser la seringue :<\/strong><\/p>\n<ol>\n<li><strong>St\u00e9rilisez le substrat<\/strong> en le chauffant ou en le passant \u00e0 la vapeur pour tuer les bact\u00e9ries et les champignons.<\/li>\n<li><strong>Pr\u00e9parez le substrat<\/strong> avec des mat\u00e9riaux tels que la farine de riz brun ou le seigle. Veillez \u00e0 ce qu&rsquo;il soit l\u00e9g\u00e8rement humide.<\/li>\n<li><strong>Secouez<\/strong> bien <strong>la seringue<\/strong> pour r\u00e9partir uniform\u00e9ment le myc\u00e9lium.<\/li>\n<li><strong>Injectez<\/strong> de petites quantit\u00e9s de culture \u00e0 diff\u00e9rents endroits du substrat.<\/li>\n<li><strong>Laissez-le incuber<\/strong> dans un endroit sombre \u00e0 une temp\u00e9rature stable comprise entre 20 et 25\u00b0C.<\/li>\n<li>Surveillez <strong>l&rsquo;\u00e9volution<\/strong> et r\u00e9coltez les champignons d\u00e8s qu&rsquo;ils sont compl\u00e8tement d\u00e9velopp\u00e9s.<\/li>\n<\/ol>\n<h3>Contenu<\/h3>\n<ul>\n<li>1x seringue avec 10 ml de culture liquide Golden Teacher<\/li>\n<li>1x aiguille st\u00e9rile 18G<\/li>\n<li>1x tampon de pr\u00e9paration \u00e0 l&rsquo;alcool<\/li>\n<\/ul>\n<h3>Conseils de stockage<\/h3>\n<ul>\n<li>A utiliser dans les 2 mois<\/li>\n<li>Conservez-les dans un endroit frais et sombre, par exemple dans le r\u00e9frig\u00e9rateur.<\/li>\n<li>Prot\u00e9ger contre la lumi\u00e8re UV<\/li>\n<li>Tenir hors de port\u00e9e des enfants<\/li>\n<\/ul>\n","protected":false},"excerpt":{"rendered":"<p>Golden Teacher Liquid Culture Syringe &#8211; 10 ml est une culture liquide st\u00e9rile pr\u00eate \u00e0 l&#8217;emploi qui vous permet de d\u00e9marrer votre projet de culture rapidement et efficacement. Cette solution contient du myc\u00e9lium actif de la c\u00e9l\u00e8bre Enseignante d&rsquo;or, l&rsquo;une des esp\u00e8ces les plus populaires de Psilocybe cubensis. Gr\u00e2ce \u00e0 sa pr\u00e9paration st\u00e9rile et \u00e0 [&hellip;]<\/p>\n","protected":false},"featured_media":46283,"comment_status":"closed","ping_status":"closed","template":"","meta":[],"product_brand":[],"product_cat":[358],"product_tag":[],"class_list":{"0":"post-46446","1":"product","2":"type-product","3":"status-publish","4":"has-post-thumbnail","6":"product_cat-seringues-de-culture-liquide","8":"first","9":"instock","10":"taxable","11":"shipping-taxable","12":"purchasable","13":"product-type-simple"},"yoast_head":"<!-- This site is optimized with the Yoast SEO Premium plugin v26.4 (Yoast SEO v27.2) - https:\/\/yoast.com\/product\/yoast-seo-premium-wordpress\/ -->\n<title>Seringue de culture liquide Golden Teacher - Dutchmicrodosing<\/title>\n<meta name=\"description\" content=\"Culture liquide st\u00e9rile Golden Teacher 10ml avec aiguille et tampon d&#039;alcool. Pour une colonisation rapide des substrats c\u00e9r\u00e9aliers. Parfait pour votre semaine au paddock !\" \/>\n<meta name=\"robots\" content=\"index, follow, max-snippet:-1, max-image-preview:large, max-video-preview:-1\" \/>\n<link rel=\"canonical\" href=\"https:\/\/dutchmicrodosing.com\/fr\/magique-champignon-spores\/seringues-de-culture-liquide\/golden-teacher-liquid-culture-spuit\/\" \/>\n<meta property=\"og:locale\" content=\"fr_FR\" \/>\n<meta property=\"og:type\" content=\"article\" \/>\n<meta property=\"og:title\" content=\"Seringue de culture liquide Golden Teacher\" \/>\n<meta property=\"og:description\" content=\"Golden Teacher Liquid Culture Syringe - 10 ml est une culture liquide st\u00e9rile pr\u00eate \u00e0 l&#039;emploi qui vous permet de d\u00e9marrer votre projet de culture\" \/>\n<meta property=\"og:url\" content=\"https:\/\/dutchmicrodosing.com\/fr\/magique-champignon-spores\/seringues-de-culture-liquide\/golden-teacher-liquid-culture-spuit\/\" \/>\n<meta property=\"og:site_name\" content=\"Dutchmicrodosing\" \/>\n<meta property=\"article:publisher\" content=\"https:\/\/www.facebook.com\/Dutchmicrodosingxp\/\" \/>\n<meta property=\"article:modified_time\" content=\"2025-08-20T10:26:10+00:00\" \/>\n<meta property=\"og:image\" content=\"https:\/\/dutchmicrodosing.com\/wp-content\/uploads\/2024\/04\/Philosophr-Liquid-culture-packaging-_2_.jpg\" \/>\n\t<meta property=\"og:image:width\" content=\"1512\" \/>\n\t<meta property=\"og:image:height\" content=\"1512\" \/>\n\t<meta property=\"og:image:type\" content=\"image\/jpeg\" \/>\n<meta name=\"twitter:card\" content=\"summary_large_image\" \/>\n<script type=\"application\/ld+json\" class=\"yoast-schema-graph\">{\"@context\":\"https:\/\/schema.org\",\"@graph\":[{\"@type\":\"WebPage\",\"@id\":\"https:\/\/dutchmicrodosing.com\/fr\/magique-champignon-spores\/seringues-de-culture-liquide\/golden-teacher-liquid-culture-spuit\/\",\"url\":\"https:\/\/dutchmicrodosing.com\/fr\/magique-champignon-spores\/seringues-de-culture-liquide\/golden-teacher-liquid-culture-spuit\/\",\"name\":\"Seringue de culture liquide Golden Teacher - Dutchmicrodosing\",\"isPartOf\":{\"@id\":\"https:\/\/dutchmicrodosing.com\/fr\/#website\"},\"primaryImageOfPage\":{\"@id\":\"https:\/\/dutchmicrodosing.com\/fr\/magique-champignon-spores\/seringues-de-culture-liquide\/golden-teacher-liquid-culture-spuit\/#primaryimage\"},\"image\":{\"@id\":\"https:\/\/dutchmicrodosing.com\/fr\/magique-champignon-spores\/seringues-de-culture-liquide\/golden-teacher-liquid-culture-spuit\/#primaryimage\"},\"thumbnailUrl\":\"https:\/\/dutchmicrodosing.com\/wp-content\/uploads\/2024\/04\/Philosophr-Liquid-culture-packaging-_2_.jpg\",\"datePublished\":\"2025-03-12T08:30:05+00:00\",\"dateModified\":\"2025-08-20T10:26:10+00:00\",\"description\":\"Culture liquide st\u00e9rile Golden Teacher 10ml avec aiguille et tampon d'alcool. Pour une colonisation rapide des substrats c\u00e9r\u00e9aliers. Parfait pour votre semaine au paddock !\",\"breadcrumb\":{\"@id\":\"https:\/\/dutchmicrodosing.com\/fr\/magique-champignon-spores\/seringues-de-culture-liquide\/golden-teacher-liquid-culture-spuit\/#breadcrumb\"},\"inLanguage\":\"fr-FR\",\"potentialAction\":[{\"@type\":\"ReadAction\",\"target\":[\"https:\/\/dutchmicrodosing.com\/fr\/magique-champignon-spores\/seringues-de-culture-liquide\/golden-teacher-liquid-culture-spuit\/\"]}]},{\"@type\":\"ImageObject\",\"inLanguage\":\"fr-FR\",\"@id\":\"https:\/\/dutchmicrodosing.com\/fr\/magique-champignon-spores\/seringues-de-culture-liquide\/golden-teacher-liquid-culture-spuit\/#primaryimage\",\"url\":\"https:\/\/dutchmicrodosing.com\/wp-content\/uploads\/2024\/04\/Philosophr-Liquid-culture-packaging-_2_.jpg\",\"contentUrl\":\"https:\/\/dutchmicrodosing.com\/wp-content\/uploads\/2024\/04\/Philosophr-Liquid-culture-packaging-_2_.jpg\",\"width\":1512,\"height\":1512},{\"@type\":\"BreadcrumbList\",\"@id\":\"https:\/\/dutchmicrodosing.com\/fr\/magique-champignon-spores\/seringues-de-culture-liquide\/golden-teacher-liquid-culture-spuit\/#breadcrumb\",\"itemListElement\":[{\"@type\":\"ListItem\",\"position\":1,\"name\":\"Home\",\"item\":\"https:\/\/dutchmicrodosing.com\/fr\/\"},{\"@type\":\"ListItem\",\"position\":2,\"name\":\"Boutique\",\"item\":\"https:\/\/dutchmicrodosing.com\/fr\/boutique\/\"},{\"@type\":\"ListItem\",\"position\":3,\"name\":\"Seringue de culture liquide Golden Teacher\"}]},{\"@type\":\"WebSite\",\"@id\":\"https:\/\/dutchmicrodosing.com\/fr\/#website\",\"url\":\"https:\/\/dutchmicrodosing.com\/fr\/\",\"name\":\"Dutchmicrodosing\",\"description\":\"\",\"publisher\":{\"@id\":\"https:\/\/dutchmicrodosing.com\/fr\/#organization\"},\"potentialAction\":[{\"@type\":\"SearchAction\",\"target\":{\"@type\":\"EntryPoint\",\"urlTemplate\":\"https:\/\/dutchmicrodosing.com\/fr\/?s={search_term_string}\"},\"query-input\":{\"@type\":\"PropertyValueSpecification\",\"valueRequired\":true,\"valueName\":\"search_term_string\"}}],\"inLanguage\":\"fr-FR\"},{\"@type\":\"Organization\",\"@id\":\"https:\/\/dutchmicrodosing.com\/fr\/#organization\",\"name\":\"Dutchmicrodosing\",\"url\":\"https:\/\/dutchmicrodosing.com\/fr\/\",\"logo\":{\"@type\":\"ImageObject\",\"inLanguage\":\"fr-FR\",\"@id\":\"https:\/\/dutchmicrodosing.com\/fr\/#\/schema\/logo\/image\/\",\"url\":\"https:\/\/dutchmicrodosing.com\/wp-content\/uploads\/2021\/01\/microdosing-categorie-pic-nieuw.jpg\",\"contentUrl\":\"https:\/\/dutchmicrodosing.com\/wp-content\/uploads\/2021\/01\/microdosing-categorie-pic-nieuw.jpg\",\"width\":500,\"height\":500,\"caption\":\"Dutchmicrodosing\"},\"image\":{\"@id\":\"https:\/\/dutchmicrodosing.com\/fr\/#\/schema\/logo\/image\/\"},\"sameAs\":[\"https:\/\/www.facebook.com\/Dutchmicrodosingxp\/\",\"https:\/\/www.instagram.com\/dutchmicrodosing\/\"]}]}<\/script>\n<meta property=\"product:price:amount\" content=\"18.95\" \/>\n<meta property=\"product:price:currency\" content=\"EUR\" \/>\n<meta property=\"og:availability\" content=\"instock\" \/>\n<meta property=\"product:availability\" content=\"instock\" \/>\n<meta property=\"product:retailer_item_id\" content=\"5203370\" \/>\n<meta property=\"product:condition\" content=\"new\" \/>\n<!-- \/ Yoast SEO Premium plugin. -->","yoast_head_json":{"title":"Seringue de culture liquide Golden Teacher - Dutchmicrodosing","description":"Culture liquide st\u00e9rile Golden Teacher 10ml avec aiguille et tampon d'alcool. Pour une colonisation rapide des substrats c\u00e9r\u00e9aliers. Parfait pour votre semaine au paddock !","robots":{"index":"index","follow":"follow","max-snippet":"max-snippet:-1","max-image-preview":"max-image-preview:large","max-video-preview":"max-video-preview:-1"},"canonical":"https:\/\/dutchmicrodosing.com\/fr\/magique-champignon-spores\/seringues-de-culture-liquide\/golden-teacher-liquid-culture-spuit\/","og_locale":"fr_FR","og_type":"article","og_title":"Seringue de culture liquide Golden Teacher","og_description":"Golden Teacher Liquid Culture Syringe - 10 ml est une culture liquide st\u00e9rile pr\u00eate \u00e0 l'emploi qui vous permet de d\u00e9marrer votre projet de culture","og_url":"https:\/\/dutchmicrodosing.com\/fr\/magique-champignon-spores\/seringues-de-culture-liquide\/golden-teacher-liquid-culture-spuit\/","og_site_name":"Dutchmicrodosing","article_publisher":"https:\/\/www.facebook.com\/Dutchmicrodosingxp\/","article_modified_time":"2025-08-20T10:26:10+00:00","og_image":[{"width":1512,"height":1512,"url":"https:\/\/dutchmicrodosing.com\/wp-content\/uploads\/2024\/04\/Philosophr-Liquid-culture-packaging-_2_.jpg","type":"image\/jpeg"}],"twitter_card":"summary_large_image","schema":{"@context":"https:\/\/schema.org","@graph":[{"@type":"WebPage","@id":"https:\/\/dutchmicrodosing.com\/fr\/magique-champignon-spores\/seringues-de-culture-liquide\/golden-teacher-liquid-culture-spuit\/","url":"https:\/\/dutchmicrodosing.com\/fr\/magique-champignon-spores\/seringues-de-culture-liquide\/golden-teacher-liquid-culture-spuit\/","name":"Seringue de culture liquide Golden Teacher - Dutchmicrodosing","isPartOf":{"@id":"https:\/\/dutchmicrodosing.com\/fr\/#website"},"primaryImageOfPage":{"@id":"https:\/\/dutchmicrodosing.com\/fr\/magique-champignon-spores\/seringues-de-culture-liquide\/golden-teacher-liquid-culture-spuit\/#primaryimage"},"image":{"@id":"https:\/\/dutchmicrodosing.com\/fr\/magique-champignon-spores\/seringues-de-culture-liquide\/golden-teacher-liquid-culture-spuit\/#primaryimage"},"thumbnailUrl":"https:\/\/dutchmicrodosing.com\/wp-content\/uploads\/2024\/04\/Philosophr-Liquid-culture-packaging-_2_.jpg","datePublished":"2025-03-12T08:30:05+00:00","dateModified":"2025-08-20T10:26:10+00:00","description":"Culture liquide st\u00e9rile Golden Teacher 10ml avec aiguille et tampon d'alcool. Pour une colonisation rapide des substrats c\u00e9r\u00e9aliers. Parfait pour votre semaine au paddock !","breadcrumb":{"@id":"https:\/\/dutchmicrodosing.com\/fr\/magique-champignon-spores\/seringues-de-culture-liquide\/golden-teacher-liquid-culture-spuit\/#breadcrumb"},"inLanguage":"fr-FR","potentialAction":[{"@type":"ReadAction","target":["https:\/\/dutchmicrodosing.com\/fr\/magique-champignon-spores\/seringues-de-culture-liquide\/golden-teacher-liquid-culture-spuit\/"]}]},{"@type":"ImageObject","inLanguage":"fr-FR","@id":"https:\/\/dutchmicrodosing.com\/fr\/magique-champignon-spores\/seringues-de-culture-liquide\/golden-teacher-liquid-culture-spuit\/#primaryimage","url":"https:\/\/dutchmicrodosing.com\/wp-content\/uploads\/2024\/04\/Philosophr-Liquid-culture-packaging-_2_.jpg","contentUrl":"https:\/\/dutchmicrodosing.com\/wp-content\/uploads\/2024\/04\/Philosophr-Liquid-culture-packaging-_2_.jpg","width":1512,"height":1512},{"@type":"BreadcrumbList","@id":"https:\/\/dutchmicrodosing.com\/fr\/magique-champignon-spores\/seringues-de-culture-liquide\/golden-teacher-liquid-culture-spuit\/#breadcrumb","itemListElement":[{"@type":"ListItem","position":1,"name":"Home","item":"https:\/\/dutchmicrodosing.com\/fr\/"},{"@type":"ListItem","position":2,"name":"Boutique","item":"https:\/\/dutchmicrodosing.com\/fr\/boutique\/"},{"@type":"ListItem","position":3,"name":"Seringue de culture liquide Golden Teacher"}]},{"@type":"WebSite","@id":"https:\/\/dutchmicrodosing.com\/fr\/#website","url":"https:\/\/dutchmicrodosing.com\/fr\/","name":"Dutchmicrodosing","description":"","publisher":{"@id":"https:\/\/dutchmicrodosing.com\/fr\/#organization"},"potentialAction":[{"@type":"SearchAction","target":{"@type":"EntryPoint","urlTemplate":"https:\/\/dutchmicrodosing.com\/fr\/?s={search_term_string}"},"query-input":{"@type":"PropertyValueSpecification","valueRequired":true,"valueName":"search_term_string"}}],"inLanguage":"fr-FR"},{"@type":"Organization","@id":"https:\/\/dutchmicrodosing.com\/fr\/#organization","name":"Dutchmicrodosing","url":"https:\/\/dutchmicrodosing.com\/fr\/","logo":{"@type":"ImageObject","inLanguage":"fr-FR","@id":"https:\/\/dutchmicrodosing.com\/fr\/#\/schema\/logo\/image\/","url":"https:\/\/dutchmicrodosing.com\/wp-content\/uploads\/2021\/01\/microdosing-categorie-pic-nieuw.jpg","contentUrl":"https:\/\/dutchmicrodosing.com\/wp-content\/uploads\/2021\/01\/microdosing-categorie-pic-nieuw.jpg","width":500,"height":500,"caption":"Dutchmicrodosing"},"image":{"@id":"https:\/\/dutchmicrodosing.com\/fr\/#\/schema\/logo\/image\/"},"sameAs":["https:\/\/www.facebook.com\/Dutchmicrodosingxp\/","https:\/\/www.instagram.com\/dutchmicrodosing\/"]}]},"product_price_amount":"18.95","product_price_currency":"EUR","og_availability":"instock","product_availability":"instock","product_retailer_item_id":"5203370","product_condition":"new"},"_links":{"self":[{"href":"https:\/\/dutchmicrodosing.com\/fr\/wp-json\/wp\/v2\/product\/46446","targetHints":{"allow":["GET"]}}],"collection":[{"href":"https:\/\/dutchmicrodosing.com\/fr\/wp-json\/wp\/v2\/product"}],"about":[{"href":"https:\/\/dutchmicrodosing.com\/fr\/wp-json\/wp\/v2\/types\/product"}],"replies":[{"embeddable":true,"href":"https:\/\/dutchmicrodosing.com\/fr\/wp-json\/wp\/v2\/comments?post=46446"}],"version-history":[{"count":0,"href":"https:\/\/dutchmicrodosing.com\/fr\/wp-json\/wp\/v2\/product\/46446\/revisions"}],"wp:featuredmedia":[{"embeddable":true,"href":"https:\/\/dutchmicrodosing.com\/fr\/wp-json\/wp\/v2\/media\/46283"}],"wp:attachment":[{"href":"https:\/\/dutchmicrodosing.com\/fr\/wp-json\/wp\/v2\/media?parent=46446"}],"wp:term":[{"taxonomy":"product_brand","embeddable":true,"href":"https:\/\/dutchmicrodosing.com\/fr\/wp-json\/wp\/v2\/product_brand?post=46446"},{"taxonomy":"product_cat","embeddable":true,"href":"https:\/\/dutchmicrodosing.com\/fr\/wp-json\/wp\/v2\/product_cat?post=46446"},{"taxonomy":"product_tag","embeddable":true,"href":"https:\/\/dutchmicrodosing.com\/fr\/wp-json\/wp\/v2\/product_tag?post=46446"}],"curies":[{"name":"wp","href":"https:\/\/api.w.org\/{rel}","templated":true}]}}