{"id":46450,"date":"2025-03-12T09:59:05","date_gmt":"2025-03-12T08:59:05","guid":{"rendered":"https:\/\/dutchmicrodosing.com\/shop\/non%20class\u00e9\/makilla-gorilla-liquid-culture-spuit\/"},"modified":"2025-08-22T11:54:34","modified_gmt":"2025-08-22T09:54:34","slug":"makilla-gorilla-liquid-culture-spuit","status":"publish","type":"product","link":"https:\/\/dutchmicrodosing.com\/fr\/magique-champignon-spores\/seringues-de-culture-liquide\/makilla-gorilla-liquid-culture-spuit\/","title":{"rendered":"Makilla &#8211; Seringue de culture liquide Gorilla"},"content":{"rendered":"<p>La <strong>seringue de culture liquide Makilla Gorilla<\/strong> contient une souche de champignon puissante et unique, issue d&rsquo;un croisement entre Melmac Penis Envy et Albino Penis Envy (APE). Cette g\u00e9n\u00e9tique particuli\u00e8re garantit une croissance rapide, des champignons de grande taille et une puissance \u00e9lev\u00e9e. Id\u00e9al pour les cultivateurs exp\u00e9riment\u00e9s et les chercheurs \u00e0 la recherche de vari\u00e9t\u00e9s exceptionnelles. Chaque seringue contient 10 ml de culture liquide contenant du myc\u00e9lium de Makilla Gorilla enti\u00e8rement d\u00e9velopp\u00e9, produit dans un environnement de laboratoire st\u00e9rile pour une puret\u00e9 et une viabilit\u00e9 maximales. Comprend une aiguille st\u00e9rile pour une inoculation pr\u00e9cise et facile.<\/p>\n<h3>Puret\u00e9 g\u00e9n\u00e9tique :<\/h3>\n<p>Isol\u00e9s par des professionnels et pr\u00e9par\u00e9s dans des conditions st\u00e9riles afin de minimiser les risques de contamination.<\/p>\n<h3>Quel est le substrat sur lequel nous cultivons ?<\/h3>\n<p>Parfaitement adapt\u00e9 aux substrats c\u00e9r\u00e9aliers.<\/p>\n<h3>Utilisation<\/h3>\n<p>Inoculer votre substrat n&rsquo;a jamais \u00e9t\u00e9 aussi facile. Avec une simple injection de Makilla Gorilla Liquid Culture, vous pouvez observer le r\u00e9seau myc\u00e9lien se multiplier et transformer votre milieu de culture en une toile sur laquelle les champignons peuvent s&rsquo;\u00e9panouir.<\/p>\n<ol>\n<li style=\"list-style-type: none;\">\n<ol>\n<li><strong>St\u00e9rilisation<\/strong>: St\u00e9rilisez le m\u00e9lange de substrat afin de tuer les bact\u00e9ries et les champignons nuisibles qui pourraient entraver la croissance des champignons. Cela peut se faire en chauffant le m\u00e9lange de substrats dans un autoclave ou en le pasteurisant \u00e0 la vapeur.<\/li>\n<li><strong>Inoculation du<\/strong> substrat : commencez par pr\u00e9parer le substrat, tel que la vermiculite et la farine de riz brun, comme d\u00e9crit pr\u00e9c\u00e9demment. Veillez \u00e0 ce que le substrat soit humide, mais pas d\u00e9tremp\u00e9. Ensuite, prenez la seringue \u00e0 spores avec les spores de Makilla Gorilla.<\/li>\n<li><strong>Processus d&rsquo;inoculation<\/strong>: agitez bien la seringue \u00e0 spores avec les spores de champignons pour vous assurer que les spores sont r\u00e9parties uniform\u00e9ment. Utilisez ensuite la seringue pour r\u00e9partir uniform\u00e9ment les spores sur le substrat. Cela peut se faire en appliquant de petites quantit\u00e9s de spores \u00e0 diff\u00e9rents endroits du substrat.<\/li>\n<li><strong>Incubation<\/strong>: Une fois que le substrat a \u00e9t\u00e9 ensemenc\u00e9 avec les spores de champignons, il est temps de l&rsquo;incuber. Placez le substrat dans une pi\u00e8ce sombre et chaude, \u00e0 une temp\u00e9rature constante comprise entre 20 et 25 \u00b0C. Cela favorise la colonisation du substrat par les spores du champignon.<\/li>\n<\/ol>\n<\/li>\n<\/ol>\n<ol>\n<li><strong>Croissance et r\u00e9colte<\/strong>: Apr\u00e8s quelques semaines, les spores des champignons devraient commencer \u00e0 se coloniser et \u00e0 se d\u00e9velopper en champignons. V\u00e9rifiez r\u00e9guli\u00e8rement l&rsquo;humidit\u00e9 du substrat et tout signe de contamination. Une fois que les champignons sont compl\u00e8tement d\u00e9velopp\u00e9s, ils peuvent \u00eatre r\u00e9colt\u00e9s pour la consommation.<\/li>\n<\/ol>\n<h3>Contenu<\/h3>\n<ul>\n<li>Seringue de 10 ml pr\u00e9-remplie de culture liquide Makilla Gorilla<\/li>\n<li>1x Aiguille d&rsquo;inoculation 18G st\u00e9rile<\/li>\n<li>1x Pr\u00e9paration \u00e0 l&rsquo;alcool<\/li>\n<\/ul>\n<h3>Conseils de stockage<\/h3>\n<ul>\n<li>Utiliser la culture liquide dans les 2 mois.<\/li>\n<li>Conservez-la au r\u00e9frig\u00e9rateur ou dans un autre endroit frais et sombre.<\/li>\n<li>\u00c9viter l&rsquo;exposition \u00e0 la lumi\u00e8re UV.<\/li>\n<li>Hors de port\u00e9e des enfants.<\/li>\n<\/ul>\n","protected":false},"excerpt":{"rendered":"<p>La seringue de culture liquide Makilla Gorilla contient une souche de champignon puissante et unique, issue d&rsquo;un croisement entre Melmac Penis Envy et Albino Penis Envy (APE). Cette g\u00e9n\u00e9tique particuli\u00e8re garantit une croissance rapide, des champignons de grande taille et une puissance \u00e9lev\u00e9e. Id\u00e9al pour les cultivateurs exp\u00e9riment\u00e9s et les chercheurs \u00e0 la recherche de [&hellip;]<\/p>\n","protected":false},"featured_media":46283,"comment_status":"closed","ping_status":"closed","template":"","meta":[],"product_brand":[],"product_cat":[358],"product_tag":[],"class_list":{"0":"post-46450","1":"product","2":"type-product","3":"status-publish","4":"has-post-thumbnail","6":"product_cat-seringues-de-culture-liquide","8":"first","9":"instock","10":"taxable","11":"shipping-taxable","12":"purchasable","13":"product-type-simple"},"yoast_head":"<!-- This site is optimized with the Yoast SEO Premium plugin v26.4 (Yoast SEO v27.4) - https:\/\/yoast.com\/product\/yoast-seo-premium-wordpress\/ -->\n<title>Makilla - Seringue de culture liquide Gorilla - Dutchmicrodosing<\/title>\n<meta name=\"description\" content=\"Commencez votre propre culture de champignons avec la seringue de culture liquide Makilla Gorilla. Rapide, efficace et riche en myc\u00e9lium actif pour une culture r\u00e9ussie.\" \/>\n<meta name=\"robots\" content=\"index, follow, max-snippet:-1, max-image-preview:large, max-video-preview:-1\" \/>\n<link rel=\"canonical\" href=\"https:\/\/dutchmicrodosing.com\/fr\/magique-champignon-spores\/seringues-de-culture-liquide\/makilla-gorilla-liquid-culture-spuit\/\" \/>\n<meta property=\"og:locale\" content=\"fr_FR\" \/>\n<meta property=\"og:type\" content=\"article\" \/>\n<meta property=\"og:title\" content=\"Makilla - Seringue de culture liquide Gorilla\" \/>\n<meta property=\"og:description\" content=\"La seringue de culture liquide Makilla Gorilla contient une souche de champignon puissante et unique, issue d&#039;un croisement entre Melmac Penis Envy et\" \/>\n<meta property=\"og:url\" content=\"https:\/\/dutchmicrodosing.com\/fr\/magique-champignon-spores\/seringues-de-culture-liquide\/makilla-gorilla-liquid-culture-spuit\/\" \/>\n<meta property=\"og:site_name\" content=\"Dutchmicrodosing\" \/>\n<meta property=\"article:publisher\" content=\"https:\/\/www.facebook.com\/Dutchmicrodosingxp\/\" \/>\n<meta property=\"article:modified_time\" content=\"2025-08-22T09:54:34+00:00\" \/>\n<meta property=\"og:image\" content=\"https:\/\/dutchmicrodosing.com\/wp-content\/uploads\/2024\/04\/Philosophr-Liquid-culture-packaging-_2_.jpg\" \/>\n\t<meta property=\"og:image:width\" content=\"1512\" \/>\n\t<meta property=\"og:image:height\" content=\"1512\" \/>\n\t<meta property=\"og:image:type\" content=\"image\/jpeg\" \/>\n<meta name=\"twitter:card\" content=\"summary_large_image\" \/>\n<script type=\"application\/ld+json\" class=\"yoast-schema-graph\">{\"@context\":\"https:\\\/\\\/schema.org\",\"@graph\":[{\"@type\":\"WebPage\",\"@id\":\"https:\\\/\\\/dutchmicrodosing.com\\\/fr\\\/magique-champignon-spores\\\/seringues-de-culture-liquide\\\/makilla-gorilla-liquid-culture-spuit\\\/\",\"url\":\"https:\\\/\\\/dutchmicrodosing.com\\\/fr\\\/magique-champignon-spores\\\/seringues-de-culture-liquide\\\/makilla-gorilla-liquid-culture-spuit\\\/\",\"name\":\"Makilla - Seringue de culture liquide Gorilla - Dutchmicrodosing\",\"isPartOf\":{\"@id\":\"https:\\\/\\\/dutchmicrodosing.com\\\/fr\\\/#website\"},\"primaryImageOfPage\":{\"@id\":\"https:\\\/\\\/dutchmicrodosing.com\\\/fr\\\/magique-champignon-spores\\\/seringues-de-culture-liquide\\\/makilla-gorilla-liquid-culture-spuit\\\/#primaryimage\"},\"image\":{\"@id\":\"https:\\\/\\\/dutchmicrodosing.com\\\/fr\\\/magique-champignon-spores\\\/seringues-de-culture-liquide\\\/makilla-gorilla-liquid-culture-spuit\\\/#primaryimage\"},\"thumbnailUrl\":\"https:\\\/\\\/dutchmicrodosing.com\\\/wp-content\\\/uploads\\\/2024\\\/04\\\/Philosophr-Liquid-culture-packaging-_2_.jpg\",\"datePublished\":\"2025-03-12T08:59:05+00:00\",\"dateModified\":\"2025-08-22T09:54:34+00:00\",\"description\":\"Commencez votre propre culture de champignons avec la seringue de culture liquide Makilla Gorilla. Rapide, efficace et riche en myc\u00e9lium actif pour une culture r\u00e9ussie.\",\"breadcrumb\":{\"@id\":\"https:\\\/\\\/dutchmicrodosing.com\\\/fr\\\/magique-champignon-spores\\\/seringues-de-culture-liquide\\\/makilla-gorilla-liquid-culture-spuit\\\/#breadcrumb\"},\"inLanguage\":\"fr-FR\",\"potentialAction\":[{\"@type\":\"ReadAction\",\"target\":[\"https:\\\/\\\/dutchmicrodosing.com\\\/fr\\\/magique-champignon-spores\\\/seringues-de-culture-liquide\\\/makilla-gorilla-liquid-culture-spuit\\\/\"]}]},{\"@type\":\"ImageObject\",\"inLanguage\":\"fr-FR\",\"@id\":\"https:\\\/\\\/dutchmicrodosing.com\\\/fr\\\/magique-champignon-spores\\\/seringues-de-culture-liquide\\\/makilla-gorilla-liquid-culture-spuit\\\/#primaryimage\",\"url\":\"https:\\\/\\\/dutchmicrodosing.com\\\/wp-content\\\/uploads\\\/2024\\\/04\\\/Philosophr-Liquid-culture-packaging-_2_.jpg\",\"contentUrl\":\"https:\\\/\\\/dutchmicrodosing.com\\\/wp-content\\\/uploads\\\/2024\\\/04\\\/Philosophr-Liquid-culture-packaging-_2_.jpg\",\"width\":1512,\"height\":1512},{\"@type\":\"BreadcrumbList\",\"@id\":\"https:\\\/\\\/dutchmicrodosing.com\\\/fr\\\/magique-champignon-spores\\\/seringues-de-culture-liquide\\\/makilla-gorilla-liquid-culture-spuit\\\/#breadcrumb\",\"itemListElement\":[{\"@type\":\"ListItem\",\"position\":1,\"name\":\"Home\",\"item\":\"https:\\\/\\\/dutchmicrodosing.com\\\/fr\\\/\"},{\"@type\":\"ListItem\",\"position\":2,\"name\":\"Boutique\",\"item\":\"https:\\\/\\\/dutchmicrodosing.com\\\/fr\\\/boutique\\\/\"},{\"@type\":\"ListItem\",\"position\":3,\"name\":\"Makilla &#8211; Seringue de culture liquide Gorilla\"}]},{\"@type\":\"WebSite\",\"@id\":\"https:\\\/\\\/dutchmicrodosing.com\\\/fr\\\/#website\",\"url\":\"https:\\\/\\\/dutchmicrodosing.com\\\/fr\\\/\",\"name\":\"Dutchmicrodosing\",\"description\":\"\",\"publisher\":{\"@id\":\"https:\\\/\\\/dutchmicrodosing.com\\\/fr\\\/#organization\"},\"potentialAction\":[{\"@type\":\"SearchAction\",\"target\":{\"@type\":\"EntryPoint\",\"urlTemplate\":\"https:\\\/\\\/dutchmicrodosing.com\\\/fr\\\/?s={search_term_string}\"},\"query-input\":{\"@type\":\"PropertyValueSpecification\",\"valueRequired\":true,\"valueName\":\"search_term_string\"}}],\"inLanguage\":\"fr-FR\"},{\"@type\":\"Organization\",\"@id\":\"https:\\\/\\\/dutchmicrodosing.com\\\/fr\\\/#organization\",\"name\":\"Dutchmicrodosing\",\"url\":\"https:\\\/\\\/dutchmicrodosing.com\\\/fr\\\/\",\"logo\":{\"@type\":\"ImageObject\",\"inLanguage\":\"fr-FR\",\"@id\":\"https:\\\/\\\/dutchmicrodosing.com\\\/fr\\\/#\\\/schema\\\/logo\\\/image\\\/\",\"url\":\"https:\\\/\\\/dutchmicrodosing.com\\\/wp-content\\\/uploads\\\/2021\\\/01\\\/microdosing-categorie-pic-nieuw.jpg\",\"contentUrl\":\"https:\\\/\\\/dutchmicrodosing.com\\\/wp-content\\\/uploads\\\/2021\\\/01\\\/microdosing-categorie-pic-nieuw.jpg\",\"width\":500,\"height\":500,\"caption\":\"Dutchmicrodosing\"},\"image\":{\"@id\":\"https:\\\/\\\/dutchmicrodosing.com\\\/fr\\\/#\\\/schema\\\/logo\\\/image\\\/\"},\"sameAs\":[\"https:\\\/\\\/www.facebook.com\\\/Dutchmicrodosingxp\\\/\",\"https:\\\/\\\/www.instagram.com\\\/dutchmicrodosing\\\/\"]}]}<\/script>\n<meta property=\"product:price:amount\" content=\"18.95\" \/>\n<meta property=\"product:price:currency\" content=\"EUR\" \/>\n<meta property=\"og:availability\" content=\"instock\" \/>\n<meta property=\"product:availability\" content=\"instock\" \/>\n<meta property=\"product:retailer_item_id\" content=\"5203367\" \/>\n<meta property=\"product:condition\" content=\"new\" \/>\n<!-- \/ Yoast SEO Premium plugin. -->","yoast_head_json":{"title":"Makilla - Seringue de culture liquide Gorilla - Dutchmicrodosing","description":"Commencez votre propre culture de champignons avec la seringue de culture liquide Makilla Gorilla. Rapide, efficace et riche en myc\u00e9lium actif pour une culture r\u00e9ussie.","robots":{"index":"index","follow":"follow","max-snippet":"max-snippet:-1","max-image-preview":"max-image-preview:large","max-video-preview":"max-video-preview:-1"},"canonical":"https:\/\/dutchmicrodosing.com\/fr\/magique-champignon-spores\/seringues-de-culture-liquide\/makilla-gorilla-liquid-culture-spuit\/","og_locale":"fr_FR","og_type":"article","og_title":"Makilla - Seringue de culture liquide Gorilla","og_description":"La seringue de culture liquide Makilla Gorilla contient une souche de champignon puissante et unique, issue d'un croisement entre Melmac Penis Envy et","og_url":"https:\/\/dutchmicrodosing.com\/fr\/magique-champignon-spores\/seringues-de-culture-liquide\/makilla-gorilla-liquid-culture-spuit\/","og_site_name":"Dutchmicrodosing","article_publisher":"https:\/\/www.facebook.com\/Dutchmicrodosingxp\/","article_modified_time":"2025-08-22T09:54:34+00:00","og_image":[{"width":1512,"height":1512,"url":"https:\/\/dutchmicrodosing.com\/wp-content\/uploads\/2024\/04\/Philosophr-Liquid-culture-packaging-_2_.jpg","type":"image\/jpeg"}],"twitter_card":"summary_large_image","schema":{"@context":"https:\/\/schema.org","@graph":[{"@type":"WebPage","@id":"https:\/\/dutchmicrodosing.com\/fr\/magique-champignon-spores\/seringues-de-culture-liquide\/makilla-gorilla-liquid-culture-spuit\/","url":"https:\/\/dutchmicrodosing.com\/fr\/magique-champignon-spores\/seringues-de-culture-liquide\/makilla-gorilla-liquid-culture-spuit\/","name":"Makilla - Seringue de culture liquide Gorilla - Dutchmicrodosing","isPartOf":{"@id":"https:\/\/dutchmicrodosing.com\/fr\/#website"},"primaryImageOfPage":{"@id":"https:\/\/dutchmicrodosing.com\/fr\/magique-champignon-spores\/seringues-de-culture-liquide\/makilla-gorilla-liquid-culture-spuit\/#primaryimage"},"image":{"@id":"https:\/\/dutchmicrodosing.com\/fr\/magique-champignon-spores\/seringues-de-culture-liquide\/makilla-gorilla-liquid-culture-spuit\/#primaryimage"},"thumbnailUrl":"https:\/\/dutchmicrodosing.com\/wp-content\/uploads\/2024\/04\/Philosophr-Liquid-culture-packaging-_2_.jpg","datePublished":"2025-03-12T08:59:05+00:00","dateModified":"2025-08-22T09:54:34+00:00","description":"Commencez votre propre culture de champignons avec la seringue de culture liquide Makilla Gorilla. Rapide, efficace et riche en myc\u00e9lium actif pour une culture r\u00e9ussie.","breadcrumb":{"@id":"https:\/\/dutchmicrodosing.com\/fr\/magique-champignon-spores\/seringues-de-culture-liquide\/makilla-gorilla-liquid-culture-spuit\/#breadcrumb"},"inLanguage":"fr-FR","potentialAction":[{"@type":"ReadAction","target":["https:\/\/dutchmicrodosing.com\/fr\/magique-champignon-spores\/seringues-de-culture-liquide\/makilla-gorilla-liquid-culture-spuit\/"]}]},{"@type":"ImageObject","inLanguage":"fr-FR","@id":"https:\/\/dutchmicrodosing.com\/fr\/magique-champignon-spores\/seringues-de-culture-liquide\/makilla-gorilla-liquid-culture-spuit\/#primaryimage","url":"https:\/\/dutchmicrodosing.com\/wp-content\/uploads\/2024\/04\/Philosophr-Liquid-culture-packaging-_2_.jpg","contentUrl":"https:\/\/dutchmicrodosing.com\/wp-content\/uploads\/2024\/04\/Philosophr-Liquid-culture-packaging-_2_.jpg","width":1512,"height":1512},{"@type":"BreadcrumbList","@id":"https:\/\/dutchmicrodosing.com\/fr\/magique-champignon-spores\/seringues-de-culture-liquide\/makilla-gorilla-liquid-culture-spuit\/#breadcrumb","itemListElement":[{"@type":"ListItem","position":1,"name":"Home","item":"https:\/\/dutchmicrodosing.com\/fr\/"},{"@type":"ListItem","position":2,"name":"Boutique","item":"https:\/\/dutchmicrodosing.com\/fr\/boutique\/"},{"@type":"ListItem","position":3,"name":"Makilla &#8211; Seringue de culture liquide Gorilla"}]},{"@type":"WebSite","@id":"https:\/\/dutchmicrodosing.com\/fr\/#website","url":"https:\/\/dutchmicrodosing.com\/fr\/","name":"Dutchmicrodosing","description":"","publisher":{"@id":"https:\/\/dutchmicrodosing.com\/fr\/#organization"},"potentialAction":[{"@type":"SearchAction","target":{"@type":"EntryPoint","urlTemplate":"https:\/\/dutchmicrodosing.com\/fr\/?s={search_term_string}"},"query-input":{"@type":"PropertyValueSpecification","valueRequired":true,"valueName":"search_term_string"}}],"inLanguage":"fr-FR"},{"@type":"Organization","@id":"https:\/\/dutchmicrodosing.com\/fr\/#organization","name":"Dutchmicrodosing","url":"https:\/\/dutchmicrodosing.com\/fr\/","logo":{"@type":"ImageObject","inLanguage":"fr-FR","@id":"https:\/\/dutchmicrodosing.com\/fr\/#\/schema\/logo\/image\/","url":"https:\/\/dutchmicrodosing.com\/wp-content\/uploads\/2021\/01\/microdosing-categorie-pic-nieuw.jpg","contentUrl":"https:\/\/dutchmicrodosing.com\/wp-content\/uploads\/2021\/01\/microdosing-categorie-pic-nieuw.jpg","width":500,"height":500,"caption":"Dutchmicrodosing"},"image":{"@id":"https:\/\/dutchmicrodosing.com\/fr\/#\/schema\/logo\/image\/"},"sameAs":["https:\/\/www.facebook.com\/Dutchmicrodosingxp\/","https:\/\/www.instagram.com\/dutchmicrodosing\/"]}]},"product_price_amount":"18.95","product_price_currency":"EUR","og_availability":"instock","product_availability":"instock","product_retailer_item_id":"5203367","product_condition":"new"},"_links":{"self":[{"href":"https:\/\/dutchmicrodosing.com\/fr\/wp-json\/wp\/v2\/product\/46450","targetHints":{"allow":["GET"]}}],"collection":[{"href":"https:\/\/dutchmicrodosing.com\/fr\/wp-json\/wp\/v2\/product"}],"about":[{"href":"https:\/\/dutchmicrodosing.com\/fr\/wp-json\/wp\/v2\/types\/product"}],"replies":[{"embeddable":true,"href":"https:\/\/dutchmicrodosing.com\/fr\/wp-json\/wp\/v2\/comments?post=46450"}],"version-history":[{"count":0,"href":"https:\/\/dutchmicrodosing.com\/fr\/wp-json\/wp\/v2\/product\/46450\/revisions"}],"wp:featuredmedia":[{"embeddable":true,"href":"https:\/\/dutchmicrodosing.com\/fr\/wp-json\/wp\/v2\/media\/46283"}],"wp:attachment":[{"href":"https:\/\/dutchmicrodosing.com\/fr\/wp-json\/wp\/v2\/media?parent=46450"}],"wp:term":[{"taxonomy":"product_brand","embeddable":true,"href":"https:\/\/dutchmicrodosing.com\/fr\/wp-json\/wp\/v2\/product_brand?post=46450"},{"taxonomy":"product_cat","embeddable":true,"href":"https:\/\/dutchmicrodosing.com\/fr\/wp-json\/wp\/v2\/product_cat?post=46450"},{"taxonomy":"product_tag","embeddable":true,"href":"https:\/\/dutchmicrodosing.com\/fr\/wp-json\/wp\/v2\/product_tag?post=46450"}],"curies":[{"name":"wp","href":"https:\/\/api.w.org\/{rel}","templated":true}]}}