{"id":46588,"date":"2025-03-12T14:18:19","date_gmt":"2025-03-12T13:18:19","guid":{"rendered":"https:\/\/dutchmicrodosing.com\/?post_type=product&#038;p=46588"},"modified":"2026-03-04T22:34:05","modified_gmt":"2026-03-04T21:34:05","slug":"omni-mutant-liquid-culture-spuit","status":"publish","type":"product","link":"https:\/\/dutchmicrodosing.com\/fr\/magique-champignon-spores\/seringues-de-culture-liquide\/omni-mutant-liquid-culture-spuit\/","title":{"rendered":"Seringue pour culture liquide Omni (Mutant)"},"content":{"rendered":"<p>La <strong>seringue de culture liquide Omni (Mutant)<\/strong> contient une mutation rare et puissante de Psilocybe cubensis, sp\u00e9cialement d\u00e9velopp\u00e9e pour les chercheurs et les cultivateurs exp\u00e9riment\u00e9s \u00e0 la recherche de g\u00e9n\u00e9tiques uniques. Cette vari\u00e9t\u00e9 particuli\u00e8re, d\u00e9riv\u00e9e de l&rsquo;isolat Melmac OG, est connue pour sa tendance \u00e0 former des mutations de type blob et pour sa croissance impr\u00e9visible.<\/p>\n<p>La particularit\u00e9 de cette vari\u00e9t\u00e9 r\u00e9side dans la combinaison d&rsquo;une structure myc\u00e9lienne dense, d&rsquo;une colonisation agressive mais lente et d&rsquo;une puissance exceptionnelle. Bien que l&rsquo;origine exacte soit inconnue, cette vari\u00e9t\u00e9 pr\u00e9sente de fortes similitudes avec la g\u00e9n\u00e9tique de Penis Envy, ce qui se traduit par des fructifications robustes et un effet d&rsquo;une puissance impressionnante.<\/p>\n<h3>Puret\u00e9 g\u00e9n\u00e9tique :<\/h3>\n<p>Isol\u00e9s par des professionnels et pr\u00e9par\u00e9s dans des conditions st\u00e9riles afin de minimiser les risques de contamination. Une vari\u00e9t\u00e9 rare et visuellement frappante<\/p>\n<ul>\n<li><strong>Croissance impr\u00e9visible :<\/strong> pr\u00e9sente des fructifications variables, en mutation, avec des structures uniques.<\/li>\n<\/ul>\n<h3>Quel est le substrat sur lequel nous cultivons ?<\/h3>\n<p>Parfaitement adapt\u00e9 aux substrats c\u00e9r\u00e9aliers.<\/p>\n<h3>Utilisation<\/h3>\n<p>Inoculer votre substrat n&rsquo;a jamais \u00e9t\u00e9 aussi facile. Avec une simple injection de culture liquide Omni Mutant, vous pouvez observer le r\u00e9seau myc\u00e9lien se multiplier et transformer votre milieu de culture en une toile sur laquelle les champignons peuvent s&rsquo;\u00e9panouir.<\/p>\n<ol>\n<li><strong>St\u00e9rilisation<\/strong>: St\u00e9rilisez le m\u00e9lange de substrat afin de tuer les bact\u00e9ries et les champignons nuisibles qui pourraient entraver la croissance des champignons. Cela peut se faire en chauffant le m\u00e9lange de substrats dans un autoclave ou en le pasteurisant \u00e0 la vapeur.<\/li>\n<li><strong>Inoculation du<\/strong> substrat : commencez par pr\u00e9parer le substrat, tel que la vermiculite et la farine de riz brun, comme d\u00e9crit pr\u00e9c\u00e9demment. Veillez \u00e0 ce que le substrat soit humide, mais pas d\u00e9tremp\u00e9. Ensuite, prenez la seringue contenant les spores d&rsquo;Omni Mutant.<\/li>\n<li><strong>Processus d&rsquo;inoculation<\/strong>: agitez bien la seringue \u00e0 spores avec les spores de champignons pour vous assurer que les spores sont r\u00e9parties uniform\u00e9ment. Utilisez ensuite la seringue pour r\u00e9partir uniform\u00e9ment les spores sur le substrat. Cela peut se faire en appliquant de petites quantit\u00e9s de spores \u00e0 diff\u00e9rents endroits du substrat.<\/li>\n<li><strong>Incubation<\/strong>: Une fois que le substrat a \u00e9t\u00e9 ensemenc\u00e9 avec les spores de champignons, il est temps de l&rsquo;incuber. Placez le substrat dans une pi\u00e8ce sombre et chaude, \u00e0 une temp\u00e9rature constante comprise entre 20 et 25 \u00b0C. Cela favorise la colonisation du substrat par les spores du champignon.<\/li>\n<li><strong>Croissance et r\u00e9colte<\/strong>: Apr\u00e8s quelques semaines, les spores des champignons devraient commencer \u00e0 se coloniser et \u00e0 se d\u00e9velopper en champignons. V\u00e9rifiez r\u00e9guli\u00e8rement l&rsquo;humidit\u00e9 du substrat et tout signe de contamination. Une fois que les champignons sont compl\u00e8tement d\u00e9velopp\u00e9s, ils peuvent \u00eatre r\u00e9colt\u00e9s pour la consommation.<\/li>\n<\/ol>\n<h3>Contenu<\/h3>\n<ul>\n<li>Seringue de 10 ml avec la culture liquide Omni Mutant.<\/li>\n<li>1x aiguille st\u00e9rile 18G pour une application pr\u00e9cise.<\/li>\n<li>1x pr\u00e9paration \u00e0 l&rsquo;alcool pour des conditions de travail st\u00e9riles<\/li>\n<\/ul>\n<h3>Conseils de stockage<\/h3>\n<ul>\n<li>Utiliser la culture liquide dans les 2 mois.<\/li>\n<li>Conservez-la au r\u00e9frig\u00e9rateur ou dans un autre endroit frais et sombre.<\/li>\n<li>\u00c9viter l&rsquo;exposition \u00e0 la lumi\u00e8re UV.<\/li>\n<li>Hors de port\u00e9e des enfants.<\/li>\n<\/ul>\n","protected":false},"excerpt":{"rendered":"<p>La seringue de culture liquide Omni (Mutant) contient une mutation rare et puissante de Psilocybe cubensis, sp\u00e9cialement d\u00e9velopp\u00e9e pour les chercheurs et les cultivateurs exp\u00e9riment\u00e9s \u00e0 la recherche de g\u00e9n\u00e9tiques uniques. Cette vari\u00e9t\u00e9 particuli\u00e8re, d\u00e9riv\u00e9e de l&rsquo;isolat Melmac OG, est connue pour sa tendance \u00e0 former des mutations de type blob et pour sa croissance [&hellip;]<\/p>\n","protected":false},"featured_media":46260,"comment_status":"closed","ping_status":"closed","template":"","meta":[],"product_brand":[],"product_cat":[358],"product_tag":[],"class_list":{"0":"post-46588","1":"product","2":"type-product","3":"status-publish","4":"has-post-thumbnail","6":"product_cat-seringues-de-culture-liquide","8":"first","9":"instock","10":"taxable","11":"shipping-taxable","12":"purchasable","13":"product-type-simple"},"yoast_head":"<!-- This site is optimized with the Yoast SEO Premium plugin v26.4 (Yoast SEO v27.2) - https:\/\/yoast.com\/product\/yoast-seo-premium-wordpress\/ -->\n<title>Seringue pour culture liquide Omni (Mutant) - Dutchmicrodosing<\/title>\n<meta name=\"description\" content=\"Commencez votre propre culture avec la seringue de culture liquide Omni (Mutant). Myc\u00e9lium pr\u00eat \u00e0 l&#039;emploi pour une culture de champignons unique et puissante.\" \/>\n<meta name=\"robots\" content=\"index, follow, max-snippet:-1, max-image-preview:large, max-video-preview:-1\" \/>\n<link rel=\"canonical\" href=\"https:\/\/dutchmicrodosing.com\/fr\/magique-champignon-spores\/seringues-de-culture-liquide\/omni-mutant-liquid-culture-spuit\/\" \/>\n<meta property=\"og:locale\" content=\"fr_FR\" \/>\n<meta property=\"og:type\" content=\"article\" \/>\n<meta property=\"og:title\" content=\"Seringue pour culture liquide Omni (Mutant)\" \/>\n<meta property=\"og:description\" content=\"La seringue de culture liquide Omni (Mutant) contient une mutation rare et puissante de Psilocybe cubensis, sp\u00e9cialement d\u00e9velopp\u00e9e pour les chercheurs et\" \/>\n<meta property=\"og:url\" content=\"https:\/\/dutchmicrodosing.com\/fr\/magique-champignon-spores\/seringues-de-culture-liquide\/omni-mutant-liquid-culture-spuit\/\" \/>\n<meta property=\"og:site_name\" content=\"Dutchmicrodosing\" \/>\n<meta property=\"article:publisher\" content=\"https:\/\/www.facebook.com\/Dutchmicrodosingxp\/\" \/>\n<meta property=\"article:modified_time\" content=\"2026-03-04T21:34:05+00:00\" \/>\n<meta property=\"og:image\" content=\"https:\/\/dutchmicrodosing.com\/wp-content\/uploads\/2025\/01\/Philosophr-Liquid-culture-packaging-_2_.jpg\" \/>\n\t<meta property=\"og:image:width\" content=\"1512\" \/>\n\t<meta property=\"og:image:height\" content=\"1512\" \/>\n\t<meta property=\"og:image:type\" content=\"image\/jpeg\" \/>\n<meta name=\"twitter:card\" content=\"summary_large_image\" \/>\n<script type=\"application\/ld+json\" class=\"yoast-schema-graph\">{\"@context\":\"https:\/\/schema.org\",\"@graph\":[{\"@type\":\"WebPage\",\"@id\":\"https:\/\/dutchmicrodosing.com\/fr\/magique-champignon-spores\/seringues-de-culture-liquide\/omni-mutant-liquid-culture-spuit\/\",\"url\":\"https:\/\/dutchmicrodosing.com\/fr\/magique-champignon-spores\/seringues-de-culture-liquide\/omni-mutant-liquid-culture-spuit\/\",\"name\":\"Seringue pour culture liquide Omni (Mutant) - Dutchmicrodosing\",\"isPartOf\":{\"@id\":\"https:\/\/dutchmicrodosing.com\/fr\/#website\"},\"primaryImageOfPage\":{\"@id\":\"https:\/\/dutchmicrodosing.com\/fr\/magique-champignon-spores\/seringues-de-culture-liquide\/omni-mutant-liquid-culture-spuit\/#primaryimage\"},\"image\":{\"@id\":\"https:\/\/dutchmicrodosing.com\/fr\/magique-champignon-spores\/seringues-de-culture-liquide\/omni-mutant-liquid-culture-spuit\/#primaryimage\"},\"thumbnailUrl\":\"https:\/\/dutchmicrodosing.com\/wp-content\/uploads\/2025\/01\/Philosophr-Liquid-culture-packaging-_2_.jpg\",\"datePublished\":\"2025-03-12T13:18:19+00:00\",\"dateModified\":\"2026-03-04T21:34:05+00:00\",\"description\":\"Commencez votre propre culture avec la seringue de culture liquide Omni (Mutant). Myc\u00e9lium pr\u00eat \u00e0 l'emploi pour une culture de champignons unique et puissante.\",\"breadcrumb\":{\"@id\":\"https:\/\/dutchmicrodosing.com\/fr\/magique-champignon-spores\/seringues-de-culture-liquide\/omni-mutant-liquid-culture-spuit\/#breadcrumb\"},\"inLanguage\":\"fr-FR\",\"potentialAction\":[{\"@type\":\"ReadAction\",\"target\":[\"https:\/\/dutchmicrodosing.com\/fr\/magique-champignon-spores\/seringues-de-culture-liquide\/omni-mutant-liquid-culture-spuit\/\"]}]},{\"@type\":\"ImageObject\",\"inLanguage\":\"fr-FR\",\"@id\":\"https:\/\/dutchmicrodosing.com\/fr\/magique-champignon-spores\/seringues-de-culture-liquide\/omni-mutant-liquid-culture-spuit\/#primaryimage\",\"url\":\"https:\/\/dutchmicrodosing.com\/wp-content\/uploads\/2025\/01\/Philosophr-Liquid-culture-packaging-_2_.jpg\",\"contentUrl\":\"https:\/\/dutchmicrodosing.com\/wp-content\/uploads\/2025\/01\/Philosophr-Liquid-culture-packaging-_2_.jpg\",\"width\":1512,\"height\":1512},{\"@type\":\"BreadcrumbList\",\"@id\":\"https:\/\/dutchmicrodosing.com\/fr\/magique-champignon-spores\/seringues-de-culture-liquide\/omni-mutant-liquid-culture-spuit\/#breadcrumb\",\"itemListElement\":[{\"@type\":\"ListItem\",\"position\":1,\"name\":\"Home\",\"item\":\"https:\/\/dutchmicrodosing.com\/fr\/\"},{\"@type\":\"ListItem\",\"position\":2,\"name\":\"Boutique\",\"item\":\"https:\/\/dutchmicrodosing.com\/fr\/boutique\/\"},{\"@type\":\"ListItem\",\"position\":3,\"name\":\"Seringue pour culture liquide Omni (Mutant)\"}]},{\"@type\":\"WebSite\",\"@id\":\"https:\/\/dutchmicrodosing.com\/fr\/#website\",\"url\":\"https:\/\/dutchmicrodosing.com\/fr\/\",\"name\":\"Dutchmicrodosing\",\"description\":\"\",\"publisher\":{\"@id\":\"https:\/\/dutchmicrodosing.com\/fr\/#organization\"},\"potentialAction\":[{\"@type\":\"SearchAction\",\"target\":{\"@type\":\"EntryPoint\",\"urlTemplate\":\"https:\/\/dutchmicrodosing.com\/fr\/?s={search_term_string}\"},\"query-input\":{\"@type\":\"PropertyValueSpecification\",\"valueRequired\":true,\"valueName\":\"search_term_string\"}}],\"inLanguage\":\"fr-FR\"},{\"@type\":\"Organization\",\"@id\":\"https:\/\/dutchmicrodosing.com\/fr\/#organization\",\"name\":\"Dutchmicrodosing\",\"url\":\"https:\/\/dutchmicrodosing.com\/fr\/\",\"logo\":{\"@type\":\"ImageObject\",\"inLanguage\":\"fr-FR\",\"@id\":\"https:\/\/dutchmicrodosing.com\/fr\/#\/schema\/logo\/image\/\",\"url\":\"https:\/\/dutchmicrodosing.com\/wp-content\/uploads\/2021\/01\/microdosing-categorie-pic-nieuw.jpg\",\"contentUrl\":\"https:\/\/dutchmicrodosing.com\/wp-content\/uploads\/2021\/01\/microdosing-categorie-pic-nieuw.jpg\",\"width\":500,\"height\":500,\"caption\":\"Dutchmicrodosing\"},\"image\":{\"@id\":\"https:\/\/dutchmicrodosing.com\/fr\/#\/schema\/logo\/image\/\"},\"sameAs\":[\"https:\/\/www.facebook.com\/Dutchmicrodosingxp\/\",\"https:\/\/www.instagram.com\/dutchmicrodosing\/\"]}]}<\/script>\n<meta property=\"product:price:amount\" content=\"18.95\" \/>\n<meta property=\"product:price:currency\" content=\"EUR\" \/>\n<meta property=\"og:availability\" content=\"instock\" \/>\n<meta property=\"product:availability\" content=\"instock\" \/>\n<meta property=\"product:retailer_item_id\" content=\"5203377\" \/>\n<meta property=\"product:condition\" content=\"new\" \/>\n<!-- \/ Yoast SEO Premium plugin. -->","yoast_head_json":{"title":"Seringue pour culture liquide Omni (Mutant) - Dutchmicrodosing","description":"Commencez votre propre culture avec la seringue de culture liquide Omni (Mutant). Myc\u00e9lium pr\u00eat \u00e0 l'emploi pour une culture de champignons unique et puissante.","robots":{"index":"index","follow":"follow","max-snippet":"max-snippet:-1","max-image-preview":"max-image-preview:large","max-video-preview":"max-video-preview:-1"},"canonical":"https:\/\/dutchmicrodosing.com\/fr\/magique-champignon-spores\/seringues-de-culture-liquide\/omni-mutant-liquid-culture-spuit\/","og_locale":"fr_FR","og_type":"article","og_title":"Seringue pour culture liquide Omni (Mutant)","og_description":"La seringue de culture liquide Omni (Mutant) contient une mutation rare et puissante de Psilocybe cubensis, sp\u00e9cialement d\u00e9velopp\u00e9e pour les chercheurs et","og_url":"https:\/\/dutchmicrodosing.com\/fr\/magique-champignon-spores\/seringues-de-culture-liquide\/omni-mutant-liquid-culture-spuit\/","og_site_name":"Dutchmicrodosing","article_publisher":"https:\/\/www.facebook.com\/Dutchmicrodosingxp\/","article_modified_time":"2026-03-04T21:34:05+00:00","og_image":[{"width":1512,"height":1512,"url":"https:\/\/dutchmicrodosing.com\/wp-content\/uploads\/2025\/01\/Philosophr-Liquid-culture-packaging-_2_.jpg","type":"image\/jpeg"}],"twitter_card":"summary_large_image","schema":{"@context":"https:\/\/schema.org","@graph":[{"@type":"WebPage","@id":"https:\/\/dutchmicrodosing.com\/fr\/magique-champignon-spores\/seringues-de-culture-liquide\/omni-mutant-liquid-culture-spuit\/","url":"https:\/\/dutchmicrodosing.com\/fr\/magique-champignon-spores\/seringues-de-culture-liquide\/omni-mutant-liquid-culture-spuit\/","name":"Seringue pour culture liquide Omni (Mutant) - Dutchmicrodosing","isPartOf":{"@id":"https:\/\/dutchmicrodosing.com\/fr\/#website"},"primaryImageOfPage":{"@id":"https:\/\/dutchmicrodosing.com\/fr\/magique-champignon-spores\/seringues-de-culture-liquide\/omni-mutant-liquid-culture-spuit\/#primaryimage"},"image":{"@id":"https:\/\/dutchmicrodosing.com\/fr\/magique-champignon-spores\/seringues-de-culture-liquide\/omni-mutant-liquid-culture-spuit\/#primaryimage"},"thumbnailUrl":"https:\/\/dutchmicrodosing.com\/wp-content\/uploads\/2025\/01\/Philosophr-Liquid-culture-packaging-_2_.jpg","datePublished":"2025-03-12T13:18:19+00:00","dateModified":"2026-03-04T21:34:05+00:00","description":"Commencez votre propre culture avec la seringue de culture liquide Omni (Mutant). Myc\u00e9lium pr\u00eat \u00e0 l'emploi pour une culture de champignons unique et puissante.","breadcrumb":{"@id":"https:\/\/dutchmicrodosing.com\/fr\/magique-champignon-spores\/seringues-de-culture-liquide\/omni-mutant-liquid-culture-spuit\/#breadcrumb"},"inLanguage":"fr-FR","potentialAction":[{"@type":"ReadAction","target":["https:\/\/dutchmicrodosing.com\/fr\/magique-champignon-spores\/seringues-de-culture-liquide\/omni-mutant-liquid-culture-spuit\/"]}]},{"@type":"ImageObject","inLanguage":"fr-FR","@id":"https:\/\/dutchmicrodosing.com\/fr\/magique-champignon-spores\/seringues-de-culture-liquide\/omni-mutant-liquid-culture-spuit\/#primaryimage","url":"https:\/\/dutchmicrodosing.com\/wp-content\/uploads\/2025\/01\/Philosophr-Liquid-culture-packaging-_2_.jpg","contentUrl":"https:\/\/dutchmicrodosing.com\/wp-content\/uploads\/2025\/01\/Philosophr-Liquid-culture-packaging-_2_.jpg","width":1512,"height":1512},{"@type":"BreadcrumbList","@id":"https:\/\/dutchmicrodosing.com\/fr\/magique-champignon-spores\/seringues-de-culture-liquide\/omni-mutant-liquid-culture-spuit\/#breadcrumb","itemListElement":[{"@type":"ListItem","position":1,"name":"Home","item":"https:\/\/dutchmicrodosing.com\/fr\/"},{"@type":"ListItem","position":2,"name":"Boutique","item":"https:\/\/dutchmicrodosing.com\/fr\/boutique\/"},{"@type":"ListItem","position":3,"name":"Seringue pour culture liquide Omni (Mutant)"}]},{"@type":"WebSite","@id":"https:\/\/dutchmicrodosing.com\/fr\/#website","url":"https:\/\/dutchmicrodosing.com\/fr\/","name":"Dutchmicrodosing","description":"","publisher":{"@id":"https:\/\/dutchmicrodosing.com\/fr\/#organization"},"potentialAction":[{"@type":"SearchAction","target":{"@type":"EntryPoint","urlTemplate":"https:\/\/dutchmicrodosing.com\/fr\/?s={search_term_string}"},"query-input":{"@type":"PropertyValueSpecification","valueRequired":true,"valueName":"search_term_string"}}],"inLanguage":"fr-FR"},{"@type":"Organization","@id":"https:\/\/dutchmicrodosing.com\/fr\/#organization","name":"Dutchmicrodosing","url":"https:\/\/dutchmicrodosing.com\/fr\/","logo":{"@type":"ImageObject","inLanguage":"fr-FR","@id":"https:\/\/dutchmicrodosing.com\/fr\/#\/schema\/logo\/image\/","url":"https:\/\/dutchmicrodosing.com\/wp-content\/uploads\/2021\/01\/microdosing-categorie-pic-nieuw.jpg","contentUrl":"https:\/\/dutchmicrodosing.com\/wp-content\/uploads\/2021\/01\/microdosing-categorie-pic-nieuw.jpg","width":500,"height":500,"caption":"Dutchmicrodosing"},"image":{"@id":"https:\/\/dutchmicrodosing.com\/fr\/#\/schema\/logo\/image\/"},"sameAs":["https:\/\/www.facebook.com\/Dutchmicrodosingxp\/","https:\/\/www.instagram.com\/dutchmicrodosing\/"]}]},"product_price_amount":"18.95","product_price_currency":"EUR","og_availability":"instock","product_availability":"instock","product_retailer_item_id":"5203377","product_condition":"new"},"_links":{"self":[{"href":"https:\/\/dutchmicrodosing.com\/fr\/wp-json\/wp\/v2\/product\/46588","targetHints":{"allow":["GET"]}}],"collection":[{"href":"https:\/\/dutchmicrodosing.com\/fr\/wp-json\/wp\/v2\/product"}],"about":[{"href":"https:\/\/dutchmicrodosing.com\/fr\/wp-json\/wp\/v2\/types\/product"}],"replies":[{"embeddable":true,"href":"https:\/\/dutchmicrodosing.com\/fr\/wp-json\/wp\/v2\/comments?post=46588"}],"version-history":[{"count":0,"href":"https:\/\/dutchmicrodosing.com\/fr\/wp-json\/wp\/v2\/product\/46588\/revisions"}],"wp:featuredmedia":[{"embeddable":true,"href":"https:\/\/dutchmicrodosing.com\/fr\/wp-json\/wp\/v2\/media\/46260"}],"wp:attachment":[{"href":"https:\/\/dutchmicrodosing.com\/fr\/wp-json\/wp\/v2\/media?parent=46588"}],"wp:term":[{"taxonomy":"product_brand","embeddable":true,"href":"https:\/\/dutchmicrodosing.com\/fr\/wp-json\/wp\/v2\/product_brand?post=46588"},{"taxonomy":"product_cat","embeddable":true,"href":"https:\/\/dutchmicrodosing.com\/fr\/wp-json\/wp\/v2\/product_cat?post=46588"},{"taxonomy":"product_tag","embeddable":true,"href":"https:\/\/dutchmicrodosing.com\/fr\/wp-json\/wp\/v2\/product_tag?post=46588"}],"curies":[{"name":"wp","href":"https:\/\/api.w.org\/{rel}","templated":true}]}}