{"id":46589,"date":"2025-03-12T14:43:25","date_gmt":"2025-03-12T13:43:25","guid":{"rendered":"https:\/\/dutchmicrodosing.com\/?post_type=product&#038;p=46589"},"modified":"2025-08-19T01:04:17","modified_gmt":"2025-08-18T23:04:17","slug":"panaeolus-cyanescens-jamaica-liquid-culture-spuit","status":"publish","type":"product","link":"https:\/\/dutchmicrodosing.com\/fr\/magique-champignon-spores\/seringues-de-culture-liquide\/panaeolus-cyanescens-jamaica-liquid-culture-spuit\/","title":{"rendered":"Seringue de culture liquide de Panaeolus Cyanescens (Jama\u00efque)"},"content":{"rendered":"<p>La <strong>seringue de culture liquide Panaeolus cyanescens \u00ab\u00a0Jamaica\u00a0\u00bb<\/strong> est une esp\u00e8ce de champignon tropical \u00e9galement connue sous le nom de Copelandia cyanescens. Connue pour ses effets tr\u00e8s puissants, cette vari\u00e9t\u00e9 n\u00e9cessite des conditions de culture sp\u00e9cifiques. Comme il a des exigences diff\u00e9rentes de celles du Psilocybe cubensis habituel, il convient particuli\u00e8rement aux cultivateurs exp\u00e9riment\u00e9s. Cette vari\u00e9t\u00e9 de Jama\u00efque, souvent appel\u00e9e \u00ab\u00a0Blue Meanies\u00a0\u00bb, devient intens\u00e9ment bleue lorsqu&rsquo;on la touche. Cela est d\u00fb \u00e0 sa forte concentration en psilocybine et en psilocine, ce qui en fait l&rsquo;une des vari\u00e9t\u00e9s les plus puissantes de sa famille.<\/p>\n<h3>Puret\u00e9 g\u00e9n\u00e9tique :<\/h3>\n<p>Isol\u00e9s par des professionnels et pr\u00e9par\u00e9s dans des conditions st\u00e9riles afin de minimiser les risques de contamination. Une vari\u00e9t\u00e9 rare et visuellement frappante<\/p>\n<h3>Quel est le substrat sur lequel nous cultivons ?<\/h3>\n<p>Convient aux substrats \u00e0 base de fumier.<\/p>\n<h3>Utilisation<\/h3>\n<p>Inoculer votre substrat n&rsquo;a jamais \u00e9t\u00e9 aussi facile. Avec une simple injection de culture liquide Panaeolus cyanescens \u00ab\u00a0Jamaica\u00a0\u00bb, vous pouvez observer le r\u00e9seau myc\u00e9lien se multiplier et transformer votre milieu de culture en une toile sur laquelle les champignons peuvent s&rsquo;\u00e9panouir.<\/p>\n<ol>\n<li><strong>St\u00e9rilisation ou pasteurisation<\/strong><br \/>\nPour r\u00e9ussir la culture de Panaeolus cyanescens \u00ab\u00a0Jamaica\u00a0\u00bb Liquid Culture, il est essentiel de disposer d&rsquo;un substrat propre et riche en nutriments. Comme cette esp\u00e8ce se d\u00e9veloppe principalement sur le fumier, il est important de st\u00e9riliser ou de pasteuriser le substrat pour \u00e9liminer les bact\u00e9ries et les champignons ind\u00e9sirables.<\/p>\n<p>Pasteurisation (recommand\u00e9e) : Chauffez le substrat (par exemple du fumier de cheval ou de vache m\u00e9lang\u00e9 \u00e0 de la paille) \u00e0 60-70\u00b0C pendant 1 \u00e0 2 heures \u00e0 l&rsquo;aide de vapeur ou d&rsquo;un bain d&rsquo;eau chaude.<br \/>\nSt\u00e9rilisation<strong>:<\/strong> Utilisez un autoclave ou un autocuiseur pour st\u00e9riliser compl\u00e8tement le substrat, surtout si vous utilisez des substrats c\u00e9r\u00e9aliers.<\/li>\n<li><strong>Inoculation du substrat<\/strong><br \/>\nApr\u00e8s la pasteurisation, laissez le substrat refroidir \u00e0 temp\u00e9rature ambiante. Ensuite, vous pouvez utiliser la culture liquide Panaeolus cyanescens \u00ab\u00a0Jamaica\u00a0\u00bb pour inoculer le substrat. Utilisez une seringue st\u00e9rile pour r\u00e9partir uniform\u00e9ment la culture liquide sur le substrat \u00e0 base de fumier. Travailler dans un environnement propre et st\u00e9rile afin d&rsquo;\u00e9viter toute contamination.<\/li>\n<li><strong>Incubation &#8211; Colonisation du myc\u00e9lium<\/strong><br \/>\nMaintenant que le substrat a \u00e9t\u00e9 inocul\u00e9, le myc\u00e9lium a besoin de temps pour se disperser et coloniser compl\u00e8tement le substrat. Placez le substrat dans une pi\u00e8ce sombre et chaude dont la temp\u00e9rature est comprise entre 24 et 26\u00b0C. Dans les 10 \u00e0 14 jours, le myc\u00e9lium devrait devenir visible. Maintenez le substrat l\u00e9g\u00e8rement humide, mais \u00e9vitez de trop l&rsquo;arroser.<\/li>\n<li><strong>Fructification &#8211; Conditions optimales de culture<\/strong><br \/>\nLorsque le substrat est enti\u00e8rement colonis\u00e9, placez-le dans un environnement pr\u00e9sentant des conditions favorables \u00e0 la croissance des champignons:Humidit\u00e9:Maintenez un taux d&rsquo;humidit\u00e9 \u00e9lev\u00e9 (90-95%) en le brumisant r\u00e9guli\u00e8rement et en assurant une ventilation ad\u00e9quate.<br \/>\nTemp\u00e9rature : Maintenez une temp\u00e9rature stable entre 22 et 26\u00b0C.<br \/>\nEclairage : Bien que le Panaeolus cyanescens n&rsquo;ait pas besoin d&rsquo;une lumi\u00e8re intense, la lumi\u00e8re indirecte du jour ou une faible lumi\u00e8re de croissance stimule la formation des champignons.<\/li>\n<li><strong>R\u00e9colte &#8211; Quand les champignons sont-ils pr\u00eats ?<\/strong><br \/>\nApr\u00e8s 2 \u00e0 4 semaines, les champignons commencent \u00e0 se former. Panaeolus cyanescens \u00ab\u00a0Jamaica\u00a0\u00bb est connu pour ses fructifications petites mais vigoureuses avec une tige fine et un chapeau fris\u00e9.<\/li>\n<\/ol>\n<h3>Contenu<\/h3>\n<ul>\n<li>Seringue de 10 ml avec culture liquide de Panaeolus cyanescens \u00ab\u00a0Jamaica\u00a0\u00bb.<\/li>\n<li>1x aiguille st\u00e9rile 18G pour une application pr\u00e9cise.<\/li>\n<li>1x pr\u00e9paration \u00e0 l&rsquo;alcool pour des conditions de travail st\u00e9riles.<\/li>\n<\/ul>\n<h3>Conseils de stockage<\/h3>\n<ul>\n<li>Utiliser la culture liquide dans les 2 mois.<\/li>\n<li>Conservez-la au r\u00e9frig\u00e9rateur ou dans un autre endroit frais et sombre.<\/li>\n<li>\u00c9viter l&rsquo;exposition \u00e0 la lumi\u00e8re UV.<\/li>\n<li>Hors de port\u00e9e des enfants.<\/li>\n<\/ul>\n","protected":false},"excerpt":{"rendered":"<p>La seringue de culture liquide Panaeolus cyanescens \u00ab\u00a0Jamaica\u00a0\u00bb est une esp\u00e8ce de champignon tropical \u00e9galement connue sous le nom de Copelandia cyanescens. Connue pour ses effets tr\u00e8s puissants, cette vari\u00e9t\u00e9 n\u00e9cessite des conditions de culture sp\u00e9cifiques. Comme il a des exigences diff\u00e9rentes de celles du Psilocybe cubensis habituel, il convient particuli\u00e8rement aux cultivateurs exp\u00e9riment\u00e9s. Cette [&hellip;]<\/p>\n","protected":false},"featured_media":46266,"comment_status":"closed","ping_status":"closed","template":"","meta":[],"product_brand":[],"product_cat":[358],"product_tag":[],"class_list":{"0":"post-46589","1":"product","2":"type-product","3":"status-publish","4":"has-post-thumbnail","6":"product_cat-seringues-de-culture-liquide","8":"first","9":"instock","10":"taxable","11":"shipping-taxable","12":"purchasable","13":"product-type-simple"},"yoast_head":"<!-- This site is optimized with the Yoast SEO Premium plugin v26.4 (Yoast SEO v27.2) - https:\/\/yoast.com\/product\/yoast-seo-premium-wordpress\/ -->\n<title>Seringue de culture liquide de Panaeolus Cyanescens (Jama\u00efque) - Dutchmicrodosing<\/title>\n<meta name=\"description\" content=\"Commencez avec la seringue de culture liquide Panaeolus Cyanescens (Jama\u00efque). Parfait pour les cultivateurs avanc\u00e9s qui veulent exp\u00e9rimenter eux-m\u00eames les puissantes .....\" \/>\n<meta name=\"robots\" content=\"index, follow, max-snippet:-1, max-image-preview:large, max-video-preview:-1\" \/>\n<link rel=\"canonical\" href=\"https:\/\/dutchmicrodosing.com\/fr\/magique-champignon-spores\/seringues-de-culture-liquide\/panaeolus-cyanescens-jamaica-liquid-culture-spuit\/\" \/>\n<meta property=\"og:locale\" content=\"fr_FR\" \/>\n<meta property=\"og:type\" content=\"article\" \/>\n<meta property=\"og:title\" content=\"Seringue de culture liquide de Panaeolus Cyanescens (Jama\u00efque)\" \/>\n<meta property=\"og:description\" content=\"La seringue de culture liquide Panaeolus cyanescens &quot;Jamaica&quot; est une esp\u00e8ce de champignon tropical \u00e9galement connue sous le nom de Copelandia cyanescens.\" \/>\n<meta property=\"og:url\" content=\"https:\/\/dutchmicrodosing.com\/fr\/magique-champignon-spores\/seringues-de-culture-liquide\/panaeolus-cyanescens-jamaica-liquid-culture-spuit\/\" \/>\n<meta property=\"og:site_name\" content=\"Dutchmicrodosing\" \/>\n<meta property=\"article:publisher\" content=\"https:\/\/www.facebook.com\/Dutchmicrodosingxp\/\" \/>\n<meta property=\"article:modified_time\" content=\"2025-08-18T23:04:17+00:00\" \/>\n<meta property=\"og:image\" content=\"https:\/\/dutchmicrodosing.com\/wp-content\/uploads\/2025\/01\/Philosophr-Liquid-culture-packaging-_2_-1.jpg\" \/>\n\t<meta property=\"og:image:width\" content=\"1512\" \/>\n\t<meta property=\"og:image:height\" content=\"1512\" \/>\n\t<meta property=\"og:image:type\" content=\"image\/jpeg\" \/>\n<meta name=\"twitter:card\" content=\"summary_large_image\" \/>\n<script type=\"application\/ld+json\" class=\"yoast-schema-graph\">{\"@context\":\"https:\/\/schema.org\",\"@graph\":[{\"@type\":\"WebPage\",\"@id\":\"https:\/\/dutchmicrodosing.com\/fr\/magique-champignon-spores\/seringues-de-culture-liquide\/panaeolus-cyanescens-jamaica-liquid-culture-spuit\/\",\"url\":\"https:\/\/dutchmicrodosing.com\/fr\/magique-champignon-spores\/seringues-de-culture-liquide\/panaeolus-cyanescens-jamaica-liquid-culture-spuit\/\",\"name\":\"Seringue de culture liquide de Panaeolus Cyanescens (Jama\u00efque) - Dutchmicrodosing\",\"isPartOf\":{\"@id\":\"https:\/\/dutchmicrodosing.com\/fr\/#website\"},\"primaryImageOfPage\":{\"@id\":\"https:\/\/dutchmicrodosing.com\/fr\/magique-champignon-spores\/seringues-de-culture-liquide\/panaeolus-cyanescens-jamaica-liquid-culture-spuit\/#primaryimage\"},\"image\":{\"@id\":\"https:\/\/dutchmicrodosing.com\/fr\/magique-champignon-spores\/seringues-de-culture-liquide\/panaeolus-cyanescens-jamaica-liquid-culture-spuit\/#primaryimage\"},\"thumbnailUrl\":\"https:\/\/dutchmicrodosing.com\/wp-content\/uploads\/2025\/01\/Philosophr-Liquid-culture-packaging-_2_-1.jpg\",\"datePublished\":\"2025-03-12T13:43:25+00:00\",\"dateModified\":\"2025-08-18T23:04:17+00:00\",\"description\":\"Commencez avec la seringue de culture liquide Panaeolus Cyanescens (Jama\u00efque). Parfait pour les cultivateurs avanc\u00e9s qui veulent exp\u00e9rimenter eux-m\u00eames les puissantes .....\",\"breadcrumb\":{\"@id\":\"https:\/\/dutchmicrodosing.com\/fr\/magique-champignon-spores\/seringues-de-culture-liquide\/panaeolus-cyanescens-jamaica-liquid-culture-spuit\/#breadcrumb\"},\"inLanguage\":\"fr-FR\",\"potentialAction\":[{\"@type\":\"ReadAction\",\"target\":[\"https:\/\/dutchmicrodosing.com\/fr\/magique-champignon-spores\/seringues-de-culture-liquide\/panaeolus-cyanescens-jamaica-liquid-culture-spuit\/\"]}]},{\"@type\":\"ImageObject\",\"inLanguage\":\"fr-FR\",\"@id\":\"https:\/\/dutchmicrodosing.com\/fr\/magique-champignon-spores\/seringues-de-culture-liquide\/panaeolus-cyanescens-jamaica-liquid-culture-spuit\/#primaryimage\",\"url\":\"https:\/\/dutchmicrodosing.com\/wp-content\/uploads\/2025\/01\/Philosophr-Liquid-culture-packaging-_2_-1.jpg\",\"contentUrl\":\"https:\/\/dutchmicrodosing.com\/wp-content\/uploads\/2025\/01\/Philosophr-Liquid-culture-packaging-_2_-1.jpg\",\"width\":1512,\"height\":1512},{\"@type\":\"BreadcrumbList\",\"@id\":\"https:\/\/dutchmicrodosing.com\/fr\/magique-champignon-spores\/seringues-de-culture-liquide\/panaeolus-cyanescens-jamaica-liquid-culture-spuit\/#breadcrumb\",\"itemListElement\":[{\"@type\":\"ListItem\",\"position\":1,\"name\":\"Home\",\"item\":\"https:\/\/dutchmicrodosing.com\/fr\/\"},{\"@type\":\"ListItem\",\"position\":2,\"name\":\"Boutique\",\"item\":\"https:\/\/dutchmicrodosing.com\/fr\/boutique\/\"},{\"@type\":\"ListItem\",\"position\":3,\"name\":\"Seringue de culture liquide de Panaeolus Cyanescens (Jama\u00efque)\"}]},{\"@type\":\"WebSite\",\"@id\":\"https:\/\/dutchmicrodosing.com\/fr\/#website\",\"url\":\"https:\/\/dutchmicrodosing.com\/fr\/\",\"name\":\"Dutchmicrodosing\",\"description\":\"\",\"publisher\":{\"@id\":\"https:\/\/dutchmicrodosing.com\/fr\/#organization\"},\"potentialAction\":[{\"@type\":\"SearchAction\",\"target\":{\"@type\":\"EntryPoint\",\"urlTemplate\":\"https:\/\/dutchmicrodosing.com\/fr\/?s={search_term_string}\"},\"query-input\":{\"@type\":\"PropertyValueSpecification\",\"valueRequired\":true,\"valueName\":\"search_term_string\"}}],\"inLanguage\":\"fr-FR\"},{\"@type\":\"Organization\",\"@id\":\"https:\/\/dutchmicrodosing.com\/fr\/#organization\",\"name\":\"Dutchmicrodosing\",\"url\":\"https:\/\/dutchmicrodosing.com\/fr\/\",\"logo\":{\"@type\":\"ImageObject\",\"inLanguage\":\"fr-FR\",\"@id\":\"https:\/\/dutchmicrodosing.com\/fr\/#\/schema\/logo\/image\/\",\"url\":\"https:\/\/dutchmicrodosing.com\/wp-content\/uploads\/2021\/01\/microdosing-categorie-pic-nieuw.jpg\",\"contentUrl\":\"https:\/\/dutchmicrodosing.com\/wp-content\/uploads\/2021\/01\/microdosing-categorie-pic-nieuw.jpg\",\"width\":500,\"height\":500,\"caption\":\"Dutchmicrodosing\"},\"image\":{\"@id\":\"https:\/\/dutchmicrodosing.com\/fr\/#\/schema\/logo\/image\/\"},\"sameAs\":[\"https:\/\/www.facebook.com\/Dutchmicrodosingxp\/\",\"https:\/\/www.instagram.com\/dutchmicrodosing\/\"]}]}<\/script>\n<meta property=\"product:price:amount\" content=\"18.95\" \/>\n<meta property=\"product:price:currency\" content=\"EUR\" \/>\n<meta property=\"og:availability\" content=\"instock\" \/>\n<meta property=\"product:availability\" content=\"instock\" \/>\n<meta property=\"product:retailer_item_id\" content=\"5203717\" \/>\n<meta property=\"product:condition\" content=\"new\" \/>\n<!-- \/ Yoast SEO Premium plugin. -->","yoast_head_json":{"title":"Seringue de culture liquide de Panaeolus Cyanescens (Jama\u00efque) - Dutchmicrodosing","description":"Commencez avec la seringue de culture liquide Panaeolus Cyanescens (Jama\u00efque). Parfait pour les cultivateurs avanc\u00e9s qui veulent exp\u00e9rimenter eux-m\u00eames les puissantes .....","robots":{"index":"index","follow":"follow","max-snippet":"max-snippet:-1","max-image-preview":"max-image-preview:large","max-video-preview":"max-video-preview:-1"},"canonical":"https:\/\/dutchmicrodosing.com\/fr\/magique-champignon-spores\/seringues-de-culture-liquide\/panaeolus-cyanescens-jamaica-liquid-culture-spuit\/","og_locale":"fr_FR","og_type":"article","og_title":"Seringue de culture liquide de Panaeolus Cyanescens (Jama\u00efque)","og_description":"La seringue de culture liquide Panaeolus cyanescens \"Jamaica\" est une esp\u00e8ce de champignon tropical \u00e9galement connue sous le nom de Copelandia cyanescens.","og_url":"https:\/\/dutchmicrodosing.com\/fr\/magique-champignon-spores\/seringues-de-culture-liquide\/panaeolus-cyanescens-jamaica-liquid-culture-spuit\/","og_site_name":"Dutchmicrodosing","article_publisher":"https:\/\/www.facebook.com\/Dutchmicrodosingxp\/","article_modified_time":"2025-08-18T23:04:17+00:00","og_image":[{"width":1512,"height":1512,"url":"https:\/\/dutchmicrodosing.com\/wp-content\/uploads\/2025\/01\/Philosophr-Liquid-culture-packaging-_2_-1.jpg","type":"image\/jpeg"}],"twitter_card":"summary_large_image","schema":{"@context":"https:\/\/schema.org","@graph":[{"@type":"WebPage","@id":"https:\/\/dutchmicrodosing.com\/fr\/magique-champignon-spores\/seringues-de-culture-liquide\/panaeolus-cyanescens-jamaica-liquid-culture-spuit\/","url":"https:\/\/dutchmicrodosing.com\/fr\/magique-champignon-spores\/seringues-de-culture-liquide\/panaeolus-cyanescens-jamaica-liquid-culture-spuit\/","name":"Seringue de culture liquide de Panaeolus Cyanescens (Jama\u00efque) - Dutchmicrodosing","isPartOf":{"@id":"https:\/\/dutchmicrodosing.com\/fr\/#website"},"primaryImageOfPage":{"@id":"https:\/\/dutchmicrodosing.com\/fr\/magique-champignon-spores\/seringues-de-culture-liquide\/panaeolus-cyanescens-jamaica-liquid-culture-spuit\/#primaryimage"},"image":{"@id":"https:\/\/dutchmicrodosing.com\/fr\/magique-champignon-spores\/seringues-de-culture-liquide\/panaeolus-cyanescens-jamaica-liquid-culture-spuit\/#primaryimage"},"thumbnailUrl":"https:\/\/dutchmicrodosing.com\/wp-content\/uploads\/2025\/01\/Philosophr-Liquid-culture-packaging-_2_-1.jpg","datePublished":"2025-03-12T13:43:25+00:00","dateModified":"2025-08-18T23:04:17+00:00","description":"Commencez avec la seringue de culture liquide Panaeolus Cyanescens (Jama\u00efque). Parfait pour les cultivateurs avanc\u00e9s qui veulent exp\u00e9rimenter eux-m\u00eames les puissantes .....","breadcrumb":{"@id":"https:\/\/dutchmicrodosing.com\/fr\/magique-champignon-spores\/seringues-de-culture-liquide\/panaeolus-cyanescens-jamaica-liquid-culture-spuit\/#breadcrumb"},"inLanguage":"fr-FR","potentialAction":[{"@type":"ReadAction","target":["https:\/\/dutchmicrodosing.com\/fr\/magique-champignon-spores\/seringues-de-culture-liquide\/panaeolus-cyanescens-jamaica-liquid-culture-spuit\/"]}]},{"@type":"ImageObject","inLanguage":"fr-FR","@id":"https:\/\/dutchmicrodosing.com\/fr\/magique-champignon-spores\/seringues-de-culture-liquide\/panaeolus-cyanescens-jamaica-liquid-culture-spuit\/#primaryimage","url":"https:\/\/dutchmicrodosing.com\/wp-content\/uploads\/2025\/01\/Philosophr-Liquid-culture-packaging-_2_-1.jpg","contentUrl":"https:\/\/dutchmicrodosing.com\/wp-content\/uploads\/2025\/01\/Philosophr-Liquid-culture-packaging-_2_-1.jpg","width":1512,"height":1512},{"@type":"BreadcrumbList","@id":"https:\/\/dutchmicrodosing.com\/fr\/magique-champignon-spores\/seringues-de-culture-liquide\/panaeolus-cyanescens-jamaica-liquid-culture-spuit\/#breadcrumb","itemListElement":[{"@type":"ListItem","position":1,"name":"Home","item":"https:\/\/dutchmicrodosing.com\/fr\/"},{"@type":"ListItem","position":2,"name":"Boutique","item":"https:\/\/dutchmicrodosing.com\/fr\/boutique\/"},{"@type":"ListItem","position":3,"name":"Seringue de culture liquide de Panaeolus Cyanescens (Jama\u00efque)"}]},{"@type":"WebSite","@id":"https:\/\/dutchmicrodosing.com\/fr\/#website","url":"https:\/\/dutchmicrodosing.com\/fr\/","name":"Dutchmicrodosing","description":"","publisher":{"@id":"https:\/\/dutchmicrodosing.com\/fr\/#organization"},"potentialAction":[{"@type":"SearchAction","target":{"@type":"EntryPoint","urlTemplate":"https:\/\/dutchmicrodosing.com\/fr\/?s={search_term_string}"},"query-input":{"@type":"PropertyValueSpecification","valueRequired":true,"valueName":"search_term_string"}}],"inLanguage":"fr-FR"},{"@type":"Organization","@id":"https:\/\/dutchmicrodosing.com\/fr\/#organization","name":"Dutchmicrodosing","url":"https:\/\/dutchmicrodosing.com\/fr\/","logo":{"@type":"ImageObject","inLanguage":"fr-FR","@id":"https:\/\/dutchmicrodosing.com\/fr\/#\/schema\/logo\/image\/","url":"https:\/\/dutchmicrodosing.com\/wp-content\/uploads\/2021\/01\/microdosing-categorie-pic-nieuw.jpg","contentUrl":"https:\/\/dutchmicrodosing.com\/wp-content\/uploads\/2021\/01\/microdosing-categorie-pic-nieuw.jpg","width":500,"height":500,"caption":"Dutchmicrodosing"},"image":{"@id":"https:\/\/dutchmicrodosing.com\/fr\/#\/schema\/logo\/image\/"},"sameAs":["https:\/\/www.facebook.com\/Dutchmicrodosingxp\/","https:\/\/www.instagram.com\/dutchmicrodosing\/"]}]},"product_price_amount":"18.95","product_price_currency":"EUR","og_availability":"instock","product_availability":"instock","product_retailer_item_id":"5203717","product_condition":"new"},"_links":{"self":[{"href":"https:\/\/dutchmicrodosing.com\/fr\/wp-json\/wp\/v2\/product\/46589","targetHints":{"allow":["GET"]}}],"collection":[{"href":"https:\/\/dutchmicrodosing.com\/fr\/wp-json\/wp\/v2\/product"}],"about":[{"href":"https:\/\/dutchmicrodosing.com\/fr\/wp-json\/wp\/v2\/types\/product"}],"replies":[{"embeddable":true,"href":"https:\/\/dutchmicrodosing.com\/fr\/wp-json\/wp\/v2\/comments?post=46589"}],"version-history":[{"count":0,"href":"https:\/\/dutchmicrodosing.com\/fr\/wp-json\/wp\/v2\/product\/46589\/revisions"}],"wp:featuredmedia":[{"embeddable":true,"href":"https:\/\/dutchmicrodosing.com\/fr\/wp-json\/wp\/v2\/media\/46266"}],"wp:attachment":[{"href":"https:\/\/dutchmicrodosing.com\/fr\/wp-json\/wp\/v2\/media?parent=46589"}],"wp:term":[{"taxonomy":"product_brand","embeddable":true,"href":"https:\/\/dutchmicrodosing.com\/fr\/wp-json\/wp\/v2\/product_brand?post=46589"},{"taxonomy":"product_cat","embeddable":true,"href":"https:\/\/dutchmicrodosing.com\/fr\/wp-json\/wp\/v2\/product_cat?post=46589"},{"taxonomy":"product_tag","embeddable":true,"href":"https:\/\/dutchmicrodosing.com\/fr\/wp-json\/wp\/v2\/product_tag?post=46589"}],"curies":[{"name":"wp","href":"https:\/\/api.w.org\/{rel}","templated":true}]}}