{"id":46787,"date":"2025-03-26T12:50:16","date_gmt":"2025-03-26T11:50:16","guid":{"rendered":"https:\/\/dutchmicrodosing.com\/shop\/non%20class\u00e9\/copelandia-hawaiian-paddo-kweekset\/"},"modified":"2025-08-18T16:22:13","modified_gmt":"2025-08-18T14:22:13","slug":"copelandia-hawaiian-paddo-kweekset","status":"publish","type":"product","link":"https:\/\/dutchmicrodosing.com\/fr\/champignons-magiques\/kits-de-culture-speciaux\/copelandia-hawaiian-paddo-kweekset\/","title":{"rendered":"Kit de culture de champignons hawa\u00efens Copelandia"},"content":{"rendered":"<p>Vivez une exp\u00e9rience de culture unique avec le <strong>kit de culture de champignons hawa\u00efens Copelandia <\/strong>. Ce kit de culture de champignons est sp\u00e9cialement con\u00e7u pour les enthousiastes qui souhaitent relever un d\u00e9fi un peu plus grand. Le Copelandia est connu pour son caract\u00e8re plus intense que, par exemple, le populaire Psilocybe cubensis, et n\u00e9cessite un peu plus d&rsquo;attention pendant la culture. Mais le r\u00e9sultat en vaut la peine !<\/p>\n<p>Compar\u00e9 au Psilocybe cubensis, le Copelandia Madagascar contient en moyenne jusqu&rsquo;\u00e0 trois fois plus de compos\u00e9s actifs par gramme (tels que la psilocine et la psilocybine). Cela signifie que vous avez besoin d&rsquo;une dose beaucoup plus faible pour une exp\u00e9rience similaire.<\/p>\n<h3>Caract\u00e9ristiques<\/h3>\n<ul>\n<li>Convient aux cultivateurs exp\u00e9riment\u00e9s<\/li>\n<li>Contient l&rsquo;esp\u00e8ce Copelandia (Panaeolus) cyanescens<\/li>\n<li>Ne pousse pas de la m\u00eame mani\u00e8re que l&rsquo;esp\u00e8ce cubensis : n\u00e9cessite une approche l\u00e9g\u00e8rement diff\u00e9rente.<\/li>\n<li>Kit de culture complet : bo\u00eete de substrat, sac de culture et trombone.<\/li>\n<li>Le rendement en plusieurs fois est possible si l&rsquo;on prend les pr\u00e9cautions n\u00e9cessaires.<\/li>\n<\/ul>\n<h3>Ingr\u00e9dients et\/ou composition<\/h3>\n<p>Le kit se compose d&rsquo;un kit de substrat de 1200 cm3 colonis\u00e9 par le myc\u00e9lium de Copelandia, d&rsquo;un sac de culture avec filtre et d&rsquo;un clip de fixation.<\/p>\n<h3>Utilisation<\/h3>\n<p>Ce kit de culture n\u00e9cessite une approche l\u00e9g\u00e8rement diff\u00e9rente des kits de culture de champignons standard. Il est important de suivre attentivement les instructions :<\/p>\n<p><strong>TELECHARGER ICI : <\/strong><span style=\"text-decoration: underline;color: #490bfa\"><a style=\"color: #490bfa;text-decoration: underline\" href=\"https:\/\/dutchmicrodosing.com\/wp-content\/uploads\/2025\/04\/instructies-Copelandia-NED-New.pdf\" target=\"_blank\" rel=\"noopener\">Instructions Kit de culture Copelandia Hawaiian<\/a><\/span><\/p>\n<h3>Contenu<\/h3>\n<ul>\n<li>Kit de culture 1200cc avec substrat et myc\u00e9lium Copelandia Hawaiian<\/li>\n<li>Sac de culture avec filtre \u00e0 air<\/li>\n<li>Trombone pour fermer le sac<\/li>\n<li>Manuel d\u00e9taill\u00e9<\/li>\n<\/ul>\n","protected":false},"excerpt":{"rendered":"<p>Vivez une exp\u00e9rience de culture unique avec le kit de culture de champignons hawa\u00efens Copelandia . Ce kit de culture de champignons est sp\u00e9cialement con\u00e7u pour les enthousiastes qui souhaitent relever un d\u00e9fi un peu plus grand. Le Copelandia est connu pour son caract\u00e8re plus intense que, par exemple, le populaire Psilocybe cubensis, et n\u00e9cessite [&hellip;]<\/p>\n","protected":false},"featured_media":46778,"comment_status":"closed","ping_status":"closed","template":"","meta":[],"product_brand":[],"product_cat":[410],"product_tag":[],"class_list":{"0":"post-46787","1":"product","2":"type-product","3":"status-publish","4":"has-post-thumbnail","6":"product_cat-kits-de-culture-speciaux","8":"first","9":"instock","10":"taxable","11":"shipping-taxable","12":"purchasable","13":"product-type-simple"},"yoast_head":"<!-- This site is optimized with the Yoast SEO Premium plugin v26.4 (Yoast SEO v27.2) - https:\/\/yoast.com\/product\/yoast-seo-premium-wordpress\/ -->\n<title>Kit de culture de champignons hawa\u00efens Copelandia - Dutchmicrodosing<\/title>\n<meta name=\"description\" content=\"Cultivez vous-m\u00eame les champignons exotiques Copelandia Hawaiian avec ce kit de culture de 1200 cm3. Parfaite pour les cultivateurs exp\u00e9riment\u00e9s \u00e0 la recherche d&#039;une vari\u00e9t\u00e9 plus intense,...\" \/>\n<meta name=\"robots\" content=\"index, follow, max-snippet:-1, max-image-preview:large, max-video-preview:-1\" \/>\n<link rel=\"canonical\" href=\"https:\/\/dutchmicrodosing.com\/fr\/champignons-magiques\/kits-de-culture-speciaux\/copelandia-hawaiian-paddo-kweekset\/\" \/>\n<meta property=\"og:locale\" content=\"fr_FR\" \/>\n<meta property=\"og:type\" content=\"article\" \/>\n<meta property=\"og:title\" content=\"Kit de culture de champignons hawa\u00efens Copelandia\" \/>\n<meta property=\"og:description\" content=\"Vivez une exp\u00e9rience de culture unique avec le kit de culture de champignons hawa\u00efens Copelandia . Ce kit de culture de champignons est sp\u00e9cialement con\u00e7u\" \/>\n<meta property=\"og:url\" content=\"https:\/\/dutchmicrodosing.com\/fr\/champignons-magiques\/kits-de-culture-speciaux\/copelandia-hawaiian-paddo-kweekset\/\" \/>\n<meta property=\"og:site_name\" content=\"Dutchmicrodosing\" \/>\n<meta property=\"article:publisher\" content=\"https:\/\/www.facebook.com\/Dutchmicrodosingxp\/\" \/>\n<meta property=\"article:modified_time\" content=\"2025-08-18T14:22:13+00:00\" \/>\n<meta property=\"og:image\" content=\"https:\/\/dutchmicrodosing.com\/wp-content\/uploads\/2025\/03\/2375-2284.jpg\" \/>\n\t<meta property=\"og:image:width\" content=\"300\" \/>\n\t<meta property=\"og:image:height\" content=\"300\" \/>\n\t<meta property=\"og:image:type\" content=\"image\/jpeg\" \/>\n<meta name=\"twitter:card\" content=\"summary_large_image\" \/>\n<script type=\"application\/ld+json\" class=\"yoast-schema-graph\">{\"@context\":\"https:\/\/schema.org\",\"@graph\":[{\"@type\":\"WebPage\",\"@id\":\"https:\/\/dutchmicrodosing.com\/fr\/champignons-magiques\/kits-de-culture-speciaux\/copelandia-hawaiian-paddo-kweekset\/\",\"url\":\"https:\/\/dutchmicrodosing.com\/fr\/champignons-magiques\/kits-de-culture-speciaux\/copelandia-hawaiian-paddo-kweekset\/\",\"name\":\"Kit de culture de champignons hawa\u00efens Copelandia - Dutchmicrodosing\",\"isPartOf\":{\"@id\":\"https:\/\/dutchmicrodosing.com\/fr\/#website\"},\"primaryImageOfPage\":{\"@id\":\"https:\/\/dutchmicrodosing.com\/fr\/champignons-magiques\/kits-de-culture-speciaux\/copelandia-hawaiian-paddo-kweekset\/#primaryimage\"},\"image\":{\"@id\":\"https:\/\/dutchmicrodosing.com\/fr\/champignons-magiques\/kits-de-culture-speciaux\/copelandia-hawaiian-paddo-kweekset\/#primaryimage\"},\"thumbnailUrl\":\"https:\/\/dutchmicrodosing.com\/wp-content\/uploads\/2025\/03\/2375-2284.jpg\",\"datePublished\":\"2025-03-26T11:50:16+00:00\",\"dateModified\":\"2025-08-18T14:22:13+00:00\",\"description\":\"Cultivez vous-m\u00eame les champignons exotiques Copelandia Hawaiian avec ce kit de culture de 1200 cm3. Parfaite pour les cultivateurs exp\u00e9riment\u00e9s \u00e0 la recherche d'une vari\u00e9t\u00e9 plus intense,...\",\"breadcrumb\":{\"@id\":\"https:\/\/dutchmicrodosing.com\/fr\/champignons-magiques\/kits-de-culture-speciaux\/copelandia-hawaiian-paddo-kweekset\/#breadcrumb\"},\"inLanguage\":\"fr-FR\",\"potentialAction\":[{\"@type\":\"ReadAction\",\"target\":[\"https:\/\/dutchmicrodosing.com\/fr\/champignons-magiques\/kits-de-culture-speciaux\/copelandia-hawaiian-paddo-kweekset\/\"]}]},{\"@type\":\"ImageObject\",\"inLanguage\":\"fr-FR\",\"@id\":\"https:\/\/dutchmicrodosing.com\/fr\/champignons-magiques\/kits-de-culture-speciaux\/copelandia-hawaiian-paddo-kweekset\/#primaryimage\",\"url\":\"https:\/\/dutchmicrodosing.com\/wp-content\/uploads\/2025\/03\/2375-2284.jpg\",\"contentUrl\":\"https:\/\/dutchmicrodosing.com\/wp-content\/uploads\/2025\/03\/2375-2284.jpg\",\"width\":300,\"height\":300},{\"@type\":\"BreadcrumbList\",\"@id\":\"https:\/\/dutchmicrodosing.com\/fr\/champignons-magiques\/kits-de-culture-speciaux\/copelandia-hawaiian-paddo-kweekset\/#breadcrumb\",\"itemListElement\":[{\"@type\":\"ListItem\",\"position\":1,\"name\":\"Home\",\"item\":\"https:\/\/dutchmicrodosing.com\/fr\/\"},{\"@type\":\"ListItem\",\"position\":2,\"name\":\"Boutique\",\"item\":\"https:\/\/dutchmicrodosing.com\/fr\/boutique\/\"},{\"@type\":\"ListItem\",\"position\":3,\"name\":\"Kit de culture de champignons hawa\u00efens Copelandia\"}]},{\"@type\":\"WebSite\",\"@id\":\"https:\/\/dutchmicrodosing.com\/fr\/#website\",\"url\":\"https:\/\/dutchmicrodosing.com\/fr\/\",\"name\":\"Dutchmicrodosing\",\"description\":\"\",\"publisher\":{\"@id\":\"https:\/\/dutchmicrodosing.com\/fr\/#organization\"},\"potentialAction\":[{\"@type\":\"SearchAction\",\"target\":{\"@type\":\"EntryPoint\",\"urlTemplate\":\"https:\/\/dutchmicrodosing.com\/fr\/?s={search_term_string}\"},\"query-input\":{\"@type\":\"PropertyValueSpecification\",\"valueRequired\":true,\"valueName\":\"search_term_string\"}}],\"inLanguage\":\"fr-FR\"},{\"@type\":\"Organization\",\"@id\":\"https:\/\/dutchmicrodosing.com\/fr\/#organization\",\"name\":\"Dutchmicrodosing\",\"url\":\"https:\/\/dutchmicrodosing.com\/fr\/\",\"logo\":{\"@type\":\"ImageObject\",\"inLanguage\":\"fr-FR\",\"@id\":\"https:\/\/dutchmicrodosing.com\/fr\/#\/schema\/logo\/image\/\",\"url\":\"https:\/\/dutchmicrodosing.com\/wp-content\/uploads\/2021\/01\/microdosing-categorie-pic-nieuw.jpg\",\"contentUrl\":\"https:\/\/dutchmicrodosing.com\/wp-content\/uploads\/2021\/01\/microdosing-categorie-pic-nieuw.jpg\",\"width\":500,\"height\":500,\"caption\":\"Dutchmicrodosing\"},\"image\":{\"@id\":\"https:\/\/dutchmicrodosing.com\/fr\/#\/schema\/logo\/image\/\"},\"sameAs\":[\"https:\/\/www.facebook.com\/Dutchmicrodosingxp\/\",\"https:\/\/www.instagram.com\/dutchmicrodosing\/\"]}]}<\/script>\n<meta property=\"product:price:amount\" content=\"63.95\" \/>\n<meta property=\"product:price:currency\" content=\"EUR\" \/>\n<meta property=\"og:availability\" content=\"instock\" \/>\n<meta property=\"product:availability\" content=\"instock\" \/>\n<meta property=\"product:retailer_item_id\" content=\"0201891\" \/>\n<meta property=\"product:condition\" content=\"new\" \/>\n<!-- \/ Yoast SEO Premium plugin. -->","yoast_head_json":{"title":"Kit de culture de champignons hawa\u00efens Copelandia - Dutchmicrodosing","description":"Cultivez vous-m\u00eame les champignons exotiques Copelandia Hawaiian avec ce kit de culture de 1200 cm3. Parfaite pour les cultivateurs exp\u00e9riment\u00e9s \u00e0 la recherche d'une vari\u00e9t\u00e9 plus intense,...","robots":{"index":"index","follow":"follow","max-snippet":"max-snippet:-1","max-image-preview":"max-image-preview:large","max-video-preview":"max-video-preview:-1"},"canonical":"https:\/\/dutchmicrodosing.com\/fr\/champignons-magiques\/kits-de-culture-speciaux\/copelandia-hawaiian-paddo-kweekset\/","og_locale":"fr_FR","og_type":"article","og_title":"Kit de culture de champignons hawa\u00efens Copelandia","og_description":"Vivez une exp\u00e9rience de culture unique avec le kit de culture de champignons hawa\u00efens Copelandia . Ce kit de culture de champignons est sp\u00e9cialement con\u00e7u","og_url":"https:\/\/dutchmicrodosing.com\/fr\/champignons-magiques\/kits-de-culture-speciaux\/copelandia-hawaiian-paddo-kweekset\/","og_site_name":"Dutchmicrodosing","article_publisher":"https:\/\/www.facebook.com\/Dutchmicrodosingxp\/","article_modified_time":"2025-08-18T14:22:13+00:00","og_image":[{"width":300,"height":300,"url":"https:\/\/dutchmicrodosing.com\/wp-content\/uploads\/2025\/03\/2375-2284.jpg","type":"image\/jpeg"}],"twitter_card":"summary_large_image","schema":{"@context":"https:\/\/schema.org","@graph":[{"@type":"WebPage","@id":"https:\/\/dutchmicrodosing.com\/fr\/champignons-magiques\/kits-de-culture-speciaux\/copelandia-hawaiian-paddo-kweekset\/","url":"https:\/\/dutchmicrodosing.com\/fr\/champignons-magiques\/kits-de-culture-speciaux\/copelandia-hawaiian-paddo-kweekset\/","name":"Kit de culture de champignons hawa\u00efens Copelandia - Dutchmicrodosing","isPartOf":{"@id":"https:\/\/dutchmicrodosing.com\/fr\/#website"},"primaryImageOfPage":{"@id":"https:\/\/dutchmicrodosing.com\/fr\/champignons-magiques\/kits-de-culture-speciaux\/copelandia-hawaiian-paddo-kweekset\/#primaryimage"},"image":{"@id":"https:\/\/dutchmicrodosing.com\/fr\/champignons-magiques\/kits-de-culture-speciaux\/copelandia-hawaiian-paddo-kweekset\/#primaryimage"},"thumbnailUrl":"https:\/\/dutchmicrodosing.com\/wp-content\/uploads\/2025\/03\/2375-2284.jpg","datePublished":"2025-03-26T11:50:16+00:00","dateModified":"2025-08-18T14:22:13+00:00","description":"Cultivez vous-m\u00eame les champignons exotiques Copelandia Hawaiian avec ce kit de culture de 1200 cm3. Parfaite pour les cultivateurs exp\u00e9riment\u00e9s \u00e0 la recherche d'une vari\u00e9t\u00e9 plus intense,...","breadcrumb":{"@id":"https:\/\/dutchmicrodosing.com\/fr\/champignons-magiques\/kits-de-culture-speciaux\/copelandia-hawaiian-paddo-kweekset\/#breadcrumb"},"inLanguage":"fr-FR","potentialAction":[{"@type":"ReadAction","target":["https:\/\/dutchmicrodosing.com\/fr\/champignons-magiques\/kits-de-culture-speciaux\/copelandia-hawaiian-paddo-kweekset\/"]}]},{"@type":"ImageObject","inLanguage":"fr-FR","@id":"https:\/\/dutchmicrodosing.com\/fr\/champignons-magiques\/kits-de-culture-speciaux\/copelandia-hawaiian-paddo-kweekset\/#primaryimage","url":"https:\/\/dutchmicrodosing.com\/wp-content\/uploads\/2025\/03\/2375-2284.jpg","contentUrl":"https:\/\/dutchmicrodosing.com\/wp-content\/uploads\/2025\/03\/2375-2284.jpg","width":300,"height":300},{"@type":"BreadcrumbList","@id":"https:\/\/dutchmicrodosing.com\/fr\/champignons-magiques\/kits-de-culture-speciaux\/copelandia-hawaiian-paddo-kweekset\/#breadcrumb","itemListElement":[{"@type":"ListItem","position":1,"name":"Home","item":"https:\/\/dutchmicrodosing.com\/fr\/"},{"@type":"ListItem","position":2,"name":"Boutique","item":"https:\/\/dutchmicrodosing.com\/fr\/boutique\/"},{"@type":"ListItem","position":3,"name":"Kit de culture de champignons hawa\u00efens Copelandia"}]},{"@type":"WebSite","@id":"https:\/\/dutchmicrodosing.com\/fr\/#website","url":"https:\/\/dutchmicrodosing.com\/fr\/","name":"Dutchmicrodosing","description":"","publisher":{"@id":"https:\/\/dutchmicrodosing.com\/fr\/#organization"},"potentialAction":[{"@type":"SearchAction","target":{"@type":"EntryPoint","urlTemplate":"https:\/\/dutchmicrodosing.com\/fr\/?s={search_term_string}"},"query-input":{"@type":"PropertyValueSpecification","valueRequired":true,"valueName":"search_term_string"}}],"inLanguage":"fr-FR"},{"@type":"Organization","@id":"https:\/\/dutchmicrodosing.com\/fr\/#organization","name":"Dutchmicrodosing","url":"https:\/\/dutchmicrodosing.com\/fr\/","logo":{"@type":"ImageObject","inLanguage":"fr-FR","@id":"https:\/\/dutchmicrodosing.com\/fr\/#\/schema\/logo\/image\/","url":"https:\/\/dutchmicrodosing.com\/wp-content\/uploads\/2021\/01\/microdosing-categorie-pic-nieuw.jpg","contentUrl":"https:\/\/dutchmicrodosing.com\/wp-content\/uploads\/2021\/01\/microdosing-categorie-pic-nieuw.jpg","width":500,"height":500,"caption":"Dutchmicrodosing"},"image":{"@id":"https:\/\/dutchmicrodosing.com\/fr\/#\/schema\/logo\/image\/"},"sameAs":["https:\/\/www.facebook.com\/Dutchmicrodosingxp\/","https:\/\/www.instagram.com\/dutchmicrodosing\/"]}]},"product_price_amount":"63.95","product_price_currency":"EUR","og_availability":"instock","product_availability":"instock","product_retailer_item_id":"0201891","product_condition":"new"},"_links":{"self":[{"href":"https:\/\/dutchmicrodosing.com\/fr\/wp-json\/wp\/v2\/product\/46787","targetHints":{"allow":["GET"]}}],"collection":[{"href":"https:\/\/dutchmicrodosing.com\/fr\/wp-json\/wp\/v2\/product"}],"about":[{"href":"https:\/\/dutchmicrodosing.com\/fr\/wp-json\/wp\/v2\/types\/product"}],"replies":[{"embeddable":true,"href":"https:\/\/dutchmicrodosing.com\/fr\/wp-json\/wp\/v2\/comments?post=46787"}],"version-history":[{"count":0,"href":"https:\/\/dutchmicrodosing.com\/fr\/wp-json\/wp\/v2\/product\/46787\/revisions"}],"wp:featuredmedia":[{"embeddable":true,"href":"https:\/\/dutchmicrodosing.com\/fr\/wp-json\/wp\/v2\/media\/46778"}],"wp:attachment":[{"href":"https:\/\/dutchmicrodosing.com\/fr\/wp-json\/wp\/v2\/media?parent=46787"}],"wp:term":[{"taxonomy":"product_brand","embeddable":true,"href":"https:\/\/dutchmicrodosing.com\/fr\/wp-json\/wp\/v2\/product_brand?post=46787"},{"taxonomy":"product_cat","embeddable":true,"href":"https:\/\/dutchmicrodosing.com\/fr\/wp-json\/wp\/v2\/product_cat?post=46787"},{"taxonomy":"product_tag","embeddable":true,"href":"https:\/\/dutchmicrodosing.com\/fr\/wp-json\/wp\/v2\/product_tag?post=46787"}],"curies":[{"name":"wp","href":"https:\/\/api.w.org\/{rel}","templated":true}]}}