{"id":46969,"date":"2025-04-07T14:39:31","date_gmt":"2025-04-07T12:39:31","guid":{"rendered":"https:\/\/dutchmicrodosing.com\/shop\/non%20class\u00e9\/mac-galactic-paddo-kweekset\/"},"modified":"2026-02-03T16:39:28","modified_gmt":"2026-02-03T15:39:28","slug":"mac-galactic-paddo-kweekset","status":"publish","type":"product","link":"https:\/\/dutchmicrodosing.com\/fr\/champignons-magiques\/kits-de-culture-mystic-fungi\/mac-galactic-paddo-kweekset\/","title":{"rendered":"Kit de culture de champignons Mac Galactic"},"content":{"rendered":"<p>Le <strong>kit de culture de champignons Mac Galactic<\/strong> de Mystic Fungi est votre ticket pour une exp\u00e9rience de culture fascinante. Ce kit de culture facile \u00e0 utiliser est parfait pour ceux qui veulent cultiver leurs propres champignons \u00e0 la maison, avec des rendements fiables et un minimum d&rsquo;efforts. Id\u00e9al pour les amateurs qui aiment voir pousser leurs propres champignons &#8211; du d\u00e9but \u00e0 la r\u00e9colte.<\/p>\n<h3>Caract\u00e9ristiques<\/h3>\n<ul>\n<li>Croissance rapide : votre premi\u00e8re r\u00e9colte peut \u00eatre visible en seulement 14 \u00e0 21 jours apr\u00e8s l&rsquo;activation du kit.<\/li>\n<li>Des fruits impressionnants : Les champignons poussent sur des tiges robustes avec des chapeaux qui peuvent atteindre 8 cm.<\/li>\n<li>Myc\u00e9lium fort : cette souche est connue pour sa r\u00e9sistance \u00e0 l&rsquo;infection et produit des r\u00e9sultats stables.<\/li>\n<li>Populaire parmi les connaisseurs : la Mac Galactic fait partie des vari\u00e9t\u00e9s les plus puissantes de la famille Psilocybe cubensis.<\/li>\n<\/ul>\n<h3>Ingr\u00e9dients et\/ou composition<\/h3>\n<p>Ce kit de culture contient un substrat enti\u00e8rement colonis\u00e9 avec du myc\u00e9lium actif, emball\u00e9 dans un sac de culture sp\u00e9cial avec un filtre \u00e0 air. Tout ce dont vous avez besoin se trouve dans la bo\u00eete.<\/p>\n<h3>Instructions pour l&rsquo;installation du kit de culture<\/h3>\n<p>Veillez \u00e0 ce que votre espace de travail soit propre afin d&rsquo;\u00e9viter que d&rsquo;autres micro-organismes ne contaminent votre kit de culture. Il est important de travailler dans de bonnes conditions d&rsquo;hygi\u00e8ne. Utilisez toujours de l&rsquo;eau du robinet ou de l&rsquo;eau min\u00e9rale propre pour vaporiser et tremper votre kit de culture. N&rsquo;utilisez pas d&rsquo;eau distill\u00e9e ou d&rsquo;eau semi-distill\u00e9e, car elle ne convient pas.<\/p>\n<ol>\n<li style=\"list-style-type: none;\">\n<ol>\n<li>Retirez le sac de la bo\u00eete et d\u00e9roulez-le.<\/li>\n<li>Ouvrez le sac en retirant le clip herm\u00e9tique situ\u00e9 en haut. Donnez de l&rsquo;air frais au sac en l&rsquo;\u00e9tirant doucement, puis refermez-le \u00e0 l&rsquo;aide du clip. Pour \u00e9viter que les champignons ne poussent sur les c\u00f4t\u00e9s du substrat, vous pouvez placer un \u00e9lastique autour de l&rsquo;ext\u00e9rieur du sac au niveau du sommet de votre substrat afin de r\u00e9duire le risque d&rsquo;\u00e9pingles lat\u00e9rales. Placez l&rsquo;\u00e9lastique \u00e0 environ 1,5 cm sous le sommet du substrat.<\/li>\n<li>Surveillez la croissance : Surveillez attentivement le sac lorsque les champignons commencent \u00e0 pousser. Les deux premi\u00e8res fois, vous n&rsquo;avez pas besoin d&rsquo;arroser. Lorsque les chapeaux commencent \u00e0 s&rsquo;ouvrir, il est temps de r\u00e9colter. Notez que toutes les vari\u00e9t\u00e9s n&rsquo;ont pas de voile ou ne laissent pas tomber de spores.<\/li>\n<li>R\u00e9colte : avant la r\u00e9colte, veillez \u00e0 ce que l&rsquo;environnement soit propre en vous d\u00e9sinfectant les mains avec de l&rsquo;alcool et en portant de pr\u00e9f\u00e9rence des gants en latex. Pour r\u00e9colter, tournez les champignons dans le sens des aiguilles d&rsquo;une montre. R\u00e9coltez d\u00e8s que les chapeaux commencent \u00e0 s&rsquo;ouvrir pour une puissance optimale. Les fruits sont pr\u00eats \u00e0 \u00eatre r\u00e9colt\u00e9s au bout de deux \u00e0 quatre semaines, en fonction des conditions de croissance et de la vari\u00e9t\u00e9 de champignon.<\/li>\n<li>Entretien post-r\u00e9colte : Apr\u00e8s la r\u00e9colte de la deuxi\u00e8me pouss\u00e9e, ajoutez une petite quantit\u00e9 d&rsquo;eau (environ 1\/3 du niveau du substrat dans le sac). Refermez le sac \u00e0 l&rsquo;aide du clip et assurez-vous qu&rsquo;il est herm\u00e9tiquement ferm\u00e9. N&rsquo;oubliez pas d&rsquo;ajouter de l&rsquo;air frais en retirant et en remettant le clip en place. Versez l&rsquo;eau exc\u00e9dentaire si elle n&rsquo;a pas \u00e9t\u00e9 absorb\u00e9e dans les 12 heures.<\/li>\n<li>Contr\u00f4lez la temp\u00e9rature : assurez-vous que la temp\u00e9rature reste stable entre 20 et 25 degr\u00e9s Celsius (68-77\u00b0F) pour obtenir les meilleurs r\u00e9sultats de croissance. \u00c9vitez les fluctuations importantes de temp\u00e9rature.<\/li>\n<li>R\u00e9coltes ult\u00e9rieures : Attendez-vous \u00e0 obtenir au moins deux r\u00e9coltes par sac, mais il est \u00e9galement possible d&rsquo;obtenir trois, voire quatre r\u00e9coltes. Apr\u00e8s chaque r\u00e9colte, refermez le sac et ajoutez de l&rsquo;eau pour encourager la poursuite des s\u00e9ances de floraison.<\/li>\n<\/ol>\n<\/li>\n<\/ol>\n<h3>Contenu<\/h3>\n<ul>\n<li>1 sac de culture de 2000cc avec un substrat enti\u00e8rement colonis\u00e9<\/li>\n<li>Sac de filtration d&rsquo;air<\/li>\n<li>Clip de verrouillage<\/li>\n<li>Dimensions : 14 x 17 x 10 cm<\/li>\n<\/ul>\n<h3>Conseils de stockage<\/h3>\n<p>Il est judicieux de commencer le processus de culture d\u00e8s que vous recevez le kit de culture. Si vous choisissez de commencer plus tard, ce qui peut affecter la qualit\u00e9 du kit, vous pouvez conserver le kit de culture au r\u00e9frig\u00e9rateur pendant 2 semaines maximum (\u00e0 des temp\u00e9ratures comprises entre 2\u00b0C et 8\u00b0C). Vous pouvez laisser le sac de culture avec le myc\u00e9lium dans la bo\u00eete et le placer au r\u00e9frig\u00e9rateur. Veillez \u00e0 ce que votre r\u00e9frig\u00e9rateur soit propre et exempt de moisissures. Comme pr\u00e9caution suppl\u00e9mentaire, vous pouvez placer l&rsquo;ensemble dans un sac en plastique propre ou un sac de culture.<\/p>\n","protected":false},"excerpt":{"rendered":"<p>Le kit de culture de champignons Mac Galactic de Mystic Fungi est votre ticket pour une exp\u00e9rience de culture fascinante. Ce kit de culture facile \u00e0 utiliser est parfait pour ceux qui veulent cultiver leurs propres champignons \u00e0 la maison, avec des rendements fiables et un minimum d&rsquo;efforts. Id\u00e9al pour les amateurs qui aiment voir [&hellip;]<\/p>\n","protected":false},"featured_media":46963,"comment_status":"closed","ping_status":"closed","template":"","meta":[],"product_brand":[],"product_cat":[342],"product_tag":[],"class_list":{"0":"post-46969","1":"product","2":"type-product","3":"status-publish","4":"has-post-thumbnail","6":"product_cat-kits-de-culture-mystic-fungi","8":"first","9":"instock","10":"taxable","11":"shipping-taxable","12":"purchasable","13":"product-type-simple"},"yoast_head":"<!-- This site is optimized with the Yoast SEO Premium plugin v26.4 (Yoast SEO v27.2) - https:\/\/yoast.com\/product\/yoast-seo-premium-wordpress\/ -->\n<title>Kit de culture de champignons Mac Galactic - Dutchmicrodosing<\/title>\n<meta name=\"description\" content=\"D\u00e9couvrez le kit de culture de champignons Mac Galactic de Mystic Fungi. Cultivez vous-m\u00eame des champignons puissants gr\u00e2ce \u00e0 ce kit de culture facile \u00e0 utiliser.\" \/>\n<meta name=\"robots\" content=\"index, follow, max-snippet:-1, max-image-preview:large, max-video-preview:-1\" \/>\n<link rel=\"canonical\" href=\"https:\/\/dutchmicrodosing.com\/fr\/champignons-magiques\/kits-de-culture-mystic-fungi\/mac-galactic-paddo-kweekset\/\" \/>\n<meta property=\"og:locale\" content=\"fr_FR\" \/>\n<meta property=\"og:type\" content=\"article\" \/>\n<meta property=\"og:title\" content=\"Kit de culture de champignons Mac Galactic\" \/>\n<meta property=\"og:description\" content=\"Le kit de culture de champignons Mac Galactic de Mystic Fungi est votre ticket pour une exp\u00e9rience de culture fascinante. Ce kit de culture facile \u00e0\" \/>\n<meta property=\"og:url\" content=\"https:\/\/dutchmicrodosing.com\/fr\/champignons-magiques\/kits-de-culture-mystic-fungi\/mac-galactic-paddo-kweekset\/\" \/>\n<meta property=\"og:site_name\" content=\"Dutchmicrodosing\" \/>\n<meta property=\"article:publisher\" content=\"https:\/\/www.facebook.com\/Dutchmicrodosingxp\/\" \/>\n<meta property=\"article:modified_time\" content=\"2026-02-03T15:39:28+00:00\" \/>\n<meta property=\"og:image\" content=\"https:\/\/dutchmicrodosing.com\/wp-content\/uploads\/2025\/04\/1000016499.jpg\" \/>\n\t<meta property=\"og:image:width\" content=\"1512\" \/>\n\t<meta property=\"og:image:height\" content=\"1512\" \/>\n\t<meta property=\"og:image:type\" content=\"image\/jpeg\" \/>\n<meta name=\"twitter:card\" content=\"summary_large_image\" \/>\n<script type=\"application\/ld+json\" class=\"yoast-schema-graph\">{\"@context\":\"https:\/\/schema.org\",\"@graph\":[{\"@type\":\"WebPage\",\"@id\":\"https:\/\/dutchmicrodosing.com\/fr\/champignons-magiques\/kits-de-culture-mystic-fungi\/mac-galactic-paddo-kweekset\/\",\"url\":\"https:\/\/dutchmicrodosing.com\/fr\/champignons-magiques\/kits-de-culture-mystic-fungi\/mac-galactic-paddo-kweekset\/\",\"name\":\"Kit de culture de champignons Mac Galactic - Dutchmicrodosing\",\"isPartOf\":{\"@id\":\"https:\/\/dutchmicrodosing.com\/fr\/#website\"},\"primaryImageOfPage\":{\"@id\":\"https:\/\/dutchmicrodosing.com\/fr\/champignons-magiques\/kits-de-culture-mystic-fungi\/mac-galactic-paddo-kweekset\/#primaryimage\"},\"image\":{\"@id\":\"https:\/\/dutchmicrodosing.com\/fr\/champignons-magiques\/kits-de-culture-mystic-fungi\/mac-galactic-paddo-kweekset\/#primaryimage\"},\"thumbnailUrl\":\"https:\/\/dutchmicrodosing.com\/wp-content\/uploads\/2025\/04\/1000016499.jpg\",\"datePublished\":\"2025-04-07T12:39:31+00:00\",\"dateModified\":\"2026-02-03T15:39:28+00:00\",\"description\":\"D\u00e9couvrez le kit de culture de champignons Mac Galactic de Mystic Fungi. Cultivez vous-m\u00eame des champignons puissants gr\u00e2ce \u00e0 ce kit de culture facile \u00e0 utiliser.\",\"breadcrumb\":{\"@id\":\"https:\/\/dutchmicrodosing.com\/fr\/champignons-magiques\/kits-de-culture-mystic-fungi\/mac-galactic-paddo-kweekset\/#breadcrumb\"},\"inLanguage\":\"fr-FR\",\"potentialAction\":[{\"@type\":\"ReadAction\",\"target\":[\"https:\/\/dutchmicrodosing.com\/fr\/champignons-magiques\/kits-de-culture-mystic-fungi\/mac-galactic-paddo-kweekset\/\"]}]},{\"@type\":\"ImageObject\",\"inLanguage\":\"fr-FR\",\"@id\":\"https:\/\/dutchmicrodosing.com\/fr\/champignons-magiques\/kits-de-culture-mystic-fungi\/mac-galactic-paddo-kweekset\/#primaryimage\",\"url\":\"https:\/\/dutchmicrodosing.com\/wp-content\/uploads\/2025\/04\/1000016499.jpg\",\"contentUrl\":\"https:\/\/dutchmicrodosing.com\/wp-content\/uploads\/2025\/04\/1000016499.jpg\",\"width\":1512,\"height\":1512,\"caption\":\"Kit de culture de champignons Mac Galactic\"},{\"@type\":\"BreadcrumbList\",\"@id\":\"https:\/\/dutchmicrodosing.com\/fr\/champignons-magiques\/kits-de-culture-mystic-fungi\/mac-galactic-paddo-kweekset\/#breadcrumb\",\"itemListElement\":[{\"@type\":\"ListItem\",\"position\":1,\"name\":\"Home\",\"item\":\"https:\/\/dutchmicrodosing.com\/fr\/\"},{\"@type\":\"ListItem\",\"position\":2,\"name\":\"Boutique\",\"item\":\"https:\/\/dutchmicrodosing.com\/fr\/boutique\/\"},{\"@type\":\"ListItem\",\"position\":3,\"name\":\"Kit de culture de champignons Mac Galactic\"}]},{\"@type\":\"WebSite\",\"@id\":\"https:\/\/dutchmicrodosing.com\/fr\/#website\",\"url\":\"https:\/\/dutchmicrodosing.com\/fr\/\",\"name\":\"Dutchmicrodosing\",\"description\":\"\",\"publisher\":{\"@id\":\"https:\/\/dutchmicrodosing.com\/fr\/#organization\"},\"potentialAction\":[{\"@type\":\"SearchAction\",\"target\":{\"@type\":\"EntryPoint\",\"urlTemplate\":\"https:\/\/dutchmicrodosing.com\/fr\/?s={search_term_string}\"},\"query-input\":{\"@type\":\"PropertyValueSpecification\",\"valueRequired\":true,\"valueName\":\"search_term_string\"}}],\"inLanguage\":\"fr-FR\"},{\"@type\":\"Organization\",\"@id\":\"https:\/\/dutchmicrodosing.com\/fr\/#organization\",\"name\":\"Dutchmicrodosing\",\"url\":\"https:\/\/dutchmicrodosing.com\/fr\/\",\"logo\":{\"@type\":\"ImageObject\",\"inLanguage\":\"fr-FR\",\"@id\":\"https:\/\/dutchmicrodosing.com\/fr\/#\/schema\/logo\/image\/\",\"url\":\"https:\/\/dutchmicrodosing.com\/wp-content\/uploads\/2021\/01\/microdosing-categorie-pic-nieuw.jpg\",\"contentUrl\":\"https:\/\/dutchmicrodosing.com\/wp-content\/uploads\/2021\/01\/microdosing-categorie-pic-nieuw.jpg\",\"width\":500,\"height\":500,\"caption\":\"Dutchmicrodosing\"},\"image\":{\"@id\":\"https:\/\/dutchmicrodosing.com\/fr\/#\/schema\/logo\/image\/\"},\"sameAs\":[\"https:\/\/www.facebook.com\/Dutchmicrodosingxp\/\",\"https:\/\/www.instagram.com\/dutchmicrodosing\/\"]}]}<\/script>\n<meta property=\"product:price:amount\" content=\"44.95\" \/>\n<meta property=\"product:price:currency\" content=\"EUR\" \/>\n<meta property=\"og:availability\" content=\"instock\" \/>\n<meta property=\"product:availability\" content=\"instock\" \/>\n<meta property=\"product:retailer_item_id\" content=\"5204531\" \/>\n<meta property=\"product:condition\" content=\"new\" \/>\n<!-- \/ Yoast SEO Premium plugin. -->","yoast_head_json":{"title":"Kit de culture de champignons Mac Galactic - Dutchmicrodosing","description":"D\u00e9couvrez le kit de culture de champignons Mac Galactic de Mystic Fungi. Cultivez vous-m\u00eame des champignons puissants gr\u00e2ce \u00e0 ce kit de culture facile \u00e0 utiliser.","robots":{"index":"index","follow":"follow","max-snippet":"max-snippet:-1","max-image-preview":"max-image-preview:large","max-video-preview":"max-video-preview:-1"},"canonical":"https:\/\/dutchmicrodosing.com\/fr\/champignons-magiques\/kits-de-culture-mystic-fungi\/mac-galactic-paddo-kweekset\/","og_locale":"fr_FR","og_type":"article","og_title":"Kit de culture de champignons Mac Galactic","og_description":"Le kit de culture de champignons Mac Galactic de Mystic Fungi est votre ticket pour une exp\u00e9rience de culture fascinante. Ce kit de culture facile \u00e0","og_url":"https:\/\/dutchmicrodosing.com\/fr\/champignons-magiques\/kits-de-culture-mystic-fungi\/mac-galactic-paddo-kweekset\/","og_site_name":"Dutchmicrodosing","article_publisher":"https:\/\/www.facebook.com\/Dutchmicrodosingxp\/","article_modified_time":"2026-02-03T15:39:28+00:00","og_image":[{"width":1512,"height":1512,"url":"https:\/\/dutchmicrodosing.com\/wp-content\/uploads\/2025\/04\/1000016499.jpg","type":"image\/jpeg"}],"twitter_card":"summary_large_image","schema":{"@context":"https:\/\/schema.org","@graph":[{"@type":"WebPage","@id":"https:\/\/dutchmicrodosing.com\/fr\/champignons-magiques\/kits-de-culture-mystic-fungi\/mac-galactic-paddo-kweekset\/","url":"https:\/\/dutchmicrodosing.com\/fr\/champignons-magiques\/kits-de-culture-mystic-fungi\/mac-galactic-paddo-kweekset\/","name":"Kit de culture de champignons Mac Galactic - Dutchmicrodosing","isPartOf":{"@id":"https:\/\/dutchmicrodosing.com\/fr\/#website"},"primaryImageOfPage":{"@id":"https:\/\/dutchmicrodosing.com\/fr\/champignons-magiques\/kits-de-culture-mystic-fungi\/mac-galactic-paddo-kweekset\/#primaryimage"},"image":{"@id":"https:\/\/dutchmicrodosing.com\/fr\/champignons-magiques\/kits-de-culture-mystic-fungi\/mac-galactic-paddo-kweekset\/#primaryimage"},"thumbnailUrl":"https:\/\/dutchmicrodosing.com\/wp-content\/uploads\/2025\/04\/1000016499.jpg","datePublished":"2025-04-07T12:39:31+00:00","dateModified":"2026-02-03T15:39:28+00:00","description":"D\u00e9couvrez le kit de culture de champignons Mac Galactic de Mystic Fungi. Cultivez vous-m\u00eame des champignons puissants gr\u00e2ce \u00e0 ce kit de culture facile \u00e0 utiliser.","breadcrumb":{"@id":"https:\/\/dutchmicrodosing.com\/fr\/champignons-magiques\/kits-de-culture-mystic-fungi\/mac-galactic-paddo-kweekset\/#breadcrumb"},"inLanguage":"fr-FR","potentialAction":[{"@type":"ReadAction","target":["https:\/\/dutchmicrodosing.com\/fr\/champignons-magiques\/kits-de-culture-mystic-fungi\/mac-galactic-paddo-kweekset\/"]}]},{"@type":"ImageObject","inLanguage":"fr-FR","@id":"https:\/\/dutchmicrodosing.com\/fr\/champignons-magiques\/kits-de-culture-mystic-fungi\/mac-galactic-paddo-kweekset\/#primaryimage","url":"https:\/\/dutchmicrodosing.com\/wp-content\/uploads\/2025\/04\/1000016499.jpg","contentUrl":"https:\/\/dutchmicrodosing.com\/wp-content\/uploads\/2025\/04\/1000016499.jpg","width":1512,"height":1512,"caption":"Kit de culture de champignons Mac Galactic"},{"@type":"BreadcrumbList","@id":"https:\/\/dutchmicrodosing.com\/fr\/champignons-magiques\/kits-de-culture-mystic-fungi\/mac-galactic-paddo-kweekset\/#breadcrumb","itemListElement":[{"@type":"ListItem","position":1,"name":"Home","item":"https:\/\/dutchmicrodosing.com\/fr\/"},{"@type":"ListItem","position":2,"name":"Boutique","item":"https:\/\/dutchmicrodosing.com\/fr\/boutique\/"},{"@type":"ListItem","position":3,"name":"Kit de culture de champignons Mac Galactic"}]},{"@type":"WebSite","@id":"https:\/\/dutchmicrodosing.com\/fr\/#website","url":"https:\/\/dutchmicrodosing.com\/fr\/","name":"Dutchmicrodosing","description":"","publisher":{"@id":"https:\/\/dutchmicrodosing.com\/fr\/#organization"},"potentialAction":[{"@type":"SearchAction","target":{"@type":"EntryPoint","urlTemplate":"https:\/\/dutchmicrodosing.com\/fr\/?s={search_term_string}"},"query-input":{"@type":"PropertyValueSpecification","valueRequired":true,"valueName":"search_term_string"}}],"inLanguage":"fr-FR"},{"@type":"Organization","@id":"https:\/\/dutchmicrodosing.com\/fr\/#organization","name":"Dutchmicrodosing","url":"https:\/\/dutchmicrodosing.com\/fr\/","logo":{"@type":"ImageObject","inLanguage":"fr-FR","@id":"https:\/\/dutchmicrodosing.com\/fr\/#\/schema\/logo\/image\/","url":"https:\/\/dutchmicrodosing.com\/wp-content\/uploads\/2021\/01\/microdosing-categorie-pic-nieuw.jpg","contentUrl":"https:\/\/dutchmicrodosing.com\/wp-content\/uploads\/2021\/01\/microdosing-categorie-pic-nieuw.jpg","width":500,"height":500,"caption":"Dutchmicrodosing"},"image":{"@id":"https:\/\/dutchmicrodosing.com\/fr\/#\/schema\/logo\/image\/"},"sameAs":["https:\/\/www.facebook.com\/Dutchmicrodosingxp\/","https:\/\/www.instagram.com\/dutchmicrodosing\/"]}]},"product_price_amount":"44.95","product_price_currency":"EUR","og_availability":"instock","product_availability":"instock","product_retailer_item_id":"5204531","product_condition":"new"},"_links":{"self":[{"href":"https:\/\/dutchmicrodosing.com\/fr\/wp-json\/wp\/v2\/product\/46969","targetHints":{"allow":["GET"]}}],"collection":[{"href":"https:\/\/dutchmicrodosing.com\/fr\/wp-json\/wp\/v2\/product"}],"about":[{"href":"https:\/\/dutchmicrodosing.com\/fr\/wp-json\/wp\/v2\/types\/product"}],"replies":[{"embeddable":true,"href":"https:\/\/dutchmicrodosing.com\/fr\/wp-json\/wp\/v2\/comments?post=46969"}],"version-history":[{"count":1,"href":"https:\/\/dutchmicrodosing.com\/fr\/wp-json\/wp\/v2\/product\/46969\/revisions"}],"predecessor-version":[{"id":64268,"href":"https:\/\/dutchmicrodosing.com\/fr\/wp-json\/wp\/v2\/product\/46969\/revisions\/64268"}],"wp:featuredmedia":[{"embeddable":true,"href":"https:\/\/dutchmicrodosing.com\/fr\/wp-json\/wp\/v2\/media\/46963"}],"wp:attachment":[{"href":"https:\/\/dutchmicrodosing.com\/fr\/wp-json\/wp\/v2\/media?parent=46969"}],"wp:term":[{"taxonomy":"product_brand","embeddable":true,"href":"https:\/\/dutchmicrodosing.com\/fr\/wp-json\/wp\/v2\/product_brand?post=46969"},{"taxonomy":"product_cat","embeddable":true,"href":"https:\/\/dutchmicrodosing.com\/fr\/wp-json\/wp\/v2\/product_cat?post=46969"},{"taxonomy":"product_tag","embeddable":true,"href":"https:\/\/dutchmicrodosing.com\/fr\/wp-json\/wp\/v2\/product_tag?post=46969"}],"curies":[{"name":"wp","href":"https:\/\/api.w.org\/{rel}","templated":true}]}}