{"id":46987,"date":"2025-04-07T15:11:09","date_gmt":"2025-04-07T13:11:09","guid":{"rendered":"https:\/\/dutchmicrodosing.com\/shop\/non%20class\u00e9\/cascadian-teacher-paddo-kweekset\/"},"modified":"2025-08-18T16:52:56","modified_gmt":"2025-08-18T14:52:56","slug":"cascadian-teacher-paddo-kweekset","status":"publish","type":"product","link":"https:\/\/dutchmicrodosing.com\/fr\/champignons-magiques\/kits-de-culture-mystic-fungi\/cascadian-teacher-paddo-kweekset\/","title":{"rendered":"Kit de culture de champignons Cascadian Teacher"},"content":{"rendered":"<p>Le <strong>Cascadian Teacher Mushroom Grow Kit<\/strong> est une vari\u00e9t\u00e9 de champignon puissante et adaptable qui s&rsquo;appuie sur la r\u00e9putation de la classique Golden Teacher. Sa croissance rapide et son adaptabilit\u00e9 \u00e0 diff\u00e9rents substrats en font un excellent choix pour les cultivateurs novices et exp\u00e9riment\u00e9s. La culture liquide est conditionn\u00e9e de mani\u00e8re st\u00e9rile pour une puret\u00e9 optimale et un risque de contamination minimal.<\/p>\n<h3>Caract\u00e9ristiques<\/h3>\n<ul>\n<li>Vari\u00e9t\u00e9 : Psilocybe Cubensis Cascadian Teacher &#8211; inspir\u00e9 par l&#8217;embl\u00e9matique Golden Teacher<\/li>\n<li>Contient 10 ml de culture liquide dans une seringue st\u00e9rile<\/li>\n<li>Cultiv\u00e9 dans des conditions contr\u00f4l\u00e9es et st\u00e9riles pour une fiabilit\u00e9 maximale<\/li>\n<li>Colonisation rapide de divers substrats<\/li>\n<li>Convivialit\u00e9 pour tous les niveaux de culture<\/li>\n<\/ul>\n<h3>Ingr\u00e9dients et\/ou composition<\/h3>\n<ul>\n<li>10 ml de culture liquide Cascadian Teacher<\/li>\n<li>1x aiguille st\u00e9rile (18G)<\/li>\n<li>1x lingette alcoolis\u00e9e pour la d\u00e9sinfection<\/li>\n<\/ul>\n<h3>Utilisation<\/h3>\n<ol>\n<li>Laissez la seringue se r\u00e9chauffer avant de l&rsquo;utiliser.<\/li>\n<li>Veillez \u00e0 ce que l&rsquo;environnement de travail soit propre et d\u00e9sinfectez le point d&rsquo;injection.<\/li>\n<li>Fixez l&rsquo;aiguille et utilisez la lingette imbib\u00e9e d&rsquo;alcool pour que tout soit st\u00e9rile.<\/li>\n<li>Injectez 1 \u00e0 2 ml du liquide dans le substrat choisi.<\/li>\n<li>Placez le substrat dans un endroit sombre et chaud (20-25\u00b0C) et suivez le d\u00e9veloppement du myc\u00e9lium.<\/li>\n<\/ol>\n<h3>Conditions d&rsquo;une culture r\u00e9ussie<\/h3>\n<ul>\n<li><strong>Alimentation :<\/strong> c\u00e9r\u00e9ales st\u00e9riles telles que le seigle ou le ma\u00efs<\/li>\n<li><strong>Substrat :<\/strong> par exemple fibre de coco, sciure de bois, paille ou autre mat\u00e9riau biologique.<\/li>\n<li><strong>Culture :<\/strong> Cette culture liquide ou une autre source de traces<\/li>\n<\/ul>\n<p>Note : maintenez l&rsquo;humidit\u00e9 stable avec un sac de culture ou un monotube. Travaillez toujours de mani\u00e8re hygi\u00e9nique et utilisez une aiguille propre pour \u00e9viter toute contamination.<\/p>\n<h3>Contenu<\/h3>\n<ul>\n<li>1x 10 ml de culture liquide avec le myc\u00e9lium de Cascadian Teacher<\/li>\n<li>1x aiguille st\u00e9rile 18G<\/li>\n<li>1x lingette alcoolis\u00e9e<\/li>\n<\/ul>\n<h3>Conseils de stockage<\/h3>\n<p>Conserver \u00e0 une temp\u00e9rature comprise entre 2 et 8\u00b0C. S&rsquo;ils sont conserv\u00e9s correctement, ils peuvent \u00eatre utilis\u00e9s jusqu&rsquo;\u00e0 6 mois. Tenir hors de port\u00e9e des enfants.<\/p>\n","protected":false},"excerpt":{"rendered":"<p>Le Cascadian Teacher Mushroom Grow Kit est une vari\u00e9t\u00e9 de champignon puissante et adaptable qui s&rsquo;appuie sur la r\u00e9putation de la classique Golden Teacher. Sa croissance rapide et son adaptabilit\u00e9 \u00e0 diff\u00e9rents substrats en font un excellent choix pour les cultivateurs novices et exp\u00e9riment\u00e9s. La culture liquide est conditionn\u00e9e de mani\u00e8re st\u00e9rile pour une puret\u00e9 [&hellip;]<\/p>\n","protected":false},"featured_media":46982,"comment_status":"closed","ping_status":"closed","template":"","meta":[],"product_brand":[],"product_cat":[342],"product_tag":[],"class_list":{"0":"post-46987","1":"product","2":"type-product","3":"status-publish","4":"has-post-thumbnail","6":"product_cat-kits-de-culture-mystic-fungi","8":"first","9":"outofstock","10":"taxable","11":"shipping-taxable","12":"purchasable","13":"product-type-simple"},"yoast_head":"<!-- This site is optimized with the Yoast SEO Premium plugin v26.4 (Yoast SEO v27.2) - https:\/\/yoast.com\/product\/yoast-seo-premium-wordpress\/ -->\n<title>Kit de culture de champignons Cascadian Teacher - Dutchmicrodosing<\/title>\n<meta name=\"description\" content=\"Cultivez vous-m\u00eame des champignons puissants avec le kit de culture Cascadian Teacher. Kit de culture complet avec colonisation fiable et utilisation facile.\" \/>\n<meta name=\"robots\" content=\"index, follow, max-snippet:-1, max-image-preview:large, max-video-preview:-1\" \/>\n<link rel=\"canonical\" href=\"https:\/\/dutchmicrodosing.com\/fr\/champignons-magiques\/kits-de-culture-mystic-fungi\/cascadian-teacher-paddo-kweekset\/\" \/>\n<meta property=\"og:locale\" content=\"fr_FR\" \/>\n<meta property=\"og:type\" content=\"article\" \/>\n<meta property=\"og:title\" content=\"Kit de culture de champignons Cascadian Teacher\" \/>\n<meta property=\"og:description\" content=\"Le Cascadian Teacher Mushroom Grow Kit est une vari\u00e9t\u00e9 de champignon puissante et adaptable qui s&#039;appuie sur la r\u00e9putation de la classique Golden Teacher.\" \/>\n<meta property=\"og:url\" content=\"https:\/\/dutchmicrodosing.com\/fr\/champignons-magiques\/kits-de-culture-mystic-fungi\/cascadian-teacher-paddo-kweekset\/\" \/>\n<meta property=\"og:site_name\" content=\"Dutchmicrodosing\" \/>\n<meta property=\"article:publisher\" content=\"https:\/\/www.facebook.com\/Dutchmicrodosingxp\/\" \/>\n<meta property=\"article:modified_time\" content=\"2025-08-18T14:52:56+00:00\" \/>\n<meta property=\"og:image\" content=\"https:\/\/dutchmicrodosing.com\/wp-content\/uploads\/2025\/04\/Cascadian-Teacher-Photoroom1.jpg\" \/>\n\t<meta property=\"og:image:width\" content=\"1512\" \/>\n\t<meta property=\"og:image:height\" content=\"1512\" \/>\n\t<meta property=\"og:image:type\" content=\"image\/jpeg\" \/>\n<meta name=\"twitter:card\" content=\"summary_large_image\" \/>\n<script type=\"application\/ld+json\" class=\"yoast-schema-graph\">{\"@context\":\"https:\/\/schema.org\",\"@graph\":[{\"@type\":\"WebPage\",\"@id\":\"https:\/\/dutchmicrodosing.com\/fr\/champignons-magiques\/kits-de-culture-mystic-fungi\/cascadian-teacher-paddo-kweekset\/\",\"url\":\"https:\/\/dutchmicrodosing.com\/fr\/champignons-magiques\/kits-de-culture-mystic-fungi\/cascadian-teacher-paddo-kweekset\/\",\"name\":\"Kit de culture de champignons Cascadian Teacher - Dutchmicrodosing\",\"isPartOf\":{\"@id\":\"https:\/\/dutchmicrodosing.com\/fr\/#website\"},\"primaryImageOfPage\":{\"@id\":\"https:\/\/dutchmicrodosing.com\/fr\/champignons-magiques\/kits-de-culture-mystic-fungi\/cascadian-teacher-paddo-kweekset\/#primaryimage\"},\"image\":{\"@id\":\"https:\/\/dutchmicrodosing.com\/fr\/champignons-magiques\/kits-de-culture-mystic-fungi\/cascadian-teacher-paddo-kweekset\/#primaryimage\"},\"thumbnailUrl\":\"https:\/\/dutchmicrodosing.com\/wp-content\/uploads\/2025\/04\/Cascadian-Teacher-Photoroom1.jpg\",\"datePublished\":\"2025-04-07T13:11:09+00:00\",\"dateModified\":\"2025-08-18T14:52:56+00:00\",\"description\":\"Cultivez vous-m\u00eame des champignons puissants avec le kit de culture Cascadian Teacher. Kit de culture complet avec colonisation fiable et utilisation facile.\",\"breadcrumb\":{\"@id\":\"https:\/\/dutchmicrodosing.com\/fr\/champignons-magiques\/kits-de-culture-mystic-fungi\/cascadian-teacher-paddo-kweekset\/#breadcrumb\"},\"inLanguage\":\"fr-FR\",\"potentialAction\":[{\"@type\":\"ReadAction\",\"target\":[\"https:\/\/dutchmicrodosing.com\/fr\/champignons-magiques\/kits-de-culture-mystic-fungi\/cascadian-teacher-paddo-kweekset\/\"]}]},{\"@type\":\"ImageObject\",\"inLanguage\":\"fr-FR\",\"@id\":\"https:\/\/dutchmicrodosing.com\/fr\/champignons-magiques\/kits-de-culture-mystic-fungi\/cascadian-teacher-paddo-kweekset\/#primaryimage\",\"url\":\"https:\/\/dutchmicrodosing.com\/wp-content\/uploads\/2025\/04\/Cascadian-Teacher-Photoroom1.jpg\",\"contentUrl\":\"https:\/\/dutchmicrodosing.com\/wp-content\/uploads\/2025\/04\/Cascadian-Teacher-Photoroom1.jpg\",\"width\":1512,\"height\":1512},{\"@type\":\"BreadcrumbList\",\"@id\":\"https:\/\/dutchmicrodosing.com\/fr\/champignons-magiques\/kits-de-culture-mystic-fungi\/cascadian-teacher-paddo-kweekset\/#breadcrumb\",\"itemListElement\":[{\"@type\":\"ListItem\",\"position\":1,\"name\":\"Home\",\"item\":\"https:\/\/dutchmicrodosing.com\/fr\/\"},{\"@type\":\"ListItem\",\"position\":2,\"name\":\"Boutique\",\"item\":\"https:\/\/dutchmicrodosing.com\/fr\/boutique\/\"},{\"@type\":\"ListItem\",\"position\":3,\"name\":\"Kit de culture de champignons Cascadian Teacher\"}]},{\"@type\":\"WebSite\",\"@id\":\"https:\/\/dutchmicrodosing.com\/fr\/#website\",\"url\":\"https:\/\/dutchmicrodosing.com\/fr\/\",\"name\":\"Dutchmicrodosing\",\"description\":\"\",\"publisher\":{\"@id\":\"https:\/\/dutchmicrodosing.com\/fr\/#organization\"},\"potentialAction\":[{\"@type\":\"SearchAction\",\"target\":{\"@type\":\"EntryPoint\",\"urlTemplate\":\"https:\/\/dutchmicrodosing.com\/fr\/?s={search_term_string}\"},\"query-input\":{\"@type\":\"PropertyValueSpecification\",\"valueRequired\":true,\"valueName\":\"search_term_string\"}}],\"inLanguage\":\"fr-FR\"},{\"@type\":\"Organization\",\"@id\":\"https:\/\/dutchmicrodosing.com\/fr\/#organization\",\"name\":\"Dutchmicrodosing\",\"url\":\"https:\/\/dutchmicrodosing.com\/fr\/\",\"logo\":{\"@type\":\"ImageObject\",\"inLanguage\":\"fr-FR\",\"@id\":\"https:\/\/dutchmicrodosing.com\/fr\/#\/schema\/logo\/image\/\",\"url\":\"https:\/\/dutchmicrodosing.com\/wp-content\/uploads\/2021\/01\/microdosing-categorie-pic-nieuw.jpg\",\"contentUrl\":\"https:\/\/dutchmicrodosing.com\/wp-content\/uploads\/2021\/01\/microdosing-categorie-pic-nieuw.jpg\",\"width\":500,\"height\":500,\"caption\":\"Dutchmicrodosing\"},\"image\":{\"@id\":\"https:\/\/dutchmicrodosing.com\/fr\/#\/schema\/logo\/image\/\"},\"sameAs\":[\"https:\/\/www.facebook.com\/Dutchmicrodosingxp\/\",\"https:\/\/www.instagram.com\/dutchmicrodosing\/\"]}]}<\/script>\n<meta property=\"product:price:amount\" content=\"44.95\" \/>\n<meta property=\"product:price:currency\" content=\"EUR\" \/>\n<meta property=\"og:availability\" content=\"out of stock\" \/>\n<meta property=\"product:availability\" content=\"out of stock\" \/>\n<meta property=\"product:retailer_item_id\" content=\"5204986\" \/>\n<meta property=\"product:condition\" content=\"new\" \/>\n<!-- \/ Yoast SEO Premium plugin. -->","yoast_head_json":{"title":"Kit de culture de champignons Cascadian Teacher - Dutchmicrodosing","description":"Cultivez vous-m\u00eame des champignons puissants avec le kit de culture Cascadian Teacher. Kit de culture complet avec colonisation fiable et utilisation facile.","robots":{"index":"index","follow":"follow","max-snippet":"max-snippet:-1","max-image-preview":"max-image-preview:large","max-video-preview":"max-video-preview:-1"},"canonical":"https:\/\/dutchmicrodosing.com\/fr\/champignons-magiques\/kits-de-culture-mystic-fungi\/cascadian-teacher-paddo-kweekset\/","og_locale":"fr_FR","og_type":"article","og_title":"Kit de culture de champignons Cascadian Teacher","og_description":"Le Cascadian Teacher Mushroom Grow Kit est une vari\u00e9t\u00e9 de champignon puissante et adaptable qui s'appuie sur la r\u00e9putation de la classique Golden Teacher.","og_url":"https:\/\/dutchmicrodosing.com\/fr\/champignons-magiques\/kits-de-culture-mystic-fungi\/cascadian-teacher-paddo-kweekset\/","og_site_name":"Dutchmicrodosing","article_publisher":"https:\/\/www.facebook.com\/Dutchmicrodosingxp\/","article_modified_time":"2025-08-18T14:52:56+00:00","og_image":[{"width":1512,"height":1512,"url":"https:\/\/dutchmicrodosing.com\/wp-content\/uploads\/2025\/04\/Cascadian-Teacher-Photoroom1.jpg","type":"image\/jpeg"}],"twitter_card":"summary_large_image","schema":{"@context":"https:\/\/schema.org","@graph":[{"@type":"WebPage","@id":"https:\/\/dutchmicrodosing.com\/fr\/champignons-magiques\/kits-de-culture-mystic-fungi\/cascadian-teacher-paddo-kweekset\/","url":"https:\/\/dutchmicrodosing.com\/fr\/champignons-magiques\/kits-de-culture-mystic-fungi\/cascadian-teacher-paddo-kweekset\/","name":"Kit de culture de champignons Cascadian Teacher - Dutchmicrodosing","isPartOf":{"@id":"https:\/\/dutchmicrodosing.com\/fr\/#website"},"primaryImageOfPage":{"@id":"https:\/\/dutchmicrodosing.com\/fr\/champignons-magiques\/kits-de-culture-mystic-fungi\/cascadian-teacher-paddo-kweekset\/#primaryimage"},"image":{"@id":"https:\/\/dutchmicrodosing.com\/fr\/champignons-magiques\/kits-de-culture-mystic-fungi\/cascadian-teacher-paddo-kweekset\/#primaryimage"},"thumbnailUrl":"https:\/\/dutchmicrodosing.com\/wp-content\/uploads\/2025\/04\/Cascadian-Teacher-Photoroom1.jpg","datePublished":"2025-04-07T13:11:09+00:00","dateModified":"2025-08-18T14:52:56+00:00","description":"Cultivez vous-m\u00eame des champignons puissants avec le kit de culture Cascadian Teacher. Kit de culture complet avec colonisation fiable et utilisation facile.","breadcrumb":{"@id":"https:\/\/dutchmicrodosing.com\/fr\/champignons-magiques\/kits-de-culture-mystic-fungi\/cascadian-teacher-paddo-kweekset\/#breadcrumb"},"inLanguage":"fr-FR","potentialAction":[{"@type":"ReadAction","target":["https:\/\/dutchmicrodosing.com\/fr\/champignons-magiques\/kits-de-culture-mystic-fungi\/cascadian-teacher-paddo-kweekset\/"]}]},{"@type":"ImageObject","inLanguage":"fr-FR","@id":"https:\/\/dutchmicrodosing.com\/fr\/champignons-magiques\/kits-de-culture-mystic-fungi\/cascadian-teacher-paddo-kweekset\/#primaryimage","url":"https:\/\/dutchmicrodosing.com\/wp-content\/uploads\/2025\/04\/Cascadian-Teacher-Photoroom1.jpg","contentUrl":"https:\/\/dutchmicrodosing.com\/wp-content\/uploads\/2025\/04\/Cascadian-Teacher-Photoroom1.jpg","width":1512,"height":1512},{"@type":"BreadcrumbList","@id":"https:\/\/dutchmicrodosing.com\/fr\/champignons-magiques\/kits-de-culture-mystic-fungi\/cascadian-teacher-paddo-kweekset\/#breadcrumb","itemListElement":[{"@type":"ListItem","position":1,"name":"Home","item":"https:\/\/dutchmicrodosing.com\/fr\/"},{"@type":"ListItem","position":2,"name":"Boutique","item":"https:\/\/dutchmicrodosing.com\/fr\/boutique\/"},{"@type":"ListItem","position":3,"name":"Kit de culture de champignons Cascadian Teacher"}]},{"@type":"WebSite","@id":"https:\/\/dutchmicrodosing.com\/fr\/#website","url":"https:\/\/dutchmicrodosing.com\/fr\/","name":"Dutchmicrodosing","description":"","publisher":{"@id":"https:\/\/dutchmicrodosing.com\/fr\/#organization"},"potentialAction":[{"@type":"SearchAction","target":{"@type":"EntryPoint","urlTemplate":"https:\/\/dutchmicrodosing.com\/fr\/?s={search_term_string}"},"query-input":{"@type":"PropertyValueSpecification","valueRequired":true,"valueName":"search_term_string"}}],"inLanguage":"fr-FR"},{"@type":"Organization","@id":"https:\/\/dutchmicrodosing.com\/fr\/#organization","name":"Dutchmicrodosing","url":"https:\/\/dutchmicrodosing.com\/fr\/","logo":{"@type":"ImageObject","inLanguage":"fr-FR","@id":"https:\/\/dutchmicrodosing.com\/fr\/#\/schema\/logo\/image\/","url":"https:\/\/dutchmicrodosing.com\/wp-content\/uploads\/2021\/01\/microdosing-categorie-pic-nieuw.jpg","contentUrl":"https:\/\/dutchmicrodosing.com\/wp-content\/uploads\/2021\/01\/microdosing-categorie-pic-nieuw.jpg","width":500,"height":500,"caption":"Dutchmicrodosing"},"image":{"@id":"https:\/\/dutchmicrodosing.com\/fr\/#\/schema\/logo\/image\/"},"sameAs":["https:\/\/www.facebook.com\/Dutchmicrodosingxp\/","https:\/\/www.instagram.com\/dutchmicrodosing\/"]}]},"product_price_amount":"44.95","product_price_currency":"EUR","og_availability":"out of stock","product_availability":"out of stock","product_retailer_item_id":"5204986","product_condition":"new"},"_links":{"self":[{"href":"https:\/\/dutchmicrodosing.com\/fr\/wp-json\/wp\/v2\/product\/46987","targetHints":{"allow":["GET"]}}],"collection":[{"href":"https:\/\/dutchmicrodosing.com\/fr\/wp-json\/wp\/v2\/product"}],"about":[{"href":"https:\/\/dutchmicrodosing.com\/fr\/wp-json\/wp\/v2\/types\/product"}],"replies":[{"embeddable":true,"href":"https:\/\/dutchmicrodosing.com\/fr\/wp-json\/wp\/v2\/comments?post=46987"}],"version-history":[{"count":0,"href":"https:\/\/dutchmicrodosing.com\/fr\/wp-json\/wp\/v2\/product\/46987\/revisions"}],"wp:featuredmedia":[{"embeddable":true,"href":"https:\/\/dutchmicrodosing.com\/fr\/wp-json\/wp\/v2\/media\/46982"}],"wp:attachment":[{"href":"https:\/\/dutchmicrodosing.com\/fr\/wp-json\/wp\/v2\/media?parent=46987"}],"wp:term":[{"taxonomy":"product_brand","embeddable":true,"href":"https:\/\/dutchmicrodosing.com\/fr\/wp-json\/wp\/v2\/product_brand?post=46987"},{"taxonomy":"product_cat","embeddable":true,"href":"https:\/\/dutchmicrodosing.com\/fr\/wp-json\/wp\/v2\/product_cat?post=46987"},{"taxonomy":"product_tag","embeddable":true,"href":"https:\/\/dutchmicrodosing.com\/fr\/wp-json\/wp\/v2\/product_tag?post=46987"}],"curies":[{"name":"wp","href":"https:\/\/api.w.org\/{rel}","templated":true}]}}