{"id":47014,"date":"2025-04-08T11:38:37","date_gmt":"2025-04-08T09:38:37","guid":{"rendered":"https:\/\/dutchmicrodosing.com\/shop\/non%20class\u00e9\/organic-tea-1-3-cbd-sleep\/"},"modified":"2025-08-21T13:47:38","modified_gmt":"2025-08-21T11:47:38","slug":"organic-tea-1-3-cbd-sleep","status":"publish","type":"product","link":"https:\/\/dutchmicrodosing.com\/fr\/boutique-de-sante\/cbd-et-supplements\/organic-tea-1-3-cbd-sleep\/","title":{"rendered":"Th\u00e9 biologique 1-3% CBD &#8211; Sommeil"},"content":{"rendered":"<p><strong>Organic Tea 1-3% CBD &#8211; Sleep<\/strong> by Plant of Remedy est une tisane naturelle et biologique, sp\u00e9cialement formul\u00e9e pour vous aider \u00e0 vous d\u00e9tendre \u00e0 la fin de la journ\u00e9e. Id\u00e9al pour un rituel de soir\u00e9e tranquille, ce m\u00e9lange d\u00e9caf\u00e9in\u00e9 onctueux a une saveur agr\u00e9able avec une note fra\u00eeche d&rsquo;agrumes.<\/p>\n<h3>Caract\u00e9ristiques<\/h3>\n<ul>\n<li>Contient des feuilles de chanvre biologique (Cannabis sativa L.)<\/li>\n<li>Enrichi en plantes telles que la lavande, la camomille, la val\u00e9riane et la citronnelle.<\/li>\n<li>Sans caf\u00e9ine et donc parfait pour le soir<\/li>\n<li>Vous pouvez utiliser un sachet plusieurs fois<\/li>\n<li>Emballage en carton durable issu de for\u00eats g\u00e9r\u00e9es de mani\u00e8re responsable<\/li>\n<li>Les sachets de th\u00e9 sont enti\u00e8rement biod\u00e9gradables<\/li>\n<\/ul>\n<h3>Ingr\u00e9dients et\/ou composition<\/h3>\n<p>Feuilles de chanvre (bio), fenouil, camomille, citronnelle, r\u00e9glisse, st\u00e9via, racine de val\u00e9riane, fleurs de lavande et ar\u00f4me naturel de citron.<\/p>\n<h3>Utilisation<\/h3>\n<p>Faites tremper un sachet de th\u00e9 dans de l&rsquo;eau chaude (non bouillante) pendant 5 \u00e0 7 minutes. Chaque pochette peut \u00eatre r\u00e9utilis\u00e9e jusqu&rsquo;\u00e0 trois fois.<\/p>\n<h3>Contenu<\/h3>\n<p>20 grammes au total (10 sachets de 2 grammes chacun)<\/p>\n","protected":false},"excerpt":{"rendered":"<p>Organic Tea 1-3% CBD &#8211; Sleep by Plant of Remedy est une tisane naturelle et biologique, sp\u00e9cialement formul\u00e9e pour vous aider \u00e0 vous d\u00e9tendre \u00e0 la fin de la journ\u00e9e. Id\u00e9al pour un rituel de soir\u00e9e tranquille, ce m\u00e9lange d\u00e9caf\u00e9in\u00e9 onctueux a une saveur agr\u00e9able avec une note fra\u00eeche d&rsquo;agrumes. Caract\u00e9ristiques Contient des feuilles de [&hellip;]<\/p>\n","protected":false},"featured_media":47005,"comment_status":"closed","ping_status":"closed","template":"","meta":[],"product_brand":[],"product_cat":[284,308,307],"product_tag":[],"class_list":{"0":"post-47014","1":"product","2":"type-product","3":"status-publish","4":"has-post-thumbnail","6":"product_cat-cbd-et-supplements","7":"product_cat-supplements-relaxt","8":"product_cat-supplements-pour-le-sommeil","10":"first","11":"instock","12":"taxable","13":"shipping-taxable","14":"purchasable","15":"product-type-simple"},"yoast_head":"<!-- This site is optimized with the Yoast SEO Premium plugin v26.4 (Yoast SEO v27.4) - https:\/\/yoast.com\/product\/yoast-seo-premium-wordpress\/ -->\n<title>Th\u00e9 biologique 1-3% CBD - Sommeil - Dutchmicrodosing<\/title>\n<meta name=\"description\" content=\"D\u00e9tendez-vous avec le th\u00e9 biologique 1-3% CBD de Plant of Remedy. Tisane biologique sans caf\u00e9ine \u00e0 base de chanvre, de camomille et de lavande. Un go\u00fbt d\u00e9licieux !\" \/>\n<meta name=\"robots\" content=\"index, follow, max-snippet:-1, max-image-preview:large, max-video-preview:-1\" \/>\n<link rel=\"canonical\" href=\"https:\/\/dutchmicrodosing.com\/fr\/boutique-de-sante\/cbd-et-supplements\/organic-tea-1-3-cbd-sleep\/\" \/>\n<meta property=\"og:locale\" content=\"fr_FR\" \/>\n<meta property=\"og:type\" content=\"article\" \/>\n<meta property=\"og:title\" content=\"Th\u00e9 biologique 1-3% CBD - Sommeil\" \/>\n<meta property=\"og:description\" content=\"Organic Tea 1-3% CBD - Sleep by Plant of Remedy est une tisane naturelle et biologique, sp\u00e9cialement formul\u00e9e pour vous aider \u00e0 vous d\u00e9tendre \u00e0 la fin de\" \/>\n<meta property=\"og:url\" content=\"https:\/\/dutchmicrodosing.com\/fr\/boutique-de-sante\/cbd-et-supplements\/organic-tea-1-3-cbd-sleep\/\" \/>\n<meta property=\"og:site_name\" content=\"Dutchmicrodosing\" \/>\n<meta property=\"article:publisher\" content=\"https:\/\/www.facebook.com\/Dutchmicrodosingxp\/\" \/>\n<meta property=\"article:modified_time\" content=\"2025-08-21T11:47:38+00:00\" \/>\n<meta property=\"og:image\" content=\"https:\/\/dutchmicrodosing.com\/wp-content\/uploads\/2025\/04\/cbd-wholesale-cbd-tea-sleep-plant-of-remedy.jpg\" \/>\n\t<meta property=\"og:image:width\" content=\"1600\" \/>\n\t<meta property=\"og:image:height\" content=\"1600\" \/>\n\t<meta property=\"og:image:type\" content=\"image\/jpeg\" \/>\n<meta name=\"twitter:card\" content=\"summary_large_image\" \/>\n<script type=\"application\/ld+json\" class=\"yoast-schema-graph\">{\"@context\":\"https:\\\/\\\/schema.org\",\"@graph\":[{\"@type\":\"WebPage\",\"@id\":\"https:\\\/\\\/dutchmicrodosing.com\\\/fr\\\/boutique-de-sante\\\/cbd-et-supplements\\\/organic-tea-1-3-cbd-sleep\\\/\",\"url\":\"https:\\\/\\\/dutchmicrodosing.com\\\/fr\\\/boutique-de-sante\\\/cbd-et-supplements\\\/organic-tea-1-3-cbd-sleep\\\/\",\"name\":\"Th\u00e9 biologique 1-3% CBD - Sommeil - Dutchmicrodosing\",\"isPartOf\":{\"@id\":\"https:\\\/\\\/dutchmicrodosing.com\\\/fr\\\/#website\"},\"primaryImageOfPage\":{\"@id\":\"https:\\\/\\\/dutchmicrodosing.com\\\/fr\\\/boutique-de-sante\\\/cbd-et-supplements\\\/organic-tea-1-3-cbd-sleep\\\/#primaryimage\"},\"image\":{\"@id\":\"https:\\\/\\\/dutchmicrodosing.com\\\/fr\\\/boutique-de-sante\\\/cbd-et-supplements\\\/organic-tea-1-3-cbd-sleep\\\/#primaryimage\"},\"thumbnailUrl\":\"https:\\\/\\\/dutchmicrodosing.com\\\/wp-content\\\/uploads\\\/2025\\\/04\\\/cbd-wholesale-cbd-tea-sleep-plant-of-remedy.jpg\",\"datePublished\":\"2025-04-08T09:38:37+00:00\",\"dateModified\":\"2025-08-21T11:47:38+00:00\",\"description\":\"D\u00e9tendez-vous avec le th\u00e9 biologique 1-3% CBD de Plant of Remedy. Tisane biologique sans caf\u00e9ine \u00e0 base de chanvre, de camomille et de lavande. Un go\u00fbt d\u00e9licieux !\",\"breadcrumb\":{\"@id\":\"https:\\\/\\\/dutchmicrodosing.com\\\/fr\\\/boutique-de-sante\\\/cbd-et-supplements\\\/organic-tea-1-3-cbd-sleep\\\/#breadcrumb\"},\"inLanguage\":\"fr-FR\",\"potentialAction\":[{\"@type\":\"ReadAction\",\"target\":[\"https:\\\/\\\/dutchmicrodosing.com\\\/fr\\\/boutique-de-sante\\\/cbd-et-supplements\\\/organic-tea-1-3-cbd-sleep\\\/\"]}]},{\"@type\":\"ImageObject\",\"inLanguage\":\"fr-FR\",\"@id\":\"https:\\\/\\\/dutchmicrodosing.com\\\/fr\\\/boutique-de-sante\\\/cbd-et-supplements\\\/organic-tea-1-3-cbd-sleep\\\/#primaryimage\",\"url\":\"https:\\\/\\\/dutchmicrodosing.com\\\/wp-content\\\/uploads\\\/2025\\\/04\\\/cbd-wholesale-cbd-tea-sleep-plant-of-remedy.jpg\",\"contentUrl\":\"https:\\\/\\\/dutchmicrodosing.com\\\/wp-content\\\/uploads\\\/2025\\\/04\\\/cbd-wholesale-cbd-tea-sleep-plant-of-remedy.jpg\",\"width\":1600,\"height\":1600},{\"@type\":\"BreadcrumbList\",\"@id\":\"https:\\\/\\\/dutchmicrodosing.com\\\/fr\\\/boutique-de-sante\\\/cbd-et-supplements\\\/organic-tea-1-3-cbd-sleep\\\/#breadcrumb\",\"itemListElement\":[{\"@type\":\"ListItem\",\"position\":1,\"name\":\"Home\",\"item\":\"https:\\\/\\\/dutchmicrodosing.com\\\/fr\\\/\"},{\"@type\":\"ListItem\",\"position\":2,\"name\":\"Boutique\",\"item\":\"https:\\\/\\\/dutchmicrodosing.com\\\/fr\\\/boutique\\\/\"},{\"@type\":\"ListItem\",\"position\":3,\"name\":\"Th\u00e9 biologique 1-3% CBD &#8211; Sommeil\"}]},{\"@type\":\"WebSite\",\"@id\":\"https:\\\/\\\/dutchmicrodosing.com\\\/fr\\\/#website\",\"url\":\"https:\\\/\\\/dutchmicrodosing.com\\\/fr\\\/\",\"name\":\"Dutchmicrodosing\",\"description\":\"\",\"publisher\":{\"@id\":\"https:\\\/\\\/dutchmicrodosing.com\\\/fr\\\/#organization\"},\"potentialAction\":[{\"@type\":\"SearchAction\",\"target\":{\"@type\":\"EntryPoint\",\"urlTemplate\":\"https:\\\/\\\/dutchmicrodosing.com\\\/fr\\\/?s={search_term_string}\"},\"query-input\":{\"@type\":\"PropertyValueSpecification\",\"valueRequired\":true,\"valueName\":\"search_term_string\"}}],\"inLanguage\":\"fr-FR\"},{\"@type\":\"Organization\",\"@id\":\"https:\\\/\\\/dutchmicrodosing.com\\\/fr\\\/#organization\",\"name\":\"Dutchmicrodosing\",\"url\":\"https:\\\/\\\/dutchmicrodosing.com\\\/fr\\\/\",\"logo\":{\"@type\":\"ImageObject\",\"inLanguage\":\"fr-FR\",\"@id\":\"https:\\\/\\\/dutchmicrodosing.com\\\/fr\\\/#\\\/schema\\\/logo\\\/image\\\/\",\"url\":\"https:\\\/\\\/dutchmicrodosing.com\\\/wp-content\\\/uploads\\\/2021\\\/01\\\/microdosing-categorie-pic-nieuw.jpg\",\"contentUrl\":\"https:\\\/\\\/dutchmicrodosing.com\\\/wp-content\\\/uploads\\\/2021\\\/01\\\/microdosing-categorie-pic-nieuw.jpg\",\"width\":500,\"height\":500,\"caption\":\"Dutchmicrodosing\"},\"image\":{\"@id\":\"https:\\\/\\\/dutchmicrodosing.com\\\/fr\\\/#\\\/schema\\\/logo\\\/image\\\/\"},\"sameAs\":[\"https:\\\/\\\/www.facebook.com\\\/Dutchmicrodosingxp\\\/\",\"https:\\\/\\\/www.instagram.com\\\/dutchmicrodosing\\\/\"]}]}<\/script>\n<meta property=\"product:price:amount\" content=\"6.95\" \/>\n<meta property=\"product:price:currency\" content=\"EUR\" \/>\n<meta property=\"og:availability\" content=\"instock\" \/>\n<meta property=\"product:availability\" content=\"instock\" \/>\n<meta property=\"product:retailer_item_id\" content=\"5204555\" \/>\n<meta property=\"product:condition\" content=\"new\" \/>\n<!-- \/ Yoast SEO Premium plugin. -->","yoast_head_json":{"title":"Th\u00e9 biologique 1-3% CBD - Sommeil - Dutchmicrodosing","description":"D\u00e9tendez-vous avec le th\u00e9 biologique 1-3% CBD de Plant of Remedy. Tisane biologique sans caf\u00e9ine \u00e0 base de chanvre, de camomille et de lavande. Un go\u00fbt d\u00e9licieux !","robots":{"index":"index","follow":"follow","max-snippet":"max-snippet:-1","max-image-preview":"max-image-preview:large","max-video-preview":"max-video-preview:-1"},"canonical":"https:\/\/dutchmicrodosing.com\/fr\/boutique-de-sante\/cbd-et-supplements\/organic-tea-1-3-cbd-sleep\/","og_locale":"fr_FR","og_type":"article","og_title":"Th\u00e9 biologique 1-3% CBD - Sommeil","og_description":"Organic Tea 1-3% CBD - Sleep by Plant of Remedy est une tisane naturelle et biologique, sp\u00e9cialement formul\u00e9e pour vous aider \u00e0 vous d\u00e9tendre \u00e0 la fin de","og_url":"https:\/\/dutchmicrodosing.com\/fr\/boutique-de-sante\/cbd-et-supplements\/organic-tea-1-3-cbd-sleep\/","og_site_name":"Dutchmicrodosing","article_publisher":"https:\/\/www.facebook.com\/Dutchmicrodosingxp\/","article_modified_time":"2025-08-21T11:47:38+00:00","og_image":[{"width":1600,"height":1600,"url":"https:\/\/dutchmicrodosing.com\/wp-content\/uploads\/2025\/04\/cbd-wholesale-cbd-tea-sleep-plant-of-remedy.jpg","type":"image\/jpeg"}],"twitter_card":"summary_large_image","schema":{"@context":"https:\/\/schema.org","@graph":[{"@type":"WebPage","@id":"https:\/\/dutchmicrodosing.com\/fr\/boutique-de-sante\/cbd-et-supplements\/organic-tea-1-3-cbd-sleep\/","url":"https:\/\/dutchmicrodosing.com\/fr\/boutique-de-sante\/cbd-et-supplements\/organic-tea-1-3-cbd-sleep\/","name":"Th\u00e9 biologique 1-3% CBD - Sommeil - Dutchmicrodosing","isPartOf":{"@id":"https:\/\/dutchmicrodosing.com\/fr\/#website"},"primaryImageOfPage":{"@id":"https:\/\/dutchmicrodosing.com\/fr\/boutique-de-sante\/cbd-et-supplements\/organic-tea-1-3-cbd-sleep\/#primaryimage"},"image":{"@id":"https:\/\/dutchmicrodosing.com\/fr\/boutique-de-sante\/cbd-et-supplements\/organic-tea-1-3-cbd-sleep\/#primaryimage"},"thumbnailUrl":"https:\/\/dutchmicrodosing.com\/wp-content\/uploads\/2025\/04\/cbd-wholesale-cbd-tea-sleep-plant-of-remedy.jpg","datePublished":"2025-04-08T09:38:37+00:00","dateModified":"2025-08-21T11:47:38+00:00","description":"D\u00e9tendez-vous avec le th\u00e9 biologique 1-3% CBD de Plant of Remedy. Tisane biologique sans caf\u00e9ine \u00e0 base de chanvre, de camomille et de lavande. Un go\u00fbt d\u00e9licieux !","breadcrumb":{"@id":"https:\/\/dutchmicrodosing.com\/fr\/boutique-de-sante\/cbd-et-supplements\/organic-tea-1-3-cbd-sleep\/#breadcrumb"},"inLanguage":"fr-FR","potentialAction":[{"@type":"ReadAction","target":["https:\/\/dutchmicrodosing.com\/fr\/boutique-de-sante\/cbd-et-supplements\/organic-tea-1-3-cbd-sleep\/"]}]},{"@type":"ImageObject","inLanguage":"fr-FR","@id":"https:\/\/dutchmicrodosing.com\/fr\/boutique-de-sante\/cbd-et-supplements\/organic-tea-1-3-cbd-sleep\/#primaryimage","url":"https:\/\/dutchmicrodosing.com\/wp-content\/uploads\/2025\/04\/cbd-wholesale-cbd-tea-sleep-plant-of-remedy.jpg","contentUrl":"https:\/\/dutchmicrodosing.com\/wp-content\/uploads\/2025\/04\/cbd-wholesale-cbd-tea-sleep-plant-of-remedy.jpg","width":1600,"height":1600},{"@type":"BreadcrumbList","@id":"https:\/\/dutchmicrodosing.com\/fr\/boutique-de-sante\/cbd-et-supplements\/organic-tea-1-3-cbd-sleep\/#breadcrumb","itemListElement":[{"@type":"ListItem","position":1,"name":"Home","item":"https:\/\/dutchmicrodosing.com\/fr\/"},{"@type":"ListItem","position":2,"name":"Boutique","item":"https:\/\/dutchmicrodosing.com\/fr\/boutique\/"},{"@type":"ListItem","position":3,"name":"Th\u00e9 biologique 1-3% CBD &#8211; Sommeil"}]},{"@type":"WebSite","@id":"https:\/\/dutchmicrodosing.com\/fr\/#website","url":"https:\/\/dutchmicrodosing.com\/fr\/","name":"Dutchmicrodosing","description":"","publisher":{"@id":"https:\/\/dutchmicrodosing.com\/fr\/#organization"},"potentialAction":[{"@type":"SearchAction","target":{"@type":"EntryPoint","urlTemplate":"https:\/\/dutchmicrodosing.com\/fr\/?s={search_term_string}"},"query-input":{"@type":"PropertyValueSpecification","valueRequired":true,"valueName":"search_term_string"}}],"inLanguage":"fr-FR"},{"@type":"Organization","@id":"https:\/\/dutchmicrodosing.com\/fr\/#organization","name":"Dutchmicrodosing","url":"https:\/\/dutchmicrodosing.com\/fr\/","logo":{"@type":"ImageObject","inLanguage":"fr-FR","@id":"https:\/\/dutchmicrodosing.com\/fr\/#\/schema\/logo\/image\/","url":"https:\/\/dutchmicrodosing.com\/wp-content\/uploads\/2021\/01\/microdosing-categorie-pic-nieuw.jpg","contentUrl":"https:\/\/dutchmicrodosing.com\/wp-content\/uploads\/2021\/01\/microdosing-categorie-pic-nieuw.jpg","width":500,"height":500,"caption":"Dutchmicrodosing"},"image":{"@id":"https:\/\/dutchmicrodosing.com\/fr\/#\/schema\/logo\/image\/"},"sameAs":["https:\/\/www.facebook.com\/Dutchmicrodosingxp\/","https:\/\/www.instagram.com\/dutchmicrodosing\/"]}]},"product_price_amount":"6.95","product_price_currency":"EUR","og_availability":"instock","product_availability":"instock","product_retailer_item_id":"5204555","product_condition":"new"},"_links":{"self":[{"href":"https:\/\/dutchmicrodosing.com\/fr\/wp-json\/wp\/v2\/product\/47014","targetHints":{"allow":["GET"]}}],"collection":[{"href":"https:\/\/dutchmicrodosing.com\/fr\/wp-json\/wp\/v2\/product"}],"about":[{"href":"https:\/\/dutchmicrodosing.com\/fr\/wp-json\/wp\/v2\/types\/product"}],"replies":[{"embeddable":true,"href":"https:\/\/dutchmicrodosing.com\/fr\/wp-json\/wp\/v2\/comments?post=47014"}],"version-history":[{"count":0,"href":"https:\/\/dutchmicrodosing.com\/fr\/wp-json\/wp\/v2\/product\/47014\/revisions"}],"wp:featuredmedia":[{"embeddable":true,"href":"https:\/\/dutchmicrodosing.com\/fr\/wp-json\/wp\/v2\/media\/47005"}],"wp:attachment":[{"href":"https:\/\/dutchmicrodosing.com\/fr\/wp-json\/wp\/v2\/media?parent=47014"}],"wp:term":[{"taxonomy":"product_brand","embeddable":true,"href":"https:\/\/dutchmicrodosing.com\/fr\/wp-json\/wp\/v2\/product_brand?post=47014"},{"taxonomy":"product_cat","embeddable":true,"href":"https:\/\/dutchmicrodosing.com\/fr\/wp-json\/wp\/v2\/product_cat?post=47014"},{"taxonomy":"product_tag","embeddable":true,"href":"https:\/\/dutchmicrodosing.com\/fr\/wp-json\/wp\/v2\/product_tag?post=47014"}],"curies":[{"name":"wp","href":"https:\/\/api.w.org\/{rel}","templated":true}]}}