{"id":47023,"date":"2025-04-08T11:45:58","date_gmt":"2025-04-08T09:45:58","guid":{"rendered":"https:\/\/dutchmicrodosing.com\/shop\/non%20class\u00e9\/organic-tea-1-3-cbd-relax\/"},"modified":"2025-09-03T02:24:56","modified_gmt":"2025-09-03T00:24:56","slug":"organic-tea-1-3-cbd-relax","status":"publish","type":"product","link":"https:\/\/dutchmicrodosing.com\/fr\/boutique-de-sante\/cbd-et-supplements\/organic-tea-1-3-cbd-relax\/","title":{"rendered":"Th\u00e9 biologique 1-3% CBD &#8211; Relax"},"content":{"rendered":"<p>Le <strong>th\u00e9 biologique 1-3% CBD &#8211; Relax<\/strong> de Plant of Remedy est con\u00e7u pour ceux qui recherchent un moment de tranquillit\u00e9 naturelle. Cette tisane sans caf\u00e9ine est compos\u00e9e d&rsquo;un m\u00e9lange d&rsquo;ingr\u00e9dients biologiques soigneusement \u00e9labor\u00e9s et convient \u00e0 un usage quotidien, aussi bien pendant la journ\u00e9e que le soir. Un produit fonctionnel et de bon go\u00fbt dans le cadre d&rsquo;un mode de vie conscient.<\/p>\n<h3>Caract\u00e9ristiques<\/h3>\n<ul>\n<li>Fabriqu\u00e9 \u00e0 partir d&rsquo;un m\u00e9lange de feuilles de chanvre, de rooibos, de fenouil, de citronnelle, de menthe, de st\u00e9via, de cynorrhodon, de myrtilles, de roses et d&rsquo;ar\u00f4mes naturels de fruits des bois et de citron.<\/li>\n<li>Enti\u00e8rement biologique et sans caf\u00e9ine<\/li>\n<li>Sachets de th\u00e9 r\u00e9utilisables : ils peuvent \u00eatre utilis\u00e9s jusqu&rsquo;\u00e0 trois fois par sachet.<\/li>\n<li>Emballages fabriqu\u00e9s \u00e0 partir de mat\u00e9riaux issus de for\u00eats g\u00e9r\u00e9es de mani\u00e8re responsable<\/li>\n<li>Sachets de th\u00e9 biod\u00e9gradables<\/li>\n<\/ul>\n<h3>Ingr\u00e9dients et\/ou composition<\/h3>\n<p>Feuilles de chanvre (avec 1-3% de CBD), rooibos, fenouil, citronnelle, menthe, st\u00e9via, cynorrhodon, myrtilles, roses, ar\u00f4me naturel de fruits des bois et de citron.<\/p>\n<h3>Utilisation<\/h3>\n<p>Placez un sachet de th\u00e9 dans une tasse d&rsquo;eau chaude et laissez infuser pendant 5 \u00e0 7 minutes. Le temps de tirage peut \u00eatre ajust\u00e9 en fonction des pr\u00e9f\u00e9rences personnelles. Chaque sachet peut \u00eatre utilis\u00e9 plusieurs fois, jusqu&rsquo;\u00e0 trois infusions par sachet.<\/p>\n<h3>Contenu<\/h3>\n<p>20 grammes (10 sachets de 2 grammes)<\/p>\n","protected":false},"excerpt":{"rendered":"<p>Le th\u00e9 biologique 1-3% CBD &#8211; Relax de Plant of Remedy est con\u00e7u pour ceux qui recherchent un moment de tranquillit\u00e9 naturelle. Cette tisane sans caf\u00e9ine est compos\u00e9e d&rsquo;un m\u00e9lange d&rsquo;ingr\u00e9dients biologiques soigneusement \u00e9labor\u00e9s et convient \u00e0 un usage quotidien, aussi bien pendant la journ\u00e9e que le soir. Un produit fonctionnel et de bon go\u00fbt [&hellip;]<\/p>\n","protected":false},"featured_media":47018,"comment_status":"closed","ping_status":"closed","template":"","meta":[],"product_brand":[],"product_cat":[284,308],"product_tag":[],"class_list":{"0":"post-47023","1":"product","2":"type-product","3":"status-publish","4":"has-post-thumbnail","6":"product_cat-cbd-et-supplements","7":"product_cat-supplements-relaxt","9":"first","10":"instock","11":"taxable","12":"shipping-taxable","13":"purchasable","14":"product-type-simple"},"yoast_head":"<!-- This site is optimized with the Yoast SEO Premium plugin v26.4 (Yoast SEO v27.4) - https:\/\/yoast.com\/product\/yoast-seo-premium-wordpress\/ -->\n<title>Th\u00e9 biologique 1-3% CBD - Relax - Dutchmicrodosing<\/title>\n<meta name=\"description\" content=\"Organic Tea 1-3% CBD - Relax by Plant of Remedy est un th\u00e9 biologique, sans caf\u00e9ine, \u00e0 base d&#039;ingr\u00e9dients naturels. Emball\u00e9 de mani\u00e8re durable et adapt\u00e9 \u00e0...\" \/>\n<meta name=\"robots\" content=\"index, follow, max-snippet:-1, max-image-preview:large, max-video-preview:-1\" \/>\n<link rel=\"canonical\" href=\"https:\/\/dutchmicrodosing.com\/fr\/boutique-de-sante\/cbd-et-supplements\/organic-tea-1-3-cbd-relax\/\" \/>\n<meta property=\"og:locale\" content=\"fr_FR\" \/>\n<meta property=\"og:type\" content=\"article\" \/>\n<meta property=\"og:title\" content=\"Th\u00e9 biologique 1-3% CBD - Relax\" \/>\n<meta property=\"og:description\" content=\"Le th\u00e9 biologique 1-3% CBD - Relax de Plant of Remedy est con\u00e7u pour ceux qui recherchent un moment de tranquillit\u00e9 naturelle. Cette tisane sans caf\u00e9ine\" \/>\n<meta property=\"og:url\" content=\"https:\/\/dutchmicrodosing.com\/fr\/boutique-de-sante\/cbd-et-supplements\/organic-tea-1-3-cbd-relax\/\" \/>\n<meta property=\"og:site_name\" content=\"Dutchmicrodosing\" \/>\n<meta property=\"article:publisher\" content=\"https:\/\/www.facebook.com\/Dutchmicrodosingxp\/\" \/>\n<meta property=\"article:modified_time\" content=\"2025-09-03T00:24:56+00:00\" \/>\n<meta property=\"og:image\" content=\"https:\/\/dutchmicrodosing.com\/wp-content\/uploads\/2025\/04\/wholesale-cbd-tea-relax-plant-of-remedy_LRG.jpg\" \/>\n\t<meta property=\"og:image:width\" content=\"1600\" \/>\n\t<meta property=\"og:image:height\" content=\"1600\" \/>\n\t<meta property=\"og:image:type\" content=\"image\/jpeg\" \/>\n<meta name=\"twitter:card\" content=\"summary_large_image\" \/>\n<script type=\"application\/ld+json\" class=\"yoast-schema-graph\">{\"@context\":\"https:\\\/\\\/schema.org\",\"@graph\":[{\"@type\":\"WebPage\",\"@id\":\"https:\\\/\\\/dutchmicrodosing.com\\\/fr\\\/boutique-de-sante\\\/cbd-et-supplements\\\/organic-tea-1-3-cbd-relax\\\/\",\"url\":\"https:\\\/\\\/dutchmicrodosing.com\\\/fr\\\/boutique-de-sante\\\/cbd-et-supplements\\\/organic-tea-1-3-cbd-relax\\\/\",\"name\":\"Th\u00e9 biologique 1-3% CBD - Relax - Dutchmicrodosing\",\"isPartOf\":{\"@id\":\"https:\\\/\\\/dutchmicrodosing.com\\\/fr\\\/#website\"},\"primaryImageOfPage\":{\"@id\":\"https:\\\/\\\/dutchmicrodosing.com\\\/fr\\\/boutique-de-sante\\\/cbd-et-supplements\\\/organic-tea-1-3-cbd-relax\\\/#primaryimage\"},\"image\":{\"@id\":\"https:\\\/\\\/dutchmicrodosing.com\\\/fr\\\/boutique-de-sante\\\/cbd-et-supplements\\\/organic-tea-1-3-cbd-relax\\\/#primaryimage\"},\"thumbnailUrl\":\"https:\\\/\\\/dutchmicrodosing.com\\\/wp-content\\\/uploads\\\/2025\\\/04\\\/wholesale-cbd-tea-relax-plant-of-remedy_LRG.jpg\",\"datePublished\":\"2025-04-08T09:45:58+00:00\",\"dateModified\":\"2025-09-03T00:24:56+00:00\",\"description\":\"Organic Tea 1-3% CBD - Relax by Plant of Remedy est un th\u00e9 biologique, sans caf\u00e9ine, \u00e0 base d'ingr\u00e9dients naturels. Emball\u00e9 de mani\u00e8re durable et adapt\u00e9 \u00e0...\",\"breadcrumb\":{\"@id\":\"https:\\\/\\\/dutchmicrodosing.com\\\/fr\\\/boutique-de-sante\\\/cbd-et-supplements\\\/organic-tea-1-3-cbd-relax\\\/#breadcrumb\"},\"inLanguage\":\"fr-FR\",\"potentialAction\":[{\"@type\":\"ReadAction\",\"target\":[\"https:\\\/\\\/dutchmicrodosing.com\\\/fr\\\/boutique-de-sante\\\/cbd-et-supplements\\\/organic-tea-1-3-cbd-relax\\\/\"]}]},{\"@type\":\"ImageObject\",\"inLanguage\":\"fr-FR\",\"@id\":\"https:\\\/\\\/dutchmicrodosing.com\\\/fr\\\/boutique-de-sante\\\/cbd-et-supplements\\\/organic-tea-1-3-cbd-relax\\\/#primaryimage\",\"url\":\"https:\\\/\\\/dutchmicrodosing.com\\\/wp-content\\\/uploads\\\/2025\\\/04\\\/wholesale-cbd-tea-relax-plant-of-remedy_LRG.jpg\",\"contentUrl\":\"https:\\\/\\\/dutchmicrodosing.com\\\/wp-content\\\/uploads\\\/2025\\\/04\\\/wholesale-cbd-tea-relax-plant-of-remedy_LRG.jpg\",\"width\":1600,\"height\":1600,\"caption\":\"cbd tea rleaxed\"},{\"@type\":\"BreadcrumbList\",\"@id\":\"https:\\\/\\\/dutchmicrodosing.com\\\/fr\\\/boutique-de-sante\\\/cbd-et-supplements\\\/organic-tea-1-3-cbd-relax\\\/#breadcrumb\",\"itemListElement\":[{\"@type\":\"ListItem\",\"position\":1,\"name\":\"Home\",\"item\":\"https:\\\/\\\/dutchmicrodosing.com\\\/fr\\\/\"},{\"@type\":\"ListItem\",\"position\":2,\"name\":\"Boutique\",\"item\":\"https:\\\/\\\/dutchmicrodosing.com\\\/fr\\\/boutique\\\/\"},{\"@type\":\"ListItem\",\"position\":3,\"name\":\"Th\u00e9 biologique 1-3% CBD &#8211; Relax\"}]},{\"@type\":\"WebSite\",\"@id\":\"https:\\\/\\\/dutchmicrodosing.com\\\/fr\\\/#website\",\"url\":\"https:\\\/\\\/dutchmicrodosing.com\\\/fr\\\/\",\"name\":\"Dutchmicrodosing\",\"description\":\"\",\"publisher\":{\"@id\":\"https:\\\/\\\/dutchmicrodosing.com\\\/fr\\\/#organization\"},\"potentialAction\":[{\"@type\":\"SearchAction\",\"target\":{\"@type\":\"EntryPoint\",\"urlTemplate\":\"https:\\\/\\\/dutchmicrodosing.com\\\/fr\\\/?s={search_term_string}\"},\"query-input\":{\"@type\":\"PropertyValueSpecification\",\"valueRequired\":true,\"valueName\":\"search_term_string\"}}],\"inLanguage\":\"fr-FR\"},{\"@type\":\"Organization\",\"@id\":\"https:\\\/\\\/dutchmicrodosing.com\\\/fr\\\/#organization\",\"name\":\"Dutchmicrodosing\",\"url\":\"https:\\\/\\\/dutchmicrodosing.com\\\/fr\\\/\",\"logo\":{\"@type\":\"ImageObject\",\"inLanguage\":\"fr-FR\",\"@id\":\"https:\\\/\\\/dutchmicrodosing.com\\\/fr\\\/#\\\/schema\\\/logo\\\/image\\\/\",\"url\":\"https:\\\/\\\/dutchmicrodosing.com\\\/wp-content\\\/uploads\\\/2021\\\/01\\\/microdosing-categorie-pic-nieuw.jpg\",\"contentUrl\":\"https:\\\/\\\/dutchmicrodosing.com\\\/wp-content\\\/uploads\\\/2021\\\/01\\\/microdosing-categorie-pic-nieuw.jpg\",\"width\":500,\"height\":500,\"caption\":\"Dutchmicrodosing\"},\"image\":{\"@id\":\"https:\\\/\\\/dutchmicrodosing.com\\\/fr\\\/#\\\/schema\\\/logo\\\/image\\\/\"},\"sameAs\":[\"https:\\\/\\\/www.facebook.com\\\/Dutchmicrodosingxp\\\/\",\"https:\\\/\\\/www.instagram.com\\\/dutchmicrodosing\\\/\"]}]}<\/script>\n<meta property=\"product:price:amount\" content=\"6.95\" \/>\n<meta property=\"product:price:currency\" content=\"EUR\" \/>\n<meta property=\"og:availability\" content=\"instock\" \/>\n<meta property=\"product:availability\" content=\"instock\" \/>\n<meta property=\"product:retailer_item_id\" content=\"5204441\" \/>\n<meta property=\"product:condition\" content=\"new\" \/>\n<!-- \/ Yoast SEO Premium plugin. -->","yoast_head_json":{"title":"Th\u00e9 biologique 1-3% CBD - Relax - Dutchmicrodosing","description":"Organic Tea 1-3% CBD - Relax by Plant of Remedy est un th\u00e9 biologique, sans caf\u00e9ine, \u00e0 base d'ingr\u00e9dients naturels. Emball\u00e9 de mani\u00e8re durable et adapt\u00e9 \u00e0...","robots":{"index":"index","follow":"follow","max-snippet":"max-snippet:-1","max-image-preview":"max-image-preview:large","max-video-preview":"max-video-preview:-1"},"canonical":"https:\/\/dutchmicrodosing.com\/fr\/boutique-de-sante\/cbd-et-supplements\/organic-tea-1-3-cbd-relax\/","og_locale":"fr_FR","og_type":"article","og_title":"Th\u00e9 biologique 1-3% CBD - Relax","og_description":"Le th\u00e9 biologique 1-3% CBD - Relax de Plant of Remedy est con\u00e7u pour ceux qui recherchent un moment de tranquillit\u00e9 naturelle. Cette tisane sans caf\u00e9ine","og_url":"https:\/\/dutchmicrodosing.com\/fr\/boutique-de-sante\/cbd-et-supplements\/organic-tea-1-3-cbd-relax\/","og_site_name":"Dutchmicrodosing","article_publisher":"https:\/\/www.facebook.com\/Dutchmicrodosingxp\/","article_modified_time":"2025-09-03T00:24:56+00:00","og_image":[{"width":1600,"height":1600,"url":"https:\/\/dutchmicrodosing.com\/wp-content\/uploads\/2025\/04\/wholesale-cbd-tea-relax-plant-of-remedy_LRG.jpg","type":"image\/jpeg"}],"twitter_card":"summary_large_image","schema":{"@context":"https:\/\/schema.org","@graph":[{"@type":"WebPage","@id":"https:\/\/dutchmicrodosing.com\/fr\/boutique-de-sante\/cbd-et-supplements\/organic-tea-1-3-cbd-relax\/","url":"https:\/\/dutchmicrodosing.com\/fr\/boutique-de-sante\/cbd-et-supplements\/organic-tea-1-3-cbd-relax\/","name":"Th\u00e9 biologique 1-3% CBD - Relax - Dutchmicrodosing","isPartOf":{"@id":"https:\/\/dutchmicrodosing.com\/fr\/#website"},"primaryImageOfPage":{"@id":"https:\/\/dutchmicrodosing.com\/fr\/boutique-de-sante\/cbd-et-supplements\/organic-tea-1-3-cbd-relax\/#primaryimage"},"image":{"@id":"https:\/\/dutchmicrodosing.com\/fr\/boutique-de-sante\/cbd-et-supplements\/organic-tea-1-3-cbd-relax\/#primaryimage"},"thumbnailUrl":"https:\/\/dutchmicrodosing.com\/wp-content\/uploads\/2025\/04\/wholesale-cbd-tea-relax-plant-of-remedy_LRG.jpg","datePublished":"2025-04-08T09:45:58+00:00","dateModified":"2025-09-03T00:24:56+00:00","description":"Organic Tea 1-3% CBD - Relax by Plant of Remedy est un th\u00e9 biologique, sans caf\u00e9ine, \u00e0 base d'ingr\u00e9dients naturels. Emball\u00e9 de mani\u00e8re durable et adapt\u00e9 \u00e0...","breadcrumb":{"@id":"https:\/\/dutchmicrodosing.com\/fr\/boutique-de-sante\/cbd-et-supplements\/organic-tea-1-3-cbd-relax\/#breadcrumb"},"inLanguage":"fr-FR","potentialAction":[{"@type":"ReadAction","target":["https:\/\/dutchmicrodosing.com\/fr\/boutique-de-sante\/cbd-et-supplements\/organic-tea-1-3-cbd-relax\/"]}]},{"@type":"ImageObject","inLanguage":"fr-FR","@id":"https:\/\/dutchmicrodosing.com\/fr\/boutique-de-sante\/cbd-et-supplements\/organic-tea-1-3-cbd-relax\/#primaryimage","url":"https:\/\/dutchmicrodosing.com\/wp-content\/uploads\/2025\/04\/wholesale-cbd-tea-relax-plant-of-remedy_LRG.jpg","contentUrl":"https:\/\/dutchmicrodosing.com\/wp-content\/uploads\/2025\/04\/wholesale-cbd-tea-relax-plant-of-remedy_LRG.jpg","width":1600,"height":1600,"caption":"cbd tea rleaxed"},{"@type":"BreadcrumbList","@id":"https:\/\/dutchmicrodosing.com\/fr\/boutique-de-sante\/cbd-et-supplements\/organic-tea-1-3-cbd-relax\/#breadcrumb","itemListElement":[{"@type":"ListItem","position":1,"name":"Home","item":"https:\/\/dutchmicrodosing.com\/fr\/"},{"@type":"ListItem","position":2,"name":"Boutique","item":"https:\/\/dutchmicrodosing.com\/fr\/boutique\/"},{"@type":"ListItem","position":3,"name":"Th\u00e9 biologique 1-3% CBD &#8211; Relax"}]},{"@type":"WebSite","@id":"https:\/\/dutchmicrodosing.com\/fr\/#website","url":"https:\/\/dutchmicrodosing.com\/fr\/","name":"Dutchmicrodosing","description":"","publisher":{"@id":"https:\/\/dutchmicrodosing.com\/fr\/#organization"},"potentialAction":[{"@type":"SearchAction","target":{"@type":"EntryPoint","urlTemplate":"https:\/\/dutchmicrodosing.com\/fr\/?s={search_term_string}"},"query-input":{"@type":"PropertyValueSpecification","valueRequired":true,"valueName":"search_term_string"}}],"inLanguage":"fr-FR"},{"@type":"Organization","@id":"https:\/\/dutchmicrodosing.com\/fr\/#organization","name":"Dutchmicrodosing","url":"https:\/\/dutchmicrodosing.com\/fr\/","logo":{"@type":"ImageObject","inLanguage":"fr-FR","@id":"https:\/\/dutchmicrodosing.com\/fr\/#\/schema\/logo\/image\/","url":"https:\/\/dutchmicrodosing.com\/wp-content\/uploads\/2021\/01\/microdosing-categorie-pic-nieuw.jpg","contentUrl":"https:\/\/dutchmicrodosing.com\/wp-content\/uploads\/2021\/01\/microdosing-categorie-pic-nieuw.jpg","width":500,"height":500,"caption":"Dutchmicrodosing"},"image":{"@id":"https:\/\/dutchmicrodosing.com\/fr\/#\/schema\/logo\/image\/"},"sameAs":["https:\/\/www.facebook.com\/Dutchmicrodosingxp\/","https:\/\/www.instagram.com\/dutchmicrodosing\/"]}]},"product_price_amount":"6.95","product_price_currency":"EUR","og_availability":"instock","product_availability":"instock","product_retailer_item_id":"5204441","product_condition":"new"},"_links":{"self":[{"href":"https:\/\/dutchmicrodosing.com\/fr\/wp-json\/wp\/v2\/product\/47023","targetHints":{"allow":["GET"]}}],"collection":[{"href":"https:\/\/dutchmicrodosing.com\/fr\/wp-json\/wp\/v2\/product"}],"about":[{"href":"https:\/\/dutchmicrodosing.com\/fr\/wp-json\/wp\/v2\/types\/product"}],"replies":[{"embeddable":true,"href":"https:\/\/dutchmicrodosing.com\/fr\/wp-json\/wp\/v2\/comments?post=47023"}],"version-history":[{"count":0,"href":"https:\/\/dutchmicrodosing.com\/fr\/wp-json\/wp\/v2\/product\/47023\/revisions"}],"wp:featuredmedia":[{"embeddable":true,"href":"https:\/\/dutchmicrodosing.com\/fr\/wp-json\/wp\/v2\/media\/47018"}],"wp:attachment":[{"href":"https:\/\/dutchmicrodosing.com\/fr\/wp-json\/wp\/v2\/media?parent=47023"}],"wp:term":[{"taxonomy":"product_brand","embeddable":true,"href":"https:\/\/dutchmicrodosing.com\/fr\/wp-json\/wp\/v2\/product_brand?post=47023"},{"taxonomy":"product_cat","embeddable":true,"href":"https:\/\/dutchmicrodosing.com\/fr\/wp-json\/wp\/v2\/product_cat?post=47023"},{"taxonomy":"product_tag","embeddable":true,"href":"https:\/\/dutchmicrodosing.com\/fr\/wp-json\/wp\/v2\/product_tag?post=47023"}],"curies":[{"name":"wp","href":"https:\/\/api.w.org\/{rel}","templated":true}]}}