{"id":47038,"date":"2025-04-08T11:53:28","date_gmt":"2025-04-08T09:53:28","guid":{"rendered":"https:\/\/dutchmicrodosing.com\/shop\/non%20class\u00e9\/organic-tea-1-3-cbd-energizing\/"},"modified":"2025-09-02T10:13:43","modified_gmt":"2025-09-02T08:13:43","slug":"organic-tea-1-3-cbd-energizing","status":"publish","type":"product","link":"https:\/\/dutchmicrodosing.com\/fr\/boutique-de-sante\/cbd-et-supplements\/organic-tea-1-3-cbd-energizing\/","title":{"rendered":"Th\u00e9 biologique 1-3% CBD &#8211; Energisant"},"content":{"rendered":"<p><strong>Organic Tea 1-3% CBD &#8211; Energising<\/strong> de Plant of Remedy est votre coup de fouet naturel pour d\u00e9marrer la journ\u00e9e ou vous donner un coup de fouet pour les moments interm\u00e9diaires. Ce th\u00e9 \u00e9nergisant est compos\u00e9 d&rsquo;ingr\u00e9dients biologiques soigneusement s\u00e9lectionn\u00e9s qui lui conf\u00e8rent une saveur vive et p\u00e9tillante. Parfait pour les amateurs de th\u00e9 qui souhaitent profiter consciemment d&rsquo;un moment de d\u00e9tente.<\/p>\n<h3>Caract\u00e9ristiques<\/h3>\n<ul>\n<li>Contient un m\u00e9lange de feuilles de chanvre biologiques, de th\u00e9 vert, de pomme, de citronnelle, de moringa, de matcha, d&rsquo;ortie, de sauge, de st\u00e9via, de feuilles de m\u00fbrier et d&rsquo;argousier.<\/li>\n<li>Enrichi d&rsquo;ar\u00f4mes naturels de citron et de concombre<\/li>\n<li>Chaque sachet de th\u00e9 peut \u00eatre utilis\u00e9 jusqu&rsquo;\u00e0 trois fois.<\/li>\n<li>Enti\u00e8rement biologique et sans caf\u00e9ine<\/li>\n<li>Emballage durable en carton provenant de zones rebois\u00e9es et sacs biod\u00e9gradables<\/li>\n<\/ul>\n<h3>Ingr\u00e9dients et\/ou composition<\/h3>\n<p>Feuilles de chanvre (avec 1-3% de CBD), th\u00e9 vert, pomme, citronnelle, moringa, matcha, ortie, sauge, st\u00e9via, feuilles de m\u00fbrier, argousier, ar\u00f4me naturel de citron et de concombre.<\/p>\n<h3>Utilisation<\/h3>\n<p>Faites tremper un sachet de th\u00e9 dans de l&rsquo;eau chaude pendant 5 \u00e0 7 minutes. Pour un go\u00fbt plus doux ou plus puissant, il suffit d&rsquo;ajuster le temps d&rsquo;infusion. Chaque sachet peut \u00eatre utilis\u00e9 jusqu&rsquo;\u00e0 trois fois pour plusieurs tasses de th\u00e9.<\/p>\n<h3>Contenu<\/h3>\n<p>20 grammes (10 sachets de 2 grammes)<\/p>\n","protected":false},"excerpt":{"rendered":"<p>Organic Tea 1-3% CBD &#8211; Energising de Plant of Remedy est votre coup de fouet naturel pour d\u00e9marrer la journ\u00e9e ou vous donner un coup de fouet pour les moments interm\u00e9diaires. Ce th\u00e9 \u00e9nergisant est compos\u00e9 d&rsquo;ingr\u00e9dients biologiques soigneusement s\u00e9lectionn\u00e9s qui lui conf\u00e8rent une saveur vive et p\u00e9tillante. Parfait pour les amateurs de th\u00e9 qui [&hellip;]<\/p>\n","protected":false},"featured_media":47031,"comment_status":"closed","ping_status":"closed","template":"","meta":[],"product_brand":[],"product_cat":[284,290],"product_tag":[],"class_list":{"0":"post-47038","1":"product","2":"type-product","3":"status-publish","4":"has-post-thumbnail","6":"product_cat-cbd-et-supplements","7":"product_cat-supplements-energetiques","9":"first","10":"instock","11":"taxable","12":"shipping-taxable","13":"purchasable","14":"product-type-simple"},"yoast_head":"<!-- This site is optimized with the Yoast SEO Premium plugin v26.4 (Yoast SEO v27.2) - https:\/\/yoast.com\/product\/yoast-seo-premium-wordpress\/ -->\n<title>Th\u00e9 biologique 1-3% CBD - Energisant - Dutchmicrodosing<\/title>\n<meta name=\"description\" content=\"Commencez votre journ\u00e9e en beaut\u00e9 avec Organic Tea 1-3% CBD - Energising. Une tisane biologique d\u00e9caf\u00e9in\u00e9e au th\u00e9 vert, au chanvre et au citron-concombre....\" \/>\n<meta name=\"robots\" content=\"index, follow, max-snippet:-1, max-image-preview:large, max-video-preview:-1\" \/>\n<link rel=\"canonical\" href=\"https:\/\/dutchmicrodosing.com\/fr\/boutique-de-sante\/cbd-et-supplements\/organic-tea-1-3-cbd-energizing\/\" \/>\n<meta property=\"og:locale\" content=\"fr_FR\" \/>\n<meta property=\"og:type\" content=\"article\" \/>\n<meta property=\"og:title\" content=\"Th\u00e9 biologique 1-3% CBD - Energisant\" \/>\n<meta property=\"og:description\" content=\"Organic Tea 1-3% CBD - Energising de Plant of Remedy est votre coup de fouet naturel pour d\u00e9marrer la journ\u00e9e ou vous donner un coup de fouet pour les\" \/>\n<meta property=\"og:url\" content=\"https:\/\/dutchmicrodosing.com\/fr\/boutique-de-sante\/cbd-et-supplements\/organic-tea-1-3-cbd-energizing\/\" \/>\n<meta property=\"og:site_name\" content=\"Dutchmicrodosing\" \/>\n<meta property=\"article:publisher\" content=\"https:\/\/www.facebook.com\/Dutchmicrodosingxp\/\" \/>\n<meta property=\"article:modified_time\" content=\"2025-09-02T08:13:43+00:00\" \/>\n<meta property=\"og:image\" content=\"https:\/\/dutchmicrodosing.com\/wp-content\/uploads\/2025\/04\/wholesale-cbd-tea-energizing-plant-of-remedy_LRG.jpg\" \/>\n\t<meta property=\"og:image:width\" content=\"1600\" \/>\n\t<meta property=\"og:image:height\" content=\"1600\" \/>\n\t<meta property=\"og:image:type\" content=\"image\/jpeg\" \/>\n<meta name=\"twitter:card\" content=\"summary_large_image\" \/>\n<script type=\"application\/ld+json\" class=\"yoast-schema-graph\">{\"@context\":\"https:\/\/schema.org\",\"@graph\":[{\"@type\":\"WebPage\",\"@id\":\"https:\/\/dutchmicrodosing.com\/fr\/boutique-de-sante\/cbd-et-supplements\/organic-tea-1-3-cbd-energizing\/\",\"url\":\"https:\/\/dutchmicrodosing.com\/fr\/boutique-de-sante\/cbd-et-supplements\/organic-tea-1-3-cbd-energizing\/\",\"name\":\"Th\u00e9 biologique 1-3% CBD - Energisant - Dutchmicrodosing\",\"isPartOf\":{\"@id\":\"https:\/\/dutchmicrodosing.com\/fr\/#website\"},\"primaryImageOfPage\":{\"@id\":\"https:\/\/dutchmicrodosing.com\/fr\/boutique-de-sante\/cbd-et-supplements\/organic-tea-1-3-cbd-energizing\/#primaryimage\"},\"image\":{\"@id\":\"https:\/\/dutchmicrodosing.com\/fr\/boutique-de-sante\/cbd-et-supplements\/organic-tea-1-3-cbd-energizing\/#primaryimage\"},\"thumbnailUrl\":\"https:\/\/dutchmicrodosing.com\/wp-content\/uploads\/2025\/04\/wholesale-cbd-tea-energizing-plant-of-remedy_LRG.jpg\",\"datePublished\":\"2025-04-08T09:53:28+00:00\",\"dateModified\":\"2025-09-02T08:13:43+00:00\",\"description\":\"Commencez votre journ\u00e9e en beaut\u00e9 avec Organic Tea 1-3% CBD - Energising. Une tisane biologique d\u00e9caf\u00e9in\u00e9e au th\u00e9 vert, au chanvre et au citron-concombre....\",\"breadcrumb\":{\"@id\":\"https:\/\/dutchmicrodosing.com\/fr\/boutique-de-sante\/cbd-et-supplements\/organic-tea-1-3-cbd-energizing\/#breadcrumb\"},\"inLanguage\":\"fr-FR\",\"potentialAction\":[{\"@type\":\"ReadAction\",\"target\":[\"https:\/\/dutchmicrodosing.com\/fr\/boutique-de-sante\/cbd-et-supplements\/organic-tea-1-3-cbd-energizing\/\"]}]},{\"@type\":\"ImageObject\",\"inLanguage\":\"fr-FR\",\"@id\":\"https:\/\/dutchmicrodosing.com\/fr\/boutique-de-sante\/cbd-et-supplements\/organic-tea-1-3-cbd-energizing\/#primaryimage\",\"url\":\"https:\/\/dutchmicrodosing.com\/wp-content\/uploads\/2025\/04\/wholesale-cbd-tea-energizing-plant-of-remedy_LRG.jpg\",\"contentUrl\":\"https:\/\/dutchmicrodosing.com\/wp-content\/uploads\/2025\/04\/wholesale-cbd-tea-energizing-plant-of-remedy_LRG.jpg\",\"width\":1600,\"height\":1600},{\"@type\":\"BreadcrumbList\",\"@id\":\"https:\/\/dutchmicrodosing.com\/fr\/boutique-de-sante\/cbd-et-supplements\/organic-tea-1-3-cbd-energizing\/#breadcrumb\",\"itemListElement\":[{\"@type\":\"ListItem\",\"position\":1,\"name\":\"Home\",\"item\":\"https:\/\/dutchmicrodosing.com\/fr\/\"},{\"@type\":\"ListItem\",\"position\":2,\"name\":\"Boutique\",\"item\":\"https:\/\/dutchmicrodosing.com\/fr\/boutique\/\"},{\"@type\":\"ListItem\",\"position\":3,\"name\":\"Th\u00e9 biologique 1-3% CBD &#8211; Energisant\"}]},{\"@type\":\"WebSite\",\"@id\":\"https:\/\/dutchmicrodosing.com\/fr\/#website\",\"url\":\"https:\/\/dutchmicrodosing.com\/fr\/\",\"name\":\"Dutchmicrodosing\",\"description\":\"\",\"publisher\":{\"@id\":\"https:\/\/dutchmicrodosing.com\/fr\/#organization\"},\"potentialAction\":[{\"@type\":\"SearchAction\",\"target\":{\"@type\":\"EntryPoint\",\"urlTemplate\":\"https:\/\/dutchmicrodosing.com\/fr\/?s={search_term_string}\"},\"query-input\":{\"@type\":\"PropertyValueSpecification\",\"valueRequired\":true,\"valueName\":\"search_term_string\"}}],\"inLanguage\":\"fr-FR\"},{\"@type\":\"Organization\",\"@id\":\"https:\/\/dutchmicrodosing.com\/fr\/#organization\",\"name\":\"Dutchmicrodosing\",\"url\":\"https:\/\/dutchmicrodosing.com\/fr\/\",\"logo\":{\"@type\":\"ImageObject\",\"inLanguage\":\"fr-FR\",\"@id\":\"https:\/\/dutchmicrodosing.com\/fr\/#\/schema\/logo\/image\/\",\"url\":\"https:\/\/dutchmicrodosing.com\/wp-content\/uploads\/2021\/01\/microdosing-categorie-pic-nieuw.jpg\",\"contentUrl\":\"https:\/\/dutchmicrodosing.com\/wp-content\/uploads\/2021\/01\/microdosing-categorie-pic-nieuw.jpg\",\"width\":500,\"height\":500,\"caption\":\"Dutchmicrodosing\"},\"image\":{\"@id\":\"https:\/\/dutchmicrodosing.com\/fr\/#\/schema\/logo\/image\/\"},\"sameAs\":[\"https:\/\/www.facebook.com\/Dutchmicrodosingxp\/\",\"https:\/\/www.instagram.com\/dutchmicrodosing\/\"]}]}<\/script>\n<meta property=\"product:price:amount\" content=\"6.95\" \/>\n<meta property=\"product:price:currency\" content=\"EUR\" \/>\n<meta property=\"og:availability\" content=\"instock\" \/>\n<meta property=\"product:availability\" content=\"instock\" \/>\n<meta property=\"product:retailer_item_id\" content=\"5204840\" \/>\n<meta property=\"product:condition\" content=\"new\" \/>\n<!-- \/ Yoast SEO Premium plugin. -->","yoast_head_json":{"title":"Th\u00e9 biologique 1-3% CBD - Energisant - Dutchmicrodosing","description":"Commencez votre journ\u00e9e en beaut\u00e9 avec Organic Tea 1-3% CBD - Energising. Une tisane biologique d\u00e9caf\u00e9in\u00e9e au th\u00e9 vert, au chanvre et au citron-concombre....","robots":{"index":"index","follow":"follow","max-snippet":"max-snippet:-1","max-image-preview":"max-image-preview:large","max-video-preview":"max-video-preview:-1"},"canonical":"https:\/\/dutchmicrodosing.com\/fr\/boutique-de-sante\/cbd-et-supplements\/organic-tea-1-3-cbd-energizing\/","og_locale":"fr_FR","og_type":"article","og_title":"Th\u00e9 biologique 1-3% CBD - Energisant","og_description":"Organic Tea 1-3% CBD - Energising de Plant of Remedy est votre coup de fouet naturel pour d\u00e9marrer la journ\u00e9e ou vous donner un coup de fouet pour les","og_url":"https:\/\/dutchmicrodosing.com\/fr\/boutique-de-sante\/cbd-et-supplements\/organic-tea-1-3-cbd-energizing\/","og_site_name":"Dutchmicrodosing","article_publisher":"https:\/\/www.facebook.com\/Dutchmicrodosingxp\/","article_modified_time":"2025-09-02T08:13:43+00:00","og_image":[{"width":1600,"height":1600,"url":"https:\/\/dutchmicrodosing.com\/wp-content\/uploads\/2025\/04\/wholesale-cbd-tea-energizing-plant-of-remedy_LRG.jpg","type":"image\/jpeg"}],"twitter_card":"summary_large_image","schema":{"@context":"https:\/\/schema.org","@graph":[{"@type":"WebPage","@id":"https:\/\/dutchmicrodosing.com\/fr\/boutique-de-sante\/cbd-et-supplements\/organic-tea-1-3-cbd-energizing\/","url":"https:\/\/dutchmicrodosing.com\/fr\/boutique-de-sante\/cbd-et-supplements\/organic-tea-1-3-cbd-energizing\/","name":"Th\u00e9 biologique 1-3% CBD - Energisant - Dutchmicrodosing","isPartOf":{"@id":"https:\/\/dutchmicrodosing.com\/fr\/#website"},"primaryImageOfPage":{"@id":"https:\/\/dutchmicrodosing.com\/fr\/boutique-de-sante\/cbd-et-supplements\/organic-tea-1-3-cbd-energizing\/#primaryimage"},"image":{"@id":"https:\/\/dutchmicrodosing.com\/fr\/boutique-de-sante\/cbd-et-supplements\/organic-tea-1-3-cbd-energizing\/#primaryimage"},"thumbnailUrl":"https:\/\/dutchmicrodosing.com\/wp-content\/uploads\/2025\/04\/wholesale-cbd-tea-energizing-plant-of-remedy_LRG.jpg","datePublished":"2025-04-08T09:53:28+00:00","dateModified":"2025-09-02T08:13:43+00:00","description":"Commencez votre journ\u00e9e en beaut\u00e9 avec Organic Tea 1-3% CBD - Energising. Une tisane biologique d\u00e9caf\u00e9in\u00e9e au th\u00e9 vert, au chanvre et au citron-concombre....","breadcrumb":{"@id":"https:\/\/dutchmicrodosing.com\/fr\/boutique-de-sante\/cbd-et-supplements\/organic-tea-1-3-cbd-energizing\/#breadcrumb"},"inLanguage":"fr-FR","potentialAction":[{"@type":"ReadAction","target":["https:\/\/dutchmicrodosing.com\/fr\/boutique-de-sante\/cbd-et-supplements\/organic-tea-1-3-cbd-energizing\/"]}]},{"@type":"ImageObject","inLanguage":"fr-FR","@id":"https:\/\/dutchmicrodosing.com\/fr\/boutique-de-sante\/cbd-et-supplements\/organic-tea-1-3-cbd-energizing\/#primaryimage","url":"https:\/\/dutchmicrodosing.com\/wp-content\/uploads\/2025\/04\/wholesale-cbd-tea-energizing-plant-of-remedy_LRG.jpg","contentUrl":"https:\/\/dutchmicrodosing.com\/wp-content\/uploads\/2025\/04\/wholesale-cbd-tea-energizing-plant-of-remedy_LRG.jpg","width":1600,"height":1600},{"@type":"BreadcrumbList","@id":"https:\/\/dutchmicrodosing.com\/fr\/boutique-de-sante\/cbd-et-supplements\/organic-tea-1-3-cbd-energizing\/#breadcrumb","itemListElement":[{"@type":"ListItem","position":1,"name":"Home","item":"https:\/\/dutchmicrodosing.com\/fr\/"},{"@type":"ListItem","position":2,"name":"Boutique","item":"https:\/\/dutchmicrodosing.com\/fr\/boutique\/"},{"@type":"ListItem","position":3,"name":"Th\u00e9 biologique 1-3% CBD &#8211; Energisant"}]},{"@type":"WebSite","@id":"https:\/\/dutchmicrodosing.com\/fr\/#website","url":"https:\/\/dutchmicrodosing.com\/fr\/","name":"Dutchmicrodosing","description":"","publisher":{"@id":"https:\/\/dutchmicrodosing.com\/fr\/#organization"},"potentialAction":[{"@type":"SearchAction","target":{"@type":"EntryPoint","urlTemplate":"https:\/\/dutchmicrodosing.com\/fr\/?s={search_term_string}"},"query-input":{"@type":"PropertyValueSpecification","valueRequired":true,"valueName":"search_term_string"}}],"inLanguage":"fr-FR"},{"@type":"Organization","@id":"https:\/\/dutchmicrodosing.com\/fr\/#organization","name":"Dutchmicrodosing","url":"https:\/\/dutchmicrodosing.com\/fr\/","logo":{"@type":"ImageObject","inLanguage":"fr-FR","@id":"https:\/\/dutchmicrodosing.com\/fr\/#\/schema\/logo\/image\/","url":"https:\/\/dutchmicrodosing.com\/wp-content\/uploads\/2021\/01\/microdosing-categorie-pic-nieuw.jpg","contentUrl":"https:\/\/dutchmicrodosing.com\/wp-content\/uploads\/2021\/01\/microdosing-categorie-pic-nieuw.jpg","width":500,"height":500,"caption":"Dutchmicrodosing"},"image":{"@id":"https:\/\/dutchmicrodosing.com\/fr\/#\/schema\/logo\/image\/"},"sameAs":["https:\/\/www.facebook.com\/Dutchmicrodosingxp\/","https:\/\/www.instagram.com\/dutchmicrodosing\/"]}]},"product_price_amount":"6.95","product_price_currency":"EUR","og_availability":"instock","product_availability":"instock","product_retailer_item_id":"5204840","product_condition":"new"},"_links":{"self":[{"href":"https:\/\/dutchmicrodosing.com\/fr\/wp-json\/wp\/v2\/product\/47038","targetHints":{"allow":["GET"]}}],"collection":[{"href":"https:\/\/dutchmicrodosing.com\/fr\/wp-json\/wp\/v2\/product"}],"about":[{"href":"https:\/\/dutchmicrodosing.com\/fr\/wp-json\/wp\/v2\/types\/product"}],"replies":[{"embeddable":true,"href":"https:\/\/dutchmicrodosing.com\/fr\/wp-json\/wp\/v2\/comments?post=47038"}],"version-history":[{"count":0,"href":"https:\/\/dutchmicrodosing.com\/fr\/wp-json\/wp\/v2\/product\/47038\/revisions"}],"wp:featuredmedia":[{"embeddable":true,"href":"https:\/\/dutchmicrodosing.com\/fr\/wp-json\/wp\/v2\/media\/47031"}],"wp:attachment":[{"href":"https:\/\/dutchmicrodosing.com\/fr\/wp-json\/wp\/v2\/media?parent=47038"}],"wp:term":[{"taxonomy":"product_brand","embeddable":true,"href":"https:\/\/dutchmicrodosing.com\/fr\/wp-json\/wp\/v2\/product_brand?post=47038"},{"taxonomy":"product_cat","embeddable":true,"href":"https:\/\/dutchmicrodosing.com\/fr\/wp-json\/wp\/v2\/product_cat?post=47038"},{"taxonomy":"product_tag","embeddable":true,"href":"https:\/\/dutchmicrodosing.com\/fr\/wp-json\/wp\/v2\/product_tag?post=47038"}],"curies":[{"name":"wp","href":"https:\/\/api.w.org\/{rel}","templated":true}]}}