{"id":47136,"date":"2025-04-14T13:33:08","date_gmt":"2025-04-14T11:33:08","guid":{"rendered":"https:\/\/dutchmicrodosing.com\/shop\/non%20class\u00e9\/cordyceps-sinensis-energy-support-100-gram\/"},"modified":"2026-02-03T16:39:28","modified_gmt":"2026-02-03T15:39:28","slug":"cordyceps-sinensis-energy-support-100-gram","status":"publish","type":"product","link":"https:\/\/dutchmicrodosing.com\/fr\/champignons-medicinaux\/cordyceps-sinensis-energy-support-100-gram\/","title":{"rendered":"Cordyceps (Sinensis) &#8211; Soutien \u00e9nerg\u00e9tique &#8211; 100 Grammes"},"content":{"rendered":"<p><strong>Cordyceps (Sinensis) &#8211; Soutien \u00e9nerg\u00e9tique<\/strong> <strong>&#8211; 100g de<\/strong> poudre est 100% pure, sans additifs, et parfaite pour tous ceux qui ont un mode de vie actif. Ce champignon puissant est utilis\u00e9 depuis des si\u00e8cles dans la m\u00e9decine traditionnelle orientale et est connu pour ses effets b\u00e9n\u00e9fiques sur l&rsquo;\u00e9nergie, l&rsquo;endurance et la vitalit\u00e9. Ajoutez-le simplement \u00e0 votre routine quotidienne &#8211; pensez \u00e0 un smoothie, une tasse de th\u00e9 ou une autre boisson chaude &#8211; et d\u00e9couvrez par vous-m\u00eame ce que le Cordyceps peut faire pour vous.<\/p>\n<h3>Caract\u00e9ristiques principales<\/h3>\n<ul>\n<li>Fabriqu\u00e9 \u00e0 partir du myc\u00e9lium de Cordyceps Sinensis<\/li>\n<li>Poudre de champignons 100% pure, sans additifs<\/li>\n<li>Id\u00e9al dans les smoothies, le th\u00e9 ou d&rsquo;autres boissons<\/li>\n<li>Largement utilis\u00e9 par les athl\u00e8tes et les personnes ayant une vie active et \u00e9nergique.<\/li>\n<li>A base de plantes et convient aux v\u00e9g\u00e9tariens et v\u00e9g\u00e9taliens<\/li>\n<\/ul>\n<h3>Ingr\u00e9dients<\/h3>\n<p>Poudre de myc\u00e9lium de Cordyceps Sinensis. Sans agents de remplissage, ar\u00f4mes et autres additifs artificiels.<\/p>\n<h3>Utilisation et dosage<\/h3>\n<p>Prenez 1 \u00e0 2 grammes par jour. M\u00e9langez la poudre avec de l&rsquo;eau chaude, du jus, un smoothie ou votre boisson pr\u00e9f\u00e9r\u00e9e. Commencez par une faible dose pour permettre \u00e0 votre corps de s&rsquo;y habituer.<\/p>\n<p><strong>Note :<\/strong> Evitez l&rsquo;utilisation avec de l&rsquo;eau bouillante ou des produits laitiers afin de pr\u00e9server les principes actifs.<\/p>\n<h3>  Conseils de stockage<\/h3>\n<p>Conserver dans un endroit sec et frais, \u00e0 l&rsquo;abri de la lumi\u00e8re du soleil et hors de port\u00e9e des enfants.<\/p>\n<h3>Contenu<\/h3>\n<p>100 grammes de poudre pure de Cordyceps Sinensis.<\/p>\n","protected":false},"excerpt":{"rendered":"<p>Cordyceps (Sinensis) &#8211; Soutien \u00e9nerg\u00e9tique &#8211; 100g de poudre est 100% pure, sans additifs, et parfaite pour tous ceux qui ont un mode de vie actif. Ce champignon puissant est utilis\u00e9 depuis des si\u00e8cles dans la m\u00e9decine traditionnelle orientale et est connu pour ses effets b\u00e9n\u00e9fiques sur l&rsquo;\u00e9nergie, l&rsquo;endurance et la vitalit\u00e9. Ajoutez-le simplement \u00e0 [&hellip;]<\/p>\n","protected":false},"featured_media":62967,"comment_status":"closed","ping_status":"closed","template":"","meta":[],"product_brand":[],"product_cat":[129,291,280],"product_tag":[],"class_list":{"0":"post-47136","1":"product","2":"type-product","3":"status-publish","4":"has-post-thumbnail","6":"product_cat-champignons-medicinaux","7":"product_cat-supplements-pour-le-systeme-immunitaire","8":"product_cat-super-aliments","10":"first","11":"instock","12":"taxable","13":"shipping-taxable","14":"purchasable","15":"product-type-simple"},"yoast_head":"<!-- This site is optimized with the Yoast SEO Premium plugin v26.4 (Yoast SEO v27.4) - https:\/\/yoast.com\/product\/yoast-seo-premium-wordpress\/ -->\n<title>Cordyceps (Sinensis) - Soutien \u00e9nerg\u00e9tique - 100 Grammes - Dutchmicrodosing<\/title>\n<meta name=\"description\" content=\"Augmentez votre \u00e9nergie et votre endurance naturellement avec Cordyceps Sinensis. Poudre de champignon 100% pure, id\u00e9ale pour un mode de vie actif.\" \/>\n<meta name=\"robots\" content=\"index, follow, max-snippet:-1, max-image-preview:large, max-video-preview:-1\" \/>\n<link rel=\"canonical\" href=\"https:\/\/dutchmicrodosing.com\/fr\/champignons-medicinaux\/cordyceps-sinensis-energy-support-100-gram\/\" \/>\n<meta property=\"og:locale\" content=\"fr_FR\" \/>\n<meta property=\"og:type\" content=\"article\" \/>\n<meta property=\"og:title\" content=\"Cordyceps (Sinensis) - Soutien \u00e9nerg\u00e9tique - 100 Grammes\" \/>\n<meta property=\"og:description\" content=\"Cordyceps (Sinensis) - Soutien \u00e9nerg\u00e9tique - 100g de poudre est 100% pure, sans additifs, et parfaite pour tous ceux qui ont un mode de vie actif. Ce\" \/>\n<meta property=\"og:url\" content=\"https:\/\/dutchmicrodosing.com\/fr\/champignons-medicinaux\/cordyceps-sinensis-energy-support-100-gram\/\" \/>\n<meta property=\"og:site_name\" content=\"Dutchmicrodosing\" \/>\n<meta property=\"article:publisher\" content=\"https:\/\/www.facebook.com\/Dutchmicrodosingxp\/\" \/>\n<meta property=\"article:modified_time\" content=\"2026-02-03T15:39:28+00:00\" \/>\n<meta property=\"og:image\" content=\"https:\/\/dutchmicrodosing.com\/wp-content\/uploads\/2025\/04\/Cordyceps-Powder_1-3.jpg\" \/>\n\t<meta property=\"og:image:width\" content=\"1500\" \/>\n\t<meta property=\"og:image:height\" content=\"1500\" \/>\n\t<meta property=\"og:image:type\" content=\"image\/jpeg\" \/>\n<meta name=\"twitter:card\" content=\"summary_large_image\" \/>\n<script type=\"application\/ld+json\" class=\"yoast-schema-graph\">{\"@context\":\"https:\\\/\\\/schema.org\",\"@graph\":[{\"@type\":\"WebPage\",\"@id\":\"https:\\\/\\\/dutchmicrodosing.com\\\/fr\\\/champignons-medicinaux\\\/cordyceps-sinensis-energy-support-100-gram\\\/\",\"url\":\"https:\\\/\\\/dutchmicrodosing.com\\\/fr\\\/champignons-medicinaux\\\/cordyceps-sinensis-energy-support-100-gram\\\/\",\"name\":\"Cordyceps (Sinensis) - Soutien \u00e9nerg\u00e9tique - 100 Grammes - Dutchmicrodosing\",\"isPartOf\":{\"@id\":\"https:\\\/\\\/dutchmicrodosing.com\\\/fr\\\/#website\"},\"primaryImageOfPage\":{\"@id\":\"https:\\\/\\\/dutchmicrodosing.com\\\/fr\\\/champignons-medicinaux\\\/cordyceps-sinensis-energy-support-100-gram\\\/#primaryimage\"},\"image\":{\"@id\":\"https:\\\/\\\/dutchmicrodosing.com\\\/fr\\\/champignons-medicinaux\\\/cordyceps-sinensis-energy-support-100-gram\\\/#primaryimage\"},\"thumbnailUrl\":\"https:\\\/\\\/dutchmicrodosing.com\\\/wp-content\\\/uploads\\\/2025\\\/04\\\/Cordyceps-Powder_1-3.jpg\",\"datePublished\":\"2025-04-14T11:33:08+00:00\",\"dateModified\":\"2026-02-03T15:39:28+00:00\",\"description\":\"Augmentez votre \u00e9nergie et votre endurance naturellement avec Cordyceps Sinensis. Poudre de champignon 100% pure, id\u00e9ale pour un mode de vie actif.\",\"breadcrumb\":{\"@id\":\"https:\\\/\\\/dutchmicrodosing.com\\\/fr\\\/champignons-medicinaux\\\/cordyceps-sinensis-energy-support-100-gram\\\/#breadcrumb\"},\"inLanguage\":\"fr-FR\",\"potentialAction\":[{\"@type\":\"ReadAction\",\"target\":[\"https:\\\/\\\/dutchmicrodosing.com\\\/fr\\\/champignons-medicinaux\\\/cordyceps-sinensis-energy-support-100-gram\\\/\"]}]},{\"@type\":\"ImageObject\",\"inLanguage\":\"fr-FR\",\"@id\":\"https:\\\/\\\/dutchmicrodosing.com\\\/fr\\\/champignons-medicinaux\\\/cordyceps-sinensis-energy-support-100-gram\\\/#primaryimage\",\"url\":\"https:\\\/\\\/dutchmicrodosing.com\\\/wp-content\\\/uploads\\\/2025\\\/04\\\/Cordyceps-Powder_1-3.jpg\",\"contentUrl\":\"https:\\\/\\\/dutchmicrodosing.com\\\/wp-content\\\/uploads\\\/2025\\\/04\\\/Cordyceps-Powder_1-3.jpg\",\"width\":1500,\"height\":1500,\"caption\":\"Poudre de Cordyceps\"},{\"@type\":\"BreadcrumbList\",\"@id\":\"https:\\\/\\\/dutchmicrodosing.com\\\/fr\\\/champignons-medicinaux\\\/cordyceps-sinensis-energy-support-100-gram\\\/#breadcrumb\",\"itemListElement\":[{\"@type\":\"ListItem\",\"position\":1,\"name\":\"Home\",\"item\":\"https:\\\/\\\/dutchmicrodosing.com\\\/fr\\\/\"},{\"@type\":\"ListItem\",\"position\":2,\"name\":\"Boutique\",\"item\":\"https:\\\/\\\/dutchmicrodosing.com\\\/fr\\\/boutique\\\/\"},{\"@type\":\"ListItem\",\"position\":3,\"name\":\"Cordyceps (Sinensis) &#8211; Soutien \u00e9nerg\u00e9tique &#8211; 100 Grammes\"}]},{\"@type\":\"WebSite\",\"@id\":\"https:\\\/\\\/dutchmicrodosing.com\\\/fr\\\/#website\",\"url\":\"https:\\\/\\\/dutchmicrodosing.com\\\/fr\\\/\",\"name\":\"Dutchmicrodosing\",\"description\":\"\",\"publisher\":{\"@id\":\"https:\\\/\\\/dutchmicrodosing.com\\\/fr\\\/#organization\"},\"potentialAction\":[{\"@type\":\"SearchAction\",\"target\":{\"@type\":\"EntryPoint\",\"urlTemplate\":\"https:\\\/\\\/dutchmicrodosing.com\\\/fr\\\/?s={search_term_string}\"},\"query-input\":{\"@type\":\"PropertyValueSpecification\",\"valueRequired\":true,\"valueName\":\"search_term_string\"}}],\"inLanguage\":\"fr-FR\"},{\"@type\":\"Organization\",\"@id\":\"https:\\\/\\\/dutchmicrodosing.com\\\/fr\\\/#organization\",\"name\":\"Dutchmicrodosing\",\"url\":\"https:\\\/\\\/dutchmicrodosing.com\\\/fr\\\/\",\"logo\":{\"@type\":\"ImageObject\",\"inLanguage\":\"fr-FR\",\"@id\":\"https:\\\/\\\/dutchmicrodosing.com\\\/fr\\\/#\\\/schema\\\/logo\\\/image\\\/\",\"url\":\"https:\\\/\\\/dutchmicrodosing.com\\\/wp-content\\\/uploads\\\/2021\\\/01\\\/microdosing-categorie-pic-nieuw.jpg\",\"contentUrl\":\"https:\\\/\\\/dutchmicrodosing.com\\\/wp-content\\\/uploads\\\/2021\\\/01\\\/microdosing-categorie-pic-nieuw.jpg\",\"width\":500,\"height\":500,\"caption\":\"Dutchmicrodosing\"},\"image\":{\"@id\":\"https:\\\/\\\/dutchmicrodosing.com\\\/fr\\\/#\\\/schema\\\/logo\\\/image\\\/\"},\"sameAs\":[\"https:\\\/\\\/www.facebook.com\\\/Dutchmicrodosingxp\\\/\",\"https:\\\/\\\/www.instagram.com\\\/dutchmicrodosing\\\/\"]}]}<\/script>\n<meta property=\"product:price:amount\" content=\"19.95\" \/>\n<meta property=\"product:price:currency\" content=\"EUR\" \/>\n<meta property=\"og:availability\" content=\"instock\" \/>\n<meta property=\"product:availability\" content=\"instock\" \/>\n<meta property=\"product:retailer_item_id\" content=\"3209370\" \/>\n<meta property=\"product:condition\" content=\"new\" \/>\n<!-- \/ Yoast SEO Premium plugin. -->","yoast_head_json":{"title":"Cordyceps (Sinensis) - Soutien \u00e9nerg\u00e9tique - 100 Grammes - Dutchmicrodosing","description":"Augmentez votre \u00e9nergie et votre endurance naturellement avec Cordyceps Sinensis. Poudre de champignon 100% pure, id\u00e9ale pour un mode de vie actif.","robots":{"index":"index","follow":"follow","max-snippet":"max-snippet:-1","max-image-preview":"max-image-preview:large","max-video-preview":"max-video-preview:-1"},"canonical":"https:\/\/dutchmicrodosing.com\/fr\/champignons-medicinaux\/cordyceps-sinensis-energy-support-100-gram\/","og_locale":"fr_FR","og_type":"article","og_title":"Cordyceps (Sinensis) - Soutien \u00e9nerg\u00e9tique - 100 Grammes","og_description":"Cordyceps (Sinensis) - Soutien \u00e9nerg\u00e9tique - 100g de poudre est 100% pure, sans additifs, et parfaite pour tous ceux qui ont un mode de vie actif. Ce","og_url":"https:\/\/dutchmicrodosing.com\/fr\/champignons-medicinaux\/cordyceps-sinensis-energy-support-100-gram\/","og_site_name":"Dutchmicrodosing","article_publisher":"https:\/\/www.facebook.com\/Dutchmicrodosingxp\/","article_modified_time":"2026-02-03T15:39:28+00:00","og_image":[{"width":1500,"height":1500,"url":"https:\/\/dutchmicrodosing.com\/wp-content\/uploads\/2025\/04\/Cordyceps-Powder_1-3.jpg","type":"image\/jpeg"}],"twitter_card":"summary_large_image","schema":{"@context":"https:\/\/schema.org","@graph":[{"@type":"WebPage","@id":"https:\/\/dutchmicrodosing.com\/fr\/champignons-medicinaux\/cordyceps-sinensis-energy-support-100-gram\/","url":"https:\/\/dutchmicrodosing.com\/fr\/champignons-medicinaux\/cordyceps-sinensis-energy-support-100-gram\/","name":"Cordyceps (Sinensis) - Soutien \u00e9nerg\u00e9tique - 100 Grammes - Dutchmicrodosing","isPartOf":{"@id":"https:\/\/dutchmicrodosing.com\/fr\/#website"},"primaryImageOfPage":{"@id":"https:\/\/dutchmicrodosing.com\/fr\/champignons-medicinaux\/cordyceps-sinensis-energy-support-100-gram\/#primaryimage"},"image":{"@id":"https:\/\/dutchmicrodosing.com\/fr\/champignons-medicinaux\/cordyceps-sinensis-energy-support-100-gram\/#primaryimage"},"thumbnailUrl":"https:\/\/dutchmicrodosing.com\/wp-content\/uploads\/2025\/04\/Cordyceps-Powder_1-3.jpg","datePublished":"2025-04-14T11:33:08+00:00","dateModified":"2026-02-03T15:39:28+00:00","description":"Augmentez votre \u00e9nergie et votre endurance naturellement avec Cordyceps Sinensis. Poudre de champignon 100% pure, id\u00e9ale pour un mode de vie actif.","breadcrumb":{"@id":"https:\/\/dutchmicrodosing.com\/fr\/champignons-medicinaux\/cordyceps-sinensis-energy-support-100-gram\/#breadcrumb"},"inLanguage":"fr-FR","potentialAction":[{"@type":"ReadAction","target":["https:\/\/dutchmicrodosing.com\/fr\/champignons-medicinaux\/cordyceps-sinensis-energy-support-100-gram\/"]}]},{"@type":"ImageObject","inLanguage":"fr-FR","@id":"https:\/\/dutchmicrodosing.com\/fr\/champignons-medicinaux\/cordyceps-sinensis-energy-support-100-gram\/#primaryimage","url":"https:\/\/dutchmicrodosing.com\/wp-content\/uploads\/2025\/04\/Cordyceps-Powder_1-3.jpg","contentUrl":"https:\/\/dutchmicrodosing.com\/wp-content\/uploads\/2025\/04\/Cordyceps-Powder_1-3.jpg","width":1500,"height":1500,"caption":"Poudre de Cordyceps"},{"@type":"BreadcrumbList","@id":"https:\/\/dutchmicrodosing.com\/fr\/champignons-medicinaux\/cordyceps-sinensis-energy-support-100-gram\/#breadcrumb","itemListElement":[{"@type":"ListItem","position":1,"name":"Home","item":"https:\/\/dutchmicrodosing.com\/fr\/"},{"@type":"ListItem","position":2,"name":"Boutique","item":"https:\/\/dutchmicrodosing.com\/fr\/boutique\/"},{"@type":"ListItem","position":3,"name":"Cordyceps (Sinensis) &#8211; Soutien \u00e9nerg\u00e9tique &#8211; 100 Grammes"}]},{"@type":"WebSite","@id":"https:\/\/dutchmicrodosing.com\/fr\/#website","url":"https:\/\/dutchmicrodosing.com\/fr\/","name":"Dutchmicrodosing","description":"","publisher":{"@id":"https:\/\/dutchmicrodosing.com\/fr\/#organization"},"potentialAction":[{"@type":"SearchAction","target":{"@type":"EntryPoint","urlTemplate":"https:\/\/dutchmicrodosing.com\/fr\/?s={search_term_string}"},"query-input":{"@type":"PropertyValueSpecification","valueRequired":true,"valueName":"search_term_string"}}],"inLanguage":"fr-FR"},{"@type":"Organization","@id":"https:\/\/dutchmicrodosing.com\/fr\/#organization","name":"Dutchmicrodosing","url":"https:\/\/dutchmicrodosing.com\/fr\/","logo":{"@type":"ImageObject","inLanguage":"fr-FR","@id":"https:\/\/dutchmicrodosing.com\/fr\/#\/schema\/logo\/image\/","url":"https:\/\/dutchmicrodosing.com\/wp-content\/uploads\/2021\/01\/microdosing-categorie-pic-nieuw.jpg","contentUrl":"https:\/\/dutchmicrodosing.com\/wp-content\/uploads\/2021\/01\/microdosing-categorie-pic-nieuw.jpg","width":500,"height":500,"caption":"Dutchmicrodosing"},"image":{"@id":"https:\/\/dutchmicrodosing.com\/fr\/#\/schema\/logo\/image\/"},"sameAs":["https:\/\/www.facebook.com\/Dutchmicrodosingxp\/","https:\/\/www.instagram.com\/dutchmicrodosing\/"]}]},"product_price_amount":"19.95","product_price_currency":"EUR","og_availability":"instock","product_availability":"instock","product_retailer_item_id":"3209370","product_condition":"new"},"_links":{"self":[{"href":"https:\/\/dutchmicrodosing.com\/fr\/wp-json\/wp\/v2\/product\/47136","targetHints":{"allow":["GET"]}}],"collection":[{"href":"https:\/\/dutchmicrodosing.com\/fr\/wp-json\/wp\/v2\/product"}],"about":[{"href":"https:\/\/dutchmicrodosing.com\/fr\/wp-json\/wp\/v2\/types\/product"}],"replies":[{"embeddable":true,"href":"https:\/\/dutchmicrodosing.com\/fr\/wp-json\/wp\/v2\/comments?post=47136"}],"version-history":[{"count":1,"href":"https:\/\/dutchmicrodosing.com\/fr\/wp-json\/wp\/v2\/product\/47136\/revisions"}],"predecessor-version":[{"id":64269,"href":"https:\/\/dutchmicrodosing.com\/fr\/wp-json\/wp\/v2\/product\/47136\/revisions\/64269"}],"wp:featuredmedia":[{"embeddable":true,"href":"https:\/\/dutchmicrodosing.com\/fr\/wp-json\/wp\/v2\/media\/62967"}],"wp:attachment":[{"href":"https:\/\/dutchmicrodosing.com\/fr\/wp-json\/wp\/v2\/media?parent=47136"}],"wp:term":[{"taxonomy":"product_brand","embeddable":true,"href":"https:\/\/dutchmicrodosing.com\/fr\/wp-json\/wp\/v2\/product_brand?post=47136"},{"taxonomy":"product_cat","embeddable":true,"href":"https:\/\/dutchmicrodosing.com\/fr\/wp-json\/wp\/v2\/product_cat?post=47136"},{"taxonomy":"product_tag","embeddable":true,"href":"https:\/\/dutchmicrodosing.com\/fr\/wp-json\/wp\/v2\/product_tag?post=47136"}],"curies":[{"name":"wp","href":"https:\/\/api.w.org\/{rel}","templated":true}]}}