{"id":47168,"date":"2025-04-16T08:18:41","date_gmt":"2025-04-16T06:18:41","guid":{"rendered":"https:\/\/dutchmicrodosing.com\/shop\/non%20class\u00e9\/copelandia-madagascar-paddo-kweekset\/"},"modified":"2025-08-19T08:41:47","modified_gmt":"2025-08-19T06:41:47","slug":"copelandia-madagascar-paddo-kweekset","status":"publish","type":"product","link":"https:\/\/dutchmicrodosing.com\/fr\/champignons-magiques\/kits-de-culture-speciaux\/copelandia-madagascar-paddo-kweekset\/","title":{"rendered":"Kit de culture de champignons Copelandia Madagascar"},"content":{"rendered":"<p>Le <strong>kit de culture de champignons Copelandia Madagascar<\/strong> est destin\u00e9 aux vrais passionn\u00e9s. Cette esp\u00e8ce particuli\u00e8re est connue pour son sch\u00e9ma de croissance frappant : la premi\u00e8re pouss\u00e9e \u00e9merge souvent sur les bords du conteneur, tandis que les pouss\u00e9es ult\u00e9rieures s&rsquo;\u00e9tendent vers le centre. Le r\u00e9sultat ? Une \u00ab\u00a0jungle\u00a0\u00bb dense de champignons poussant vers le haut &#8211; un spectacle impressionnant et un bon rendement.<\/p>\n<p>Cette vari\u00e9t\u00e9 trouve son origine dans le climat tropical de Madagascar. Gr\u00e2ce \u00e0 la richesse du sol et \u00e0 la pr\u00e9sence de b\u00e9tail, cet environnement a cr\u00e9\u00e9 les conditions parfaites pour l&rsquo;\u00e9mergence de ce puissant champignon \u00e0 psilocybine. Le nom \u00ab\u00a0Madagascar\u00a0\u00bb fait r\u00e9f\u00e9rence \u00e0 une lign\u00e9e g\u00e9n\u00e9tique sp\u00e9cifique issue des champignons sauvages de l&rsquo;\u00eele. Cette vari\u00e9t\u00e9 est cultiv\u00e9e pour sa croissance compacte et ses effets puissants.<\/p>\n<p>Compar\u00e9 au <em>Psilocybe cubensis<\/em> bien connu, Copelandia Madagascar contient jusqu&rsquo;\u00e0 trois fois plus de substances actives (telles que la psilocine et la psilocybine) par gramme. Cela signifie qu&rsquo;une dose plus faible est d\u00e9j\u00e0 suffisante pour une exp\u00e9rience profonde. Id\u00e9al pour les utilisateurs avanc\u00e9s qui souhaitent voyager d\u00e9lib\u00e9r\u00e9ment.<\/p>\n<h3>Caract\u00e9ristiques<\/h3>\n<ul>\n<li>Esp\u00e8ces sp\u00e9cifiques avec un sch\u00e9ma de croissance unique : du bord au centre<\/li>\n<li>Forme des grappes denses pour une r\u00e9colte abondante<\/li>\n<li>Facile \u00e0 entretenir gr\u00e2ce \u00e0 des instructions claires<\/li>\n<li>Convient \u00e0 plusieurs cycles de croissance<\/li>\n<li>Ensemble complet : pas besoin d&rsquo;acheter quoi que ce soit de plus<\/li>\n<\/ul>\n<h3>Ingr\u00e9dients et\/ou composition<\/h3>\n<ul>\n<li>Bac d&rsquo;\u00e9levage avec substrat nutritif actif<\/li>\n<li>Couche sup\u00e9rieure min\u00e9rale pour une r\u00e9gulation optimale de l&rsquo;humidit\u00e9<\/li>\n<li>Sac de croissance \u00e9tanche \u00e0 l&rsquo;air avec clip de fermeture<\/li>\n<\/ul>\n<h3>Utilisation<\/h3>\n<p>Lavez-vous soigneusement les mains \u00e0 l&rsquo;eau et au savon. Utilisez de pr\u00e9f\u00e9rence des gants et \u00e9ventuellement un masque buccal pour garder le plateau propre. Il vous suffit ensuite de suivre les instructions ci-dessous :<\/p>\n<p><span dir=\"ltr\" lang=\"EN-US\">1. L&rsquo;hygi\u00e8ne est essentielle.<\/span><br \/>\n<span dir=\"ltr\" lang=\"EN-US\">Lavez-vous soigneusement les mains avec du savon. Utilisez de pr\u00e9f\u00e9rence des gants et \u00e9ventuellement un masque buccal.<\/span><\/p>\n<p><span dir=\"ltr\" lang=\"EN-US\">2. Pr\u00e9paration.<\/span><br \/>\n<span dir=\"ltr\" lang=\"EN-US\">\u00c9talez la couche min\u00e9rale sup\u00e9rieure uniform\u00e9ment sur la surface du substrat. Utilisez des gants propres ou une spatule.<\/span><\/p>\n<p><span dir=\"ltr\" lang=\"EN-US\">3. Mouillage et d\u00e9marrage.<\/span><br \/>\n<span dir=\"ltr\" lang=\"EN-US\">Placez le r\u00e9cipient dans le sac de culture.<\/span><br \/>\n<span dir=\"ltr\" lang=\"EN-US\">Vaporisez g\u00e9n\u00e9reusement le dessus et l&rsquo;int\u00e9rieur du sac (sans le tremper). Fermez le sac \u00e0 l&rsquo;aide d&rsquo;un clip. Veillez \u00e0 ce qu&rsquo;il y ait suffisamment d&rsquo;air frais dans le sac.<\/span><\/p>\n<p><span dir=\"ltr\" lang=\"EN-US\">4. Entretien quotidien.<\/span><br \/>\n<span dir=\"ltr\" lang=\"EN-US\">Ouvrez le sac 1 \u00e0 2 fois par jour pour renouveler l&rsquo;air. Humidifiez l\u00e9g\u00e8rement les parois int\u00e9rieures du sac et la surface pour \u00e9viter le dess\u00e8chement.<\/span><\/p>\n<p><span dir=\"ltr\" lang=\"EN-US\">5. Important !<\/span><br \/>\n<span dir=\"ltr\" lang=\"EN-US\">D\u00e8s que les premi\u00e8res structures de fruits sont visibles, arr\u00eatez la pulv\u00e9risation.<\/span><br \/>\n<span dir=\"ltr\" lang=\"EN-US\">\u00c0 partir de ce moment, seul un renouvellement de l&rsquo;air (2 \u00e0 3 fois par jour) est n\u00e9cessaire. L&rsquo;humidification directe peut perturber la croissance.<\/span><\/p>\n<p><span dir=\"ltr\" lang=\"EN-US\">6. La r\u00e9colte.<\/span><br \/>\n<span dir=\"ltr\" lang=\"EN-US\">Les structures sont pr\u00eates \u00e0 \u00eatre r\u00e9colt\u00e9es apr\u00e8s 5-7 jours. D\u00e9vissez-les d\u00e9licatement \u00e0 la base. Id\u00e9alement, le moment o\u00f9 les traces sombres deviennent visibles.<\/span><\/p>\n<p><span dir=\"ltr\" lang=\"EN-US\">7. Prochain cycle de croissance.<\/span><br \/>\n<span dir=\"ltr\" lang=\"EN-US\">Apr\u00e8s la r\u00e9colte, humidifiez \u00e0 nouveau l\u00e9g\u00e8rement \u00e0 une distance d&rsquo;environ 10 cm. Un peu d&rsquo;eau dans le fond est acceptable &#8211; \u00e9liminez l&rsquo;exc\u00e8s d&rsquo;humidit\u00e9 plus tard. Le nouveau cycle d\u00e9marre automatiquement.<\/span><\/p>\n<h3><span dir=\"ltr\" lang=\"EN-US\">Conditions environnementales :<\/span><\/h3>\n<p><span dir=\"ltr\" lang=\"EN-US\">Phase de d\u00e9marrage :<\/span><br \/>\n<span dir=\"ltr\" lang=\"EN-US\">&#8211; Temp\u00e9rature : 21-26 \u00b0C<\/span><br \/>\n<span dir=\"ltr\" lang=\"EN-US\">&#8211; Humidit\u00e9 : 95-100%.<\/span><\/p>\n<p><span dir=\"ltr\" lang=\"EN-US\">Phase de f\u00e9condation :<\/span><br \/>\n<span dir=\"ltr\" lang=\"EN-US\">&#8211; Temp\u00e9rature : 21-26 \u00b0C<\/span><br \/>\n<span dir=\"ltr\" lang=\"EN-US\">&#8211; Humidit\u00e9 : 90-95%<\/span><\/p>\n<h3>Contenu<\/h3>\n<ul>\n<li>1x r\u00e9servoir d&rsquo;\u00e9levage avec substrat (1200cc)<\/li>\n<li>1x couche de finition min\u00e9rale<\/li>\n<li>1x sac de culture herm\u00e9tique avec clip<\/li>\n<\/ul>\n","protected":false},"excerpt":{"rendered":"<p>Le kit de culture de champignons Copelandia Madagascar est destin\u00e9 aux vrais passionn\u00e9s. Cette esp\u00e8ce particuli\u00e8re est connue pour son sch\u00e9ma de croissance frappant : la premi\u00e8re pouss\u00e9e \u00e9merge souvent sur les bords du conteneur, tandis que les pouss\u00e9es ult\u00e9rieures s&rsquo;\u00e9tendent vers le centre. Le r\u00e9sultat ? Une \u00ab\u00a0jungle\u00a0\u00bb dense de champignons poussant vers le [&hellip;]<\/p>\n","protected":false},"featured_media":65311,"comment_status":"closed","ping_status":"closed","template":"","meta":[],"product_brand":[],"product_cat":[410],"product_tag":[],"class_list":{"0":"post-47168","1":"product","2":"type-product","3":"status-publish","4":"has-post-thumbnail","6":"product_cat-kits-de-culture-speciaux","8":"first","9":"instock","10":"taxable","11":"shipping-taxable","12":"purchasable","13":"product-type-simple"},"yoast_head":"<!-- This site is optimized with the Yoast SEO Premium plugin v26.4 (Yoast SEO v27.2) - https:\/\/yoast.com\/product\/yoast-seo-premium-wordpress\/ -->\n<title>Kit de culture de champignons Copelandia Madagascar - Dutchmicrodosing<\/title>\n<meta name=\"description\" content=\"Faites l&#039;exp\u00e9rience de voyages profonds et d&#039;intuitions spirituelles avec le kit de culture de champignons magiques Copelandia Madagascar. Une vari\u00e9t\u00e9 de champignon unique pour les voyageurs conscients et spirituels.\" \/>\n<meta name=\"robots\" content=\"index, follow, max-snippet:-1, max-image-preview:large, max-video-preview:-1\" \/>\n<link rel=\"canonical\" href=\"https:\/\/dutchmicrodosing.com\/fr\/champignons-magiques\/kits-de-culture-speciaux\/copelandia-madagascar-paddo-kweekset\/\" \/>\n<meta property=\"og:locale\" content=\"fr_FR\" \/>\n<meta property=\"og:type\" content=\"article\" \/>\n<meta property=\"og:title\" content=\"Kit de culture de champignons Copelandia Madagascar\" \/>\n<meta property=\"og:description\" content=\"Le kit de culture de champignons Copelandia Madagascar est destin\u00e9 aux vrais passionn\u00e9s. Cette esp\u00e8ce particuli\u00e8re est connue pour son sch\u00e9ma de\" \/>\n<meta property=\"og:url\" content=\"https:\/\/dutchmicrodosing.com\/fr\/champignons-magiques\/kits-de-culture-speciaux\/copelandia-madagascar-paddo-kweekset\/\" \/>\n<meta property=\"og:site_name\" content=\"Dutchmicrodosing\" \/>\n<meta property=\"article:publisher\" content=\"https:\/\/www.facebook.com\/Dutchmicrodosingxp\/\" \/>\n<meta property=\"article:modified_time\" content=\"2025-08-19T06:41:47+00:00\" \/>\n<meta property=\"og:image\" content=\"https:\/\/dutchmicrodosing.com\/wp-content\/uploads\/2025\/04\/4106-5079-2.jpg\" \/>\n\t<meta property=\"og:image:width\" content=\"300\" \/>\n\t<meta property=\"og:image:height\" content=\"300\" \/>\n\t<meta property=\"og:image:type\" content=\"image\/jpeg\" \/>\n<meta name=\"twitter:card\" content=\"summary_large_image\" \/>\n<script type=\"application\/ld+json\" class=\"yoast-schema-graph\">{\"@context\":\"https:\/\/schema.org\",\"@graph\":[{\"@type\":\"WebPage\",\"@id\":\"https:\/\/dutchmicrodosing.com\/fr\/champignons-magiques\/kits-de-culture-speciaux\/copelandia-madagascar-paddo-kweekset\/\",\"url\":\"https:\/\/dutchmicrodosing.com\/fr\/champignons-magiques\/kits-de-culture-speciaux\/copelandia-madagascar-paddo-kweekset\/\",\"name\":\"Kit de culture de champignons Copelandia Madagascar - Dutchmicrodosing\",\"isPartOf\":{\"@id\":\"https:\/\/dutchmicrodosing.com\/fr\/#website\"},\"primaryImageOfPage\":{\"@id\":\"https:\/\/dutchmicrodosing.com\/fr\/champignons-magiques\/kits-de-culture-speciaux\/copelandia-madagascar-paddo-kweekset\/#primaryimage\"},\"image\":{\"@id\":\"https:\/\/dutchmicrodosing.com\/fr\/champignons-magiques\/kits-de-culture-speciaux\/copelandia-madagascar-paddo-kweekset\/#primaryimage\"},\"thumbnailUrl\":\"https:\/\/dutchmicrodosing.com\/wp-content\/uploads\/2025\/04\/c23581a5-9918-494b-afd2-1af44bc516c6.png\",\"datePublished\":\"2025-04-16T06:18:41+00:00\",\"dateModified\":\"2025-08-19T06:41:47+00:00\",\"description\":\"Faites l'exp\u00e9rience de voyages profonds et d'intuitions spirituelles avec le kit de culture de champignons magiques Copelandia Madagascar. Une vari\u00e9t\u00e9 de champignon unique pour les voyageurs conscients et spirituels.\",\"breadcrumb\":{\"@id\":\"https:\/\/dutchmicrodosing.com\/fr\/champignons-magiques\/kits-de-culture-speciaux\/copelandia-madagascar-paddo-kweekset\/#breadcrumb\"},\"inLanguage\":\"fr-FR\",\"potentialAction\":[{\"@type\":\"ReadAction\",\"target\":[\"https:\/\/dutchmicrodosing.com\/fr\/champignons-magiques\/kits-de-culture-speciaux\/copelandia-madagascar-paddo-kweekset\/\"]}]},{\"@type\":\"ImageObject\",\"inLanguage\":\"fr-FR\",\"@id\":\"https:\/\/dutchmicrodosing.com\/fr\/champignons-magiques\/kits-de-culture-speciaux\/copelandia-madagascar-paddo-kweekset\/#primaryimage\",\"url\":\"https:\/\/dutchmicrodosing.com\/wp-content\/uploads\/2025\/04\/c23581a5-9918-494b-afd2-1af44bc516c6.png\",\"contentUrl\":\"https:\/\/dutchmicrodosing.com\/wp-content\/uploads\/2025\/04\/c23581a5-9918-494b-afd2-1af44bc516c6.png\",\"width\":1536,\"height\":1024},{\"@type\":\"BreadcrumbList\",\"@id\":\"https:\/\/dutchmicrodosing.com\/fr\/champignons-magiques\/kits-de-culture-speciaux\/copelandia-madagascar-paddo-kweekset\/#breadcrumb\",\"itemListElement\":[{\"@type\":\"ListItem\",\"position\":1,\"name\":\"Home\",\"item\":\"https:\/\/dutchmicrodosing.com\/fr\/\"},{\"@type\":\"ListItem\",\"position\":2,\"name\":\"Boutique\",\"item\":\"https:\/\/dutchmicrodosing.com\/fr\/boutique\/\"},{\"@type\":\"ListItem\",\"position\":3,\"name\":\"Kit de culture de champignons Copelandia Madagascar\"}]},{\"@type\":\"WebSite\",\"@id\":\"https:\/\/dutchmicrodosing.com\/fr\/#website\",\"url\":\"https:\/\/dutchmicrodosing.com\/fr\/\",\"name\":\"Dutchmicrodosing\",\"description\":\"\",\"publisher\":{\"@id\":\"https:\/\/dutchmicrodosing.com\/fr\/#organization\"},\"potentialAction\":[{\"@type\":\"SearchAction\",\"target\":{\"@type\":\"EntryPoint\",\"urlTemplate\":\"https:\/\/dutchmicrodosing.com\/fr\/?s={search_term_string}\"},\"query-input\":{\"@type\":\"PropertyValueSpecification\",\"valueRequired\":true,\"valueName\":\"search_term_string\"}}],\"inLanguage\":\"fr-FR\"},{\"@type\":\"Organization\",\"@id\":\"https:\/\/dutchmicrodosing.com\/fr\/#organization\",\"name\":\"Dutchmicrodosing\",\"url\":\"https:\/\/dutchmicrodosing.com\/fr\/\",\"logo\":{\"@type\":\"ImageObject\",\"inLanguage\":\"fr-FR\",\"@id\":\"https:\/\/dutchmicrodosing.com\/fr\/#\/schema\/logo\/image\/\",\"url\":\"https:\/\/dutchmicrodosing.com\/wp-content\/uploads\/2021\/01\/microdosing-categorie-pic-nieuw.jpg\",\"contentUrl\":\"https:\/\/dutchmicrodosing.com\/wp-content\/uploads\/2021\/01\/microdosing-categorie-pic-nieuw.jpg\",\"width\":500,\"height\":500,\"caption\":\"Dutchmicrodosing\"},\"image\":{\"@id\":\"https:\/\/dutchmicrodosing.com\/fr\/#\/schema\/logo\/image\/\"},\"sameAs\":[\"https:\/\/www.facebook.com\/Dutchmicrodosingxp\/\",\"https:\/\/www.instagram.com\/dutchmicrodosing\/\"]}]}<\/script>\n<meta property=\"product:price:amount\" content=\"63.95\" \/>\n<meta property=\"product:price:currency\" content=\"EUR\" \/>\n<meta property=\"og:availability\" content=\"instock\" \/>\n<meta property=\"product:availability\" content=\"instock\" \/>\n<meta property=\"product:retailer_item_id\" content=\"5204268\" \/>\n<meta property=\"product:condition\" content=\"new\" \/>\n<!-- \/ Yoast SEO Premium plugin. -->","yoast_head_json":{"title":"Kit de culture de champignons Copelandia Madagascar - Dutchmicrodosing","description":"Faites l'exp\u00e9rience de voyages profonds et d'intuitions spirituelles avec le kit de culture de champignons magiques Copelandia Madagascar. Une vari\u00e9t\u00e9 de champignon unique pour les voyageurs conscients et spirituels.","robots":{"index":"index","follow":"follow","max-snippet":"max-snippet:-1","max-image-preview":"max-image-preview:large","max-video-preview":"max-video-preview:-1"},"canonical":"https:\/\/dutchmicrodosing.com\/fr\/champignons-magiques\/kits-de-culture-speciaux\/copelandia-madagascar-paddo-kweekset\/","og_locale":"fr_FR","og_type":"article","og_title":"Kit de culture de champignons Copelandia Madagascar","og_description":"Le kit de culture de champignons Copelandia Madagascar est destin\u00e9 aux vrais passionn\u00e9s. Cette esp\u00e8ce particuli\u00e8re est connue pour son sch\u00e9ma de","og_url":"https:\/\/dutchmicrodosing.com\/fr\/champignons-magiques\/kits-de-culture-speciaux\/copelandia-madagascar-paddo-kweekset\/","og_site_name":"Dutchmicrodosing","article_publisher":"https:\/\/www.facebook.com\/Dutchmicrodosingxp\/","article_modified_time":"2025-08-19T06:41:47+00:00","og_image":[{"width":300,"height":300,"url":"https:\/\/dutchmicrodosing.com\/wp-content\/uploads\/2025\/04\/4106-5079-2.jpg","type":"image\/jpeg"}],"twitter_card":"summary_large_image","schema":{"@context":"https:\/\/schema.org","@graph":[{"@type":"WebPage","@id":"https:\/\/dutchmicrodosing.com\/fr\/champignons-magiques\/kits-de-culture-speciaux\/copelandia-madagascar-paddo-kweekset\/","url":"https:\/\/dutchmicrodosing.com\/fr\/champignons-magiques\/kits-de-culture-speciaux\/copelandia-madagascar-paddo-kweekset\/","name":"Kit de culture de champignons Copelandia Madagascar - Dutchmicrodosing","isPartOf":{"@id":"https:\/\/dutchmicrodosing.com\/fr\/#website"},"primaryImageOfPage":{"@id":"https:\/\/dutchmicrodosing.com\/fr\/champignons-magiques\/kits-de-culture-speciaux\/copelandia-madagascar-paddo-kweekset\/#primaryimage"},"image":{"@id":"https:\/\/dutchmicrodosing.com\/fr\/champignons-magiques\/kits-de-culture-speciaux\/copelandia-madagascar-paddo-kweekset\/#primaryimage"},"thumbnailUrl":"https:\/\/dutchmicrodosing.com\/wp-content\/uploads\/2025\/04\/c23581a5-9918-494b-afd2-1af44bc516c6.png","datePublished":"2025-04-16T06:18:41+00:00","dateModified":"2025-08-19T06:41:47+00:00","description":"Faites l'exp\u00e9rience de voyages profonds et d'intuitions spirituelles avec le kit de culture de champignons magiques Copelandia Madagascar. Une vari\u00e9t\u00e9 de champignon unique pour les voyageurs conscients et spirituels.","breadcrumb":{"@id":"https:\/\/dutchmicrodosing.com\/fr\/champignons-magiques\/kits-de-culture-speciaux\/copelandia-madagascar-paddo-kweekset\/#breadcrumb"},"inLanguage":"fr-FR","potentialAction":[{"@type":"ReadAction","target":["https:\/\/dutchmicrodosing.com\/fr\/champignons-magiques\/kits-de-culture-speciaux\/copelandia-madagascar-paddo-kweekset\/"]}]},{"@type":"ImageObject","inLanguage":"fr-FR","@id":"https:\/\/dutchmicrodosing.com\/fr\/champignons-magiques\/kits-de-culture-speciaux\/copelandia-madagascar-paddo-kweekset\/#primaryimage","url":"https:\/\/dutchmicrodosing.com\/wp-content\/uploads\/2025\/04\/c23581a5-9918-494b-afd2-1af44bc516c6.png","contentUrl":"https:\/\/dutchmicrodosing.com\/wp-content\/uploads\/2025\/04\/c23581a5-9918-494b-afd2-1af44bc516c6.png","width":1536,"height":1024},{"@type":"BreadcrumbList","@id":"https:\/\/dutchmicrodosing.com\/fr\/champignons-magiques\/kits-de-culture-speciaux\/copelandia-madagascar-paddo-kweekset\/#breadcrumb","itemListElement":[{"@type":"ListItem","position":1,"name":"Home","item":"https:\/\/dutchmicrodosing.com\/fr\/"},{"@type":"ListItem","position":2,"name":"Boutique","item":"https:\/\/dutchmicrodosing.com\/fr\/boutique\/"},{"@type":"ListItem","position":3,"name":"Kit de culture de champignons Copelandia Madagascar"}]},{"@type":"WebSite","@id":"https:\/\/dutchmicrodosing.com\/fr\/#website","url":"https:\/\/dutchmicrodosing.com\/fr\/","name":"Dutchmicrodosing","description":"","publisher":{"@id":"https:\/\/dutchmicrodosing.com\/fr\/#organization"},"potentialAction":[{"@type":"SearchAction","target":{"@type":"EntryPoint","urlTemplate":"https:\/\/dutchmicrodosing.com\/fr\/?s={search_term_string}"},"query-input":{"@type":"PropertyValueSpecification","valueRequired":true,"valueName":"search_term_string"}}],"inLanguage":"fr-FR"},{"@type":"Organization","@id":"https:\/\/dutchmicrodosing.com\/fr\/#organization","name":"Dutchmicrodosing","url":"https:\/\/dutchmicrodosing.com\/fr\/","logo":{"@type":"ImageObject","inLanguage":"fr-FR","@id":"https:\/\/dutchmicrodosing.com\/fr\/#\/schema\/logo\/image\/","url":"https:\/\/dutchmicrodosing.com\/wp-content\/uploads\/2021\/01\/microdosing-categorie-pic-nieuw.jpg","contentUrl":"https:\/\/dutchmicrodosing.com\/wp-content\/uploads\/2021\/01\/microdosing-categorie-pic-nieuw.jpg","width":500,"height":500,"caption":"Dutchmicrodosing"},"image":{"@id":"https:\/\/dutchmicrodosing.com\/fr\/#\/schema\/logo\/image\/"},"sameAs":["https:\/\/www.facebook.com\/Dutchmicrodosingxp\/","https:\/\/www.instagram.com\/dutchmicrodosing\/"]}]},"product_price_amount":"63.95","product_price_currency":"EUR","og_availability":"instock","product_availability":"instock","product_retailer_item_id":"5204268","product_condition":"new"},"_links":{"self":[{"href":"https:\/\/dutchmicrodosing.com\/fr\/wp-json\/wp\/v2\/product\/47168","targetHints":{"allow":["GET"]}}],"collection":[{"href":"https:\/\/dutchmicrodosing.com\/fr\/wp-json\/wp\/v2\/product"}],"about":[{"href":"https:\/\/dutchmicrodosing.com\/fr\/wp-json\/wp\/v2\/types\/product"}],"replies":[{"embeddable":true,"href":"https:\/\/dutchmicrodosing.com\/fr\/wp-json\/wp\/v2\/comments?post=47168"}],"version-history":[{"count":0,"href":"https:\/\/dutchmicrodosing.com\/fr\/wp-json\/wp\/v2\/product\/47168\/revisions"}],"wp:featuredmedia":[{"embeddable":true,"href":"https:\/\/dutchmicrodosing.com\/fr\/wp-json\/wp\/v2\/media\/65311"}],"wp:attachment":[{"href":"https:\/\/dutchmicrodosing.com\/fr\/wp-json\/wp\/v2\/media?parent=47168"}],"wp:term":[{"taxonomy":"product_brand","embeddable":true,"href":"https:\/\/dutchmicrodosing.com\/fr\/wp-json\/wp\/v2\/product_brand?post=47168"},{"taxonomy":"product_cat","embeddable":true,"href":"https:\/\/dutchmicrodosing.com\/fr\/wp-json\/wp\/v2\/product_cat?post=47168"},{"taxonomy":"product_tag","embeddable":true,"href":"https:\/\/dutchmicrodosing.com\/fr\/wp-json\/wp\/v2\/product_tag?post=47168"}],"curies":[{"name":"wp","href":"https:\/\/api.w.org\/{rel}","templated":true}]}}