{"id":4760,"date":"2021-01-31T18:06:53","date_gmt":"2021-05-02T08:41:05","guid":{"rendered":"https:\/\/dutchmicrodosing.com\/shop\/non%20class\u00e9\/psilocybe-pajaritos-truffes-15-gr\/"},"modified":"2023-03-11T12:43:57","modified_gmt":"2023-03-11T11:43:57","slug":"truffes-pajaritos-bio","status":"publish","type":"product","link":"https:\/\/dutchmicrodosing.com\/fr\/truffes-a-la-psilocybine\/truffes-magiques-bio-xp\/truffes-pajaritos-bio\/","title":{"rendered":"Truffes Pajaritos Bio 15 Gr"},"content":{"rendered":"<p>Les truffes Pajaritos 100% biologiques Psilocybe sont de v\u00e9ritables truffes du bonheur, avec une activit\u00e9 c\u00e9r\u00e9brale \u00e9lev\u00e9e, garantissant des conversations sociales profondes. Ces Pajaritos, qui signifient petits oiseaux en espagnol, vous emm\u00e8nent dans des sph\u00e8res sup\u00e9rieures o\u00f9 les notions d&rsquo;espace et de temps disparaissent compl\u00e8tement. En termes d&rsquo;effets visuels, cette truffe psychotrope n&rsquo;est pas la plus forte. Ne vous attendez donc pas \u00e0 des images intenses ou \u00e0 des hallucinations avec les truffes Pajaritos. En raison de ses effets uniques, cette esp\u00e8ce de truffe est parfaite pour une r\u00e9union agr\u00e9able avec vos amis. Les nombreux \u00e9clats de rire sont accompagn\u00e9s d&rsquo;heures de philosophie sur le but de la vie ou sur des sujets moins effrayants. Le processus de pens\u00e9e cr\u00e9ative est stimul\u00e9 et fait place \u00e0 des id\u00e9es et\/ou des solutions innovantes. Les Pajaritos sont de v\u00e9ritables truffes sociales avec lesquelles vous et un groupe d&rsquo;amis vivrez une exp\u00e9rience et un moment merveilleux. En raison de leurs effets psych\u00e9d\u00e9liques l\u00e9gers, ces truffes sont parfaites pour ceux qui n&rsquo;ont jamais consomm\u00e9 de truffes \u00e0 la psilocybine auparavant.<\/p>\n<p><strong>Utilisation et contenu de l&rsquo;\u00e9blouissante truffe Psilocybe Pajaritos 100% biologique<\/strong><\/p>\n<p>Le Pajaritos est une truffe avec un effet psych\u00e9d\u00e9lique pas trop fort. Si vous essayez les truffes pour la premi\u00e8re fois, nous vous recommandons toujours de commencer par un voyage doux. Les truffes peuvent \u00eatre consomm\u00e9es directement dans leur emballage. Il est tr\u00e8s important de m\u00e2cher les truffes longtemps et bien avant de les avaler. Cela renforce consid\u00e9rablement l&rsquo;effet des truffes. Vous pouvez \u00e9galement faire du th\u00e9 avec les truffes, mais l&rsquo;effet en sera quelque peu affaibli. La quantit\u00e9 recommand\u00e9e \u00e0 prendre est :<\/p>\n<ul>\n<li>Voyage doux 10 grammes<\/li>\n<li>Voyage fort 15 grammes<\/li>\n<\/ul>\n<p>Avez-vous de l&rsquo;exp\u00e9rience avec les truffes ? Nous vous recommandons ensuite de consommer la totalit\u00e9 du contenu du paquet (15 grammes). Assurez-vous d&rsquo;avoir une atmosph\u00e8re d\u00e9tendue et un environnement calme et familier si vous envisagez de consommer ces truffes qui alt\u00e8rent l&rsquo;esprit. Votre salon est parfait pour un bon voyage. Assurez-vous d&rsquo;avoir un bon \u00ab\u00a0set &amp; setting\u00a0\u00bb et prenez des mesures comme ranger la pi\u00e8ce ou pr\u00e9parer les choses dont vous pensez avoir besoin pendant le voyage avec la psilocybine. Apr\u00e8s tout, vous ne voulez pas avoir \u00e0 chercher ce genre de choses au milieu de votre voyage psych\u00e9d\u00e9lique. Par exemple, pr\u00e9voyez une bouteille d&rsquo;eau ou un matelas au cas o\u00f9 vous voudriez vous allonger. Un masque de sommeil (mindfold) est \u00e9galement souhaitable si vous avez la volont\u00e9 et l&rsquo;intention d&rsquo;explorer votre propre monde spirituel int\u00e9rieur.<\/p>\n<p>Pour la plupart des gens, l&rsquo;exp\u00e9rience de tripoter des truffes psilocybe est fantastique et presque magique. Cependant, certaines personnes ne supportent pas tr\u00e8s bien les effets visuels ou le changement de perception de la r\u00e9alit\u00e9, ce qui peut les effrayer. Ne vous inqui\u00e9tez pas, les effets disparaissent apr\u00e8s quelques heures. Dans ces cas, il est conseill\u00e9 d&rsquo;avoir un \u00ab\u00a0tripsitter\u00a0\u00bb \u00e0 vos c\u00f4t\u00e9s. Un tripsitter est une personne de confiance qui est pr\u00e9sente de mani\u00e8re sobre et qui assure la paix et la s\u00e9curit\u00e9 des utilisateurs pendant le voyage, afin qu&rsquo;ils puissent s&rsquo;abandonner compl\u00e8tement \u00e0 l&rsquo;exp\u00e9rience magique et psych\u00e9d\u00e9lique.<\/p>\n<p>Un sachet de Pajaritos 100% biologiques contient 15 grammes de truffes \u00e0 la psilocybine.<\/p>\n<p><strong>Valeurs nutritionnelles pour 100 grammes de truffes Pajaritos 100% biologiques :<\/strong><\/p>\n<p>\u00c9nergie 464,7 kJ<\/p>\n<p>\u00c9nergie 110,5 kcal<\/p>\n<p>Glucides 13,2 grammes<\/p>\n<p>Prot\u00e9ines 5,3 grammes<\/p>\n<p>Lipides 0,4 grammes<\/p>\n<p>\u2981 Fibres alimentaires 16,7 grammes<\/p>\n<p>Sel (NaCl) 0,3 g<\/p>\n<p>Vitamine D 10,0 UI<\/p>\n<p>Sodium (Na) 13,6 mg<\/p>\n<p>Phosphore (P) 169,3 mg<\/p>\n<p>Potassium (K) 210,0 mg<\/p>\n<p>Calcium (Ca) 12,5 mg<\/p>\n<p>Fer (F) 0,7 mg<\/p>\n<p>&nbsp;<\/p>\n<p><strong>Stockage des truffes Pajaritos 100% biologiques et \u00e9poustouflantes<\/strong><\/p>\n<p>Si vous n&rsquo;avez pas l&rsquo;intention de consommer les truffes imm\u00e9diatement, nous vous conseillons de les conserver au r\u00e9frig\u00e9rateur \u00e0 une temp\u00e9rature comprise entre 2 et 5 degr\u00e9s. Lorsque les truffes \u00e0 la psilocybine arrivent, elles peuvent \u00eatre conserv\u00e9es au r\u00e9frig\u00e9rateur pendant au moins un mois. V\u00e9rifiez toujours la date d&rsquo;expiration avant de d\u00e9cider d&rsquo;utiliser les truffes.<\/p>\n<p><strong>Avertissement concernant l&rsquo;utilisation de truffes \u00e0 la psilocybine alt\u00e9rant l&rsquo;esprit<\/strong><\/p>\n<p>Les truffes 100% biologiques peuvent \u00eatre dangereuses pour la sant\u00e9 lorsqu&rsquo;elles sont associ\u00e9es \u00e0 certains m\u00e9dicaments, \u00e0 l&rsquo;alcool ou aux inhibiteurs de la MAO. Prenez-vous des m\u00e9dicaments ? Consultez toujours d&rsquo;abord votre m\u00e9decin et lisez la notice de votre m\u00e9dicament afin d&rsquo;\u00e9viter tout risque pour la sant\u00e9. N&rsquo;utilisez pas les truffes magiques si vous \u00eates enceinte ou si vous allaitez. Soyez responsable avec ces truffes uniques et ne les utilisez pas dans la circulation.<\/p>\n","protected":false},"excerpt":{"rendered":"<p>Les truffes Pajaritos 100% biologiques Psilocybe sont de v\u00e9ritables truffes du bonheur, avec une activit\u00e9 c\u00e9r\u00e9brale \u00e9lev\u00e9e, garantissant des conversations sociales profondes. Ces Pajaritos, qui signifient petits oiseaux en espagnol, vous emm\u00e8nent dans des sph\u00e8res sup\u00e9rieures o\u00f9 les notions d&rsquo;espace et de temps disparaissent compl\u00e8tement. En termes d&rsquo;effets visuels, cette truffe psychotrope n&rsquo;est pas la [&hellip;]<\/p>\n","protected":false},"featured_media":3142,"comment_status":"open","ping_status":"closed","template":"","meta":[],"product_brand":[],"product_cat":[125],"product_tag":[],"class_list":{"0":"post-4760","1":"product","2":"type-product","3":"status-publish","4":"has-post-thumbnail","6":"product_cat-truffes-magiques-bio-xp","8":"first","9":"instock","10":"taxable","11":"shipping-taxable","12":"purchasable","13":"product-type-simple"},"yoast_head":"<!-- This site is optimized with the Yoast SEO Premium plugin v26.4 (Yoast SEO v27.2) - https:\/\/yoast.com\/product\/yoast-seo-premium-wordpress\/ -->\n<title>Truffes Pajaritos Bio 15 Gr - Dutchmicrodosing<\/title>\n<meta name=\"robots\" content=\"index, follow, max-snippet:-1, max-image-preview:large, max-video-preview:-1\" \/>\n<link rel=\"canonical\" href=\"https:\/\/dutchmicrodosing.com\/fr\/truffes-a-la-psilocybine\/truffes-magiques-bio-xp\/truffes-pajaritos-bio\/\" \/>\n<meta property=\"og:locale\" content=\"fr_FR\" \/>\n<meta property=\"og:type\" content=\"article\" \/>\n<meta property=\"og:title\" content=\"Truffes Pajaritos Bio 15 Gr\" \/>\n<meta property=\"og:description\" content=\"Les truffes Pajaritos 100% biologiques Psilocybe sont de v\u00e9ritables truffes du bonheur, avec une activit\u00e9 c\u00e9r\u00e9brale \u00e9lev\u00e9e, garantissant des conversations\" \/>\n<meta property=\"og:url\" content=\"https:\/\/dutchmicrodosing.com\/fr\/truffes-a-la-psilocybine\/truffes-magiques-bio-xp\/truffes-pajaritos-bio\/\" \/>\n<meta property=\"og:site_name\" content=\"Dutchmicrodosing\" \/>\n<meta property=\"article:publisher\" content=\"https:\/\/www.facebook.com\/Dutchmicrodosingxp\/\" \/>\n<meta property=\"article:modified_time\" content=\"2023-03-11T11:43:57+00:00\" \/>\n<meta property=\"og:image\" content=\"https:\/\/dutchmicrodosing.com\/wp-content\/uploads\/2021\/01\/Pajaritos-product-plaatjes.jpg\" \/>\n\t<meta property=\"og:image:width\" content=\"500\" \/>\n\t<meta property=\"og:image:height\" content=\"500\" \/>\n\t<meta property=\"og:image:type\" content=\"image\/jpeg\" \/>\n<meta name=\"twitter:card\" content=\"summary_large_image\" \/>\n<script type=\"application\/ld+json\" class=\"yoast-schema-graph\">{\"@context\":\"https:\/\/schema.org\",\"@graph\":[{\"@type\":\"WebPage\",\"@id\":\"https:\/\/dutchmicrodosing.com\/fr\/truffes-a-la-psilocybine\/truffes-magiques-bio-xp\/truffes-pajaritos-bio\/\",\"url\":\"https:\/\/dutchmicrodosing.com\/fr\/truffes-a-la-psilocybine\/truffes-magiques-bio-xp\/truffes-pajaritos-bio\/\",\"name\":\"Truffes Pajaritos Bio 15 Gr - Dutchmicrodosing\",\"isPartOf\":{\"@id\":\"https:\/\/dutchmicrodosing.com\/fr\/#website\"},\"primaryImageOfPage\":{\"@id\":\"https:\/\/dutchmicrodosing.com\/fr\/truffes-a-la-psilocybine\/truffes-magiques-bio-xp\/truffes-pajaritos-bio\/#primaryimage\"},\"image\":{\"@id\":\"https:\/\/dutchmicrodosing.com\/fr\/truffes-a-la-psilocybine\/truffes-magiques-bio-xp\/truffes-pajaritos-bio\/#primaryimage\"},\"thumbnailUrl\":\"https:\/\/dutchmicrodosing.com\/wp-content\/uploads\/2021\/01\/Pajaritos-product-plaatjes.jpg\",\"datePublished\":\"2021-05-02T08:41:05+00:00\",\"dateModified\":\"2023-03-11T11:43:57+00:00\",\"breadcrumb\":{\"@id\":\"https:\/\/dutchmicrodosing.com\/fr\/truffes-a-la-psilocybine\/truffes-magiques-bio-xp\/truffes-pajaritos-bio\/#breadcrumb\"},\"inLanguage\":\"fr-FR\",\"potentialAction\":[{\"@type\":\"ReadAction\",\"target\":[\"https:\/\/dutchmicrodosing.com\/fr\/truffes-a-la-psilocybine\/truffes-magiques-bio-xp\/truffes-pajaritos-bio\/\"]}]},{\"@type\":\"ImageObject\",\"inLanguage\":\"fr-FR\",\"@id\":\"https:\/\/dutchmicrodosing.com\/fr\/truffes-a-la-psilocybine\/truffes-magiques-bio-xp\/truffes-pajaritos-bio\/#primaryimage\",\"url\":\"https:\/\/dutchmicrodosing.com\/wp-content\/uploads\/2021\/01\/Pajaritos-product-plaatjes.jpg\",\"contentUrl\":\"https:\/\/dutchmicrodosing.com\/wp-content\/uploads\/2021\/01\/Pajaritos-product-plaatjes.jpg\",\"width\":500,\"height\":500},{\"@type\":\"BreadcrumbList\",\"@id\":\"https:\/\/dutchmicrodosing.com\/fr\/truffes-a-la-psilocybine\/truffes-magiques-bio-xp\/truffes-pajaritos-bio\/#breadcrumb\",\"itemListElement\":[{\"@type\":\"ListItem\",\"position\":1,\"name\":\"Home\",\"item\":\"https:\/\/dutchmicrodosing.com\/fr\/\"},{\"@type\":\"ListItem\",\"position\":2,\"name\":\"Boutique\",\"item\":\"https:\/\/dutchmicrodosing.com\/fr\/boutique\/\"},{\"@type\":\"ListItem\",\"position\":3,\"name\":\"Truffes Pajaritos Bio 15 Gr\"}]},{\"@type\":\"WebSite\",\"@id\":\"https:\/\/dutchmicrodosing.com\/fr\/#website\",\"url\":\"https:\/\/dutchmicrodosing.com\/fr\/\",\"name\":\"Dutchmicrodosing\",\"description\":\"\",\"publisher\":{\"@id\":\"https:\/\/dutchmicrodosing.com\/fr\/#organization\"},\"potentialAction\":[{\"@type\":\"SearchAction\",\"target\":{\"@type\":\"EntryPoint\",\"urlTemplate\":\"https:\/\/dutchmicrodosing.com\/fr\/?s={search_term_string}\"},\"query-input\":{\"@type\":\"PropertyValueSpecification\",\"valueRequired\":true,\"valueName\":\"search_term_string\"}}],\"inLanguage\":\"fr-FR\"},{\"@type\":\"Organization\",\"@id\":\"https:\/\/dutchmicrodosing.com\/fr\/#organization\",\"name\":\"Dutchmicrodosing\",\"url\":\"https:\/\/dutchmicrodosing.com\/fr\/\",\"logo\":{\"@type\":\"ImageObject\",\"inLanguage\":\"fr-FR\",\"@id\":\"https:\/\/dutchmicrodosing.com\/fr\/#\/schema\/logo\/image\/\",\"url\":\"https:\/\/dutchmicrodosing.com\/wp-content\/uploads\/2021\/01\/microdosing-categorie-pic-nieuw.jpg\",\"contentUrl\":\"https:\/\/dutchmicrodosing.com\/wp-content\/uploads\/2021\/01\/microdosing-categorie-pic-nieuw.jpg\",\"width\":500,\"height\":500,\"caption\":\"Dutchmicrodosing\"},\"image\":{\"@id\":\"https:\/\/dutchmicrodosing.com\/fr\/#\/schema\/logo\/image\/\"},\"sameAs\":[\"https:\/\/www.facebook.com\/Dutchmicrodosingxp\/\",\"https:\/\/www.instagram.com\/dutchmicrodosing\/\"]}]}<\/script>\n<meta property=\"product:price:amount\" content=\"17.95\" \/>\n<meta property=\"product:price:currency\" content=\"EUR\" \/>\n<meta property=\"og:availability\" content=\"instock\" \/>\n<meta property=\"product:availability\" content=\"instock\" \/>\n<meta property=\"product:retailer_item_id\" content=\"2212295\" \/>\n<meta property=\"product:condition\" content=\"new\" \/>\n<!-- \/ Yoast SEO Premium plugin. -->","yoast_head_json":{"title":"Truffes Pajaritos Bio 15 Gr - Dutchmicrodosing","robots":{"index":"index","follow":"follow","max-snippet":"max-snippet:-1","max-image-preview":"max-image-preview:large","max-video-preview":"max-video-preview:-1"},"canonical":"https:\/\/dutchmicrodosing.com\/fr\/truffes-a-la-psilocybine\/truffes-magiques-bio-xp\/truffes-pajaritos-bio\/","og_locale":"fr_FR","og_type":"article","og_title":"Truffes Pajaritos Bio 15 Gr","og_description":"Les truffes Pajaritos 100% biologiques Psilocybe sont de v\u00e9ritables truffes du bonheur, avec une activit\u00e9 c\u00e9r\u00e9brale \u00e9lev\u00e9e, garantissant des conversations","og_url":"https:\/\/dutchmicrodosing.com\/fr\/truffes-a-la-psilocybine\/truffes-magiques-bio-xp\/truffes-pajaritos-bio\/","og_site_name":"Dutchmicrodosing","article_publisher":"https:\/\/www.facebook.com\/Dutchmicrodosingxp\/","article_modified_time":"2023-03-11T11:43:57+00:00","og_image":[{"width":500,"height":500,"url":"https:\/\/dutchmicrodosing.com\/wp-content\/uploads\/2021\/01\/Pajaritos-product-plaatjes.jpg","type":"image\/jpeg"}],"twitter_card":"summary_large_image","schema":{"@context":"https:\/\/schema.org","@graph":[{"@type":"WebPage","@id":"https:\/\/dutchmicrodosing.com\/fr\/truffes-a-la-psilocybine\/truffes-magiques-bio-xp\/truffes-pajaritos-bio\/","url":"https:\/\/dutchmicrodosing.com\/fr\/truffes-a-la-psilocybine\/truffes-magiques-bio-xp\/truffes-pajaritos-bio\/","name":"Truffes Pajaritos Bio 15 Gr - Dutchmicrodosing","isPartOf":{"@id":"https:\/\/dutchmicrodosing.com\/fr\/#website"},"primaryImageOfPage":{"@id":"https:\/\/dutchmicrodosing.com\/fr\/truffes-a-la-psilocybine\/truffes-magiques-bio-xp\/truffes-pajaritos-bio\/#primaryimage"},"image":{"@id":"https:\/\/dutchmicrodosing.com\/fr\/truffes-a-la-psilocybine\/truffes-magiques-bio-xp\/truffes-pajaritos-bio\/#primaryimage"},"thumbnailUrl":"https:\/\/dutchmicrodosing.com\/wp-content\/uploads\/2021\/01\/Pajaritos-product-plaatjes.jpg","datePublished":"2021-05-02T08:41:05+00:00","dateModified":"2023-03-11T11:43:57+00:00","breadcrumb":{"@id":"https:\/\/dutchmicrodosing.com\/fr\/truffes-a-la-psilocybine\/truffes-magiques-bio-xp\/truffes-pajaritos-bio\/#breadcrumb"},"inLanguage":"fr-FR","potentialAction":[{"@type":"ReadAction","target":["https:\/\/dutchmicrodosing.com\/fr\/truffes-a-la-psilocybine\/truffes-magiques-bio-xp\/truffes-pajaritos-bio\/"]}]},{"@type":"ImageObject","inLanguage":"fr-FR","@id":"https:\/\/dutchmicrodosing.com\/fr\/truffes-a-la-psilocybine\/truffes-magiques-bio-xp\/truffes-pajaritos-bio\/#primaryimage","url":"https:\/\/dutchmicrodosing.com\/wp-content\/uploads\/2021\/01\/Pajaritos-product-plaatjes.jpg","contentUrl":"https:\/\/dutchmicrodosing.com\/wp-content\/uploads\/2021\/01\/Pajaritos-product-plaatjes.jpg","width":500,"height":500},{"@type":"BreadcrumbList","@id":"https:\/\/dutchmicrodosing.com\/fr\/truffes-a-la-psilocybine\/truffes-magiques-bio-xp\/truffes-pajaritos-bio\/#breadcrumb","itemListElement":[{"@type":"ListItem","position":1,"name":"Home","item":"https:\/\/dutchmicrodosing.com\/fr\/"},{"@type":"ListItem","position":2,"name":"Boutique","item":"https:\/\/dutchmicrodosing.com\/fr\/boutique\/"},{"@type":"ListItem","position":3,"name":"Truffes Pajaritos Bio 15 Gr"}]},{"@type":"WebSite","@id":"https:\/\/dutchmicrodosing.com\/fr\/#website","url":"https:\/\/dutchmicrodosing.com\/fr\/","name":"Dutchmicrodosing","description":"","publisher":{"@id":"https:\/\/dutchmicrodosing.com\/fr\/#organization"},"potentialAction":[{"@type":"SearchAction","target":{"@type":"EntryPoint","urlTemplate":"https:\/\/dutchmicrodosing.com\/fr\/?s={search_term_string}"},"query-input":{"@type":"PropertyValueSpecification","valueRequired":true,"valueName":"search_term_string"}}],"inLanguage":"fr-FR"},{"@type":"Organization","@id":"https:\/\/dutchmicrodosing.com\/fr\/#organization","name":"Dutchmicrodosing","url":"https:\/\/dutchmicrodosing.com\/fr\/","logo":{"@type":"ImageObject","inLanguage":"fr-FR","@id":"https:\/\/dutchmicrodosing.com\/fr\/#\/schema\/logo\/image\/","url":"https:\/\/dutchmicrodosing.com\/wp-content\/uploads\/2021\/01\/microdosing-categorie-pic-nieuw.jpg","contentUrl":"https:\/\/dutchmicrodosing.com\/wp-content\/uploads\/2021\/01\/microdosing-categorie-pic-nieuw.jpg","width":500,"height":500,"caption":"Dutchmicrodosing"},"image":{"@id":"https:\/\/dutchmicrodosing.com\/fr\/#\/schema\/logo\/image\/"},"sameAs":["https:\/\/www.facebook.com\/Dutchmicrodosingxp\/","https:\/\/www.instagram.com\/dutchmicrodosing\/"]}]},"product_price_amount":"17.95","product_price_currency":"EUR","og_availability":"instock","product_availability":"instock","product_retailer_item_id":"2212295","product_condition":"new"},"_links":{"self":[{"href":"https:\/\/dutchmicrodosing.com\/fr\/wp-json\/wp\/v2\/product\/4760","targetHints":{"allow":["GET"]}}],"collection":[{"href":"https:\/\/dutchmicrodosing.com\/fr\/wp-json\/wp\/v2\/product"}],"about":[{"href":"https:\/\/dutchmicrodosing.com\/fr\/wp-json\/wp\/v2\/types\/product"}],"replies":[{"embeddable":true,"href":"https:\/\/dutchmicrodosing.com\/fr\/wp-json\/wp\/v2\/comments?post=4760"}],"version-history":[{"count":0,"href":"https:\/\/dutchmicrodosing.com\/fr\/wp-json\/wp\/v2\/product\/4760\/revisions"}],"wp:featuredmedia":[{"embeddable":true,"href":"https:\/\/dutchmicrodosing.com\/fr\/wp-json\/wp\/v2\/media\/3142"}],"wp:attachment":[{"href":"https:\/\/dutchmicrodosing.com\/fr\/wp-json\/wp\/v2\/media?parent=4760"}],"wp:term":[{"taxonomy":"product_brand","embeddable":true,"href":"https:\/\/dutchmicrodosing.com\/fr\/wp-json\/wp\/v2\/product_brand?post=4760"},{"taxonomy":"product_cat","embeddable":true,"href":"https:\/\/dutchmicrodosing.com\/fr\/wp-json\/wp\/v2\/product_cat?post=4760"},{"taxonomy":"product_tag","embeddable":true,"href":"https:\/\/dutchmicrodosing.com\/fr\/wp-json\/wp\/v2\/product_tag?post=4760"}],"curies":[{"name":"wp","href":"https:\/\/api.w.org\/{rel}","templated":true}]}}