{"id":47606,"date":"2025-05-09T09:49:35","date_gmt":"2025-05-09T07:49:35","guid":{"rendered":"https:\/\/dutchmicrodosing.com\/shop\/non%20class\u00e9\/azurescens-outdoor-growkit\/"},"modified":"2026-03-31T14:17:36","modified_gmt":"2026-03-31T12:17:36","slug":"azurescens-outdoor-growkit","status":"publish","type":"product","link":"https:\/\/dutchmicrodosing.com\/fr\/champignons-magiques\/kits-de-culture-speciaux\/azurescens-outdoor-growkit\/","title":{"rendered":"Azurescens Kit de culture pour l&rsquo;ext\u00e9rieur"},"content":{"rendered":"<p>Avec le <strong>kit de culture d&rsquo;ext\u00e9rieur Azurescens<\/strong>, vous pouvez facilement cr\u00e9er votre propre rizi\u00e8re naturelle. Ce kit de culture vous offre la possibilit\u00e9 de cultiver de puissants champignons \u00e0 psilocybine en plein air, en revenant chaque ann\u00e9e. Parfait pour ceux qui disposent d&rsquo;un espace suppl\u00e9mentaire dans le jardin et qui souhaitent cultiver de mani\u00e8re durable.<\/p>\n<h3>Caract\u00e9ristiques<\/h3>\n<ul>\n<li>Sp\u00e9cialement pour une utilisation en ext\u00e9rieur<\/li>\n<li>Substrat : copeaux de bois<\/li>\n<li>Souche tr\u00e8s puissante, ne convient pas aux d\u00e9butants.<\/li>\n<li>P\u00e9riode de plantation : fin mars \u00e0 d\u00e9but juin (Europe du Nord), septembre-d\u00e9cembre (Europe du Sud).<\/li>\n<li>Colonisation \u00e0 16-24\u00baC, fructification \u00e0 environ 7\u00baC<\/li>\n<li>P\u00e9riode de r\u00e9colte : octobre-janvier<\/li>\n<li>Possibilit\u00e9 de plusieurs r\u00e9coltes par an<\/li>\n<\/ul>\n<h3>Ingr\u00e9dients et composition<\/h3>\n<p>Le kit de culture Azurescens Outdoor contient 280 ml de substrat avec 100% de myc\u00e9lium actif.<\/p>\n<h3>Fournitures<\/h3>\n<ul>\n<li>Un sac de 10 litres de petits copeaux de h\u00eatre, d&rsquo;une taille de +\/- 5 mm. Ils sont disponibles dans les animaleries et les magasins de jardinage.<\/li>\n<li>Une bo\u00eete en carton brun, d&rsquo;une profondeur maximale de 15 cm (30 x 30 x 15 cm)<\/li>\n<li>Un r\u00e9cipient en plastique d&rsquo;un litre<\/li>\n<li>Un litre de terre (facultatif)<\/li>\n<li>Graines d&rsquo;herbe (facultatif)<\/li>\n<\/ul>\n<h3>Instructions<\/h3>\n<ol>\n<li>Prenez un r\u00e9cipient en plastique d&rsquo;un litre (avec couvercle) et remplissez-le de 2\/3 de copeaux de bois. Remplissez ensuite le r\u00e9cipient d&rsquo;eau bouillante.<\/li>\n<li>Laissez le r\u00e9cipient pendant une nuit (immerg\u00e9) ou 12 heures, puis videz l&rsquo;eau.<\/li>\n<li>Maintenant, lavez-vous les mains. Ouvrez le kit de culture et brisez d\u00e9licatement le myc\u00e9lium \u00e0 l&rsquo;aide d&rsquo;une fourchette propre ou d&rsquo;un objet similaire.<\/li>\n<li>Ajoutez le contenu du kit de culture aux copeaux de bois humides dans le r\u00e9cipient en plastique. Utilisez une fourchette propre ou un objet similaire pour r\u00e9partir uniform\u00e9ment le myc\u00e9lium et les copeaux de bois.<\/li>\n<li>Une fois le m\u00e9lange et la r\u00e9partition effectu\u00e9s, recouvrez d&rsquo;une couche de carton humide. Il est pr\u00e9f\u00e9rable d&rsquo;utiliser du carton brun ordinaire. Placez le couvercle sur le r\u00e9cipient sans le serrer afin de prot\u00e9ger le myc\u00e9lium de la poussi\u00e8re tout en lui permettant de respirer. Sans air, le myc\u00e9lium ne se d\u00e9veloppe pas.<\/li>\n<li>Laissez le r\u00e9cipient en plastique \u00e0 temp\u00e9rature ambiante dans une pi\u00e8ce propre et sans poussi\u00e8re pendant environ un mois pour permettre aux copeaux de bois d&rsquo;\u00eatre compl\u00e8tement inocul\u00e9s. Vous saurez que l&rsquo;inoculation est termin\u00e9e car le contenu est devenu blanc. Votre substrat est maintenant pr\u00eat \u00e0 \u00eatre utilis\u00e9 \u00e0 l&rsquo;ext\u00e9rieur.<\/li>\n<li>Versez le reste de vos copeaux de bois dans un grand seau ou quelque chose de similaire et immergez-les dans de l&rsquo;eau bouillante. Vous pouvez \u00e9galement utiliser une grande casserole et la mettre sur le feu.<\/li>\n<li>Laissez les copeaux de bois dans l&rsquo;eau pendant une nuit. Lorsque vous avez termin\u00e9, videz l&rsquo;eau.<\/li>\n<li>Lavez-vous les mains. Remplissez votre bo\u00eete en carton avec vos copeaux de bois colonis\u00e9s par le myc\u00e9lium et vos copeaux de bois humides.<\/li>\n<li>Prenez une fourchette propre ou un objet similaire et m\u00e9langez le tout uniform\u00e9ment.<\/li>\n<li>Enterrez le carton (ouvert) dans un endroit ombrag\u00e9, sous un buisson ou un arbre. Id\u00e9alement, apr\u00e8s avoir enterr\u00e9 la bo\u00eete, ajoutez une couche sup\u00e9rieure de 1 cm de terre humide avec des graines de gazon.<\/li>\n<\/ol>\n<h3>Contenu<\/h3>\n<ul>\n<li>280 ml de substrat avec myc\u00e9lium actif<\/li>\n<\/ul>\n<h3>Avis de non-responsabilit\u00e9<\/h3>\n<p>Les champignons peuvent \u00eatre dangereux pour la sant\u00e9 lorsqu&rsquo;ils sont associ\u00e9s \u00e0 certaines drogues, \u00e0 l&rsquo;alcool ou \u00e0 des IMAO. Prenez-vous des m\u00e9dicaments ? Consultez toujours d&rsquo;abord votre m\u00e9decin et lisez la notice de votre m\u00e9dicament afin d&rsquo;\u00e9viter tout risque pour la sant\u00e9. De m\u00eame, n&rsquo;utilisez pas les champignons si vous \u00eates enceinte ou si vous allaitez.<\/p>\n","protected":false},"excerpt":{"rendered":"<p>Avec le kit de culture d&rsquo;ext\u00e9rieur Azurescens, vous pouvez facilement cr\u00e9er votre propre rizi\u00e8re naturelle. Ce kit de culture vous offre la possibilit\u00e9 de cultiver de puissants champignons \u00e0 psilocybine en plein air, en revenant chaque ann\u00e9e. Parfait pour ceux qui disposent d&rsquo;un espace suppl\u00e9mentaire dans le jardin et qui souhaitent cultiver de mani\u00e8re durable. [&hellip;]<\/p>\n","protected":false},"featured_media":47590,"comment_status":"closed","ping_status":"closed","template":"","meta":[],"product_brand":[],"product_cat":[410],"product_tag":[],"class_list":{"0":"post-47606","1":"product","2":"type-product","3":"status-publish","4":"has-post-thumbnail","6":"product_cat-kits-de-culture-speciaux","8":"first","9":"instock","10":"taxable","11":"shipping-taxable","12":"purchasable","13":"product-type-simple"},"yoast_head":"<!-- This site is optimized with the Yoast SEO Premium plugin v26.4 (Yoast SEO v27.2) - https:\/\/yoast.com\/product\/yoast-seo-premium-wordpress\/ -->\n<title>Azurescens Kit de culture pour l&#039;ext\u00e9rieur - Dutchmicrodosing<\/title>\n<meta name=\"robots\" content=\"index, follow, max-snippet:-1, max-image-preview:large, max-video-preview:-1\" \/>\n<link rel=\"canonical\" href=\"https:\/\/dutchmicrodosing.com\/fr\/champignons-magiques\/kits-de-culture-speciaux\/azurescens-outdoor-growkit\/\" \/>\n<meta property=\"og:locale\" content=\"fr_FR\" \/>\n<meta property=\"og:type\" content=\"article\" \/>\n<meta property=\"og:title\" content=\"Azurescens Kit de culture pour l&#039;ext\u00e9rieur\" \/>\n<meta property=\"og:description\" content=\"Avec le kit de culture d&#039;ext\u00e9rieur Azurescens, vous pouvez facilement cr\u00e9er votre propre rizi\u00e8re naturelle. Ce kit de culture vous offre la possibilit\u00e9 de\" \/>\n<meta property=\"og:url\" content=\"https:\/\/dutchmicrodosing.com\/fr\/champignons-magiques\/kits-de-culture-speciaux\/azurescens-outdoor-growkit\/\" \/>\n<meta property=\"og:site_name\" content=\"Dutchmicrodosing\" \/>\n<meta property=\"article:publisher\" content=\"https:\/\/www.facebook.com\/Dutchmicrodosingxp\/\" \/>\n<meta property=\"article:modified_time\" content=\"2026-03-31T12:17:36+00:00\" \/>\n<meta property=\"og:image\" content=\"https:\/\/dutchmicrodosing.com\/wp-content\/uploads\/2025\/05\/3009-3132.jpg\" \/>\n\t<meta property=\"og:image:width\" content=\"300\" \/>\n\t<meta property=\"og:image:height\" content=\"300\" \/>\n\t<meta property=\"og:image:type\" content=\"image\/jpeg\" \/>\n<meta name=\"twitter:card\" content=\"summary_large_image\" \/>\n<script type=\"application\/ld+json\" class=\"yoast-schema-graph\">{\"@context\":\"https:\/\/schema.org\",\"@graph\":[{\"@type\":\"WebPage\",\"@id\":\"https:\/\/dutchmicrodosing.com\/fr\/champignons-magiques\/kits-de-culture-speciaux\/azurescens-outdoor-growkit\/\",\"url\":\"https:\/\/dutchmicrodosing.com\/fr\/champignons-magiques\/kits-de-culture-speciaux\/azurescens-outdoor-growkit\/\",\"name\":\"Azurescens Kit de culture pour l'ext\u00e9rieur - Dutchmicrodosing\",\"isPartOf\":{\"@id\":\"https:\/\/dutchmicrodosing.com\/fr\/#website\"},\"primaryImageOfPage\":{\"@id\":\"https:\/\/dutchmicrodosing.com\/fr\/champignons-magiques\/kits-de-culture-speciaux\/azurescens-outdoor-growkit\/#primaryimage\"},\"image\":{\"@id\":\"https:\/\/dutchmicrodosing.com\/fr\/champignons-magiques\/kits-de-culture-speciaux\/azurescens-outdoor-growkit\/#primaryimage\"},\"thumbnailUrl\":\"https:\/\/dutchmicrodosing.com\/wp-content\/uploads\/2025\/05\/3009-3132.jpg\",\"datePublished\":\"2025-05-09T07:49:35+00:00\",\"dateModified\":\"2026-03-31T12:17:36+00:00\",\"breadcrumb\":{\"@id\":\"https:\/\/dutchmicrodosing.com\/fr\/champignons-magiques\/kits-de-culture-speciaux\/azurescens-outdoor-growkit\/#breadcrumb\"},\"inLanguage\":\"fr-FR\",\"potentialAction\":[{\"@type\":\"ReadAction\",\"target\":[\"https:\/\/dutchmicrodosing.com\/fr\/champignons-magiques\/kits-de-culture-speciaux\/azurescens-outdoor-growkit\/\"]}]},{\"@type\":\"ImageObject\",\"inLanguage\":\"fr-FR\",\"@id\":\"https:\/\/dutchmicrodosing.com\/fr\/champignons-magiques\/kits-de-culture-speciaux\/azurescens-outdoor-growkit\/#primaryimage\",\"url\":\"https:\/\/dutchmicrodosing.com\/wp-content\/uploads\/2025\/05\/3009-3132.jpg\",\"contentUrl\":\"https:\/\/dutchmicrodosing.com\/wp-content\/uploads\/2025\/05\/3009-3132.jpg\",\"width\":300,\"height\":300},{\"@type\":\"BreadcrumbList\",\"@id\":\"https:\/\/dutchmicrodosing.com\/fr\/champignons-magiques\/kits-de-culture-speciaux\/azurescens-outdoor-growkit\/#breadcrumb\",\"itemListElement\":[{\"@type\":\"ListItem\",\"position\":1,\"name\":\"Home\",\"item\":\"https:\/\/dutchmicrodosing.com\/fr\/\"},{\"@type\":\"ListItem\",\"position\":2,\"name\":\"Boutique\",\"item\":\"https:\/\/dutchmicrodosing.com\/fr\/boutique\/\"},{\"@type\":\"ListItem\",\"position\":3,\"name\":\"Azurescens Kit de culture pour l&rsquo;ext\u00e9rieur\"}]},{\"@type\":\"WebSite\",\"@id\":\"https:\/\/dutchmicrodosing.com\/fr\/#website\",\"url\":\"https:\/\/dutchmicrodosing.com\/fr\/\",\"name\":\"Dutchmicrodosing\",\"description\":\"\",\"publisher\":{\"@id\":\"https:\/\/dutchmicrodosing.com\/fr\/#organization\"},\"potentialAction\":[{\"@type\":\"SearchAction\",\"target\":{\"@type\":\"EntryPoint\",\"urlTemplate\":\"https:\/\/dutchmicrodosing.com\/fr\/?s={search_term_string}\"},\"query-input\":{\"@type\":\"PropertyValueSpecification\",\"valueRequired\":true,\"valueName\":\"search_term_string\"}}],\"inLanguage\":\"fr-FR\"},{\"@type\":\"Organization\",\"@id\":\"https:\/\/dutchmicrodosing.com\/fr\/#organization\",\"name\":\"Dutchmicrodosing\",\"url\":\"https:\/\/dutchmicrodosing.com\/fr\/\",\"logo\":{\"@type\":\"ImageObject\",\"inLanguage\":\"fr-FR\",\"@id\":\"https:\/\/dutchmicrodosing.com\/fr\/#\/schema\/logo\/image\/\",\"url\":\"https:\/\/dutchmicrodosing.com\/wp-content\/uploads\/2021\/01\/microdosing-categorie-pic-nieuw.jpg\",\"contentUrl\":\"https:\/\/dutchmicrodosing.com\/wp-content\/uploads\/2021\/01\/microdosing-categorie-pic-nieuw.jpg\",\"width\":500,\"height\":500,\"caption\":\"Dutchmicrodosing\"},\"image\":{\"@id\":\"https:\/\/dutchmicrodosing.com\/fr\/#\/schema\/logo\/image\/\"},\"sameAs\":[\"https:\/\/www.facebook.com\/Dutchmicrodosingxp\/\",\"https:\/\/www.instagram.com\/dutchmicrodosing\/\"]}]}<\/script>\n<meta property=\"product:price:amount\" content=\"24.95\" \/>\n<meta property=\"product:price:currency\" content=\"EUR\" \/>\n<meta property=\"og:availability\" content=\"instock\" \/>\n<meta property=\"product:availability\" content=\"instock\" \/>\n<meta property=\"product:retailer_item_id\" content=\"1201513\" \/>\n<meta property=\"product:condition\" content=\"new\" \/>\n<!-- \/ Yoast SEO Premium plugin. -->","yoast_head_json":{"title":"Azurescens Kit de culture pour l'ext\u00e9rieur - Dutchmicrodosing","robots":{"index":"index","follow":"follow","max-snippet":"max-snippet:-1","max-image-preview":"max-image-preview:large","max-video-preview":"max-video-preview:-1"},"canonical":"https:\/\/dutchmicrodosing.com\/fr\/champignons-magiques\/kits-de-culture-speciaux\/azurescens-outdoor-growkit\/","og_locale":"fr_FR","og_type":"article","og_title":"Azurescens Kit de culture pour l'ext\u00e9rieur","og_description":"Avec le kit de culture d'ext\u00e9rieur Azurescens, vous pouvez facilement cr\u00e9er votre propre rizi\u00e8re naturelle. Ce kit de culture vous offre la possibilit\u00e9 de","og_url":"https:\/\/dutchmicrodosing.com\/fr\/champignons-magiques\/kits-de-culture-speciaux\/azurescens-outdoor-growkit\/","og_site_name":"Dutchmicrodosing","article_publisher":"https:\/\/www.facebook.com\/Dutchmicrodosingxp\/","article_modified_time":"2026-03-31T12:17:36+00:00","og_image":[{"width":300,"height":300,"url":"https:\/\/dutchmicrodosing.com\/wp-content\/uploads\/2025\/05\/3009-3132.jpg","type":"image\/jpeg"}],"twitter_card":"summary_large_image","schema":{"@context":"https:\/\/schema.org","@graph":[{"@type":"WebPage","@id":"https:\/\/dutchmicrodosing.com\/fr\/champignons-magiques\/kits-de-culture-speciaux\/azurescens-outdoor-growkit\/","url":"https:\/\/dutchmicrodosing.com\/fr\/champignons-magiques\/kits-de-culture-speciaux\/azurescens-outdoor-growkit\/","name":"Azurescens Kit de culture pour l'ext\u00e9rieur - Dutchmicrodosing","isPartOf":{"@id":"https:\/\/dutchmicrodosing.com\/fr\/#website"},"primaryImageOfPage":{"@id":"https:\/\/dutchmicrodosing.com\/fr\/champignons-magiques\/kits-de-culture-speciaux\/azurescens-outdoor-growkit\/#primaryimage"},"image":{"@id":"https:\/\/dutchmicrodosing.com\/fr\/champignons-magiques\/kits-de-culture-speciaux\/azurescens-outdoor-growkit\/#primaryimage"},"thumbnailUrl":"https:\/\/dutchmicrodosing.com\/wp-content\/uploads\/2025\/05\/3009-3132.jpg","datePublished":"2025-05-09T07:49:35+00:00","dateModified":"2026-03-31T12:17:36+00:00","breadcrumb":{"@id":"https:\/\/dutchmicrodosing.com\/fr\/champignons-magiques\/kits-de-culture-speciaux\/azurescens-outdoor-growkit\/#breadcrumb"},"inLanguage":"fr-FR","potentialAction":[{"@type":"ReadAction","target":["https:\/\/dutchmicrodosing.com\/fr\/champignons-magiques\/kits-de-culture-speciaux\/azurescens-outdoor-growkit\/"]}]},{"@type":"ImageObject","inLanguage":"fr-FR","@id":"https:\/\/dutchmicrodosing.com\/fr\/champignons-magiques\/kits-de-culture-speciaux\/azurescens-outdoor-growkit\/#primaryimage","url":"https:\/\/dutchmicrodosing.com\/wp-content\/uploads\/2025\/05\/3009-3132.jpg","contentUrl":"https:\/\/dutchmicrodosing.com\/wp-content\/uploads\/2025\/05\/3009-3132.jpg","width":300,"height":300},{"@type":"BreadcrumbList","@id":"https:\/\/dutchmicrodosing.com\/fr\/champignons-magiques\/kits-de-culture-speciaux\/azurescens-outdoor-growkit\/#breadcrumb","itemListElement":[{"@type":"ListItem","position":1,"name":"Home","item":"https:\/\/dutchmicrodosing.com\/fr\/"},{"@type":"ListItem","position":2,"name":"Boutique","item":"https:\/\/dutchmicrodosing.com\/fr\/boutique\/"},{"@type":"ListItem","position":3,"name":"Azurescens Kit de culture pour l&rsquo;ext\u00e9rieur"}]},{"@type":"WebSite","@id":"https:\/\/dutchmicrodosing.com\/fr\/#website","url":"https:\/\/dutchmicrodosing.com\/fr\/","name":"Dutchmicrodosing","description":"","publisher":{"@id":"https:\/\/dutchmicrodosing.com\/fr\/#organization"},"potentialAction":[{"@type":"SearchAction","target":{"@type":"EntryPoint","urlTemplate":"https:\/\/dutchmicrodosing.com\/fr\/?s={search_term_string}"},"query-input":{"@type":"PropertyValueSpecification","valueRequired":true,"valueName":"search_term_string"}}],"inLanguage":"fr-FR"},{"@type":"Organization","@id":"https:\/\/dutchmicrodosing.com\/fr\/#organization","name":"Dutchmicrodosing","url":"https:\/\/dutchmicrodosing.com\/fr\/","logo":{"@type":"ImageObject","inLanguage":"fr-FR","@id":"https:\/\/dutchmicrodosing.com\/fr\/#\/schema\/logo\/image\/","url":"https:\/\/dutchmicrodosing.com\/wp-content\/uploads\/2021\/01\/microdosing-categorie-pic-nieuw.jpg","contentUrl":"https:\/\/dutchmicrodosing.com\/wp-content\/uploads\/2021\/01\/microdosing-categorie-pic-nieuw.jpg","width":500,"height":500,"caption":"Dutchmicrodosing"},"image":{"@id":"https:\/\/dutchmicrodosing.com\/fr\/#\/schema\/logo\/image\/"},"sameAs":["https:\/\/www.facebook.com\/Dutchmicrodosingxp\/","https:\/\/www.instagram.com\/dutchmicrodosing\/"]}]},"product_price_amount":"24.95","product_price_currency":"EUR","og_availability":"instock","product_availability":"instock","product_retailer_item_id":"1201513","product_condition":"new"},"_links":{"self":[{"href":"https:\/\/dutchmicrodosing.com\/fr\/wp-json\/wp\/v2\/product\/47606","targetHints":{"allow":["GET"]}}],"collection":[{"href":"https:\/\/dutchmicrodosing.com\/fr\/wp-json\/wp\/v2\/product"}],"about":[{"href":"https:\/\/dutchmicrodosing.com\/fr\/wp-json\/wp\/v2\/types\/product"}],"replies":[{"embeddable":true,"href":"https:\/\/dutchmicrodosing.com\/fr\/wp-json\/wp\/v2\/comments?post=47606"}],"version-history":[{"count":0,"href":"https:\/\/dutchmicrodosing.com\/fr\/wp-json\/wp\/v2\/product\/47606\/revisions"}],"wp:featuredmedia":[{"embeddable":true,"href":"https:\/\/dutchmicrodosing.com\/fr\/wp-json\/wp\/v2\/media\/47590"}],"wp:attachment":[{"href":"https:\/\/dutchmicrodosing.com\/fr\/wp-json\/wp\/v2\/media?parent=47606"}],"wp:term":[{"taxonomy":"product_brand","embeddable":true,"href":"https:\/\/dutchmicrodosing.com\/fr\/wp-json\/wp\/v2\/product_brand?post=47606"},{"taxonomy":"product_cat","embeddable":true,"href":"https:\/\/dutchmicrodosing.com\/fr\/wp-json\/wp\/v2\/product_cat?post=47606"},{"taxonomy":"product_tag","embeddable":true,"href":"https:\/\/dutchmicrodosing.com\/fr\/wp-json\/wp\/v2\/product_tag?post=47606"}],"curies":[{"name":"wp","href":"https:\/\/api.w.org\/{rel}","templated":true}]}}