{"id":4764,"date":"2021-02-02T15:24:52","date_gmt":"2021-05-02T08:42:37","guid":{"rendered":"https:\/\/dutchmicrodosing.com\/shop\/uncategorized\/truffes-psilocybe-mexicana-15-gr\/"},"modified":"2023-03-11T12:43:51","modified_gmt":"2023-03-11T11:43:51","slug":"truffes-mexicaines-bio","status":"publish","type":"product","link":"https:\/\/dutchmicrodosing.com\/fr\/truffes-a-la-psilocybine\/truffes-magiques-bio-xp\/truffes-mexicaines-bio\/","title":{"rendered":"Truffes Mexicaines Bio 15 Gr"},"content":{"rendered":"<p>Les truffes Psilocybe 100% biologiques de Mexicana conviennent parfaitement pour une premi\u00e8re introduction au monde des truffes \u00e0 la psilocybine. De l\u00e9g\u00e8res visualisations et un fort effet c\u00e9r\u00e9bral donnent \u00e0 cette truffe le pouvoir d&rsquo;induire un trip bien \u00e9quilibr\u00e9. On reconna\u00eet des aper\u00e7us de certains processus de pens\u00e9e bloqu\u00e9s. Les solutions \u00e0 ces processus de pens\u00e9e bloqu\u00e9s poussent comme des champignons. C&rsquo;est le pouvoir de la psilocybine ! Les truffes mexicaines sont tr\u00e8s populaires et recherch\u00e9es par les consommateurs de psych\u00e9d\u00e9liques. Une belle truffe aux propri\u00e9t\u00e9s uniques et \u00e9poustouflantes qui n&rsquo;est pas trop puissante et donc id\u00e9ale pour une premi\u00e8re exp\u00e9rience avec les truffes \u00e0 la psilocybine. Pas de pi\u00f1ata \u00e0 cette f\u00eate mexicaine, mais des truffes \u00e9poustouflantes. Cette truffe est l&rsquo;une des esp\u00e8ces de truffes les plus connues et les plus populaires. Les truffes Mexicana donnent un voyage heureux et excitant qui peut durer de 4 \u00e0 6 heures. Les champignons magiques mexicains (truffes), \u00e9galement appel\u00e9s \u00ab\u00a0la chair des dieux\u00a0\u00bb, sont utilis\u00e9s depuis des si\u00e8cles par le peuple indig\u00e8ne mexicain pour des rituels spirituels et pour entrer en contact avec leurs anc\u00eatres. La truffe mexicaine pousse dans le myc\u00e9lium des champignons mexicains. Un myc\u00e9lium est un r\u00e9seau fongique souterrain filiforme dont le champignon est le fruit. Le myc\u00e9lium cr\u00e9e la truffe riche en nutriments comme ration d&rsquo;urgence (bassin de stockage) pour soutenir le champignon pendant l&rsquo;\u00e9mergence lorsque le climat est d\u00e9favorable.<\/p>\n<p><strong>Utilisation et contenu d&rsquo;\u00e9poustouflantes truffes Psilocybe 100% biologiques de Mexicana<\/strong><\/p>\n<p>La truffe Mexicana a un l\u00e9ger effet psych\u00e9d\u00e9lique. Si vous essayez les truffes \u00e0 la psilocybine pour la premi\u00e8re fois, nous vous recommandons toujours de commencer par un trip l\u00e9ger. Les truffes Mexicana peuvent \u00eatre consomm\u00e9es directement dans leur emballage. Il est tr\u00e8s important de m\u00e2cher les truffes longtemps et bien avant de les avaler. Cela renforce consid\u00e9rablement l&rsquo;effet des truffes. Vous pouvez \u00e9galement faire du th\u00e9 avec les truffes, mais l&rsquo;effet en sera quelque peu affaibli. La quantit\u00e9 recommand\u00e9e \u00e0 prendre est :<\/p>\n<ul>\n<li>Voyage doux 10 grammes<\/li>\n<li>Voyage fort 15 grammes<\/li>\n<\/ul>\n<p>Avez-vous une exp\u00e9rience des truffes \u00e0 la psilocybine ? Nous vous recommandons ensuite de consommer la totalit\u00e9 du contenu du paquet (15 grammes). Assurez-vous d&rsquo;avoir une atmosph\u00e8re d\u00e9tendue et un environnement calme et familier si vous envisagez de consommer ces truffes qui alt\u00e8rent l&rsquo;esprit. Votre salon est parfait pour un bon voyage. Assurez-vous d&rsquo;avoir un bon \u00ab\u00a0set &amp; setting\u00a0\u00bb et prenez des mesures comme ranger la pi\u00e8ce ou pr\u00e9parer les choses dont vous pensez avoir besoin pendant le voyage avec la psilocybine. Apr\u00e8s tout, vous ne voulez pas avoir \u00e0 chercher ce genre de choses au milieu de votre voyage psych\u00e9d\u00e9lique. Par exemple, pr\u00e9voyez une bouteille d&rsquo;eau ou un matelas au cas o\u00f9 vous voudriez vous allonger. Un masque de sommeil (mindfold) est \u00e9galement souhaitable si vous avez la volont\u00e9 et l&rsquo;intention d&rsquo;explorer votre propre monde spirituel int\u00e9rieur.<\/p>\n<p>Pour la plupart des gens, l&rsquo;exp\u00e9rience de tripoter des truffes psilocybe est fantastique et presque magique. Cependant, certaines personnes ne supportent pas tr\u00e8s bien les effets visuels ou le changement de perception de la r\u00e9alit\u00e9, ce qui peut les effrayer. Ne vous inqui\u00e9tez pas, les effets disparaissent apr\u00e8s quelques heures. Dans ces cas, il est conseill\u00e9 d&rsquo;avoir un \u00ab\u00a0tripsitter\u00a0\u00bb \u00e0 vos c\u00f4t\u00e9s. Un tripsitter est une personne de confiance qui est pr\u00e9sente de mani\u00e8re sobre et qui assure la paix et la s\u00e9curit\u00e9 des utilisateurs pendant le voyage, afin qu&rsquo;ils puissent s&rsquo;abandonner compl\u00e8tement \u00e0 l&rsquo;exp\u00e9rience magique et psych\u00e9d\u00e9lique.<\/p>\n<p><strong>Valeurs nutritionnelles pour 100 grammes de truffes Mexicana 100% biologiques :<\/strong><\/p>\n<p>\u00c9nergie 464,7 kJ<\/p>\n<p>\u00c9nergie 110,5 kcal<\/p>\n<p>Glucides 13,2 grammes<\/p>\n<p>Prot\u00e9ines 5,3 grammes<\/p>\n<p>Lipides 0,4 grammes<\/p>\n<p>\u2981 Fibres alimentaires 16,7 grammes<\/p>\n<p>Sel (NaCl) 0,3 g<\/p>\n<p>Vitamine D 10,0 UI<\/p>\n<p>Sodium (Na) 13,6 mg<\/p>\n<p>Phosphore (P) 169,3 mg<\/p>\n<p>Potassium (K) 210,0 mg<\/p>\n<p>Calcium (Ca) 12,5 mg<\/p>\n<p>Fer (F) 0,7 mg<\/p>\n<p><strong>Stockage des truffes mexicaines 100% biologiques et \u00e9poustouflantes<\/strong><\/p>\n<p>Si vous n&rsquo;avez pas l&rsquo;intention de consommer les truffes imm\u00e9diatement, nous vous conseillons de les conserver au r\u00e9frig\u00e9rateur \u00e0 une temp\u00e9rature comprise entre 2 et 5 degr\u00e9s. Lorsque les truffes \u00e0 la psilocybine arrivent, elles peuvent \u00eatre conserv\u00e9es pendant au moins un mois (au r\u00e9frig\u00e9rateur). V\u00e9rifiez toujours la date d&rsquo;expiration avant de d\u00e9cider d&rsquo;utiliser les truffes.<\/p>\n<p><strong>Avertissement concernant l&rsquo;utilisation de truffes \u00e0 la psilocybine alt\u00e9rant l&rsquo;esprit<\/strong><\/p>\n<p>Les truffes 100% biologiques peuvent \u00eatre dangereuses pour la sant\u00e9 lorsqu&rsquo;elles sont associ\u00e9es \u00e0 certains m\u00e9dicaments, \u00e0 l&rsquo;alcool ou aux inhibiteurs de la MAO. Prenez-vous des m\u00e9dicaments ? Consultez toujours d&rsquo;abord votre m\u00e9decin et lisez la notice de votre m\u00e9dicament afin d&rsquo;\u00e9viter tout risque pour la sant\u00e9. N&rsquo;utilisez pas les truffes magiques si vous \u00eates enceinte ou si vous allaitez. Soyez responsable avec ces truffes uniques et ne les utilisez pas dans la circulation.<\/p>\n","protected":false},"excerpt":{"rendered":"<p>Les truffes Psilocybe 100% biologiques de Mexicana conviennent parfaitement pour une premi\u00e8re introduction au monde des truffes \u00e0 la psilocybine. De l\u00e9g\u00e8res visualisations et un fort effet c\u00e9r\u00e9bral donnent \u00e0 cette truffe le pouvoir d&rsquo;induire un trip bien \u00e9quilibr\u00e9. On reconna\u00eet des aper\u00e7us de certains processus de pens\u00e9e bloqu\u00e9s. Les solutions \u00e0 ces processus de [&hellip;]<\/p>\n","protected":false},"featured_media":3122,"comment_status":"open","ping_status":"closed","template":"","meta":[],"product_brand":[],"product_cat":[125],"product_tag":[],"class_list":{"0":"post-4764","1":"product","2":"type-product","3":"status-publish","4":"has-post-thumbnail","6":"product_cat-truffes-magiques-bio-xp","8":"first","9":"instock","10":"taxable","11":"shipping-taxable","12":"purchasable","13":"product-type-simple"},"yoast_head":"<!-- This site is optimized with the Yoast SEO Premium plugin v26.4 (Yoast SEO v27.2) - https:\/\/yoast.com\/product\/yoast-seo-premium-wordpress\/ -->\n<title>Truffes Mexicaines Bio 15 Gr - Dutchmicrodosing<\/title>\n<meta name=\"robots\" content=\"index, follow, max-snippet:-1, max-image-preview:large, max-video-preview:-1\" \/>\n<link rel=\"canonical\" href=\"https:\/\/dutchmicrodosing.com\/fr\/truffes-a-la-psilocybine\/truffes-magiques-bio-xp\/truffes-mexicaines-bio\/\" \/>\n<meta property=\"og:locale\" content=\"fr_FR\" \/>\n<meta property=\"og:type\" content=\"article\" \/>\n<meta property=\"og:title\" content=\"Truffes Mexicaines Bio 15 Gr\" \/>\n<meta property=\"og:description\" content=\"Les truffes Psilocybe 100% biologiques de Mexicana conviennent parfaitement pour une premi\u00e8re introduction au monde des truffes \u00e0 la psilocybine. De\" \/>\n<meta property=\"og:url\" content=\"https:\/\/dutchmicrodosing.com\/fr\/truffes-a-la-psilocybine\/truffes-magiques-bio-xp\/truffes-mexicaines-bio\/\" \/>\n<meta property=\"og:site_name\" content=\"Dutchmicrodosing\" \/>\n<meta property=\"article:publisher\" content=\"https:\/\/www.facebook.com\/Dutchmicrodosingxp\/\" \/>\n<meta property=\"article:modified_time\" content=\"2023-03-11T11:43:51+00:00\" \/>\n<meta property=\"og:image\" content=\"https:\/\/dutchmicrodosing.com\/wp-content\/uploads\/2021\/02\/mexicana-product-truffles.jpg\" \/>\n\t<meta property=\"og:image:width\" content=\"500\" \/>\n\t<meta property=\"og:image:height\" content=\"500\" \/>\n\t<meta property=\"og:image:type\" content=\"image\/jpeg\" \/>\n<meta name=\"twitter:card\" content=\"summary_large_image\" \/>\n<script type=\"application\/ld+json\" class=\"yoast-schema-graph\">{\"@context\":\"https:\/\/schema.org\",\"@graph\":[{\"@type\":\"WebPage\",\"@id\":\"https:\/\/dutchmicrodosing.com\/fr\/truffes-a-la-psilocybine\/truffes-magiques-bio-xp\/truffes-mexicaines-bio\/\",\"url\":\"https:\/\/dutchmicrodosing.com\/fr\/truffes-a-la-psilocybine\/truffes-magiques-bio-xp\/truffes-mexicaines-bio\/\",\"name\":\"Truffes Mexicaines Bio 15 Gr - Dutchmicrodosing\",\"isPartOf\":{\"@id\":\"https:\/\/dutchmicrodosing.com\/fr\/#website\"},\"primaryImageOfPage\":{\"@id\":\"https:\/\/dutchmicrodosing.com\/fr\/truffes-a-la-psilocybine\/truffes-magiques-bio-xp\/truffes-mexicaines-bio\/#primaryimage\"},\"image\":{\"@id\":\"https:\/\/dutchmicrodosing.com\/fr\/truffes-a-la-psilocybine\/truffes-magiques-bio-xp\/truffes-mexicaines-bio\/#primaryimage\"},\"thumbnailUrl\":\"https:\/\/dutchmicrodosing.com\/wp-content\/uploads\/2021\/02\/mexicana-product-truffles.jpg\",\"datePublished\":\"2021-05-02T08:42:37+00:00\",\"dateModified\":\"2023-03-11T11:43:51+00:00\",\"breadcrumb\":{\"@id\":\"https:\/\/dutchmicrodosing.com\/fr\/truffes-a-la-psilocybine\/truffes-magiques-bio-xp\/truffes-mexicaines-bio\/#breadcrumb\"},\"inLanguage\":\"fr-FR\",\"potentialAction\":[{\"@type\":\"ReadAction\",\"target\":[\"https:\/\/dutchmicrodosing.com\/fr\/truffes-a-la-psilocybine\/truffes-magiques-bio-xp\/truffes-mexicaines-bio\/\"]}]},{\"@type\":\"ImageObject\",\"inLanguage\":\"fr-FR\",\"@id\":\"https:\/\/dutchmicrodosing.com\/fr\/truffes-a-la-psilocybine\/truffes-magiques-bio-xp\/truffes-mexicaines-bio\/#primaryimage\",\"url\":\"https:\/\/dutchmicrodosing.com\/wp-content\/uploads\/2021\/02\/mexicana-product-truffles.jpg\",\"contentUrl\":\"https:\/\/dutchmicrodosing.com\/wp-content\/uploads\/2021\/02\/mexicana-product-truffles.jpg\",\"width\":500,\"height\":500},{\"@type\":\"BreadcrumbList\",\"@id\":\"https:\/\/dutchmicrodosing.com\/fr\/truffes-a-la-psilocybine\/truffes-magiques-bio-xp\/truffes-mexicaines-bio\/#breadcrumb\",\"itemListElement\":[{\"@type\":\"ListItem\",\"position\":1,\"name\":\"Home\",\"item\":\"https:\/\/dutchmicrodosing.com\/fr\/\"},{\"@type\":\"ListItem\",\"position\":2,\"name\":\"Boutique\",\"item\":\"https:\/\/dutchmicrodosing.com\/fr\/boutique\/\"},{\"@type\":\"ListItem\",\"position\":3,\"name\":\"Truffes Mexicaines Bio 15 Gr\"}]},{\"@type\":\"WebSite\",\"@id\":\"https:\/\/dutchmicrodosing.com\/fr\/#website\",\"url\":\"https:\/\/dutchmicrodosing.com\/fr\/\",\"name\":\"Dutchmicrodosing\",\"description\":\"\",\"publisher\":{\"@id\":\"https:\/\/dutchmicrodosing.com\/fr\/#organization\"},\"potentialAction\":[{\"@type\":\"SearchAction\",\"target\":{\"@type\":\"EntryPoint\",\"urlTemplate\":\"https:\/\/dutchmicrodosing.com\/fr\/?s={search_term_string}\"},\"query-input\":{\"@type\":\"PropertyValueSpecification\",\"valueRequired\":true,\"valueName\":\"search_term_string\"}}],\"inLanguage\":\"fr-FR\"},{\"@type\":\"Organization\",\"@id\":\"https:\/\/dutchmicrodosing.com\/fr\/#organization\",\"name\":\"Dutchmicrodosing\",\"url\":\"https:\/\/dutchmicrodosing.com\/fr\/\",\"logo\":{\"@type\":\"ImageObject\",\"inLanguage\":\"fr-FR\",\"@id\":\"https:\/\/dutchmicrodosing.com\/fr\/#\/schema\/logo\/image\/\",\"url\":\"https:\/\/dutchmicrodosing.com\/wp-content\/uploads\/2021\/01\/microdosing-categorie-pic-nieuw.jpg\",\"contentUrl\":\"https:\/\/dutchmicrodosing.com\/wp-content\/uploads\/2021\/01\/microdosing-categorie-pic-nieuw.jpg\",\"width\":500,\"height\":500,\"caption\":\"Dutchmicrodosing\"},\"image\":{\"@id\":\"https:\/\/dutchmicrodosing.com\/fr\/#\/schema\/logo\/image\/\"},\"sameAs\":[\"https:\/\/www.facebook.com\/Dutchmicrodosingxp\/\",\"https:\/\/www.instagram.com\/dutchmicrodosing\/\"]}]}<\/script>\n<meta property=\"product:price:amount\" content=\"17.95\" \/>\n<meta property=\"product:price:currency\" content=\"EUR\" \/>\n<meta property=\"og:availability\" content=\"instock\" \/>\n<meta property=\"product:availability\" content=\"instock\" \/>\n<meta property=\"product:retailer_item_id\" content=\"2212660\" \/>\n<meta property=\"product:condition\" content=\"new\" \/>\n<!-- \/ Yoast SEO Premium plugin. -->","yoast_head_json":{"title":"Truffes Mexicaines Bio 15 Gr - Dutchmicrodosing","robots":{"index":"index","follow":"follow","max-snippet":"max-snippet:-1","max-image-preview":"max-image-preview:large","max-video-preview":"max-video-preview:-1"},"canonical":"https:\/\/dutchmicrodosing.com\/fr\/truffes-a-la-psilocybine\/truffes-magiques-bio-xp\/truffes-mexicaines-bio\/","og_locale":"fr_FR","og_type":"article","og_title":"Truffes Mexicaines Bio 15 Gr","og_description":"Les truffes Psilocybe 100% biologiques de Mexicana conviennent parfaitement pour une premi\u00e8re introduction au monde des truffes \u00e0 la psilocybine. De","og_url":"https:\/\/dutchmicrodosing.com\/fr\/truffes-a-la-psilocybine\/truffes-magiques-bio-xp\/truffes-mexicaines-bio\/","og_site_name":"Dutchmicrodosing","article_publisher":"https:\/\/www.facebook.com\/Dutchmicrodosingxp\/","article_modified_time":"2023-03-11T11:43:51+00:00","og_image":[{"width":500,"height":500,"url":"https:\/\/dutchmicrodosing.com\/wp-content\/uploads\/2021\/02\/mexicana-product-truffles.jpg","type":"image\/jpeg"}],"twitter_card":"summary_large_image","schema":{"@context":"https:\/\/schema.org","@graph":[{"@type":"WebPage","@id":"https:\/\/dutchmicrodosing.com\/fr\/truffes-a-la-psilocybine\/truffes-magiques-bio-xp\/truffes-mexicaines-bio\/","url":"https:\/\/dutchmicrodosing.com\/fr\/truffes-a-la-psilocybine\/truffes-magiques-bio-xp\/truffes-mexicaines-bio\/","name":"Truffes Mexicaines Bio 15 Gr - Dutchmicrodosing","isPartOf":{"@id":"https:\/\/dutchmicrodosing.com\/fr\/#website"},"primaryImageOfPage":{"@id":"https:\/\/dutchmicrodosing.com\/fr\/truffes-a-la-psilocybine\/truffes-magiques-bio-xp\/truffes-mexicaines-bio\/#primaryimage"},"image":{"@id":"https:\/\/dutchmicrodosing.com\/fr\/truffes-a-la-psilocybine\/truffes-magiques-bio-xp\/truffes-mexicaines-bio\/#primaryimage"},"thumbnailUrl":"https:\/\/dutchmicrodosing.com\/wp-content\/uploads\/2021\/02\/mexicana-product-truffles.jpg","datePublished":"2021-05-02T08:42:37+00:00","dateModified":"2023-03-11T11:43:51+00:00","breadcrumb":{"@id":"https:\/\/dutchmicrodosing.com\/fr\/truffes-a-la-psilocybine\/truffes-magiques-bio-xp\/truffes-mexicaines-bio\/#breadcrumb"},"inLanguage":"fr-FR","potentialAction":[{"@type":"ReadAction","target":["https:\/\/dutchmicrodosing.com\/fr\/truffes-a-la-psilocybine\/truffes-magiques-bio-xp\/truffes-mexicaines-bio\/"]}]},{"@type":"ImageObject","inLanguage":"fr-FR","@id":"https:\/\/dutchmicrodosing.com\/fr\/truffes-a-la-psilocybine\/truffes-magiques-bio-xp\/truffes-mexicaines-bio\/#primaryimage","url":"https:\/\/dutchmicrodosing.com\/wp-content\/uploads\/2021\/02\/mexicana-product-truffles.jpg","contentUrl":"https:\/\/dutchmicrodosing.com\/wp-content\/uploads\/2021\/02\/mexicana-product-truffles.jpg","width":500,"height":500},{"@type":"BreadcrumbList","@id":"https:\/\/dutchmicrodosing.com\/fr\/truffes-a-la-psilocybine\/truffes-magiques-bio-xp\/truffes-mexicaines-bio\/#breadcrumb","itemListElement":[{"@type":"ListItem","position":1,"name":"Home","item":"https:\/\/dutchmicrodosing.com\/fr\/"},{"@type":"ListItem","position":2,"name":"Boutique","item":"https:\/\/dutchmicrodosing.com\/fr\/boutique\/"},{"@type":"ListItem","position":3,"name":"Truffes Mexicaines Bio 15 Gr"}]},{"@type":"WebSite","@id":"https:\/\/dutchmicrodosing.com\/fr\/#website","url":"https:\/\/dutchmicrodosing.com\/fr\/","name":"Dutchmicrodosing","description":"","publisher":{"@id":"https:\/\/dutchmicrodosing.com\/fr\/#organization"},"potentialAction":[{"@type":"SearchAction","target":{"@type":"EntryPoint","urlTemplate":"https:\/\/dutchmicrodosing.com\/fr\/?s={search_term_string}"},"query-input":{"@type":"PropertyValueSpecification","valueRequired":true,"valueName":"search_term_string"}}],"inLanguage":"fr-FR"},{"@type":"Organization","@id":"https:\/\/dutchmicrodosing.com\/fr\/#organization","name":"Dutchmicrodosing","url":"https:\/\/dutchmicrodosing.com\/fr\/","logo":{"@type":"ImageObject","inLanguage":"fr-FR","@id":"https:\/\/dutchmicrodosing.com\/fr\/#\/schema\/logo\/image\/","url":"https:\/\/dutchmicrodosing.com\/wp-content\/uploads\/2021\/01\/microdosing-categorie-pic-nieuw.jpg","contentUrl":"https:\/\/dutchmicrodosing.com\/wp-content\/uploads\/2021\/01\/microdosing-categorie-pic-nieuw.jpg","width":500,"height":500,"caption":"Dutchmicrodosing"},"image":{"@id":"https:\/\/dutchmicrodosing.com\/fr\/#\/schema\/logo\/image\/"},"sameAs":["https:\/\/www.facebook.com\/Dutchmicrodosingxp\/","https:\/\/www.instagram.com\/dutchmicrodosing\/"]}]},"product_price_amount":"17.95","product_price_currency":"EUR","og_availability":"instock","product_availability":"instock","product_retailer_item_id":"2212660","product_condition":"new"},"_links":{"self":[{"href":"https:\/\/dutchmicrodosing.com\/fr\/wp-json\/wp\/v2\/product\/4764","targetHints":{"allow":["GET"]}}],"collection":[{"href":"https:\/\/dutchmicrodosing.com\/fr\/wp-json\/wp\/v2\/product"}],"about":[{"href":"https:\/\/dutchmicrodosing.com\/fr\/wp-json\/wp\/v2\/types\/product"}],"replies":[{"embeddable":true,"href":"https:\/\/dutchmicrodosing.com\/fr\/wp-json\/wp\/v2\/comments?post=4764"}],"version-history":[{"count":0,"href":"https:\/\/dutchmicrodosing.com\/fr\/wp-json\/wp\/v2\/product\/4764\/revisions"}],"wp:featuredmedia":[{"embeddable":true,"href":"https:\/\/dutchmicrodosing.com\/fr\/wp-json\/wp\/v2\/media\/3122"}],"wp:attachment":[{"href":"https:\/\/dutchmicrodosing.com\/fr\/wp-json\/wp\/v2\/media?parent=4764"}],"wp:term":[{"taxonomy":"product_brand","embeddable":true,"href":"https:\/\/dutchmicrodosing.com\/fr\/wp-json\/wp\/v2\/product_brand?post=4764"},{"taxonomy":"product_cat","embeddable":true,"href":"https:\/\/dutchmicrodosing.com\/fr\/wp-json\/wp\/v2\/product_cat?post=4764"},{"taxonomy":"product_tag","embeddable":true,"href":"https:\/\/dutchmicrodosing.com\/fr\/wp-json\/wp\/v2\/product_tag?post=4764"}],"curies":[{"name":"wp","href":"https:\/\/api.w.org\/{rel}","templated":true}]}}