{"id":47775,"date":"2025-05-19T09:35:33","date_gmt":"2025-05-19T07:35:33","guid":{"rendered":"https:\/\/dutchmicrodosing.com\/shop\/non%20class\u00e9\/albino-a-paddo-broed\/"},"modified":"2025-11-11T15:33:57","modified_gmt":"2025-11-11T14:33:57","slug":"albino-a-paddo-broed","status":"publish","type":"product","link":"https:\/\/dutchmicrodosing.com\/fr\/champignons-magiques\/kits-de-culture-speciaux\/albino-a-paddo-broed\/","title":{"rendered":"Couvain de champignons albinos A+"},"content":{"rendered":"<p>L&rsquo;<strong>\u00e9levage de champignons Albino A+<\/strong> est tr\u00e8s appr\u00e9ci\u00e9 des cultivateurs amateurs, qu&rsquo;ils soient novices ou exp\u00e9riment\u00e9s. Cette vari\u00e9t\u00e9 particuli\u00e8re se distingue par sa couleur blanc cr\u00e8me, ses longues tiges et sa croissance rapide. Une g\u00e9n\u00e9tique forte et un myc\u00e9lium actif rendent ce blanc facile \u00e0 utiliser &#8211; id\u00e9al pour tous ceux qui veulent cultiver leurs propres champignons.<\/p>\n<h3>Qu&rsquo;est-ce qu&rsquo;un couvain de champignons ?<\/h3>\n<p>Le blanc de champignon (grain spawn en anglais) est un grain envahi par le myc\u00e9lium. Un kit de culture (que de nombreux sites Internet proposent) est un couvain dilu\u00e9 avec de la terre de coco et de la vermiculite. Il se trouve d\u00e9j\u00e0 dans un conteneur de taille fixe, donne quelques champignons et est ensuite radi\u00e9. Comme nous offrons nous-m\u00eames le blanc de champignon, vous avez beaucoup plus d&rsquo;options. Vous pouvez d\u00e9cider de la taille de votre culture et vous pouvez facilement la multiplier. Le myc\u00e9lium puissant des champignons magiques se multiplie de fa\u00e7on exponentielle.<\/p>\n<p>Cela signifie que vous pouvez fabriquer 10 pots \u00e0 partir d&rsquo;une jarre, 100 \u00e0 partir d&rsquo;une autre et 1000 \u00e0 partir d&rsquo;une autre encore. Et tout cela en quelques semaines seulement. Cela signifie que vous n&rsquo;\u00eates plus coinc\u00e9 avec un kit de culture de 250, 1200 ou 2100 ml, mais que vous pouvez choisir le nombre de champignons que vous souhaitez cultiver. Tout le monde peut le faire, avec seulement quelques articles m\u00e9nagers. Vous n&rsquo;avez m\u00eame pas besoin de travailler en milieu st\u00e9rile ! Chaque pot est accompagn\u00e9 d&rsquo;un manuel complet qui explique, \u00e9tape par \u00e9tape et \u00e0 l&rsquo;aide de nombreuses photos, les diff\u00e9rentes possibilit\u00e9s de culture du blanc de champignon.<\/p>\n<h3>Caract\u00e9ristiques<\/h3>\n<ul>\n<li>Le blanc de champignon Albino A+ se colonise rapidement et produit des fruits fermes \u00e0 l&rsquo;aspect unique.<\/li>\n<li>En utilisant du myc\u00e9lium pur (sans dilution comme avec les kits de culture), vous d\u00e9terminez l&rsquo;\u00e9chelle de votre culture.<\/li>\n<li>Vous pouvez facilement multiplier un pot de blanc de champignon par plusieurs fois sa quantit\u00e9 initiale. Cela vous donne beaucoup plus de contr\u00f4le ET plus de r\u00e9colte, sans \u00eatre coinc\u00e9 avec le contenu limit\u00e9 des kits de culture pr\u00eats \u00e0 l&#8217;emploi.<\/li>\n<li>M\u00eame sans exp\u00e9rience ni environnement de travail st\u00e9rile, vous pouvez r\u00e9ussir \u00e0 cultiver des champignons avec ce produit.<\/li>\n<\/ul>\n<h3>Ingr\u00e9dients et\/ou composition<\/h3>\n<p>Semences de champignons \u00e0 base de c\u00e9r\u00e9ales, cultiv\u00e9es avec du myc\u00e9lium actif Albino A+.<\/p>\n<h3>Utilisation<\/h3>\n<p>Utilisez le blanc pour greffer le substrat de votre choix. Suivez le manuel fourni pour conna\u00eetre les diff\u00e9rentes options et techniques de culture. N&rsquo;ouvrez le pot qu&rsquo;au moment de l&rsquo;utiliser et veillez \u00e0 respecter les r\u00e8gles d&rsquo;hygi\u00e8ne. Conservez le blanc au r\u00e9frig\u00e9rateur jusqu&rsquo;\u00e0 ce que vous soyez pr\u00eat \u00e0 commencer.<\/p>\n<p><strong>T\u00c9L\u00c9CHARGER ICI<\/strong>: <strong><a href=\"https:\/\/dutchmicrodosing.com\/wp-content\/uploads\/2025\/07\/white-ENGELS-1.pdf\">Albino A+ mycelium\/Paddo spawn<\/a><\/strong><\/p>\n<h3>Contenu<\/h3>\n<ul>\n<li>382 ml de blanc de champignon d&rsquo;Albino A+<\/li>\n<li>Manuel de culture complet<\/li>\n<\/ul>\n<h3>Important<\/h3>\n<ul>\n<li>Conservez au r\u00e9frig\u00e9rateur, jusqu&rsquo;\u00e0 3 mois.<\/li>\n<li>Ne pas ouvrir le pot avant utilisation<\/li>\n<li>Lisez toujours d&rsquo;abord le manuel fourni<\/li>\n<\/ul>\n","protected":false},"excerpt":{"rendered":"<p>L&rsquo;\u00e9levage de champignons Albino A+ est tr\u00e8s appr\u00e9ci\u00e9 des cultivateurs amateurs, qu&rsquo;ils soient novices ou exp\u00e9riment\u00e9s. Cette vari\u00e9t\u00e9 particuli\u00e8re se distingue par sa couleur blanc cr\u00e8me, ses longues tiges et sa croissance rapide. Une g\u00e9n\u00e9tique forte et un myc\u00e9lium actif rendent ce blanc facile \u00e0 utiliser &#8211; id\u00e9al pour tous ceux qui veulent cultiver leurs [&hellip;]<\/p>\n","protected":false},"featured_media":47739,"comment_status":"closed","ping_status":"closed","template":"","meta":[],"product_brand":[],"product_cat":[410],"product_tag":[],"class_list":{"0":"post-47775","1":"product","2":"type-product","3":"status-publish","4":"has-post-thumbnail","6":"product_cat-kits-de-culture-speciaux","8":"first","9":"instock","10":"taxable","11":"shipping-taxable","12":"purchasable","13":"product-type-simple"},"yoast_head":"<!-- This site is optimized with the Yoast SEO Premium plugin v26.4 (Yoast SEO v27.4) - https:\/\/yoast.com\/product\/yoast-seo-premium-wordpress\/ -->\n<title>Couvain de champignons albinos A+ - Dutchmicrodosing<\/title>\n<meta name=\"description\" content=\"Albino A+ Mushroom Brood est id\u00e9al pour les cultivateurs avanc\u00e9s qui recherchent une vari\u00e9t\u00e9 blanche inhabituelle avec un rendement \u00e9lev\u00e9 et un effet puissant.....\" \/>\n<meta name=\"robots\" content=\"index, follow, max-snippet:-1, max-image-preview:large, max-video-preview:-1\" \/>\n<link rel=\"canonical\" href=\"https:\/\/dutchmicrodosing.com\/fr\/champignons-magiques\/kits-de-culture-speciaux\/albino-a-paddo-broed\/\" \/>\n<meta property=\"og:locale\" content=\"fr_FR\" \/>\n<meta property=\"og:type\" content=\"article\" \/>\n<meta property=\"og:title\" content=\"Couvain de champignons albinos A+\" \/>\n<meta property=\"og:description\" content=\"L&#039;\u00e9levage de champignons Albino A+ est tr\u00e8s appr\u00e9ci\u00e9 des cultivateurs amateurs, qu&#039;ils soient novices ou exp\u00e9riment\u00e9s. Cette vari\u00e9t\u00e9 particuli\u00e8re se\" \/>\n<meta property=\"og:url\" content=\"https:\/\/dutchmicrodosing.com\/fr\/champignons-magiques\/kits-de-culture-speciaux\/albino-a-paddo-broed\/\" \/>\n<meta property=\"og:site_name\" content=\"Dutchmicrodosing\" \/>\n<meta property=\"article:publisher\" content=\"https:\/\/www.facebook.com\/Dutchmicrodosingxp\/\" \/>\n<meta property=\"article:modified_time\" content=\"2025-11-11T14:33:57+00:00\" \/>\n<meta property=\"og:image\" content=\"https:\/\/dutchmicrodosing.com\/wp-content\/uploads\/2025\/05\/4105-5095.jpg\" \/>\n\t<meta property=\"og:image:width\" content=\"300\" \/>\n\t<meta property=\"og:image:height\" content=\"300\" \/>\n\t<meta property=\"og:image:type\" content=\"image\/jpeg\" \/>\n<meta name=\"twitter:card\" content=\"summary_large_image\" \/>\n<script type=\"application\/ld+json\" class=\"yoast-schema-graph\">{\"@context\":\"https:\\\/\\\/schema.org\",\"@graph\":[{\"@type\":\"WebPage\",\"@id\":\"https:\\\/\\\/dutchmicrodosing.com\\\/fr\\\/champignons-magiques\\\/kits-de-culture-speciaux\\\/albino-a-paddo-broed\\\/\",\"url\":\"https:\\\/\\\/dutchmicrodosing.com\\\/fr\\\/champignons-magiques\\\/kits-de-culture-speciaux\\\/albino-a-paddo-broed\\\/\",\"name\":\"Couvain de champignons albinos A+ - Dutchmicrodosing\",\"isPartOf\":{\"@id\":\"https:\\\/\\\/dutchmicrodosing.com\\\/fr\\\/#website\"},\"primaryImageOfPage\":{\"@id\":\"https:\\\/\\\/dutchmicrodosing.com\\\/fr\\\/champignons-magiques\\\/kits-de-culture-speciaux\\\/albino-a-paddo-broed\\\/#primaryimage\"},\"image\":{\"@id\":\"https:\\\/\\\/dutchmicrodosing.com\\\/fr\\\/champignons-magiques\\\/kits-de-culture-speciaux\\\/albino-a-paddo-broed\\\/#primaryimage\"},\"thumbnailUrl\":\"https:\\\/\\\/dutchmicrodosing.com\\\/wp-content\\\/uploads\\\/2025\\\/05\\\/4105-5095.jpg\",\"datePublished\":\"2025-05-19T07:35:33+00:00\",\"dateModified\":\"2025-11-11T14:33:57+00:00\",\"description\":\"Albino A+ Mushroom Brood est id\u00e9al pour les cultivateurs avanc\u00e9s qui recherchent une vari\u00e9t\u00e9 blanche inhabituelle avec un rendement \u00e9lev\u00e9 et un effet puissant.....\",\"breadcrumb\":{\"@id\":\"https:\\\/\\\/dutchmicrodosing.com\\\/fr\\\/champignons-magiques\\\/kits-de-culture-speciaux\\\/albino-a-paddo-broed\\\/#breadcrumb\"},\"inLanguage\":\"fr-FR\",\"potentialAction\":[{\"@type\":\"ReadAction\",\"target\":[\"https:\\\/\\\/dutchmicrodosing.com\\\/fr\\\/champignons-magiques\\\/kits-de-culture-speciaux\\\/albino-a-paddo-broed\\\/\"]}]},{\"@type\":\"ImageObject\",\"inLanguage\":\"fr-FR\",\"@id\":\"https:\\\/\\\/dutchmicrodosing.com\\\/fr\\\/champignons-magiques\\\/kits-de-culture-speciaux\\\/albino-a-paddo-broed\\\/#primaryimage\",\"url\":\"https:\\\/\\\/dutchmicrodosing.com\\\/wp-content\\\/uploads\\\/2025\\\/05\\\/4105-5095.jpg\",\"contentUrl\":\"https:\\\/\\\/dutchmicrodosing.com\\\/wp-content\\\/uploads\\\/2025\\\/05\\\/4105-5095.jpg\",\"width\":300,\"height\":300},{\"@type\":\"BreadcrumbList\",\"@id\":\"https:\\\/\\\/dutchmicrodosing.com\\\/fr\\\/champignons-magiques\\\/kits-de-culture-speciaux\\\/albino-a-paddo-broed\\\/#breadcrumb\",\"itemListElement\":[{\"@type\":\"ListItem\",\"position\":1,\"name\":\"Home\",\"item\":\"https:\\\/\\\/dutchmicrodosing.com\\\/fr\\\/\"},{\"@type\":\"ListItem\",\"position\":2,\"name\":\"Boutique\",\"item\":\"https:\\\/\\\/dutchmicrodosing.com\\\/fr\\\/boutique\\\/\"},{\"@type\":\"ListItem\",\"position\":3,\"name\":\"Couvain de champignons albinos A+\"}]},{\"@type\":\"WebSite\",\"@id\":\"https:\\\/\\\/dutchmicrodosing.com\\\/fr\\\/#website\",\"url\":\"https:\\\/\\\/dutchmicrodosing.com\\\/fr\\\/\",\"name\":\"Dutchmicrodosing\",\"description\":\"\",\"publisher\":{\"@id\":\"https:\\\/\\\/dutchmicrodosing.com\\\/fr\\\/#organization\"},\"potentialAction\":[{\"@type\":\"SearchAction\",\"target\":{\"@type\":\"EntryPoint\",\"urlTemplate\":\"https:\\\/\\\/dutchmicrodosing.com\\\/fr\\\/?s={search_term_string}\"},\"query-input\":{\"@type\":\"PropertyValueSpecification\",\"valueRequired\":true,\"valueName\":\"search_term_string\"}}],\"inLanguage\":\"fr-FR\"},{\"@type\":\"Organization\",\"@id\":\"https:\\\/\\\/dutchmicrodosing.com\\\/fr\\\/#organization\",\"name\":\"Dutchmicrodosing\",\"url\":\"https:\\\/\\\/dutchmicrodosing.com\\\/fr\\\/\",\"logo\":{\"@type\":\"ImageObject\",\"inLanguage\":\"fr-FR\",\"@id\":\"https:\\\/\\\/dutchmicrodosing.com\\\/fr\\\/#\\\/schema\\\/logo\\\/image\\\/\",\"url\":\"https:\\\/\\\/dutchmicrodosing.com\\\/wp-content\\\/uploads\\\/2021\\\/01\\\/microdosing-categorie-pic-nieuw.jpg\",\"contentUrl\":\"https:\\\/\\\/dutchmicrodosing.com\\\/wp-content\\\/uploads\\\/2021\\\/01\\\/microdosing-categorie-pic-nieuw.jpg\",\"width\":500,\"height\":500,\"caption\":\"Dutchmicrodosing\"},\"image\":{\"@id\":\"https:\\\/\\\/dutchmicrodosing.com\\\/fr\\\/#\\\/schema\\\/logo\\\/image\\\/\"},\"sameAs\":[\"https:\\\/\\\/www.facebook.com\\\/Dutchmicrodosingxp\\\/\",\"https:\\\/\\\/www.instagram.com\\\/dutchmicrodosing\\\/\"]}]}<\/script>\n<meta property=\"product:price:amount\" content=\"24.95\" \/>\n<meta property=\"product:price:currency\" content=\"EUR\" \/>\n<meta property=\"og:availability\" content=\"instock\" \/>\n<meta property=\"product:availability\" content=\"instock\" \/>\n<meta property=\"product:retailer_item_id\" content=\"5204235\" \/>\n<meta property=\"product:condition\" content=\"new\" \/>\n<!-- \/ Yoast SEO Premium plugin. -->","yoast_head_json":{"title":"Couvain de champignons albinos A+ - Dutchmicrodosing","description":"Albino A+ Mushroom Brood est id\u00e9al pour les cultivateurs avanc\u00e9s qui recherchent une vari\u00e9t\u00e9 blanche inhabituelle avec un rendement \u00e9lev\u00e9 et un effet puissant.....","robots":{"index":"index","follow":"follow","max-snippet":"max-snippet:-1","max-image-preview":"max-image-preview:large","max-video-preview":"max-video-preview:-1"},"canonical":"https:\/\/dutchmicrodosing.com\/fr\/champignons-magiques\/kits-de-culture-speciaux\/albino-a-paddo-broed\/","og_locale":"fr_FR","og_type":"article","og_title":"Couvain de champignons albinos A+","og_description":"L'\u00e9levage de champignons Albino A+ est tr\u00e8s appr\u00e9ci\u00e9 des cultivateurs amateurs, qu'ils soient novices ou exp\u00e9riment\u00e9s. Cette vari\u00e9t\u00e9 particuli\u00e8re se","og_url":"https:\/\/dutchmicrodosing.com\/fr\/champignons-magiques\/kits-de-culture-speciaux\/albino-a-paddo-broed\/","og_site_name":"Dutchmicrodosing","article_publisher":"https:\/\/www.facebook.com\/Dutchmicrodosingxp\/","article_modified_time":"2025-11-11T14:33:57+00:00","og_image":[{"width":300,"height":300,"url":"https:\/\/dutchmicrodosing.com\/wp-content\/uploads\/2025\/05\/4105-5095.jpg","type":"image\/jpeg"}],"twitter_card":"summary_large_image","schema":{"@context":"https:\/\/schema.org","@graph":[{"@type":"WebPage","@id":"https:\/\/dutchmicrodosing.com\/fr\/champignons-magiques\/kits-de-culture-speciaux\/albino-a-paddo-broed\/","url":"https:\/\/dutchmicrodosing.com\/fr\/champignons-magiques\/kits-de-culture-speciaux\/albino-a-paddo-broed\/","name":"Couvain de champignons albinos A+ - Dutchmicrodosing","isPartOf":{"@id":"https:\/\/dutchmicrodosing.com\/fr\/#website"},"primaryImageOfPage":{"@id":"https:\/\/dutchmicrodosing.com\/fr\/champignons-magiques\/kits-de-culture-speciaux\/albino-a-paddo-broed\/#primaryimage"},"image":{"@id":"https:\/\/dutchmicrodosing.com\/fr\/champignons-magiques\/kits-de-culture-speciaux\/albino-a-paddo-broed\/#primaryimage"},"thumbnailUrl":"https:\/\/dutchmicrodosing.com\/wp-content\/uploads\/2025\/05\/4105-5095.jpg","datePublished":"2025-05-19T07:35:33+00:00","dateModified":"2025-11-11T14:33:57+00:00","description":"Albino A+ Mushroom Brood est id\u00e9al pour les cultivateurs avanc\u00e9s qui recherchent une vari\u00e9t\u00e9 blanche inhabituelle avec un rendement \u00e9lev\u00e9 et un effet puissant.....","breadcrumb":{"@id":"https:\/\/dutchmicrodosing.com\/fr\/champignons-magiques\/kits-de-culture-speciaux\/albino-a-paddo-broed\/#breadcrumb"},"inLanguage":"fr-FR","potentialAction":[{"@type":"ReadAction","target":["https:\/\/dutchmicrodosing.com\/fr\/champignons-magiques\/kits-de-culture-speciaux\/albino-a-paddo-broed\/"]}]},{"@type":"ImageObject","inLanguage":"fr-FR","@id":"https:\/\/dutchmicrodosing.com\/fr\/champignons-magiques\/kits-de-culture-speciaux\/albino-a-paddo-broed\/#primaryimage","url":"https:\/\/dutchmicrodosing.com\/wp-content\/uploads\/2025\/05\/4105-5095.jpg","contentUrl":"https:\/\/dutchmicrodosing.com\/wp-content\/uploads\/2025\/05\/4105-5095.jpg","width":300,"height":300},{"@type":"BreadcrumbList","@id":"https:\/\/dutchmicrodosing.com\/fr\/champignons-magiques\/kits-de-culture-speciaux\/albino-a-paddo-broed\/#breadcrumb","itemListElement":[{"@type":"ListItem","position":1,"name":"Home","item":"https:\/\/dutchmicrodosing.com\/fr\/"},{"@type":"ListItem","position":2,"name":"Boutique","item":"https:\/\/dutchmicrodosing.com\/fr\/boutique\/"},{"@type":"ListItem","position":3,"name":"Couvain de champignons albinos A+"}]},{"@type":"WebSite","@id":"https:\/\/dutchmicrodosing.com\/fr\/#website","url":"https:\/\/dutchmicrodosing.com\/fr\/","name":"Dutchmicrodosing","description":"","publisher":{"@id":"https:\/\/dutchmicrodosing.com\/fr\/#organization"},"potentialAction":[{"@type":"SearchAction","target":{"@type":"EntryPoint","urlTemplate":"https:\/\/dutchmicrodosing.com\/fr\/?s={search_term_string}"},"query-input":{"@type":"PropertyValueSpecification","valueRequired":true,"valueName":"search_term_string"}}],"inLanguage":"fr-FR"},{"@type":"Organization","@id":"https:\/\/dutchmicrodosing.com\/fr\/#organization","name":"Dutchmicrodosing","url":"https:\/\/dutchmicrodosing.com\/fr\/","logo":{"@type":"ImageObject","inLanguage":"fr-FR","@id":"https:\/\/dutchmicrodosing.com\/fr\/#\/schema\/logo\/image\/","url":"https:\/\/dutchmicrodosing.com\/wp-content\/uploads\/2021\/01\/microdosing-categorie-pic-nieuw.jpg","contentUrl":"https:\/\/dutchmicrodosing.com\/wp-content\/uploads\/2021\/01\/microdosing-categorie-pic-nieuw.jpg","width":500,"height":500,"caption":"Dutchmicrodosing"},"image":{"@id":"https:\/\/dutchmicrodosing.com\/fr\/#\/schema\/logo\/image\/"},"sameAs":["https:\/\/www.facebook.com\/Dutchmicrodosingxp\/","https:\/\/www.instagram.com\/dutchmicrodosing\/"]}]},"product_price_amount":"24.95","product_price_currency":"EUR","og_availability":"instock","product_availability":"instock","product_retailer_item_id":"5204235","product_condition":"new"},"_links":{"self":[{"href":"https:\/\/dutchmicrodosing.com\/fr\/wp-json\/wp\/v2\/product\/47775","targetHints":{"allow":["GET"]}}],"collection":[{"href":"https:\/\/dutchmicrodosing.com\/fr\/wp-json\/wp\/v2\/product"}],"about":[{"href":"https:\/\/dutchmicrodosing.com\/fr\/wp-json\/wp\/v2\/types\/product"}],"replies":[{"embeddable":true,"href":"https:\/\/dutchmicrodosing.com\/fr\/wp-json\/wp\/v2\/comments?post=47775"}],"version-history":[{"count":1,"href":"https:\/\/dutchmicrodosing.com\/fr\/wp-json\/wp\/v2\/product\/47775\/revisions"}],"predecessor-version":[{"id":61616,"href":"https:\/\/dutchmicrodosing.com\/fr\/wp-json\/wp\/v2\/product\/47775\/revisions\/61616"}],"wp:featuredmedia":[{"embeddable":true,"href":"https:\/\/dutchmicrodosing.com\/fr\/wp-json\/wp\/v2\/media\/47739"}],"wp:attachment":[{"href":"https:\/\/dutchmicrodosing.com\/fr\/wp-json\/wp\/v2\/media?parent=47775"}],"wp:term":[{"taxonomy":"product_brand","embeddable":true,"href":"https:\/\/dutchmicrodosing.com\/fr\/wp-json\/wp\/v2\/product_brand?post=47775"},{"taxonomy":"product_cat","embeddable":true,"href":"https:\/\/dutchmicrodosing.com\/fr\/wp-json\/wp\/v2\/product_cat?post=47775"},{"taxonomy":"product_tag","embeddable":true,"href":"https:\/\/dutchmicrodosing.com\/fr\/wp-json\/wp\/v2\/product_tag?post=47775"}],"curies":[{"name":"wp","href":"https:\/\/api.w.org\/{rel}","templated":true}]}}