{"id":48602,"date":"2025-06-13T09:20:25","date_gmt":"2025-06-13T07:20:25","guid":{"rendered":"https:\/\/dutchmicrodosing.com\/shop\/non%20class\u00e9\/golden-teacher-paddo-broed\/"},"modified":"2026-04-02T21:28:42","modified_gmt":"2026-04-02T19:28:42","slug":"golden-teacher-paddo-broed","status":"publish","type":"product","link":"https:\/\/dutchmicrodosing.com\/fr\/champignons-magiques\/kits-de-culture-speciaux\/golden-teacher-paddo-broed\/","title":{"rendered":"Enseignant d&rsquo;or Couvain de champignon"},"content":{"rendered":"<p>Le <strong data-start=\"81\" data-end=\"111\">Golden Teacher Mushroom Brood<\/strong> est parfait pour le cultivateur avanc\u00e9 qui aime suivre sa propre voie. Cette vari\u00e9t\u00e9 l\u00e9gendaire est connue pour son apparence frappante, son rendement g\u00e9n\u00e9reux et ses effets puissants. Avec suffisamment d&rsquo;attention et de d\u00e9vouement, vous pouvez cultiver des champignons qui atteignent jusqu&rsquo;\u00e0 20 cm de haut.<\/p>\n<h3>Qu&rsquo;est-ce qu&rsquo;une couv\u00e9e Paddy ?<\/h3>\n<p>Le blanc de riz, \u00e9galement connu sous le nom de blanc de c\u00e9r\u00e9ales, est un grain qui est enti\u00e8rement recouvert de myc\u00e9lium. C&rsquo;est la base d&rsquo;une culture de champignons r\u00e9ussie. Dans les kits de culture pr\u00eats \u00e0 l&#8217;emploi, ce blanc est souvent d\u00e9j\u00e0 m\u00e9lang\u00e9 \u00e0 de la terre de coco et de la vermiculite, et emball\u00e9 en quantit\u00e9 fixe. Un tel kit de culture donne une r\u00e9colte limit\u00e9e et ne peut pas \u00eatre r\u00e9utilis\u00e9 par la suite. Le fait de travailler vous-m\u00eame avec du blanc de champignon en vrac vous donne beaucoup plus de contr\u00f4le et de flexibilit\u00e9. Vous pouvez facilement d\u00e9terminer la taille de votre culture et propager le myc\u00e9lium.<\/p>\n<p>En effet, le myc\u00e9lium fort se d\u00e9veloppe rapidement et vigoureusement : \u00e0 partir d&rsquo;un pot de blanc de champignon, vous pouvez faire plusieurs nouvelles portions. C&rsquo;est ainsi que vous pouvez faire passer votre culture de 1 \u00e0 10, puis \u00e0 100 pots, le tout en l&rsquo;espace de quelques semaines. Vous n&rsquo;\u00eates donc plus coinc\u00e9 avec un kit de culture standard de 250, 1200 ou 2100 ml, mais vous pouvez cultiver exactement la quantit\u00e9 de champignons que vous souhaitez. Et le meilleur ? C&rsquo;est possible pour tout le monde, simplement avec des objets quotidiens de la maison.<\/p>\n<h3>Caract\u00e9ristiques<\/h3>\n<ul>\n<li>Souche de champignon puissante et populaire<\/li>\n<li>Convient aux utilisateurs exp\u00e9riment\u00e9s<\/li>\n<li>Rendement beaucoup plus \u00e9lev\u00e9 que les kits de culture pr\u00eats \u00e0 l&#8217;emploi<\/li>\n<li>Libert\u00e9 dans le choix de la taille de votre culture<\/li>\n<li>Comprend un manuel complet avec des instructions \u00e9tape par \u00e9tape<\/li>\n<li>Aucun environnement de travail st\u00e9rile n&rsquo;est requis<\/li>\n<\/ul>\n<h3>Ingr\u00e9dients et\/ou composition<\/h3>\n<ul>\n<li>382 ml de blanc de grain enti\u00e8rement cultiv\u00e9 avec du myc\u00e9lium Golden Teacher<\/li>\n<\/ul>\n<h3>Utilisation<\/h3>\n<p>Utilisez le blanc comme base de votre propre projet d&rsquo;\u00e9levage. Ajoutez votre propre substrat (comme de la terre de coco ou de la vermiculite) et choisissez la taille de votre culture. Un pot peut \u00eatre facilement propag\u00e9 dans plusieurs autres pots, gr\u00e2ce \u00e0 son myc\u00e9lium puissant. Vous y trouverez tout ce dont vous avez besoin pour mettre en place une culture de champignons durable et personnelle. Suivez attentivement le manuel fourni pour obtenir les meilleurs r\u00e9sultats.<\/p>\n<p><strong>TELECHARGER ICI : <a href=\"https:\/\/dutchmicrodosing.com\/wp-content\/uploads\/2025\/07\/white-ENGELS-1.pdf\" target=\"_blank\" rel=\"noopener\">Paddobrood Instructions \/ Manual<\/a><\/strong><\/p>\n<p>Conseils importants :<\/p>\n<ul>\n<li>Conservez la mousse au r\u00e9frig\u00e9rateur jusqu&rsquo;\u00e0 3 mois.<\/li>\n<li>N&rsquo;ouvrez le pot qu&rsquo;au moment de l&rsquo;utiliser.<\/li>\n<li>Lisez attentivement le manuel avant de commencer<\/li>\n<\/ul>\n<h3>Contenu<\/h3>\n<ul>\n<li>1 pot de 382 ml de Golden Teacher brass\u00e9<\/li>\n<li>Manuel complet avec photos et instructions claires<\/li>\n<\/ul>\n<h3>Important<\/h3>\n<ul>\n<li>Conservez au r\u00e9frig\u00e9rateur, jusqu&rsquo;\u00e0 3 mois.<\/li>\n<li>Ne pas ouvrir le pot avant utilisation<\/li>\n<li>Lisez toujours d&rsquo;abord le manuel fourni<\/li>\n<\/ul>\n","protected":false},"excerpt":{"rendered":"<p>Le Golden Teacher Mushroom Brood est parfait pour le cultivateur avanc\u00e9 qui aime suivre sa propre voie. Cette vari\u00e9t\u00e9 l\u00e9gendaire est connue pour son apparence frappante, son rendement g\u00e9n\u00e9reux et ses effets puissants. Avec suffisamment d&rsquo;attention et de d\u00e9vouement, vous pouvez cultiver des champignons qui atteignent jusqu&rsquo;\u00e0 20 cm de haut. Qu&rsquo;est-ce qu&rsquo;une couv\u00e9e Paddy [&hellip;]<\/p>\n","protected":false},"featured_media":48583,"comment_status":"closed","ping_status":"closed","template":"","meta":[],"product_brand":[],"product_cat":[410],"product_tag":[],"class_list":{"0":"post-48602","1":"product","2":"type-product","3":"status-publish","4":"has-post-thumbnail","6":"product_cat-kits-de-culture-speciaux","8":"first","9":"instock","10":"taxable","11":"shipping-taxable","12":"purchasable","13":"product-type-simple"},"yoast_head":"<!-- This site is optimized with the Yoast SEO Premium plugin v26.4 (Yoast SEO v27.2) - https:\/\/yoast.com\/product\/yoast-seo-premium-wordpress\/ -->\n<title>Enseignant d&#039;or Couvain de champignon - Dutchmicrodosing<\/title>\n<meta name=\"description\" content=\"La Golden Teacher Mushroom Brood est id\u00e9ale pour les cultivateurs avanc\u00e9s \u00e0 la recherche d&#039;une vari\u00e9t\u00e9 puissante au rendement \u00e9lev\u00e9 et \u00e0 l&#039;apparence frappante.\" \/>\n<meta name=\"robots\" content=\"index, follow, max-snippet:-1, max-image-preview:large, max-video-preview:-1\" \/>\n<link rel=\"canonical\" href=\"https:\/\/dutchmicrodosing.com\/fr\/champignons-magiques\/kits-de-culture-speciaux\/golden-teacher-paddo-broed\/\" \/>\n<meta property=\"og:locale\" content=\"fr_FR\" \/>\n<meta property=\"og:type\" content=\"article\" \/>\n<meta property=\"og:title\" content=\"Enseignant d&#039;or Couvain de champignon\" \/>\n<meta property=\"og:description\" content=\"Le Golden Teacher Mushroom Brood est parfait pour le cultivateur avanc\u00e9 qui aime suivre sa propre voie. Cette vari\u00e9t\u00e9 l\u00e9gendaire est connue pour son\" \/>\n<meta property=\"og:url\" content=\"https:\/\/dutchmicrodosing.com\/fr\/champignons-magiques\/kits-de-culture-speciaux\/golden-teacher-paddo-broed\/\" \/>\n<meta property=\"og:site_name\" content=\"Dutchmicrodosing\" \/>\n<meta property=\"article:publisher\" content=\"https:\/\/www.facebook.com\/Dutchmicrodosingxp\/\" \/>\n<meta property=\"article:modified_time\" content=\"2026-04-02T19:28:42+00:00\" \/>\n<meta property=\"og:image\" content=\"https:\/\/dutchmicrodosing.com\/wp-content\/uploads\/2025\/06\/4113-5107-1.jpg\" \/>\n\t<meta property=\"og:image:width\" content=\"300\" \/>\n\t<meta property=\"og:image:height\" content=\"300\" \/>\n\t<meta property=\"og:image:type\" content=\"image\/jpeg\" \/>\n<meta name=\"twitter:card\" content=\"summary_large_image\" \/>\n<script type=\"application\/ld+json\" class=\"yoast-schema-graph\">{\"@context\":\"https:\/\/schema.org\",\"@graph\":[{\"@type\":\"WebPage\",\"@id\":\"https:\/\/dutchmicrodosing.com\/fr\/champignons-magiques\/kits-de-culture-speciaux\/golden-teacher-paddo-broed\/\",\"url\":\"https:\/\/dutchmicrodosing.com\/fr\/champignons-magiques\/kits-de-culture-speciaux\/golden-teacher-paddo-broed\/\",\"name\":\"Enseignant d'or Couvain de champignon - Dutchmicrodosing\",\"isPartOf\":{\"@id\":\"https:\/\/dutchmicrodosing.com\/fr\/#website\"},\"primaryImageOfPage\":{\"@id\":\"https:\/\/dutchmicrodosing.com\/fr\/champignons-magiques\/kits-de-culture-speciaux\/golden-teacher-paddo-broed\/#primaryimage\"},\"image\":{\"@id\":\"https:\/\/dutchmicrodosing.com\/fr\/champignons-magiques\/kits-de-culture-speciaux\/golden-teacher-paddo-broed\/#primaryimage\"},\"thumbnailUrl\":\"https:\/\/dutchmicrodosing.com\/wp-content\/uploads\/2025\/06\/4113-5107-1.jpg\",\"datePublished\":\"2025-06-13T07:20:25+00:00\",\"dateModified\":\"2026-04-02T19:28:42+00:00\",\"description\":\"La Golden Teacher Mushroom Brood est id\u00e9ale pour les cultivateurs avanc\u00e9s \u00e0 la recherche d'une vari\u00e9t\u00e9 puissante au rendement \u00e9lev\u00e9 et \u00e0 l'apparence frappante.\",\"breadcrumb\":{\"@id\":\"https:\/\/dutchmicrodosing.com\/fr\/champignons-magiques\/kits-de-culture-speciaux\/golden-teacher-paddo-broed\/#breadcrumb\"},\"inLanguage\":\"fr-FR\",\"potentialAction\":[{\"@type\":\"ReadAction\",\"target\":[\"https:\/\/dutchmicrodosing.com\/fr\/champignons-magiques\/kits-de-culture-speciaux\/golden-teacher-paddo-broed\/\"]}]},{\"@type\":\"ImageObject\",\"inLanguage\":\"fr-FR\",\"@id\":\"https:\/\/dutchmicrodosing.com\/fr\/champignons-magiques\/kits-de-culture-speciaux\/golden-teacher-paddo-broed\/#primaryimage\",\"url\":\"https:\/\/dutchmicrodosing.com\/wp-content\/uploads\/2025\/06\/4113-5107-1.jpg\",\"contentUrl\":\"https:\/\/dutchmicrodosing.com\/wp-content\/uploads\/2025\/06\/4113-5107-1.jpg\",\"width\":300,\"height\":300},{\"@type\":\"BreadcrumbList\",\"@id\":\"https:\/\/dutchmicrodosing.com\/fr\/champignons-magiques\/kits-de-culture-speciaux\/golden-teacher-paddo-broed\/#breadcrumb\",\"itemListElement\":[{\"@type\":\"ListItem\",\"position\":1,\"name\":\"Home\",\"item\":\"https:\/\/dutchmicrodosing.com\/fr\/\"},{\"@type\":\"ListItem\",\"position\":2,\"name\":\"Boutique\",\"item\":\"https:\/\/dutchmicrodosing.com\/fr\/boutique\/\"},{\"@type\":\"ListItem\",\"position\":3,\"name\":\"Enseignant d&rsquo;or Couvain de champignon\"}]},{\"@type\":\"WebSite\",\"@id\":\"https:\/\/dutchmicrodosing.com\/fr\/#website\",\"url\":\"https:\/\/dutchmicrodosing.com\/fr\/\",\"name\":\"Dutchmicrodosing\",\"description\":\"\",\"publisher\":{\"@id\":\"https:\/\/dutchmicrodosing.com\/fr\/#organization\"},\"potentialAction\":[{\"@type\":\"SearchAction\",\"target\":{\"@type\":\"EntryPoint\",\"urlTemplate\":\"https:\/\/dutchmicrodosing.com\/fr\/?s={search_term_string}\"},\"query-input\":{\"@type\":\"PropertyValueSpecification\",\"valueRequired\":true,\"valueName\":\"search_term_string\"}}],\"inLanguage\":\"fr-FR\"},{\"@type\":\"Organization\",\"@id\":\"https:\/\/dutchmicrodosing.com\/fr\/#organization\",\"name\":\"Dutchmicrodosing\",\"url\":\"https:\/\/dutchmicrodosing.com\/fr\/\",\"logo\":{\"@type\":\"ImageObject\",\"inLanguage\":\"fr-FR\",\"@id\":\"https:\/\/dutchmicrodosing.com\/fr\/#\/schema\/logo\/image\/\",\"url\":\"https:\/\/dutchmicrodosing.com\/wp-content\/uploads\/2021\/01\/microdosing-categorie-pic-nieuw.jpg\",\"contentUrl\":\"https:\/\/dutchmicrodosing.com\/wp-content\/uploads\/2021\/01\/microdosing-categorie-pic-nieuw.jpg\",\"width\":500,\"height\":500,\"caption\":\"Dutchmicrodosing\"},\"image\":{\"@id\":\"https:\/\/dutchmicrodosing.com\/fr\/#\/schema\/logo\/image\/\"},\"sameAs\":[\"https:\/\/www.facebook.com\/Dutchmicrodosingxp\/\",\"https:\/\/www.instagram.com\/dutchmicrodosing\/\"]}]}<\/script>\n<meta property=\"product:price:amount\" content=\"24.95\" \/>\n<meta property=\"product:price:currency\" content=\"EUR\" \/>\n<meta property=\"og:availability\" content=\"instock\" \/>\n<meta property=\"product:availability\" content=\"instock\" \/>\n<meta property=\"product:retailer_item_id\" content=\"5205652\" \/>\n<meta property=\"product:condition\" content=\"new\" \/>\n<!-- \/ Yoast SEO Premium plugin. -->","yoast_head_json":{"title":"Enseignant d'or Couvain de champignon - Dutchmicrodosing","description":"La Golden Teacher Mushroom Brood est id\u00e9ale pour les cultivateurs avanc\u00e9s \u00e0 la recherche d'une vari\u00e9t\u00e9 puissante au rendement \u00e9lev\u00e9 et \u00e0 l'apparence frappante.","robots":{"index":"index","follow":"follow","max-snippet":"max-snippet:-1","max-image-preview":"max-image-preview:large","max-video-preview":"max-video-preview:-1"},"canonical":"https:\/\/dutchmicrodosing.com\/fr\/champignons-magiques\/kits-de-culture-speciaux\/golden-teacher-paddo-broed\/","og_locale":"fr_FR","og_type":"article","og_title":"Enseignant d'or Couvain de champignon","og_description":"Le Golden Teacher Mushroom Brood est parfait pour le cultivateur avanc\u00e9 qui aime suivre sa propre voie. Cette vari\u00e9t\u00e9 l\u00e9gendaire est connue pour son","og_url":"https:\/\/dutchmicrodosing.com\/fr\/champignons-magiques\/kits-de-culture-speciaux\/golden-teacher-paddo-broed\/","og_site_name":"Dutchmicrodosing","article_publisher":"https:\/\/www.facebook.com\/Dutchmicrodosingxp\/","article_modified_time":"2026-04-02T19:28:42+00:00","og_image":[{"width":300,"height":300,"url":"https:\/\/dutchmicrodosing.com\/wp-content\/uploads\/2025\/06\/4113-5107-1.jpg","type":"image\/jpeg"}],"twitter_card":"summary_large_image","schema":{"@context":"https:\/\/schema.org","@graph":[{"@type":"WebPage","@id":"https:\/\/dutchmicrodosing.com\/fr\/champignons-magiques\/kits-de-culture-speciaux\/golden-teacher-paddo-broed\/","url":"https:\/\/dutchmicrodosing.com\/fr\/champignons-magiques\/kits-de-culture-speciaux\/golden-teacher-paddo-broed\/","name":"Enseignant d'or Couvain de champignon - Dutchmicrodosing","isPartOf":{"@id":"https:\/\/dutchmicrodosing.com\/fr\/#website"},"primaryImageOfPage":{"@id":"https:\/\/dutchmicrodosing.com\/fr\/champignons-magiques\/kits-de-culture-speciaux\/golden-teacher-paddo-broed\/#primaryimage"},"image":{"@id":"https:\/\/dutchmicrodosing.com\/fr\/champignons-magiques\/kits-de-culture-speciaux\/golden-teacher-paddo-broed\/#primaryimage"},"thumbnailUrl":"https:\/\/dutchmicrodosing.com\/wp-content\/uploads\/2025\/06\/4113-5107-1.jpg","datePublished":"2025-06-13T07:20:25+00:00","dateModified":"2026-04-02T19:28:42+00:00","description":"La Golden Teacher Mushroom Brood est id\u00e9ale pour les cultivateurs avanc\u00e9s \u00e0 la recherche d'une vari\u00e9t\u00e9 puissante au rendement \u00e9lev\u00e9 et \u00e0 l'apparence frappante.","breadcrumb":{"@id":"https:\/\/dutchmicrodosing.com\/fr\/champignons-magiques\/kits-de-culture-speciaux\/golden-teacher-paddo-broed\/#breadcrumb"},"inLanguage":"fr-FR","potentialAction":[{"@type":"ReadAction","target":["https:\/\/dutchmicrodosing.com\/fr\/champignons-magiques\/kits-de-culture-speciaux\/golden-teacher-paddo-broed\/"]}]},{"@type":"ImageObject","inLanguage":"fr-FR","@id":"https:\/\/dutchmicrodosing.com\/fr\/champignons-magiques\/kits-de-culture-speciaux\/golden-teacher-paddo-broed\/#primaryimage","url":"https:\/\/dutchmicrodosing.com\/wp-content\/uploads\/2025\/06\/4113-5107-1.jpg","contentUrl":"https:\/\/dutchmicrodosing.com\/wp-content\/uploads\/2025\/06\/4113-5107-1.jpg","width":300,"height":300},{"@type":"BreadcrumbList","@id":"https:\/\/dutchmicrodosing.com\/fr\/champignons-magiques\/kits-de-culture-speciaux\/golden-teacher-paddo-broed\/#breadcrumb","itemListElement":[{"@type":"ListItem","position":1,"name":"Home","item":"https:\/\/dutchmicrodosing.com\/fr\/"},{"@type":"ListItem","position":2,"name":"Boutique","item":"https:\/\/dutchmicrodosing.com\/fr\/boutique\/"},{"@type":"ListItem","position":3,"name":"Enseignant d&rsquo;or Couvain de champignon"}]},{"@type":"WebSite","@id":"https:\/\/dutchmicrodosing.com\/fr\/#website","url":"https:\/\/dutchmicrodosing.com\/fr\/","name":"Dutchmicrodosing","description":"","publisher":{"@id":"https:\/\/dutchmicrodosing.com\/fr\/#organization"},"potentialAction":[{"@type":"SearchAction","target":{"@type":"EntryPoint","urlTemplate":"https:\/\/dutchmicrodosing.com\/fr\/?s={search_term_string}"},"query-input":{"@type":"PropertyValueSpecification","valueRequired":true,"valueName":"search_term_string"}}],"inLanguage":"fr-FR"},{"@type":"Organization","@id":"https:\/\/dutchmicrodosing.com\/fr\/#organization","name":"Dutchmicrodosing","url":"https:\/\/dutchmicrodosing.com\/fr\/","logo":{"@type":"ImageObject","inLanguage":"fr-FR","@id":"https:\/\/dutchmicrodosing.com\/fr\/#\/schema\/logo\/image\/","url":"https:\/\/dutchmicrodosing.com\/wp-content\/uploads\/2021\/01\/microdosing-categorie-pic-nieuw.jpg","contentUrl":"https:\/\/dutchmicrodosing.com\/wp-content\/uploads\/2021\/01\/microdosing-categorie-pic-nieuw.jpg","width":500,"height":500,"caption":"Dutchmicrodosing"},"image":{"@id":"https:\/\/dutchmicrodosing.com\/fr\/#\/schema\/logo\/image\/"},"sameAs":["https:\/\/www.facebook.com\/Dutchmicrodosingxp\/","https:\/\/www.instagram.com\/dutchmicrodosing\/"]}]},"product_price_amount":"24.95","product_price_currency":"EUR","og_availability":"instock","product_availability":"instock","product_retailer_item_id":"5205652","product_condition":"new"},"_links":{"self":[{"href":"https:\/\/dutchmicrodosing.com\/fr\/wp-json\/wp\/v2\/product\/48602","targetHints":{"allow":["GET"]}}],"collection":[{"href":"https:\/\/dutchmicrodosing.com\/fr\/wp-json\/wp\/v2\/product"}],"about":[{"href":"https:\/\/dutchmicrodosing.com\/fr\/wp-json\/wp\/v2\/types\/product"}],"replies":[{"embeddable":true,"href":"https:\/\/dutchmicrodosing.com\/fr\/wp-json\/wp\/v2\/comments?post=48602"}],"version-history":[{"count":1,"href":"https:\/\/dutchmicrodosing.com\/fr\/wp-json\/wp\/v2\/product\/48602\/revisions"}],"predecessor-version":[{"id":61629,"href":"https:\/\/dutchmicrodosing.com\/fr\/wp-json\/wp\/v2\/product\/48602\/revisions\/61629"}],"wp:featuredmedia":[{"embeddable":true,"href":"https:\/\/dutchmicrodosing.com\/fr\/wp-json\/wp\/v2\/media\/48583"}],"wp:attachment":[{"href":"https:\/\/dutchmicrodosing.com\/fr\/wp-json\/wp\/v2\/media?parent=48602"}],"wp:term":[{"taxonomy":"product_brand","embeddable":true,"href":"https:\/\/dutchmicrodosing.com\/fr\/wp-json\/wp\/v2\/product_brand?post=48602"},{"taxonomy":"product_cat","embeddable":true,"href":"https:\/\/dutchmicrodosing.com\/fr\/wp-json\/wp\/v2\/product_cat?post=48602"},{"taxonomy":"product_tag","embeddable":true,"href":"https:\/\/dutchmicrodosing.com\/fr\/wp-json\/wp\/v2\/product_tag?post=48602"}],"curies":[{"name":"wp","href":"https:\/\/api.w.org\/{rel}","templated":true}]}}