{"id":48628,"date":"2025-06-13T09:39:20","date_gmt":"2025-06-13T07:39:20","guid":{"rendered":"https:\/\/dutchmicrodosing.com\/shop\/non%20class\u00e9\/white-rabbit-paddo-broed\/"},"modified":"2025-11-11T15:58:42","modified_gmt":"2025-11-11T14:58:42","slug":"white-rabbit-paddo-broed","status":"publish","type":"product","link":"https:\/\/dutchmicrodosing.com\/fr\/champignons-magiques\/kits-de-culture-speciaux\/white-rabbit-paddo-broed\/","title":{"rendered":"kit-de-culture-white-rabbit"},"content":{"rendered":"<p>Le <strong data-start=\"71\" data-end=\"99\">White Rabbit<\/strong> est une vari\u00e9t\u00e9 albinos rare de Psilocybe Cubensis, issue d&rsquo;un croisement entre deux esp\u00e8ces bien connues : Albino Penis Envy et Moby Dick. Ce champignon unique se distingue par son grand chapeau et son pied blancs &#8211; bien qu&rsquo;un peu de pigment soit parfois pr\u00e9sent. Avec une force moyenne, cette vari\u00e9t\u00e9 est id\u00e9ale pour les cultivateurs novices et les utilisateurs curieux qui souhaitent une introduction en douceur aux champignons magiques.<\/p>\n<h3>Qu&rsquo;est-ce qu&rsquo;une couv\u00e9e Paddy ?<\/h3>\n<p>Le blanc de riz, \u00e9galement connu sous le nom de blanc de c\u00e9r\u00e9ales, est un grain qui est enti\u00e8rement recouvert de myc\u00e9lium. C&rsquo;est la base d&rsquo;une culture de champignons r\u00e9ussie. Dans les kits de culture pr\u00eats \u00e0 l&#8217;emploi, ce blanc est souvent d\u00e9j\u00e0 m\u00e9lang\u00e9 \u00e0 de la terre de coco et de la vermiculite, et emball\u00e9 en quantit\u00e9 fixe. Un tel kit de culture donne une r\u00e9colte limit\u00e9e et ne peut pas \u00eatre r\u00e9utilis\u00e9 par la suite. Le fait de travailler vous-m\u00eame avec du blanc de champignon en vrac vous donne beaucoup plus de contr\u00f4le et de flexibilit\u00e9. Vous pouvez facilement d\u00e9terminer la taille de votre culture et propager le myc\u00e9lium.<\/p>\n<p>En effet, le myc\u00e9lium fort se d\u00e9veloppe rapidement et vigoureusement : \u00e0 partir d&rsquo;un pot de blanc de champignon, vous pouvez faire plusieurs nouvelles portions. C&rsquo;est ainsi que vous pouvez faire passer votre culture de 1 \u00e0 10, puis \u00e0 100 pots, le tout en l&rsquo;espace de quelques semaines. Vous n&rsquo;\u00eates donc plus coinc\u00e9 avec un kit de culture standard de 250, 1200 ou 2100 ml, mais vous pouvez cultiver exactement la quantit\u00e9 de champignons que vous souhaitez. Et le meilleur ? C&rsquo;est possible pour tout le monde, simplement avec des objets quotidiens de la maison.<\/p>\n<h3>Caract\u00e9ristiques<\/h3>\n<ul>\n<li>Albino Psilocybe Cubensis (croisement entre Albino Penis Envy et Moby Dick)<\/li>\n<li>Se transforme en gros champignons blancs<\/li>\n<li>Puissance moyenne, id\u00e9ale pour les d\u00e9butants<\/li>\n<li>Plus de libert\u00e9 qu&rsquo;un kit de culture standard<\/li>\n<li>Le myc\u00e9lium cro\u00eet de fa\u00e7on exponentielle : des possibilit\u00e9s de culture infinies<\/li>\n<\/ul>\n<h3>Ingr\u00e9dients et composition<\/h3>\n<ul>\n<li>382 ml de blanc de champignon (blanc de grain) de White Rabbit<\/li>\n<li>Myc\u00e9lium \u00e0 base de c\u00e9r\u00e9ales<\/li>\n<\/ul>\n<h3>Utilisation<\/h3>\n<p>Le blanc de champignon White Rabbit est con\u00e7u pour le cultivateur amateur qui souhaite contr\u00f4ler la taille de sa culture. Contrairement aux kits de culture fixes, l&rsquo;incubation vous donne la libert\u00e9 de d\u00e9cider de la taille de votre culture et de la fr\u00e9quence \u00e0 laquelle vous la multipliez. Vous pouvez d\u00e9j\u00e0 commencer avec de simples ustensiles m\u00e9nagers, sans qu&rsquo;il soit n\u00e9cessaire de les st\u00e9riliser. Chaque pot est accompagn\u00e9 d&rsquo;un manuel clair, rempli de photos et de plans \u00e9tape par \u00e9tape pour diff\u00e9rentes m\u00e9thodes de culture.<\/p>\n<p><strong>TELECHARGER ICI : <a href=\"https:\/\/dutchmicrodosing.com\/wp-content\/uploads\/2025\/07\/white-ENGELS-1.pdf\" target=\"_blank\" rel=\"noopener\">Paddobrood Instructions \/ Manual<\/a><\/strong><\/p>\n<h3>Contenu<\/h3>\n<ul>\n<li>382 ml de blanc de champignons White Rabbit<\/li>\n<li>Manuel de culture complet<\/li>\n<\/ul>\n<h3>Important<\/h3>\n<ul>\n<li>Conservez au r\u00e9frig\u00e9rateur, jusqu&rsquo;\u00e0 3 mois.<\/li>\n<li>Ne pas ouvrir le pot avant utilisation<\/li>\n<li>Lisez toujours d&rsquo;abord le manuel fourni<\/li>\n<\/ul>\n","protected":false},"excerpt":{"rendered":"<p>Le White Rabbit est une vari\u00e9t\u00e9 albinos rare de Psilocybe Cubensis, issue d&rsquo;un croisement entre deux esp\u00e8ces bien connues : Albino Penis Envy et Moby Dick. Ce champignon unique se distingue par son grand chapeau et son pied blancs &#8211; bien qu&rsquo;un peu de pigment soit parfois pr\u00e9sent. Avec une force moyenne, cette vari\u00e9t\u00e9 est [&hellip;]<\/p>\n","protected":false},"featured_media":48621,"comment_status":"closed","ping_status":"closed","template":"","meta":[],"product_brand":[],"product_cat":[410],"product_tag":[],"class_list":{"0":"post-48628","1":"product","2":"type-product","3":"status-publish","4":"has-post-thumbnail","6":"product_cat-kits-de-culture-speciaux","8":"first","9":"outofstock","10":"taxable","11":"shipping-taxable","12":"purchasable","13":"product-type-simple"},"yoast_head":"<!-- This site is optimized with the Yoast SEO Premium plugin v26.4 (Yoast SEO v27.2) - https:\/\/yoast.com\/product\/yoast-seo-premium-wordpress\/ -->\n<title>kit-de-culture-white-rabbit - Dutchmicrodosing<\/title>\n<meta name=\"description\" content=\"La White Rabbit Mushroom Brood est parfaite pour les cultivateurs s\u00e9rieux qui veulent une vari\u00e9t\u00e9 unique avec des rendements \u00e9lev\u00e9s et des effets puissants. Avec des soins appropri\u00e9s, vous obtenez.\" \/>\n<meta name=\"robots\" content=\"index, follow, max-snippet:-1, max-image-preview:large, max-video-preview:-1\" \/>\n<link rel=\"canonical\" href=\"https:\/\/dutchmicrodosing.com\/fr\/champignons-magiques\/kits-de-culture-speciaux\/white-rabbit-paddo-broed\/\" \/>\n<meta property=\"og:locale\" content=\"fr_FR\" \/>\n<meta property=\"og:type\" content=\"article\" \/>\n<meta property=\"og:title\" content=\"kit-de-culture-white-rabbit\" \/>\n<meta property=\"og:description\" content=\"Le White Rabbit est une vari\u00e9t\u00e9 albinos rare de Psilocybe Cubensis, issue d&#039;un croisement entre deux esp\u00e8ces bien connues : Albino Penis Envy et Moby\" \/>\n<meta property=\"og:url\" content=\"https:\/\/dutchmicrodosing.com\/fr\/champignons-magiques\/kits-de-culture-speciaux\/white-rabbit-paddo-broed\/\" \/>\n<meta property=\"og:site_name\" content=\"Dutchmicrodosing\" \/>\n<meta property=\"article:publisher\" content=\"https:\/\/www.facebook.com\/Dutchmicrodosingxp\/\" \/>\n<meta property=\"article:modified_time\" content=\"2025-11-11T14:58:42+00:00\" \/>\n<meta property=\"og:image\" content=\"https:\/\/dutchmicrodosing.com\/wp-content\/uploads\/2025\/06\/3997-5091-1.jpg\" \/>\n\t<meta property=\"og:image:width\" content=\"300\" \/>\n\t<meta property=\"og:image:height\" content=\"300\" \/>\n\t<meta property=\"og:image:type\" content=\"image\/jpeg\" \/>\n<meta name=\"twitter:card\" content=\"summary_large_image\" \/>\n<script type=\"application\/ld+json\" class=\"yoast-schema-graph\">{\"@context\":\"https:\/\/schema.org\",\"@graph\":[{\"@type\":\"WebPage\",\"@id\":\"https:\/\/dutchmicrodosing.com\/fr\/champignons-magiques\/kits-de-culture-speciaux\/white-rabbit-paddo-broed\/\",\"url\":\"https:\/\/dutchmicrodosing.com\/fr\/champignons-magiques\/kits-de-culture-speciaux\/white-rabbit-paddo-broed\/\",\"name\":\"kit-de-culture-white-rabbit - Dutchmicrodosing\",\"isPartOf\":{\"@id\":\"https:\/\/dutchmicrodosing.com\/fr\/#website\"},\"primaryImageOfPage\":{\"@id\":\"https:\/\/dutchmicrodosing.com\/fr\/champignons-magiques\/kits-de-culture-speciaux\/white-rabbit-paddo-broed\/#primaryimage\"},\"image\":{\"@id\":\"https:\/\/dutchmicrodosing.com\/fr\/champignons-magiques\/kits-de-culture-speciaux\/white-rabbit-paddo-broed\/#primaryimage\"},\"thumbnailUrl\":\"https:\/\/dutchmicrodosing.com\/wp-content\/uploads\/2025\/06\/3997-5091-1.jpg\",\"datePublished\":\"2025-06-13T07:39:20+00:00\",\"dateModified\":\"2025-11-11T14:58:42+00:00\",\"description\":\"La White Rabbit Mushroom Brood est parfaite pour les cultivateurs s\u00e9rieux qui veulent une vari\u00e9t\u00e9 unique avec des rendements \u00e9lev\u00e9s et des effets puissants. Avec des soins appropri\u00e9s, vous obtenez.\",\"breadcrumb\":{\"@id\":\"https:\/\/dutchmicrodosing.com\/fr\/champignons-magiques\/kits-de-culture-speciaux\/white-rabbit-paddo-broed\/#breadcrumb\"},\"inLanguage\":\"fr-FR\",\"potentialAction\":[{\"@type\":\"ReadAction\",\"target\":[\"https:\/\/dutchmicrodosing.com\/fr\/champignons-magiques\/kits-de-culture-speciaux\/white-rabbit-paddo-broed\/\"]}]},{\"@type\":\"ImageObject\",\"inLanguage\":\"fr-FR\",\"@id\":\"https:\/\/dutchmicrodosing.com\/fr\/champignons-magiques\/kits-de-culture-speciaux\/white-rabbit-paddo-broed\/#primaryimage\",\"url\":\"https:\/\/dutchmicrodosing.com\/wp-content\/uploads\/2025\/06\/3997-5091-1.jpg\",\"contentUrl\":\"https:\/\/dutchmicrodosing.com\/wp-content\/uploads\/2025\/06\/3997-5091-1.jpg\",\"width\":300,\"height\":300},{\"@type\":\"BreadcrumbList\",\"@id\":\"https:\/\/dutchmicrodosing.com\/fr\/champignons-magiques\/kits-de-culture-speciaux\/white-rabbit-paddo-broed\/#breadcrumb\",\"itemListElement\":[{\"@type\":\"ListItem\",\"position\":1,\"name\":\"Home\",\"item\":\"https:\/\/dutchmicrodosing.com\/fr\/\"},{\"@type\":\"ListItem\",\"position\":2,\"name\":\"Boutique\",\"item\":\"https:\/\/dutchmicrodosing.com\/fr\/boutique\/\"},{\"@type\":\"ListItem\",\"position\":3,\"name\":\"kit-de-culture-white-rabbit\"}]},{\"@type\":\"WebSite\",\"@id\":\"https:\/\/dutchmicrodosing.com\/fr\/#website\",\"url\":\"https:\/\/dutchmicrodosing.com\/fr\/\",\"name\":\"Dutchmicrodosing\",\"description\":\"\",\"publisher\":{\"@id\":\"https:\/\/dutchmicrodosing.com\/fr\/#organization\"},\"potentialAction\":[{\"@type\":\"SearchAction\",\"target\":{\"@type\":\"EntryPoint\",\"urlTemplate\":\"https:\/\/dutchmicrodosing.com\/fr\/?s={search_term_string}\"},\"query-input\":{\"@type\":\"PropertyValueSpecification\",\"valueRequired\":true,\"valueName\":\"search_term_string\"}}],\"inLanguage\":\"fr-FR\"},{\"@type\":\"Organization\",\"@id\":\"https:\/\/dutchmicrodosing.com\/fr\/#organization\",\"name\":\"Dutchmicrodosing\",\"url\":\"https:\/\/dutchmicrodosing.com\/fr\/\",\"logo\":{\"@type\":\"ImageObject\",\"inLanguage\":\"fr-FR\",\"@id\":\"https:\/\/dutchmicrodosing.com\/fr\/#\/schema\/logo\/image\/\",\"url\":\"https:\/\/dutchmicrodosing.com\/wp-content\/uploads\/2021\/01\/microdosing-categorie-pic-nieuw.jpg\",\"contentUrl\":\"https:\/\/dutchmicrodosing.com\/wp-content\/uploads\/2021\/01\/microdosing-categorie-pic-nieuw.jpg\",\"width\":500,\"height\":500,\"caption\":\"Dutchmicrodosing\"},\"image\":{\"@id\":\"https:\/\/dutchmicrodosing.com\/fr\/#\/schema\/logo\/image\/\"},\"sameAs\":[\"https:\/\/www.facebook.com\/Dutchmicrodosingxp\/\",\"https:\/\/www.instagram.com\/dutchmicrodosing\/\"]}]}<\/script>\n<meta property=\"product:price:amount\" content=\"24.95\" \/>\n<meta property=\"product:price:currency\" content=\"EUR\" \/>\n<meta property=\"og:availability\" content=\"out of stock\" \/>\n<meta property=\"product:availability\" content=\"out of stock\" \/>\n<meta property=\"product:retailer_item_id\" content=\"5201165\" \/>\n<meta property=\"product:condition\" content=\"new\" \/>\n<!-- \/ Yoast SEO Premium plugin. -->","yoast_head_json":{"title":"kit-de-culture-white-rabbit - Dutchmicrodosing","description":"La White Rabbit Mushroom Brood est parfaite pour les cultivateurs s\u00e9rieux qui veulent une vari\u00e9t\u00e9 unique avec des rendements \u00e9lev\u00e9s et des effets puissants. Avec des soins appropri\u00e9s, vous obtenez.","robots":{"index":"index","follow":"follow","max-snippet":"max-snippet:-1","max-image-preview":"max-image-preview:large","max-video-preview":"max-video-preview:-1"},"canonical":"https:\/\/dutchmicrodosing.com\/fr\/champignons-magiques\/kits-de-culture-speciaux\/white-rabbit-paddo-broed\/","og_locale":"fr_FR","og_type":"article","og_title":"kit-de-culture-white-rabbit","og_description":"Le White Rabbit est une vari\u00e9t\u00e9 albinos rare de Psilocybe Cubensis, issue d'un croisement entre deux esp\u00e8ces bien connues : Albino Penis Envy et Moby","og_url":"https:\/\/dutchmicrodosing.com\/fr\/champignons-magiques\/kits-de-culture-speciaux\/white-rabbit-paddo-broed\/","og_site_name":"Dutchmicrodosing","article_publisher":"https:\/\/www.facebook.com\/Dutchmicrodosingxp\/","article_modified_time":"2025-11-11T14:58:42+00:00","og_image":[{"width":300,"height":300,"url":"https:\/\/dutchmicrodosing.com\/wp-content\/uploads\/2025\/06\/3997-5091-1.jpg","type":"image\/jpeg"}],"twitter_card":"summary_large_image","schema":{"@context":"https:\/\/schema.org","@graph":[{"@type":"WebPage","@id":"https:\/\/dutchmicrodosing.com\/fr\/champignons-magiques\/kits-de-culture-speciaux\/white-rabbit-paddo-broed\/","url":"https:\/\/dutchmicrodosing.com\/fr\/champignons-magiques\/kits-de-culture-speciaux\/white-rabbit-paddo-broed\/","name":"kit-de-culture-white-rabbit - Dutchmicrodosing","isPartOf":{"@id":"https:\/\/dutchmicrodosing.com\/fr\/#website"},"primaryImageOfPage":{"@id":"https:\/\/dutchmicrodosing.com\/fr\/champignons-magiques\/kits-de-culture-speciaux\/white-rabbit-paddo-broed\/#primaryimage"},"image":{"@id":"https:\/\/dutchmicrodosing.com\/fr\/champignons-magiques\/kits-de-culture-speciaux\/white-rabbit-paddo-broed\/#primaryimage"},"thumbnailUrl":"https:\/\/dutchmicrodosing.com\/wp-content\/uploads\/2025\/06\/3997-5091-1.jpg","datePublished":"2025-06-13T07:39:20+00:00","dateModified":"2025-11-11T14:58:42+00:00","description":"La White Rabbit Mushroom Brood est parfaite pour les cultivateurs s\u00e9rieux qui veulent une vari\u00e9t\u00e9 unique avec des rendements \u00e9lev\u00e9s et des effets puissants. Avec des soins appropri\u00e9s, vous obtenez.","breadcrumb":{"@id":"https:\/\/dutchmicrodosing.com\/fr\/champignons-magiques\/kits-de-culture-speciaux\/white-rabbit-paddo-broed\/#breadcrumb"},"inLanguage":"fr-FR","potentialAction":[{"@type":"ReadAction","target":["https:\/\/dutchmicrodosing.com\/fr\/champignons-magiques\/kits-de-culture-speciaux\/white-rabbit-paddo-broed\/"]}]},{"@type":"ImageObject","inLanguage":"fr-FR","@id":"https:\/\/dutchmicrodosing.com\/fr\/champignons-magiques\/kits-de-culture-speciaux\/white-rabbit-paddo-broed\/#primaryimage","url":"https:\/\/dutchmicrodosing.com\/wp-content\/uploads\/2025\/06\/3997-5091-1.jpg","contentUrl":"https:\/\/dutchmicrodosing.com\/wp-content\/uploads\/2025\/06\/3997-5091-1.jpg","width":300,"height":300},{"@type":"BreadcrumbList","@id":"https:\/\/dutchmicrodosing.com\/fr\/champignons-magiques\/kits-de-culture-speciaux\/white-rabbit-paddo-broed\/#breadcrumb","itemListElement":[{"@type":"ListItem","position":1,"name":"Home","item":"https:\/\/dutchmicrodosing.com\/fr\/"},{"@type":"ListItem","position":2,"name":"Boutique","item":"https:\/\/dutchmicrodosing.com\/fr\/boutique\/"},{"@type":"ListItem","position":3,"name":"kit-de-culture-white-rabbit"}]},{"@type":"WebSite","@id":"https:\/\/dutchmicrodosing.com\/fr\/#website","url":"https:\/\/dutchmicrodosing.com\/fr\/","name":"Dutchmicrodosing","description":"","publisher":{"@id":"https:\/\/dutchmicrodosing.com\/fr\/#organization"},"potentialAction":[{"@type":"SearchAction","target":{"@type":"EntryPoint","urlTemplate":"https:\/\/dutchmicrodosing.com\/fr\/?s={search_term_string}"},"query-input":{"@type":"PropertyValueSpecification","valueRequired":true,"valueName":"search_term_string"}}],"inLanguage":"fr-FR"},{"@type":"Organization","@id":"https:\/\/dutchmicrodosing.com\/fr\/#organization","name":"Dutchmicrodosing","url":"https:\/\/dutchmicrodosing.com\/fr\/","logo":{"@type":"ImageObject","inLanguage":"fr-FR","@id":"https:\/\/dutchmicrodosing.com\/fr\/#\/schema\/logo\/image\/","url":"https:\/\/dutchmicrodosing.com\/wp-content\/uploads\/2021\/01\/microdosing-categorie-pic-nieuw.jpg","contentUrl":"https:\/\/dutchmicrodosing.com\/wp-content\/uploads\/2021\/01\/microdosing-categorie-pic-nieuw.jpg","width":500,"height":500,"caption":"Dutchmicrodosing"},"image":{"@id":"https:\/\/dutchmicrodosing.com\/fr\/#\/schema\/logo\/image\/"},"sameAs":["https:\/\/www.facebook.com\/Dutchmicrodosingxp\/","https:\/\/www.instagram.com\/dutchmicrodosing\/"]}]},"product_price_amount":"24.95","product_price_currency":"EUR","og_availability":"out of stock","product_availability":"out of stock","product_retailer_item_id":"5201165","product_condition":"new"},"_links":{"self":[{"href":"https:\/\/dutchmicrodosing.com\/fr\/wp-json\/wp\/v2\/product\/48628","targetHints":{"allow":["GET"]}}],"collection":[{"href":"https:\/\/dutchmicrodosing.com\/fr\/wp-json\/wp\/v2\/product"}],"about":[{"href":"https:\/\/dutchmicrodosing.com\/fr\/wp-json\/wp\/v2\/types\/product"}],"replies":[{"embeddable":true,"href":"https:\/\/dutchmicrodosing.com\/fr\/wp-json\/wp\/v2\/comments?post=48628"}],"version-history":[{"count":3,"href":"https:\/\/dutchmicrodosing.com\/fr\/wp-json\/wp\/v2\/product\/48628\/revisions"}],"predecessor-version":[{"id":61625,"href":"https:\/\/dutchmicrodosing.com\/fr\/wp-json\/wp\/v2\/product\/48628\/revisions\/61625"}],"wp:featuredmedia":[{"embeddable":true,"href":"https:\/\/dutchmicrodosing.com\/fr\/wp-json\/wp\/v2\/media\/48621"}],"wp:attachment":[{"href":"https:\/\/dutchmicrodosing.com\/fr\/wp-json\/wp\/v2\/media?parent=48628"}],"wp:term":[{"taxonomy":"product_brand","embeddable":true,"href":"https:\/\/dutchmicrodosing.com\/fr\/wp-json\/wp\/v2\/product_brand?post=48628"},{"taxonomy":"product_cat","embeddable":true,"href":"https:\/\/dutchmicrodosing.com\/fr\/wp-json\/wp\/v2\/product_cat?post=48628"},{"taxonomy":"product_tag","embeddable":true,"href":"https:\/\/dutchmicrodosing.com\/fr\/wp-json\/wp\/v2\/product_tag?post=48628"}],"curies":[{"name":"wp","href":"https:\/\/api.w.org\/{rel}","templated":true}]}}