{"id":48961,"date":"2025-06-19T13:36:35","date_gmt":"2025-06-19T11:36:35","guid":{"rendered":"https:\/\/dutchmicrodosing.com\/shop\/non%20class\u00e9\/maeng-da-kratom-white\/"},"modified":"2025-08-01T16:54:12","modified_gmt":"2025-08-01T14:54:12","slug":"maeng-da-kratom-white","status":"publish","type":"product","link":"https:\/\/dutchmicrodosing.com\/fr\/herbes-botaniques\/kratom\/maeng-da-kratom-white\/","title":{"rendered":"Maeng Da Blanc"},"content":{"rendered":"<p>Le <strong>Maeng Da <\/strong><strong>Kratom<\/strong> <strong>White <\/strong>est une vari\u00e9t\u00e9 puissante de kratom blanc d&rsquo;Asie du Sud-Est, connue pour sa nature stimulante et \u00e9l\u00e9vatrice. Cette vari\u00e9t\u00e9 est souvent choisie par les personnes qui ont besoin d&rsquo;une nouvelle concentration et d&rsquo;une humeur positive.<\/p>\n<h3>Caract\u00e9ristiques<\/h3>\n<ul>\n<li>Souche de kratom blanc \u00e0 l&rsquo;effet vif et \u00e9nergique<\/li>\n<li>Souvent utilis\u00e9 pour am\u00e9liorer l&rsquo;humeur et la vivacit\u00e9 d&rsquo;esprit.<\/li>\n<li>Contient des niveaux \u00e9lev\u00e9s de mitragynine et plus de 25 alcalo\u00efdes.<\/li>\n<li>Convient pour les moments o\u00f9 vous avez besoin d&rsquo;une concentration ou d&rsquo;une motivation suppl\u00e9mentaire<\/li>\n<\/ul>\n<h3>Ingr\u00e9dients et\/ou composition<\/h3>\n<p>100% de feuilles broy\u00e9es de l&rsquo;arbre Mitragyna Speciosa (Maeng Da White Vein)<\/p>\n<h3>Utilisez<\/h3>\n<p>Le kratom blanc Maeng Da peut \u00eatre dissous dans de l&rsquo;eau, utilis\u00e9 pour faire du th\u00e9 ou m\u00e9lang\u00e9 \u00e0 un smoothie. De nombreux utilisateurs optent pour la m\u00e9thode \u00ab\u00a0toss and wash\u00a0\u00bb : boire une gorg\u00e9e d&rsquo;eau, ajouter une cuiller\u00e9e de kratom et laver imm\u00e9diatement avec une autre gorg\u00e9e d&rsquo;eau.<\/p>\n<p><strong>Dosage en cas d&rsquo;utilisation avec de l&rsquo;eau<\/strong><\/p>\n<ul>\n<li>2 grammes : l\u00e9ger<\/li>\n<li>4 grammes : doux<\/li>\n<li>6 grammes : fort<\/li>\n<li>8 grammes : tr\u00e8s fort<\/li>\n<\/ul>\n<p><strong>Dosage pour la pr\u00e9paration du th\u00e9<\/strong><\/p>\n<ul>\n<li>1 gramme : l\u00e9ger<\/li>\n<li>3 grammes : mod\u00e9r\u00e9<\/li>\n<li>5 grammes : normal<\/li>\n<li>10 grammes : fort<\/li>\n<li>15+ grammes : tr\u00e8s fort<\/li>\n<\/ul>\n<p>Laissez le kratom bouillir doucement pendant 10 \u00e0 15 minutes, puis versez-le dans une tasse \u00e0 travers une passoire. Commencez de pr\u00e9f\u00e9rence par une faible dose, surtout \u00e0 jeun, afin d&rsquo;\u00e9valuer correctement la r\u00e9action.<\/p>\n<h3>Contenu<\/h3>\n<p>Disponible en paquets de 25 ou 100 grammes.<\/p>\n<h3>Avis de non-responsabilit\u00e9<\/h3>\n<p><em>Le contenu de ce texte est fourni \u00e0 titre d&rsquo;information uniquement et ne remplace pas les conseils d&rsquo;un professionnel. Ce produit n&rsquo;est pas un m\u00e9dicament et n&rsquo;est pas destin\u00e9 \u00e0 diagnostiquer, traiter ou gu\u00e9rir une quelconque condition m\u00e9dicale. Veuillez consulter un sp\u00e9cialiste pour toute question sp\u00e9cifique concernant l&rsquo;utilisation de ce produit. Certaines \u00e9tudes scientifiques sur les effets de ce produit sont encore en cours et toutes les all\u00e9gations n&rsquo;ont pas \u00e9t\u00e9 d\u00e9finitivement confirm\u00e9es.<\/em><\/p>\n","protected":false},"excerpt":{"rendered":"<p>Le Maeng Da Kratom White est une vari\u00e9t\u00e9 puissante de kratom blanc d&rsquo;Asie du Sud-Est, connue pour sa nature stimulante et \u00e9l\u00e9vatrice. Cette vari\u00e9t\u00e9 est souvent choisie par les personnes qui ont besoin d&rsquo;une nouvelle concentration et d&rsquo;une humeur positive. Caract\u00e9ristiques Souche de kratom blanc \u00e0 l&rsquo;effet vif et \u00e9nergique Souvent utilis\u00e9 pour am\u00e9liorer l&rsquo;humeur [&hellip;]<\/p>\n","protected":false},"featured_media":48954,"comment_status":"closed","ping_status":"closed","template":"","meta":[],"product_brand":[],"product_cat":[417],"product_tag":[],"class_list":{"0":"post-48961","1":"product","2":"type-product","3":"status-publish","4":"has-post-thumbnail","6":"product_cat-kratom","8":"first","9":"instock","10":"taxable","11":"shipping-taxable","12":"purchasable","13":"product-type-variable"},"yoast_head":"<!-- This site is optimized with the Yoast SEO Premium plugin v26.4 (Yoast SEO v27.2) - https:\/\/yoast.com\/product\/yoast-seo-premium-wordpress\/ -->\n<title>Maeng Da Blanc - Dutchmicrodosing<\/title>\n<meta name=\"description\" content=\"Maeng Da White Kratom, une vari\u00e9t\u00e9 puissante de kratom blanc avec un effet \u00e9nergisant et stimulant. Pour la concentration et la clart\u00e9. Disponible en 25 ou 100 grammes.\" \/>\n<meta name=\"robots\" content=\"index, follow, max-snippet:-1, max-image-preview:large, max-video-preview:-1\" \/>\n<link rel=\"canonical\" href=\"https:\/\/dutchmicrodosing.com\/fr\/herbes-botaniques\/kratom\/maeng-da-kratom-white\/\" \/>\n<meta property=\"og:locale\" content=\"fr_FR\" \/>\n<meta property=\"og:type\" content=\"article\" \/>\n<meta property=\"og:title\" content=\"Maeng Da Blanc\" \/>\n<meta property=\"og:description\" content=\"Le Maeng Da Kratom White est une vari\u00e9t\u00e9 puissante de kratom blanc d&#039;Asie du Sud-Est, connue pour sa nature stimulante et \u00e9l\u00e9vatrice. Cette vari\u00e9t\u00e9 est\" \/>\n<meta property=\"og:url\" content=\"https:\/\/dutchmicrodosing.com\/fr\/herbes-botaniques\/kratom\/maeng-da-kratom-white\/\" \/>\n<meta property=\"og:site_name\" content=\"Dutchmicrodosing\" \/>\n<meta property=\"article:publisher\" content=\"https:\/\/www.facebook.com\/Dutchmicrodosingxp\/\" \/>\n<meta property=\"article:modified_time\" content=\"2025-08-01T14:54:12+00:00\" \/>\n<meta property=\"og:image\" content=\"https:\/\/dutchmicrodosing.com\/wp-content\/uploads\/2025\/06\/2676-3609.jpg\" \/>\n\t<meta property=\"og:image:width\" content=\"300\" \/>\n\t<meta property=\"og:image:height\" content=\"300\" \/>\n\t<meta property=\"og:image:type\" content=\"image\/jpeg\" \/>\n<meta name=\"twitter:card\" content=\"summary_large_image\" \/>\n<script type=\"application\/ld+json\" class=\"yoast-schema-graph\">{\"@context\":\"https:\/\/schema.org\",\"@graph\":[{\"@type\":\"WebPage\",\"@id\":\"https:\/\/dutchmicrodosing.com\/fr\/herbes-botaniques\/kratom\/maeng-da-kratom-white\/\",\"url\":\"https:\/\/dutchmicrodosing.com\/fr\/herbes-botaniques\/kratom\/maeng-da-kratom-white\/\",\"name\":\"Maeng Da Blanc - Dutchmicrodosing\",\"isPartOf\":{\"@id\":\"https:\/\/dutchmicrodosing.com\/fr\/#website\"},\"primaryImageOfPage\":{\"@id\":\"https:\/\/dutchmicrodosing.com\/fr\/herbes-botaniques\/kratom\/maeng-da-kratom-white\/#primaryimage\"},\"image\":{\"@id\":\"https:\/\/dutchmicrodosing.com\/fr\/herbes-botaniques\/kratom\/maeng-da-kratom-white\/#primaryimage\"},\"thumbnailUrl\":\"https:\/\/dutchmicrodosing.com\/wp-content\/uploads\/2025\/06\/2676-3609.jpg\",\"datePublished\":\"2025-06-19T11:36:35+00:00\",\"dateModified\":\"2025-08-01T14:54:12+00:00\",\"description\":\"Maeng Da White Kratom, une vari\u00e9t\u00e9 puissante de kratom blanc avec un effet \u00e9nergisant et stimulant. Pour la concentration et la clart\u00e9. Disponible en 25 ou 100 grammes.\",\"breadcrumb\":{\"@id\":\"https:\/\/dutchmicrodosing.com\/fr\/herbes-botaniques\/kratom\/maeng-da-kratom-white\/#breadcrumb\"},\"inLanguage\":\"fr-FR\",\"potentialAction\":[{\"@type\":\"ReadAction\",\"target\":[\"https:\/\/dutchmicrodosing.com\/fr\/herbes-botaniques\/kratom\/maeng-da-kratom-white\/\"]}]},{\"@type\":\"ImageObject\",\"inLanguage\":\"fr-FR\",\"@id\":\"https:\/\/dutchmicrodosing.com\/fr\/herbes-botaniques\/kratom\/maeng-da-kratom-white\/#primaryimage\",\"url\":\"https:\/\/dutchmicrodosing.com\/wp-content\/uploads\/2025\/06\/2676-3609.jpg\",\"contentUrl\":\"https:\/\/dutchmicrodosing.com\/wp-content\/uploads\/2025\/06\/2676-3609.jpg\",\"width\":300,\"height\":300},{\"@type\":\"BreadcrumbList\",\"@id\":\"https:\/\/dutchmicrodosing.com\/fr\/herbes-botaniques\/kratom\/maeng-da-kratom-white\/#breadcrumb\",\"itemListElement\":[{\"@type\":\"ListItem\",\"position\":1,\"name\":\"Home\",\"item\":\"https:\/\/dutchmicrodosing.com\/fr\/\"},{\"@type\":\"ListItem\",\"position\":2,\"name\":\"Boutique\",\"item\":\"https:\/\/dutchmicrodosing.com\/fr\/boutique\/\"},{\"@type\":\"ListItem\",\"position\":3,\"name\":\"Maeng Da Blanc\"}]},{\"@type\":\"WebSite\",\"@id\":\"https:\/\/dutchmicrodosing.com\/fr\/#website\",\"url\":\"https:\/\/dutchmicrodosing.com\/fr\/\",\"name\":\"Dutchmicrodosing\",\"description\":\"\",\"publisher\":{\"@id\":\"https:\/\/dutchmicrodosing.com\/fr\/#organization\"},\"potentialAction\":[{\"@type\":\"SearchAction\",\"target\":{\"@type\":\"EntryPoint\",\"urlTemplate\":\"https:\/\/dutchmicrodosing.com\/fr\/?s={search_term_string}\"},\"query-input\":{\"@type\":\"PropertyValueSpecification\",\"valueRequired\":true,\"valueName\":\"search_term_string\"}}],\"inLanguage\":\"fr-FR\"},{\"@type\":\"Organization\",\"@id\":\"https:\/\/dutchmicrodosing.com\/fr\/#organization\",\"name\":\"Dutchmicrodosing\",\"url\":\"https:\/\/dutchmicrodosing.com\/fr\/\",\"logo\":{\"@type\":\"ImageObject\",\"inLanguage\":\"fr-FR\",\"@id\":\"https:\/\/dutchmicrodosing.com\/fr\/#\/schema\/logo\/image\/\",\"url\":\"https:\/\/dutchmicrodosing.com\/wp-content\/uploads\/2021\/01\/microdosing-categorie-pic-nieuw.jpg\",\"contentUrl\":\"https:\/\/dutchmicrodosing.com\/wp-content\/uploads\/2021\/01\/microdosing-categorie-pic-nieuw.jpg\",\"width\":500,\"height\":500,\"caption\":\"Dutchmicrodosing\"},\"image\":{\"@id\":\"https:\/\/dutchmicrodosing.com\/fr\/#\/schema\/logo\/image\/\"},\"sameAs\":[\"https:\/\/www.facebook.com\/Dutchmicrodosingxp\/\",\"https:\/\/www.instagram.com\/dutchmicrodosing\/\"]}]}<\/script>\n<meta property=\"og:availability\" content=\"instock\" \/>\n<meta property=\"product:availability\" content=\"instock\" \/>\n<meta property=\"product:condition\" content=\"new\" \/>\n<!-- \/ Yoast SEO Premium plugin. -->","yoast_head_json":{"title":"Maeng Da Blanc - Dutchmicrodosing","description":"Maeng Da White Kratom, une vari\u00e9t\u00e9 puissante de kratom blanc avec un effet \u00e9nergisant et stimulant. Pour la concentration et la clart\u00e9. Disponible en 25 ou 100 grammes.","robots":{"index":"index","follow":"follow","max-snippet":"max-snippet:-1","max-image-preview":"max-image-preview:large","max-video-preview":"max-video-preview:-1"},"canonical":"https:\/\/dutchmicrodosing.com\/fr\/herbes-botaniques\/kratom\/maeng-da-kratom-white\/","og_locale":"fr_FR","og_type":"article","og_title":"Maeng Da Blanc","og_description":"Le Maeng Da Kratom White est une vari\u00e9t\u00e9 puissante de kratom blanc d'Asie du Sud-Est, connue pour sa nature stimulante et \u00e9l\u00e9vatrice. Cette vari\u00e9t\u00e9 est","og_url":"https:\/\/dutchmicrodosing.com\/fr\/herbes-botaniques\/kratom\/maeng-da-kratom-white\/","og_site_name":"Dutchmicrodosing","article_publisher":"https:\/\/www.facebook.com\/Dutchmicrodosingxp\/","article_modified_time":"2025-08-01T14:54:12+00:00","og_image":[{"width":300,"height":300,"url":"https:\/\/dutchmicrodosing.com\/wp-content\/uploads\/2025\/06\/2676-3609.jpg","type":"image\/jpeg"}],"twitter_card":"summary_large_image","schema":{"@context":"https:\/\/schema.org","@graph":[{"@type":"WebPage","@id":"https:\/\/dutchmicrodosing.com\/fr\/herbes-botaniques\/kratom\/maeng-da-kratom-white\/","url":"https:\/\/dutchmicrodosing.com\/fr\/herbes-botaniques\/kratom\/maeng-da-kratom-white\/","name":"Maeng Da Blanc - Dutchmicrodosing","isPartOf":{"@id":"https:\/\/dutchmicrodosing.com\/fr\/#website"},"primaryImageOfPage":{"@id":"https:\/\/dutchmicrodosing.com\/fr\/herbes-botaniques\/kratom\/maeng-da-kratom-white\/#primaryimage"},"image":{"@id":"https:\/\/dutchmicrodosing.com\/fr\/herbes-botaniques\/kratom\/maeng-da-kratom-white\/#primaryimage"},"thumbnailUrl":"https:\/\/dutchmicrodosing.com\/wp-content\/uploads\/2025\/06\/2676-3609.jpg","datePublished":"2025-06-19T11:36:35+00:00","dateModified":"2025-08-01T14:54:12+00:00","description":"Maeng Da White Kratom, une vari\u00e9t\u00e9 puissante de kratom blanc avec un effet \u00e9nergisant et stimulant. Pour la concentration et la clart\u00e9. Disponible en 25 ou 100 grammes.","breadcrumb":{"@id":"https:\/\/dutchmicrodosing.com\/fr\/herbes-botaniques\/kratom\/maeng-da-kratom-white\/#breadcrumb"},"inLanguage":"fr-FR","potentialAction":[{"@type":"ReadAction","target":["https:\/\/dutchmicrodosing.com\/fr\/herbes-botaniques\/kratom\/maeng-da-kratom-white\/"]}]},{"@type":"ImageObject","inLanguage":"fr-FR","@id":"https:\/\/dutchmicrodosing.com\/fr\/herbes-botaniques\/kratom\/maeng-da-kratom-white\/#primaryimage","url":"https:\/\/dutchmicrodosing.com\/wp-content\/uploads\/2025\/06\/2676-3609.jpg","contentUrl":"https:\/\/dutchmicrodosing.com\/wp-content\/uploads\/2025\/06\/2676-3609.jpg","width":300,"height":300},{"@type":"BreadcrumbList","@id":"https:\/\/dutchmicrodosing.com\/fr\/herbes-botaniques\/kratom\/maeng-da-kratom-white\/#breadcrumb","itemListElement":[{"@type":"ListItem","position":1,"name":"Home","item":"https:\/\/dutchmicrodosing.com\/fr\/"},{"@type":"ListItem","position":2,"name":"Boutique","item":"https:\/\/dutchmicrodosing.com\/fr\/boutique\/"},{"@type":"ListItem","position":3,"name":"Maeng Da Blanc"}]},{"@type":"WebSite","@id":"https:\/\/dutchmicrodosing.com\/fr\/#website","url":"https:\/\/dutchmicrodosing.com\/fr\/","name":"Dutchmicrodosing","description":"","publisher":{"@id":"https:\/\/dutchmicrodosing.com\/fr\/#organization"},"potentialAction":[{"@type":"SearchAction","target":{"@type":"EntryPoint","urlTemplate":"https:\/\/dutchmicrodosing.com\/fr\/?s={search_term_string}"},"query-input":{"@type":"PropertyValueSpecification","valueRequired":true,"valueName":"search_term_string"}}],"inLanguage":"fr-FR"},{"@type":"Organization","@id":"https:\/\/dutchmicrodosing.com\/fr\/#organization","name":"Dutchmicrodosing","url":"https:\/\/dutchmicrodosing.com\/fr\/","logo":{"@type":"ImageObject","inLanguage":"fr-FR","@id":"https:\/\/dutchmicrodosing.com\/fr\/#\/schema\/logo\/image\/","url":"https:\/\/dutchmicrodosing.com\/wp-content\/uploads\/2021\/01\/microdosing-categorie-pic-nieuw.jpg","contentUrl":"https:\/\/dutchmicrodosing.com\/wp-content\/uploads\/2021\/01\/microdosing-categorie-pic-nieuw.jpg","width":500,"height":500,"caption":"Dutchmicrodosing"},"image":{"@id":"https:\/\/dutchmicrodosing.com\/fr\/#\/schema\/logo\/image\/"},"sameAs":["https:\/\/www.facebook.com\/Dutchmicrodosingxp\/","https:\/\/www.instagram.com\/dutchmicrodosing\/"]}]},"og_availability":"instock","product_availability":"instock","product_condition":"new"},"_links":{"self":[{"href":"https:\/\/dutchmicrodosing.com\/fr\/wp-json\/wp\/v2\/product\/48961","targetHints":{"allow":["GET"]}}],"collection":[{"href":"https:\/\/dutchmicrodosing.com\/fr\/wp-json\/wp\/v2\/product"}],"about":[{"href":"https:\/\/dutchmicrodosing.com\/fr\/wp-json\/wp\/v2\/types\/product"}],"replies":[{"embeddable":true,"href":"https:\/\/dutchmicrodosing.com\/fr\/wp-json\/wp\/v2\/comments?post=48961"}],"version-history":[{"count":0,"href":"https:\/\/dutchmicrodosing.com\/fr\/wp-json\/wp\/v2\/product\/48961\/revisions"}],"wp:featuredmedia":[{"embeddable":true,"href":"https:\/\/dutchmicrodosing.com\/fr\/wp-json\/wp\/v2\/media\/48954"}],"wp:attachment":[{"href":"https:\/\/dutchmicrodosing.com\/fr\/wp-json\/wp\/v2\/media?parent=48961"}],"wp:term":[{"taxonomy":"product_brand","embeddable":true,"href":"https:\/\/dutchmicrodosing.com\/fr\/wp-json\/wp\/v2\/product_brand?post=48961"},{"taxonomy":"product_cat","embeddable":true,"href":"https:\/\/dutchmicrodosing.com\/fr\/wp-json\/wp\/v2\/product_cat?post=48961"},{"taxonomy":"product_tag","embeddable":true,"href":"https:\/\/dutchmicrodosing.com\/fr\/wp-json\/wp\/v2\/product_tag?post=48961"}],"curies":[{"name":"wp","href":"https:\/\/api.w.org\/{rel}","templated":true}]}}