{"id":48992,"date":"2025-06-20T13:00:10","date_gmt":"2025-06-20T11:00:10","guid":{"rendered":"https:\/\/dutchmicrodosing.com\/shop\/non%20class\u00e9\/thai-kratom-red\/"},"modified":"2025-08-02T09:56:51","modified_gmt":"2025-08-02T07:56:51","slug":"thai-kratom-red","status":"publish","type":"product","link":"https:\/\/dutchmicrodosing.com\/fr\/herbes-botaniques\/kratom\/thai-kratom-red\/","title":{"rendered":"Rouge tha\u00eflandais"},"content":{"rendered":"<p data-start=\"126\" data-end=\"613\">Le <strong data-start=\"126\" data-end=\"166\">kratom rouge tha\u00eflandais <\/strong>(Mitragyna speciosa) est une plante puissante et relaxante utilis\u00e9e depuis des milliers d&rsquo;ann\u00e9es pour ses propri\u00e9t\u00e9s m\u00e9dicinales et l\u00e9g\u00e8rement psych\u00e9d\u00e9liques. Cette vari\u00e9t\u00e9 rouge de Tha\u00eflande contient jusqu&rsquo;\u00e0 66 % de mitragynine et plus de 25 alcalo\u00efdes. L&rsquo;esp\u00e8ce doit son nom aux tiges rouges et aux nervures des feuilles qui la caract\u00e9risent. La couleur rouge offre \u00e9galement une protection naturelle contre les influences ext\u00e9rieures, ce qui rend cette vari\u00e9t\u00e9 de kratom tr\u00e8s adapt\u00e9e \u00e0 la culture.<\/p>\n<p data-start=\"615\" data-end=\"883\">Le Thai Red Kratom est connu pour ses effets positifs, calmants et l\u00e9g\u00e8rement euphoriques. Alors que le kratom tha\u00eflandais blanc est principalement stimulant et am\u00e9liore l&rsquo;humeur, et que la variante verte offre un \u00e9quilibre entre les deux, la variante rouge se concentre principalement sur la relaxation.<\/p>\n<h3>Ingr\u00e9dients<\/h3>\n<p>Kratom rouge tha\u00eflandais (Mitragyna Speciosa)<\/p>\n<h3>Effets<\/h3>\n<p>Am\u00e9lioration de l&rsquo;humeur<br \/>\nTr\u00e8s d\u00e9tendu<br \/>\nApaisement<br \/>\nL\u00e9g\u00e8rement euphorique<\/p>\n<h3>Utilisez<\/h3>\n<p>Le kratom tha\u00eflandais peut \u00eatre dissous dans l&rsquo;eau, vous pouvez en faire du th\u00e9, le m\u00e2cher ou le fumer. Pour obtenir les meilleurs r\u00e9sultats, il est conseill\u00e9 de prendre le Kratom \u00e0 jeun.<\/p>\n<p><strong>Dissoudre dans l&rsquo;eau<\/strong>:<\/p>\n<p>Le kratom a un go\u00fbt l\u00e9g\u00e8rement amer et ne se dissout pas facilement dans l&rsquo;eau. Si vous pr\u00e9voyez de prendre du Kratom avec de l&rsquo;eau, il est pr\u00e9f\u00e9rable de prendre d&rsquo;abord une gorg\u00e9e d&rsquo;eau et de la garder en bouche. Mettez la moiti\u00e9 de la dose dans une cuill\u00e8re, prenez-la et rincez-la imm\u00e9diatement avec une autre gorg\u00e9e d&rsquo;eau.<\/p>\n<ul>\n<li>2 grammes : effet de lumi\u00e8re<\/li>\n<li>4 grammes : effet l\u00e9ger<\/li>\n<li>6 grammes : effet puissant<\/li>\n<li>8 grammes : effet tr\u00e8s fort<\/li>\n<\/ul>\n<p><strong>Infusion de th\u00e9 :<\/strong><\/p>\n<p>Ajoutez la quantit\u00e9 d\u00e9sir\u00e9e de Kratom \u00e0 l&rsquo;eau bouillante et faites bouillir doucement pendant 10-15 minutes pr\u00e8s du point d&rsquo;\u00e9bullition. Placez une passoire sur une tasse et versez-y le th\u00e9 de Kratom directement de la casserole. Le r\u00e9sidu dans le tamis peut \u00eatre jet\u00e9.<\/p>\n<ul>\n<li>1 gramme : effet de lumi\u00e8re<\/li>\n<li>3 grammes : effet mod\u00e9r\u00e9<\/li>\n<li>5 grammes : effet normal \u00e0 fort<\/li>\n<li>10 grammes : effet important<\/li>\n<li>15+ grammes : effet tr\u00e8s fort<\/li>\n<\/ul>\n<h3>Conseils de stockage<\/h3>\n<p>Conservez ce produit dans un endroit frais et sombre, tel qu&rsquo;un placard de cuisine, et hors de port\u00e9e des enfants.<\/p>\n<h3>Contenu<\/h3>\n<p>Thai Red Kratom Mitragyna Speciosa &#8211; 25 ou 100 grammes.<\/p>\n<h3>Avertissement<\/h3>\n<p>Le kratom peut \u00eatre dangereux pour la sant\u00e9 lorsqu&rsquo;il est associ\u00e9 \u00e0 certaines drogues, \u00e0 l&rsquo;alcool ou \u00e0 des IMAO. Prenez-vous des m\u00e9dicaments ? Consultez toujours d&rsquo;abord votre m\u00e9decin et lisez la notice de votre m\u00e9dicament afin d&rsquo;\u00e9viter tout risque pour la sant\u00e9. Ne consommez pas de Kratom si vous \u00eates enceinte ou si vous allaitez. Ne participez pas \u00e0 la circulation lorsque vous l&rsquo;utilisez.<\/p>\n","protected":false},"excerpt":{"rendered":"<p>Le kratom rouge tha\u00eflandais (Mitragyna speciosa) est une plante puissante et relaxante utilis\u00e9e depuis des milliers d&rsquo;ann\u00e9es pour ses propri\u00e9t\u00e9s m\u00e9dicinales et l\u00e9g\u00e8rement psych\u00e9d\u00e9liques. Cette vari\u00e9t\u00e9 rouge de Tha\u00eflande contient jusqu&rsquo;\u00e0 66 % de mitragynine et plus de 25 alcalo\u00efdes. L&rsquo;esp\u00e8ce doit son nom aux tiges rouges et aux nervures des feuilles qui la caract\u00e9risent. [&hellip;]<\/p>\n","protected":false},"featured_media":48986,"comment_status":"closed","ping_status":"closed","template":"","meta":[],"product_brand":[],"product_cat":[417],"product_tag":[],"class_list":{"0":"post-48992","1":"product","2":"type-product","3":"status-publish","4":"has-post-thumbnail","6":"product_cat-kratom","8":"first","9":"instock","10":"taxable","11":"shipping-taxable","12":"purchasable","13":"product-type-variable"},"yoast_head":"<!-- This site is optimized with the Yoast SEO Premium plugin v26.4 (Yoast SEO v27.2) - https:\/\/yoast.com\/product\/yoast-seo-premium-wordpress\/ -->\n<title>Rouge tha\u00eflandais - Dutchmicrodosing<\/title>\n<meta name=\"robots\" content=\"index, follow, max-snippet:-1, max-image-preview:large, max-video-preview:-1\" \/>\n<link rel=\"canonical\" href=\"https:\/\/dutchmicrodosing.com\/fr\/herbes-botaniques\/kratom\/thai-kratom-red\/\" \/>\n<meta property=\"og:locale\" content=\"fr_FR\" \/>\n<meta property=\"og:type\" content=\"article\" \/>\n<meta property=\"og:title\" content=\"Rouge tha\u00eflandais\" \/>\n<meta property=\"og:description\" content=\"Le kratom rouge tha\u00eflandais (Mitragyna speciosa) est une plante puissante et relaxante utilis\u00e9e depuis des milliers d&#039;ann\u00e9es pour ses propri\u00e9t\u00e9s\" \/>\n<meta property=\"og:url\" content=\"https:\/\/dutchmicrodosing.com\/fr\/herbes-botaniques\/kratom\/thai-kratom-red\/\" \/>\n<meta property=\"og:site_name\" content=\"Dutchmicrodosing\" \/>\n<meta property=\"article:publisher\" content=\"https:\/\/www.facebook.com\/Dutchmicrodosingxp\/\" \/>\n<meta property=\"article:modified_time\" content=\"2025-08-02T07:56:51+00:00\" \/>\n<meta property=\"og:image\" content=\"https:\/\/dutchmicrodosing.com\/wp-content\/uploads\/2025\/06\/2701-3607.jpg\" \/>\n\t<meta property=\"og:image:width\" content=\"300\" \/>\n\t<meta property=\"og:image:height\" content=\"300\" \/>\n\t<meta property=\"og:image:type\" content=\"image\/jpeg\" \/>\n<meta name=\"twitter:card\" content=\"summary_large_image\" \/>\n<script type=\"application\/ld+json\" class=\"yoast-schema-graph\">{\"@context\":\"https:\/\/schema.org\",\"@graph\":[{\"@type\":\"WebPage\",\"@id\":\"https:\/\/dutchmicrodosing.com\/fr\/herbes-botaniques\/kratom\/thai-kratom-red\/\",\"url\":\"https:\/\/dutchmicrodosing.com\/fr\/herbes-botaniques\/kratom\/thai-kratom-red\/\",\"name\":\"Rouge tha\u00eflandais - Dutchmicrodosing\",\"isPartOf\":{\"@id\":\"https:\/\/dutchmicrodosing.com\/fr\/#website\"},\"primaryImageOfPage\":{\"@id\":\"https:\/\/dutchmicrodosing.com\/fr\/herbes-botaniques\/kratom\/thai-kratom-red\/#primaryimage\"},\"image\":{\"@id\":\"https:\/\/dutchmicrodosing.com\/fr\/herbes-botaniques\/kratom\/thai-kratom-red\/#primaryimage\"},\"thumbnailUrl\":\"https:\/\/dutchmicrodosing.com\/wp-content\/uploads\/2025\/06\/2701-3607.jpg\",\"datePublished\":\"2025-06-20T11:00:10+00:00\",\"dateModified\":\"2025-08-02T07:56:51+00:00\",\"breadcrumb\":{\"@id\":\"https:\/\/dutchmicrodosing.com\/fr\/herbes-botaniques\/kratom\/thai-kratom-red\/#breadcrumb\"},\"inLanguage\":\"fr-FR\",\"potentialAction\":[{\"@type\":\"ReadAction\",\"target\":[\"https:\/\/dutchmicrodosing.com\/fr\/herbes-botaniques\/kratom\/thai-kratom-red\/\"]}]},{\"@type\":\"ImageObject\",\"inLanguage\":\"fr-FR\",\"@id\":\"https:\/\/dutchmicrodosing.com\/fr\/herbes-botaniques\/kratom\/thai-kratom-red\/#primaryimage\",\"url\":\"https:\/\/dutchmicrodosing.com\/wp-content\/uploads\/2025\/06\/2701-3607.jpg\",\"contentUrl\":\"https:\/\/dutchmicrodosing.com\/wp-content\/uploads\/2025\/06\/2701-3607.jpg\",\"width\":300,\"height\":300},{\"@type\":\"BreadcrumbList\",\"@id\":\"https:\/\/dutchmicrodosing.com\/fr\/herbes-botaniques\/kratom\/thai-kratom-red\/#breadcrumb\",\"itemListElement\":[{\"@type\":\"ListItem\",\"position\":1,\"name\":\"Home\",\"item\":\"https:\/\/dutchmicrodosing.com\/fr\/\"},{\"@type\":\"ListItem\",\"position\":2,\"name\":\"Boutique\",\"item\":\"https:\/\/dutchmicrodosing.com\/fr\/boutique\/\"},{\"@type\":\"ListItem\",\"position\":3,\"name\":\"Rouge tha\u00eflandais\"}]},{\"@type\":\"WebSite\",\"@id\":\"https:\/\/dutchmicrodosing.com\/fr\/#website\",\"url\":\"https:\/\/dutchmicrodosing.com\/fr\/\",\"name\":\"Dutchmicrodosing\",\"description\":\"\",\"publisher\":{\"@id\":\"https:\/\/dutchmicrodosing.com\/fr\/#organization\"},\"potentialAction\":[{\"@type\":\"SearchAction\",\"target\":{\"@type\":\"EntryPoint\",\"urlTemplate\":\"https:\/\/dutchmicrodosing.com\/fr\/?s={search_term_string}\"},\"query-input\":{\"@type\":\"PropertyValueSpecification\",\"valueRequired\":true,\"valueName\":\"search_term_string\"}}],\"inLanguage\":\"fr-FR\"},{\"@type\":\"Organization\",\"@id\":\"https:\/\/dutchmicrodosing.com\/fr\/#organization\",\"name\":\"Dutchmicrodosing\",\"url\":\"https:\/\/dutchmicrodosing.com\/fr\/\",\"logo\":{\"@type\":\"ImageObject\",\"inLanguage\":\"fr-FR\",\"@id\":\"https:\/\/dutchmicrodosing.com\/fr\/#\/schema\/logo\/image\/\",\"url\":\"https:\/\/dutchmicrodosing.com\/wp-content\/uploads\/2021\/01\/microdosing-categorie-pic-nieuw.jpg\",\"contentUrl\":\"https:\/\/dutchmicrodosing.com\/wp-content\/uploads\/2021\/01\/microdosing-categorie-pic-nieuw.jpg\",\"width\":500,\"height\":500,\"caption\":\"Dutchmicrodosing\"},\"image\":{\"@id\":\"https:\/\/dutchmicrodosing.com\/fr\/#\/schema\/logo\/image\/\"},\"sameAs\":[\"https:\/\/www.facebook.com\/Dutchmicrodosingxp\/\",\"https:\/\/www.instagram.com\/dutchmicrodosing\/\"]}]}<\/script>\n<meta property=\"og:availability\" content=\"instock\" \/>\n<meta property=\"product:availability\" content=\"instock\" \/>\n<meta property=\"product:condition\" content=\"new\" \/>\n<!-- \/ Yoast SEO Premium plugin. -->","yoast_head_json":{"title":"Rouge tha\u00eflandais - Dutchmicrodosing","robots":{"index":"index","follow":"follow","max-snippet":"max-snippet:-1","max-image-preview":"max-image-preview:large","max-video-preview":"max-video-preview:-1"},"canonical":"https:\/\/dutchmicrodosing.com\/fr\/herbes-botaniques\/kratom\/thai-kratom-red\/","og_locale":"fr_FR","og_type":"article","og_title":"Rouge tha\u00eflandais","og_description":"Le kratom rouge tha\u00eflandais (Mitragyna speciosa) est une plante puissante et relaxante utilis\u00e9e depuis des milliers d'ann\u00e9es pour ses propri\u00e9t\u00e9s","og_url":"https:\/\/dutchmicrodosing.com\/fr\/herbes-botaniques\/kratom\/thai-kratom-red\/","og_site_name":"Dutchmicrodosing","article_publisher":"https:\/\/www.facebook.com\/Dutchmicrodosingxp\/","article_modified_time":"2025-08-02T07:56:51+00:00","og_image":[{"width":300,"height":300,"url":"https:\/\/dutchmicrodosing.com\/wp-content\/uploads\/2025\/06\/2701-3607.jpg","type":"image\/jpeg"}],"twitter_card":"summary_large_image","schema":{"@context":"https:\/\/schema.org","@graph":[{"@type":"WebPage","@id":"https:\/\/dutchmicrodosing.com\/fr\/herbes-botaniques\/kratom\/thai-kratom-red\/","url":"https:\/\/dutchmicrodosing.com\/fr\/herbes-botaniques\/kratom\/thai-kratom-red\/","name":"Rouge tha\u00eflandais - Dutchmicrodosing","isPartOf":{"@id":"https:\/\/dutchmicrodosing.com\/fr\/#website"},"primaryImageOfPage":{"@id":"https:\/\/dutchmicrodosing.com\/fr\/herbes-botaniques\/kratom\/thai-kratom-red\/#primaryimage"},"image":{"@id":"https:\/\/dutchmicrodosing.com\/fr\/herbes-botaniques\/kratom\/thai-kratom-red\/#primaryimage"},"thumbnailUrl":"https:\/\/dutchmicrodosing.com\/wp-content\/uploads\/2025\/06\/2701-3607.jpg","datePublished":"2025-06-20T11:00:10+00:00","dateModified":"2025-08-02T07:56:51+00:00","breadcrumb":{"@id":"https:\/\/dutchmicrodosing.com\/fr\/herbes-botaniques\/kratom\/thai-kratom-red\/#breadcrumb"},"inLanguage":"fr-FR","potentialAction":[{"@type":"ReadAction","target":["https:\/\/dutchmicrodosing.com\/fr\/herbes-botaniques\/kratom\/thai-kratom-red\/"]}]},{"@type":"ImageObject","inLanguage":"fr-FR","@id":"https:\/\/dutchmicrodosing.com\/fr\/herbes-botaniques\/kratom\/thai-kratom-red\/#primaryimage","url":"https:\/\/dutchmicrodosing.com\/wp-content\/uploads\/2025\/06\/2701-3607.jpg","contentUrl":"https:\/\/dutchmicrodosing.com\/wp-content\/uploads\/2025\/06\/2701-3607.jpg","width":300,"height":300},{"@type":"BreadcrumbList","@id":"https:\/\/dutchmicrodosing.com\/fr\/herbes-botaniques\/kratom\/thai-kratom-red\/#breadcrumb","itemListElement":[{"@type":"ListItem","position":1,"name":"Home","item":"https:\/\/dutchmicrodosing.com\/fr\/"},{"@type":"ListItem","position":2,"name":"Boutique","item":"https:\/\/dutchmicrodosing.com\/fr\/boutique\/"},{"@type":"ListItem","position":3,"name":"Rouge tha\u00eflandais"}]},{"@type":"WebSite","@id":"https:\/\/dutchmicrodosing.com\/fr\/#website","url":"https:\/\/dutchmicrodosing.com\/fr\/","name":"Dutchmicrodosing","description":"","publisher":{"@id":"https:\/\/dutchmicrodosing.com\/fr\/#organization"},"potentialAction":[{"@type":"SearchAction","target":{"@type":"EntryPoint","urlTemplate":"https:\/\/dutchmicrodosing.com\/fr\/?s={search_term_string}"},"query-input":{"@type":"PropertyValueSpecification","valueRequired":true,"valueName":"search_term_string"}}],"inLanguage":"fr-FR"},{"@type":"Organization","@id":"https:\/\/dutchmicrodosing.com\/fr\/#organization","name":"Dutchmicrodosing","url":"https:\/\/dutchmicrodosing.com\/fr\/","logo":{"@type":"ImageObject","inLanguage":"fr-FR","@id":"https:\/\/dutchmicrodosing.com\/fr\/#\/schema\/logo\/image\/","url":"https:\/\/dutchmicrodosing.com\/wp-content\/uploads\/2021\/01\/microdosing-categorie-pic-nieuw.jpg","contentUrl":"https:\/\/dutchmicrodosing.com\/wp-content\/uploads\/2021\/01\/microdosing-categorie-pic-nieuw.jpg","width":500,"height":500,"caption":"Dutchmicrodosing"},"image":{"@id":"https:\/\/dutchmicrodosing.com\/fr\/#\/schema\/logo\/image\/"},"sameAs":["https:\/\/www.facebook.com\/Dutchmicrodosingxp\/","https:\/\/www.instagram.com\/dutchmicrodosing\/"]}]},"og_availability":"instock","product_availability":"instock","product_condition":"new"},"_links":{"self":[{"href":"https:\/\/dutchmicrodosing.com\/fr\/wp-json\/wp\/v2\/product\/48992","targetHints":{"allow":["GET"]}}],"collection":[{"href":"https:\/\/dutchmicrodosing.com\/fr\/wp-json\/wp\/v2\/product"}],"about":[{"href":"https:\/\/dutchmicrodosing.com\/fr\/wp-json\/wp\/v2\/types\/product"}],"replies":[{"embeddable":true,"href":"https:\/\/dutchmicrodosing.com\/fr\/wp-json\/wp\/v2\/comments?post=48992"}],"version-history":[{"count":0,"href":"https:\/\/dutchmicrodosing.com\/fr\/wp-json\/wp\/v2\/product\/48992\/revisions"}],"wp:featuredmedia":[{"embeddable":true,"href":"https:\/\/dutchmicrodosing.com\/fr\/wp-json\/wp\/v2\/media\/48986"}],"wp:attachment":[{"href":"https:\/\/dutchmicrodosing.com\/fr\/wp-json\/wp\/v2\/media?parent=48992"}],"wp:term":[{"taxonomy":"product_brand","embeddable":true,"href":"https:\/\/dutchmicrodosing.com\/fr\/wp-json\/wp\/v2\/product_brand?post=48992"},{"taxonomy":"product_cat","embeddable":true,"href":"https:\/\/dutchmicrodosing.com\/fr\/wp-json\/wp\/v2\/product_cat?post=48992"},{"taxonomy":"product_tag","embeddable":true,"href":"https:\/\/dutchmicrodosing.com\/fr\/wp-json\/wp\/v2\/product_tag?post=48992"}],"curies":[{"name":"wp","href":"https:\/\/api.w.org\/{rel}","templated":true}]}}